{"id":78217,"date":"2020-09-18T16:34:20","date_gmt":"2020-09-18T15:34:20","guid":{"rendered":"https:\/\/www.avani.pt\/p\/acondicionador-fortalecedor-indian-hair-vitaminado-500-ml-sin-sal\/"},"modified":"2026-03-27T20:07:37","modified_gmt":"2026-03-27T20:07:37","slug":"acondicionador-fortalecedor-indian-hair-vitaminado-500-ml-sin-sal","status":"publish","type":"product","link":"https:\/\/www.avani.pt\/es\/p\/acondicionador-fortalecedor-indian-hair-vitaminado-500-ml-sin-sal\/","title":{"rendered":"Acondicionador fortalecedor Indian Hair Vitaminado 500 ml | Sin sal"},"content":{"rendered":"","protected":false},"excerpt":{"rendered":"<p>Extremadamente rico en ingredientes excepcionales, este acondicionador ayuda a la salud general del cabello -fortific\u00e1ndolo, hidrat\u00e1ndolo y reconstruy\u00e9ndolo- y est\u00e1 recomendado para todo tipo de cabellos. Enriquecido con ingredientes como el fruto del Amla, el secreto indio, entre muchos otros, y con un aroma adictivo, no es casualidad que este vers\u00e1til acondicionador sea un \u00e9xito de ventas para Avani Professional. <\/p>\n","protected":false},"featured_media":75466,"comment_status":"open","ping_status":"closed","template":"","meta":{"_acf_changed":false},"product_brand":[],"product_cat":[534,441,465,435,473,483,156],"product_tag":[],"class_list":{"0":"post-78217","1":"product","2":"type-product","3":"status-publish","4":"has-post-thumbnail","6":"product_cat-acondicionadores","7":"product_cat-amla","8":"product_cat-atencion","9":"product_cat-caca-baja","10":"product_cat-fortalecimiento-capilar-y-caida-del-cabello","11":"product_cat-productos-cabello","12":"product_cat-cabelo","14":"first","15":"instock","16":"taxable","17":"shipping-taxable","18":"purchasable","19":"product-type-simple"},"acf":[],"wooqr_code":"","_links":{"self":[{"href":"https:\/\/www.avani.pt\/es\/wp-json\/wp\/v2\/product\/78217","targetHints":{"allow":["GET"]}}],"collection":[{"href":"https:\/\/www.avani.pt\/es\/wp-json\/wp\/v2\/product"}],"about":[{"href":"https:\/\/www.avani.pt\/es\/wp-json\/wp\/v2\/types\/product"}],"replies":[{"embeddable":true,"href":"https:\/\/www.avani.pt\/es\/wp-json\/wp\/v2\/comments?post=78217"}],"wp:featuredmedia":[{"embeddable":true,"href":"https:\/\/www.avani.pt\/es\/wp-json\/wp\/v2\/media\/75466"}],"wp:attachment":[{"href":"https:\/\/www.avani.pt\/es\/wp-json\/wp\/v2\/media?parent=78217"}],"wp:term":[{"taxonomy":"product_brand","embeddable":true,"href":"https:\/\/www.avani.pt\/es\/wp-json\/wp\/v2\/product_brand?post=78217"},{"taxonomy":"product_cat","embeddable":true,"href":"https:\/\/www.avani.pt\/es\/wp-json\/wp\/v2\/product_cat?post=78217"},{"taxonomy":"product_tag","embeddable":true,"href":"https:\/\/www.avani.pt\/es\/wp-json\/wp\/v2\/product_tag?post=78217"}],"curies":[{"name":"wp","href":"https:\/\/api.w.org\/{rel}","templated":true}]}}