{"id":78220,"date":"2020-07-28T14:45:49","date_gmt":"2020-07-28T13:45:49","guid":{"rendered":"https:\/\/www.avani.pt\/p\/cabello-con-rizos-y-quimica-secretos-de-la-india-cuidado-capilar-de-lujo\/"},"modified":"2025-11-21T18:19:22","modified_gmt":"2025-11-21T18:19:22","slug":"cabello-con-rizos-y-quimica-secretos-de-la-india-cuidado-capilar-de-lujo","status":"publish","type":"product","link":"https:\/\/www.avani.pt\/es\/p\/cabello-con-rizos-y-quimica-secretos-de-la-india-cuidado-capilar-de-lujo\/","title":{"rendered":"Cabello con rizos y qu\u00edmica | Secretos de la India | Cuidado capilar de lujo"},"content":{"rendered":"<div class=\"wpb-content-wrapper\"><p>[vc_row full_width=&#8221;stretch_row_content_no_spaces&#8221; el_class=&#8221;text-align-center&#8221;][vc_column]<div class=\"stars-of-product-module-wrapper margin-top-between-modules\">\n    <img decoding=\"async\" class=\"stars-of-product-module-left-image-design\" src=\"\/dist\/images\/stars_product_module_design.png\">\n    <img decoding=\"async\" class=\"stars-of-product-module-right-image-design\" src=\"\/dist\/images\/stars_product_module_design.png\">\n\n    <div class=\"container\">\n\n        <div class=\"stars-of-product-module text-align-center  desktop--only--md\">\n\n                            <div class=\"star-rating\">\n                                            <i class=\"fa fa-star\"><\/i>\n                                            <i class=\"fa fa-star\"><\/i>\n                                            <i class=\"fa fa-star\"><\/i>\n                                            <i class=\"fa fa-star\"><\/i>\n                                            <i class=\"fa fa-star\"><\/i>\n                                    <\/div>\n            \n                            <div class=\"stars-of-product-module-titles\">\n                                            <h2 class=\"stars-of-product-module-title black uppercase back_color\">Las estrellas del producto<\/h2>\n                                    <\/div>\n            \n                            <div class=\"stars-of-product-module-content\">\n                    <p>Este tratamiento se ha estudiado meticulosamente y los productos elegidos ayudan a reponer todos los elementos esenciales para la salud de este tipo de cabello. Perfecto para cabellos con rizos muy da\u00f1ados por el uso excesivo de herramientas t\u00e9rmicas o sometidos a trabajos t\u00e9cnicos agresivos como decoloraciones, mechas, permanentes, entre otros. Nutre y regenera el cabello, dej\u00e1ndolo brillante, manejable y definido sin apelmazarlo ni apelmazarlo. Ayuda a recuperar la forma de los rizos. Consta de ocho productos: aceite de ricino para nutrir el cuero cabelludo y las hebras, champ\u00fa Indian Hair Rebuild para limpiar suavemente el cabello, mascarilla Indian Hair Rebuild para regenerar el cabello d\u00e1ndole brillo y manejabilidad, acondicionador Indian Hair Rebuild para nutrir y sellar la cut\u00edcula, el finalizador de rizos activo sin aclarado para activar y definir los rizos, el finalizador de c\u00f3ctel capilar bif\u00e1sico perfecto para regenerar y definir el cabello al d\u00eda siguiente del lavado, el Aceite Mudra para nutrir las puntas y el s\u00e9rum Indian Hair Rebuild para tratar las puntas abiertas y el cabello quebradizo.<\/p>\n\n                <\/div>\n            \n        <\/div>\n\n\n                    <div class=\"accordion   accordion-successive-first js-accordion not-found mobile--only--md stars-of-product-module text-align-center margin-top-between-modules back_color\">\n                <div class=\"accordion-container\">\n                    <div class=\"accordion-question space-between\">\n                                                    <h3 class=\"accordion-question-title uppercase back_color\">\n                                Las estrellas del producto\n                            <\/h3>\n                                                <span class=\"accordion-arrow back_color\">&emsp;<\/span>\n                    <\/div>\n                    <div class=\"accordion-answer\">\n\n                                                    <div class=\"star-rating\">\n                                                                    <i class=\"fa fa-star\"><\/i>\n                                                                    <i class=\"fa fa-star\"><\/i>\n                                                                    <i class=\"fa fa-star\"><\/i>\n                                                                    <i class=\"fa fa-star\"><\/i>\n                                                                    <i class=\"fa fa-star\"><\/i>\n                                                            <\/div>\n                        \n                                                    <div class=\"stars-of-product-module-content\">\n                                <p>Este tratamiento se ha estudiado meticulosamente y los productos elegidos ayudan a reponer todos los elementos esenciales para la salud de este tipo de cabello. Perfecto para cabellos con rizos muy da\u00f1ados por el uso excesivo de herramientas t\u00e9rmicas o sometidos a trabajos t\u00e9cnicos agresivos como decoloraciones, mechas, permanentes, entre otros. Nutre y regenera el cabello, dej\u00e1ndolo brillante, manejable y definido sin apelmazarlo ni apelmazarlo. Ayuda a recuperar la forma de los rizos. Consta de ocho productos: aceite de ricino para nutrir el cuero cabelludo y las hebras, champ\u00fa Indian Hair Rebuild para limpiar suavemente el cabello, mascarilla Indian Hair Rebuild para regenerar el cabello d\u00e1ndole brillo y manejabilidad, acondicionador Indian Hair Rebuild para nutrir y sellar la cut\u00edcula, el finalizador de rizos activo sin aclarado para activar y definir los rizos, el finalizador de c\u00f3ctel capilar bif\u00e1sico perfecto para regenerar y definir el cabello al d\u00eda siguiente del lavado, el Aceite Mudra para nutrir las puntas y el s\u00e9rum Indian Hair Rebuild para tratar las puntas abiertas y el cabello quebradizo.<\/p>\n\n                            <\/div>\n                                            <\/div>\n                <\/div>\n            <\/div>\n        \n    <\/div>\n<\/div>\n[\/vc_column][\/vc_row][vc_row full_width=&#8221;stretch_row_content_no_spaces&#8221; el_class=&#8221;text-align-center&#8221;][vc_column]<div class=\"container\">\n\t<div class=\"usability-tips-and-secrets-module desktop--only--md\">\n\n\t\t<div class=\"usability-tips-and-secrets-module-content-wrapper full-width-container\">\n\n\t\t\t\n\t\t\t\t\t\t\t<div class=\"usability-tips-and-secrets-module-content usability-tips-and-secrets-module-content--bordered margin-top-between-modules\">\n\t\t\t\t\t\t\t\t\t\t\t<h2 class=\"uppercase black\">C&oacute;mo utilizar<\/h2>\n\t\t\t\t\t\n\t\t\t\t\t\t\t\t\t\t\t<p>1. Aplica el champ\u00fa en el cuero cabelludo y masajea continuamente con las yemas de los dedos hasta que lo notes limpio;<br \/>\n2. Aclara abundantemente y repite el procedimiento;<br \/>\n3. Despu\u00e9s de eliminar el exceso de agua, aplica la mascarilla mech\u00f3n a mech\u00f3n;<br \/>\n4. Deja actuar durante al menos 4 minutos;<br \/>\n5. Aclara abundantemente;<br \/>\n6. Aplica el Acondicionador en las puntas para un sellado perfecto;<br \/>\n7.<br \/>\n 8. Deja actuar durante un minuto y aclara abundantemente. (Puede aplicarse a diario, especialmente el d\u00eda despu\u00e9s del lavado, sobre el cabello seco para moldear, hidratar y dar brillo).<x id=&quot;gid_7&quot;><\/x>9. Aplica la Crema Activa Rizos, fuera de la ducha, despu\u00e9s del lavado, cuando el cabello a\u00fan est\u00e9 h\u00famedo, pero no goteando, dando forma a cada mech\u00f3n con las manos. Deja que el pelo se seque al natural o utiliza un difusor.<br \/>\n10. Aplica el aceite capilar Mudra Oil a diario, todas las ma\u00f1anas, poniendo una cantidad del tama\u00f1o de un guisante en la palma de las manos, extendi\u00e9ndola bien como si fuera una crema de manos, y distribuy\u00e9ndola por todo el cabello, insistiendo en los medios y las puntas.<br \/>\n11. Aplica el Suero Sellador Reconstructor Capilar Indio a diario, todas las noches, poniendo una cantidad del tama\u00f1o de un guisante en la palma de las manos, extendi\u00e9ndolo como si fuera una crema de manos, distribuy\u00e9ndolo por todo el cabello, centr\u00e1ndote en los medios y las puntas.<br \/>\nNotas: El procedimiento completo debe aplicarse siempre que sea necesario lavar el cabello. Como ya se ha dicho, el C\u00f3ctel Capilar, el Suero Sellador Reconstructor Capilar Indio y el Aceite Mudra deben aplicarse a diario. <\/p>\n\n\t\t\t\t\t\t\t\t\t<\/div>\n\t\t\t\n\t\t\t\t\t<\/div>\n\t<\/div>\n\n\t\t\t<div class=\"mobile--only--md usability-tips-and-secrets-module text-align-center margin-top-between-modules usability-tips-and-secrets-module-video\">\n\t\t\t\t\t<\/div>\n\t\n\t\t\t<div class=\"accordion accordion-successive  js-accordion not-found mobile--only--md usability-tips-and-secrets-module text-align-center margin-top-between-modules back_color\">\n\t\t\t<div class=\"accordion-container\">\n\t\t\t\t<div class=\"accordion-question space-between\">\n\t\t\t\t\t\t\t\t\t\t\t<h3 class=\"accordion-question-title uppercase back_color\">\n\t\t\t\t\t\t\tC&oacute;mo utilizar\n\t\t\t\t\t\t<\/h3>\n\t\t\t\t\t\n\t\t\t\t\t<span class=\"accordion-arrow back_color\">&emsp;<\/span>\n\t\t\t\t<\/div>\n\t\t\t\t<div class=\"accordion-answer\">\n\t\t\t\t\t\t\t\t\t\t\t<div class=\"usability-tips-and-secrets-module-content\">\n\t\t\t\t\t\t\t<p>1. Aplica el champ\u00fa en el cuero cabelludo y masajea continuamente con las yemas de los dedos hasta que lo notes limpio;<br \/>\n2. Aclara abundantemente y repite el procedimiento;<br \/>\n3. Despu\u00e9s de eliminar el exceso de agua, aplica la mascarilla mech\u00f3n a mech\u00f3n;<br \/>\n4. Deja actuar durante al menos 4 minutos;<br \/>\n5. Aclara abundantemente;<br \/>\n6. Aplica el Acondicionador en las puntas para un sellado perfecto;<br \/>\n7.<br \/>\n 8. Deja actuar durante un minuto y aclara abundantemente. (Puede aplicarse a diario, especialmente el d\u00eda despu\u00e9s del lavado, sobre el cabello seco para moldear, hidratar y dar brillo).<x id=&quot;gid_7&quot;><\/x>9. Aplica la Crema Activa Rizos, fuera de la ducha, despu\u00e9s del lavado, cuando el cabello a\u00fan est\u00e9 h\u00famedo, pero no goteando, dando forma a cada mech\u00f3n con las manos. Deja que el pelo se seque al natural o utiliza un difusor.<br \/>\n10. Aplica el aceite capilar Mudra Oil a diario, todas las ma\u00f1anas, poniendo una cantidad del tama\u00f1o de un guisante en la palma de las manos, extendi\u00e9ndola bien como si fuera una crema de manos, y distribuy\u00e9ndola por todo el cabello, insistiendo en los medios y las puntas.<br \/>\n11. Aplica el Suero Sellador Reconstructor Capilar Indio a diario, todas las noches, poniendo una cantidad del tama\u00f1o de un guisante en la palma de las manos, extendi\u00e9ndolo como si fuera una crema de manos, distribuy\u00e9ndolo por todo el cabello, centr\u00e1ndote en los medios y las puntas.<br \/>\nNotas: El procedimiento completo debe aplicarse siempre que sea necesario lavar el cabello. Como ya se ha dicho, el C\u00f3ctel Capilar, el Suero Sellador Reconstructor Capilar Indio y el Aceite Mudra deben aplicarse a diario. <\/p>\n\n\t\t\t\t\t\t<\/div>\n\t\t\t\t\t\t\t\t\t<\/div>\n\t\t\t<\/div>\n\t\t<\/div>\n\t\n\t<\/div>\n[\/vc_column][\/vc_row][vc_row full_width=&#8221;stretch_row_content_no_spaces&#8221; el_class=&#8221;text-align-center&#8221;][vc_column]<div class=\"container \">\n\n    <div class=\"content-default-module text-align-center margin-top-between-modules\n        \n        \n        \n        \n        \n        \n        desktop--only--md\"\n        style=\"margin-bottom: 0px;\"\n    >\n\n                <div class=\"content-default-module-titles\">\n                            <h2 class=\"content-default-module-title uppercase black\">Consejos y secretos<\/h2>\n            \n                    <\/div>\n        \n                    <div class=\"content-default-module-content\">\n                <p>Si te vas a secar el pelo con secador, es importante que apliques un protector t\u00e9rmico &#8211; te recomendamos <a href=\"https:\/\/www.avani.pt\/es\/p\/protector-termico-y-uv-surya-thermic-spray-bifasico-200ml\/\">Surya Thermic <\/a>Avani que se aplica justo despu\u00e9s del lavado, antes del cepillado y del secado (te recomendamos que utilices un difusor para ayudar a mantener la definici\u00f3n de los rizos).<\/p>\n<p>-Si sufres ca\u00edda del cabello, te recomendamos que apliques diariamente <a href=\"https:\/\/www.avani.pt\/es\/p\/tonico-capilar-fortificante-vitaminado-cabello-indio-100-ml-amla\/\">el T\u00f3nico Capilar Indio Vitaminado<\/a> en el cuero cabelludo, masaje\u00e1ndolo a fondo.<\/p>\n<p>-Si tu cabello est\u00e1 muy da\u00f1ado y quebradizo, puedes alternar la mascarilla Reconstruir Cabello indicada en este tratamiento con la mascarilla <a href=\"https:\/\/www.avani.pt\/es\/p\/mascarilla-vitaminica-capilar-india-500-ml-hidratante\/\">Cabello Indio Vitaminado<\/a> (para reponer la hidrataci\u00f3n) y la mascarilla <a href=\"https:\/\/www.avani.pt\/es\/p\/krishna-mascarilla-rizos-500-ml-nutricion-profunda\/\">Rizos Krishna<\/a> (para reponer la nutrici\u00f3n).<\/p>\n\n            <\/div>\n        \n        \n        \n\n        \n\n\n    <\/div>\n\n\n            <div class=\"accordion accordion-successive   js-accordion not-found mobile--only--md content-default-module text-align-center margin-top-between-modules back_color\">\n            <div class=\"accordion-container\">\n                <div class=\"accordion-question space-between\">\n                                            <h3 class=\"accordion-question-title uppercase back_color\">\n                            Consejos y secretos\n                        <\/h3>\n                                        <span class=\"accordion-arrow back_color\">&emsp;<\/span>\n                <\/div>\n                <div class=\"accordion-answer\">\n                    \n                                            <div class=\"content-default-module-content\">\n                            <p>Si te vas a secar el pelo con secador, es importante que apliques un protector t\u00e9rmico &#8211; te recomendamos <a href=\"https:\/\/www.avani.pt\/es\/p\/protector-termico-y-uv-surya-thermic-spray-bifasico-200ml\/\">Surya Thermic <\/a>Avani que se aplica justo despu\u00e9s del lavado, antes del cepillado y del secado (te recomendamos que utilices un difusor para ayudar a mantener la definici\u00f3n de los rizos).<\/p>\n<p>-Si sufres ca\u00edda del cabello, te recomendamos que apliques diariamente <a href=\"https:\/\/www.avani.pt\/es\/p\/tonico-capilar-fortificante-vitaminado-cabello-indio-100-ml-amla\/\">el T\u00f3nico Capilar Indio Vitaminado<\/a> en el cuero cabelludo, masaje\u00e1ndolo a fondo.<\/p>\n<p>-Si tu cabello est\u00e1 muy da\u00f1ado y quebradizo, puedes alternar la mascarilla Reconstruir Cabello indicada en este tratamiento con la mascarilla <a href=\"https:\/\/www.avani.pt\/es\/p\/mascarilla-vitaminica-capilar-india-500-ml-hidratante\/\">Cabello Indio Vitaminado<\/a> (para reponer la hidrataci\u00f3n) y la mascarilla <a href=\"https:\/\/www.avani.pt\/es\/p\/krishna-mascarilla-rizos-500-ml-nutricion-profunda\/\">Rizos Krishna<\/a> (para reponer la nutrici\u00f3n).<\/p>\n\n                        <\/div>\n                    \n                    \n                                    <\/div>\n            <\/div>\n        <\/div>\n    \n<\/div>\n<div class=\"container \">\n\n    <div class=\"content-default-module text-align-center margin-top-between-modules\n        \n        \n        \n        \n        \n        \n        desktop--only--md\"\n        style=\"margin-bottom: 0px;\"\n    >\n\n                <div class=\"content-default-module-titles\">\n                            <h2 class=\"content-default-module-title uppercase black\">Detalles<\/h2>\n            \n                    <\/div>\n        \n                    <div class=\"content-default-module-content\">\n                <p><strong>Este tratamiento consiste en<\/strong><\/p>\n<p><a href=\"https:\/\/www.avani.pt\/es\/p\/champu-indian-hair-rebuild-250ml-sin-sal\/\">Champ\u00fa Indian Hair Rebuild 250 ml<\/a><\/p>\n<p><a href=\"https:\/\/www.avani.pt\/es\/p\/acondicionador-indian-hair-rebuild-250-ml-sin-sal\/\">Acondicionador Reconstructor Capilar Indio 250 ml<\/a><\/p>\n<p><a href=\"https:\/\/www.avani.pt\/p\/spray-condicionador-bifasico-hair-cocktail-250ml\/\">C\u00f3ctel Capilar Acabado Bif\u00e1sico 250 ml<\/a><\/p>\n<p><a href=\"https:\/\/www.avani.pt\/es\/p\/aceite-mudra-aceite-nutritivo-para-cabello-grueso-115ml\/\">Aceite nutritivo Mudra Oil 115ml<\/a><\/p>\n<p><a href=\"https:\/\/www.avani.pt\/es\/p\/indian-hair-rebuild-suero-sellador-de-puntas-100ml\/\">Indian Hair Rebuild Suero Sellador de Puntas 100ml<\/a><\/p>\n<p><a href=\"https:\/\/www.avani.pt\/es\/p\/cura-aceite-de-ricino-100ml-100-ecologico\/\">Cura Aceite de Ricino 100% Ecol\u00f3gico 100ml<\/a><\/p>\n<p><a href=\"https:\/\/www.avani.pt\/es\/p\/mascarilla-reconstructiva-capilar-india-500-ml-reconstructiva\/\">Mascarilla Reconstructiva Capilar India 500 ml<\/a><\/p>\n<p><a href=\"https:\/\/www.avani.pt\/es\/p\/active-curls-curling-styler-crema-de-acabado-250ml\/\">Rizos Activos Moldeador de Rizos 250ml<\/a><\/p>\n\n            <\/div>\n        \n        \n        \n\n        \n\n\n    <\/div>\n\n\n            <div class=\"accordion accordion-successive   js-accordion not-found mobile--only--md content-default-module text-align-center margin-top-between-modules back_color\">\n            <div class=\"accordion-container\">\n                <div class=\"accordion-question space-between\">\n                                            <h3 class=\"accordion-question-title uppercase back_color\">\n                            Detalles\n                        <\/h3>\n                                        <span class=\"accordion-arrow back_color\">&emsp;<\/span>\n                <\/div>\n                <div class=\"accordion-answer\">\n                    \n                                            <div class=\"content-default-module-content\">\n                            <p><strong>Este tratamiento consiste en<\/strong><\/p>\n<p><a href=\"https:\/\/www.avani.pt\/es\/p\/champu-indian-hair-rebuild-250ml-sin-sal\/\">Champ\u00fa Indian Hair Rebuild 250 ml<\/a><\/p>\n<p><a href=\"https:\/\/www.avani.pt\/es\/p\/acondicionador-indian-hair-rebuild-250-ml-sin-sal\/\">Acondicionador Reconstructor Capilar Indio 250 ml<\/a><\/p>\n<p><a href=\"https:\/\/www.avani.pt\/p\/spray-condicionador-bifasico-hair-cocktail-250ml\/\">C\u00f3ctel Capilar Acabado Bif\u00e1sico 250 ml<\/a><\/p>\n<p><a href=\"https:\/\/www.avani.pt\/es\/p\/aceite-mudra-aceite-nutritivo-para-cabello-grueso-115ml\/\">Aceite nutritivo Mudra Oil 115ml<\/a><\/p>\n<p><a href=\"https:\/\/www.avani.pt\/es\/p\/indian-hair-rebuild-suero-sellador-de-puntas-100ml\/\">Indian Hair Rebuild Suero Sellador de Puntas 100ml<\/a><\/p>\n<p><a href=\"https:\/\/www.avani.pt\/es\/p\/cura-aceite-de-ricino-100ml-100-ecologico\/\">Cura Aceite de Ricino 100% Ecol\u00f3gico 100ml<\/a><\/p>\n<p><a href=\"https:\/\/www.avani.pt\/es\/p\/mascarilla-reconstructiva-capilar-india-500-ml-reconstructiva\/\">Mascarilla Reconstructiva Capilar India 500 ml<\/a><\/p>\n<p><a href=\"https:\/\/www.avani.pt\/es\/p\/active-curls-curling-styler-crema-de-acabado-250ml\/\">Rizos Activos Moldeador de Rizos 250ml<\/a><\/p>\n\n                        <\/div>\n                    \n                    \n                                    <\/div>\n            <\/div>\n        <\/div>\n    \n<\/div>\n<div class=\"tip-products margin-top-between-modules default\">\n    <div class=\"container\">\n                    <h2 class=\"title\">\n                comprar individualmente\n            <\/h2>\n        \n        \n        <div class=\"products-container\">\n                            <div class=\"tip-products-wrapper\">\n                                                                                                                                                                                                                                                                                                                                                                                                    <\/div>\n                    <\/div>\n\n    <\/div>\n<\/div>\n[\/vc_column][\/vc_row]<\/p>\n<\/div>","protected":false},"excerpt":{"rendered":"<p>Un tratamiento exclusivo Avani compuesto por ocho productos. Se basa en la gama Hair Indian Rebuild con una innovadora tecnolog\u00eda MoringaBond realizada mediante el proceso de hidr\u00f3lisis de los distintos componentes de la planta de moringa: la planta, las semillas y el aceite, lo que le confiere unas caracter\u00edsticas a\u00fan m\u00e1s potentes que la moringa en su estado natural. <\/p>\n","protected":false},"featured_media":76792,"comment_status":"open","ping_status":"closed","template":"","meta":{"_acf_changed":false},"product_brand":[],"product_cat":[441,465,471,572,573],"product_tag":[],"class_list":{"0":"post-78220","1":"product","2":"type-product","3":"status-publish","4":"has-post-thumbnail","6":"product_cat-amla","7":"product_cat-atencion","8":"product_cat-avani-en-exclusiva","9":"product_cat-cabello-rizado-avani-tratamientos-exclusivos","10":"product_cat-no-lo-pow-tratamientos-low-poo","12":"first","13":"instock","14":"taxable","15":"shipping-taxable","16":"purchasable","17":"product-type-simple"},"acf":[],"wooqr_code":"","_links":{"self":[{"href":"https:\/\/www.avani.pt\/es\/wp-json\/wp\/v2\/product\/78220","targetHints":{"allow":["GET"]}}],"collection":[{"href":"https:\/\/www.avani.pt\/es\/wp-json\/wp\/v2\/product"}],"about":[{"href":"https:\/\/www.avani.pt\/es\/wp-json\/wp\/v2\/types\/product"}],"replies":[{"embeddable":true,"href":"https:\/\/www.avani.pt\/es\/wp-json\/wp\/v2\/comments?post=78220"}],"wp:featuredmedia":[{"embeddable":true,"href":"https:\/\/www.avani.pt\/es\/wp-json\/wp\/v2\/media\/76792"}],"wp:attachment":[{"href":"https:\/\/www.avani.pt\/es\/wp-json\/wp\/v2\/media?parent=78220"}],"wp:term":[{"taxonomy":"product_brand","embeddable":true,"href":"https:\/\/www.avani.pt\/es\/wp-json\/wp\/v2\/product_brand?post=78220"},{"taxonomy":"product_cat","embeddable":true,"href":"https:\/\/www.avani.pt\/es\/wp-json\/wp\/v2\/product_cat?post=78220"},{"taxonomy":"product_tag","embeddable":true,"href":"https:\/\/www.avani.pt\/es\/wp-json\/wp\/v2\/product_tag?post=78220"}],"curies":[{"name":"wp","href":"https:\/\/api.w.org\/{rel}","templated":true}]}}