{"id":78224,"date":"2020-07-31T16:25:28","date_gmt":"2020-07-31T15:25:28","guid":{"rendered":"https:\/\/www.avani.pt\/p\/cabello-fino-natural-y-graso-secretos-de-la-india-cuidado-capilar-de-lujo\/"},"modified":"2026-02-05T02:56:45","modified_gmt":"2026-02-05T02:56:45","slug":"cabello-fino-natural-y-graso-secretos-de-la-india-cuidado-capilar-de-lujo","status":"publish","type":"product","link":"https:\/\/www.avani.pt\/es\/p\/cabello-fino-natural-y-graso-secretos-de-la-india-cuidado-capilar-de-lujo\/","title":{"rendered":"Cabello fino, natural y graso | Secretos de la India | Cuidado capilar de lujo"},"content":{"rendered":"<div class=\"wpb-content-wrapper\"><p>[vc_row full_width=&#8221;stretch_row_content_no_spaces&#8221; el_class=&#8221;text-align-center&#8221;][vc_column]<div class=\"stars-of-product-module-wrapper margin-top-between-modules\">\n    <img decoding=\"async\" class=\"stars-of-product-module-left-image-design\" src=\"\/dist\/images\/stars_product_module_design.png\">\n    <img decoding=\"async\" class=\"stars-of-product-module-right-image-design\" src=\"\/dist\/images\/stars_product_module_design.png\">\n\n    <div class=\"container\">\n\n        <div class=\"stars-of-product-module text-align-center  desktop--only--md\">\n\n                            <div class=\"star-rating\">\n                                            <i class=\"fa fa-star\"><\/i>\n                                            <i class=\"fa fa-star\"><\/i>\n                                            <i class=\"fa fa-star\"><\/i>\n                                            <i class=\"fa fa-star\"><\/i>\n                                            <i class=\"fa fa-star\"><\/i>\n                                    <\/div>\n            \n                            <div class=\"stars-of-product-module-titles\">\n                                            <h2 class=\"stars-of-product-module-title black uppercase back_color\">Las estrellas del producto<\/h2>\n                                    <\/div>\n            \n                            <div class=\"stars-of-product-module-content\">\n                    <p>Los cabellos finos son naturalmente m\u00e1s fr\u00e1giles y, por tanto, m\u00e1s propensos a la rotura. Debido a sus caracter\u00edsticas naturales, tienden a acumular un exceso de grasa en las ra\u00edces, lo que suele ser la causa principal de la ca\u00edda del cabello. Este tratamiento ha sido meticulosamente estudiado y probado, y los productos elegidos contribuyen a equilibrar la microbiota del cuero cabelludo, lo que es esencial para un cabello sano con estas caracter\u00edsticas. Incluye: dos champ\u00fas, uno para purificar y otro para hidratar el cuero cabelludo <strong>(Champ\u00fa<\/strong> <strong>Indian Hair Vitaminado<\/strong> y <strong>Champ\u00fa Efecto Fr\u00edo<\/strong>); la exclusiva <strong>Crema Purificante Efecto Fr\u00edo<\/strong> para tratar el cuero cabelludo, que ayuda a purificar, cicatrizar, calmar e hidratar; <strong>el Acondicionador Indian Hair Vitaminado<\/strong> para aplicar en medios y puntas y evitar la rotura del cabello; y <strong>el T\u00f3nico Capilar Indian Hair Vitaminado<\/strong> para fortalecer y combatir tanto la ca\u00edda del cabello como el exceso de grasa.   <\/p>\n\n                <\/div>\n            \n        <\/div>\n\n\n                    <div class=\"accordion   accordion-successive-first js-accordion not-found mobile--only--md stars-of-product-module text-align-center margin-top-between-modules back_color\">\n                <div class=\"accordion-container\">\n                    <div class=\"accordion-question space-between\">\n                                                    <h3 class=\"accordion-question-title uppercase back_color\">\n                                As Estrelas do Produto\n                            <\/h3>\n                                                <span class=\"accordion-arrow back_color\">&emsp;<\/span>\n                    <\/div>\n                    <div class=\"accordion-answer\">\n\n                                                    <div class=\"star-rating\">\n                                                                    <i class=\"fa fa-star\"><\/i>\n                                                                    <i class=\"fa fa-star\"><\/i>\n                                                                    <i class=\"fa fa-star\"><\/i>\n                                                                    <i class=\"fa fa-star\"><\/i>\n                                                                    <i class=\"fa fa-star\"><\/i>\n                                                            <\/div>\n                        \n                                                    <div class=\"stars-of-product-module-content\">\n                                <p>Los cabellos finos son naturalmente m\u00e1s fr\u00e1giles y, por tanto, m\u00e1s propensos a la rotura. Debido a sus caracter\u00edsticas naturales, tienden a acumular un exceso de grasa en las ra\u00edces, lo que suele ser la causa principal de la ca\u00edda del cabello. Este tratamiento ha sido meticulosamente estudiado y probado, y los productos elegidos contribuyen a equilibrar la microbiota del cuero cabelludo, lo que es esencial para un cabello sano con estas caracter\u00edsticas. Incluye: dos champ\u00fas, uno para purificar y otro para hidratar el cuero cabelludo <strong>(Champ\u00fa<\/strong> <strong>Indian Hair Vitaminado<\/strong> y <strong>Champ\u00fa Efecto Fr\u00edo<\/strong>); la exclusiva <strong>Crema Purificante Efecto Fr\u00edo<\/strong> para tratar el cuero cabelludo, que ayuda a purificar, cicatrizar, calmar e hidratar; <strong>el Acondicionador Indian Hair Vitaminado<\/strong> para aplicar en medios y puntas y evitar la rotura del cabello; y <strong>el T\u00f3nico Capilar Indian Hair Vitaminado<\/strong> para fortalecer y combatir tanto la ca\u00edda del cabello como el exceso de grasa.   <\/p>\n\n                            <\/div>\n                                            <\/div>\n                <\/div>\n            <\/div>\n        \n    <\/div>\n<\/div>\n[\/vc_column][\/vc_row][vc_row full_width=&#8221;stretch_row_content_no_spaces&#8221; el_class=&#8221;text-align-center&#8221;][vc_column]<div class=\"container\">\n\t<div class=\"usability-tips-and-secrets-module desktop--only--md\">\n\n\t\t<div class=\"usability-tips-and-secrets-module-content-wrapper full-width-container\">\n\n\t\t\t\n\t\t\t\t\t\t\t<div class=\"usability-tips-and-secrets-module-content usability-tips-and-secrets-module-content--bordered margin-top-between-modules\">\n\t\t\t\t\t\t\t\t\t\t\t<h2 class=\"uppercase black\">Como usar<\/h2>\n\t\t\t\t\t\n\t\t\t\t\t\t\t\t\t\t\t<p>1) Massajar continuamente o Shampoo Cold effect no couro cabeludo com a ponta dos dedos at\u00e9 o sentir limpo; 2) Enxaguar bem; 3) Repita o procedimento, desta vez com o Shampoo Indian Hair Vitaminado; 4) Aplicar o Condicionador nas pontas para uma selagem perfeita; 5) Deixar actuar um minuto; 6) Enxaguar bem; 7) Uma vez por semana aplicar o Creme Purificante no couro cabeludo ap\u00f3s uma primeira lavagem com um dos shampoos; 8) Deixar actuar pelo menos durante 4 minutos; 9) Aplicar o Condicionador nas pontas para uma selagem perfeita; 10) Deixar actuar um minuto; 11) Enxaguar bem; 12) Aplicar duas borrifadelas do T\u00f3nico e massajar bem com as pontas dos dedos por todo o couro cabeludo. Nota: Para tratamento intensivo antiqueda, usar diariamente em cabelos secos. Para tratamento de preven\u00e7\u00e3o, usar apenas ap\u00f3s a lavagem. 13) Caso proceda \u00e0 secagem do cabelo \u00e9 importante aplica\u00e7\u00e3o de um protetor t\u00e9rmico- recomendamos o Ganesh Thermic Avani.<\/p>\n\n\t\t\t\t\t\t\t\t\t<\/div>\n\t\t\t\n\t\t\t\t\t\t\t<div class=\"usability-tips-and-secrets-module-content margin-top-between-modules\">\n\t\t\t\t\t\t\t\t\t\t\t<h2 class=\"uppercase black\">Dicas &amp; Segredos<\/h2>\n\t\t\t\t\t\n\t\t\t\t\t\t\t\t\t\t\t<p>Para desembara\u00e7ar facilmente e proteger os cabelos, ap\u00f3s a lavagem, pode aplicar o reparador antifrizz protetor t\u00e9rmico hidratante Ganesh thermic nos meios e pontas.<\/p>\n\n\t\t\t\t\t\t\t\t\t<\/div>\n\t\t\t\t\t<\/div>\n\t<\/div>\n\n\t\t\t<div class=\"mobile--only--md usability-tips-and-secrets-module text-align-center margin-top-between-modules usability-tips-and-secrets-module-video\">\n\t\t\t\t\t<\/div>\n\t\n\t\t\t<div class=\"accordion accordion-successive  js-accordion not-found mobile--only--md usability-tips-and-secrets-module text-align-center margin-top-between-modules back_color\">\n\t\t\t<div class=\"accordion-container\">\n\t\t\t\t<div class=\"accordion-question space-between\">\n\t\t\t\t\t\t\t\t\t\t\t<h3 class=\"accordion-question-title uppercase back_color\">\n\t\t\t\t\t\t\tComo usar\n\t\t\t\t\t\t<\/h3>\n\t\t\t\t\t\n\t\t\t\t\t<span class=\"accordion-arrow back_color\">&emsp;<\/span>\n\t\t\t\t<\/div>\n\t\t\t\t<div class=\"accordion-answer\">\n\t\t\t\t\t\t\t\t\t\t\t<div class=\"usability-tips-and-secrets-module-content\">\n\t\t\t\t\t\t\t<p>1) Massajar continuamente o Shampoo Cold effect no couro cabeludo com a ponta dos dedos at\u00e9 o sentir limpo; 2) Enxaguar bem; 3) Repita o procedimento, desta vez com o Shampoo Indian Hair Vitaminado; 4) Aplicar o Condicionador nas pontas para uma selagem perfeita; 5) Deixar actuar um minuto; 6) Enxaguar bem; 7) Uma vez por semana aplicar o Creme Purificante no couro cabeludo ap\u00f3s uma primeira lavagem com um dos shampoos; 8) Deixar actuar pelo menos durante 4 minutos; 9) Aplicar o Condicionador nas pontas para uma selagem perfeita; 10) Deixar actuar um minuto; 11) Enxaguar bem; 12) Aplicar duas borrifadelas do T\u00f3nico e massajar bem com as pontas dos dedos por todo o couro cabeludo. Nota: Para tratamento intensivo antiqueda, usar diariamente em cabelos secos. Para tratamento de preven\u00e7\u00e3o, usar apenas ap\u00f3s a lavagem. 13) Caso proceda \u00e0 secagem do cabelo \u00e9 importante aplica\u00e7\u00e3o de um protetor t\u00e9rmico- recomendamos o Ganesh Thermic Avani.<\/p>\n\n\t\t\t\t\t\t<\/div>\n\t\t\t\t\t\t\t\t\t<\/div>\n\t\t\t<\/div>\n\t\t<\/div>\n\t\n\t\t\t<div class=\"accordion accordion-successive js-accordion not-found mobile--only--md usability-tips-and-secrets-module text-align-center margin-top-between-modules back_color\">\n\t\t\t<div class=\"accordion-container\">\n\t\t\t\t<div class=\"accordion-question space-between\">\n\t\t\t\t\t\t\t\t\t\t\t<h3 class=\"accordion-question-title uppercase back_color\">\n\t\t\t\t\t\t\tDicas &amp; Segredos\n\t\t\t\t\t\t<\/h3>\n\t\t\t\t\t\n\t\t\t\t\t<span class=\"accordion-arrow back_color\">&emsp;<\/span>\n\t\t\t\t<\/div>\n\t\t\t\t<div class=\"accordion-answer\">\n\t\t\t\t\t\t\t\t\t\t\t<div class=\"usability-tips-and-secrets-module-content\">\n\t\t\t\t\t\t\t<p>Para desembara\u00e7ar facilmente e proteger os cabelos, ap\u00f3s a lavagem, pode aplicar o reparador antifrizz protetor t\u00e9rmico hidratante Ganesh thermic nos meios e pontas.<\/p>\n\n\t\t\t\t\t\t<\/div>\n\t\t\t\t\t\t\t\t\t<\/div>\n\t\t\t<\/div>\n\t\t<\/div>\n\t<\/div>\n[\/vc_column][\/vc_row][vc_row full_width=&#8221;stretch_row_content_no_spaces&#8221; el_class=&#8221;text-align-center&#8221;][vc_column]<div class=\"container \">\n\n    <div class=\"content-default-module text-align-center margin-top-between-modules\n        \n        \n        \n        \n        \n        \n        desktop--only--md\"\n        style=\"margin-bottom: 0px;\"\n    >\n\n                <div class=\"content-default-module-titles\">\n                            <h2 class=\"content-default-module-title uppercase black\">Detalhes<\/h2>\n            \n                    <\/div>\n        \n                    <div class=\"content-default-module-content\">\n                <p><strong>Este tratamento \u00e9 composto por:<\/strong><\/p>\n<p><a href=\"https:\/\/www.avani.pt\/p\/shampoo-vitaminado-fortificante-indian-hair-500ml\/\">Shampoo Indian Hair Vitaminado 250ml<\/a><\/p>\n<p><a href=\"https:\/\/www.avani.pt\/p\/shampoo-cold-effect-anticaspa-indian-hair-250ml\/\">Shampoo Cold Effect 250 ml<\/a><\/p>\n<p><a href=\"https:\/\/www.avani.pt\/p\/condicionador-vitaminado-fortificante-indian-hair-250-ml\/\">Condicionador Indian Hair Vitaminado 250 ml<\/a><\/p>\n<p><a href=\"https:\/\/www.avani.pt\/p\/mascara-cold-effect-anticaspa-indian-hair-500ml\/\">Creme Purificante Couro Cabeludo Cold Effect 500 ml<\/a><\/p>\n<p><a href=\"https:\/\/www.avani.pt\/p\/tonico-capilar-vitaminado-fortificante-indian-hair-100ml\/\">T\u00f3nico Capilar Indian Hair Vitaminado 100 ml<\/a><\/p>\n\n            <\/div>\n        \n        \n        \n\n        \n\n\n    <\/div>\n\n\n            <div class=\"accordion accordion-successive   js-accordion not-found mobile--only--md content-default-module text-align-center margin-top-between-modules back_color\">\n            <div class=\"accordion-container\">\n                <div class=\"accordion-question space-between\">\n                                            <h3 class=\"accordion-question-title uppercase back_color\">\n                            Detalhes\n                        <\/h3>\n                                        <span class=\"accordion-arrow back_color\">&emsp;<\/span>\n                <\/div>\n                <div class=\"accordion-answer\">\n                    \n                                            <div class=\"content-default-module-content\">\n                            <p><strong>Este tratamento \u00e9 composto por:<\/strong><\/p>\n<p><a href=\"https:\/\/www.avani.pt\/p\/shampoo-vitaminado-fortificante-indian-hair-500ml\/\">Shampoo Indian Hair Vitaminado 250ml<\/a><\/p>\n<p><a href=\"https:\/\/www.avani.pt\/p\/shampoo-cold-effect-anticaspa-indian-hair-250ml\/\">Shampoo Cold Effect 250 ml<\/a><\/p>\n<p><a href=\"https:\/\/www.avani.pt\/p\/condicionador-vitaminado-fortificante-indian-hair-250-ml\/\">Condicionador Indian Hair Vitaminado 250 ml<\/a><\/p>\n<p><a href=\"https:\/\/www.avani.pt\/p\/mascara-cold-effect-anticaspa-indian-hair-500ml\/\">Creme Purificante Couro Cabeludo Cold Effect 500 ml<\/a><\/p>\n<p><a href=\"https:\/\/www.avani.pt\/p\/tonico-capilar-vitaminado-fortificante-indian-hair-100ml\/\">T\u00f3nico Capilar Indian Hair Vitaminado 100 ml<\/a><\/p>\n\n                        <\/div>\n                    \n                    \n                                    <\/div>\n            <\/div>\n        <\/div>\n    \n<\/div>\n<div class=\"tip-products margin-top-between-modules default\">\n    <div class=\"container\">\n                    <h2 class=\"title\">\n                COMPRAR INDIVIDUALMENTE\n            <\/h2>\n        \n        \n        <div class=\"products-container\">\n                    <\/div>\n\n    <\/div>\n<\/div>\n[\/vc_column][\/vc_row]<\/p>\n<\/div>","protected":false},"excerpt":{"rendered":"<p>Compuesto por cinco productos. El cabello fino es naturalmente m\u00e1s fr\u00e1gil y, debido a sus caracter\u00edsticas naturales, es propenso al exceso de grasa y a la rotura del cabello. Este tratamiento ha sido estudiado y probado de forma muy meticulosa y los productos elegidos ayudan a reponer todos los elementos esenciales para la salud del cabello con estas caracter\u00edsticas.  <\/p>\n","protected":false},"featured_media":74806,"comment_status":"open","ping_status":"closed","template":"","meta":{"_acf_changed":false},"product_brand":[],"product_cat":[474,465,471,475,473,526,448,470],"product_tag":[],"class_list":{"0":"post-78224","1":"product","2":"type-product","3":"status-publish","4":"has-post-thumbnail","6":"product_cat-alcanfor","7":"product_cat-atencion","8":"product_cat-avani-en-exclusiva","9":"product_cat-cabello-fino-tratamientos-exclusivos-avani","10":"product_cat-fortalecimiento-capilar-y-caida-del-cabello","11":"product_cat-ingredientes-2","12":"product_cat-problemas-del-cuero-cabelludo","13":"product_cat-tratamientos","15":"first","16":"instock","17":"taxable","18":"shipping-taxable","19":"purchasable","20":"product-type-simple"},"acf":[],"wooqr_code":"","_links":{"self":[{"href":"https:\/\/www.avani.pt\/es\/wp-json\/wp\/v2\/product\/78224","targetHints":{"allow":["GET"]}}],"collection":[{"href":"https:\/\/www.avani.pt\/es\/wp-json\/wp\/v2\/product"}],"about":[{"href":"https:\/\/www.avani.pt\/es\/wp-json\/wp\/v2\/types\/product"}],"replies":[{"embeddable":true,"href":"https:\/\/www.avani.pt\/es\/wp-json\/wp\/v2\/comments?post=78224"}],"wp:featuredmedia":[{"embeddable":true,"href":"https:\/\/www.avani.pt\/es\/wp-json\/wp\/v2\/media\/74806"}],"wp:attachment":[{"href":"https:\/\/www.avani.pt\/es\/wp-json\/wp\/v2\/media?parent=78224"}],"wp:term":[{"taxonomy":"product_brand","embeddable":true,"href":"https:\/\/www.avani.pt\/es\/wp-json\/wp\/v2\/product_brand?post=78224"},{"taxonomy":"product_cat","embeddable":true,"href":"https:\/\/www.avani.pt\/es\/wp-json\/wp\/v2\/product_cat?post=78224"},{"taxonomy":"product_tag","embeddable":true,"href":"https:\/\/www.avani.pt\/es\/wp-json\/wp\/v2\/product_tag?post=78224"}],"curies":[{"name":"wp","href":"https:\/\/api.w.org\/{rel}","templated":true}]}}