{"id":78226,"date":"2020-07-29T07:04:37","date_gmt":"2020-07-29T06:04:37","guid":{"rendered":"https:\/\/www.avani.pt\/p\/pelo-medio-grueso-con-un-corte-quimico-secretos-de-la-india-cuidado-capilar-de-lujo\/"},"modified":"2025-11-21T18:19:11","modified_gmt":"2025-11-21T18:19:11","slug":"pelo-medio-grueso-con-un-corte-quimico-secretos-de-la-india-cuidado-capilar-de-lujo","status":"publish","type":"product","link":"https:\/\/www.avani.pt\/es\/p\/pelo-medio-grueso-con-un-corte-quimico-secretos-de-la-india-cuidado-capilar-de-lujo\/","title":{"rendered":"Pelo medio grueso con un corte qu\u00edmico | Secretos de la India | Cuidado capilar de lujo"},"content":{"rendered":"<div class=\"wpb-content-wrapper\"><p>[vc_row full_width=&#8221;stretch_row_content_no_spaces&#8221; el_class=&#8221;text-align-center&#8221;][vc_column]<div class=\"stars-of-product-module-wrapper margin-top-between-modules\">\n    <img decoding=\"async\" class=\"stars-of-product-module-left-image-design\" src=\"\/dist\/images\/stars_product_module_design.png\">\n    <img decoding=\"async\" class=\"stars-of-product-module-right-image-design\" src=\"\/dist\/images\/stars_product_module_design.png\">\n\n    <div class=\"container\">\n\n        <div class=\"stars-of-product-module text-align-center  desktop--only--md\">\n\n                            <div class=\"star-rating\">\n                                            <i class=\"fa fa-star\"><\/i>\n                                            <i class=\"fa fa-star\"><\/i>\n                                            <i class=\"fa fa-star\"><\/i>\n                                            <i class=\"fa fa-star\"><\/i>\n                                            <i class=\"fa fa-star\"><\/i>\n                                    <\/div>\n            \n                            <div class=\"stars-of-product-module-titles\">\n                                            <h2 class=\"stars-of-product-module-title black uppercase back_color\">Las estrellas del producto<\/h2>\n                                    <\/div>\n            \n                            <div class=\"stars-of-product-module-content\">\n                    <p>El da\u00f1o qu\u00edmico se produce cuando el tallo capilar sufre una agresi\u00f3n extrema, lo que puede ocurrir cuando se realizan trabajos t\u00e9cnicos agresivos o cuando se realizan trabajos t\u00e9cnicos sobre el cabello ya da\u00f1ado. Este conjunto de tratamiento se ha dise\u00f1ado especialmente para el cabello da\u00f1ado qu\u00edmicamente (quebradizo, fr\u00e1gil, sin brillo ni flexibilidad): ayuda a recuperar la resistencia del tallo capilar, regenera, nutre y fortalece el cabello. Se compone de la gama Indian Hair Rebuild con una innovadora tecnolog\u00eda MoringaBond realizada mediante el proceso de hidr\u00f3lisis de los distintos componentes de la planta de moringa: la planta, las semillas y el aceite, lo que le confiere unas caracter\u00edsticas a\u00fan m\u00e1s potentes que <g id=\"gid_0\">la moringa<\/g> en su estado natural. Proporciona un resultado a\u00fan mejor que a\u00f1adir queratina externa al cabello porque act\u00faa desde el interior; el programa capilar compuesto por tres mascarillas que repondr\u00e1n el agua, los l\u00edpidos y las prote\u00ednas del cabello; el C\u00f3ctel Capilar finalizador rico en propiedades regeneradoras; el Aceite nutritivo Mudra; el aceite de ricino para estimular los fol\u00edculos del cuero cabelludo mediante masaje y el s\u00e9rum de la Gama Indian Hair Rebuild que ayudar\u00e1 a recuperar instant\u00e1neamente la elasticidad y el brillo, sellando al mismo tiempo las puntas.<\/p>\n\n                <\/div>\n            \n        <\/div>\n\n\n                    <div class=\"accordion   accordion-successive-first js-accordion not-found mobile--only--md stars-of-product-module text-align-center margin-top-between-modules back_color\">\n                <div class=\"accordion-container\">\n                    <div class=\"accordion-question space-between\">\n                                                    <h3 class=\"accordion-question-title uppercase back_color\">\n                                Las estrellas del producto\n                            <\/h3>\n                                                <span class=\"accordion-arrow back_color\">&emsp;<\/span>\n                    <\/div>\n                    <div class=\"accordion-answer\">\n\n                                                    <div class=\"star-rating\">\n                                                                    <i class=\"fa fa-star\"><\/i>\n                                                                    <i class=\"fa fa-star\"><\/i>\n                                                                    <i class=\"fa fa-star\"><\/i>\n                                                                    <i class=\"fa fa-star\"><\/i>\n                                                                    <i class=\"fa fa-star\"><\/i>\n                                                            <\/div>\n                        \n                                                    <div class=\"stars-of-product-module-content\">\n                                <p>El da\u00f1o qu\u00edmico se produce cuando el tallo capilar sufre una agresi\u00f3n extrema, lo que puede ocurrir cuando se realizan trabajos t\u00e9cnicos agresivos o cuando se realizan trabajos t\u00e9cnicos sobre el cabello ya da\u00f1ado. Este conjunto de tratamiento se ha dise\u00f1ado especialmente para el cabello da\u00f1ado qu\u00edmicamente (quebradizo, fr\u00e1gil, sin brillo ni flexibilidad): ayuda a recuperar la resistencia del tallo capilar, regenera, nutre y fortalece el cabello. Se compone de la gama Indian Hair Rebuild con una innovadora tecnolog\u00eda MoringaBond realizada mediante el proceso de hidr\u00f3lisis de los distintos componentes de la planta de moringa: la planta, las semillas y el aceite, lo que le confiere unas caracter\u00edsticas a\u00fan m\u00e1s potentes que <g id=\"gid_0\">la moringa<\/g> en su estado natural. Proporciona un resultado a\u00fan mejor que a\u00f1adir queratina externa al cabello porque act\u00faa desde el interior; el programa capilar compuesto por tres mascarillas que repondr\u00e1n el agua, los l\u00edpidos y las prote\u00ednas del cabello; el C\u00f3ctel Capilar finalizador rico en propiedades regeneradoras; el Aceite nutritivo Mudra; el aceite de ricino para estimular los fol\u00edculos del cuero cabelludo mediante masaje y el s\u00e9rum de la Gama Indian Hair Rebuild que ayudar\u00e1 a recuperar instant\u00e1neamente la elasticidad y el brillo, sellando al mismo tiempo las puntas.<\/p>\n\n                            <\/div>\n                                            <\/div>\n                <\/div>\n            <\/div>\n        \n    <\/div>\n<\/div>\n[\/vc_column][\/vc_row][vc_row full_width=&#8221;stretch_row_content_no_spaces&#8221; el_class=&#8221;text-align-center&#8221;][vc_column]<div class=\"container\">\n\t<div class=\"usability-tips-and-secrets-module desktop--only--md\">\n\n\t\t<div class=\"usability-tips-and-secrets-module-content-wrapper full-width-container\">\n\n\t\t\t\n\t\t\t\t\t\t\t<div class=\"usability-tips-and-secrets-module-content usability-tips-and-secrets-module-content--bordered margin-top-between-modules\">\n\t\t\t\t\t\t\t\t\t\t\t<h2 class=\"uppercase black\">C&oacute;mo utilizar<\/h2>\n\t\t\t\t\t\n\t\t\t\t\t\t\t\t\t\t\t<p>1) Cuando te laves el pelo, te recomendamos que siempre hagas dos lavados, ya que es el procedimiento que lo hace realmente eficaz.<br \/>\n2) Despu\u00e9s de retirar el exceso de agua con una toalla, aplica la mascarilla (la adecuada para ese d\u00eda) mech\u00f3n a mech\u00f3n, d\u00e9jala actuar al menos 4 minutos y aclara.<br \/>\n3) Aplica el Acondicionador en medios y puntas y d\u00e9jalo actuar 1 minuto. A continuaci\u00f3n, aclara.<x id=&quot;gid_2&quot;><\/x>4) Agita bien el C\u00f3ctel Capilar, las dos partes se mezclar\u00e1n dando lugar a una explosi\u00f3n de ingredientes que proporcionar\u00e1n a tu cabello un brillo y una salud incre\u00edbles. Apl\u00edcalo antes de cepillarte el pelo (evita que se rompa), y tambi\u00e9n se puede utilizar el d\u00eda despu\u00e9s del champ\u00fa para darle m\u00e1s brillo.<x id=&quot;gid_3&quot;><\/x>5) Aplica medio guisante de Suero Reconstructor Capilar Indio en las palmas de las manos, exti\u00e9ndelo bien y apl\u00edcalo en las puntas. Apl\u00edcalo diariamente por la noche.<x id=&quot;gid_4&quot;><\/x>6) Aplica medio guisante de Mudra en las palmas de las manos, exti\u00e9ndelo bien y apl\u00edcalo en las puntas. Apl\u00edcalo cada ma\u00f1ana.<br \/>\n7) Masajea el cuero cabelludo con aceite de ricino unas horas antes de lavarte el pelo.    <\/p>\n\n\t\t\t\t\t\t\t\t\t<\/div>\n\t\t\t\n\t\t\t\t\t<\/div>\n\t<\/div>\n\n\t\t\t<div class=\"mobile--only--md usability-tips-and-secrets-module text-align-center margin-top-between-modules usability-tips-and-secrets-module-video\">\n\t\t\t\t\t<\/div>\n\t\n\t\t\t<div class=\"accordion accordion-successive  js-accordion not-found mobile--only--md usability-tips-and-secrets-module text-align-center margin-top-between-modules back_color\">\n\t\t\t<div class=\"accordion-container\">\n\t\t\t\t<div class=\"accordion-question space-between\">\n\t\t\t\t\t\t\t\t\t\t\t<h3 class=\"accordion-question-title uppercase back_color\">\n\t\t\t\t\t\t\tC&oacute;mo utilizar\n\t\t\t\t\t\t<\/h3>\n\t\t\t\t\t\n\t\t\t\t\t<span class=\"accordion-arrow back_color\">&emsp;<\/span>\n\t\t\t\t<\/div>\n\t\t\t\t<div class=\"accordion-answer\">\n\t\t\t\t\t\t\t\t\t\t\t<div class=\"usability-tips-and-secrets-module-content\">\n\t\t\t\t\t\t\t<p>1) Cuando te laves el pelo, te recomendamos que siempre hagas dos lavados, ya que es el procedimiento que lo hace realmente eficaz.<br \/>\n2) Despu\u00e9s de retirar el exceso de agua con una toalla, aplica la mascarilla (la adecuada para ese d\u00eda) mech\u00f3n a mech\u00f3n, d\u00e9jala actuar al menos 4 minutos y aclara.<br \/>\n3) Aplica el Acondicionador en medios y puntas y d\u00e9jalo actuar 1 minuto. A continuaci\u00f3n, aclara.<x id=&quot;gid_2&quot;><\/x>4) Agita bien el C\u00f3ctel Capilar, las dos partes se mezclar\u00e1n dando lugar a una explosi\u00f3n de ingredientes que proporcionar\u00e1n a tu cabello un brillo y una salud incre\u00edbles. Apl\u00edcalo antes de cepillarte el pelo (evita que se rompa), y tambi\u00e9n se puede utilizar el d\u00eda despu\u00e9s del champ\u00fa para darle m\u00e1s brillo.<x id=&quot;gid_3&quot;><\/x>5) Aplica medio guisante de Suero Reconstructor Capilar Indio en las palmas de las manos, exti\u00e9ndelo bien y apl\u00edcalo en las puntas. Apl\u00edcalo diariamente por la noche.<x id=&quot;gid_4&quot;><\/x>6) Aplica medio guisante de Mudra en las palmas de las manos, exti\u00e9ndelo bien y apl\u00edcalo en las puntas. Apl\u00edcalo cada ma\u00f1ana.<br \/>\n7) Masajea el cuero cabelludo con aceite de ricino unas horas antes de lavarte el pelo.    <\/p>\n\n\t\t\t\t\t\t<\/div>\n\t\t\t\t\t\t\t\t\t<\/div>\n\t\t\t<\/div>\n\t\t<\/div>\n\t\n\t<\/div>\n[\/vc_column][\/vc_row][vc_row full_width=&#8221;stretch_row_content_no_spaces&#8221; el_class=&#8221;text-align-center&#8221;][vc_column]<div class=\"container \">\n\n    <div class=\"content-default-module text-align-center margin-top-between-modules\n        \n        \n        \n        \n        \n        \n        desktop--only--md\"\n        style=\"margin-bottom: 0px;\"\n    >\n\n                <div class=\"content-default-module-titles\">\n                            <h2 class=\"content-default-module-title uppercase black\">Consejos y secretos<\/h2>\n            \n                    <\/div>\n        \n                    <div class=\"content-default-module-content\">\n                <p>Recomendamos no utilizar herramientas de calor durante este periodo, pues la fibra ya es muy fr\u00e1gil. Si es realmente necesario, es importante aplicar el Protector <a href=\"https:\/\/www.avani.pt\/es\/p\/ganesh-thermic-protector-uv-y-termico-leche-reparadora-y-antiencrespamiento-240ml\/\">L\u00e1cteo T\u00e9rmico Ganesh<\/a> como toque final, justo despu\u00e9s del lavado y antes de cepillarte el pelo.<\/p>\n\n            <\/div>\n        \n        \n        \n\n        \n\n\n    <\/div>\n\n\n            <div class=\"accordion accordion-successive   js-accordion not-found mobile--only--md content-default-module text-align-center margin-top-between-modules back_color\">\n            <div class=\"accordion-container\">\n                <div class=\"accordion-question space-between\">\n                                            <h3 class=\"accordion-question-title uppercase back_color\">\n                            Consejos y secretos\n                        <\/h3>\n                                        <span class=\"accordion-arrow back_color\">&emsp;<\/span>\n                <\/div>\n                <div class=\"accordion-answer\">\n                    \n                                            <div class=\"content-default-module-content\">\n                            <p>Recomendamos no utilizar herramientas de calor durante este periodo, pues la fibra ya es muy fr\u00e1gil. Si es realmente necesario, es importante aplicar el Protector <a href=\"https:\/\/www.avani.pt\/es\/p\/ganesh-thermic-protector-uv-y-termico-leche-reparadora-y-antiencrespamiento-240ml\/\">L\u00e1cteo T\u00e9rmico Ganesh<\/a> como toque final, justo despu\u00e9s del lavado y antes de cepillarte el pelo.<\/p>\n\n                        <\/div>\n                    \n                    \n                                    <\/div>\n            <\/div>\n        <\/div>\n    \n<\/div>\n<div class=\"tip-products margin-top-between-modules default\">\n    <div class=\"container\">\n                    <h2 class=\"title\">\n                comprar individualmente\n            <\/h2>\n        \n        \n        <div class=\"products-container\">\n                            <div class=\"tip-products-wrapper\">\n                                                                                                                                                                                                                                                                                                                                                                                                                                                <\/div>\n                    <\/div>\n\n    <\/div>\n<\/div>\n[\/vc_column][\/vc_row][vc_row full_width=&#8221;stretch_row_content_no_spaces&#8221; el_class=&#8221;text-align-center&#8221;][vc_column]<div class=\"container \">\n\n    <div class=\"content-default-module text-align-center margin-top-between-modules\n        \n        \n        \n        \n        \n        \n        desktop--only--md\"\n        style=\"margin-bottom: 0px;\"\n    >\n\n                <div class=\"content-default-module-titles\">\n                            <h2 class=\"content-default-module-title uppercase black\">Detalles<\/h2>\n            \n                    <\/div>\n        \n                    <div class=\"content-default-module-content\">\n                <p><strong>Este tratamiento consiste en<\/strong><\/p>\n<p><a href=\"https:\/\/www.avani.pt\/es\/p\/champu-indian-hair-rebuild-250ml-sin-sal\/\">Champ\u00fa Indian Hair Rebuild 250 ml<\/a><\/p>\n<p><a href=\"https:\/\/www.avani.pt\/es\/p\/acondicionador-indian-hair-rebuild-250-ml-sin-sal\/\">Acondicionador Reconstructor Capilar Indio 250 ml<\/a><\/p>\n<p><a href=\"https:\/\/www.avani.pt\/es\/p\/indian-hair-rebuild-suero-sellador-de-puntas-100ml\/\">Suero Reconstructor Capilar Indio 100ml<\/a><\/p>\n<p><a href=\"https:\/\/www.avani.pt\/es\/p\/tonico-capilar-fortificante-vitaminado-cabello-indio-100-ml-amla\/\">T\u00f3nico capilar vitaminado Indian Hair 100 ml<\/a><\/p>\n<p><a href=\"https:\/\/www.avani.pt\/es\/p\/programa-capilar-todos-los-tipos-de-cabello-agenda-de-cuidados\/\">Avani Hair Schedule &#8211; 3 Mascarillas de 500ml cada una<\/a><\/p>\n<p><a href=\"https:\/\/www.avani.pt\/p\/spray-condicionador-bifasico-hair-cocktail-250ml\/\">C\u00f3ctel Capilar Regenerador Acabado Bif\u00e1sico 250 ml<\/a><\/p>\n<p><a href=\"https:\/\/www.avani.pt\/es\/p\/aceite-mudra-aceite-nutritivo-para-cabello-grueso-115ml\/\">Aceite Mudra 115ml<\/a><\/p>\n<p>\n\n            <\/div>\n        \n        \n        \n\n        \n\n\n    <\/div>\n\n\n            <div class=\"accordion accordion-successive   js-accordion not-found mobile--only--md content-default-module text-align-center margin-top-between-modules back_color\">\n            <div class=\"accordion-container\">\n                <div class=\"accordion-question space-between\">\n                                            <h3 class=\"accordion-question-title uppercase back_color\">\n                            Detalles\n                        <\/h3>\n                                        <span class=\"accordion-arrow back_color\">&emsp;<\/span>\n                <\/div>\n                <div class=\"accordion-answer\">\n                    \n                                            <div class=\"content-default-module-content\">\n                            <p><strong>Este tratamiento consiste en<\/strong><\/p>\n<p><a href=\"https:\/\/www.avani.pt\/es\/p\/champu-indian-hair-rebuild-250ml-sin-sal\/\">Champ\u00fa Indian Hair Rebuild 250 ml<\/a><\/p>\n<p><a href=\"https:\/\/www.avani.pt\/es\/p\/acondicionador-indian-hair-rebuild-250-ml-sin-sal\/\">Acondicionador Reconstructor Capilar Indio 250 ml<\/a><\/p>\n<p><a href=\"https:\/\/www.avani.pt\/es\/p\/indian-hair-rebuild-suero-sellador-de-puntas-100ml\/\">Suero Reconstructor Capilar Indio 100ml<\/a><\/p>\n<p><a href=\"https:\/\/www.avani.pt\/es\/p\/tonico-capilar-fortificante-vitaminado-cabello-indio-100-ml-amla\/\">T\u00f3nico capilar vitaminado Indian Hair 100 ml<\/a><\/p>\n<p><a href=\"https:\/\/www.avani.pt\/es\/p\/programa-capilar-todos-los-tipos-de-cabello-agenda-de-cuidados\/\">Avani Hair Schedule &#8211; 3 Mascarillas de 500ml cada una<\/a><\/p>\n<p><a href=\"https:\/\/www.avani.pt\/p\/spray-condicionador-bifasico-hair-cocktail-250ml\/\">C\u00f3ctel Capilar Regenerador Acabado Bif\u00e1sico 250 ml<\/a><\/p>\n<p><a href=\"https:\/\/www.avani.pt\/es\/p\/aceite-mudra-aceite-nutritivo-para-cabello-grueso-115ml\/\">Aceite Mudra 115ml<\/a><\/p>\n<p>\n\n                        <\/div>\n                    \n                    \n                                    <\/div>\n            <\/div>\n        <\/div>\n    \n<\/div>\n<div class=\"tip-products margin-top-between-modules default\">\n    <div class=\"container\">\n                    <h2 class=\"title\">\n                comprar individualmente\n            <\/h2>\n        \n        \n        <div class=\"products-container\">\n                            <div class=\"tip-products-wrapper\">\n                                                                                                                                                                                                                                                                                                                                                                                                                                                <\/div>\n                    <\/div>\n\n    <\/div>\n<\/div>\n[\/vc_column][\/vc_row]<\/p>\n<\/div>","protected":false},"excerpt":{"rendered":"<p>Tratamiento exclusivo de Avani para el cabello cortado qu\u00edmicamente compuesto por nueve productos. Se basa en la gama Hair Indian Rebuild, con una innovadora tecnolog\u00eda MoringaBond realizada mediante el proceso de hidr\u00f3lisis de los distintos componentes de la planta de moringa: la planta, las semillas y el aceite, lo que proporciona unas caracter\u00edsticas a\u00fan m\u00e1s potentes que la moringa en su estado natural. <\/p>\n","protected":false},"featured_media":76784,"comment_status":"open","ping_status":"closed","template":"","meta":{"_acf_changed":false},"product_brand":[],"product_cat":[465,471,472,436],"product_tag":[],"class_list":{"0":"post-78226","1":"product","2":"type-product","3":"status-publish","4":"has-post-thumbnail","6":"product_cat-atencion","7":"product_cat-avani-en-exclusiva","8":"product_cat-cabello-medio-grueso-avani-tratamientos-exclusivos","9":"product_cat-cabello-seco-nutricion","11":"first","12":"instock","13":"taxable","14":"shipping-taxable","15":"purchasable","16":"product-type-simple"},"acf":[],"wooqr_code":"","_links":{"self":[{"href":"https:\/\/www.avani.pt\/es\/wp-json\/wp\/v2\/product\/78226","targetHints":{"allow":["GET"]}}],"collection":[{"href":"https:\/\/www.avani.pt\/es\/wp-json\/wp\/v2\/product"}],"about":[{"href":"https:\/\/www.avani.pt\/es\/wp-json\/wp\/v2\/types\/product"}],"replies":[{"embeddable":true,"href":"https:\/\/www.avani.pt\/es\/wp-json\/wp\/v2\/comments?post=78226"}],"wp:featuredmedia":[{"embeddable":true,"href":"https:\/\/www.avani.pt\/es\/wp-json\/wp\/v2\/media\/76784"}],"wp:attachment":[{"href":"https:\/\/www.avani.pt\/es\/wp-json\/wp\/v2\/media?parent=78226"}],"wp:term":[{"taxonomy":"product_brand","embeddable":true,"href":"https:\/\/www.avani.pt\/es\/wp-json\/wp\/v2\/product_brand?post=78226"},{"taxonomy":"product_cat","embeddable":true,"href":"https:\/\/www.avani.pt\/es\/wp-json\/wp\/v2\/product_cat?post=78226"},{"taxonomy":"product_tag","embeddable":true,"href":"https:\/\/www.avani.pt\/es\/wp-json\/wp\/v2\/product_tag?post=78226"}],"curies":[{"name":"wp","href":"https:\/\/api.w.org\/{rel}","templated":true}]}}