{"id":78231,"date":"2020-07-28T13:38:02","date_gmt":"2020-07-28T12:38:02","guid":{"rendered":"https:\/\/www.avani.pt\/p\/cabello-medio-grueso-quimico-y-seco-secretos-de-la-india-cuidado-capilar-de-lujo\/"},"modified":"2025-11-21T18:19:02","modified_gmt":"2025-11-21T18:19:02","slug":"cabello-medio-grueso-quimico-y-seco-secretos-de-la-india-cuidado-capilar-de-lujo","status":"publish","type":"product","link":"https:\/\/www.avani.pt\/es\/p\/cabello-medio-grueso-quimico-y-seco-secretos-de-la-india-cuidado-capilar-de-lujo\/","title":{"rendered":"Cabello medio grueso, qu\u00edmico y seco | Secretos de la India | Cuidado capilar de lujo"},"content":{"rendered":"<div class=\"wpb-content-wrapper\"><p>[vc_row full_width=&#8221;stretch_row_content_no_spaces&#8221; el_class=&#8221;text-align-center&#8221;][vc_column]<div class=\"stars-of-product-module-wrapper margin-top-between-modules\">\n    <img decoding=\"async\" class=\"stars-of-product-module-left-image-design\" src=\"\/dist\/images\/stars_product_module_design.png\">\n    <img decoding=\"async\" class=\"stars-of-product-module-right-image-design\" src=\"\/dist\/images\/stars_product_module_design.png\">\n\n    <div class=\"container\">\n\n        <div class=\"stars-of-product-module text-align-center  desktop--only--md\">\n\n                            <div class=\"star-rating\">\n                                            <i class=\"fa fa-star\"><\/i>\n                                            <i class=\"fa fa-star\"><\/i>\n                                            <i class=\"fa fa-star\"><\/i>\n                                            <i class=\"fa fa-star\"><\/i>\n                                            <i class=\"fa fa-star\"><\/i>\n                                    <\/div>\n            \n                            <div class=\"stars-of-product-module-titles\">\n                                            <h2 class=\"stars-of-product-module-title black uppercase back_color\">Las estrellas del producto<\/h2>\n                                    <\/div>\n            \n                            <div class=\"stars-of-product-module-content\">\n                    <p>El cabello puede da\u00f1arse como consecuencia de un tratamiento qu\u00edmico (como el alisado, el encrespado, la permanente o la decoloraci\u00f3n), factores externos como la exposici\u00f3n al sol, condiciones clim\u00e1ticas extremas o el uso excesivo de herramientas t\u00e9rmicas. Este tratamiento se ha estudiado meticulosamente, y cada producto ayuda a reponer los elementos esenciales del cabello semigrueso con productos qu\u00edmicos. Se utiliza regularmente en el Instituto Profesional Avani con excelentes resultados. El tratamiento incluye: <b>Acondicionador Indian Hair Rebuild <\/b>y <b>Suero Indian Hair Rebuild<\/b>, para ayudar a reconstruir la fibra capilar. El acondicionador sella la cut\u00edcula y el suero ayuda a tratar las puntas abiertas y el cabello quebradizo. Tambi\u00e9n incluye: <b>Champ\u00fa <\/b> <b>Indian<\/b> <b>Hair Rebuild <\/b>, que ayuda a fortificar y reconstruir, <b>Mascarilla Indian Hair Rebuild<\/b>, que regenerar\u00e1 y nutrir\u00e1 el cabello, y Finalizadores <b>Hair Cocktail<\/b>, que revitalizan la fibra capilar al ser ricos en prote\u00edna vegetal hidrolizada y ceramidas; y <b>Aceite Mudra <\/b>, rico en aceites naturales para reponer la nutrici\u00f3n.<\/p>\n\n                <\/div>\n            \n        <\/div>\n\n\n                    <div class=\"accordion   accordion-successive-first js-accordion not-found mobile--only--md stars-of-product-module text-align-center margin-top-between-modules back_color\">\n                <div class=\"accordion-container\">\n                    <div class=\"accordion-question space-between\">\n                                                    <h3 class=\"accordion-question-title uppercase back_color\">\n                                Las estrellas del producto\n                            <\/h3>\n                                                <span class=\"accordion-arrow back_color\">&emsp;<\/span>\n                    <\/div>\n                    <div class=\"accordion-answer\">\n\n                                                    <div class=\"star-rating\">\n                                                                    <i class=\"fa fa-star\"><\/i>\n                                                                    <i class=\"fa fa-star\"><\/i>\n                                                                    <i class=\"fa fa-star\"><\/i>\n                                                                    <i class=\"fa fa-star\"><\/i>\n                                                                    <i class=\"fa fa-star\"><\/i>\n                                                            <\/div>\n                        \n                                                    <div class=\"stars-of-product-module-content\">\n                                <p>El cabello puede da\u00f1arse como consecuencia de un tratamiento qu\u00edmico (como el alisado, el encrespado, la permanente o la decoloraci\u00f3n), factores externos como la exposici\u00f3n al sol, condiciones clim\u00e1ticas extremas o el uso excesivo de herramientas t\u00e9rmicas. Este tratamiento se ha estudiado meticulosamente, y cada producto ayuda a reponer los elementos esenciales del cabello semigrueso con productos qu\u00edmicos. Se utiliza regularmente en el Instituto Profesional Avani con excelentes resultados. El tratamiento incluye: <b>Acondicionador Indian Hair Rebuild <\/b>y <b>Suero Indian Hair Rebuild<\/b>, para ayudar a reconstruir la fibra capilar. El acondicionador sella la cut\u00edcula y el suero ayuda a tratar las puntas abiertas y el cabello quebradizo. Tambi\u00e9n incluye: <b>Champ\u00fa <\/b> <b>Indian<\/b> <b>Hair Rebuild <\/b>, que ayuda a fortificar y reconstruir, <b>Mascarilla Indian Hair Rebuild<\/b>, que regenerar\u00e1 y nutrir\u00e1 el cabello, y Finalizadores <b>Hair Cocktail<\/b>, que revitalizan la fibra capilar al ser ricos en prote\u00edna vegetal hidrolizada y ceramidas; y <b>Aceite Mudra <\/b>, rico en aceites naturales para reponer la nutrici\u00f3n.<\/p>\n\n                            <\/div>\n                                            <\/div>\n                <\/div>\n            <\/div>\n        \n    <\/div>\n<\/div>\n[\/vc_column][\/vc_row][vc_row full_width=&#8221;stretch_row_content_no_spaces&#8221; el_class=&#8221;text-align-center&#8221;][vc_column]<div class=\"container\">\n\t<div class=\"usability-tips-and-secrets-module desktop--only--md\">\n\n\t\t<div class=\"usability-tips-and-secrets-module-content-wrapper full-width-container\">\n\n\t\t\t\n\t\t\t\t\t\t\t<div class=\"usability-tips-and-secrets-module-content usability-tips-and-secrets-module-content--bordered margin-top-between-modules\">\n\t\t\t\t\t\t\t\t\t\t\t<h2 class=\"uppercase black\">C&oacute;mo utilizar<\/h2>\n\t\t\t\t\t\n\t\t\t\t\t\t\t\t\t\t\t<p>1. Aplica el champ\u00fa en el cuero cabelludo y masajea continuamente con las yemas de los dedos hasta que lo notes limpio;<br \/>\n2. Aclara abundantemente y repite el procedimiento;<br \/>\n3. Despu\u00e9s de eliminar el exceso de agua, aplica la mascarilla Indian Hair Rebuild mech\u00f3n a mech\u00f3n;<br \/>\n4. Deja actuar durante al menos 4 minutos;<br \/>\n5. Aclara abundantemente;<br \/>\n6. Aplica el acondicionador Indian Hair Rebuild en las puntas para un sellado perfecto;<br \/>\n7. Deja actuar un minuto y aclara abundantemente.<br \/>\n8. Aplica Hair Cocktail Finisher antes de cepillar el cabello (puede aplicarse a diario sobre el cabello seco para peinarlo, hidratarlo y darle brillo).<br \/>\n9. Aplica el aceite capilar Mudra Oil a diario, todas las ma\u00f1anas, poniendo una cantidad del tama\u00f1o de un guisante en la palma de las manos, extendi\u00e9ndola bien como si fuera una crema de manos, y distribuy\u00e9ndola por el cabello, insistiendo en los medios y las puntas.<br \/>\n10. Aplica el Suero Sellador Reconstructor Capilar Indio a diario, todas las noches, poniendo una cantidad del tama\u00f1o de un guisante en la palma de las manos, extendi\u00e9ndola bien como una crema de manos, distribuy\u00e9ndola por el cabello, centr\u00e1ndote en los medios y las puntas.<br \/>\nNotas: El procedimiento completo debe aplicarse siempre que sea necesario lavar el cabello. Como ya se ha dicho, el C\u00f3ctel Capilar, el Suero Sellador Reconstructor Capilar Indio y el Aceite Mudra deben aplicarse a diario. <\/p>\n\n\t\t\t\t\t\t\t\t\t<\/div>\n\t\t\t\n\t\t\t\t\t<\/div>\n\t<\/div>\n\n\t\t\t<div class=\"mobile--only--md usability-tips-and-secrets-module text-align-center margin-top-between-modules usability-tips-and-secrets-module-video\">\n\t\t\t\t\t<\/div>\n\t\n\t\t\t<div class=\"accordion accordion-successive  js-accordion not-found mobile--only--md usability-tips-and-secrets-module text-align-center margin-top-between-modules back_color\">\n\t\t\t<div class=\"accordion-container\">\n\t\t\t\t<div class=\"accordion-question space-between\">\n\t\t\t\t\t\t\t\t\t\t\t<h3 class=\"accordion-question-title uppercase back_color\">\n\t\t\t\t\t\t\tC&oacute;mo utilizar\n\t\t\t\t\t\t<\/h3>\n\t\t\t\t\t\n\t\t\t\t\t<span class=\"accordion-arrow back_color\">&emsp;<\/span>\n\t\t\t\t<\/div>\n\t\t\t\t<div class=\"accordion-answer\">\n\t\t\t\t\t\t\t\t\t\t\t<div class=\"usability-tips-and-secrets-module-content\">\n\t\t\t\t\t\t\t<p>1. Aplica el champ\u00fa en el cuero cabelludo y masajea continuamente con las yemas de los dedos hasta que lo notes limpio;<br \/>\n2. Aclara abundantemente y repite el procedimiento;<br \/>\n3. Despu\u00e9s de eliminar el exceso de agua, aplica la mascarilla Indian Hair Rebuild mech\u00f3n a mech\u00f3n;<br \/>\n4. Deja actuar durante al menos 4 minutos;<br \/>\n5. Aclara abundantemente;<br \/>\n6. Aplica el acondicionador Indian Hair Rebuild en las puntas para un sellado perfecto;<br \/>\n7. Deja actuar un minuto y aclara abundantemente.<br \/>\n8. Aplica Hair Cocktail Finisher antes de cepillar el cabello (puede aplicarse a diario sobre el cabello seco para peinarlo, hidratarlo y darle brillo).<br \/>\n9. Aplica el aceite capilar Mudra Oil a diario, todas las ma\u00f1anas, poniendo una cantidad del tama\u00f1o de un guisante en la palma de las manos, extendi\u00e9ndola bien como si fuera una crema de manos, y distribuy\u00e9ndola por el cabello, insistiendo en los medios y las puntas.<br \/>\n10. Aplica el Suero Sellador Reconstructor Capilar Indio a diario, todas las noches, poniendo una cantidad del tama\u00f1o de un guisante en la palma de las manos, extendi\u00e9ndola bien como una crema de manos, distribuy\u00e9ndola por el cabello, centr\u00e1ndote en los medios y las puntas.<br \/>\nNotas: El procedimiento completo debe aplicarse siempre que sea necesario lavar el cabello. Como ya se ha dicho, el C\u00f3ctel Capilar, el Suero Sellador Reconstructor Capilar Indio y el Aceite Mudra deben aplicarse a diario. <\/p>\n\n\t\t\t\t\t\t<\/div>\n\t\t\t\t\t\t\t\t\t<\/div>\n\t\t\t<\/div>\n\t\t<\/div>\n\t\n\t<\/div>\n[\/vc_column][\/vc_row][vc_row full_width=&#8221;stretch_row_content_no_spaces&#8221; el_class=&#8221;text-align-center&#8221;][vc_column]<div class=\"container \">\n\n    <div class=\"content-default-module text-align-center margin-top-between-modules\n        \n        \n        \n        \n        \n        \n        desktop--only--md\"\n        style=\"margin-bottom: 0px;\"\n    >\n\n                <div class=\"content-default-module-titles\">\n                            <h2 class=\"content-default-module-title uppercase black\">Consejos y secretos<\/h2>\n            \n                    <\/div>\n        \n                    <div class=\"content-default-module-content\">\n                <p>Recomendamos no utilizar herramientas t\u00e9rmicas durante esta fase de recuperaci\u00f3n, sin embargo, si es necesario utilizar herramientas t\u00e9rmicas, es esencial aplicar la Leche <a href=\"https:\/\/www.avani.pt\/es\/p\/ganesh-thermic-protector-uv-y-termico-leche-reparadora-y-antiencrespamiento-240ml\/\">T\u00e9rmica Surya<\/a> despu\u00e9s del champ\u00fa; agita el producto &#8211; las dos partes se mezclan dando lugar a una explosi\u00f3n de ingredientes, \u00a1proporcionando as\u00ed un brillo y una salud incre\u00edbles al cabello! Debe aplicarse antes de utilizar herramientas t\u00e9rmicas. Si tu cabello est\u00e1 muy da\u00f1ado, puedes alternar el lavado con la <g id=\"gid_2\">Mascarilla<\/g> <g id=\"gid_1\">Nutritiva Capilar<\/g> Hind\u00fa para nutrirlo y la Mascarilla Vitam\u00ednica Capilar Hind\u00fa para regenerar la fibra. Para un lavado m\u00e1s suave para el cuero cabelludo, aplica el <a href=\"https:\/\/www.avani.pt\/es\/p\/co-wash-krishna-rizos-lavado-hidratante-sin-espuma-250-ml\/\">Co Lavado<\/a> en el segundo lavado.<\/p>\n\n            <\/div>\n        \n        \n        \n\n        \n\n\n    <\/div>\n\n\n            <div class=\"accordion accordion-successive   js-accordion not-found mobile--only--md content-default-module text-align-center margin-top-between-modules back_color\">\n            <div class=\"accordion-container\">\n                <div class=\"accordion-question space-between\">\n                                            <h3 class=\"accordion-question-title uppercase back_color\">\n                            Consejos y secretos\n                        <\/h3>\n                                        <span class=\"accordion-arrow back_color\">&emsp;<\/span>\n                <\/div>\n                <div class=\"accordion-answer\">\n                    \n                                            <div class=\"content-default-module-content\">\n                            <p>Recomendamos no utilizar herramientas t\u00e9rmicas durante esta fase de recuperaci\u00f3n, sin embargo, si es necesario utilizar herramientas t\u00e9rmicas, es esencial aplicar la Leche <a href=\"https:\/\/www.avani.pt\/es\/p\/ganesh-thermic-protector-uv-y-termico-leche-reparadora-y-antiencrespamiento-240ml\/\">T\u00e9rmica Surya<\/a> despu\u00e9s del champ\u00fa; agita el producto &#8211; las dos partes se mezclan dando lugar a una explosi\u00f3n de ingredientes, \u00a1proporcionando as\u00ed un brillo y una salud incre\u00edbles al cabello! Debe aplicarse antes de utilizar herramientas t\u00e9rmicas. Si tu cabello est\u00e1 muy da\u00f1ado, puedes alternar el lavado con la <g id=\"gid_2\">Mascarilla<\/g> <g id=\"gid_1\">Nutritiva Capilar<\/g> Hind\u00fa para nutrirlo y la Mascarilla Vitam\u00ednica Capilar Hind\u00fa para regenerar la fibra. Para un lavado m\u00e1s suave para el cuero cabelludo, aplica el <a href=\"https:\/\/www.avani.pt\/es\/p\/co-wash-krishna-rizos-lavado-hidratante-sin-espuma-250-ml\/\">Co Lavado<\/a> en el segundo lavado.<\/p>\n\n                        <\/div>\n                    \n                    \n                                    <\/div>\n            <\/div>\n        <\/div>\n    \n<\/div>\n<div class=\"container \">\n\n    <div class=\"content-default-module text-align-center margin-top-between-modules\n        \n        \n        \n        \n        \n        \n        desktop--only--md\"\n        style=\"margin-bottom: 0px;\"\n    >\n\n                <div class=\"content-default-module-titles\">\n                            <h2 class=\"content-default-module-title uppercase black\">Detalles<\/h2>\n            \n                    <\/div>\n        \n                    <div class=\"content-default-module-content\">\n                <p><a href=\"https:\/\/www.avani.pt\/es\/p\/champu-indian-hair-rebuild-250ml-sin-sal\/\">Champ\u00fa Indian Hair Rebuild 250ml<\/a><\/p>\n<p><a href=\"https:\/\/www.avani.pt\/es\/p\/acondicionador-indian-hair-rebuild-250-ml-sin-sal\/\">Acondicionador Indian Hair Rebuild 250ml<\/a><\/p>\n<p><a href=\"https:\/\/www.avani.pt\/es\/p\/aceite-mudra-aceite-nutritivo-para-cabello-grueso-115ml\/\">Aceite nutritivo Mudra Oil 115ml<\/a><\/p>\n<p><a href=\"https:\/\/www.avani.pt\/es\/p\/indian-hair-rebuild-suero-sellador-de-puntas-100ml\/\">S\u00e9rum sellador de puntas Indian Hair Rebuild 100ml<\/a><\/p>\n<p><a href=\"https:\/\/www.avani.pt\/p\/spray-condicionador-bifasico-hair-cocktail-250ml\/\">C\u00f3ctel Capilar Bif\u00e1sico Styler 250 ml<\/a><\/p>\n<p><a href=\"https:\/\/www.avani.pt\/es\/p\/mascarilla-reconstructiva-capilar-india-500-ml-reconstructiva\/\">Mascarilla Reconstructiva Indian Hair Rebuild 500 ml<\/a><\/p>\n\n            <\/div>\n        \n        \n        \n\n        \n\n\n    <\/div>\n\n\n            <div class=\"accordion accordion-successive   js-accordion not-found mobile--only--md content-default-module text-align-center margin-top-between-modules back_color\">\n            <div class=\"accordion-container\">\n                <div class=\"accordion-question space-between\">\n                                            <h3 class=\"accordion-question-title uppercase back_color\">\n                            Detalles\n                        <\/h3>\n                                        <span class=\"accordion-arrow back_color\">&emsp;<\/span>\n                <\/div>\n                <div class=\"accordion-answer\">\n                    \n                                            <div class=\"content-default-module-content\">\n                            <p><a href=\"https:\/\/www.avani.pt\/es\/p\/champu-indian-hair-rebuild-250ml-sin-sal\/\">Champ\u00fa Indian Hair Rebuild 250ml<\/a><\/p>\n<p><a href=\"https:\/\/www.avani.pt\/es\/p\/acondicionador-indian-hair-rebuild-250-ml-sin-sal\/\">Acondicionador Indian Hair Rebuild 250ml<\/a><\/p>\n<p><a href=\"https:\/\/www.avani.pt\/es\/p\/aceite-mudra-aceite-nutritivo-para-cabello-grueso-115ml\/\">Aceite nutritivo Mudra Oil 115ml<\/a><\/p>\n<p><a href=\"https:\/\/www.avani.pt\/es\/p\/indian-hair-rebuild-suero-sellador-de-puntas-100ml\/\">S\u00e9rum sellador de puntas Indian Hair Rebuild 100ml<\/a><\/p>\n<p><a href=\"https:\/\/www.avani.pt\/p\/spray-condicionador-bifasico-hair-cocktail-250ml\/\">C\u00f3ctel Capilar Bif\u00e1sico Styler 250 ml<\/a><\/p>\n<p><a href=\"https:\/\/www.avani.pt\/es\/p\/mascarilla-reconstructiva-capilar-india-500-ml-reconstructiva\/\">Mascarilla Reconstructiva Indian Hair Rebuild 500 ml<\/a><\/p>\n\n                        <\/div>\n                    \n                    \n                                    <\/div>\n            <\/div>\n        <\/div>\n    \n<\/div>\n<div class=\"tip-products margin-top-between-modules default\">\n    <div class=\"container\">\n                    <h2 class=\"title\">\n                COMPRAR INDIVIDUALMENTE\n            <\/h2>\n        \n        \n        <div class=\"products-container\">\n                            <div class=\"tip-products-wrapper\">\n                                                                                                                                                                                                                                                                                                            <\/div>\n                    <\/div>\n\n    <\/div>\n<\/div>\n[\/vc_column][\/vc_row]<\/p>\n<\/div>","protected":false},"excerpt":{"rendered":"<p>Un tratamiento exclusivo Avani compuesto por seis productos. Este tratamiento se basa en la combinaci\u00f3n de la gama Indian Hair Vitaminada con Indian Hair Rebuild, una armon\u00eda entre ingredientes utilizados en la antigua cultura india y la innovadora tecnolog\u00eda MoringaBond realizada mediante el proceso de hidr\u00f3lisis de los distintos componentes de la Moringa: la planta, las semillas y el aceite. <\/p>\n","protected":false},"featured_media":76774,"comment_status":"open","ping_status":"closed","template":"","meta":{"_acf_changed":false},"product_brand":[],"product_cat":[465,471,472,436],"product_tag":[],"class_list":{"0":"post-78231","1":"product","2":"type-product","3":"status-publish","4":"has-post-thumbnail","6":"product_cat-atencion","7":"product_cat-avani-en-exclusiva","8":"product_cat-cabello-medio-grueso-avani-tratamientos-exclusivos","9":"product_cat-cabello-seco-nutricion","11":"first","12":"instock","13":"taxable","14":"shipping-taxable","15":"purchasable","16":"product-type-simple"},"acf":[],"wooqr_code":"","_links":{"self":[{"href":"https:\/\/www.avani.pt\/es\/wp-json\/wp\/v2\/product\/78231","targetHints":{"allow":["GET"]}}],"collection":[{"href":"https:\/\/www.avani.pt\/es\/wp-json\/wp\/v2\/product"}],"about":[{"href":"https:\/\/www.avani.pt\/es\/wp-json\/wp\/v2\/types\/product"}],"replies":[{"embeddable":true,"href":"https:\/\/www.avani.pt\/es\/wp-json\/wp\/v2\/comments?post=78231"}],"wp:featuredmedia":[{"embeddable":true,"href":"https:\/\/www.avani.pt\/es\/wp-json\/wp\/v2\/media\/76774"}],"wp:attachment":[{"href":"https:\/\/www.avani.pt\/es\/wp-json\/wp\/v2\/media?parent=78231"}],"wp:term":[{"taxonomy":"product_brand","embeddable":true,"href":"https:\/\/www.avani.pt\/es\/wp-json\/wp\/v2\/product_brand?post=78231"},{"taxonomy":"product_cat","embeddable":true,"href":"https:\/\/www.avani.pt\/es\/wp-json\/wp\/v2\/product_cat?post=78231"},{"taxonomy":"product_tag","embeddable":true,"href":"https:\/\/www.avani.pt\/es\/wp-json\/wp\/v2\/product_tag?post=78231"}],"curies":[{"name":"wp","href":"https:\/\/api.w.org\/{rel}","templated":true}]}}