{"id":78237,"date":"2020-07-28T14:06:25","date_gmt":"2020-07-28T13:06:25","guid":{"rendered":"https:\/\/www.avani.pt\/p\/cabello-grueso-y-tenido-secretos-de-la-india-cuidado-capilar-de-lujo\/"},"modified":"2025-10-21T12:03:32","modified_gmt":"2025-10-21T11:03:32","slug":"cabello-grueso-y-tenido-secretos-de-la-india-cuidado-capilar-de-lujo","status":"publish","type":"product","link":"https:\/\/www.avani.pt\/es\/p\/cabello-grueso-y-tenido-secretos-de-la-india-cuidado-capilar-de-lujo\/","title":{"rendered":"Cabello grueso y te\u00f1ido | Secretos de la India | Cuidado capilar de lujo"},"content":{"rendered":"<div class=\"wpb-content-wrapper\"><p>[vc_row full_width=&#8221;stretch_row_content_no_spaces&#8221; el_class=&#8221;text-align-center&#8221;][vc_column]<div class=\"stars-of-product-module-wrapper margin-top-between-modules\">\n    <img decoding=\"async\" class=\"stars-of-product-module-left-image-design\" src=\"\/dist\/images\/stars_product_module_design.png\">\n    <img decoding=\"async\" class=\"stars-of-product-module-right-image-design\" src=\"\/dist\/images\/stars_product_module_design.png\">\n\n    <div class=\"container\">\n\n        <div class=\"stars-of-product-module text-align-center  desktop--only--md\">\n\n            \n                            <div class=\"stars-of-product-module-titles\">\n                                            <h2 class=\"stars-of-product-module-title black uppercase back_color\">Las estrellas del producto<\/h2>\n                                    <\/div>\n            \n                            <div class=\"stars-of-product-module-content\">\n                    <p>Este tratamiento se ha estudiado meticulosamente, y cada producto ayuda a reponer los elementos esenciales del cabello grueso te\u00f1ido. Se utiliza regularmente en el Instituto Profesional Avani con excelentes resultados. El tratamiento incluye: el Champ\u00fa Nutrici\u00f3n Capilar Hind\u00fa; la Mascarilla Nutrici\u00f3n Capilar Hind\u00fa, que nutre en profundidad la fibra capilar; el Acondicionador Nutrici\u00f3n Capilar Hind\u00fa, que ayuda a nutrir y sellar la fibra capilar aport\u00e1ndole m\u00e1s suavidad, brillo y manejabilidad; Suero Reconstructor Capilar Indio que ayuda a tratar las puntas abiertas y el cabello quebradizo; Aceite Mudra que ayuda a nutrir el cabello d\u00e1ndole m\u00e1s brillo, manejabilidad y resistencia; Finalizador bif\u00e1sico Hair Cocktail que regenera la fibra; y Aceite de ricino org\u00e1nico para nutrir en profundidad el cuero cabelludo antes del lavado.  <\/p>\n\n                <\/div>\n            \n        <\/div>\n\n\n                    <div class=\"accordion   accordion-successive-first js-accordion not-found mobile--only--md stars-of-product-module text-align-center margin-top-between-modules back_color\">\n                <div class=\"accordion-container\">\n                    <div class=\"accordion-question space-between\">\n                                                    <h3 class=\"accordion-question-title uppercase back_color\">\n                                As Estrelas do Produto\n                            <\/h3>\n                                                <span class=\"accordion-arrow back_color\">&emsp;<\/span>\n                    <\/div>\n                    <div class=\"accordion-answer\">\n\n                        \n                                                    <div class=\"stars-of-product-module-content\">\n                                <p>Este tratamiento se ha estudiado meticulosamente, y cada producto ayuda a reponer los elementos esenciales del cabello grueso te\u00f1ido. Se utiliza regularmente en el Instituto Profesional Avani con excelentes resultados. El tratamiento incluye: el Champ\u00fa Nutrici\u00f3n Capilar Hind\u00fa; la Mascarilla Nutrici\u00f3n Capilar Hind\u00fa, que nutre en profundidad la fibra capilar; el Acondicionador Nutrici\u00f3n Capilar Hind\u00fa, que ayuda a nutrir y sellar la fibra capilar aport\u00e1ndole m\u00e1s suavidad, brillo y manejabilidad; Suero Reconstructor Capilar Indio que ayuda a tratar las puntas abiertas y el cabello quebradizo; Aceite Mudra que ayuda a nutrir el cabello d\u00e1ndole m\u00e1s brillo, manejabilidad y resistencia; Finalizador bif\u00e1sico Hair Cocktail que regenera la fibra; y Aceite de ricino org\u00e1nico para nutrir en profundidad el cuero cabelludo antes del lavado.  <\/p>\n\n                            <\/div>\n                                            <\/div>\n                <\/div>\n            <\/div>\n        \n    <\/div>\n<\/div>\n[\/vc_column][\/vc_row][vc_row full_width=&#8221;stretch_row_content_no_spaces&#8221; el_class=&#8221;text-align-center&#8221;][vc_column]<div class=\"container\">\n\t<div class=\"usability-tips-and-secrets-module desktop--only--md\">\n\n\t\t<div class=\"usability-tips-and-secrets-module-content-wrapper full-width-container\">\n\n\t\t\t\n\t\t\t\t\t\t\t<div class=\"usability-tips-and-secrets-module-content usability-tips-and-secrets-module-content--bordered margin-top-between-modules\">\n\t\t\t\t\t\t\t\t\t\t\t<h2 class=\"uppercase black\">Como usar<\/h2>\n\t\t\t\t\t\n\t\t\t\t\t\t\t\t\t\t\t<p>1) Quando lavar o cabelo recomendamos que fa\u00e7a sempre duas lavagens, porque esse \u00e9 o procedimento que a torna verdadeiramente eficaz. 2) Ap\u00f3s retirar o excesso de \u00e1gua com uma toalha de prefer\u00eancia, aplicar a m\u00e1scara madeixa a madeixa deixando actuar pelo menos durante 4 minutos e enxaguar. 3) Aplicar o Condicionador nos meios e pontas e deixar actuar durante 1 minuto. De seguida, enxaguar. 4) Agitar bem o Hair Cocktail, as duas partes misturam-se resultando numa explos\u00e3o dos ingredientes proporcionando assim um brilho e sa\u00fade incr\u00edvel aos fios! Aplicar antes de escovar os cabelos (evita a quebra dos fios), e pode tamb\u00e9m ser usado no dia seguinte \u00e0 lavagem para dar mais brilho. 5) Aplicar meia ervilha do S\u00e9rum Indian Hair Rebuild na palma das m\u00e3os, espalhar bem e aplicar nas pontas. Aplicar diariamente \u00e0 noite. 6) Aplicar meia ervilha do Mudra na palma das m\u00e3os, espalhar bem e aplicar nas pontas. Aplicar diariamente todas as manh\u00e3s. 7) O \u00f3leo de r\u00edcino deve ser massajado no couro cabeludo umas horas antes de lavar o cabelo.<\/p>\n\n\t\t\t\t\t\t\t\t\t<\/div>\n\t\t\t\n\t\t\t\t\t<\/div>\n\t<\/div>\n\n\t\t\t<div class=\"mobile--only--md usability-tips-and-secrets-module text-align-center margin-top-between-modules usability-tips-and-secrets-module-video\">\n\t\t\t\t\t<\/div>\n\t\n\t\t\t<div class=\"accordion accordion-successive  js-accordion not-found mobile--only--md usability-tips-and-secrets-module text-align-center margin-top-between-modules back_color\">\n\t\t\t<div class=\"accordion-container\">\n\t\t\t\t<div class=\"accordion-question space-between\">\n\t\t\t\t\t\t\t\t\t\t\t<h3 class=\"accordion-question-title uppercase back_color\">\n\t\t\t\t\t\t\tComo usar\n\t\t\t\t\t\t<\/h3>\n\t\t\t\t\t\n\t\t\t\t\t<span class=\"accordion-arrow back_color\">&emsp;<\/span>\n\t\t\t\t<\/div>\n\t\t\t\t<div class=\"accordion-answer\">\n\t\t\t\t\t\t\t\t\t\t\t<div class=\"usability-tips-and-secrets-module-content\">\n\t\t\t\t\t\t\t<p>1) Quando lavar o cabelo recomendamos que fa\u00e7a sempre duas lavagens, porque esse \u00e9 o procedimento que a torna verdadeiramente eficaz. 2) Ap\u00f3s retirar o excesso de \u00e1gua com uma toalha de prefer\u00eancia, aplicar a m\u00e1scara madeixa a madeixa deixando actuar pelo menos durante 4 minutos e enxaguar. 3) Aplicar o Condicionador nos meios e pontas e deixar actuar durante 1 minuto. De seguida, enxaguar. 4) Agitar bem o Hair Cocktail, as duas partes misturam-se resultando numa explos\u00e3o dos ingredientes proporcionando assim um brilho e sa\u00fade incr\u00edvel aos fios! Aplicar antes de escovar os cabelos (evita a quebra dos fios), e pode tamb\u00e9m ser usado no dia seguinte \u00e0 lavagem para dar mais brilho. 5) Aplicar meia ervilha do S\u00e9rum Indian Hair Rebuild na palma das m\u00e3os, espalhar bem e aplicar nas pontas. Aplicar diariamente \u00e0 noite. 6) Aplicar meia ervilha do Mudra na palma das m\u00e3os, espalhar bem e aplicar nas pontas. Aplicar diariamente todas as manh\u00e3s. 7) O \u00f3leo de r\u00edcino deve ser massajado no couro cabeludo umas horas antes de lavar o cabelo.<\/p>\n\n\t\t\t\t\t\t<\/div>\n\t\t\t\t\t\t\t\t\t<\/div>\n\t\t\t<\/div>\n\t\t<\/div>\n\t\n\t<\/div>\n[\/vc_column][\/vc_row][vc_row full_width=&#8221;stretch_row_content_no_spaces&#8221; el_class=&#8221;text-align-center&#8221;][vc_column]<div class=\"container \">\n\n    <div class=\"content-default-module text-align-center margin-top-between-modules\n        \n        \n        \n        \n        \n        \n        desktop--only--md\"\n        style=\"margin-bottom: 0px;\"\n    >\n\n                <div class=\"content-default-module-titles\">\n                            <h2 class=\"content-default-module-title uppercase black\">Dicas &amp; Segredos<\/h2>\n            \n                    <\/div>\n        \n                    <div class=\"content-default-module-content\">\n                <p>Para uma lavagem mais suave e nutritiva fazer a segunda lavagem com o <a href=\"https:\/\/www.avani.pt\/p\/condicionador-co-wash-krishna-curls-250-ml\/\">Creme sem espuma CoWash<\/a>. Se utilizar ferramentas t\u00e9rmicas aplicar antes o protetor <a href=\"https:\/\/www.avani.pt\/p\/spray-bifasico-protector-termico-uv-surya-200ml-vegan\/\">Surya Thermic<\/a>.<\/p>\n\n            <\/div>\n        \n        \n        \n\n        \n\n\n    <\/div>\n\n\n            <div class=\"accordion accordion-successive   js-accordion not-found mobile--only--md content-default-module text-align-center margin-top-between-modules back_color\">\n            <div class=\"accordion-container\">\n                <div class=\"accordion-question space-between\">\n                                            <h3 class=\"accordion-question-title uppercase back_color\">\n                            Dicas &amp; Segredos\n                        <\/h3>\n                                        <span class=\"accordion-arrow back_color\">&emsp;<\/span>\n                <\/div>\n                <div class=\"accordion-answer\">\n                    \n                                            <div class=\"content-default-module-content\">\n                            <p>Para uma lavagem mais suave e nutritiva fazer a segunda lavagem com o <a href=\"https:\/\/www.avani.pt\/p\/condicionador-co-wash-krishna-curls-250-ml\/\">Creme sem espuma CoWash<\/a>. Se utilizar ferramentas t\u00e9rmicas aplicar antes o protetor <a href=\"https:\/\/www.avani.pt\/p\/spray-bifasico-protector-termico-uv-surya-200ml-vegan\/\">Surya Thermic<\/a>.<\/p>\n\n                        <\/div>\n                    \n                    \n                                    <\/div>\n            <\/div>\n        <\/div>\n    \n<\/div>\n<div class=\"container \">\n\n    <div class=\"content-default-module text-align-center margin-top-between-modules\n        \n        \n        \n        \n        \n        \n        desktop--only--md\"\n        style=\"margin-bottom: 0px;\"\n    >\n\n                <div class=\"content-default-module-titles\">\n                            <h2 class=\"content-default-module-title uppercase black\">Detalhes<\/h2>\n            \n                    <\/div>\n        \n                    <div class=\"content-default-module-content\">\n                <p><strong>Este tratamento \u00e9 composto por:<\/strong><\/p>\n<p><a href=\"https:\/\/www.avani.pt\/p\/condicionador-nutritivo-cabelo-muito-seco-indian-hair-250ml\/\">Condicionador Indian Hair Nutrition 250 ml<\/a><\/p>\n<p><a href=\"https:\/\/www.avani.pt\/p\/creme-selador-pontas-rebuilt-pontas-espigadas-e-abertas\/\">Creme Selador de Pontas Indian Hair Rebuild 100ml<\/a><\/p>\n<p><a href=\"https:\/\/www.avani.pt\/p\/oleo-de-ricino-100ml\/\">\u00d3leo de R\u00edcino 100 ml<\/a><\/p>\n<p><a href=\"https:\/\/www.avani.pt\/p\/shampoo-nutritivo-cabelo-muito-seco-indian-hair-250ml\/\">Shampoo Indian Hair Nutrition 250 ml<\/a><\/p>\n<p><a href=\"https:\/\/www.avani.pt\/p\/spray-condicionador-bifasico-hair-cocktail-250ml\/\">Finalizador Bif\u00e1sico Regenerador Hair Cocktail 250 ml<\/a><\/p>\n<p><a href=\"https:\/\/www.avani.pt\/p\/mascara-cabelo-muito-seco-indian-hair-500ml\/\">M\u00e1scara Indian Hair Nutrition 500 ml<\/a><\/p>\n<p><a href=\"https:\/\/www.avani.pt\/p\/oleo-capilar-argan-e-macadamia-nutritivo-cabelos-secos-250ml-2\/\">Mudra Oil 115 ml<\/a><\/p>\n\n            <\/div>\n        \n        \n        \n\n        \n\n\n    <\/div>\n\n\n            <div class=\"accordion accordion-successive   js-accordion not-found mobile--only--md content-default-module text-align-center margin-top-between-modules back_color\">\n            <div class=\"accordion-container\">\n                <div class=\"accordion-question space-between\">\n                                            <h3 class=\"accordion-question-title uppercase back_color\">\n                            Detalhes\n                        <\/h3>\n                                        <span class=\"accordion-arrow back_color\">&emsp;<\/span>\n                <\/div>\n                <div class=\"accordion-answer\">\n                    \n                                            <div class=\"content-default-module-content\">\n                            <p><strong>Este tratamento \u00e9 composto por:<\/strong><\/p>\n<p><a href=\"https:\/\/www.avani.pt\/p\/condicionador-nutritivo-cabelo-muito-seco-indian-hair-250ml\/\">Condicionador Indian Hair Nutrition 250 ml<\/a><\/p>\n<p><a href=\"https:\/\/www.avani.pt\/p\/creme-selador-pontas-rebuilt-pontas-espigadas-e-abertas\/\">Creme Selador de Pontas Indian Hair Rebuild 100ml<\/a><\/p>\n<p><a href=\"https:\/\/www.avani.pt\/p\/oleo-de-ricino-100ml\/\">\u00d3leo de R\u00edcino 100 ml<\/a><\/p>\n<p><a href=\"https:\/\/www.avani.pt\/p\/shampoo-nutritivo-cabelo-muito-seco-indian-hair-250ml\/\">Shampoo Indian Hair Nutrition 250 ml<\/a><\/p>\n<p><a href=\"https:\/\/www.avani.pt\/p\/spray-condicionador-bifasico-hair-cocktail-250ml\/\">Finalizador Bif\u00e1sico Regenerador Hair Cocktail 250 ml<\/a><\/p>\n<p><a href=\"https:\/\/www.avani.pt\/p\/mascara-cabelo-muito-seco-indian-hair-500ml\/\">M\u00e1scara Indian Hair Nutrition 500 ml<\/a><\/p>\n<p><a href=\"https:\/\/www.avani.pt\/p\/oleo-capilar-argan-e-macadamia-nutritivo-cabelos-secos-250ml-2\/\">Mudra Oil 115 ml<\/a><\/p>\n\n                        <\/div>\n                    \n                    \n                                    <\/div>\n            <\/div>\n        <\/div>\n    \n<\/div>\n<div class=\"tip-products margin-top-between-modules default\">\n    <div class=\"container\">\n                    <h2 class=\"title\">\n                comprar individualmente\n            <\/h2>\n        \n        \n        <div class=\"products-container\">\n                    <\/div>\n\n    <\/div>\n<\/div>\n[\/vc_column][\/vc_row]<\/p>\n<\/div>","protected":false},"excerpt":{"rendered":"<p>El cabello grueso te\u00f1ido necesita m\u00e1s hidrataci\u00f3n y nutrici\u00f3n. Este tratamiento est\u00e1 compuesto por siete productos altamente hidratantes, nutritivos y regeneradores. El cabello recupera su estructura perdida y recibe nutrici\u00f3n e hidrataci\u00f3n. El resultado es un cabello m\u00e1s sano y nutrido.   <\/p>\n","protected":false},"featured_media":76778,"comment_status":"open","ping_status":"closed","template":"","meta":{"_acf_changed":false},"product_brand":[],"product_cat":[465,471,479,436],"product_tag":[],"class_list":{"0":"post-78237","1":"product","2":"type-product","3":"status-publish","4":"has-post-thumbnail","6":"product_cat-atencion","7":"product_cat-avani-en-exclusiva","8":"product_cat-cabello-grueso-tratamientos-exclusivos-avani","9":"product_cat-cabello-seco-nutricion","11":"first","12":"instock","13":"taxable","14":"shipping-taxable","15":"purchasable","16":"product-type-simple"},"acf":[],"wooqr_code":"","_links":{"self":[{"href":"https:\/\/www.avani.pt\/es\/wp-json\/wp\/v2\/product\/78237","targetHints":{"allow":["GET"]}}],"collection":[{"href":"https:\/\/www.avani.pt\/es\/wp-json\/wp\/v2\/product"}],"about":[{"href":"https:\/\/www.avani.pt\/es\/wp-json\/wp\/v2\/types\/product"}],"replies":[{"embeddable":true,"href":"https:\/\/www.avani.pt\/es\/wp-json\/wp\/v2\/comments?post=78237"}],"wp:featuredmedia":[{"embeddable":true,"href":"https:\/\/www.avani.pt\/es\/wp-json\/wp\/v2\/media\/76778"}],"wp:attachment":[{"href":"https:\/\/www.avani.pt\/es\/wp-json\/wp\/v2\/media?parent=78237"}],"wp:term":[{"taxonomy":"product_brand","embeddable":true,"href":"https:\/\/www.avani.pt\/es\/wp-json\/wp\/v2\/product_brand?post=78237"},{"taxonomy":"product_cat","embeddable":true,"href":"https:\/\/www.avani.pt\/es\/wp-json\/wp\/v2\/product_cat?post=78237"},{"taxonomy":"product_tag","embeddable":true,"href":"https:\/\/www.avani.pt\/es\/wp-json\/wp\/v2\/product_tag?post=78237"}],"curies":[{"name":"wp","href":"https:\/\/api.w.org\/{rel}","templated":true}]}}