{"id":78246,"date":"2023-11-07T15:47:37","date_gmt":"2023-11-07T15:47:37","guid":{"rendered":"https:\/\/www.avani.pt\/p\/regalo-especial-i-ritual-de-los-sentidos-para-el-bano\/"},"modified":"2025-10-21T12:02:37","modified_gmt":"2025-10-21T11:02:37","slug":"regalo-especial-i-ritual-de-los-sentidos-para-el-bano","status":"publish","type":"product","link":"https:\/\/www.avani.pt\/es\/p\/regalo-especial-i-ritual-de-los-sentidos-para-el-bano\/","title":{"rendered":"Regalo Especial I Ritual de los Sentidos para el Ba\u00f1o"},"content":{"rendered":"<div class=\"wpb-content-wrapper\"><p>[vc_row full_width=&#8221;stretch_row_content_no_spaces&#8221; el_class=&#8221;text-align-center&#8221;][vc_column]<div class=\"stars-of-product-module-wrapper margin-top-between-modules\">\n    <img decoding=\"async\" class=\"stars-of-product-module-left-image-design\" src=\"\/dist\/images\/stars_product_module_design.png\">\n    <img decoding=\"async\" class=\"stars-of-product-module-right-image-design\" src=\"\/dist\/images\/stars_product_module_design.png\">\n\n    <div class=\"container\">\n\n        <div class=\"stars-of-product-module text-align-center  desktop--only--md\">\n\n                            <div class=\"star-rating\">\n                                            <i class=\"fa fa-star\"><\/i>\n                                            <i class=\"fa fa-star\"><\/i>\n                                            <i class=\"fa fa-star\"><\/i>\n                                            <i class=\"fa fa-star\"><\/i>\n                                            <i class=\"fa fa-star\"><\/i>\n                                    <\/div>\n            \n                            <div class=\"stars-of-product-module-titles\">\n                                            <h2 class=\"stars-of-product-module-title black uppercase back_color\">Las estrellas del producto<\/h2>\n                                    <\/div>\n            \n                            <div class=\"stars-of-product-module-content\">\n                    <p>Gel de ducha hidratante, 97% natural, con un aroma adictivo igual que la Gama Cabello Indio Vitaminado, nuestro Top Ventas. El ba\u00f1o es un ritual, un momento \u00fanico y relajante; ayuda a eliminar las energ\u00edas negativas y a cultivar el amor propio. En la antigua lengua s\u00e1nscrita india, &#8220;Snana&#8221; es el nombre que se da al ritual del ba\u00f1o, considerado un acto sagrado seg\u00fan la antigua filosof\u00eda hind\u00fa: \u00a1un momento de purificaci\u00f3n y rejuvenecimiento! Perfecto para elevar tu ba\u00f1o a un ritual de los sentidos con este gel compuesto de Aloe vera refrescante y la fruta celestial Amla, muy rica en antioxidantes.<\/p>\n\n                <\/div>\n            \n        <\/div>\n\n\n                    <div class=\"accordion   accordion-successive-first js-accordion not-found mobile--only--md stars-of-product-module text-align-center margin-top-between-modules back_color\">\n                <div class=\"accordion-container\">\n                    <div class=\"accordion-question space-between\">\n                                                    <h3 class=\"accordion-question-title uppercase back_color\">\n                                Las estrellas del producto\n                            <\/h3>\n                                                <span class=\"accordion-arrow back_color\">&emsp;<\/span>\n                    <\/div>\n                    <div class=\"accordion-answer\">\n\n                                                    <div class=\"star-rating\">\n                                                            <\/div>\n                        \n                                                    <div class=\"stars-of-product-module-content\">\n                                <p>Gel de ducha hidratante, 97% natural, con un aroma adictivo igual que la Gama Cabello Indio Vitaminado, nuestro Top Ventas. El ba\u00f1o es un ritual, un momento \u00fanico y relajante; ayuda a eliminar las energ\u00edas negativas y a cultivar el amor propio. En la antigua lengua s\u00e1nscrita india, &#8220;Snana&#8221; es el nombre que se da al ritual del ba\u00f1o, considerado un acto sagrado seg\u00fan la antigua filosof\u00eda hind\u00fa: \u00a1un momento de purificaci\u00f3n y rejuvenecimiento! Perfecto para elevar tu ba\u00f1o a un ritual de los sentidos con este gel compuesto de Aloe vera refrescante y la fruta celestial Amla, muy rica en antioxidantes.<\/p>\n\n                            <\/div>\n                                            <\/div>\n                <\/div>\n            <\/div>\n        \n    <\/div>\n<\/div>\n[\/vc_column][\/vc_row][vc_row full_width=&#8221;stretch_row_content_no_spaces&#8221; el_class=&#8221;text-align-center&#8221;][vc_column]<div class=\"container\">\n\t<div class=\"usability-tips-and-secrets-module desktop--only--md\">\n\n\t\t<div class=\"usability-tips-and-secrets-module-content-wrapper full-width-container\">\n\n\t\t\t\n\t\t\t\t\t\t\t<div class=\"usability-tips-and-secrets-module-content usability-tips-and-secrets-module-content--bordered margin-top-between-modules\">\n\t\t\t\t\t\t\t\t\t\t\t<h2 class=\"uppercase black\">C&oacute;mo utilizar<\/h2>\n\t\t\t\t\t\n\t\t\t\t\t\t\t\t\t\t\t<p>Haz una ligera espuma aplicando este gel perfumado sobre la piel h\u00fameda con movimientos suaves por todo el cuerpo, y luego aclara para completar el ritual de Snana.<\/p>\n\n\t\t\t\t\t\t\t\t\t<\/div>\n\t\t\t\n\t\t\t\t\t<\/div>\n\t<\/div>\n\n\t\t\t<div class=\"mobile--only--md usability-tips-and-secrets-module text-align-center margin-top-between-modules usability-tips-and-secrets-module-video\">\n\t\t\t\t\t<\/div>\n\t\n\t\t\t<div class=\"accordion accordion-successive  js-accordion not-found mobile--only--md usability-tips-and-secrets-module text-align-center margin-top-between-modules back_color\">\n\t\t\t<div class=\"accordion-container\">\n\t\t\t\t<div class=\"accordion-question space-between\">\n\t\t\t\t\t\t\t\t\t\t\t<h3 class=\"accordion-question-title uppercase back_color\">\n\t\t\t\t\t\t\tC&oacute;mo utilizar\n\t\t\t\t\t\t<\/h3>\n\t\t\t\t\t\n\t\t\t\t\t<span class=\"accordion-arrow back_color\">&emsp;<\/span>\n\t\t\t\t<\/div>\n\t\t\t\t<div class=\"accordion-answer\">\n\t\t\t\t\t\t\t\t\t\t\t<div class=\"usability-tips-and-secrets-module-content\">\n\t\t\t\t\t\t\t<p>Haz una ligera espuma aplicando este gel perfumado sobre la piel h\u00fameda con movimientos suaves por todo el cuerpo, y luego aclara para completar el ritual de Snana.<\/p>\n\n\t\t\t\t\t\t<\/div>\n\t\t\t\t\t\t\t\t\t<\/div>\n\t\t\t<\/div>\n\t\t<\/div>\n\t\n\t<\/div>\n[\/vc_column][\/vc_row][vc_row full_width=&#8221;stretch_row_content_no_spaces&#8221; el_class=&#8221;text-align-center&#8221;][vc_column]<div class=\"container \">\n\n    <div class=\"content-default-module text-align-center margin-top-between-modules\n        \n        \n        \n        \n        \n        \n        desktop--only--md\"\n        style=\"margin-bottom: 0px;\"\n    >\n\n                <div class=\"content-default-module-titles\">\n                            <h2 class=\"content-default-module-title uppercase black\">Consejos y secretos<\/h2>\n            \n                    <\/div>\n        \n                    <div class=\"content-default-module-content\">\n                <p>Aplica <a href=\"https:\/\/www.avani.pt\/es\/p\/ritual-sneha-i-aceite-de-masaje-de-inspiracion-ayurvedica-500ml\/\">el Aceite Ritual Sneha<\/a> inmediatamente despu\u00e9s del ba\u00f1o, e hidrata la piel con la crema corporal Dharma, que tiene el mismo aroma indio.<\/p>\n\n            <\/div>\n        \n        \n        \n\n        \n\n\n    <\/div>\n\n\n            <div class=\"accordion accordion-successive   js-accordion not-found mobile--only--md content-default-module text-align-center margin-top-between-modules back_color\">\n            <div class=\"accordion-container\">\n                <div class=\"accordion-question space-between\">\n                                            <h3 class=\"accordion-question-title uppercase back_color\">\n                            Consejos y secretos\n                        <\/h3>\n                                        <span class=\"accordion-arrow back_color\">&emsp;<\/span>\n                <\/div>\n                <div class=\"accordion-answer\">\n                    \n                                            <div class=\"content-default-module-content\">\n                            <p>Aplica <a href=\"https:\/\/www.avani.pt\/es\/p\/ritual-sneha-i-aceite-de-masaje-de-inspiracion-ayurvedica-500ml\/\">el Aceite Ritual Sneha<\/a> inmediatamente despu\u00e9s del ba\u00f1o, e hidrata la piel con la crema corporal Dharma, que tiene el mismo aroma indio.<\/p>\n\n                        <\/div>\n                    \n                    \n                                    <\/div>\n            <\/div>\n        <\/div>\n    \n<\/div>\n<div class=\"container \">\n\n    <div class=\"content-default-module text-align-center margin-top-between-modules\n        \n        \n        \n        \n        \n        \n        desktop--only--md\"\n        style=\"margin-bottom: 0px;\"\n    >\n\n                <div class=\"content-default-module-titles\">\n                            <h2 class=\"content-default-module-title uppercase black\">Composici&oacute;n<\/h2>\n            \n                    <\/div>\n        \n                    <div class=\"content-default-module-content\">\n                <\/p>\n<p style=\"text-align: left;\"><strong>Aloe Vera |<\/strong> Conocida entre los egipcios como la planta de la inmortalidad, el aloe vera es una de las plantas medicinales m\u00e1s buscadas. Conocida por sus propiedades terap\u00e9uticas, proporciona vitalidad, salud y belleza a la piel. Rico en propiedades antiinflamatorias, antibacterianas, antis\u00e9pticas, antif\u00fangicas, antioxidantes y refrescantes, es excelente para prevenir problemas cut\u00e1neos. Regenera las c\u00e9lulas, rejuvenece e hidrata profundamente la dermis. Es rico en \u00e1cido salic\u00edlico, un compuesto con propiedades exfoliantes y seborreguladoras, que ayuda a combatir los problemas de la piel hidrat\u00e1ndola en profundidad.    <\/p>\n<p><strong>Amla | <\/strong>Una de las frutas m\u00e1s antiguas y ampliamente utilizada en la medicina ayurv\u00e9dica india, hoy se reconoce como una de las fuentes naturales m\u00e1s ricas en vitamina C. Una de las cualidades m\u00e1s notables y populares del amla es su efecto sobre la piel. Muy rico en antioxidantes, ayuda a regenerar y ralentizar el proceso de envejecimiento, dando a la piel una textura m\u00e1s suave.<\/p>\n\n            <\/div>\n        \n        \n        \n\n        \n\n\n    <\/div>\n\n\n            <div class=\"accordion accordion-successive   js-accordion not-found mobile--only--md content-default-module text-align-center margin-top-between-modules back_color\">\n            <div class=\"accordion-container\">\n                <div class=\"accordion-question space-between\">\n                                            <h3 class=\"accordion-question-title uppercase back_color\">\n                            Composici&oacute;n\n                        <\/h3>\n                                        <span class=\"accordion-arrow back_color\">&emsp;<\/span>\n                <\/div>\n                <div class=\"accordion-answer\">\n                    \n                                            <div class=\"content-default-module-content\">\n                            <\/p>\n<p style=\"text-align: left;\"><strong>Aloe Vera |<\/strong> Conocida entre los egipcios como la planta de la inmortalidad, el aloe vera es una de las plantas medicinales m\u00e1s buscadas. Conocida por sus propiedades terap\u00e9uticas, proporciona vitalidad, salud y belleza a la piel. Rico en propiedades antiinflamatorias, antibacterianas, antis\u00e9pticas, antif\u00fangicas, antioxidantes y refrescantes, es excelente para prevenir problemas cut\u00e1neos. Regenera las c\u00e9lulas, rejuvenece e hidrata profundamente la dermis. Es rico en \u00e1cido salic\u00edlico, un compuesto con propiedades exfoliantes y seborreguladoras, que ayuda a combatir los problemas de la piel hidrat\u00e1ndola en profundidad.    <\/p>\n<p><strong>Amla | <\/strong>Una de las frutas m\u00e1s antiguas y ampliamente utilizada en la medicina ayurv\u00e9dica india, hoy se reconoce como una de las fuentes naturales m\u00e1s ricas en vitamina C. Una de las cualidades m\u00e1s notables y populares del amla es su efecto sobre la piel. Muy rico en antioxidantes, ayuda a regenerar y ralentizar el proceso de envejecimiento, dando a la piel una textura m\u00e1s suave.<\/p>\n\n                        <\/div>\n                    \n                    \n                                    <\/div>\n            <\/div>\n        <\/div>\n    \n<\/div>\n<div class=\"container \">\n\n    <div class=\"content-default-module text-align-center margin-top-between-modules\n        \n        \n        \n        \n        \n        \n        desktop--only--md\"\n        style=\"margin-bottom: 0px;\"\n    >\n\n                <div class=\"content-default-module-titles\">\n                            <h2 class=\"content-default-module-title uppercase black\">Ingredientes<\/h2>\n            \n                    <\/div>\n        \n                    <div class=\"content-default-module-content\">\n                <\/p>\n<p style=\"text-align: left;\">Aqua, coco-gluc\u00f3sido, glicerina, coco-beta\u00edna, cocoyl glutamato dis\u00f3dico, parfum,<br \/>\ngoma xantana, dioleato de metilglucosa PEG-120, olivamfoacetato s\u00f3dico, tocoferol, aceite de semillas de Helianthus<br \/>\nannuus, zumo de hoja de Aloe barbadensis en polvo, extracto de fruta de Phylanthus emblica, \u00e1cido c\u00edtrico,<br \/>\nbenzoato s\u00f3dico, sorbato pot\u00e1sico.<\/p>\n<p>\n\n            <\/div>\n        \n        \n        \n\n        \n\n\n    <\/div>\n\n\n            <div class=\"accordion accordion-successive   js-accordion not-found mobile--only--md content-default-module text-align-center margin-top-between-modules back_color\">\n            <div class=\"accordion-container\">\n                <div class=\"accordion-question space-between\">\n                                            <h3 class=\"accordion-question-title uppercase back_color\">\n                            Ingredientes\n                        <\/h3>\n                                        <span class=\"accordion-arrow back_color\">&emsp;<\/span>\n                <\/div>\n                <div class=\"accordion-answer\">\n                    \n                                            <div class=\"content-default-module-content\">\n                            <\/p>\n<p style=\"text-align: left;\">Aqua, coco-gluc\u00f3sido, glicerina, coco-beta\u00edna, cocoyl glutamato dis\u00f3dico, parfum,<br \/>\ngoma xantana, dioleato de metilglucosa PEG-120, olivamfoacetato s\u00f3dico, tocoferol, aceite de semillas de Helianthus<br \/>\nannuus, zumo de hoja de Aloe barbadensis en polvo, extracto de fruta de Phylanthus emblica, \u00e1cido c\u00edtrico,<br \/>\nbenzoato s\u00f3dico, sorbato pot\u00e1sico.<\/p>\n<p>\n\n                        <\/div>\n                    \n                    \n                                    <\/div>\n            <\/div>\n        <\/div>\n    \n<\/div>\n[\/vc_column][\/vc_row]<\/p>\n<\/div>","protected":false},"excerpt":{"rendered":"<p dir=\"ltr\">Perfumado con la adictiva fragancia india. Limpia suavemente e hidrata la piel. Con la celestial fruta india amla, eleva la experiencia del ba\u00f1o. Un regalo especial, inspirado en la antigua India y fabricado en Portugal.   <\/p>\n","protected":false},"featured_media":76628,"comment_status":"open","ping_status":"closed","template":"","meta":{"_acf_changed":false},"product_brand":[],"product_cat":[634,633],"product_tag":[],"class_list":{"0":"post-78246","1":"product","2":"type-product","3":"status-publish","4":"has-post-thumbnail","6":"product_cat-navidad","7":"product_cat-un-regalo-especial","9":"first","10":"instock","11":"taxable","12":"shipping-taxable","13":"purchasable","14":"product-type-simple"},"acf":[],"wooqr_code":"","_links":{"self":[{"href":"https:\/\/www.avani.pt\/es\/wp-json\/wp\/v2\/product\/78246","targetHints":{"allow":["GET"]}}],"collection":[{"href":"https:\/\/www.avani.pt\/es\/wp-json\/wp\/v2\/product"}],"about":[{"href":"https:\/\/www.avani.pt\/es\/wp-json\/wp\/v2\/types\/product"}],"replies":[{"embeddable":true,"href":"https:\/\/www.avani.pt\/es\/wp-json\/wp\/v2\/comments?post=78246"}],"wp:featuredmedia":[{"embeddable":true,"href":"https:\/\/www.avani.pt\/es\/wp-json\/wp\/v2\/media\/76628"}],"wp:attachment":[{"href":"https:\/\/www.avani.pt\/es\/wp-json\/wp\/v2\/media?parent=78246"}],"wp:term":[{"taxonomy":"product_brand","embeddable":true,"href":"https:\/\/www.avani.pt\/es\/wp-json\/wp\/v2\/product_brand?post=78246"},{"taxonomy":"product_cat","embeddable":true,"href":"https:\/\/www.avani.pt\/es\/wp-json\/wp\/v2\/product_cat?post=78246"},{"taxonomy":"product_tag","embeddable":true,"href":"https:\/\/www.avani.pt\/es\/wp-json\/wp\/v2\/product_tag?post=78246"}],"curies":[{"name":"wp","href":"https:\/\/api.w.org\/{rel}","templated":true}]}}