{"id":78249,"date":"2023-05-19T15:21:24","date_gmt":"2023-05-19T14:21:24","guid":{"rendered":"https:\/\/www.avani.pt\/p\/lavado-especial-del-cuero-cabelludo-cuero-cabelludo-seco\/"},"modified":"2025-10-21T12:02:37","modified_gmt":"2025-10-21T11:02:37","slug":"lavado-especial-del-cuero-cabelludo-cuero-cabelludo-seco","status":"publish","type":"product","link":"https:\/\/www.avani.pt\/es\/p\/lavado-especial-del-cuero-cabelludo-cuero-cabelludo-seco\/","title":{"rendered":"Lavado especial del cuero cabelludo | Cuero cabelludo seco"},"content":{"rendered":"<div class=\"wpb-content-wrapper\"><p>[vc_row full_width=&#8221;stretch_row_content_no_spaces&#8221;][vc_column]<div class=\"stars-of-product-module-wrapper margin-top-between-modules\">\n    <img decoding=\"async\" class=\"stars-of-product-module-left-image-design\" src=\"\/dist\/images\/stars_product_module_design.png\">\n    <img decoding=\"async\" class=\"stars-of-product-module-right-image-design\" src=\"\/dist\/images\/stars_product_module_design.png\">\n\n    <div class=\"container\">\n\n        <div class=\"stars-of-product-module text-align-center  desktop--only--md\">\n\n                            <div class=\"star-rating\">\n                                            <i class=\"fa fa-star\"><\/i>\n                                            <i class=\"fa fa-star\"><\/i>\n                                            <i class=\"fa fa-star\"><\/i>\n                                            <i class=\"fa fa-star\"><\/i>\n                                            <i class=\"fa fa-star\"><\/i>\n                                    <\/div>\n            \n                            <div class=\"stars-of-product-module-titles\">\n                                            <h2 class=\"stars-of-product-module-title black uppercase back_color\">Las estrellas del producto<\/h2>\n                                    <\/div>\n            \n                            <div class=\"stars-of-product-module-content\">\n                    <p>Un cuero cabelludo muy seco puede mostrar signos como irritaci\u00f3n, escamas sueltas que se desprenden, finas pel\u00edculas blanquecinas visibles en la superficie del cuero cabelludo y alrededor de las puntas del pelo. Estas pel\u00edculas no se adhieren al cuero cabelludo, se desprenden con facilidad y pueden verse f\u00e1cilmente en la ropa m\u00e1s oscura. Elegir el champ\u00fa adecuado es esencial si quieres empezar a tratar el cabello desde la ra\u00edz al lavarlo. Te recomendamos que te laves el pelo con estos dos productos: el primero con el <a href=\"https:\/\/www.avani.pt\/es\/p\/champu-nutritivo-capilar-indio-250-ml-sin-sal\/\">Champ\u00fa Nutritivo Capilar Indio<\/a> ligero enriquecido con extracto de Ginkgo Biloba, Amla, Aceite de Arg\u00e1n, Aloe vera, ceramidas y D-pantenol, que nutre profundamente el cuero cabelludo; el segundo lavado debe hacerse con la <a href=\"https:\/\/www.avani.pt\/es\/p\/co-wash-krishna-rizos-lavado-hidratante-sin-espuma-250-ml\/\"><b>Crema sin Espuma Co-Wash<\/b><\/a>porque funciona como un champ\u00fa muy suave y finalizar\u00e1 el lavado evitando eliminar el exceso de grasa natural del cabello.<\/p>\n\n                <\/div>\n            \n        <\/div>\n\n\n                    <div class=\"accordion   accordion-successive-first js-accordion not-found mobile--only--md stars-of-product-module text-align-center margin-top-between-modules back_color\">\n                <div class=\"accordion-container\">\n                    <div class=\"accordion-question space-between\">\n                                                    <h3 class=\"accordion-question-title uppercase back_color\">\n                                Las estrellas del producto\n                            <\/h3>\n                                                <span class=\"accordion-arrow back_color\">&emsp;<\/span>\n                    <\/div>\n                    <div class=\"accordion-answer\">\n\n                                                    <div class=\"star-rating\">\n                                                            <\/div>\n                        \n                                                    <div class=\"stars-of-product-module-content\">\n                                <p>Un cuero cabelludo muy seco puede mostrar signos como irritaci\u00f3n, escamas sueltas que se desprenden, finas pel\u00edculas blanquecinas visibles en la superficie del cuero cabelludo y alrededor de las puntas del pelo. Estas pel\u00edculas no se adhieren al cuero cabelludo, se desprenden con facilidad y pueden verse f\u00e1cilmente en la ropa m\u00e1s oscura. Elegir el champ\u00fa adecuado es esencial si quieres empezar a tratar el cabello desde la ra\u00edz al lavarlo. Te recomendamos que te laves el pelo con estos dos productos: el primero con el <a href=\"https:\/\/www.avani.pt\/es\/p\/champu-nutritivo-capilar-indio-250-ml-sin-sal\/\">Champ\u00fa Nutritivo Capilar Indio<\/a> ligero enriquecido con extracto de Ginkgo Biloba, Amla, Aceite de Arg\u00e1n, Aloe vera, ceramidas y D-pantenol, que nutre profundamente el cuero cabelludo; el segundo lavado debe hacerse con la <a href=\"https:\/\/www.avani.pt\/es\/p\/co-wash-krishna-rizos-lavado-hidratante-sin-espuma-250-ml\/\"><b>Crema sin Espuma Co-Wash<\/b><\/a>porque funciona como un champ\u00fa muy suave y finalizar\u00e1 el lavado evitando eliminar el exceso de grasa natural del cabello.<\/p>\n\n                            <\/div>\n                                            <\/div>\n                <\/div>\n            <\/div>\n        \n    <\/div>\n<\/div>\n[\/vc_column][\/vc_row][vc_row full_width=&#8221;stretch_row_content_no_spaces&#8221; el_class=&#8221;text-align-center&#8221;][vc_column]<div class=\"container\">\n\t<div class=\"usability-tips-and-secrets-module desktop--only--md\">\n\n\t\t<div class=\"usability-tips-and-secrets-module-content-wrapper full-width-container\">\n\n\t\t\t\n\t\t\t\t\t\t\t<div class=\"usability-tips-and-secrets-module-content usability-tips-and-secrets-module-content--bordered margin-top-between-modules\">\n\t\t\t\t\t\t\t\t\t\t\t<h2 class=\"uppercase black\">C&oacute;mo utilizar<\/h2>\n\t\t\t\t\t\n\t\t\t\t\t\t\t\t\t\t\t<p>Aplica los dos champ\u00fas alternativamente en el mismo lavado. Comienza el lavado con el Champ\u00fa Nutrici\u00f3n Capilar India y el segundo lavado con la Crema Co-Lavado. <\/p>\n\n\t\t\t\t\t\t\t\t\t<\/div>\n\t\t\t\n\t\t\t\t\t<\/div>\n\t<\/div>\n\n\t\t\t<div class=\"mobile--only--md usability-tips-and-secrets-module text-align-center margin-top-between-modules usability-tips-and-secrets-module-video\">\n\t\t\t\t\t<\/div>\n\t\n\t\t\t<div class=\"accordion accordion-successive  js-accordion not-found mobile--only--md usability-tips-and-secrets-module text-align-center margin-top-between-modules back_color\">\n\t\t\t<div class=\"accordion-container\">\n\t\t\t\t<div class=\"accordion-question space-between\">\n\t\t\t\t\t\t\t\t\t\t\t<h3 class=\"accordion-question-title uppercase back_color\">\n\t\t\t\t\t\t\tC&oacute;mo utilizar\n\t\t\t\t\t\t<\/h3>\n\t\t\t\t\t\n\t\t\t\t\t<span class=\"accordion-arrow back_color\">&emsp;<\/span>\n\t\t\t\t<\/div>\n\t\t\t\t<div class=\"accordion-answer\">\n\t\t\t\t\t\t\t\t\t\t\t<div class=\"usability-tips-and-secrets-module-content\">\n\t\t\t\t\t\t\t<p>Aplica los dos champ\u00fas alternativamente en el mismo lavado. Comienza el lavado con el Champ\u00fa Nutrici\u00f3n Capilar India y el segundo lavado con la Crema Co-Lavado. <\/p>\n\n\t\t\t\t\t\t<\/div>\n\t\t\t\t\t\t\t\t\t<\/div>\n\t\t\t<\/div>\n\t\t<\/div>\n\t\n\t<\/div>\n[\/vc_column][\/vc_row][vc_row][vc_column]<div class=\"container \">\n\n    <div class=\"content-default-module text-align-center margin-top-between-modules\n        \n        \n        \n        \n        \n        \n        desktop--only--md\"\n        style=\"margin-bottom: 0px;\"\n    >\n\n                <div class=\"content-default-module-titles\">\n                            <h2 class=\"content-default-module-title uppercase black\">Consejos y secretos<\/h2>\n            \n                    <\/div>\n        \n                    <div class=\"content-default-module-content\">\n                <p>Para obtener los mejores resultados, recomendamos:<\/p>\n<p>-Poner cuatro gotas de <a href=\"https:\/\/www.avani.pt\/es\/p\/aceite-de-arbol-del-te-y-melaleuca-15ml\/\">Aceite de Melaleuca<\/a> en el Champ\u00fa <a href=\"https:\/\/www.avani.pt\/es\/p\/acondicionador-indian-hair-nutrition-250-ml-sin-sal\/\">Nutrici\u00f3n Capilar Indio<\/a> para conseguir un efecto antibacteriano natural;<\/p>\n<p>-Aplicar la <a href=\"https:\/\/www.avani.pt\/es\/p\/mascarilla-nutritiva-capilar-india-500-ml-nutritiva\/\">Mascarilla Nutrici\u00f3n Capilar Indio <\/a>para hidratar y nutrir los medios y las puntas del cabello;<\/p>\n<p>-Aplicar el Acondicionador Nutrici\u00f3n Capilar Indio como \u00faltimo paso del lavado para sellar la cut\u00edcula.<\/p>\n\n            <\/div>\n        \n        \n        \n\n        \n\n\n    <\/div>\n\n\n            <div class=\"accordion accordion-successive   js-accordion not-found mobile--only--md content-default-module text-align-center margin-top-between-modules back_color\">\n            <div class=\"accordion-container\">\n                <div class=\"accordion-question space-between\">\n                                            <h3 class=\"accordion-question-title uppercase back_color\">\n                            Consejos y secretos\n                        <\/h3>\n                                        <span class=\"accordion-arrow back_color\">&emsp;<\/span>\n                <\/div>\n                <div class=\"accordion-answer\">\n                    \n                                            <div class=\"content-default-module-content\">\n                            <p>Para obtener los mejores resultados, recomendamos:<\/p>\n<p>-Poner cuatro gotas de <a href=\"https:\/\/www.avani.pt\/es\/p\/aceite-de-arbol-del-te-y-melaleuca-15ml\/\">Aceite de Melaleuca<\/a> en el Champ\u00fa <a href=\"https:\/\/www.avani.pt\/es\/p\/acondicionador-indian-hair-nutrition-250-ml-sin-sal\/\">Nutrici\u00f3n Capilar Indio<\/a> para conseguir un efecto antibacteriano natural;<\/p>\n<p>-Aplicar la <a href=\"https:\/\/www.avani.pt\/es\/p\/mascarilla-nutritiva-capilar-india-500-ml-nutritiva\/\">Mascarilla Nutrici\u00f3n Capilar Indio <\/a>para hidratar y nutrir los medios y las puntas del cabello;<\/p>\n<p>-Aplicar el Acondicionador Nutrici\u00f3n Capilar Indio como \u00faltimo paso del lavado para sellar la cut\u00edcula.<\/p>\n\n                        <\/div>\n                    \n                    \n                                    <\/div>\n            <\/div>\n        <\/div>\n    \n<\/div>\n<div class=\"container \">\n\n    <div class=\"content-default-module text-align-center margin-top-between-modules\n        \n        \n        \n        \n        \n        \n        desktop--only--md\"\n        style=\"margin-bottom: 0px;\"\n    >\n\n                <div class=\"content-default-module-titles\">\n                            <h2 class=\"content-default-module-title uppercase black\">Detalles<\/h2>\n            \n                    <\/div>\n        \n                    <div class=\"content-default-module-content\">\n                <p>Compuesto por dos champ\u00fas:<\/p>\n<p><strong><a href=\"https:\/\/www.avani.pt\/es\/p\/champu-nutritivo-capilar-indio-250-ml-sin-sal\/\">Champ\u00fa Nutrici\u00f3n Capilar India 250 ml | Sin Sal<\/a><\/strong><\/p>\n<p><strong><a href=\"https:\/\/www.avani.pt\/es\/p\/co-wash-krishna-rizos-lavado-hidratante-sin-espuma-250-ml\/\">Co Wash Lavado Hidratante sin Espuma 250ml | Sin Sal<\/a><\/strong><a href=\"https:\/\/www.avani.pt\/es\/p\/co-wash-krishna-rizos-lavado-hidratante-sin-espuma-250-ml\/\"> Sal<\/a><\/p>\n\n            <\/div>\n        \n        \n        \n\n        \n\n\n    <\/div>\n\n\n            <div class=\"accordion accordion-successive   js-accordion not-found mobile--only--md content-default-module text-align-center margin-top-between-modules back_color\">\n            <div class=\"accordion-container\">\n                <div class=\"accordion-question space-between\">\n                                            <h3 class=\"accordion-question-title uppercase back_color\">\n                            Detalles\n                        <\/h3>\n                                        <span class=\"accordion-arrow back_color\">&emsp;<\/span>\n                <\/div>\n                <div class=\"accordion-answer\">\n                    \n                                            <div class=\"content-default-module-content\">\n                            <p>Compuesto por dos champ\u00fas:<\/p>\n<p><strong><a href=\"https:\/\/www.avani.pt\/es\/p\/champu-nutritivo-capilar-indio-250-ml-sin-sal\/\">Champ\u00fa Nutrici\u00f3n Capilar India 250 ml | Sin Sal<\/a><\/strong><\/p>\n<p><strong><a href=\"https:\/\/www.avani.pt\/es\/p\/co-wash-krishna-rizos-lavado-hidratante-sin-espuma-250-ml\/\">Co Wash Lavado Hidratante sin Espuma 250ml | Sin Sal<\/a><\/strong><a href=\"https:\/\/www.avani.pt\/es\/p\/co-wash-krishna-rizos-lavado-hidratante-sin-espuma-250-ml\/\"> Sal<\/a><\/p>\n\n                        <\/div>\n                    \n                    \n                                    <\/div>\n            <\/div>\n        <\/div>\n    \n<\/div>\n<div class=\"tip-products margin-top-between-modules default\">\n    <div class=\"container\">\n                    <h2 class=\"title\">\n                Comprar por separado\n            <\/h2>\n        \n        \n        <div class=\"products-container\">\n                    <\/div>\n\n    <\/div>\n<\/div>\n[\/vc_column][\/vc_row]<\/p>\n<\/div>","protected":false},"excerpt":{"rendered":"<p>El cuidado de lavado exclusivo de Avani consta de dos productos, que deben utilizarse alternativamente en el mismo lavado: el primer lavado con el Champ\u00fa Nutritivo Capilar Indio, rico en Ginkgo Biloba, Amla y Aceite de Arg\u00e1n, que nutren el cuero cabelludo; y el segundo lavado con la Crema Co Wash no espumosa, que act\u00faa como un champ\u00fa suave y termina el lavado sin despojar al cabello de sus aceites naturales.<\/p>\n","protected":false},"featured_media":75918,"comment_status":"open","ping_status":"closed","template":"","meta":{"_acf_changed":false},"product_brand":[],"product_cat":[465,637,448,592,630,156],"product_tag":[],"class_list":{"0":"post-78249","1":"product","2":"type-product","3":"status-publish","4":"has-post-thumbnail","6":"product_cat-atencion","7":"product_cat-cabello-danado-reparacion","8":"product_cat-problemas-del-cuero-cabelludo","9":"product_cat-recomendaciones-de-avani","11":"product_cat-cabelo","13":"first","14":"instock","15":"taxable","16":"shipping-taxable","17":"purchasable","18":"product-type-simple"},"acf":[],"wooqr_code":"","_links":{"self":[{"href":"https:\/\/www.avani.pt\/es\/wp-json\/wp\/v2\/product\/78249","targetHints":{"allow":["GET"]}}],"collection":[{"href":"https:\/\/www.avani.pt\/es\/wp-json\/wp\/v2\/product"}],"about":[{"href":"https:\/\/www.avani.pt\/es\/wp-json\/wp\/v2\/types\/product"}],"replies":[{"embeddable":true,"href":"https:\/\/www.avani.pt\/es\/wp-json\/wp\/v2\/comments?post=78249"}],"wp:featuredmedia":[{"embeddable":true,"href":"https:\/\/www.avani.pt\/es\/wp-json\/wp\/v2\/media\/75918"}],"wp:attachment":[{"href":"https:\/\/www.avani.pt\/es\/wp-json\/wp\/v2\/media?parent=78249"}],"wp:term":[{"taxonomy":"product_brand","embeddable":true,"href":"https:\/\/www.avani.pt\/es\/wp-json\/wp\/v2\/product_brand?post=78249"},{"taxonomy":"product_cat","embeddable":true,"href":"https:\/\/www.avani.pt\/es\/wp-json\/wp\/v2\/product_cat?post=78249"},{"taxonomy":"product_tag","embeddable":true,"href":"https:\/\/www.avani.pt\/es\/wp-json\/wp\/v2\/product_tag?post=78249"}],"curies":[{"name":"wp","href":"https:\/\/api.w.org\/{rel}","templated":true}]}}