{"id":78251,"date":"2023-05-03T14:43:09","date_gmt":"2023-05-03T13:43:09","guid":{"rendered":"https:\/\/www.avani.pt\/p\/lavado-especial-del-cuero-cabelludo-cabellos-danados-y-secos\/"},"modified":"2025-10-21T12:02:38","modified_gmt":"2025-10-21T11:02:38","slug":"lavado-especial-del-cuero-cabelludo-cabellos-danados-y-secos","status":"publish","type":"product","link":"https:\/\/www.avani.pt\/es\/p\/lavado-especial-del-cuero-cabelludo-cabellos-danados-y-secos\/","title":{"rendered":"Lavado especial del cuero cabelludo | Cabellos da\u00f1ados y secos"},"content":{"rendered":"<div class=\"wpb-content-wrapper\"><p>[vc_row full_width=&#8221;stretch_row_content_no_spaces&#8221;][vc_column]<div class=\"stars-of-product-module-wrapper margin-top-between-modules\">\n    <img decoding=\"async\" class=\"stars-of-product-module-left-image-design\" src=\"\/dist\/images\/stars_product_module_design.png\">\n    <img decoding=\"async\" class=\"stars-of-product-module-right-image-design\" src=\"\/dist\/images\/stars_product_module_design.png\">\n\n    <div class=\"container\">\n\n        <div class=\"stars-of-product-module text-align-center  desktop--only--md\">\n\n                            <div class=\"star-rating\">\n                                            <i class=\"fa fa-star\"><\/i>\n                                            <i class=\"fa fa-star\"><\/i>\n                                            <i class=\"fa fa-star\"><\/i>\n                                            <i class=\"fa fa-star\"><\/i>\n                                            <i class=\"fa fa-star\"><\/i>\n                                    <\/div>\n            \n                            <div class=\"stars-of-product-module-titles\">\n                                            <h2 class=\"stars-of-product-module-title black uppercase back_color\">Las estrellas del producto<\/h2>\n                                    <\/div>\n            \n                            <div class=\"stars-of-product-module-content\">\n                    <p>El cabello seco y da\u00f1ado por el trabajo t\u00e9cnico, el uso excesivo de herramientas t\u00e9rmicas u otros factores externos sufre una p\u00e9rdida de humedad en las partes internas del tallo capilar; se vuelve seco, quebradizo y propenso a la rotura. Elegir el champ\u00fa adecuado es esencial si quieres empezar a tratar tu cabello desde la ra\u00edz. Es importante aplicar un champ\u00fa reconstructor con ingredientes nutritivos y prote\u00ednicos que ayuden a reconstruir la fibra capilar. En este caso, recomendamos <g id=\"gid_0\">el Champ\u00fa Reconstructor Capilar Indio <\/g>con una innovadora tecnolog\u00eda MoringaBond dise\u00f1ada mediante el proceso de hidr\u00f3lisis de los distintos componentes de la moringa; la planta, las semillas y el aceite, lo que le confiere unas caracter\u00edsticas a\u00fan m\u00e1s potentes que la moringa en su estado natural. Como siempre recomendamos dos lavados, el segundo lavado debe hacerse con la <a href=\"https:\/\/www.avani.pt\/es\/p\/co-wash-krishna-rizos-lavado-hidratante-sin-espuma-250-ml\/\">Crema sin Espuma Co-Wash<\/a>, porque funciona como un champ\u00fa muy suave y finalizar\u00e1 el lavado evitando eliminar el exceso de aceites naturales del cabello.<\/p>\n\n                <\/div>\n            \n        <\/div>\n\n\n                    <div class=\"accordion   accordion-successive-first js-accordion not-found mobile--only--md stars-of-product-module text-align-center margin-top-between-modules back_color\">\n                <div class=\"accordion-container\">\n                    <div class=\"accordion-question space-between\">\n                                                    <h3 class=\"accordion-question-title uppercase back_color\">\n                                Las estrellas del producto\n                            <\/h3>\n                                                <span class=\"accordion-arrow back_color\">&emsp;<\/span>\n                    <\/div>\n                    <div class=\"accordion-answer\">\n\n                                                    <div class=\"star-rating\">\n                                                            <\/div>\n                        \n                                                    <div class=\"stars-of-product-module-content\">\n                                <p>El cabello seco y da\u00f1ado por el trabajo t\u00e9cnico, el uso excesivo de herramientas t\u00e9rmicas u otros factores externos sufre una p\u00e9rdida de humedad en las partes internas del tallo capilar; se vuelve seco, quebradizo y propenso a la rotura. Elegir el champ\u00fa adecuado es esencial si quieres empezar a tratar tu cabello desde la ra\u00edz. Es importante aplicar un champ\u00fa reconstructor con ingredientes nutritivos y prote\u00ednicos que ayuden a reconstruir la fibra capilar. En este caso, recomendamos <g id=\"gid_0\">el Champ\u00fa Reconstructor Capilar Indio <\/g>con una innovadora tecnolog\u00eda MoringaBond dise\u00f1ada mediante el proceso de hidr\u00f3lisis de los distintos componentes de la moringa; la planta, las semillas y el aceite, lo que le confiere unas caracter\u00edsticas a\u00fan m\u00e1s potentes que la moringa en su estado natural. Como siempre recomendamos dos lavados, el segundo lavado debe hacerse con la <a href=\"https:\/\/www.avani.pt\/es\/p\/co-wash-krishna-rizos-lavado-hidratante-sin-espuma-250-ml\/\">Crema sin Espuma Co-Wash<\/a>, porque funciona como un champ\u00fa muy suave y finalizar\u00e1 el lavado evitando eliminar el exceso de aceites naturales del cabello.<\/p>\n\n                            <\/div>\n                                            <\/div>\n                <\/div>\n            <\/div>\n        \n    <\/div>\n<\/div>\n[\/vc_column][\/vc_row][vc_row full_width=&#8221;stretch_row_content_no_spaces&#8221; el_class=&#8221;text-align-center&#8221;][vc_column]<div class=\"container\">\n\t<div class=\"usability-tips-and-secrets-module desktop--only--md\">\n\n\t\t<div class=\"usability-tips-and-secrets-module-content-wrapper full-width-container\">\n\n\t\t\t\n\t\t\t\t\t\t\t<div class=\"usability-tips-and-secrets-module-content usability-tips-and-secrets-module-content--bordered margin-top-between-modules\">\n\t\t\t\t\t\t\t\t\t\t\t<h2 class=\"uppercase black\">C&oacute;mo utilizar<\/h2>\n\t\t\t\t\t\n\t\t\t\t\t\t\t\t\t\t\t<p>Aplica los dos champ\u00fas alternativamente en el mismo lavado. Comienza el lavado con el Champ\u00fa Indian Hair Rebuild y el segundo lavado con la Crema Co-Lavado. <\/p>\n\n\t\t\t\t\t\t\t\t\t<\/div>\n\t\t\t\n\t\t\t\t\t<\/div>\n\t<\/div>\n\n\t\t\t<div class=\"mobile--only--md usability-tips-and-secrets-module text-align-center margin-top-between-modules usability-tips-and-secrets-module-video\">\n\t\t\t\t\t<\/div>\n\t\n\t\t\t<div class=\"accordion accordion-successive  js-accordion not-found mobile--only--md usability-tips-and-secrets-module text-align-center margin-top-between-modules back_color\">\n\t\t\t<div class=\"accordion-container\">\n\t\t\t\t<div class=\"accordion-question space-between\">\n\t\t\t\t\t\t\t\t\t\t\t<h3 class=\"accordion-question-title uppercase back_color\">\n\t\t\t\t\t\t\tC&oacute;mo utilizar\n\t\t\t\t\t\t<\/h3>\n\t\t\t\t\t\n\t\t\t\t\t<span class=\"accordion-arrow back_color\">&emsp;<\/span>\n\t\t\t\t<\/div>\n\t\t\t\t<div class=\"accordion-answer\">\n\t\t\t\t\t\t\t\t\t\t\t<div class=\"usability-tips-and-secrets-module-content\">\n\t\t\t\t\t\t\t<p>Aplica los dos champ\u00fas alternativamente en el mismo lavado. Comienza el lavado con el Champ\u00fa Indian Hair Rebuild y el segundo lavado con la Crema Co-Lavado. <\/p>\n\n\t\t\t\t\t\t<\/div>\n\t\t\t\t\t\t\t\t\t<\/div>\n\t\t\t<\/div>\n\t\t<\/div>\n\t\n\t<\/div>\n[\/vc_column][\/vc_row][vc_row][vc_column]<div class=\"container \">\n\n    <div class=\"content-default-module text-align-center margin-top-between-modules\n        \n        \n        \n        \n        \n        \n        desktop--only--md\"\n        style=\"margin-bottom: 0px;\"\n    >\n\n                <div class=\"content-default-module-titles\">\n                            <h2 class=\"content-default-module-title uppercase black\">Consejos y secretos<\/h2>\n            \n                    <\/div>\n        \n                    <div class=\"content-default-module-content\">\n                <p>Para obtener mejores resultados, recomendamos:<\/p>\n<p>-Aplicar la <a href=\"https:\/\/www.avani.pt\/es\/p\/mascarilla-reconstructiva-capilar-india-500-ml-reconstructiva\/\">Mascarilla<\/a> <a href=\"https:\/\/www.avani.pt\/es\/p\/acondicionador-indian-hair-rebuild-250-ml-sin-sal\/\">Reconstructiva Capilar Hind\u00fa para hidratar y nutrir los medios y las puntas del cabello;<\/p>\n<p>-Aplicar el Acondicionador Reconstructivo Capilar Hind\u00fa<\/a> como \u00faltimo paso del lavado para sellar la cut\u00edcula.<\/p>\n\n            <\/div>\n        \n        \n        \n\n        \n\n\n    <\/div>\n\n\n            <div class=\"accordion accordion-successive   js-accordion not-found mobile--only--md content-default-module text-align-center margin-top-between-modules back_color\">\n            <div class=\"accordion-container\">\n                <div class=\"accordion-question space-between\">\n                                            <h3 class=\"accordion-question-title uppercase back_color\">\n                            Consejos y secretos\n                        <\/h3>\n                                        <span class=\"accordion-arrow back_color\">&emsp;<\/span>\n                <\/div>\n                <div class=\"accordion-answer\">\n                    \n                                            <div class=\"content-default-module-content\">\n                            <p>Para obtener mejores resultados, recomendamos:<\/p>\n<p>-Aplicar la <a href=\"https:\/\/www.avani.pt\/es\/p\/mascarilla-reconstructiva-capilar-india-500-ml-reconstructiva\/\">Mascarilla<\/a> <a href=\"https:\/\/www.avani.pt\/es\/p\/acondicionador-indian-hair-rebuild-250-ml-sin-sal\/\">Reconstructiva Capilar Hind\u00fa para hidratar y nutrir los medios y las puntas del cabello;<\/p>\n<p>-Aplicar el Acondicionador Reconstructivo Capilar Hind\u00fa<\/a> como \u00faltimo paso del lavado para sellar la cut\u00edcula.<\/p>\n\n                        <\/div>\n                    \n                    \n                                    <\/div>\n            <\/div>\n        <\/div>\n    \n<\/div>\n<div class=\"container \">\n\n    <div class=\"content-default-module text-align-center margin-top-between-modules\n        \n        \n        \n        \n        \n        \n        desktop--only--md\"\n        style=\"margin-bottom: 0px;\"\n    >\n\n                <div class=\"content-default-module-titles\">\n                            <h2 class=\"content-default-module-title uppercase black\">Detalles<\/h2>\n            \n                    <\/div>\n        \n                    <div class=\"content-default-module-content\">\n                <p>Compuesto por dos champ\u00fas:<\/p>\n<p><a href=\"https:\/\/www.avani.pt\/es\/p\/champu-indian-hair-rebuild-250ml-sin-sal\/\"><b>Champ\u00fa Reconstructor Capilar Indio 250ml | Sin Sal<\/b><\/a><\/p>\n<p><a href=\"https:\/\/www.avani.pt\/es\/p\/co-wash-krishna-rizos-lavado-hidratante-sin-espuma-250-ml\/\"><b>Co Wash Lavado Hidratante sin Espuma 250ml | Sin Sal<\/b><\/a><\/p>\n\n            <\/div>\n        \n        \n        \n\n        \n\n\n    <\/div>\n\n\n            <div class=\"accordion accordion-successive   js-accordion not-found mobile--only--md content-default-module text-align-center margin-top-between-modules back_color\">\n            <div class=\"accordion-container\">\n                <div class=\"accordion-question space-between\">\n                                            <h3 class=\"accordion-question-title uppercase back_color\">\n                            Detalles\n                        <\/h3>\n                                        <span class=\"accordion-arrow back_color\">&emsp;<\/span>\n                <\/div>\n                <div class=\"accordion-answer\">\n                    \n                                            <div class=\"content-default-module-content\">\n                            <p>Compuesto por dos champ\u00fas:<\/p>\n<p><a href=\"https:\/\/www.avani.pt\/es\/p\/champu-indian-hair-rebuild-250ml-sin-sal\/\"><b>Champ\u00fa Reconstructor Capilar Indio 250ml | Sin Sal<\/b><\/a><\/p>\n<p><a href=\"https:\/\/www.avani.pt\/es\/p\/co-wash-krishna-rizos-lavado-hidratante-sin-espuma-250-ml\/\"><b>Co Wash Lavado Hidratante sin Espuma 250ml | Sin Sal<\/b><\/a><\/p>\n\n                        <\/div>\n                    \n                    \n                                    <\/div>\n            <\/div>\n        <\/div>\n    \n<\/div>\n<div class=\"tip-products margin-top-between-modules default\">\n    <div class=\"container\">\n                    <h2 class=\"title\">\n                Comprar por separado\n            <\/h2>\n        \n        \n        <div class=\"products-container\">\n                    <\/div>\n\n    <\/div>\n<\/div>\n[\/vc_column][\/vc_row]<\/p>\n<\/div>","protected":false},"excerpt":{"rendered":"<p>El exclusivo cuidado de lavado de Avani consta de dos productos que deben utilizarse en el mismo lavado alternativamente; el primer lavado con el Champ\u00fa Reconstructor Capilar Indio y el segundo lavado con la Crema Co Wash no espumosa, que finaliza el lavado sin despojar al cabello de sus aceites naturales.<\/p>\n","protected":false},"featured_media":76846,"comment_status":"open","ping_status":"closed","template":"","meta":{"_acf_changed":false},"product_brand":[],"product_cat":[465,637,448,630,592,156],"product_tag":[],"class_list":{"0":"post-78251","1":"product","2":"type-product","3":"status-publish","4":"has-post-thumbnail","6":"product_cat-atencion","7":"product_cat-cabello-danado-reparacion","8":"product_cat-problemas-del-cuero-cabelludo","9":"product_cat-recomendaciones-de-avani","11":"product_cat-cabelo","13":"first","14":"instock","15":"taxable","16":"shipping-taxable","17":"purchasable","18":"product-type-simple"},"acf":[],"wooqr_code":"","_links":{"self":[{"href":"https:\/\/www.avani.pt\/es\/wp-json\/wp\/v2\/product\/78251","targetHints":{"allow":["GET"]}}],"collection":[{"href":"https:\/\/www.avani.pt\/es\/wp-json\/wp\/v2\/product"}],"about":[{"href":"https:\/\/www.avani.pt\/es\/wp-json\/wp\/v2\/types\/product"}],"replies":[{"embeddable":true,"href":"https:\/\/www.avani.pt\/es\/wp-json\/wp\/v2\/comments?post=78251"}],"wp:featuredmedia":[{"embeddable":true,"href":"https:\/\/www.avani.pt\/es\/wp-json\/wp\/v2\/media\/76846"}],"wp:attachment":[{"href":"https:\/\/www.avani.pt\/es\/wp-json\/wp\/v2\/media?parent=78251"}],"wp:term":[{"taxonomy":"product_brand","embeddable":true,"href":"https:\/\/www.avani.pt\/es\/wp-json\/wp\/v2\/product_brand?post=78251"},{"taxonomy":"product_cat","embeddable":true,"href":"https:\/\/www.avani.pt\/es\/wp-json\/wp\/v2\/product_cat?post=78251"},{"taxonomy":"product_tag","embeddable":true,"href":"https:\/\/www.avani.pt\/es\/wp-json\/wp\/v2\/product_tag?post=78251"}],"curies":[{"name":"wp","href":"https:\/\/api.w.org\/{rel}","templated":true}]}}