{"id":78253,"date":"2023-05-03T14:42:04","date_gmt":"2023-05-03T13:42:04","guid":{"rendered":"https:\/\/www.avani.pt\/p\/lavado-especial-del-cuero-cabelludo-cabellos-danados-con-raices-grasas\/"},"modified":"2025-10-21T12:02:38","modified_gmt":"2025-10-21T11:02:38","slug":"lavado-especial-del-cuero-cabelludo-cabellos-danados-con-raices-grasas","status":"publish","type":"product","link":"https:\/\/www.avani.pt\/es\/p\/lavado-especial-del-cuero-cabelludo-cabellos-danados-con-raices-grasas\/","title":{"rendered":"Lavado especial del cuero cabelludo | Cabellos da\u00f1ados con ra\u00edces grasas"},"content":{"rendered":"<div class=\"wpb-content-wrapper\"><p>[vc_row full_width=&#8221;stretch_row_content_no_spaces&#8221;][vc_column]<div class=\"stars-of-product-module-wrapper margin-top-between-modules\">\n    <img decoding=\"async\" class=\"stars-of-product-module-left-image-design\" src=\"\/dist\/images\/stars_product_module_design.png\">\n    <img decoding=\"async\" class=\"stars-of-product-module-right-image-design\" src=\"\/dist\/images\/stars_product_module_design.png\">\n\n    <div class=\"container\">\n\n        <div class=\"stars-of-product-module text-align-center  desktop--only--md\">\n\n                            <div class=\"star-rating\">\n                                            <i class=\"fa fa-star\"><\/i>\n                                            <i class=\"fa fa-star\"><\/i>\n                                            <i class=\"fa fa-star\"><\/i>\n                                            <i class=\"fa fa-star\"><\/i>\n                                            <i class=\"fa fa-star\"><\/i>\n                                    <\/div>\n            \n                            <div class=\"stars-of-product-module-titles\">\n                                            <h2 class=\"stars-of-product-module-title black uppercase back_color\">Estrellas del producto<\/h2>\n                                    <\/div>\n            \n                            <div class=\"stars-of-product-module-content\">\n                    <p>Recomendamos alternar estos dos champ\u00fas en el mismo lavado; el procedimiento de lavado debe iniciarse con el Champ\u00fa Efecto Fr\u00edo y el segundo lavado con el Champ\u00fa Indian Hair Rebuild. El Champ\u00fa Efecto Fr\u00edo con hammamelis, mentol y aloe vera es purificante, combate el exceso de grasa y la caspa grasa (descamaci\u00f3n). El segundo lavado con el Champ\u00fa Indian Hair Rebuild, con ingredientes nutritivos y prote\u00ednicos, ayuda a reconstruir la fibra capilar. Este lavado alterno ayuda a equilibrar el cuero cabelludo, evitando que se reseque en exceso con s\u00f3lo lavarlo con el champ\u00fa purificante Efecto Fr\u00edo. Cuando utilizas un solo champ\u00fa purificante, puede reducir dr\u00e1sticamente la grasa e hidrataci\u00f3n naturales del cuero cabelludo. Cuando esto ocurre, el cuerpo tiende a producir grasa en exceso para intentar compensar. Esto puede provocar un cuero cabelludo extremadamente graso, por lo que recomendamos este procedimiento. La grasa es el factor m\u00e1s com\u00fan detr\u00e1s de la gran mayor\u00eda de los problemas del cuero cabelludo. La grasa (sebo) no es necesariamente mala para el cuero cabelludo; su finalidad es proteger permanentemente su superficie y el tallo piloso. Esto significa que tener el sebo en equilibrio es esencial para un cuero cabelludo y un cabello sanos.          Sus fluctuaciones -por exceso o por defecto- pueden provocar desequilibrios. Cuando la tasa de producci\u00f3n de sebo es superior a la media, hablamos de hiperseborrea, lo que significa un cuero cabelludo extremadamente graso. Cuando el cuero cabelludo tiene caspa (descamaci\u00f3n), suele haber dudas sobre si el cuero cabelludo es seco o graso, ya que la caspa puede darse en ambas situaciones. La forma m\u00e1s f\u00e1cil de saber si tu cuero cabelludo es seco o graso es identificar si se trata de caspa seca o grasa.   La caspa grasa se manifiesta como pel\u00edculas amarillentas que se adhieren al cuero cabelludo y siempre est\u00e1 asociada a un exceso de sebo. El cuero cabelludo tambi\u00e9n puede irritarse.<\/p>\n\n                <\/div>\n            \n        <\/div>\n\n\n                    <div class=\"accordion   accordion-successive-first js-accordion not-found mobile--only--md stars-of-product-module text-align-center margin-top-between-modules back_color\">\n                <div class=\"accordion-container\">\n                    <div class=\"accordion-question space-between\">\n                                                    <h3 class=\"accordion-question-title uppercase back_color\">\n                                Estrellas del producto\n                            <\/h3>\n                                                <span class=\"accordion-arrow back_color\">&emsp;<\/span>\n                    <\/div>\n                    <div class=\"accordion-answer\">\n\n                                                    <div class=\"star-rating\">\n                                                                    <i class=\"fa fa-star\"><\/i>\n                                                                    <i class=\"fa fa-star\"><\/i>\n                                                                    <i class=\"fa fa-star\"><\/i>\n                                                                    <i class=\"fa fa-star\"><\/i>\n                                                                    <i class=\"fa fa-star\"><\/i>\n                                                            <\/div>\n                        \n                                                    <div class=\"stars-of-product-module-content\">\n                                <p>Recomendamos alternar estos dos champ\u00fas en el mismo lavado; el procedimiento de lavado debe iniciarse con el Champ\u00fa Efecto Fr\u00edo y el segundo lavado con el Champ\u00fa Indian Hair Rebuild. El Champ\u00fa Efecto Fr\u00edo con hammamelis, mentol y aloe vera es purificante, combate el exceso de grasa y la caspa grasa (descamaci\u00f3n). El segundo lavado con el Champ\u00fa Indian Hair Rebuild, con ingredientes nutritivos y prote\u00ednicos, ayuda a reconstruir la fibra capilar. Este lavado alterno ayuda a equilibrar el cuero cabelludo, evitando que se reseque en exceso con s\u00f3lo lavarlo con el champ\u00fa purificante Efecto Fr\u00edo. Cuando utilizas un solo champ\u00fa purificante, puede reducir dr\u00e1sticamente la grasa e hidrataci\u00f3n naturales del cuero cabelludo. Cuando esto ocurre, el cuerpo tiende a producir grasa en exceso para intentar compensar. Esto puede provocar un cuero cabelludo extremadamente graso, por lo que recomendamos este procedimiento. La grasa es el factor m\u00e1s com\u00fan detr\u00e1s de la gran mayor\u00eda de los problemas del cuero cabelludo. La grasa (sebo) no es necesariamente mala para el cuero cabelludo; su finalidad es proteger permanentemente su superficie y el tallo piloso. Esto significa que tener el sebo en equilibrio es esencial para un cuero cabelludo y un cabello sanos.          Sus fluctuaciones -por exceso o por defecto- pueden provocar desequilibrios. Cuando la tasa de producci\u00f3n de sebo es superior a la media, hablamos de hiperseborrea, lo que significa un cuero cabelludo extremadamente graso. Cuando el cuero cabelludo tiene caspa (descamaci\u00f3n), suele haber dudas sobre si el cuero cabelludo es seco o graso, ya que la caspa puede darse en ambas situaciones. La forma m\u00e1s f\u00e1cil de saber si tu cuero cabelludo es seco o graso es identificar si se trata de caspa seca o grasa.   La caspa grasa se manifiesta como pel\u00edculas amarillentas que se adhieren al cuero cabelludo y siempre est\u00e1 asociada a un exceso de sebo. El cuero cabelludo tambi\u00e9n puede irritarse.<\/p>\n\n                            <\/div>\n                                            <\/div>\n                <\/div>\n            <\/div>\n        \n    <\/div>\n<\/div>\n[\/vc_column][\/vc_row][vc_row full_width=&#8221;stretch_row_content_no_spaces&#8221; el_class=&#8221;text-align-center&#8221;][vc_column]<div class=\"container\">\n\t<div class=\"usability-tips-and-secrets-module desktop--only--md\">\n\n\t\t<div class=\"usability-tips-and-secrets-module-content-wrapper full-width-container\">\n\n\t\t\t\n\t\t\t\t\t\t\t<div class=\"usability-tips-and-secrets-module-content usability-tips-and-secrets-module-content--bordered margin-top-between-modules\">\n\t\t\t\t\t\t\t\t\t\t\t<h2 class=\"uppercase black\">C&oacute;mo utilizar<\/h2>\n\t\t\t\t\t\n\t\t\t\t\t\t\t\t\t\t\t<p>Aplica los dos champ\u00fas alternativamente en el mismo lavado. Comienza el lavado con el Champ\u00fa Efecto Fr\u00edo y el segundo lavado con el Champ\u00fa Indian Hair Rebuild. <\/p>\n\n\t\t\t\t\t\t\t\t\t<\/div>\n\t\t\t\n\t\t\t\t\t<\/div>\n\t<\/div>\n\n\t\t\t<div class=\"mobile--only--md usability-tips-and-secrets-module text-align-center margin-top-between-modules usability-tips-and-secrets-module-video\">\n\t\t\t\t\t<\/div>\n\t\n\t\t\t<div class=\"accordion accordion-successive  js-accordion not-found mobile--only--md usability-tips-and-secrets-module text-align-center margin-top-between-modules back_color\">\n\t\t\t<div class=\"accordion-container\">\n\t\t\t\t<div class=\"accordion-question space-between\">\n\t\t\t\t\t\t\t\t\t\t\t<h3 class=\"accordion-question-title uppercase back_color\">\n\t\t\t\t\t\t\tC&oacute;mo utilizar\n\t\t\t\t\t\t<\/h3>\n\t\t\t\t\t\n\t\t\t\t\t<span class=\"accordion-arrow back_color\">&emsp;<\/span>\n\t\t\t\t<\/div>\n\t\t\t\t<div class=\"accordion-answer\">\n\t\t\t\t\t\t\t\t\t\t\t<div class=\"usability-tips-and-secrets-module-content\">\n\t\t\t\t\t\t\t<p>Aplica los dos champ\u00fas alternativamente en el mismo lavado. Comienza el lavado con el Champ\u00fa Efecto Fr\u00edo y el segundo lavado con el Champ\u00fa Indian Hair Rebuild. <\/p>\n\n\t\t\t\t\t\t<\/div>\n\t\t\t\t\t\t\t\t\t<\/div>\n\t\t\t<\/div>\n\t\t<\/div>\n\t\n\t<\/div>\n[\/vc_column][\/vc_row][vc_row][vc_column]<div class=\"container \">\n\n    <div class=\"content-default-module text-align-center margin-top-between-modules\n        \n        \n        \n        \n        \n        \n        desktop--only--md\"\n        style=\"margin-bottom: 0px;\"\n    >\n\n                <div class=\"content-default-module-titles\">\n                            <h2 class=\"content-default-module-title uppercase black\">Consejos y secretos<\/h2>\n            \n                    <\/div>\n        \n                    <div class=\"content-default-module-content\">\n                <p>Para obtener los mejores resultados recomendamos:<\/p>\n<p>-Aplicar cinco gotas de <a href=\"https:\/\/www.avani.pt\/es\/p\/aceite-de-arbol-del-te-y-melaleuca-15ml\/\">Aceite de Melaleuca<\/a> en cada uno de los champ\u00fas, agitando bien despu\u00e9s;<\/p>\n<p>-Aplicar la <a href=\"https:\/\/www.avani.pt\/es\/p\/crema-especial-purificante-para-el-cuero-cabelludo-500-ml-hamamelis\/\">Crema Purificante Efecto Fr\u00edo<\/a> una o dos veces por semana en el cuero cabelludo;<\/p>\n<p>-Aplicar la <a href=\"https:\/\/www.avani.pt\/es\/p\/mascarilla-reconstructiva-capilar-india-500-ml-reconstructiva\/\">Mascarilla<\/a> <a href=\"https:\/\/www.avani.pt\/es\/p\/acondicionador-indian-hair-rebuild-250-ml-sin-sal\/\">Reconstructiva Capilar Hind\u00fa para hidratar y nutrir los medios y las puntas del cabello;<\/p>\n<p>-Aplicar el Acondicionador Reconstructivo Capilar Hind\u00fa<\/a> como \u00faltimo paso del lavado para sellar la cut\u00edcula.<\/p>\n\n            <\/div>\n        \n        \n        \n\n        \n\n\n    <\/div>\n\n\n            <div class=\"accordion accordion-successive   js-accordion not-found mobile--only--md content-default-module text-align-center margin-top-between-modules back_color\">\n            <div class=\"accordion-container\">\n                <div class=\"accordion-question space-between\">\n                                            <h3 class=\"accordion-question-title uppercase back_color\">\n                            Consejos y secretos\n                        <\/h3>\n                                        <span class=\"accordion-arrow back_color\">&emsp;<\/span>\n                <\/div>\n                <div class=\"accordion-answer\">\n                    \n                                            <div class=\"content-default-module-content\">\n                            <p>Para obtener los mejores resultados recomendamos:<\/p>\n<p>-Aplicar cinco gotas de <a href=\"https:\/\/www.avani.pt\/es\/p\/aceite-de-arbol-del-te-y-melaleuca-15ml\/\">Aceite de Melaleuca<\/a> en cada uno de los champ\u00fas, agitando bien despu\u00e9s;<\/p>\n<p>-Aplicar la <a href=\"https:\/\/www.avani.pt\/es\/p\/crema-especial-purificante-para-el-cuero-cabelludo-500-ml-hamamelis\/\">Crema Purificante Efecto Fr\u00edo<\/a> una o dos veces por semana en el cuero cabelludo;<\/p>\n<p>-Aplicar la <a href=\"https:\/\/www.avani.pt\/es\/p\/mascarilla-reconstructiva-capilar-india-500-ml-reconstructiva\/\">Mascarilla<\/a> <a href=\"https:\/\/www.avani.pt\/es\/p\/acondicionador-indian-hair-rebuild-250-ml-sin-sal\/\">Reconstructiva Capilar Hind\u00fa para hidratar y nutrir los medios y las puntas del cabello;<\/p>\n<p>-Aplicar el Acondicionador Reconstructivo Capilar Hind\u00fa<\/a> como \u00faltimo paso del lavado para sellar la cut\u00edcula.<\/p>\n\n                        <\/div>\n                    \n                    \n                                    <\/div>\n            <\/div>\n        <\/div>\n    \n<\/div>\n<div class=\"container \">\n\n    <div class=\"content-default-module text-align-center margin-top-between-modules\n        \n        \n        \n        \n        \n        \n        desktop--only--md\"\n        style=\"margin-bottom: 0px;\"\n    >\n\n                <div class=\"content-default-module-titles\">\n                            <h2 class=\"content-default-module-title uppercase black\">Detalles<\/h2>\n            \n                    <\/div>\n        \n                    <div class=\"content-default-module-content\">\n                <p>Compuesto por dos champ\u00fas:<\/p>\n<p><a href=\"https:\/\/www.avani.pt\/es\/p\/champu-indian-hair-rebuild-250ml-sin-sal\/\"><b>Champ\u00fa Reconstructor Capilar Indio 250ml | Sin Sal<\/b><\/a><\/p>\n<p><a href=\"https:\/\/www.avani.pt\/es\/p\/champu-purificante-efecto-frio-250-ml-sin-sal\/\"><b>Champ\u00fa Purificante Efecto Fr\u00edo 250 ml | Sin Sal<\/b><\/a><\/p>\n\n            <\/div>\n        \n        \n        \n\n        \n\n\n    <\/div>\n\n\n            <div class=\"accordion accordion-successive   js-accordion not-found mobile--only--md content-default-module text-align-center margin-top-between-modules back_color\">\n            <div class=\"accordion-container\">\n                <div class=\"accordion-question space-between\">\n                                            <h3 class=\"accordion-question-title uppercase back_color\">\n                            Detalles\n                        <\/h3>\n                                        <span class=\"accordion-arrow back_color\">&emsp;<\/span>\n                <\/div>\n                <div class=\"accordion-answer\">\n                    \n                                            <div class=\"content-default-module-content\">\n                            <p>Compuesto por dos champ\u00fas:<\/p>\n<p><a href=\"https:\/\/www.avani.pt\/es\/p\/champu-indian-hair-rebuild-250ml-sin-sal\/\"><b>Champ\u00fa Reconstructor Capilar Indio 250ml | Sin Sal<\/b><\/a><\/p>\n<p><a href=\"https:\/\/www.avani.pt\/es\/p\/champu-purificante-efecto-frio-250-ml-sin-sal\/\"><b>Champ\u00fa Purificante Efecto Fr\u00edo 250 ml | Sin Sal<\/b><\/a><\/p>\n\n                        <\/div>\n                    \n                    \n                                    <\/div>\n            <\/div>\n        <\/div>\n    \n<\/div>\n<div class=\"tip-products margin-top-between-modules default\">\n    <div class=\"container\">\n                    <h2 class=\"title\">\n                Comprar por separado\n            <\/h2>\n        \n        \n        <div class=\"products-container\">\n                    <\/div>\n\n    <\/div>\n<\/div>\n[\/vc_column][\/vc_row]<\/p>\n<\/div>","protected":false},"excerpt":{"rendered":"<p>Cuidado de lavado exclusivo de Avani compuesto por dos champ\u00fas, que deben utilizarse en el mismo lavado alternativamente; el primer lavado con el Champ\u00fa purificante efecto fr\u00edo que ayuda a combatir el exceso de grasa y la caspa grasa; y el segundo lavado con el Champ\u00fa reconstructor Indian Hair Rebuild con ingredientes nutritivos y prote\u00ednicos que ayudan a reconstruir la fibra capilar.<\/p>\n","protected":false},"featured_media":76842,"comment_status":"open","ping_status":"closed","template":"","meta":{"_acf_changed":false},"product_brand":[],"product_cat":[448,630,156],"product_tag":[],"class_list":{"0":"post-78253","1":"product","2":"type-product","3":"status-publish","4":"has-post-thumbnail","6":"product_cat-problemas-del-cuero-cabelludo","7":"product_cat-recomendaciones-de-avani","8":"product_cat-cabelo","10":"first","11":"instock","12":"taxable","13":"shipping-taxable","14":"purchasable","15":"product-type-simple"},"acf":[],"wooqr_code":"","_links":{"self":[{"href":"https:\/\/www.avani.pt\/es\/wp-json\/wp\/v2\/product\/78253","targetHints":{"allow":["GET"]}}],"collection":[{"href":"https:\/\/www.avani.pt\/es\/wp-json\/wp\/v2\/product"}],"about":[{"href":"https:\/\/www.avani.pt\/es\/wp-json\/wp\/v2\/types\/product"}],"replies":[{"embeddable":true,"href":"https:\/\/www.avani.pt\/es\/wp-json\/wp\/v2\/comments?post=78253"}],"wp:featuredmedia":[{"embeddable":true,"href":"https:\/\/www.avani.pt\/es\/wp-json\/wp\/v2\/media\/76842"}],"wp:attachment":[{"href":"https:\/\/www.avani.pt\/es\/wp-json\/wp\/v2\/media?parent=78253"}],"wp:term":[{"taxonomy":"product_brand","embeddable":true,"href":"https:\/\/www.avani.pt\/es\/wp-json\/wp\/v2\/product_brand?post=78253"},{"taxonomy":"product_cat","embeddable":true,"href":"https:\/\/www.avani.pt\/es\/wp-json\/wp\/v2\/product_cat?post=78253"},{"taxonomy":"product_tag","embeddable":true,"href":"https:\/\/www.avani.pt\/es\/wp-json\/wp\/v2\/product_tag?post=78253"}],"curies":[{"name":"wp","href":"https:\/\/api.w.org\/{rel}","templated":true}]}}