{"id":78261,"date":"2023-02-13T15:03:07","date_gmt":"2023-02-13T15:03:07","guid":{"rendered":"https:\/\/www.avani.pt\/p\/cabello-muy-danado-por-decoloracion-raices-grasas-cuidado-capilar-de-lujo\/"},"modified":"2025-11-21T18:19:12","modified_gmt":"2025-11-21T18:19:12","slug":"cabello-muy-danado-por-decoloracion-raices-grasas-cuidado-capilar-de-lujo","status":"publish","type":"product","link":"https:\/\/www.avani.pt\/es\/p\/cabello-muy-danado-por-decoloracion-raices-grasas-cuidado-capilar-de-lujo\/","title":{"rendered":"Cabello muy da\u00f1ado por decoloraci\u00f3n (ra\u00edces grasas) | Cuidado capilar de lujo"},"content":{"rendered":"<div class=\"wpb-content-wrapper\"><p>[vc_row full_width=&#8221;stretch_row_content_no_spaces&#8221; el_class=&#8221;text-align-center&#8221;][vc_column]<div class=\"stars-of-product-module-wrapper margin-top-between-modules\">\n    <img decoding=\"async\" class=\"stars-of-product-module-left-image-design\" src=\"\/dist\/images\/stars_product_module_design.png\">\n    <img decoding=\"async\" class=\"stars-of-product-module-right-image-design\" src=\"\/dist\/images\/stars_product_module_design.png\">\n\n    <div class=\"container\">\n\n        <div class=\"stars-of-product-module text-align-center  desktop--only--md\">\n\n                            <div class=\"star-rating\">\n                                            <i class=\"fa fa-star\"><\/i>\n                                            <i class=\"fa fa-star\"><\/i>\n                                            <i class=\"fa fa-star\"><\/i>\n                                            <i class=\"fa fa-star\"><\/i>\n                                            <i class=\"fa fa-star\"><\/i>\n                                    <\/div>\n            \n                            <div class=\"stars-of-product-module-titles\">\n                                            <h2 class=\"stars-of-product-module-title black uppercase back_color\">Las estrellas del producto<\/h2>\n                                    <\/div>\n            \n                            <div class=\"stars-of-product-module-content\">\n                    <p>Tratamiento para cabellos muy da\u00f1ados y faltos de nutrici\u00f3n compuesto por la Gama Indian Hair Rebuild con la innovadora tecnolog\u00eda MoringaBond realizada a trav\u00e9s del proceso de hidr\u00f3lisis de los distintos componentes de la planta de Moringa; la planta, las semillas y el aceite, aportando caracter\u00edsticas a\u00fan m\u00e1s potentes que <span class=\"il\">la moringa<\/span> en su estado natural, (da un resultado a\u00fan mejor que a\u00f1adir queratina externa al cabello porque act\u00faa desde el interior); el champ\u00fa purificante Efecto Fr\u00edo con extracto de hoja de hammamelis, mentol y aloe vera (debe alternarse al lavar con el champ\u00fa reconstructor capilar indio, y aplicarse en el primer lavado); el programa capilar compuesto por tres mascarillas que repondr\u00e1n el agua, los l\u00edpidos y las prote\u00ednas del cabello; el finalizador t\u00e9rmico Ganesh con propiedades reparadoras, que controla el encrespamiento, acondiciona, desenreda facilitando el uso de la plancha y el cepillo, ayuda a mantener el peinado y previene las puntas abiertas; y el s\u00e9rum de la gama Indian Hair Rebuild que ayudar\u00e1 a restaurar instant\u00e1neamente la elasticidad y el brillo, sellando al mismo tiempo las puntas.<\/p>\n\n                <\/div>\n            \n        <\/div>\n\n\n                    <div class=\"accordion   accordion-successive-first js-accordion not-found mobile--only--md stars-of-product-module text-align-center margin-top-between-modules back_color\">\n                <div class=\"accordion-container\">\n                    <div class=\"accordion-question space-between\">\n                                                    <h3 class=\"accordion-question-title uppercase back_color\">\n                                Las estrellas del producto\n                            <\/h3>\n                                                <span class=\"accordion-arrow back_color\">&emsp;<\/span>\n                    <\/div>\n                    <div class=\"accordion-answer\">\n\n                                                    <div class=\"star-rating\">\n                                                            <\/div>\n                        \n                                                    <div class=\"stars-of-product-module-content\">\n                                <p>Tratamiento para cabellos muy da\u00f1ados y faltos de nutrici\u00f3n compuesto por la Gama Indian Hair Rebuild con la innovadora tecnolog\u00eda MoringaBond realizada a trav\u00e9s del proceso de hidr\u00f3lisis de los distintos componentes de la planta de Moringa; la planta, las semillas y el aceite, aportando caracter\u00edsticas a\u00fan m\u00e1s potentes que <span class=\"il\">la moringa<\/span> en su estado natural, (da un resultado a\u00fan mejor que a\u00f1adir queratina externa al cabello porque act\u00faa desde el interior); el champ\u00fa purificante Efecto Fr\u00edo con extracto de hoja de hammamelis, mentol y aloe vera (debe alternarse al lavar con el champ\u00fa reconstructor capilar indio, y aplicarse en el primer lavado); el programa capilar compuesto por tres mascarillas que repondr\u00e1n el agua, los l\u00edpidos y las prote\u00ednas del cabello; el finalizador t\u00e9rmico Ganesh con propiedades reparadoras, que controla el encrespamiento, acondiciona, desenreda facilitando el uso de la plancha y el cepillo, ayuda a mantener el peinado y previene las puntas abiertas; y el s\u00e9rum de la gama Indian Hair Rebuild que ayudar\u00e1 a restaurar instant\u00e1neamente la elasticidad y el brillo, sellando al mismo tiempo las puntas.<\/p>\n\n                            <\/div>\n                                            <\/div>\n                <\/div>\n            <\/div>\n        \n    <\/div>\n<\/div>\n[\/vc_column][\/vc_row][vc_row full_width=&#8221;stretch_row_content_no_spaces&#8221; el_class=&#8221;text-align-center&#8221;][vc_column]<div class=\"container\">\n\t<div class=\"usability-tips-and-secrets-module desktop--only--md\">\n\n\t\t<div class=\"usability-tips-and-secrets-module-content-wrapper full-width-container\">\n\n\t\t\t\n\t\t\t\t\t\t\t<div class=\"usability-tips-and-secrets-module-content usability-tips-and-secrets-module-content--bordered margin-top-between-modules\">\n\t\t\t\t\t\t\t\t\t\t\t<h2 class=\"uppercase black\">C&oacute;mo utilizar<\/h2>\n\t\t\t\t\t\n\t\t\t\t\t\t\t\t\t\t\t<p>1) Cuando te laves el pelo, te recomendamos que hagas siempre dos lavados, porque \u00e9ste es el procedimiento que lo hace realmente eficaz. En este caso, recomendamos el primer lavado con el champ\u00fa Efecto Fr\u00edo, que purificar\u00e1 y equilibrar\u00e1 el cuero cabelludo, y el segundo lavado con el champ\u00fa Indian Hair Rebuild, que tratar\u00e1 de recuperar el da\u00f1o desde el interior.<br \/>\n2) Despu\u00e9s de retirar el exceso de agua con una toalla, aplica la mascarilla (la adecuada para ese d\u00eda) mech\u00f3n a mech\u00f3n, d\u00e9jala actuar al menos 4 minutos y aclara.<br \/>\n3) Aplica el Acondicionador en medios y puntas y d\u00e9jalo actuar 1 minuto. A continuaci\u00f3n, aclara.<x id=&quot;gid_2&quot;><\/x>4) Pon una cantidad del tama\u00f1o de un guisante de Leche T\u00e9rmica Ganesh en la palma de las manos, exti\u00e9ndela como una crema de manos y distrib\u00fayela por el cabello, insistiendo en los medios y las puntas.<x id=&quot;gid_3&quot;><\/x>5) Aplica medio guisante de Suero Reconstructor Capilar Indio en la palma de las manos, exti\u00e9ndelo bien y apl\u00edcalo en las puntas. Apl\u00edcalo diariamente por la ma\u00f1ana y por la noche.   <\/p>\n\n\t\t\t\t\t\t\t\t\t<\/div>\n\t\t\t\n\t\t\t\t\t<\/div>\n\t<\/div>\n\n\t\t\t<div class=\"mobile--only--md usability-tips-and-secrets-module text-align-center margin-top-between-modules usability-tips-and-secrets-module-video\">\n\t\t\t\t\t<\/div>\n\t\n\t\t\t<div class=\"accordion accordion-successive  js-accordion not-found mobile--only--md usability-tips-and-secrets-module text-align-center margin-top-between-modules back_color\">\n\t\t\t<div class=\"accordion-container\">\n\t\t\t\t<div class=\"accordion-question space-between\">\n\t\t\t\t\t\t\t\t\t\t\t<h3 class=\"accordion-question-title uppercase back_color\">\n\t\t\t\t\t\t\tC&oacute;mo utilizar\n\t\t\t\t\t\t<\/h3>\n\t\t\t\t\t\n\t\t\t\t\t<span class=\"accordion-arrow back_color\">&emsp;<\/span>\n\t\t\t\t<\/div>\n\t\t\t\t<div class=\"accordion-answer\">\n\t\t\t\t\t\t\t\t\t\t\t<div class=\"usability-tips-and-secrets-module-content\">\n\t\t\t\t\t\t\t<p>1) Cuando te laves el pelo, te recomendamos que hagas siempre dos lavados, porque \u00e9ste es el procedimiento que lo hace realmente eficaz. En este caso, recomendamos el primer lavado con el champ\u00fa Efecto Fr\u00edo, que purificar\u00e1 y equilibrar\u00e1 el cuero cabelludo, y el segundo lavado con el champ\u00fa Indian Hair Rebuild, que tratar\u00e1 de recuperar el da\u00f1o desde el interior.<br \/>\n2) Despu\u00e9s de retirar el exceso de agua con una toalla, aplica la mascarilla (la adecuada para ese d\u00eda) mech\u00f3n a mech\u00f3n, d\u00e9jala actuar al menos 4 minutos y aclara.<br \/>\n3) Aplica el Acondicionador en medios y puntas y d\u00e9jalo actuar 1 minuto. A continuaci\u00f3n, aclara.<x id=&quot;gid_2&quot;><\/x>4) Pon una cantidad del tama\u00f1o de un guisante de Leche T\u00e9rmica Ganesh en la palma de las manos, exti\u00e9ndela como una crema de manos y distrib\u00fayela por el cabello, insistiendo en los medios y las puntas.<x id=&quot;gid_3&quot;><\/x>5) Aplica medio guisante de Suero Reconstructor Capilar Indio en la palma de las manos, exti\u00e9ndelo bien y apl\u00edcalo en las puntas. Apl\u00edcalo diariamente por la ma\u00f1ana y por la noche.   <\/p>\n\n\t\t\t\t\t\t<\/div>\n\t\t\t\t\t\t\t\t\t<\/div>\n\t\t\t<\/div>\n\t\t<\/div>\n\t\n\t<\/div>\n[\/vc_column][\/vc_row][vc_row full_width=&#8221;stretch_row_content_no_spaces&#8221; el_class=&#8221;text-align-center&#8221;][vc_column]<div class=\"container \">\n\n    <div class=\"content-default-module text-align-center margin-top-between-modules\n        \n        \n        \n        \n        \n        \n        desktop--only--md\"\n        style=\"margin-bottom: 0px;\"\n    >\n\n                <div class=\"content-default-module-titles\">\n                            <h2 class=\"content-default-module-title uppercase black\">Detalles<\/h2>\n            \n                    <\/div>\n        \n                    <div class=\"content-default-module-content\">\n                <\/p>\n<p style=\"text-align: center;\"><strong>Este tratamiento consiste en<\/strong><\/p>\n<p style=\"text-align: center;\"><a style=\"font-family: rajdhani, sans-serif; font-size: 18px; text-align: center;\" href=\"https:\/\/www.avani.pt\/es\/p\/champu-purificante-efecto-frio-250-ml-sin-sal\/\">Champ\u00fa Efecto Fr\u00edo 250ml<\/a><\/p>\n<p style=\"text-align: center;\"><a style=\"font-family: rajdhani, sans-serif; font-size: 18px; text-align: center;\" href=\"https:\/\/www.avani.pt\/es\/p\/champu-indian-hair-rebuild-250ml-sin-sal\/\">Champ\u00fa Indian Hair Rebuild 250ml<\/a><\/p>\n<p style=\"text-align: center;\"><a style=\"font-family: rajdhani, sans-serif; font-size: 18px; text-align: center;\" href=\"https:\/\/www.avani.pt\/es\/p\/esquema-capilar-muy-danado-grueso\/\">Programa capilar con tres mascarillas<\/a><\/p>\n<p style=\"text-align: center;\"><a style=\"font-family: rajdhani, sans-serif; font-size: 18px; text-align: center;\" href=\"https:\/\/www.avani.pt\/es\/p\/acondicionador-indian-hair-rebuild-250-ml-sin-sal\/\">Acondicionador Indian Hair Rebuild 250ml<\/a><\/p>\n<p style=\"text-align: center;\"><a style=\"font-family: rajdhani, sans-serif; font-size: 18px; text-align: center;\" href=\"https:\/\/www.avani.pt\/es\/p\/ganesh-thermic-protector-uv-y-termico-leche-reparadora-y-antiencrespamiento-240ml\/\">Protector t\u00e9rmico Ganesh Thermic 250ml<\/a><\/p>\n<p style=\"text-align: center;\"><a style=\"font-family: rajdhani, sans-serif; font-size: 18px; text-align: center;\" href=\"https:\/\/www.avani.pt\/es\/p\/indian-hair-rebuild-suero-sellador-de-puntas-100ml\/\">Suero Reconstructor Capilar Indio 100ml<\/a><\/p>\n<div class=\"tip-products margin-top-between-modules default\">\n<p class=\"container\" style=\"text-align: center;\">\n<\/div>\n<p>\n\n            <\/div>\n        \n        \n        \n\n        \n\n\n    <\/div>\n\n\n            <div class=\"accordion accordion-successive   js-accordion not-found mobile--only--md content-default-module text-align-center margin-top-between-modules back_color\">\n            <div class=\"accordion-container\">\n                <div class=\"accordion-question space-between\">\n                                            <h3 class=\"accordion-question-title uppercase back_color\">\n                            Detalles\n                        <\/h3>\n                                        <span class=\"accordion-arrow back_color\">&emsp;<\/span>\n                <\/div>\n                <div class=\"accordion-answer\">\n                    \n                                            <div class=\"content-default-module-content\">\n                            <\/p>\n<p style=\"text-align: center;\"><strong>Este tratamiento consiste en<\/strong><\/p>\n<p style=\"text-align: center;\"><a style=\"font-family: rajdhani, sans-serif; font-size: 18px; text-align: center;\" href=\"https:\/\/www.avani.pt\/es\/p\/champu-purificante-efecto-frio-250-ml-sin-sal\/\">Champ\u00fa Efecto Fr\u00edo 250ml<\/a><\/p>\n<p style=\"text-align: center;\"><a style=\"font-family: rajdhani, sans-serif; font-size: 18px; text-align: center;\" href=\"https:\/\/www.avani.pt\/es\/p\/champu-indian-hair-rebuild-250ml-sin-sal\/\">Champ\u00fa Indian Hair Rebuild 250ml<\/a><\/p>\n<p style=\"text-align: center;\"><a style=\"font-family: rajdhani, sans-serif; font-size: 18px; text-align: center;\" href=\"https:\/\/www.avani.pt\/es\/p\/esquema-capilar-muy-danado-grueso\/\">Programa capilar con tres mascarillas<\/a><\/p>\n<p style=\"text-align: center;\"><a style=\"font-family: rajdhani, sans-serif; font-size: 18px; text-align: center;\" href=\"https:\/\/www.avani.pt\/es\/p\/acondicionador-indian-hair-rebuild-250-ml-sin-sal\/\">Acondicionador Indian Hair Rebuild 250ml<\/a><\/p>\n<p style=\"text-align: center;\"><a style=\"font-family: rajdhani, sans-serif; font-size: 18px; text-align: center;\" href=\"https:\/\/www.avani.pt\/es\/p\/ganesh-thermic-protector-uv-y-termico-leche-reparadora-y-antiencrespamiento-240ml\/\">Protector t\u00e9rmico Ganesh Thermic 250ml<\/a><\/p>\n<p style=\"text-align: center;\"><a style=\"font-family: rajdhani, sans-serif; font-size: 18px; text-align: center;\" href=\"https:\/\/www.avani.pt\/es\/p\/indian-hair-rebuild-suero-sellador-de-puntas-100ml\/\">Suero Reconstructor Capilar Indio 100ml<\/a><\/p>\n<div class=\"tip-products margin-top-between-modules default\">\n<p class=\"container\" style=\"text-align: center;\">\n<\/div>\n<p>\n\n                        <\/div>\n                    \n                    \n                                    <\/div>\n            <\/div>\n        <\/div>\n    \n<\/div>\n<div class=\"tip-products margin-top-between-modules default\">\n    <div class=\"container\">\n                    <h2 class=\"title\">\n                COMPRAR INDIVIDUALMENTE\n            <\/h2>\n        \n        \n        <div class=\"products-container\">\n                            <div class=\"tip-products-wrapper\">\n                                                                                                                                                                                                                                                                                                            <\/div>\n                    <\/div>\n\n    <\/div>\n<\/div>\n[\/vc_column][\/vc_row]<\/p>\n<\/div>","protected":false},"excerpt":{"rendered":"<p>Compuesto por ocho productos altamente nutritivos y reconstructores. Este tratamiento se basa en la gama Indian Hair Rebuild con una innovadora tecnolog\u00eda MoringaBond realizada mediante el proceso de hidr\u00f3lisis de los distintos componentes de la planta de moringa: la planta, las semillas y el aceite, lo que le confiere unas caracter\u00edsticas a\u00fan m\u00e1s potentes que <span class=\"il\">la moringa<\/span> en su estado natural. <\/p>\n","protected":false},"featured_media":76836,"comment_status":"open","ping_status":"closed","template":"","meta":{"_acf_changed":false},"product_brand":[],"product_cat":[471,475,472,470],"product_tag":[],"class_list":{"0":"post-78261","1":"product","2":"type-product","3":"status-publish","4":"has-post-thumbnail","6":"product_cat-avani-en-exclusiva","7":"product_cat-cabello-fino-tratamientos-exclusivos-avani","8":"product_cat-cabello-medio-grueso-avani-tratamientos-exclusivos","9":"product_cat-tratamientos","11":"first","12":"instock","13":"taxable","14":"shipping-taxable","15":"purchasable","16":"product-type-simple"},"acf":[],"wooqr_code":"","_links":{"self":[{"href":"https:\/\/www.avani.pt\/es\/wp-json\/wp\/v2\/product\/78261","targetHints":{"allow":["GET"]}}],"collection":[{"href":"https:\/\/www.avani.pt\/es\/wp-json\/wp\/v2\/product"}],"about":[{"href":"https:\/\/www.avani.pt\/es\/wp-json\/wp\/v2\/types\/product"}],"replies":[{"embeddable":true,"href":"https:\/\/www.avani.pt\/es\/wp-json\/wp\/v2\/comments?post=78261"}],"wp:featuredmedia":[{"embeddable":true,"href":"https:\/\/www.avani.pt\/es\/wp-json\/wp\/v2\/media\/76836"}],"wp:attachment":[{"href":"https:\/\/www.avani.pt\/es\/wp-json\/wp\/v2\/media?parent=78261"}],"wp:term":[{"taxonomy":"product_brand","embeddable":true,"href":"https:\/\/www.avani.pt\/es\/wp-json\/wp\/v2\/product_brand?post=78261"},{"taxonomy":"product_cat","embeddable":true,"href":"https:\/\/www.avani.pt\/es\/wp-json\/wp\/v2\/product_cat?post=78261"},{"taxonomy":"product_tag","embeddable":true,"href":"https:\/\/www.avani.pt\/es\/wp-json\/wp\/v2\/product_tag?post=78261"}],"curies":[{"name":"wp","href":"https:\/\/api.w.org\/{rel}","templated":true}]}}