{"id":78263,"date":"2023-01-11T12:03:46","date_gmt":"2023-01-11T12:03:46","guid":{"rendered":"https:\/\/www.avani.pt\/p\/nutricion-completa-para-el-cabello-que-pierde-forma-cuidado-capilar-de-lujo\/"},"modified":"2025-10-21T12:02:38","modified_gmt":"2025-10-21T11:02:38","slug":"nutricion-completa-para-el-cabello-que-pierde-forma-cuidado-capilar-de-lujo","status":"publish","type":"product","link":"https:\/\/www.avani.pt\/es\/p\/nutricion-completa-para-el-cabello-que-pierde-forma-cuidado-capilar-de-lujo\/","title":{"rendered":"Nutrici\u00f3n completa para el cabello que pierde forma | Cuidado capilar de lujo"},"content":{"rendered":"<div class=\"wpb-content-wrapper\"><p>[vc_row full_width=&#8221;stretch_row_content_no_spaces&#8221; el_class=&#8221;text-align-center&#8221;][vc_column]<div class=\"stars-of-product-module-wrapper margin-top-between-modules\">\n    <img decoding=\"async\" class=\"stars-of-product-module-left-image-design\" src=\"\/dist\/images\/stars_product_module_design.png\">\n    <img decoding=\"async\" class=\"stars-of-product-module-right-image-design\" src=\"\/dist\/images\/stars_product_module_design.png\">\n\n    <div class=\"container\">\n\n        <div class=\"stars-of-product-module text-align-center  desktop--only--md\">\n\n                            <div class=\"star-rating\">\n                                            <i class=\"fa fa-star\"><\/i>\n                                            <i class=\"fa fa-star\"><\/i>\n                                            <i class=\"fa fa-star\"><\/i>\n                                            <i class=\"fa fa-star\"><\/i>\n                                            <i class=\"fa fa-star\"><\/i>\n                                    <\/div>\n            \n                            <div class=\"stars-of-product-module-titles\">\n                                            <h2 class=\"stars-of-product-module-title black uppercase back_color\">Las estrellas del producto<\/h2>\n                                    <\/div>\n            \n                            <div class=\"stars-of-product-module-content\">\n                    <p>Tratamiento para cabellos faltos de nutrici\u00f3n compuesto por la gama Nutrici\u00f3n Capilar India rica en seis aceites naturales; la crema co-lavado, un lavado hidratante sin espuma que limpiar\u00e1 sin despojar al cabello de sus propiedades naturales, compuesta por aceites naturales, aloe vera y flor de tilia para alternar con el Champ\u00fa Nutrici\u00f3n Capilar India; la crema de peinado activa para rizos enriquecida con la fruta india Amla, manteca de karit\u00e9, aceite de Arg\u00e1n y almendras que ayuda a nutrir en profundidad y definir los rizos, el finalizador t\u00e9rmico Surya que no s\u00f3lo protege, sino que nutre y ayuda a desenredar el cabello, enriquecido con ecto\u00edna (protecci\u00f3n natural que permite la vida en ambientes extremos), hidrolizado de prote\u00ednas vegetales (reconstructor), ceramidas, aceites nutritivos y vitaminas A y E; Aceite de Mudra, una potente mezcla de aceites naturales (arg\u00e1n, macadamia y aguacate) que nutre y protege el cabello en profundidad.<\/p>\n\n                <\/div>\n            \n        <\/div>\n\n\n                    <div class=\"accordion   accordion-successive-first js-accordion not-found mobile--only--md stars-of-product-module text-align-center margin-top-between-modules back_color\">\n                <div class=\"accordion-container\">\n                    <div class=\"accordion-question space-between\">\n                                                    <h3 class=\"accordion-question-title uppercase back_color\">\n                                As Estrelas do Produto\n                            <\/h3>\n                                                <span class=\"accordion-arrow back_color\">&emsp;<\/span>\n                    <\/div>\n                    <div class=\"accordion-answer\">\n\n                                                    <div class=\"star-rating\">\n                                                            <\/div>\n                        \n                                                    <div class=\"stars-of-product-module-content\">\n                                <p>Tratamiento para cabellos faltos de nutrici\u00f3n compuesto por la gama Nutrici\u00f3n Capilar India rica en seis aceites naturales; la crema co-lavado, un lavado hidratante sin espuma que limpiar\u00e1 sin despojar al cabello de sus propiedades naturales, compuesta por aceites naturales, aloe vera y flor de tilia para alternar con el Champ\u00fa Nutrici\u00f3n Capilar India; la crema de peinado activa para rizos enriquecida con la fruta india Amla, manteca de karit\u00e9, aceite de Arg\u00e1n y almendras que ayuda a nutrir en profundidad y definir los rizos, el finalizador t\u00e9rmico Surya que no s\u00f3lo protege, sino que nutre y ayuda a desenredar el cabello, enriquecido con ecto\u00edna (protecci\u00f3n natural que permite la vida en ambientes extremos), hidrolizado de prote\u00ednas vegetales (reconstructor), ceramidas, aceites nutritivos y vitaminas A y E; Aceite de Mudra, una potente mezcla de aceites naturales (arg\u00e1n, macadamia y aguacate) que nutre y protege el cabello en profundidad.<\/p>\n\n                            <\/div>\n                                            <\/div>\n                <\/div>\n            <\/div>\n        \n    <\/div>\n<\/div>\n[\/vc_column][\/vc_row][vc_row full_width=&#8221;stretch_row_content_no_spaces&#8221; el_class=&#8221;text-align-center&#8221;][vc_column]<div class=\"container\">\n\t<div class=\"usability-tips-and-secrets-module desktop--only--md\">\n\n\t\t<div class=\"usability-tips-and-secrets-module-content-wrapper full-width-container\">\n\n\t\t\t\n\t\t\t\t\t\t\t<div class=\"usability-tips-and-secrets-module-content usability-tips-and-secrets-module-content--bordered margin-top-between-modules\">\n\t\t\t\t\t\t\t\t\t\t\t<h2 class=\"uppercase black\">Como usar<\/h2>\n\t\t\t\t\t\n\t\t\t\t\t\t\t\t\t\t\t<p>1) Quando lavar o cabelo recomendamos que fa\u00e7a sempre duas lavagens, porque esse \u00e9 o procedimento que a torna verdadeiramente eficaz. Neste caso, de falta de nutri\u00e7\u00e3o, recomendamos a primeira lavagem com o shampoo indian hair nutrition que vai remover os res\u00edduos do cabelo de uma forma profunda, e a segunda lavagem com o creme Co-wash Krishna curls sem espuma, porque funciona como um shampoo muito suave e vai finalizar a lavagem evitando remover a oleosidade natural dos cabelos em excesso. 2) Ap\u00f3s retirar o excesso de \u00e1gua com uma toalha de prefer\u00eancia, aplicar a m\u00e1scara madeixa a madeixa deixando actuar pelo menos durante 4 minutos e enxaguar. 3) Aplicar o Condicionador nos meios e pontas e deixar actuar durante 1 minuto. De seguida, enxaguar. 4) Agitar bem o Surya Thermic, as duas partes misturam-se resultando numa explos\u00e3o dos ingredientes proporcionando assim um brilho e sa\u00fade incr\u00edvel aos fios! Aplicar antes de escovar os cabelos (evita a quebra dos fios), e pode tamb\u00e9m ser usado no dia seguinte \u00e0 lavagem para dar mais brilho e modelar os carac\u00f3is. 5) Aplicar o Creme Active Curls em cabelo seco com a toalha, quando j\u00e1 n\u00e3o estiver a pingar (para uma melhor ader\u00eancia), e modelado com as m\u00e3os em cada madeixa para uma defina\u00e7\u00e3o e nutri\u00e7\u00e3o profundas. 6) Aplicar diariamente de manh\u00e3 e \u00e0 noite o Mudra Oil nos meios e pontas dos cabelos. Colocar uma quantidade equivalente a uma ervilha na palma das m\u00e3os. Espalhar bem como se fosse um creme de m\u00e3os. Distribuir nos cabelos insistindo nos meios e pontas. Se usar ferramentas t\u00e9rmicas deve aplicar o \u00f3leo no final do procedimento.<\/p>\n\n\t\t\t\t\t\t\t\t\t<\/div>\n\t\t\t\n\t\t\t\t\t<\/div>\n\t<\/div>\n\n\t\t\t<div class=\"mobile--only--md usability-tips-and-secrets-module text-align-center margin-top-between-modules usability-tips-and-secrets-module-video\">\n\t\t\t\t\t<\/div>\n\t\n\t\t\t<div class=\"accordion accordion-successive  js-accordion not-found mobile--only--md usability-tips-and-secrets-module text-align-center margin-top-between-modules back_color\">\n\t\t\t<div class=\"accordion-container\">\n\t\t\t\t<div class=\"accordion-question space-between\">\n\t\t\t\t\t\t\t\t\t\t\t<h3 class=\"accordion-question-title uppercase back_color\">\n\t\t\t\t\t\t\tComo usar\n\t\t\t\t\t\t<\/h3>\n\t\t\t\t\t\n\t\t\t\t\t<span class=\"accordion-arrow back_color\">&emsp;<\/span>\n\t\t\t\t<\/div>\n\t\t\t\t<div class=\"accordion-answer\">\n\t\t\t\t\t\t\t\t\t\t\t<div class=\"usability-tips-and-secrets-module-content\">\n\t\t\t\t\t\t\t<p>1) Quando lavar o cabelo recomendamos que fa\u00e7a sempre duas lavagens, porque esse \u00e9 o procedimento que a torna verdadeiramente eficaz. Neste caso, de falta de nutri\u00e7\u00e3o, recomendamos a primeira lavagem com o shampoo indian hair nutrition que vai remover os res\u00edduos do cabelo de uma forma profunda, e a segunda lavagem com o creme Co-wash Krishna curls sem espuma, porque funciona como um shampoo muito suave e vai finalizar a lavagem evitando remover a oleosidade natural dos cabelos em excesso. 2) Ap\u00f3s retirar o excesso de \u00e1gua com uma toalha de prefer\u00eancia, aplicar a m\u00e1scara madeixa a madeixa deixando actuar pelo menos durante 4 minutos e enxaguar. 3) Aplicar o Condicionador nos meios e pontas e deixar actuar durante 1 minuto. De seguida, enxaguar. 4) Agitar bem o Surya Thermic, as duas partes misturam-se resultando numa explos\u00e3o dos ingredientes proporcionando assim um brilho e sa\u00fade incr\u00edvel aos fios! Aplicar antes de escovar os cabelos (evita a quebra dos fios), e pode tamb\u00e9m ser usado no dia seguinte \u00e0 lavagem para dar mais brilho e modelar os carac\u00f3is. 5) Aplicar o Creme Active Curls em cabelo seco com a toalha, quando j\u00e1 n\u00e3o estiver a pingar (para uma melhor ader\u00eancia), e modelado com as m\u00e3os em cada madeixa para uma defina\u00e7\u00e3o e nutri\u00e7\u00e3o profundas. 6) Aplicar diariamente de manh\u00e3 e \u00e0 noite o Mudra Oil nos meios e pontas dos cabelos. Colocar uma quantidade equivalente a uma ervilha na palma das m\u00e3os. Espalhar bem como se fosse um creme de m\u00e3os. Distribuir nos cabelos insistindo nos meios e pontas. Se usar ferramentas t\u00e9rmicas deve aplicar o \u00f3leo no final do procedimento.<\/p>\n\n\t\t\t\t\t\t<\/div>\n\t\t\t\t\t\t\t\t\t<\/div>\n\t\t\t<\/div>\n\t\t<\/div>\n\t\n\t<\/div>\n[\/vc_column][\/vc_row][vc_row full_width=&#8221;stretch_row_content_no_spaces&#8221; el_class=&#8221;text-align-center&#8221;][vc_column]<div class=\"container \">\n\n    <div class=\"content-default-module text-align-center margin-top-between-modules\n        \n        \n        \n        \n        \n        \n        desktop--only--md\"\n        style=\"margin-bottom: 0px;\"\n    >\n\n                <div class=\"content-default-module-titles\">\n                            <h2 class=\"content-default-module-title uppercase black\">Detalhes<\/h2>\n            \n                    <\/div>\n        \n                    <div class=\"content-default-module-content\">\n                <p><strong>Este tratamento \u00e9 composto por:<\/strong><\/p>\n<p><a href=\"https:\/\/www.avani.pt\/p\/shampoo-nutritivo-cabelo-muito-seco-indian-hair-250ml\/\">Shampoo Indian Hair Nutrition 250ml<\/a><br \/>\n<a href=\"https:\/\/www.avani.pt\/p\/condicionador-nutritivo-cabelo-muito-seco-indian-hair-250ml\/\">Condicionador Indian Hair Nutrition<\/a><br \/>\n<a href=\"https:\/\/www.avani.pt\/p\/mascara-cabelo-muito-seco-indian-hair-500ml\/\">M\u00e1scara Indian Hair Nutrition 500ml<\/a><br \/>\n<a href=\"https:\/\/www.avani.pt\/p\/ativador-e-humidificador-de-caracois-indian-hair-250ml\/\">Modelador de Carac\u00f3is Active Curls<\/a><br \/>\n<a href=\"https:\/\/www.avani.pt\/p\/oleo-capilar-argan-e-macadamia-nutritivo-cabelos-secos-250ml-2\/\">Mudra Oil<\/a><br \/>\n<a href=\"https:\/\/www.avani.pt\/p\/condicionador-co-wash-krishna-curls-250-ml\/\">Co-wash Krishna Curls<\/a><\/p>\n\n            <\/div>\n        \n        \n        \n\n        \n\n\n    <\/div>\n\n\n            <div class=\"accordion accordion-successive   js-accordion not-found mobile--only--md content-default-module text-align-center margin-top-between-modules back_color\">\n            <div class=\"accordion-container\">\n                <div class=\"accordion-question space-between\">\n                                            <h3 class=\"accordion-question-title uppercase back_color\">\n                            Detalhes\n                        <\/h3>\n                                        <span class=\"accordion-arrow back_color\">&emsp;<\/span>\n                <\/div>\n                <div class=\"accordion-answer\">\n                    \n                                            <div class=\"content-default-module-content\">\n                            <p><strong>Este tratamento \u00e9 composto por:<\/strong><\/p>\n<p><a href=\"https:\/\/www.avani.pt\/p\/shampoo-nutritivo-cabelo-muito-seco-indian-hair-250ml\/\">Shampoo Indian Hair Nutrition 250ml<\/a><br \/>\n<a href=\"https:\/\/www.avani.pt\/p\/condicionador-nutritivo-cabelo-muito-seco-indian-hair-250ml\/\">Condicionador Indian Hair Nutrition<\/a><br \/>\n<a href=\"https:\/\/www.avani.pt\/p\/mascara-cabelo-muito-seco-indian-hair-500ml\/\">M\u00e1scara Indian Hair Nutrition 500ml<\/a><br \/>\n<a href=\"https:\/\/www.avani.pt\/p\/ativador-e-humidificador-de-caracois-indian-hair-250ml\/\">Modelador de Carac\u00f3is Active Curls<\/a><br \/>\n<a href=\"https:\/\/www.avani.pt\/p\/oleo-capilar-argan-e-macadamia-nutritivo-cabelos-secos-250ml-2\/\">Mudra Oil<\/a><br \/>\n<a href=\"https:\/\/www.avani.pt\/p\/condicionador-co-wash-krishna-curls-250-ml\/\">Co-wash Krishna Curls<\/a><\/p>\n\n                        <\/div>\n                    \n                    \n                                    <\/div>\n            <\/div>\n        <\/div>\n    \n<\/div>\n<div class=\"tip-products margin-top-between-modules default\">\n    <div class=\"container\">\n                    <h2 class=\"title\">\n                COMPRAR INDIVIDUALMENTE\n            <\/h2>\n        \n        \n        <div class=\"products-container\">\n                    <\/div>\n\n    <\/div>\n<\/div>\n[\/vc_column][\/vc_row]<\/p>\n<\/div>","protected":false},"excerpt":{"rendered":"<p>Compuesto por siete productos altamente nutritivos. Los aceites naturales presentes en este tratamiento son extremadamente importantes para la salud del cabello, ya que ayudan a restaurar su forma y definici\u00f3n, d\u00e1ndole un aspecto brillante y sin encrespamiento, flexible y suave al tacto. <\/p>\n","protected":false},"featured_media":75982,"comment_status":"open","ping_status":"closed","template":"","meta":{"_acf_changed":false},"product_brand":[],"product_cat":[471,572,470],"product_tag":[],"class_list":{"0":"post-78263","1":"product","2":"type-product","3":"status-publish","4":"has-post-thumbnail","6":"product_cat-avani-en-exclusiva","7":"product_cat-cabello-rizado-avani-tratamientos-exclusivos","8":"product_cat-tratamientos","10":"first","11":"instock","12":"taxable","13":"shipping-taxable","14":"purchasable","15":"product-type-simple"},"acf":[],"wooqr_code":"","_links":{"self":[{"href":"https:\/\/www.avani.pt\/es\/wp-json\/wp\/v2\/product\/78263","targetHints":{"allow":["GET"]}}],"collection":[{"href":"https:\/\/www.avani.pt\/es\/wp-json\/wp\/v2\/product"}],"about":[{"href":"https:\/\/www.avani.pt\/es\/wp-json\/wp\/v2\/types\/product"}],"replies":[{"embeddable":true,"href":"https:\/\/www.avani.pt\/es\/wp-json\/wp\/v2\/comments?post=78263"}],"wp:featuredmedia":[{"embeddable":true,"href":"https:\/\/www.avani.pt\/es\/wp-json\/wp\/v2\/media\/75982"}],"wp:attachment":[{"href":"https:\/\/www.avani.pt\/es\/wp-json\/wp\/v2\/media?parent=78263"}],"wp:term":[{"taxonomy":"product_brand","embeddable":true,"href":"https:\/\/www.avani.pt\/es\/wp-json\/wp\/v2\/product_brand?post=78263"},{"taxonomy":"product_cat","embeddable":true,"href":"https:\/\/www.avani.pt\/es\/wp-json\/wp\/v2\/product_cat?post=78263"},{"taxonomy":"product_tag","embeddable":true,"href":"https:\/\/www.avani.pt\/es\/wp-json\/wp\/v2\/product_tag?post=78263"}],"curies":[{"name":"wp","href":"https:\/\/api.w.org\/{rel}","templated":true}]}}