{"id":78265,"date":"2023-01-11T12:00:40","date_gmt":"2023-01-11T12:00:40","guid":{"rendered":"https:\/\/www.avani.pt\/p\/nutricion-completa-para-cabellos-finos-cuidado-capilar-de-lujo\/"},"modified":"2025-10-21T12:02:38","modified_gmt":"2025-10-21T11:02:38","slug":"nutricion-completa-para-cabellos-finos-cuidado-capilar-de-lujo","status":"publish","type":"product","link":"https:\/\/www.avani.pt\/es\/p\/nutricion-completa-para-cabellos-finos-cuidado-capilar-de-lujo\/","title":{"rendered":"Nutrici\u00f3n completa para cabellos finos | Cuidado capilar de lujo"},"content":{"rendered":"<div class=\"wpb-content-wrapper\"><p>[vc_row full_width=&#8221;stretch_row_content_no_spaces&#8221; el_class=&#8221;text-align-center&#8221;][vc_column]<div class=\"stars-of-product-module-wrapper margin-top-between-modules\">\n    <img decoding=\"async\" class=\"stars-of-product-module-left-image-design\" src=\"\/dist\/images\/stars_product_module_design.png\">\n    <img decoding=\"async\" class=\"stars-of-product-module-right-image-design\" src=\"\/dist\/images\/stars_product_module_design.png\">\n\n    <div class=\"container\">\n\n        <div class=\"stars-of-product-module text-align-center  desktop--only--md\">\n\n                            <div class=\"star-rating\">\n                                            <i class=\"fa fa-star\"><\/i>\n                                            <i class=\"fa fa-star\"><\/i>\n                                            <i class=\"fa fa-star\"><\/i>\n                                            <i class=\"fa fa-star\"><\/i>\n                                            <i class=\"fa fa-star\"><\/i>\n                                    <\/div>\n            \n                            <div class=\"stars-of-product-module-titles\">\n                                            <h2 class=\"stars-of-product-module-title black uppercase back_color\">Las estrellas del producto<\/h2>\n                                    <\/div>\n            \n                            <div class=\"stars-of-product-module-content\">\n                    <p>Tratamiento para cabellos faltos de nutrici\u00f3n compuesto por la <strong>gama<\/strong> Nutrici\u00f3n Capilar Hind\u00fa <strong>Light<\/strong> rica en aceites naturales; la <strong>crema co-lavado<\/strong>, un lavado hidratante sin espuma que limpia sin despojar al cabello de sus propiedades naturales, compuesta por aceites naturales, aloe vera y flor de tilia que se alterna con el Champ\u00fa Nutrici\u00f3n Capilar Hind\u00fa; <strong>el Aceite Prana<\/strong>, una potente mezcla de aceites naturales (ch\u00eda, sacha inchi y almendra) que nutre, fortalece y protege el cabello. Este tratamiento se ha investigado meticulosamente, y cada producto ayuda a reponer los elementos esenciales del cabello fino y falto de nutrici\u00f3n. Se utiliza regularmente en el Instituto Profesional Avani con excelentes resultados.<\/p>\n\n                <\/div>\n            \n        <\/div>\n\n\n                    <div class=\"accordion   accordion-successive-first js-accordion not-found mobile--only--md stars-of-product-module text-align-center margin-top-between-modules back_color\">\n                <div class=\"accordion-container\">\n                    <div class=\"accordion-question space-between\">\n                                                    <h3 class=\"accordion-question-title uppercase back_color\">\n                                Las estrellas del producto\n                            <\/h3>\n                                                <span class=\"accordion-arrow back_color\">&emsp;<\/span>\n                    <\/div>\n                    <div class=\"accordion-answer\">\n\n                                                    <div class=\"star-rating\">\n                                                                    <i class=\"fa fa-star\"><\/i>\n                                                                    <i class=\"fa fa-star\"><\/i>\n                                                                    <i class=\"fa fa-star\"><\/i>\n                                                                    <i class=\"fa fa-star\"><\/i>\n                                                                    <i class=\"fa fa-star\"><\/i>\n                                                            <\/div>\n                        \n                                                    <div class=\"stars-of-product-module-content\">\n                                <p>Tratamiento para cabellos faltos de nutrici\u00f3n compuesto por la <strong>gama<\/strong> Nutrici\u00f3n Capilar Hind\u00fa <strong>Light<\/strong> rica en aceites naturales; la <strong>crema co-lavado<\/strong>, un lavado hidratante sin espuma que limpia sin despojar al cabello de sus propiedades naturales, compuesta por aceites naturales, aloe vera y flor de tilia que se alterna con el Champ\u00fa Nutrici\u00f3n Capilar Hind\u00fa; <strong>el Aceite Prana<\/strong>, una potente mezcla de aceites naturales (ch\u00eda, sacha inchi y almendra) que nutre, fortalece y protege el cabello. Este tratamiento se ha investigado meticulosamente, y cada producto ayuda a reponer los elementos esenciales del cabello fino y falto de nutrici\u00f3n. Se utiliza regularmente en el Instituto Profesional Avani con excelentes resultados.<\/p>\n\n                            <\/div>\n                                            <\/div>\n                <\/div>\n            <\/div>\n        \n    <\/div>\n<\/div>\n[\/vc_column][\/vc_row][vc_row full_width=&#8221;stretch_row_content_no_spaces&#8221; el_class=&#8221;text-align-center&#8221;][vc_column]<div class=\"container\">\n\t<div class=\"usability-tips-and-secrets-module desktop--only--md\">\n\n\t\t<div class=\"usability-tips-and-secrets-module-content-wrapper full-width-container\">\n\n\t\t\t\n\t\t\t\t\t\t\t<div class=\"usability-tips-and-secrets-module-content usability-tips-and-secrets-module-content--bordered margin-top-between-modules\">\n\t\t\t\t\t\t\t\t\t\t\t<h2 class=\"uppercase black\">C&oacute;mo utilizar<\/h2>\n\t\t\t\t\t\n\t\t\t\t\t\t\t\t\t\t\t<p>1) Cuando te laves el pelo, te recomendamos que hagas siempre dos lavados, porque \u00e9ste es el procedimiento que lo hace realmente eficaz. En este caso de falta de nutrici\u00f3n, recomendamos el primer lavado con el champ\u00fa de nutrici\u00f3n capilar india, que eliminar\u00e1 los residuos del cabello en profundidad, y el segundo lavado con la crema co-lavado Krishna rizos sin espuma, porque funciona como un champ\u00fa muy suave y finalizar\u00e1 el lavado evitando eliminar el exceso de grasa natural del cabello.<br \/>\n2) Tras retirar el exceso de agua con una toalla, aplica la mascarilla mech\u00f3n a mech\u00f3n, d\u00e9jala actuar al menos 4 minutos y aclara.<br \/>\n3) Aplica el Acondicionador en medios y puntas y d\u00e9jalo actuar durante 1 minuto. A continuaci\u00f3n, aclara.<br \/>\n4) Aplica Aceite Prana diariamente por la ma\u00f1ana y por la noche en los medios y las puntas del cabello. Pon una cantidad del tama\u00f1o de un guisante en la palma de la mano. Exti\u00e9ndela bien como una crema de manos. Distrib\u00fayelo por el cabello, insistiendo en los medios y las puntas. Si utilizas herramientas de calor, aplica el aceite al final del procedimiento.     <\/p>\n\n\t\t\t\t\t\t\t\t\t<\/div>\n\t\t\t\n\t\t\t\t\t<\/div>\n\t<\/div>\n\n\t\t\t<div class=\"mobile--only--md usability-tips-and-secrets-module text-align-center margin-top-between-modules usability-tips-and-secrets-module-video\">\n\t\t\t\t\t<\/div>\n\t\n\t\t\t<div class=\"accordion accordion-successive  js-accordion not-found mobile--only--md usability-tips-and-secrets-module text-align-center margin-top-between-modules back_color\">\n\t\t\t<div class=\"accordion-container\">\n\t\t\t\t<div class=\"accordion-question space-between\">\n\t\t\t\t\t\t\t\t\t\t\t<h3 class=\"accordion-question-title uppercase back_color\">\n\t\t\t\t\t\t\tC&oacute;mo utilizar\n\t\t\t\t\t\t<\/h3>\n\t\t\t\t\t\n\t\t\t\t\t<span class=\"accordion-arrow back_color\">&emsp;<\/span>\n\t\t\t\t<\/div>\n\t\t\t\t<div class=\"accordion-answer\">\n\t\t\t\t\t\t\t\t\t\t\t<div class=\"usability-tips-and-secrets-module-content\">\n\t\t\t\t\t\t\t<p>1) Cuando te laves el pelo, te recomendamos que hagas siempre dos lavados, porque \u00e9ste es el procedimiento que lo hace realmente eficaz. En este caso de falta de nutrici\u00f3n, recomendamos el primer lavado con el champ\u00fa de nutrici\u00f3n capilar india, que eliminar\u00e1 los residuos del cabello en profundidad, y el segundo lavado con la crema co-lavado Krishna rizos sin espuma, porque funciona como un champ\u00fa muy suave y finalizar\u00e1 el lavado evitando eliminar el exceso de grasa natural del cabello.<br \/>\n2) Tras retirar el exceso de agua con una toalla, aplica la mascarilla mech\u00f3n a mech\u00f3n, d\u00e9jala actuar al menos 4 minutos y aclara.<br \/>\n3) Aplica el Acondicionador en medios y puntas y d\u00e9jalo actuar durante 1 minuto. A continuaci\u00f3n, aclara.<br \/>\n4) Aplica Aceite Prana diariamente por la ma\u00f1ana y por la noche en los medios y las puntas del cabello. Pon una cantidad del tama\u00f1o de un guisante en la palma de la mano. Exti\u00e9ndela bien como una crema de manos. Distrib\u00fayelo por el cabello, insistiendo en los medios y las puntas. Si utilizas herramientas de calor, aplica el aceite al final del procedimiento.     <\/p>\n\n\t\t\t\t\t\t<\/div>\n\t\t\t\t\t\t\t\t\t<\/div>\n\t\t\t<\/div>\n\t\t<\/div>\n\t\n\t<\/div>\n[\/vc_column][\/vc_row][vc_row full_width=&#8221;stretch_row_content_no_spaces&#8221; el_class=&#8221;text-align-center&#8221;][vc_column]<div class=\"container \">\n\n    <div class=\"content-default-module text-align-center margin-top-between-modules\n        \n        \n        \n        \n        \n        \n        desktop--only--md\"\n        style=\"margin-bottom: 0px;\"\n    >\n\n                <div class=\"content-default-module-titles\">\n                            <h2 class=\"content-default-module-title uppercase black\">Consejos y secretos<\/h2>\n            \n                    <\/div>\n        \n                    <div class=\"content-default-module-content\">\n                <p>Si te secas el pelo, es importante que apliques un protector t\u00e9rmico: te recomendamos <a href=\"https:\/\/www.avani.pt\/es\/p\/ganesh-thermic-protector-uv-y-termico-leche-reparadora-y-antiencrespamiento-240ml\/\">Ganesh Thermic<\/a>, que adem\u00e1s de proteger la fibra, la hidrata y repara sin dejar el pelo apelmazado.<\/p>\n\n            <\/div>\n        \n        \n        \n\n        \n\n\n    <\/div>\n\n\n            <div class=\"accordion accordion-successive   js-accordion not-found mobile--only--md content-default-module text-align-center margin-top-between-modules back_color\">\n            <div class=\"accordion-container\">\n                <div class=\"accordion-question space-between\">\n                                            <h3 class=\"accordion-question-title uppercase back_color\">\n                            Consejos y secretos\n                        <\/h3>\n                                        <span class=\"accordion-arrow back_color\">&emsp;<\/span>\n                <\/div>\n                <div class=\"accordion-answer\">\n                    \n                                            <div class=\"content-default-module-content\">\n                            <p>Si te secas el pelo, es importante que apliques un protector t\u00e9rmico: te recomendamos <a href=\"https:\/\/www.avani.pt\/es\/p\/ganesh-thermic-protector-uv-y-termico-leche-reparadora-y-antiencrespamiento-240ml\/\">Ganesh Thermic<\/a>, que adem\u00e1s de proteger la fibra, la hidrata y repara sin dejar el pelo apelmazado.<\/p>\n\n                        <\/div>\n                    \n                    \n                                    <\/div>\n            <\/div>\n        <\/div>\n    \n<\/div>\n<div class=\"container \">\n\n    <div class=\"content-default-module text-align-center margin-top-between-modules\n        \n        \n        \n        \n        \n        \n        desktop--only--md\"\n        style=\"margin-bottom: 0px;\"\n    >\n\n                <div class=\"content-default-module-titles\">\n                            <h2 class=\"content-default-module-title uppercase black\">Detalles<\/h2>\n            \n                    <\/div>\n        \n                    <div class=\"content-default-module-content\">\n                <p><strong>Este tratamiento consta de<\/strong><\/p>\n<p><a href=\"https:\/\/www.avani.pt\/es\/p\/champu-nutritivo-capilar-indio-250-ml-sin-sal\/\">Champ\u00fa Nutrici\u00f3n Capilar India 250ml<\/a><br \/>\n<a href=\"https:\/\/www.avani.pt\/es\/p\/acondicionador-indian-hair-nutrition-250-ml-sin-sal\/\">Acondicionador Indian Hair Nutrition<\/a><br \/>\n<a href=\"https:\/\/www.avani.pt\/es\/p\/indian-hair-nutrition-mascarilla-telarana-500-ml-nutricion-ligera\/\">Mascarilla ligera Indian Hair Nutrition 500ml<\/a><br \/>\n<a href=\"https:\/\/www.avani.pt\/es\/p\/aceite-prana-aceite-fortificante-para-cabello-fino-y-medio-115ml\/\">Aceite Prana<\/a><br \/>\n<a href=\"https:\/\/www.avani.pt\/es\/p\/co-wash-krishna-rizos-lavado-hidratante-sin-espuma-250-ml\/\">Co-lavado Krishna Rizos<\/a><\/p>\n\n            <\/div>\n        \n        \n        \n\n        \n\n\n    <\/div>\n\n\n            <div class=\"accordion accordion-successive   js-accordion not-found mobile--only--md content-default-module text-align-center margin-top-between-modules back_color\">\n            <div class=\"accordion-container\">\n                <div class=\"accordion-question space-between\">\n                                            <h3 class=\"accordion-question-title uppercase back_color\">\n                            Detalles\n                        <\/h3>\n                                        <span class=\"accordion-arrow back_color\">&emsp;<\/span>\n                <\/div>\n                <div class=\"accordion-answer\">\n                    \n                                            <div class=\"content-default-module-content\">\n                            <p><strong>Este tratamiento consta de<\/strong><\/p>\n<p><a href=\"https:\/\/www.avani.pt\/es\/p\/champu-nutritivo-capilar-indio-250-ml-sin-sal\/\">Champ\u00fa Nutrici\u00f3n Capilar India 250ml<\/a><br \/>\n<a href=\"https:\/\/www.avani.pt\/es\/p\/acondicionador-indian-hair-nutrition-250-ml-sin-sal\/\">Acondicionador Indian Hair Nutrition<\/a><br \/>\n<a href=\"https:\/\/www.avani.pt\/es\/p\/indian-hair-nutrition-mascarilla-telarana-500-ml-nutricion-ligera\/\">Mascarilla ligera Indian Hair Nutrition 500ml<\/a><br \/>\n<a href=\"https:\/\/www.avani.pt\/es\/p\/aceite-prana-aceite-fortificante-para-cabello-fino-y-medio-115ml\/\">Aceite Prana<\/a><br \/>\n<a href=\"https:\/\/www.avani.pt\/es\/p\/co-wash-krishna-rizos-lavado-hidratante-sin-espuma-250-ml\/\">Co-lavado Krishna Rizos<\/a><\/p>\n\n                        <\/div>\n                    \n                    \n                                    <\/div>\n            <\/div>\n        <\/div>\n    \n<\/div>\n<div class=\"tip-products margin-top-between-modules default\">\n    <div class=\"container\">\n                    <h2 class=\"title\">\n                COMPRAR INDIVIDUALMENTE\n            <\/h2>\n        \n        \n        <div class=\"products-container\">\n                    <\/div>\n\n    <\/div>\n<\/div>\n[\/vc_column][\/vc_row]<\/p>\n<\/div>","protected":false},"excerpt":{"rendered":"<p>Compuesto por cinco productos altamente nutritivos espec\u00edficos para cabellos finos. Los aceites naturales presentes en este tratamiento son extremadamente importantes para la salud capilar, ya que ayudan a restaurar la manejabilidad, la suavidad, el brillo y combaten el encrespamiento, dando al cabello un aspecto m\u00e1s sano. <\/p>\n","protected":false},"featured_media":76716,"comment_status":"open","ping_status":"closed","template":"","meta":{"_acf_changed":false},"product_brand":[],"product_cat":[471,475,470],"product_tag":[],"class_list":{"0":"post-78265","1":"product","2":"type-product","3":"status-publish","4":"has-post-thumbnail","6":"product_cat-avani-en-exclusiva","7":"product_cat-cabello-fino-tratamientos-exclusivos-avani","8":"product_cat-tratamientos","10":"first","11":"instock","12":"taxable","13":"shipping-taxable","14":"purchasable","15":"product-type-simple"},"acf":[],"wooqr_code":"","_links":{"self":[{"href":"https:\/\/www.avani.pt\/es\/wp-json\/wp\/v2\/product\/78265","targetHints":{"allow":["GET"]}}],"collection":[{"href":"https:\/\/www.avani.pt\/es\/wp-json\/wp\/v2\/product"}],"about":[{"href":"https:\/\/www.avani.pt\/es\/wp-json\/wp\/v2\/types\/product"}],"replies":[{"embeddable":true,"href":"https:\/\/www.avani.pt\/es\/wp-json\/wp\/v2\/comments?post=78265"}],"wp:featuredmedia":[{"embeddable":true,"href":"https:\/\/www.avani.pt\/es\/wp-json\/wp\/v2\/media\/76716"}],"wp:attachment":[{"href":"https:\/\/www.avani.pt\/es\/wp-json\/wp\/v2\/media?parent=78265"}],"wp:term":[{"taxonomy":"product_brand","embeddable":true,"href":"https:\/\/www.avani.pt\/es\/wp-json\/wp\/v2\/product_brand?post=78265"},{"taxonomy":"product_cat","embeddable":true,"href":"https:\/\/www.avani.pt\/es\/wp-json\/wp\/v2\/product_cat?post=78265"},{"taxonomy":"product_tag","embeddable":true,"href":"https:\/\/www.avani.pt\/es\/wp-json\/wp\/v2\/product_tag?post=78265"}],"curies":[{"name":"wp","href":"https:\/\/api.w.org\/{rel}","templated":true}]}}