{"id":78270,"date":"2022-11-14T17:27:59","date_gmt":"2022-11-14T17:27:59","guid":{"rendered":"https:\/\/www.avani.pt\/p\/tratamiento-cuero-cabelludo-graso-y-puntas-secas-luxury-haircare\/"},"modified":"2025-10-21T12:02:39","modified_gmt":"2025-10-21T11:02:39","slug":"tratamiento-cuero-cabelludo-graso-y-puntas-secas-luxury-haircare","status":"publish","type":"product","link":"https:\/\/www.avani.pt\/es\/p\/tratamiento-cuero-cabelludo-graso-y-puntas-secas-luxury-haircare\/","title":{"rendered":"Tratamiento cuero cabelludo graso y puntas secas | Luxury Haircare"},"content":{"rendered":"<div class=\"wpb-content-wrapper\"><p>[vc_row full_width=&#8221;stretch_row_content_no_spaces&#8221; el_class=&#8221;text-align-center&#8221;][vc_column]<div class=\"stars-of-product-module-wrapper margin-top-between-modules\">\n    <img decoding=\"async\" class=\"stars-of-product-module-left-image-design\" src=\"\/dist\/images\/stars_product_module_design.png\">\n    <img decoding=\"async\" class=\"stars-of-product-module-right-image-design\" src=\"\/dist\/images\/stars_product_module_design.png\">\n\n    <div class=\"container\">\n\n        <div class=\"stars-of-product-module text-align-center  desktop--only--md\">\n\n                            <div class=\"star-rating\">\n                                            <i class=\"fa fa-star\"><\/i>\n                                            <i class=\"fa fa-star\"><\/i>\n                                            <i class=\"fa fa-star\"><\/i>\n                                            <i class=\"fa fa-star\"><\/i>\n                                            <i class=\"fa fa-star\"><\/i>\n                                    <\/div>\n            \n                            <div class=\"stars-of-product-module-titles\">\n                                            <h2 class=\"stars-of-product-module-title black uppercase back_color\">Las estrellas del producto<\/h2>\n                                    <\/div>\n            \n                            <div class=\"stars-of-product-module-content\">\n                    <p>Es muy dif\u00edcil resolver el problema de las ra\u00edces grasas y las puntas secas, porque la gente suele o bien centrarse en tratar el exceso de grasa utilizando productos espec\u00edficos para cabello graso, que luego deshidratan las puntas, o bien, cuando se dan cuenta de que los medios y las puntas est\u00e1n muy secos, se limitan a utilizar m\u00e1s productos nutritivos, que empeoran a\u00fan m\u00e1s el problema de la grasa. En otras palabras, si s\u00f3lo te centras en uno de estos problemas, es muy probable que agraves el otro. En general, recomendamos utilizar productos ricos en ingredientes naturales y aceites que purifiquen el cuero cabelludo e hidraten al mismo tiempo los medios y las puntas del cabello. Este tratamiento se basa en la Gama Panchali enriquecida con Azafr\u00e1n Ecol\u00f3gico. Se trata de una de las especias m\u00e1s valiosas del mundo, ya que se necesitan aproximadamente 150 flores para extraer un gramo de azafr\u00e1n seco. El azafr\u00e1n es muy rico en antioxidantes con numerosos beneficios para la salud capilar, como: resistencia, ralentizaci\u00f3n del envejecimiento del cabello, fijaci\u00f3n del color, efecto calmante y antibacteriano natural para el cuero cabelludo. Seg\u00fan la medicina ayurv\u00e9dica, el azafr\u00e1n tambi\u00e9n tiene el poder de equilibrar los doshas vata (\u00e9ter y aire), pitta (fuego y agua) y kapha (agua y tierra).      <span class=\"Apple-converted-space\">  <\/span>que simbolizan la manifestaci\u00f3n f\u00edsica de los 5 elementos presentes en nuestro cuerpo (\u00e9ter, aire, fuego, agua y tierra). El azafr\u00e1n org\u00e1nico est\u00e1 presente en la gama Panchali, base del tratamiento que recomendamos para cabellos con ra\u00edces grasas y puntas secas. <b>Este tratamiento incluye<\/b> el <b>Champ\u00fa <\/b>Panchali con un 98% de ingredientes de origen natural que limpia el cuero cabelludo con mucha suavidad, eliminando el exceso de grasa sin despojar al cabello de sus caracter\u00edsticas naturales; la <b>Crema Purificante Efecto Fr\u00edo que <\/b>ayuda a controlar el exceso de grasa, las impurezas, la irritaci\u00f3n, el picor y equilibra la microbiota del cuero cabelludo; la <b>Mascarilla Panchali <\/b>enriquecida con un 99% de ingredientes de origen natural nutre toda la longitud de la fibra capilar, evita la deshidrataci\u00f3n, no apelmaza el cabello y aporta densidad y fuerza a la fibra capilar; el <b>Acondicionador Panchali <\/b>que      <b> <\/b>tiene un efecto nutritivo, sella las cut\u00edculas, evitando que las puntas se sequen demasiado y se vuelvan quebradizas, adem\u00e1s est\u00e1 enriquecido con m\u00e1s de un 99% de ingredientes de origen natural y no apelmaza el cabello; <b>Ganesh Thermic <\/b>con propiedades reparadoras acondiciona, desenreda facilitando el uso de cepillos y herramientas t\u00e9rmicas, ayuda a mantener el peinado y previene las puntas abiertas, no apelmaza el cabello; <b>Prana Oil <\/b>rico en muchos aceites naturales ayuda a nutrir los medios y las puntas del cabello, proporcion\u00e1ndole salud visible, adem\u00e1s de protecci\u00f3n, fuerza y resistencia. Contribuye en gran medida al problema de las puntas secas. <\/p>\n\n                <\/div>\n            \n        <\/div>\n\n\n                    <div class=\"accordion   accordion-successive-first js-accordion not-found mobile--only--md stars-of-product-module text-align-center margin-top-between-modules back_color\">\n                <div class=\"accordion-container\">\n                    <div class=\"accordion-question space-between\">\n                                                    <h3 class=\"accordion-question-title uppercase back_color\">\n                                As Estrelas do Produtos\n                            <\/h3>\n                                                <span class=\"accordion-arrow back_color\">&emsp;<\/span>\n                    <\/div>\n                    <div class=\"accordion-answer\">\n\n                                                    <div class=\"star-rating\">\n                                                            <\/div>\n                        \n                                                    <div class=\"stars-of-product-module-content\">\n                                <p>Es muy dif\u00edcil resolver el problema de las ra\u00edces grasas y las puntas secas, porque la gente suele o bien centrarse en tratar el exceso de grasa utilizando productos espec\u00edficos para cabello graso, que luego deshidratan las puntas, o bien, cuando se dan cuenta de que los medios y las puntas est\u00e1n muy secos, se limitan a utilizar m\u00e1s productos nutritivos, que empeoran a\u00fan m\u00e1s el problema de la grasa. En otras palabras, si s\u00f3lo te centras en uno de estos problemas, es muy probable que agraves el otro. En general, recomendamos utilizar productos ricos en ingredientes naturales y aceites que purifiquen el cuero cabelludo e hidraten al mismo tiempo los medios y las puntas del cabello. Este tratamiento se basa en la Gama Panchali enriquecida con Azafr\u00e1n Ecol\u00f3gico. Se trata de una de las especias m\u00e1s valiosas del mundo, ya que se necesitan aproximadamente 150 flores para extraer un gramo de azafr\u00e1n seco. El azafr\u00e1n es muy rico en antioxidantes con numerosos beneficios para la salud capilar, como: resistencia, ralentizaci\u00f3n del envejecimiento del cabello, fijaci\u00f3n del color, efecto calmante y antibacteriano natural para el cuero cabelludo. Seg\u00fan la medicina ayurv\u00e9dica, el azafr\u00e1n tambi\u00e9n tiene el poder de equilibrar los doshas vata (\u00e9ter y aire), pitta (fuego y agua) y kapha (agua y tierra).      <span class=\"Apple-converted-space\">  <\/span>que simbolizan la manifestaci\u00f3n f\u00edsica de los 5 elementos presentes en nuestro cuerpo (\u00e9ter, aire, fuego, agua y tierra). El azafr\u00e1n org\u00e1nico est\u00e1 presente en la gama Panchali, base del tratamiento que recomendamos para cabellos con ra\u00edces grasas y puntas secas. <b>Este tratamiento incluye<\/b> el <b>Champ\u00fa <\/b>Panchali con un 98% de ingredientes de origen natural que limpia el cuero cabelludo con mucha suavidad, eliminando el exceso de grasa sin despojar al cabello de sus caracter\u00edsticas naturales; la <b>Crema Purificante Efecto Fr\u00edo que <\/b>ayuda a controlar el exceso de grasa, las impurezas, la irritaci\u00f3n, el picor y equilibra la microbiota del cuero cabelludo; la <b>Mascarilla Panchali <\/b>enriquecida con un 99% de ingredientes de origen natural nutre toda la longitud de la fibra capilar, evita la deshidrataci\u00f3n, no apelmaza el cabello y aporta densidad y fuerza a la fibra capilar; el <b>Acondicionador Panchali <\/b>que      <b> <\/b>tiene un efecto nutritivo, sella las cut\u00edculas, evitando que las puntas se sequen demasiado y se vuelvan quebradizas, adem\u00e1s est\u00e1 enriquecido con m\u00e1s de un 99% de ingredientes de origen natural y no apelmaza el cabello; <b>Ganesh Thermic <\/b>con propiedades reparadoras acondiciona, desenreda facilitando el uso de cepillos y herramientas t\u00e9rmicas, ayuda a mantener el peinado y previene las puntas abiertas, no apelmaza el cabello; <b>Prana Oil <\/b>rico en muchos aceites naturales ayuda a nutrir los medios y las puntas del cabello, proporcion\u00e1ndole salud visible, adem\u00e1s de protecci\u00f3n, fuerza y resistencia. Contribuye en gran medida al problema de las puntas secas. <\/p>\n\n                            <\/div>\n                                            <\/div>\n                <\/div>\n            <\/div>\n        \n    <\/div>\n<\/div>\n[\/vc_column][\/vc_row][vc_row full_width=&#8221;stretch_row_content_no_spaces&#8221; el_class=&#8221;text-align-center&#8221;][vc_column]<div class=\"container\">\n\t<div class=\"usability-tips-and-secrets-module desktop--only--md\">\n\n\t\t<div class=\"usability-tips-and-secrets-module-content-wrapper full-width-container\">\n\n\t\t\t\n\t\t\t\t\t\t\t<div class=\"usability-tips-and-secrets-module-content usability-tips-and-secrets-module-content--bordered margin-top-between-modules\">\n\t\t\t\t\t\t\t\t\t\t\t<h2 class=\"uppercase black\">Como usar<\/h2>\n\t\t\t\t\t\n\t\t\t\t\t\t\t\t\t\t\t<p>1) Massajar continuamente o Shampoo Panchali no couro cabeludo com a ponta dos dedos at\u00e9 o sentir limpo. Enxaguar bem. Repita o procedimento. Nota: N\u00e3o esfregar o shampoo nos meios e pontas, basta fazer movimentos verticais enluvando a espuma at\u00e9 \u00e0s pontas para n\u00e3o o agredir. 2) Ap\u00f3s tirar o excesso de \u00e1gua, aplicar a m\u00e1scara madeira a madeixa. Deixar actuar pelo menos durante 4 minutos e enxaguar. 3) Aplicar o Condicionador nas pontas para uma selagem perfeita, deixar actuar um minuto e depois enxaguar bem. 4) Fora do banho, ap\u00f3s a lavagem capilar, colocar uma quantidade equivalente a uma ervilha do leite Ganesh Thermic na palma das m\u00e3os, espalhar bem como se fosse um creme de m\u00e3os e distribuir nos cabelos insistindo nos meios e pontas para evitar a sua desidrata\u00e7\u00e3o. 5) J\u00e1 em cabelos secos colocar uma quantidade equivalente a uma ervilha na palma das m\u00e3os, espalhar bem como se fosse um creme de m\u00e3os e distribuir nos cabelos insistindo nos meios e pontas. Deve preferencialmente ser aplicado uma vez diariamente. 6) Aplique o Creme Purificante Cold effect uma vez por semana. No dia em que o aplicar fa\u00e7o-o depois do shampoo e antes da m\u00e1scara. Aplique-o no couro cabeludo com a ajuda de um pincel ou esp\u00e1tula. Massaje bem. Sem enxaguar, aplique em simult\u00e2neo a m\u00e1scara capilar Panchali nos meios e pontas. Deixe atuar ambos durante 4 minutos. Enxaguar bem.<\/p>\n\n\t\t\t\t\t\t\t\t\t<\/div>\n\t\t\t\n\t\t\t\t\t<\/div>\n\t<\/div>\n\n\t\t\t<div class=\"mobile--only--md usability-tips-and-secrets-module text-align-center margin-top-between-modules usability-tips-and-secrets-module-video\">\n\t\t\t\t\t<\/div>\n\t\n\t\t\t<div class=\"accordion accordion-successive  js-accordion not-found mobile--only--md usability-tips-and-secrets-module text-align-center margin-top-between-modules back_color\">\n\t\t\t<div class=\"accordion-container\">\n\t\t\t\t<div class=\"accordion-question space-between\">\n\t\t\t\t\t\t\t\t\t\t\t<h3 class=\"accordion-question-title uppercase back_color\">\n\t\t\t\t\t\t\tComo usar\n\t\t\t\t\t\t<\/h3>\n\t\t\t\t\t\n\t\t\t\t\t<span class=\"accordion-arrow back_color\">&emsp;<\/span>\n\t\t\t\t<\/div>\n\t\t\t\t<div class=\"accordion-answer\">\n\t\t\t\t\t\t\t\t\t\t\t<div class=\"usability-tips-and-secrets-module-content\">\n\t\t\t\t\t\t\t<p>1) Massajar continuamente o Shampoo Panchali no couro cabeludo com a ponta dos dedos at\u00e9 o sentir limpo. Enxaguar bem. Repita o procedimento. Nota: N\u00e3o esfregar o shampoo nos meios e pontas, basta fazer movimentos verticais enluvando a espuma at\u00e9 \u00e0s pontas para n\u00e3o o agredir. 2) Ap\u00f3s tirar o excesso de \u00e1gua, aplicar a m\u00e1scara madeira a madeixa. Deixar actuar pelo menos durante 4 minutos e enxaguar. 3) Aplicar o Condicionador nas pontas para uma selagem perfeita, deixar actuar um minuto e depois enxaguar bem. 4) Fora do banho, ap\u00f3s a lavagem capilar, colocar uma quantidade equivalente a uma ervilha do leite Ganesh Thermic na palma das m\u00e3os, espalhar bem como se fosse um creme de m\u00e3os e distribuir nos cabelos insistindo nos meios e pontas para evitar a sua desidrata\u00e7\u00e3o. 5) J\u00e1 em cabelos secos colocar uma quantidade equivalente a uma ervilha na palma das m\u00e3os, espalhar bem como se fosse um creme de m\u00e3os e distribuir nos cabelos insistindo nos meios e pontas. Deve preferencialmente ser aplicado uma vez diariamente. 6) Aplique o Creme Purificante Cold effect uma vez por semana. No dia em que o aplicar fa\u00e7o-o depois do shampoo e antes da m\u00e1scara. Aplique-o no couro cabeludo com a ajuda de um pincel ou esp\u00e1tula. Massaje bem. Sem enxaguar, aplique em simult\u00e2neo a m\u00e1scara capilar Panchali nos meios e pontas. Deixe atuar ambos durante 4 minutos. Enxaguar bem.<\/p>\n\n\t\t\t\t\t\t<\/div>\n\t\t\t\t\t\t\t\t\t<\/div>\n\t\t\t<\/div>\n\t\t<\/div>\n\t\n\t<\/div>\n[\/vc_column][\/vc_row][vc_row full_width=&#8221;stretch_row_content_no_spaces&#8221; el_class=&#8221;text-align-center&#8221;][vc_column]<div class=\"container \">\n\n    <div class=\"content-default-module text-align-center margin-top-between-modules\n        \n        \n        \n        \n        \n        \n        desktop--only--md\"\n        style=\"margin-bottom: 0px;\"\n    >\n\n                <div class=\"content-default-module-titles\">\n                            <h2 class=\"content-default-module-title uppercase black\">Dicas &amp; Segredos<\/h2>\n            \n                    <\/div>\n        \n                    <div class=\"content-default-module-content\">\n                <p>Para um couro cabeludo extremamente sens\u00edvel colocar quatro gotas de <a href=\"https:\/\/www.avani.pt\/p\/oleo-melaleuca-tea-tree-10ml\/\">\u00f3leo de melaleuca<\/a> no shampoo e agitar bem.<\/p>\n\n            <\/div>\n        \n        \n        \n\n        \n\n\n    <\/div>\n\n\n            <div class=\"accordion accordion-successive   js-accordion not-found mobile--only--md content-default-module text-align-center margin-top-between-modules back_color\">\n            <div class=\"accordion-container\">\n                <div class=\"accordion-question space-between\">\n                                            <h3 class=\"accordion-question-title uppercase back_color\">\n                            Dicas &amp; Segredos\n                        <\/h3>\n                                        <span class=\"accordion-arrow back_color\">&emsp;<\/span>\n                <\/div>\n                <div class=\"accordion-answer\">\n                    \n                                            <div class=\"content-default-module-content\">\n                            <p>Para um couro cabeludo extremamente sens\u00edvel colocar quatro gotas de <a href=\"https:\/\/www.avani.pt\/p\/oleo-melaleuca-tea-tree-10ml\/\">\u00f3leo de melaleuca<\/a> no shampoo e agitar bem.<\/p>\n\n                        <\/div>\n                    \n                    \n                                    <\/div>\n            <\/div>\n        <\/div>\n    \n<\/div>\n<div class=\"container \">\n\n    <div class=\"content-default-module text-align-center margin-top-between-modules\n        \n        \n        \n        \n        \n        \n        desktop--only--md\"\n        style=\"margin-bottom: 0px;\"\n    >\n\n                <div class=\"content-default-module-titles\">\n                            <h2 class=\"content-default-module-title uppercase black\">Detalhes<\/h2>\n            \n                    <\/div>\n        \n                    <div class=\"content-default-module-content\">\n                <p><a href=\"https:\/\/www.avani.pt\/p\/shampoo-fortificante-apaziguador-acafrao-panchali-250ml-vegan\/\">Shampoo Panchali<\/a><\/p>\n<p><a href=\"https:\/\/www.avani.pt\/p\/mascara-cold-effect-anticaspa-indian-hair-500ml\/\">Creme Purificante Cold Effect<\/a><\/p>\n<p><a href=\"https:\/\/www.avani.pt\/p\/mascara-fortificante-apaziguadora-acafrao-panchali-500ml-vegan\/\">M\u00e1scara Panchali<\/a><\/p>\n<p><a href=\"https:\/\/www.avani.pt\/p\/condicionador-fortificante-apaziguador-acafrao-panchali-250ml-vegan\/\">Condicionador Panchali<\/a><\/p>\n<p><a href=\"https:\/\/www.avani.pt\/p\/spray-ganesh-protetor-termico-e-uv-250-ml\/\">Ganesh Thermic<\/a><\/p>\n<p><a href=\"https:\/\/www.avani.pt\/p\/oleo-capilar-argan-e-macadamia-nutritivo-cabelos-secos-250ml\/\">Prana Oil<\/a><\/p>\n\n            <\/div>\n        \n        \n        \n\n        \n\n\n    <\/div>\n\n\n            <div class=\"accordion accordion-successive   js-accordion not-found mobile--only--md content-default-module text-align-center margin-top-between-modules back_color\">\n            <div class=\"accordion-container\">\n                <div class=\"accordion-question space-between\">\n                                            <h3 class=\"accordion-question-title uppercase back_color\">\n                            Detalhes\n                        <\/h3>\n                                        <span class=\"accordion-arrow back_color\">&emsp;<\/span>\n                <\/div>\n                <div class=\"accordion-answer\">\n                    \n                                            <div class=\"content-default-module-content\">\n                            <p><a href=\"https:\/\/www.avani.pt\/p\/shampoo-fortificante-apaziguador-acafrao-panchali-250ml-vegan\/\">Shampoo Panchali<\/a><\/p>\n<p><a href=\"https:\/\/www.avani.pt\/p\/mascara-cold-effect-anticaspa-indian-hair-500ml\/\">Creme Purificante Cold Effect<\/a><\/p>\n<p><a href=\"https:\/\/www.avani.pt\/p\/mascara-fortificante-apaziguadora-acafrao-panchali-500ml-vegan\/\">M\u00e1scara Panchali<\/a><\/p>\n<p><a href=\"https:\/\/www.avani.pt\/p\/condicionador-fortificante-apaziguador-acafrao-panchali-250ml-vegan\/\">Condicionador Panchali<\/a><\/p>\n<p><a href=\"https:\/\/www.avani.pt\/p\/spray-ganesh-protetor-termico-e-uv-250-ml\/\">Ganesh Thermic<\/a><\/p>\n<p><a href=\"https:\/\/www.avani.pt\/p\/oleo-capilar-argan-e-macadamia-nutritivo-cabelos-secos-250ml\/\">Prana Oil<\/a><\/p>\n\n                        <\/div>\n                    \n                    \n                                    <\/div>\n            <\/div>\n        <\/div>\n    \n<\/div>\n<div class=\"tip-products margin-top-between-modules default\">\n    <div class=\"container\">\n                    <h2 class=\"title\">\n                COMPRAR INDIVIDUALMENTE\n            <\/h2>\n        \n        \n        <div class=\"products-container\">\n                    <\/div>\n\n    <\/div>\n<\/div>\n[\/vc_column][\/vc_row]<\/p>\n<\/div>","protected":false},"excerpt":{"rendered":"<p>Compuesto por seis productos. Es una combinaci\u00f3n de productos que tratar\u00e1n el exceso de grasa en las ra\u00edces sin deshidratar los medios y las puntas. Compuesto por productos hidratantes y nutritivos enriquecidos con ingredientes naturales para nutrir los medios y las puntas y evitar la deshidrataci\u00f3n del cabello.  <\/p>\n","protected":false},"featured_media":76714,"comment_status":"open","ping_status":"closed","template":"","meta":{"_acf_changed":false},"product_brand":[],"product_cat":[465,471,475,472,448,529,470],"product_tag":[],"class_list":{"0":"post-78270","1":"product","2":"type-product","3":"status-publish","4":"has-post-thumbnail","6":"product_cat-atencion","7":"product_cat-avani-en-exclusiva","8":"product_cat-cabello-fino-tratamientos-exclusivos-avani","9":"product_cat-cabello-medio-grueso-avani-tratamientos-exclusivos","10":"product_cat-problemas-del-cuero-cabelludo","11":"product_cat-problemas-del-cuero-cabelludo-tratamientos-exclusivos-avani","12":"product_cat-tratamientos","14":"first","15":"instock","16":"taxable","17":"shipping-taxable","18":"purchasable","19":"product-type-simple"},"acf":[],"wooqr_code":"","_links":{"self":[{"href":"https:\/\/www.avani.pt\/es\/wp-json\/wp\/v2\/product\/78270","targetHints":{"allow":["GET"]}}],"collection":[{"href":"https:\/\/www.avani.pt\/es\/wp-json\/wp\/v2\/product"}],"about":[{"href":"https:\/\/www.avani.pt\/es\/wp-json\/wp\/v2\/types\/product"}],"replies":[{"embeddable":true,"href":"https:\/\/www.avani.pt\/es\/wp-json\/wp\/v2\/comments?post=78270"}],"wp:featuredmedia":[{"embeddable":true,"href":"https:\/\/www.avani.pt\/es\/wp-json\/wp\/v2\/media\/76714"}],"wp:attachment":[{"href":"https:\/\/www.avani.pt\/es\/wp-json\/wp\/v2\/media?parent=78270"}],"wp:term":[{"taxonomy":"product_brand","embeddable":true,"href":"https:\/\/www.avani.pt\/es\/wp-json\/wp\/v2\/product_brand?post=78270"},{"taxonomy":"product_cat","embeddable":true,"href":"https:\/\/www.avani.pt\/es\/wp-json\/wp\/v2\/product_cat?post=78270"},{"taxonomy":"product_tag","embeddable":true,"href":"https:\/\/www.avani.pt\/es\/wp-json\/wp\/v2\/product_tag?post=78270"}],"curies":[{"name":"wp","href":"https:\/\/api.w.org\/{rel}","templated":true}]}}