{"id":78276,"date":"2022-12-21T17:39:01","date_gmt":"2022-12-21T17:39:01","guid":{"rendered":"https:\/\/www.avani.pt\/p\/krishna-mascarilla-rizos-500-ml-nutricion-profunda\/"},"modified":"2025-12-17T14:33:28","modified_gmt":"2025-12-17T14:33:28","slug":"krishna-mascarilla-rizos-500-ml-nutricion-profunda","status":"publish","type":"product","link":"https:\/\/www.avani.pt\/es\/p\/krishna-mascarilla-rizos-500-ml-nutricion-profunda\/","title":{"rendered":"Krishna Mascarilla Rizos 500 ml | Nutrici\u00f3n Profunda"},"content":{"rendered":"<div class=\"wpb-content-wrapper\"><p>[vc_row full_width=&#8221;stretch_row_content_no_spaces&#8221; el_class=&#8221;text-align-center&#8221;][vc_column]<div class=\"stars-of-product-module-wrapper margin-top-between-modules\">\n    <img decoding=\"async\" class=\"stars-of-product-module-left-image-design\" src=\"\/dist\/images\/stars_product_module_design.png\">\n    <img decoding=\"async\" class=\"stars-of-product-module-right-image-design\" src=\"\/dist\/images\/stars_product_module_design.png\">\n\n    <div class=\"container\">\n\n        <div class=\"stars-of-product-module text-align-center  desktop--only--md\">\n\n                            <div class=\"star-rating\">\n                                            <i class=\"fa fa-star\"><\/i>\n                                            <i class=\"fa fa-star\"><\/i>\n                                            <i class=\"fa fa-star\"><\/i>\n                                            <i class=\"fa fa-star\"><\/i>\n                                            <i class=\"fa fa-star\"><\/i>\n                                    <\/div>\n            \n                            <div class=\"stars-of-product-module-titles\">\n                                            <h2 class=\"stars-of-product-module-title black uppercase back_color\">Las estrellas del producto<\/h2>\n                                    <\/div>\n            \n                            <div class=\"stars-of-product-module-content\">\n                    <p>Rica en ingredientes que act\u00faan de medios a puntas, esta mascarilla ayuda a nutrir en profundidad la fibra capilar, haci\u00e9ndola m\u00e1s suave, brillante y manejable. Se recomienda para cabellos con rizos, tanto naturales como procesados. Con ingredientes estrella como el fruto del Amla, el secreto indio para un cabello fuerte y largo; aceites naturales como el aceite de coco, el aceite de arg\u00e1n, el aceite de jojoba, el aceite de Litsea Cubeba y el aceite de lavanda que nutren y reparan la fibra capilar; manteca de karit\u00e9 que devuelve la manejabilidad al cabello; aloe vera hidratante y regenerador, amino\u00e1cidos vegetales y muchos otros ingredientes que hacen que esta mascarilla sea altamente nutritiva y muy apreciada por los clientes. Sin sulfatos, aceites minerales, parafina, petrolato ni colorantes. \u00a1Olor suave!<\/p>\n\n                <\/div>\n            \n        <\/div>\n\n\n                    <div class=\"accordion   accordion-successive-first js-accordion not-found mobile--only--md stars-of-product-module text-align-center margin-top-between-modules back_color\">\n                <div class=\"accordion-container\">\n                    <div class=\"accordion-question space-between\">\n                                                    <h3 class=\"accordion-question-title uppercase back_color\">\n                                Las estrellas del producto\n                            <\/h3>\n                                                <span class=\"accordion-arrow back_color\">&emsp;<\/span>\n                    <\/div>\n                    <div class=\"accordion-answer\">\n\n                                                    <div class=\"star-rating\">\n                                                                    <i class=\"fa fa-star\"><\/i>\n                                                                    <i class=\"fa fa-star\"><\/i>\n                                                                    <i class=\"fa fa-star\"><\/i>\n                                                                    <i class=\"fa fa-star\"><\/i>\n                                                                    <i class=\"fa fa-star\"><\/i>\n                                                            <\/div>\n                        \n                                                    <div class=\"stars-of-product-module-content\">\n                                <p>Rica en ingredientes que act\u00faan de medios a puntas, esta mascarilla ayuda a nutrir en profundidad la fibra capilar, haci\u00e9ndola m\u00e1s suave, brillante y manejable. Se recomienda para cabellos con rizos, tanto naturales como procesados. Con ingredientes estrella como el fruto del Amla, el secreto indio para un cabello fuerte y largo; aceites naturales como el aceite de coco, el aceite de arg\u00e1n, el aceite de jojoba, el aceite de Litsea Cubeba y el aceite de lavanda que nutren y reparan la fibra capilar; manteca de karit\u00e9 que devuelve la manejabilidad al cabello; aloe vera hidratante y regenerador, amino\u00e1cidos vegetales y muchos otros ingredientes que hacen que esta mascarilla sea altamente nutritiva y muy apreciada por los clientes. Sin sulfatos, aceites minerales, parafina, petrolato ni colorantes. \u00a1Olor suave!<\/p>\n\n                            <\/div>\n                                            <\/div>\n                <\/div>\n            <\/div>\n        \n    <\/div>\n<\/div>\n[\/vc_column][\/vc_row][vc_row full_width=&#8221;stretch_row_content_no_spaces&#8221; el_class=&#8221;text-align-center&#8221;][vc_column]<div class=\"container\">\n\t<div class=\"usability-tips-and-secrets-module desktop--only--md\">\n\n\t\t<div class=\"usability-tips-and-secrets-module-content-wrapper full-width-container\">\n\n\t\t\t\n\t\t\t\t\t\t\t<div class=\"usability-tips-and-secrets-module-content usability-tips-and-secrets-module-content--bordered margin-top-between-modules\">\n\t\t\t\t\t\t\t\t\t\t\t<h2 class=\"uppercase black\">C&oacute;mo utilizar<\/h2>\n\t\t\t\t\t\n\t\t\t\t\t\t\t\t\t\t\t<p>Despu\u00e9s de lavarte con el champ\u00fa, elimina el exceso de agua; aplica la mascarilla mech\u00f3n a mech\u00f3n dej\u00e1ndola actuar durante al menos 4 minutos y aclara.<br \/>\nPara obtener los mejores resultados, recomendamos utilizar la gama completa.<\/p>\n\n\t\t\t\t\t\t\t\t\t<\/div>\n\t\t\t\n\t\t\t\t\t<\/div>\n\t<\/div>\n\n\t\t\t<div class=\"mobile--only--md usability-tips-and-secrets-module text-align-center margin-top-between-modules usability-tips-and-secrets-module-video\">\n\t\t\t\t\t<\/div>\n\t\n\t\t\t<div class=\"accordion accordion-successive  js-accordion not-found mobile--only--md usability-tips-and-secrets-module text-align-center margin-top-between-modules back_color\">\n\t\t\t<div class=\"accordion-container\">\n\t\t\t\t<div class=\"accordion-question space-between\">\n\t\t\t\t\t\t\t\t\t\t\t<h3 class=\"accordion-question-title uppercase back_color\">\n\t\t\t\t\t\t\tC&oacute;mo utilizar\n\t\t\t\t\t\t<\/h3>\n\t\t\t\t\t\n\t\t\t\t\t<span class=\"accordion-arrow back_color\">&emsp;<\/span>\n\t\t\t\t<\/div>\n\t\t\t\t<div class=\"accordion-answer\">\n\t\t\t\t\t\t\t\t\t\t\t<div class=\"usability-tips-and-secrets-module-content\">\n\t\t\t\t\t\t\t<p>Despu\u00e9s de lavarte con el champ\u00fa, elimina el exceso de agua; aplica la mascarilla mech\u00f3n a mech\u00f3n dej\u00e1ndola actuar durante al menos 4 minutos y aclara.<br \/>\nPara obtener los mejores resultados, recomendamos utilizar la gama completa.<\/p>\n\n\t\t\t\t\t\t<\/div>\n\t\t\t\t\t\t\t\t\t<\/div>\n\t\t\t<\/div>\n\t\t<\/div>\n\t\n\t<\/div>\n[\/vc_column][\/vc_row][vc_row full_width=&#8221;stretch_row_content_no_spaces&#8221; el_class=&#8221;text-align-center&#8221;][vc_column]<div class=\"container \">\n\n    <div class=\"content-default-module text-align-center margin-top-between-modules\n        \n        \n        \n        \n        \n        \n        desktop--only--md\"\n        style=\"margin-bottom: 0px;\"\n    >\n\n                <div class=\"content-default-module-titles\">\n                            <h2 class=\"content-default-module-title uppercase black\">Consejos y secretos<\/h2>\n            \n                    <\/div>\n        \n                    <div class=\"content-default-module-content\">\n                <p>Para una nutrici\u00f3n completa, sella la cut\u00edcula con el Acondicionador Sellador Krishna Rizos, despu\u00e9s de aclarar la mascarilla, en los medios y las puntas, aclarando de nuevo al final del lavado.<\/p>\n<p>Esta mascarilla puede utilizarse con frecuencia o intercalarse con otras; si tu cabello est\u00e1 muy expuesto a herramientas t\u00e9rmicas o qu\u00edmicas, debes alternarla con la mascarilla Reconstruir Cabello; para una hidrataci\u00f3n profunda, esta mascarilla puede alternarse con la Mascarilla Vitam\u00ednica Cabello Indio. Para m\u00e1s informaci\u00f3n sobre c\u00f3mo alternar las mascarillas, visita nuestra p\u00e1gina Programa Capilar. <\/p>\n<p>Consulta los productos recomendados:<\/p>\n<p><a href=\"https:\/\/www.avani.pt\/es\/p\/mascarilla-reconstructiva-capilar-india-500-ml-reconstructiva\/\">Mascarilla Reconstructora Capilar 500 ml<\/a><\/p>\n<p><a href=\"https:\/\/www.avani.pt\/es\/p\/mascarilla-vitaminica-capilar-india-500-ml-hidratante\/\">Mascarilla capilar india con vitaminas 500 ml<\/a><\/p>\n<p>\n\n            <\/div>\n        \n        \n        \n\n        \n\n\n    <\/div>\n\n\n            <div class=\"accordion    js-accordion not-found mobile--only--md content-default-module text-align-center margin-top-between-modules back_color\">\n            <div class=\"accordion-container\">\n                <div class=\"accordion-question space-between\">\n                                                                        <h3 class=\"accordion-question-title uppercase back_color\">\n                                Consejos y secretos\n                            <\/h3>\n                                                                <span class=\"accordion-arrow back_color\">&emsp;<\/span>\n                <\/div>\n                <div class=\"accordion-answer\">\n                    \n                                            <div class=\"content-default-module-content\">\n                            <p>Para una nutrici\u00f3n completa, sella la cut\u00edcula con el Acondicionador Sellador Krishna Rizos, despu\u00e9s de aclarar la mascarilla, en los medios y las puntas, aclarando de nuevo al final del lavado.<\/p>\n<p>Esta mascarilla puede utilizarse con frecuencia o intercalarse con otras; si tu cabello est\u00e1 muy expuesto a herramientas t\u00e9rmicas o qu\u00edmicas, debes alternarla con la mascarilla Reconstruir Cabello; para una hidrataci\u00f3n profunda, esta mascarilla puede alternarse con la Mascarilla Vitam\u00ednica Cabello Indio. Para m\u00e1s informaci\u00f3n sobre c\u00f3mo alternar las mascarillas, visita nuestra p\u00e1gina Programa Capilar. <\/p>\n<p>Consulta los productos recomendados:<\/p>\n<p><a href=\"https:\/\/www.avani.pt\/es\/p\/mascarilla-reconstructiva-capilar-india-500-ml-reconstructiva\/\">Mascarilla Reconstructora Capilar 500 ml<\/a><\/p>\n<p><a href=\"https:\/\/www.avani.pt\/es\/p\/mascarilla-vitaminica-capilar-india-500-ml-hidratante\/\">Mascarilla capilar india con vitaminas 500 ml<\/a><\/p>\n<p>\n\n                        <\/div>\n                    \n                    \n                                    <\/div>\n            <\/div>\n        <\/div>\n    \n<\/div>\n<div class=\"container \">\n\n    <div class=\"content-default-module text-align-center margin-top-between-modules\n        \n        \n        \n        \n        \n        \n        desktop--only--md\"\n        style=\"margin-bottom: 0px;\"\n    >\n\n                <div class=\"content-default-module-titles\">\n                            <h2 class=\"content-default-module-title uppercase black\">Composici&oacute;n<\/h2>\n            \n                    <\/div>\n        \n                    <div class=\"content-default-module-content\">\n                <\/p>\n<p style=\"text-align: left;\"><strong>Aceite de Arg\u00e1n | <\/strong>Aceite rico, graso y nutritivo que lubrica la fibra capilar y le confiere un efecto suavizante. Repara, nutre el cuero cabelludo, sella las puntas abiertas y protege la longitud de la fibra, proporcionando un crecimiento del cabello fuerte y sano. <\/p>\n<p style=\"text-align: left;\"><strong>Aceite de jojoba |  <\/strong><span class=\"Y2IQFc\" lang=\"pt\">Rico en vitaminas y minerales que nutren el cabello, como la vitamina C, las vitaminas del grupo B, la vitamina E, el cobre y el zinc, fortalece el cabello. Combate la ca\u00edda del cabello y favorece una mayor resistencia de la fibra capilar al nutrirla en profundidad. <\/span><\/p>\n<p style=\"text-align: left;\">La <strong>manteca de karit\u00e9 |<\/strong> rica en vitamina A y E, devuelve la nutrici\u00f3n y la flexibilidad al cabello.<\/p>\n<p style=\"text-align: left;\"><strong>El aceite de lavanda | <\/strong>naturalmente calmante, favorece el equilibrio y el crecimiento sano del cabello.<\/p>\n<p style=\"text-align: left;\"><strong>Aceite de coco |<\/strong> el \u00e1cido l\u00e1urico presente en este aceite tiene propiedades nutritivas con una gran capacidad de penetraci\u00f3n, dejando el cabello flexible, brillante y flexible.<\/p>\n<p style=\"text-align: left;\"><strong>El Aceite de Oliva |<\/strong> altamente nutritivo, fortalece, repara y ayuda a combatir la ca\u00edda y el fortalecimiento del cabello.<\/p>\n<p style=\"text-align: left;\"><strong>El aceite de semillas de Sacha Inchi |<\/strong> est\u00e1 compuesto por una potente combinaci\u00f3n de omega 3, 6 y 9 que tiene una incre\u00edble capacidad de penetraci\u00f3n, lo que provoca una reestructuraci\u00f3n intensiva del cabello.<\/p>\n<p style=\"text-align: left;\"><strong>Amino\u00e1cidos vegetales:<\/strong> prote\u00edna de origen vegetal con propiedades hidratantes y protectoras que aumenta la capacidad de retenci\u00f3n de humedad del cabello, aport\u00e1ndole brillo y manejabilidad. Adem\u00e1s de otros componentes especiales, contiene ciste\u00edna, un amino\u00e1cido proteinog\u00e9nico que une las prote\u00ednas del cabello. Favorece el brillo, fortalece las fibras y alinea las cut\u00edculas (parte externa del cabello).  <\/p>\n<p style=\"text-align: left;\"><strong>El Aceite de Litsea Cubeba <\/strong>equilibra la salud del cuero cabelludo gracias a sus propiedades antibacterianas y antiseborreicas.<\/p>\n<p style=\"text-align: left;\"><strong>Ceramidas |<\/strong> l\u00edpidos que proporcionan al cabello una capa protectora natural capaz de mantener la integridad de las cut\u00edculas y el c\u00f3rtex capilar.<\/p>\n<p style=\"text-align: left;\"><strong>Extracto de amla<\/strong>: \u00a1el secreto indio para un pelo fuerte, brillante, largo y sano! El amla, tambi\u00e9n conocido como grosella espinosa india, procede de la planta amalaki y es un ingrediente esencial especialmente recomendado para los productos capilares por la medicina ayurv\u00e9dica, utilizado desde la antig\u00fcedad como elixir para el cabello porque es rico en antioxidantes, vitaminas, calcio, f\u00f3sforo y caroteno.  Ayuda a combatir la ca\u00edda del cabello, la caspa, la descamaci\u00f3n y estimula el crecimiento sano del cabello.<\/p>\n<p>\n\n            <\/div>\n        \n        \n        \n\n        \n\n\n    <\/div>\n\n\n            <div class=\"accordion accordion-successive   js-accordion not-found mobile--only--md content-default-module text-align-center margin-top-between-modules back_color\">\n            <div class=\"accordion-container\">\n                <div class=\"accordion-question space-between\">\n                                            <h3 class=\"accordion-question-title uppercase back_color\">\n                            Composici&oacute;n\n                        <\/h3>\n                                        <span class=\"accordion-arrow back_color\">&emsp;<\/span>\n                <\/div>\n                <div class=\"accordion-answer\">\n                    \n                                            <div class=\"content-default-module-content\">\n                            <\/p>\n<p style=\"text-align: left;\"><strong>Aceite de Arg\u00e1n | <\/strong>Aceite rico, graso y nutritivo que lubrica la fibra capilar y le confiere un efecto suavizante. Repara, nutre el cuero cabelludo, sella las puntas abiertas y protege la longitud de la fibra, proporcionando un crecimiento del cabello fuerte y sano. <\/p>\n<p style=\"text-align: left;\"><strong>Aceite de jojoba |  <\/strong><span class=\"Y2IQFc\" lang=\"pt\">Rico en vitaminas y minerales que nutren el cabello, como la vitamina C, las vitaminas del grupo B, la vitamina E, el cobre y el zinc, fortalece el cabello. Combate la ca\u00edda del cabello y favorece una mayor resistencia de la fibra capilar al nutrirla en profundidad. <\/span><\/p>\n<p style=\"text-align: left;\">La <strong>manteca de karit\u00e9 |<\/strong> rica en vitamina A y E, devuelve la nutrici\u00f3n y la flexibilidad al cabello.<\/p>\n<p style=\"text-align: left;\"><strong>El aceite de lavanda | <\/strong>naturalmente calmante, favorece el equilibrio y el crecimiento sano del cabello.<\/p>\n<p style=\"text-align: left;\"><strong>Aceite de coco |<\/strong> el \u00e1cido l\u00e1urico presente en este aceite tiene propiedades nutritivas con una gran capacidad de penetraci\u00f3n, dejando el cabello flexible, brillante y flexible.<\/p>\n<p style=\"text-align: left;\"><strong>El Aceite de Oliva |<\/strong> altamente nutritivo, fortalece, repara y ayuda a combatir la ca\u00edda y el fortalecimiento del cabello.<\/p>\n<p style=\"text-align: left;\"><strong>El aceite de semillas de Sacha Inchi |<\/strong> est\u00e1 compuesto por una potente combinaci\u00f3n de omega 3, 6 y 9 que tiene una incre\u00edble capacidad de penetraci\u00f3n, lo que provoca una reestructuraci\u00f3n intensiva del cabello.<\/p>\n<p style=\"text-align: left;\"><strong>Amino\u00e1cidos vegetales:<\/strong> prote\u00edna de origen vegetal con propiedades hidratantes y protectoras que aumenta la capacidad de retenci\u00f3n de humedad del cabello, aport\u00e1ndole brillo y manejabilidad. Adem\u00e1s de otros componentes especiales, contiene ciste\u00edna, un amino\u00e1cido proteinog\u00e9nico que une las prote\u00ednas del cabello. Favorece el brillo, fortalece las fibras y alinea las cut\u00edculas (parte externa del cabello).  <\/p>\n<p style=\"text-align: left;\"><strong>El Aceite de Litsea Cubeba <\/strong>equilibra la salud del cuero cabelludo gracias a sus propiedades antibacterianas y antiseborreicas.<\/p>\n<p style=\"text-align: left;\"><strong>Ceramidas |<\/strong> l\u00edpidos que proporcionan al cabello una capa protectora natural capaz de mantener la integridad de las cut\u00edculas y el c\u00f3rtex capilar.<\/p>\n<p style=\"text-align: left;\"><strong>Extracto de amla<\/strong>: \u00a1el secreto indio para un pelo fuerte, brillante, largo y sano! El amla, tambi\u00e9n conocido como grosella espinosa india, procede de la planta amalaki y es un ingrediente esencial especialmente recomendado para los productos capilares por la medicina ayurv\u00e9dica, utilizado desde la antig\u00fcedad como elixir para el cabello porque es rico en antioxidantes, vitaminas, calcio, f\u00f3sforo y caroteno.  Ayuda a combatir la ca\u00edda del cabello, la caspa, la descamaci\u00f3n y estimula el crecimiento sano del cabello.<\/p>\n<p>\n\n                        <\/div>\n                    \n                    \n                                    <\/div>\n            <\/div>\n        <\/div>\n    \n<\/div>\n<div class=\"container \">\n\n    <div class=\"content-default-module text-align-center margin-top-between-modules\n        \n        \n        \n        \n        \n        \n        desktop--only--md\"\n        style=\"margin-bottom: 0px;\"\n    >\n\n                <div class=\"content-default-module-titles\">\n                            <h2 class=\"content-default-module-title uppercase black\">Ingredientes<\/h2>\n            \n                    <\/div>\n        \n                    <div class=\"content-default-module-content\">\n                <\/p>\n<p style=\"text-align: center;\">Agua, alcohol cetear\u00edlico, cloruro de behentrimonio, aceite de semilla de Argania spinosa,<br \/>\npropilenglicol, parfum, cloruro de cetrimonio, glicerina, manteca de Butyrospermum parkii,<br \/>\naceite de semilla de Simmondsia chinensis, alcohol isoprop\u00edlico, aceite de Lavandula angustifolia, bisabolol,<br \/>\nacetato de tocoferilo, aceite de Cocos nucifera, PEG-90M, alcohol denat.., aceite de frutos de Olea europaea,<br \/>\naceite de semillas de Plukenetia volubilis, amino\u00e1cidos vegetales, aceite de frutos de Litsea cubeba, ceramida NP,<br \/>\npolvo de frutos de Phyllanthus emblica, poligliceril-10 laurato, tocoferol, \u00e1cido c\u00edtrico,<br \/>\nfenoxietanol, \u00e1cido benzoico, \u00e1cido deshidroac\u00e9tico, benzoato s\u00f3dico, linalol, salicilato de bencilo<br \/>\n, cumarina, citral.<\/p>\n<p>\n\n            <\/div>\n        \n        \n        \n\n        \n\n\n    <\/div>\n\n\n            <div class=\"accordion accordion-successive   js-accordion not-found mobile--only--md content-default-module text-align-center margin-top-between-modules back_color\">\n            <div class=\"accordion-container\">\n                <div class=\"accordion-question space-between\">\n                                            <h3 class=\"accordion-question-title uppercase back_color\">\n                            Ingredientes\n                        <\/h3>\n                                        <span class=\"accordion-arrow back_color\">&emsp;<\/span>\n                <\/div>\n                <div class=\"accordion-answer\">\n                    \n                                            <div class=\"content-default-module-content\">\n                            <\/p>\n<p style=\"text-align: center;\">Agua, alcohol cetear\u00edlico, cloruro de behentrimonio, aceite de semilla de Argania spinosa,<br \/>\npropilenglicol, parfum, cloruro de cetrimonio, glicerina, manteca de Butyrospermum parkii,<br \/>\naceite de semilla de Simmondsia chinensis, alcohol isoprop\u00edlico, aceite de Lavandula angustifolia, bisabolol,<br \/>\nacetato de tocoferilo, aceite de Cocos nucifera, PEG-90M, alcohol denat.., aceite de frutos de Olea europaea,<br \/>\naceite de semillas de Plukenetia volubilis, amino\u00e1cidos vegetales, aceite de frutos de Litsea cubeba, ceramida NP,<br \/>\npolvo de frutos de Phyllanthus emblica, poligliceril-10 laurato, tocoferol, \u00e1cido c\u00edtrico,<br \/>\nfenoxietanol, \u00e1cido benzoico, \u00e1cido deshidroac\u00e9tico, benzoato s\u00f3dico, linalol, salicilato de bencilo<br \/>\n, cumarina, citral.<\/p>\n<p>\n\n                        <\/div>\n                    \n                    \n                                    <\/div>\n            <\/div>\n        <\/div>\n    \n<\/div>\n[\/vc_column][\/vc_row]<\/p>\n<\/div>","protected":false},"excerpt":{"rendered":"<p>Mascarilla de nutrici\u00f3n profunda especial para cabellos rizados. F\u00f3rmula con una supermezcla de aceites, que permite que sus componentes se absorban m\u00e1s profundamente en la fibra capilar. El resultado es un cabello con rizos definidos, brillantes y manejables.  <\/p>\n","protected":false},"featured_media":76900,"comment_status":"open","ping_status":"closed","template":"","meta":{"_acf_changed":false},"product_brand":[],"product_cat":[440,441,435,434,452,450,658,442,844,156],"product_tag":[],"class_list":{"0":"post-78276","1":"product","2":"type-product","3":"status-publish","4":"has-post-thumbnail","6":"product_cat-aloe-vera","7":"product_cat-amla","8":"product_cat-caca-baja","9":"product_cat-mascarillas-capilares","10":"product_cat-no-caca-baja","11":"product_cat-no-caca","12":"product_cat-programa-capilar-pelo-rizado","13":"product_cat-rizos-krishna-nutricion-natural-de-los-rizos","14":"product_cat-tematica-invierno-cabello","15":"product_cat-cabelo","17":"first","18":"instock","19":"taxable","20":"shipping-taxable","21":"purchasable","22":"product-type-simple"},"acf":[],"wooqr_code":"","_links":{"self":[{"href":"https:\/\/www.avani.pt\/es\/wp-json\/wp\/v2\/product\/78276","targetHints":{"allow":["GET"]}}],"collection":[{"href":"https:\/\/www.avani.pt\/es\/wp-json\/wp\/v2\/product"}],"about":[{"href":"https:\/\/www.avani.pt\/es\/wp-json\/wp\/v2\/types\/product"}],"replies":[{"embeddable":true,"href":"https:\/\/www.avani.pt\/es\/wp-json\/wp\/v2\/comments?post=78276"}],"wp:featuredmedia":[{"embeddable":true,"href":"https:\/\/www.avani.pt\/es\/wp-json\/wp\/v2\/media\/76900"}],"wp:attachment":[{"href":"https:\/\/www.avani.pt\/es\/wp-json\/wp\/v2\/media?parent=78276"}],"wp:term":[{"taxonomy":"product_brand","embeddable":true,"href":"https:\/\/www.avani.pt\/es\/wp-json\/wp\/v2\/product_brand?post=78276"},{"taxonomy":"product_cat","embeddable":true,"href":"https:\/\/www.avani.pt\/es\/wp-json\/wp\/v2\/product_cat?post=78276"},{"taxonomy":"product_tag","embeddable":true,"href":"https:\/\/www.avani.pt\/es\/wp-json\/wp\/v2\/product_tag?post=78276"}],"curies":[{"name":"wp","href":"https:\/\/api.w.org\/{rel}","templated":true}]}}