{"id":78289,"date":"2022-10-25T11:02:08","date_gmt":"2022-10-25T10:02:08","guid":{"rendered":"https:\/\/www.avani.pt\/p\/cuero-cabelludo-extremadamente-seco-cuidado-capilar-de-lujo\/"},"modified":"2025-10-21T12:03:28","modified_gmt":"2025-10-21T11:03:28","slug":"cuero-cabelludo-extremadamente-seco-cuidado-capilar-de-lujo","status":"publish","type":"product","link":"https:\/\/www.avani.pt\/es\/p\/cuero-cabelludo-extremadamente-seco-cuidado-capilar-de-lujo\/","title":{"rendered":"Cuero cabelludo extremadamente seco | Cuidado capilar de lujo"},"content":{"rendered":"<div class=\"wpb-content-wrapper\"><p>[vc_row full_width=&#8221;stretch_row_content_no_spaces&#8221; el_class=&#8221;text-align-center&#8221;][vc_column]<div class=\"stars-of-product-module-wrapper margin-top-between-modules\">\n    <img decoding=\"async\" class=\"stars-of-product-module-left-image-design\" src=\"\/dist\/images\/stars_product_module_design.png\">\n    <img decoding=\"async\" class=\"stars-of-product-module-right-image-design\" src=\"\/dist\/images\/stars_product_module_design.png\">\n\n    <div class=\"container\">\n\n        <div class=\"stars-of-product-module text-align-center  desktop--only--md\">\n\n                            <div class=\"star-rating\">\n                                            <i class=\"fa fa-star\"><\/i>\n                                            <i class=\"fa fa-star\"><\/i>\n                                            <i class=\"fa fa-star\"><\/i>\n                                            <i class=\"fa fa-star\"><\/i>\n                                            <i class=\"fa fa-star\"><\/i>\n                                    <\/div>\n            \n                            <div class=\"stars-of-product-module-titles\">\n                                            <h2 class=\"stars-of-product-module-title black uppercase back_color\">Las estrellas del producto<\/h2>\n                                    <\/div>\n            \n                            <div class=\"stars-of-product-module-content\">\n                    <p>En esta situaci\u00f3n, el cuero cabelludo est\u00e1 extremadamente seco y desnutrido, por lo que es importante devolver la nutrici\u00f3n y la humedad (hidrataci\u00f3n) al cuero cabelludo y al cabello. Hemos introducido la Gama Nutrici\u00f3n Capilar India para el lavado, que consta de Champ\u00fa, Acondicionador y Mascarilla. Esta gama es muy especial, y tiene un impacto muy positivo en este problema del cuero cabelludo extremadamente seco, porque adem\u00e1s de ingredientes altamente nutritivos como el aceite de Arg\u00e1n, la manteca de karit\u00e9, el aceite de pepitas de uva, el aceite de oliva, el poderoso aceite de semillas de Sacha Inchi compuesto por una fuerte combinaci\u00f3n de omega 3, 6 y 9 que tienen una incre\u00edble capacidad de penetraci\u00f3n, lo que produce una reestructuraci\u00f3n intensiva del cuero cabelludo y el cabello; y Ginkgo Biloba, la primera planta medicinal que brot\u00f3 tras la destrucci\u00f3n causada por la bomba at\u00f3mica en la ciudad de Hiroshima, en Jap\u00f3n. Adem\u00e1s de esta impresionante haza\u00f1a, esta planta es conocida, y muy apreciada, por estimular la circulaci\u00f3n sangu\u00ednea en los fol\u00edculos pilosos y el nuevo crecimiento. Adem\u00e1s, no deja el pelo pastoso, lo que suele preocupar cuando se aplican productos para nutrirlo. En este caso, es muy importante equilibrar el cuero cabelludo: por eso este tratamiento incluye una crema purificante de efecto fr\u00edo que funciona como una mascarilla especial para el cuero cabelludo, espec\u00edfica para usar durante el lavado, una o dos veces por semana. Actuar\u00e1 sobre la caspa seca e hidratar\u00e1 el cuero cabelludo con su efecto refrescante y calmante. Para evitar eliminar la oleosidad natural del cuero cabelludo y el cabello, que es muy natural cuando se aplica el champ\u00fa, hemos introducido el co-lavado en crema no espumoso enriquecido con aceites naturales y extractos calmantes para utilizar despu\u00e9s del champ\u00fa, como segundo lavado; y los aceites naturales antibacterianos Pura Melaleuca; Cura de Ricino nutritiva y Cura de Rosa Mosqueta regeneradora, para dar un masaje nutritivo antes del champ\u00fa, muy recomendado por las antiguas pr\u00e1cticas de la cultura india y la medicina ayurv\u00e9dica.       <\/p>\n\n                <\/div>\n            \n        <\/div>\n\n\n                    <div class=\"accordion   accordion-successive-first js-accordion not-found mobile--only--md stars-of-product-module text-align-center margin-top-between-modules back_color\">\n                <div class=\"accordion-container\">\n                    <div class=\"accordion-question space-between\">\n                                                    <h3 class=\"accordion-question-title uppercase back_color\">\n                                As Estrelas do Produto\n                            <\/h3>\n                                                <span class=\"accordion-arrow back_color\">&emsp;<\/span>\n                    <\/div>\n                    <div class=\"accordion-answer\">\n\n                                                    <div class=\"star-rating\">\n                                                            <\/div>\n                        \n                                                    <div class=\"stars-of-product-module-content\">\n                                <p>En esta situaci\u00f3n, el cuero cabelludo est\u00e1 extremadamente seco y desnutrido, por lo que es importante devolver la nutrici\u00f3n y la humedad (hidrataci\u00f3n) al cuero cabelludo y al cabello. Hemos introducido la Gama Nutrici\u00f3n Capilar India para el lavado, que consta de Champ\u00fa, Acondicionador y Mascarilla. Esta gama es muy especial, y tiene un impacto muy positivo en este problema del cuero cabelludo extremadamente seco, porque adem\u00e1s de ingredientes altamente nutritivos como el aceite de Arg\u00e1n, la manteca de karit\u00e9, el aceite de pepitas de uva, el aceite de oliva, el poderoso aceite de semillas de Sacha Inchi compuesto por una fuerte combinaci\u00f3n de omega 3, 6 y 9 que tienen una incre\u00edble capacidad de penetraci\u00f3n, lo que produce una reestructuraci\u00f3n intensiva del cuero cabelludo y el cabello; y Ginkgo Biloba, la primera planta medicinal que brot\u00f3 tras la destrucci\u00f3n causada por la bomba at\u00f3mica en la ciudad de Hiroshima, en Jap\u00f3n. Adem\u00e1s de esta impresionante haza\u00f1a, esta planta es conocida, y muy apreciada, por estimular la circulaci\u00f3n sangu\u00ednea en los fol\u00edculos pilosos y el nuevo crecimiento. Adem\u00e1s, no deja el pelo pastoso, lo que suele preocupar cuando se aplican productos para nutrirlo. En este caso, es muy importante equilibrar el cuero cabelludo: por eso este tratamiento incluye una crema purificante de efecto fr\u00edo que funciona como una mascarilla especial para el cuero cabelludo, espec\u00edfica para usar durante el lavado, una o dos veces por semana. Actuar\u00e1 sobre la caspa seca e hidratar\u00e1 el cuero cabelludo con su efecto refrescante y calmante. Para evitar eliminar la oleosidad natural del cuero cabelludo y el cabello, que es muy natural cuando se aplica el champ\u00fa, hemos introducido el co-lavado en crema no espumoso enriquecido con aceites naturales y extractos calmantes para utilizar despu\u00e9s del champ\u00fa, como segundo lavado; y los aceites naturales antibacterianos Pura Melaleuca; Cura de Ricino nutritiva y Cura de Rosa Mosqueta regeneradora, para dar un masaje nutritivo antes del champ\u00fa, muy recomendado por las antiguas pr\u00e1cticas de la cultura india y la medicina ayurv\u00e9dica.       <\/p>\n\n                            <\/div>\n                                            <\/div>\n                <\/div>\n            <\/div>\n        \n    <\/div>\n<\/div>\n[\/vc_column][\/vc_row][vc_row full_width=&#8221;stretch_row_content_no_spaces&#8221; el_class=&#8221;text-align-center&#8221;][vc_column]<div class=\"container\">\n\t<div class=\"usability-tips-and-secrets-module desktop--only--md\">\n\n\t\t<div class=\"usability-tips-and-secrets-module-content-wrapper full-width-container\">\n\n\t\t\t\n\t\t\t\t\t\t\t<div class=\"usability-tips-and-secrets-module-content usability-tips-and-secrets-module-content--bordered margin-top-between-modules\">\n\t\t\t\t\t\t\t\t\t\t\t<h2 class=\"uppercase black\">Como usar<\/h2>\n\t\t\t\t\t\n\t\t\t\t\t\t\t\t\t\t\t<p>1) Antes da lavagem com a gama Indian Hair Nutrition, recomendamos a massagem hair oiling no couro cabeludo com os seguintes \u00f3leos naturais uma a duas vezes por semana: -\u00d3leo de Ricino nutritivo -\u00d3leo Cure de Rosa Mosqueta regenerador -\u00d3leo melaleuca antibacteriano natural Basta misturar uma pequena quantidade dos 3 numa ta\u00e7a e aplicar no couro cabeludo massajando bem em toda a sua extens\u00e3o. 2) Aplicar os dois Shampoos na mesma lavagem alternadamente. Iniciar o procedimento da lavagem com o Shampoo Indian Hair Nutrition e a segunda lavagem com o Creme Co-Wash; 3) Retirar bem o excesso de \u00e1gua e aplicar a M\u00e1scara Indian hair Nutrition madeixa a madeixa, criando um torcido em cada uma delas no sentido de impulsionar a penetra\u00e7\u00e3o dos nutrientes na fibra, deixando atuar pelo menos 4 minutos. 4) Por fim, selar a cut\u00edcula com a aplica\u00e7\u00e3o do Condicionador Indian Hair Nutrition nos meios e pontas, enxaguando bem no final. 5) O Creme purificante Cold effect deve ser aplicado uma vez por semana, ap\u00f3s a lavagem com o shampoo, em simult\u00e2neo com a aplica\u00e7\u00e3o da m\u00e1scara.<\/p>\n\n\t\t\t\t\t\t\t\t\t<\/div>\n\t\t\t\n\t\t\t\t\t<\/div>\n\t<\/div>\n\n\t\t\t<div class=\"mobile--only--md usability-tips-and-secrets-module text-align-center margin-top-between-modules usability-tips-and-secrets-module-video\">\n\t\t\t\t\t<\/div>\n\t\n\t\t\t<div class=\"accordion accordion-successive  js-accordion not-found mobile--only--md usability-tips-and-secrets-module text-align-center margin-top-between-modules back_color\">\n\t\t\t<div class=\"accordion-container\">\n\t\t\t\t<div class=\"accordion-question space-between\">\n\t\t\t\t\t\t\t\t\t\t\t<h3 class=\"accordion-question-title uppercase back_color\">\n\t\t\t\t\t\t\tComo usar\n\t\t\t\t\t\t<\/h3>\n\t\t\t\t\t\n\t\t\t\t\t<span class=\"accordion-arrow back_color\">&emsp;<\/span>\n\t\t\t\t<\/div>\n\t\t\t\t<div class=\"accordion-answer\">\n\t\t\t\t\t\t\t\t\t\t\t<div class=\"usability-tips-and-secrets-module-content\">\n\t\t\t\t\t\t\t<p>1) Antes da lavagem com a gama Indian Hair Nutrition, recomendamos a massagem hair oiling no couro cabeludo com os seguintes \u00f3leos naturais uma a duas vezes por semana: -\u00d3leo de Ricino nutritivo -\u00d3leo Cure de Rosa Mosqueta regenerador -\u00d3leo melaleuca antibacteriano natural Basta misturar uma pequena quantidade dos 3 numa ta\u00e7a e aplicar no couro cabeludo massajando bem em toda a sua extens\u00e3o. 2) Aplicar os dois Shampoos na mesma lavagem alternadamente. Iniciar o procedimento da lavagem com o Shampoo Indian Hair Nutrition e a segunda lavagem com o Creme Co-Wash; 3) Retirar bem o excesso de \u00e1gua e aplicar a M\u00e1scara Indian hair Nutrition madeixa a madeixa, criando um torcido em cada uma delas no sentido de impulsionar a penetra\u00e7\u00e3o dos nutrientes na fibra, deixando atuar pelo menos 4 minutos. 4) Por fim, selar a cut\u00edcula com a aplica\u00e7\u00e3o do Condicionador Indian Hair Nutrition nos meios e pontas, enxaguando bem no final. 5) O Creme purificante Cold effect deve ser aplicado uma vez por semana, ap\u00f3s a lavagem com o shampoo, em simult\u00e2neo com a aplica\u00e7\u00e3o da m\u00e1scara.<\/p>\n\n\t\t\t\t\t\t<\/div>\n\t\t\t\t\t\t\t\t\t<\/div>\n\t\t\t<\/div>\n\t\t<\/div>\n\t\n\t<\/div>\n[\/vc_column][\/vc_row][vc_row full_width=&#8221;stretch_row_content_no_spaces&#8221; el_class=&#8221;text-align-center&#8221;][vc_column]<div class=\"container \">\n\n    <div class=\"content-default-module text-align-center margin-top-between-modules\n        \n        \n        \n        \n        \n        \n        desktop--only--md\"\n        style=\"margin-bottom: 0px;\"\n    >\n\n                <div class=\"content-default-module-titles\">\n                            <h2 class=\"content-default-module-title uppercase black\">Detalhes<\/h2>\n            \n                    <\/div>\n        \n                    <div class=\"content-default-module-content\">\n                <p><strong>Este tratamento \u00e9 composto por:<\/strong><\/p>\n<p><a href=\"https:\/\/www.avani.pt\/p\/shampoo-nutritivo-cabelo-muito-seco-indian-hair-250ml\/\">Shampoo Indian Hair Nutrition 250ml<\/a><\/p>\n<p><a href=\"https:\/\/www.avani.pt\/p\/condicionador-co-wash-krishna-curls-250-ml\/\">Co Wash Krishna Curls | Lavagem Hidratante Sem Espuma | 250 ml<\/a><\/p>\n<p><a href=\"https:\/\/www.avani.pt\/p\/mascara-cold-effect-anticaspa-indian-hair-500ml\/\">Creme Purificante Cold Effect 500 ml<\/a><\/p>\n<p><a href=\"https:\/\/www.avani.pt\/p\/shampoo-nutritivo-cabelo-muito-seco-indian-hair-250ml\/\">\u00d3leo de R\u00edcino Biol\u00f3gico<\/a><\/p>\n<p><a href=\"https:\/\/www.avani.pt\/p\/mascara-cabelo-muito-seco-indian-hair-500ml\/\">M\u00e1scara Indian Hair nutrition 500ml<\/a><\/p>\n<p><a href=\"https:\/\/www.avani.pt\/p\/condicionador-nutritivo-cabelo-muito-seco-indian-hair-250ml\/\">Condicionador Indian Hair Nutrition<\/a><\/p>\n<p><a href=\"https:\/\/www.avani.pt\/p\/oleo-de-rosa-mosqueta-puro-biologico-e-organico\/\">\u00d3leo de Rosa Mosqueta Bio<\/a><\/p>\n<p><a href=\"https:\/\/www.avani.pt\/p\/oleo-melaleuca-tea-tree-10ml\/\">\u00d3leo de Melaleuca Pure<\/a><\/p>\n\n            <\/div>\n        \n        \n        \n\n        \n\n\n    <\/div>\n\n\n            <div class=\"accordion accordion-successive   js-accordion not-found mobile--only--md content-default-module text-align-center margin-top-between-modules back_color\">\n            <div class=\"accordion-container\">\n                <div class=\"accordion-question space-between\">\n                                            <h3 class=\"accordion-question-title uppercase back_color\">\n                            Detalhes\n                        <\/h3>\n                                        <span class=\"accordion-arrow back_color\">&emsp;<\/span>\n                <\/div>\n                <div class=\"accordion-answer\">\n                    \n                                            <div class=\"content-default-module-content\">\n                            <p><strong>Este tratamento \u00e9 composto por:<\/strong><\/p>\n<p><a href=\"https:\/\/www.avani.pt\/p\/shampoo-nutritivo-cabelo-muito-seco-indian-hair-250ml\/\">Shampoo Indian Hair Nutrition 250ml<\/a><\/p>\n<p><a href=\"https:\/\/www.avani.pt\/p\/condicionador-co-wash-krishna-curls-250-ml\/\">Co Wash Krishna Curls | Lavagem Hidratante Sem Espuma | 250 ml<\/a><\/p>\n<p><a href=\"https:\/\/www.avani.pt\/p\/mascara-cold-effect-anticaspa-indian-hair-500ml\/\">Creme Purificante Cold Effect 500 ml<\/a><\/p>\n<p><a href=\"https:\/\/www.avani.pt\/p\/shampoo-nutritivo-cabelo-muito-seco-indian-hair-250ml\/\">\u00d3leo de R\u00edcino Biol\u00f3gico<\/a><\/p>\n<p><a href=\"https:\/\/www.avani.pt\/p\/mascara-cabelo-muito-seco-indian-hair-500ml\/\">M\u00e1scara Indian Hair nutrition 500ml<\/a><\/p>\n<p><a href=\"https:\/\/www.avani.pt\/p\/condicionador-nutritivo-cabelo-muito-seco-indian-hair-250ml\/\">Condicionador Indian Hair Nutrition<\/a><\/p>\n<p><a href=\"https:\/\/www.avani.pt\/p\/oleo-de-rosa-mosqueta-puro-biologico-e-organico\/\">\u00d3leo de Rosa Mosqueta Bio<\/a><\/p>\n<p><a href=\"https:\/\/www.avani.pt\/p\/oleo-melaleuca-tea-tree-10ml\/\">\u00d3leo de Melaleuca Pure<\/a><\/p>\n\n                        <\/div>\n                    \n                    \n                                    <\/div>\n            <\/div>\n        <\/div>\n    \n<\/div>\n<div class=\"tip-products margin-top-between-modules default\">\n    <div class=\"container\">\n                    <h2 class=\"title\">\n                COMPRAR INDIVIDUALMENTE\n            <\/h2>\n        \n        \n        <div class=\"products-container\">\n                    <\/div>\n\n    <\/div>\n<\/div>\n[\/vc_column][\/vc_row]<\/p>\n<\/div>","protected":false},"excerpt":{"rendered":"<p>Compuesto por ocho productos. El nivel de grasa del cuero cabelludo es muy importante y est\u00e1 en la ra\u00edz de la gran mayor\u00eda de los problemas capilares. La existencia de sebo (sustancia grasa) en equilibrio es esencial para la buena salud del cuero cabelludo y del cabello. Sus fluctuaciones, en este caso en exceso, pueden provocar desequilibrios. Este tratamiento se ha estudiado para ayudar a tratar este problema.    <\/p>\n","protected":false},"featured_media":75896,"comment_status":"open","ping_status":"closed","template":"","meta":{"_acf_changed":false},"product_brand":[],"product_cat":[465,471,475,448,529,470],"product_tag":[],"class_list":{"0":"post-78289","1":"product","2":"type-product","3":"status-publish","4":"has-post-thumbnail","6":"product_cat-atencion","7":"product_cat-avani-en-exclusiva","8":"product_cat-cabello-fino-tratamientos-exclusivos-avani","9":"product_cat-problemas-del-cuero-cabelludo","10":"product_cat-problemas-del-cuero-cabelludo-tratamientos-exclusivos-avani","11":"product_cat-tratamientos","13":"first","14":"instock","15":"taxable","16":"shipping-taxable","17":"purchasable","18":"product-type-simple"},"acf":[],"wooqr_code":"","_links":{"self":[{"href":"https:\/\/www.avani.pt\/es\/wp-json\/wp\/v2\/product\/78289","targetHints":{"allow":["GET"]}}],"collection":[{"href":"https:\/\/www.avani.pt\/es\/wp-json\/wp\/v2\/product"}],"about":[{"href":"https:\/\/www.avani.pt\/es\/wp-json\/wp\/v2\/types\/product"}],"replies":[{"embeddable":true,"href":"https:\/\/www.avani.pt\/es\/wp-json\/wp\/v2\/comments?post=78289"}],"wp:featuredmedia":[{"embeddable":true,"href":"https:\/\/www.avani.pt\/es\/wp-json\/wp\/v2\/media\/75896"}],"wp:attachment":[{"href":"https:\/\/www.avani.pt\/es\/wp-json\/wp\/v2\/media?parent=78289"}],"wp:term":[{"taxonomy":"product_brand","embeddable":true,"href":"https:\/\/www.avani.pt\/es\/wp-json\/wp\/v2\/product_brand?post=78289"},{"taxonomy":"product_cat","embeddable":true,"href":"https:\/\/www.avani.pt\/es\/wp-json\/wp\/v2\/product_cat?post=78289"},{"taxonomy":"product_tag","embeddable":true,"href":"https:\/\/www.avani.pt\/es\/wp-json\/wp\/v2\/product_tag?post=78289"}],"curies":[{"name":"wp","href":"https:\/\/api.w.org\/{rel}","templated":true}]}}