{"id":78291,"date":"2022-10-24T17:10:09","date_gmt":"2022-10-24T16:10:09","guid":{"rendered":"https:\/\/www.avani.pt\/p\/cuero-cabelludo-extremadamente-graso-cuidado-capilar-de-lujo\/"},"modified":"2025-10-21T12:03:28","modified_gmt":"2025-10-21T11:03:28","slug":"cuero-cabelludo-extremadamente-graso-cuidado-capilar-de-lujo","status":"publish","type":"product","link":"https:\/\/www.avani.pt\/es\/p\/cuero-cabelludo-extremadamente-graso-cuidado-capilar-de-lujo\/","title":{"rendered":"Cuero cabelludo extremadamente graso | Cuidado capilar de lujo"},"content":{"rendered":"<div class=\"wpb-content-wrapper\"><p>[vc_row full_width=&#8221;stretch_row_content_no_spaces&#8221; el_class=&#8221;text-align-center&#8221;][vc_column]<div class=\"stars-of-product-module-wrapper margin-top-between-modules\">\n    <img decoding=\"async\" class=\"stars-of-product-module-left-image-design\" src=\"\/dist\/images\/stars_product_module_design.png\">\n    <img decoding=\"async\" class=\"stars-of-product-module-right-image-design\" src=\"\/dist\/images\/stars_product_module_design.png\">\n\n    <div class=\"container\">\n\n        <div class=\"stars-of-product-module text-align-center  desktop--only--md\">\n\n                            <div class=\"star-rating\">\n                                            <i class=\"fa fa-star\"><\/i>\n                                            <i class=\"fa fa-star\"><\/i>\n                                            <i class=\"fa fa-star\"><\/i>\n                                            <i class=\"fa fa-star\"><\/i>\n                                            <i class=\"fa fa-star\"><\/i>\n                                    <\/div>\n            \n                            <div class=\"stars-of-product-module-titles\">\n                                            <h2 class=\"stars-of-product-module-title black uppercase back_color\">Las estrellas del producto<\/h2>\n                                    <\/div>\n            \n                            <div class=\"stars-of-product-module-content\">\n                    <\/p>\n<p class=\"p1\">Se basa en la gama Efecto fr\u00edo, una gama base que debe utilizarse en combinaci\u00f3n con otros productos porque est\u00e1 dise\u00f1ada s\u00f3lo para el cuero cabelludo. Proporciona una sensaci\u00f3n fr\u00eda pero confortable. Contiene los ingredientes hamamelis, mentol y alcanfor, que en la medicina ayurv\u00e9dica se considera una hierba especial que equilibra los doshas kapha y pitta. Equilibrar los doshas significa armonizar el cuero cabelludo. Incluye: Champ\u00fa Vitaminado Cabello Indio, Champ\u00fa Efecto Fr\u00edo, Crema Purificante Efecto Fr\u00edo, Acondicionador Vitaminado Cabello Indio, T\u00f3nico Vitaminado Cabello Indio y Aceite Puro de Melaleuca. Sugerimos aplicar los dos champ\u00fas alternativamente en el mismo lavado. Primero con el purificante Efecto Fr\u00edo, y despu\u00e9s con el hidratante Cabello Indio. Un champ\u00fa purificante por s\u00ed solo no es suficiente porque puede reducir mucho la oleosidad natural del cuero cabelludo, lo que tampoco est\u00e1 previsto, porque cuando esto ocurre nuestro cuerpo tiende a sobreproducir esta oleosidad para intentar compensarla. Por eso incluimos un champ\u00fa hidratante para evitar que esto ocurra. La Crema Purificante Efecto Fr\u00edo es \u00fanica porque funciona como una mascarilla espec\u00edfica para el cuero cabelludo que lo hidrata y lo calma. Ayuda a resolver diversos problemas del cuero cabelludo. Se puede aplicar una o dos veces por semana despu\u00e9s del champ\u00fa. Aunque tengas un cuero cabelludo extremadamente graso, es importante hidratar los medios y las puntas con este acondicionador para evitar el problema com\u00fan de ra\u00edces grasas y puntas secas. Adem\u00e1s de combatir la ca\u00edda del cabello, el t\u00f3nico ayuda a resolver el exceso de grasa. El aceite del \u00e1rbol del t\u00e9 es un antibacteriano natural, por lo que lo hemos incluido en este tratamiento y puedes mezclarlo con los champ\u00fas, el t\u00f3nico y la crema purificante.              <\/p>\n<p>\n\n                <\/div>\n            \n        <\/div>\n\n\n                    <div class=\"accordion   accordion-successive-first js-accordion not-found mobile--only--md stars-of-product-module text-align-center margin-top-between-modules back_color\">\n                <div class=\"accordion-container\">\n                    <div class=\"accordion-question space-between\">\n                                                    <h3 class=\"accordion-question-title uppercase back_color\">\n                                As Estrelas do Produto\n                            <\/h3>\n                                                <span class=\"accordion-arrow back_color\">&emsp;<\/span>\n                    <\/div>\n                    <div class=\"accordion-answer\">\n\n                                                    <div class=\"star-rating\">\n                                                            <\/div>\n                        \n                                                    <div class=\"stars-of-product-module-content\">\n                                <\/p>\n<p class=\"p1\">Se basa en la gama Efecto fr\u00edo, una gama base que debe utilizarse en combinaci\u00f3n con otros productos porque est\u00e1 dise\u00f1ada s\u00f3lo para el cuero cabelludo. Proporciona una sensaci\u00f3n fr\u00eda pero confortable. Contiene los ingredientes hamamelis, mentol y alcanfor, que en la medicina ayurv\u00e9dica se considera una hierba especial que equilibra los doshas kapha y pitta. Equilibrar los doshas significa armonizar el cuero cabelludo. Incluye: Champ\u00fa Vitaminado Cabello Indio, Champ\u00fa Efecto Fr\u00edo, Crema Purificante Efecto Fr\u00edo, Acondicionador Vitaminado Cabello Indio, T\u00f3nico Vitaminado Cabello Indio y Aceite Puro de Melaleuca. Sugerimos aplicar los dos champ\u00fas alternativamente en el mismo lavado. Primero con el purificante Efecto Fr\u00edo, y despu\u00e9s con el hidratante Cabello Indio. Un champ\u00fa purificante por s\u00ed solo no es suficiente porque puede reducir mucho la oleosidad natural del cuero cabelludo, lo que tampoco est\u00e1 previsto, porque cuando esto ocurre nuestro cuerpo tiende a sobreproducir esta oleosidad para intentar compensarla. Por eso incluimos un champ\u00fa hidratante para evitar que esto ocurra. La Crema Purificante Efecto Fr\u00edo es \u00fanica porque funciona como una mascarilla espec\u00edfica para el cuero cabelludo que lo hidrata y lo calma. Ayuda a resolver diversos problemas del cuero cabelludo. Se puede aplicar una o dos veces por semana despu\u00e9s del champ\u00fa. Aunque tengas un cuero cabelludo extremadamente graso, es importante hidratar los medios y las puntas con este acondicionador para evitar el problema com\u00fan de ra\u00edces grasas y puntas secas. Adem\u00e1s de combatir la ca\u00edda del cabello, el t\u00f3nico ayuda a resolver el exceso de grasa. El aceite del \u00e1rbol del t\u00e9 es un antibacteriano natural, por lo que lo hemos incluido en este tratamiento y puedes mezclarlo con los champ\u00fas, el t\u00f3nico y la crema purificante.              <\/p>\n<p>\n\n                            <\/div>\n                                            <\/div>\n                <\/div>\n            <\/div>\n        \n    <\/div>\n<\/div>\n[\/vc_column][\/vc_row][vc_row full_width=&#8221;stretch_row_content_no_spaces&#8221; el_class=&#8221;text-align-center&#8221;][vc_column]<div class=\"container\">\n\t<div class=\"usability-tips-and-secrets-module desktop--only--md\">\n\n\t\t<div class=\"usability-tips-and-secrets-module-content-wrapper full-width-container\">\n\n\t\t\t\n\t\t\t\t\t\t\t<div class=\"usability-tips-and-secrets-module-content usability-tips-and-secrets-module-content--bordered margin-top-between-modules\">\n\t\t\t\t\t\t\t\t\t\t\t<h2 class=\"uppercase black\">Como usar<\/h2>\n\t\t\t\t\t\n\t\t\t\t\t\t\t\t\t\t\t<p>1) Aplicar os dois Shampoos na mesma lavagem alternadamente. Iniciar o procedimento da lavagem com o Shampoo Cold effect e a segunda lavagem com o Shampoo Indian Hair Vitaminado. Este procedimento \u00e9 importante porque o Shampoo Cold Effect \u00e9 purificante e combate o excesso de oleosidade e a caspa oleosa (descama\u00e7\u00e3o). A segunda lavagem com Shampoo Indian Hair Vitaminado \u00e9 importante porque este shampoo \u00e9 um excelente hidratante que ajuda a equilibrar o couro cabeludo evitando que fique extremamente seco apenas com a lavagem do shampoo purificante Cold Effect. 2) Ap\u00f3s a lavagem, aplicar o Creme Purificante Cold Effect no couro cabeludo. Recomendamos a sua utiliza\u00e7\u00e3o uma ou duas vezes por semana (dependendo do n\u00edvel de oleosidade). 3) O Condicionador Indian Hair Vitaminado deve ser aplicado ap\u00f3s a lavagem do cabelo com os shampoos sendo essencial para a selagem da cut\u00edcula evitando a quebra dos fios. Nos dias em que seja aplicado o Creme Purificante Cold Effect (uma ou duas vezes por semana) deve fazer os dois em simult\u00e2neo, para desta forma tratar as pontas e a raiz dos cabelos. 4) Ap\u00f3s o banho aplicar T\u00f3nico Capilar Indian Hair Vitaminado que para al\u00e9m de combater a queda ajuda a resolver o excesso de oleosidade. 5) \u00d3leo Pure Melaleuca: Este \u00f3leo deve ser misturado com os ambos os shampoos, no creme purificante e no t\u00f3nico. Nos shampoos e no t\u00f3nico pode ser colocado com umas gotas na pr\u00f3pria embalagem agitando bem de seguida. No Creme Purificante deve ser misturado, com uma gota, no momento da aplica\u00e7\u00e3o.<\/p>\n\n\t\t\t\t\t\t\t\t\t<\/div>\n\t\t\t\n\t\t\t\t\t<\/div>\n\t<\/div>\n\n\t\t\t<div class=\"mobile--only--md usability-tips-and-secrets-module text-align-center margin-top-between-modules usability-tips-and-secrets-module-video\">\n\t\t\t\t\t<\/div>\n\t\n\t\t\t<div class=\"accordion accordion-successive  js-accordion not-found mobile--only--md usability-tips-and-secrets-module text-align-center margin-top-between-modules back_color\">\n\t\t\t<div class=\"accordion-container\">\n\t\t\t\t<div class=\"accordion-question space-between\">\n\t\t\t\t\t\t\t\t\t\t\t<h3 class=\"accordion-question-title uppercase back_color\">\n\t\t\t\t\t\t\tComo usar\n\t\t\t\t\t\t<\/h3>\n\t\t\t\t\t\n\t\t\t\t\t<span class=\"accordion-arrow back_color\">&emsp;<\/span>\n\t\t\t\t<\/div>\n\t\t\t\t<div class=\"accordion-answer\">\n\t\t\t\t\t\t\t\t\t\t\t<div class=\"usability-tips-and-secrets-module-content\">\n\t\t\t\t\t\t\t<p>1) Aplicar os dois Shampoos na mesma lavagem alternadamente. Iniciar o procedimento da lavagem com o Shampoo Cold effect e a segunda lavagem com o Shampoo Indian Hair Vitaminado. Este procedimento \u00e9 importante porque o Shampoo Cold Effect \u00e9 purificante e combate o excesso de oleosidade e a caspa oleosa (descama\u00e7\u00e3o). A segunda lavagem com Shampoo Indian Hair Vitaminado \u00e9 importante porque este shampoo \u00e9 um excelente hidratante que ajuda a equilibrar o couro cabeludo evitando que fique extremamente seco apenas com a lavagem do shampoo purificante Cold Effect. 2) Ap\u00f3s a lavagem, aplicar o Creme Purificante Cold Effect no couro cabeludo. Recomendamos a sua utiliza\u00e7\u00e3o uma ou duas vezes por semana (dependendo do n\u00edvel de oleosidade). 3) O Condicionador Indian Hair Vitaminado deve ser aplicado ap\u00f3s a lavagem do cabelo com os shampoos sendo essencial para a selagem da cut\u00edcula evitando a quebra dos fios. Nos dias em que seja aplicado o Creme Purificante Cold Effect (uma ou duas vezes por semana) deve fazer os dois em simult\u00e2neo, para desta forma tratar as pontas e a raiz dos cabelos. 4) Ap\u00f3s o banho aplicar T\u00f3nico Capilar Indian Hair Vitaminado que para al\u00e9m de combater a queda ajuda a resolver o excesso de oleosidade. 5) \u00d3leo Pure Melaleuca: Este \u00f3leo deve ser misturado com os ambos os shampoos, no creme purificante e no t\u00f3nico. Nos shampoos e no t\u00f3nico pode ser colocado com umas gotas na pr\u00f3pria embalagem agitando bem de seguida. No Creme Purificante deve ser misturado, com uma gota, no momento da aplica\u00e7\u00e3o.<\/p>\n\n\t\t\t\t\t\t<\/div>\n\t\t\t\t\t\t\t\t\t<\/div>\n\t\t\t<\/div>\n\t\t<\/div>\n\t\n\t<\/div>\n[\/vc_column][\/vc_row][vc_row full_width=&#8221;stretch_row_content_no_spaces&#8221; el_class=&#8221;text-align-center&#8221;][vc_column]<div class=\"container \">\n\n    <div class=\"content-default-module text-align-center margin-top-between-modules\n        \n        \n        \n        \n        \n        \n        desktop--only--md\"\n        style=\"margin-bottom: 0px;\"\n    >\n\n                <div class=\"content-default-module-titles\">\n                            <h2 class=\"content-default-module-title uppercase black\">Detalhes<\/h2>\n            \n                    <\/div>\n        \n                    <div class=\"content-default-module-content\">\n                <p><strong>Este tratamento \u00e9 composto por:<\/strong><\/p>\n<p><a href=\"https:\/\/www.avani.pt\/p\/shampoo-vitaminado-fortificante-indian-hair-500ml\/\">Shampoo Indian Hair Vitaminado 250ml<\/a><\/p>\n<p><a href=\"https:\/\/www.avani.pt\/p\/shampoo-cold-effect-anticaspa-indian-hair-250ml\/\">Shampoo purificante Cold Effect 250 ml<\/a><\/p>\n<p><a href=\"https:\/\/www.avani.pt\/p\/condicionador-vitaminado-fortificante-indian-hair-250-ml\/\">Condicionador Vitaminado Fortificante Indian Hair 250 ml<\/a><\/p>\n<p><a href=\"https:\/\/www.avani.pt\/p\/mascara-cold-effect-anticaspa-indian-hair-500ml\/\">Creme Purificante Cold Effect 500 ml<\/a><\/p>\n<p><a href=\"https:\/\/www.avani.pt\/p\/tonico-capilar-vitaminado-fortificante-indian-hair-100ml\/\">T\u00f3nico Capilar Indian Hair Vitaminado 100 ml<\/a><\/p>\n<p><a href=\"https:\/\/www.avani.pt\/p\/oleo-melaleuca-tea-tree-10ml\/\">\u00d3leo Pure de Melaleuca<\/a><\/p>\n<p>&nbsp;<\/p>\n<p>\n\n            <\/div>\n        \n        \n        \n\n        \n\n\n    <\/div>\n\n\n            <div class=\"accordion accordion-successive   js-accordion not-found mobile--only--md content-default-module text-align-center margin-top-between-modules back_color\">\n            <div class=\"accordion-container\">\n                <div class=\"accordion-question space-between\">\n                                            <h3 class=\"accordion-question-title uppercase back_color\">\n                            Detalhes\n                        <\/h3>\n                                        <span class=\"accordion-arrow back_color\">&emsp;<\/span>\n                <\/div>\n                <div class=\"accordion-answer\">\n                    \n                                            <div class=\"content-default-module-content\">\n                            <p><strong>Este tratamento \u00e9 composto por:<\/strong><\/p>\n<p><a href=\"https:\/\/www.avani.pt\/p\/shampoo-vitaminado-fortificante-indian-hair-500ml\/\">Shampoo Indian Hair Vitaminado 250ml<\/a><\/p>\n<p><a href=\"https:\/\/www.avani.pt\/p\/shampoo-cold-effect-anticaspa-indian-hair-250ml\/\">Shampoo purificante Cold Effect 250 ml<\/a><\/p>\n<p><a href=\"https:\/\/www.avani.pt\/p\/condicionador-vitaminado-fortificante-indian-hair-250-ml\/\">Condicionador Vitaminado Fortificante Indian Hair 250 ml<\/a><\/p>\n<p><a href=\"https:\/\/www.avani.pt\/p\/mascara-cold-effect-anticaspa-indian-hair-500ml\/\">Creme Purificante Cold Effect 500 ml<\/a><\/p>\n<p><a href=\"https:\/\/www.avani.pt\/p\/tonico-capilar-vitaminado-fortificante-indian-hair-100ml\/\">T\u00f3nico Capilar Indian Hair Vitaminado 100 ml<\/a><\/p>\n<p><a href=\"https:\/\/www.avani.pt\/p\/oleo-melaleuca-tea-tree-10ml\/\">\u00d3leo Pure de Melaleuca<\/a><\/p>\n<p>&nbsp;<\/p>\n<p>\n\n                        <\/div>\n                    \n                    \n                                    <\/div>\n            <\/div>\n        <\/div>\n    \n<\/div>\n<div class=\"tip-products margin-top-between-modules default\">\n    <div class=\"container\">\n                    <h2 class=\"title\">\n                COMPRAR INDIVIDUALMENTE\n            <\/h2>\n        \n        \n        <div class=\"products-container\">\n                    <\/div>\n\n    <\/div>\n<\/div>\n[\/vc_column][\/vc_row]<\/p>\n<\/div>","protected":false},"excerpt":{"rendered":"<p>Compuesto por seis productos. La salud del cuero cabelludo determina la salud del cabello. La grasa (sebo) no es necesariamente mala para el cuero cabelludo, s\u00f3lo cuando hay fluctuaciones, y en este caso en exceso. Cuando la tasa de producci\u00f3n de sebo es superior a la media, hablamos de hiperseborrea, lo que significa un cuero cabelludo extremadamente graso. Este tratamiento se ha estudiado para ayudar a tratar este problema.    <\/p>\n","protected":false},"featured_media":75008,"comment_status":"open","ping_status":"closed","template":"","meta":{"_acf_changed":false},"product_brand":[],"product_cat":[465,471,448,529,470],"product_tag":[],"class_list":{"0":"post-78291","1":"product","2":"type-product","3":"status-publish","4":"has-post-thumbnail","6":"product_cat-atencion","7":"product_cat-avani-en-exclusiva","8":"product_cat-problemas-del-cuero-cabelludo","9":"product_cat-problemas-del-cuero-cabelludo-tratamientos-exclusivos-avani","10":"product_cat-tratamientos","12":"first","13":"instock","14":"taxable","15":"shipping-taxable","16":"purchasable","17":"product-type-simple"},"acf":[],"wooqr_code":"","_links":{"self":[{"href":"https:\/\/www.avani.pt\/es\/wp-json\/wp\/v2\/product\/78291","targetHints":{"allow":["GET"]}}],"collection":[{"href":"https:\/\/www.avani.pt\/es\/wp-json\/wp\/v2\/product"}],"about":[{"href":"https:\/\/www.avani.pt\/es\/wp-json\/wp\/v2\/types\/product"}],"replies":[{"embeddable":true,"href":"https:\/\/www.avani.pt\/es\/wp-json\/wp\/v2\/comments?post=78291"}],"wp:featuredmedia":[{"embeddable":true,"href":"https:\/\/www.avani.pt\/es\/wp-json\/wp\/v2\/media\/75008"}],"wp:attachment":[{"href":"https:\/\/www.avani.pt\/es\/wp-json\/wp\/v2\/media?parent=78291"}],"wp:term":[{"taxonomy":"product_brand","embeddable":true,"href":"https:\/\/www.avani.pt\/es\/wp-json\/wp\/v2\/product_brand?post=78291"},{"taxonomy":"product_cat","embeddable":true,"href":"https:\/\/www.avani.pt\/es\/wp-json\/wp\/v2\/product_cat?post=78291"},{"taxonomy":"product_tag","embeddable":true,"href":"https:\/\/www.avani.pt\/es\/wp-json\/wp\/v2\/product_tag?post=78291"}],"curies":[{"name":"wp","href":"https:\/\/api.w.org\/{rel}","templated":true}]}}