{"id":78295,"date":"2022-10-10T12:46:09","date_gmt":"2022-10-10T11:46:09","guid":{"rendered":"https:\/\/www.avani.pt\/p\/ultra-serum-concentrado-intensidad-antiedad-vegano-30ml\/"},"modified":"2025-10-21T12:03:17","modified_gmt":"2025-10-21T11:03:17","slug":"ultra-serum-concentrado-intensidad-antiedad-vegano-30ml","status":"publish","type":"product","link":"https:\/\/www.avani.pt\/es\/p\/ultra-serum-concentrado-intensidad-antiedad-vegano-30ml\/","title":{"rendered":"Ultra S\u00e9rum Concentrado | Intensidad Antiedad Vegano 30ml"},"content":{"rendered":"","protected":false},"excerpt":{"rendered":"<p>N\u00e9ctar concentrado ultrahidratante con efecto antienvejecimiento. Su f\u00f3rmula altamente concentrada penetra instant\u00e1neamente en el n\u00facleo de la piel. Ayuda a reducir la profundidad de las arrugas y a estimular la producci\u00f3n de col\u00e1geno. Concentrado en aceite de camelia jap\u00f3nica, extracto de azafr\u00e1n, c\u00e9lulas madre de arg\u00e1n, \u00e1cido hialur\u00f3nico, ecto\u00edna natural, fosfol\u00edpidos, vitamina E y provitamina A.   <\/p>\n","protected":false},"featured_media":75840,"comment_status":"open","ping_status":"closed","template":"","meta":{"_acf_changed":false},"product_brand":[],"product_cat":[437,651,540,541,621,643,538,550,671,556,557,652,543,639,640,559,673],"product_tag":[],"class_list":{"0":"post-78295","1":"product","2":"type-product","3":"status-publish","4":"has-post-thumbnail","6":"product_cat-aceite-de-argan","7":"product_cat-aceite-de-sacha-inchi","8":"product_cat-antiarrugas-y-reafirmante-facial","9":"product_cat-antimanchas-faciales","10":"product_cat-azafran","11":"product_cat-cara-2","12":"product_cat-cara","13":"product_cat-cuidado-facial","14":"product_cat-tematica-verano-rostro","15":"product_cat-facial-antiarrugas","16":"product_cat-facial-antimanchas","17":"product_cat-intensidad-antienvejecimiento","18":"product_cat-piel-seca-y-deshidratada","19":"product_cat-pieles-grasas-y-mixtas","20":"product_cat-productos-faciales","21":"product_cat-rangos-cara","22":"product_cat-suero-facial","24":"first","25":"instock","26":"taxable","27":"shipping-taxable","28":"purchasable","29":"product-type-simple"},"acf":[],"wooqr_code":"","_links":{"self":[{"href":"https:\/\/www.avani.pt\/es\/wp-json\/wp\/v2\/product\/78295","targetHints":{"allow":["GET"]}}],"collection":[{"href":"https:\/\/www.avani.pt\/es\/wp-json\/wp\/v2\/product"}],"about":[{"href":"https:\/\/www.avani.pt\/es\/wp-json\/wp\/v2\/types\/product"}],"replies":[{"embeddable":true,"href":"https:\/\/www.avani.pt\/es\/wp-json\/wp\/v2\/comments?post=78295"}],"wp:featuredmedia":[{"embeddable":true,"href":"https:\/\/www.avani.pt\/es\/wp-json\/wp\/v2\/media\/75840"}],"wp:attachment":[{"href":"https:\/\/www.avani.pt\/es\/wp-json\/wp\/v2\/media?parent=78295"}],"wp:term":[{"taxonomy":"product_brand","embeddable":true,"href":"https:\/\/www.avani.pt\/es\/wp-json\/wp\/v2\/product_brand?post=78295"},{"taxonomy":"product_cat","embeddable":true,"href":"https:\/\/www.avani.pt\/es\/wp-json\/wp\/v2\/product_cat?post=78295"},{"taxonomy":"product_tag","embeddable":true,"href":"https:\/\/www.avani.pt\/es\/wp-json\/wp\/v2\/product_tag?post=78295"}],"curies":[{"name":"wp","href":"https:\/\/api.w.org\/{rel}","templated":true}]}}