{"id":78300,"date":"2020-07-27T18:14:45","date_gmt":"2020-07-27T17:14:45","guid":{"rendered":"https:\/\/www.avani.pt\/p\/cabello-medio-grueso-productos-quimicos-y-raices-grasas-secretos-de-la-india-cuidado-capilar-de-lujo\/"},"modified":"2025-11-21T18:18:50","modified_gmt":"2025-11-21T18:18:50","slug":"cabello-medio-grueso-productos-quimicos-y-raices-grasas-secretos-de-la-india-cuidado-capilar-de-lujo","status":"publish","type":"product","link":"https:\/\/www.avani.pt\/es\/p\/cabello-medio-grueso-productos-quimicos-y-raices-grasas-secretos-de-la-india-cuidado-capilar-de-lujo\/","title":{"rendered":"Cabello medio grueso, productos qu\u00edmicos y ra\u00edces grasas | Secretos de la India | Cuidado capilar de lujo"},"content":{"rendered":"<div class=\"wpb-content-wrapper\"><p>[vc_row full_width=&#8221;stretch_row_content_no_spaces&#8221; el_class=&#8221;text-align-center&#8221;][vc_column]<div class=\"stars-of-product-module-wrapper margin-top-between-modules\">\n    <img decoding=\"async\" class=\"stars-of-product-module-left-image-design\" src=\"\/dist\/images\/stars_product_module_design.png\">\n    <img decoding=\"async\" class=\"stars-of-product-module-right-image-design\" src=\"\/dist\/images\/stars_product_module_design.png\">\n\n    <div class=\"container\">\n\n        <div class=\"stars-of-product-module text-align-center  desktop--only--md\">\n\n                            <div class=\"star-rating\">\n                                            <i class=\"fa fa-star\"><\/i>\n                                            <i class=\"fa fa-star\"><\/i>\n                                            <i class=\"fa fa-star\"><\/i>\n                                            <i class=\"fa fa-star\"><\/i>\n                                            <i class=\"fa fa-star\"><\/i>\n                                    <\/div>\n            \n                            <div class=\"stars-of-product-module-titles\">\n                                            <h2 class=\"stars-of-product-module-title black uppercase back_color\">Las estrellas del producto<\/h2>\n                                    <\/div>\n            \n                            <div class=\"stars-of-product-module-content\">\n                    <p>Tratamiento para cabellos da\u00f1ados por el trabajo t\u00e9cnico, con ra\u00edces grasas compuesto por dos champ\u00fas: el Champ\u00fa purificante Efecto Fr\u00edo (primer lavado) que ayuda a controlar el exceso de grasa y el Champ\u00fa Vitam\u00ednico Cabello Indio que hidrata y equilibra el cuero cabelludo; la Mascarilla Reconstructora que regenerar\u00e1 la fibra capilar desde el interior, el Acondicionador Sellador y el Suero Sellador de Puntas que restaura la elasticidad y el brillo sellando las puntas, los tres de la Gama Reconstruye el Cabello Indio con una innovadora tecnolog\u00eda MoringaBond realizada mediante el proceso de hidr\u00f3lisis de los distintos componentes de la Moringa: la planta, las semillas y el aceite, proporcionando caracter\u00edsticas a\u00fan m\u00e1s potentes que la moringa en su estado natural. MoringaBond penetra profundamente en el c\u00f3rtex para revertir y reparar los da\u00f1os, y es extremadamente eficaz para reconectar, reparar y fortalecer la estructura capilar. Esta tecnolog\u00eda vegetal refuerza la fibra capilar y reduce la rotura. La planta de moringa es una fuente de vitaminas, muy rica en minerales, antioxidantes, amino\u00e1cidos y fitonutrientes. Las hojas de la planta de moringa son una fuente de azufre natural, que ayuda a mejorar la producci\u00f3n de col\u00e1geno y queratina presentes de forma natural en el cabello &#8211; estas prote\u00ednas dependen del azufre para su construcci\u00f3n y formaci\u00f3n. Por eso Moringabond da incluso mejores resultados que a\u00f1adir queratina externa al cabello, porque act\u00faa desde el interior.<\/p>\n\n                <\/div>\n            \n        <\/div>\n\n\n                    <div class=\"accordion   accordion-successive-first js-accordion not-found mobile--only--md stars-of-product-module text-align-center margin-top-between-modules back_color\">\n                <div class=\"accordion-container\">\n                    <div class=\"accordion-question space-between\">\n                                                    <h3 class=\"accordion-question-title uppercase back_color\">\n                                Las estrellas del producto\n                            <\/h3>\n                                                <span class=\"accordion-arrow back_color\">&emsp;<\/span>\n                    <\/div>\n                    <div class=\"accordion-answer\">\n\n                                                    <div class=\"star-rating\">\n                                                                    <i class=\"fa fa-star\"><\/i>\n                                                                    <i class=\"fa fa-star\"><\/i>\n                                                                    <i class=\"fa fa-star\"><\/i>\n                                                                    <i class=\"fa fa-star\"><\/i>\n                                                                    <i class=\"fa fa-star\"><\/i>\n                                                            <\/div>\n                        \n                                                    <div class=\"stars-of-product-module-content\">\n                                <p>Tratamiento para cabellos da\u00f1ados por el trabajo t\u00e9cnico, con ra\u00edces grasas compuesto por dos champ\u00fas: el Champ\u00fa purificante Efecto Fr\u00edo (primer lavado) que ayuda a controlar el exceso de grasa y el Champ\u00fa Vitam\u00ednico Cabello Indio que hidrata y equilibra el cuero cabelludo; la Mascarilla Reconstructora que regenerar\u00e1 la fibra capilar desde el interior, el Acondicionador Sellador y el Suero Sellador de Puntas que restaura la elasticidad y el brillo sellando las puntas, los tres de la Gama Reconstruye el Cabello Indio con una innovadora tecnolog\u00eda MoringaBond realizada mediante el proceso de hidr\u00f3lisis de los distintos componentes de la Moringa: la planta, las semillas y el aceite, proporcionando caracter\u00edsticas a\u00fan m\u00e1s potentes que la moringa en su estado natural. MoringaBond penetra profundamente en el c\u00f3rtex para revertir y reparar los da\u00f1os, y es extremadamente eficaz para reconectar, reparar y fortalecer la estructura capilar. Esta tecnolog\u00eda vegetal refuerza la fibra capilar y reduce la rotura. La planta de moringa es una fuente de vitaminas, muy rica en minerales, antioxidantes, amino\u00e1cidos y fitonutrientes. Las hojas de la planta de moringa son una fuente de azufre natural, que ayuda a mejorar la producci\u00f3n de col\u00e1geno y queratina presentes de forma natural en el cabello &#8211; estas prote\u00ednas dependen del azufre para su construcci\u00f3n y formaci\u00f3n. Por eso Moringabond da incluso mejores resultados que a\u00f1adir queratina externa al cabello, porque act\u00faa desde el interior.<\/p>\n\n                            <\/div>\n                                            <\/div>\n                <\/div>\n            <\/div>\n        \n    <\/div>\n<\/div>\n[\/vc_column][\/vc_row][vc_row full_width=&#8221;stretch_row_content_no_spaces&#8221; el_class=&#8221;text-align-center&#8221;][vc_column]<div class=\"container\">\n\t<div class=\"usability-tips-and-secrets-module desktop--only--md\">\n\n\t\t<div class=\"usability-tips-and-secrets-module-content-wrapper full-width-container\">\n\n\t\t\t\n\t\t\t\t\t\t\t<div class=\"usability-tips-and-secrets-module-content usability-tips-and-secrets-module-content--bordered margin-top-between-modules\">\n\t\t\t\t\t\t\t\t\t\t\t<h2 class=\"uppercase black\">C&oacute;mo utilizar<\/h2>\n\t\t\t\t\t\n\t\t\t\t\t\t\t\t\t\t\t<p>1) Cuando te laves el pelo, te recomendamos que hagas siempre dos lavados, porque \u00e9ste es el procedimiento que lo hace realmente eficaz. En este caso, con las ra\u00edces grasas, recomendamos el primer lavado con el Champ\u00fa Purificante Efecto Fr\u00edo, que eliminar\u00e1 a fondo los residuos del cabello, y el segundo lavado con el Champ\u00fa Vitaminado Cabello Indio, que limpiar\u00e1 e hidratar\u00e1 suavemente respetando el equilibrio del cuero cabelludo.<x id=&quot;gid_0&quot;><\/x>2) Despu\u00e9s de retirar el exceso de agua con una toalla, aplica la mascarilla mech\u00f3n a mech\u00f3n, d\u00e9jala actuar al menos 4 minutos y aclara.<x id=&quot;gid_1&quot;><\/x>3) Aplica el Acondicionador en medios y puntas y d\u00e9jalo actuar 1 minuto. A continuaci\u00f3n, aclara.<br \/>\n4) Aplica el Suero Reconstructor Capilar Indio en los medios y las puntas del cabello cada ma\u00f1ana y cada noche. Pon una cantidad del tama\u00f1o de un guisante en la palma de la mano. Exti\u00e9ndela bien como si fuera una crema de manos. Distrib\u00fayelo por el cabello, insistiendo en los medios y las puntas. Si utilizas herramientas de calor, aplica este suero despu\u00e9s de este procedimiento.      <\/p>\n\n\t\t\t\t\t\t\t\t\t<\/div>\n\t\t\t\n\t\t\t\t\t<\/div>\n\t<\/div>\n\n\t\t\t<div class=\"mobile--only--md usability-tips-and-secrets-module text-align-center margin-top-between-modules usability-tips-and-secrets-module-video\">\n\t\t\t\t\t<\/div>\n\t\n\t\t\t<div class=\"accordion accordion-successive  js-accordion not-found mobile--only--md usability-tips-and-secrets-module text-align-center margin-top-between-modules back_color\">\n\t\t\t<div class=\"accordion-container\">\n\t\t\t\t<div class=\"accordion-question space-between\">\n\t\t\t\t\t\t\t\t\t\t\t<h3 class=\"accordion-question-title uppercase back_color\">\n\t\t\t\t\t\t\tC&oacute;mo utilizar\n\t\t\t\t\t\t<\/h3>\n\t\t\t\t\t\n\t\t\t\t\t<span class=\"accordion-arrow back_color\">&emsp;<\/span>\n\t\t\t\t<\/div>\n\t\t\t\t<div class=\"accordion-answer\">\n\t\t\t\t\t\t\t\t\t\t\t<div class=\"usability-tips-and-secrets-module-content\">\n\t\t\t\t\t\t\t<p>1) Cuando te laves el pelo, te recomendamos que hagas siempre dos lavados, porque \u00e9ste es el procedimiento que lo hace realmente eficaz. En este caso, con las ra\u00edces grasas, recomendamos el primer lavado con el Champ\u00fa Purificante Efecto Fr\u00edo, que eliminar\u00e1 a fondo los residuos del cabello, y el segundo lavado con el Champ\u00fa Vitaminado Cabello Indio, que limpiar\u00e1 e hidratar\u00e1 suavemente respetando el equilibrio del cuero cabelludo.<x id=&quot;gid_0&quot;><\/x>2) Despu\u00e9s de retirar el exceso de agua con una toalla, aplica la mascarilla mech\u00f3n a mech\u00f3n, d\u00e9jala actuar al menos 4 minutos y aclara.<x id=&quot;gid_1&quot;><\/x>3) Aplica el Acondicionador en medios y puntas y d\u00e9jalo actuar 1 minuto. A continuaci\u00f3n, aclara.<br \/>\n4) Aplica el Suero Reconstructor Capilar Indio en los medios y las puntas del cabello cada ma\u00f1ana y cada noche. Pon una cantidad del tama\u00f1o de un guisante en la palma de la mano. Exti\u00e9ndela bien como si fuera una crema de manos. Distrib\u00fayelo por el cabello, insistiendo en los medios y las puntas. Si utilizas herramientas de calor, aplica este suero despu\u00e9s de este procedimiento.      <\/p>\n\n\t\t\t\t\t\t<\/div>\n\t\t\t\t\t\t\t\t\t<\/div>\n\t\t\t<\/div>\n\t\t<\/div>\n\t\n\t<\/div>\n[\/vc_column][\/vc_row][vc_row full_width=&#8221;stretch_row_content_no_spaces&#8221; el_class=&#8221;text-align-center&#8221;][vc_column]<div class=\"container \">\n\n    <div class=\"content-default-module text-align-center margin-top-between-modules\n        \n        \n        \n        \n        \n        \n        desktop--only--md\"\n        style=\"margin-bottom: 0px;\"\n    >\n\n                <div class=\"content-default-module-titles\">\n                            <h2 class=\"content-default-module-title uppercase black\">Consejos y secretos<\/h2>\n            \n                    <\/div>\n        \n                    <div class=\"content-default-module-content\">\n                <p>Si las ra\u00edces siguen siendo muy grasas, recomendamos complementar este tratamiento con la aplicaci\u00f3n de <a href=\"https:\/\/www.avani.pt\/es\/p\/crema-especial-purificante-para-el-cuero-cabelludo-500-ml-hamamelis\/\">Crema Purificante Efecto Fr\u00edo<\/a> dos veces por semana sobre el cuero cabelludo, durante el lavado con champ\u00fa. Si utilizas secador u otras herramientas t\u00e9rmicas, es esencial que apliques <g id=\"gid_1\">el Protector T\u00e9rmico Ganesh<\/g> justo despu\u00e9s del lavado, antes de cepillarte el pelo. Si tu cabello est\u00e1 muy da\u00f1ado, puedes alternar el lavado con la <a href=\"https:\/\/www.avani.pt\/es\/p\/mascarilla-vitaminica-capilar-india-500-ml-hidratante\/\">Mascarilla<\/a> <a href=\"https:\/\/www.avani.pt\/es\/p\/mascarilla-nutritiva-capilar-india-500-ml-nutritiva\/\">Nutritiva<\/a> Capilar Hind\u00fa para nutrirlo y la Mascarilla Vitam\u00ednica Capilar Hind\u00fa para regenerar la fibra.<\/p>\n\n            <\/div>\n        \n        \n        \n\n        \n\n\n    <\/div>\n\n\n            <div class=\"accordion accordion-successive   js-accordion not-found mobile--only--md content-default-module text-align-center margin-top-between-modules back_color\">\n            <div class=\"accordion-container\">\n                <div class=\"accordion-question space-between\">\n                                            <h3 class=\"accordion-question-title uppercase back_color\">\n                            Consejos y secretos\n                        <\/h3>\n                                        <span class=\"accordion-arrow back_color\">&emsp;<\/span>\n                <\/div>\n                <div class=\"accordion-answer\">\n                    \n                                            <div class=\"content-default-module-content\">\n                            <p>Si las ra\u00edces siguen siendo muy grasas, recomendamos complementar este tratamiento con la aplicaci\u00f3n de <a href=\"https:\/\/www.avani.pt\/es\/p\/crema-especial-purificante-para-el-cuero-cabelludo-500-ml-hamamelis\/\">Crema Purificante Efecto Fr\u00edo<\/a> dos veces por semana sobre el cuero cabelludo, durante el lavado con champ\u00fa. Si utilizas secador u otras herramientas t\u00e9rmicas, es esencial que apliques <g id=\"gid_1\">el Protector T\u00e9rmico Ganesh<\/g> justo despu\u00e9s del lavado, antes de cepillarte el pelo. Si tu cabello est\u00e1 muy da\u00f1ado, puedes alternar el lavado con la <a href=\"https:\/\/www.avani.pt\/es\/p\/mascarilla-vitaminica-capilar-india-500-ml-hidratante\/\">Mascarilla<\/a> <a href=\"https:\/\/www.avani.pt\/es\/p\/mascarilla-nutritiva-capilar-india-500-ml-nutritiva\/\">Nutritiva<\/a> Capilar Hind\u00fa para nutrirlo y la Mascarilla Vitam\u00ednica Capilar Hind\u00fa para regenerar la fibra.<\/p>\n\n                        <\/div>\n                    \n                    \n                                    <\/div>\n            <\/div>\n        <\/div>\n    \n<\/div>\n<div class=\"container \">\n\n    <div class=\"content-default-module text-align-center margin-top-between-modules\n        \n        \n        \n        \n        \n        \n        desktop--only--md\"\n        style=\"margin-bottom: 0px;\"\n    >\n\n                <div class=\"content-default-module-titles\">\n                            <h2 class=\"content-default-module-title uppercase black\">Detalles<\/h2>\n            \n                    <\/div>\n        \n                    <div class=\"content-default-module-content\">\n                <p><strong>Este tratamiento consta de cinco productos:<\/strong><\/p>\n<p><a href=\"https:\/\/www.avani.pt\/es\/p\/champu-fortalecedor-capilar-indio-con-vitaminas-500-ml-sin-sal\/\">Champ\u00fa indio con vitaminas para el cabello 250 ml<\/a><\/p>\n<p><a href=\"https:\/\/www.avani.pt\/es\/p\/champu-purificante-efecto-frio-250-ml-sin-sal\/\">Champ\u00fa Efecto Fr\u00edo 250ml<\/a><\/p>\n<p><a href=\"https:\/\/www.avani.pt\/es\/p\/indian-hair-rebuild-suero-sellador-de-puntas-100ml\/\">Suero Sellador de Puntas Hair Rebuild 100ml<\/a><\/p>\n<p><a href=\"https:\/\/www.avani.pt\/es\/p\/acondicionador-indian-hair-rebuild-250-ml-sin-sal\/\">Acondicionador Reconstructor Capilar 250ml<\/a><\/p>\n<p><a href=\"https:\/\/www.avani.pt\/es\/p\/mascarilla-reconstructiva-capilar-india-500-ml-reconstructiva\/\">Mascarilla Reconstructora Capilar 500ml<\/a><\/p>\n\n            <\/div>\n        \n        \n        \n\n        \n\n\n    <\/div>\n\n\n            <div class=\"accordion accordion-successive   js-accordion not-found mobile--only--md content-default-module text-align-center margin-top-between-modules back_color\">\n            <div class=\"accordion-container\">\n                <div class=\"accordion-question space-between\">\n                                            <h3 class=\"accordion-question-title uppercase back_color\">\n                            Detalles\n                        <\/h3>\n                                        <span class=\"accordion-arrow back_color\">&emsp;<\/span>\n                <\/div>\n                <div class=\"accordion-answer\">\n                    \n                                            <div class=\"content-default-module-content\">\n                            <p><strong>Este tratamiento consta de cinco productos:<\/strong><\/p>\n<p><a href=\"https:\/\/www.avani.pt\/es\/p\/champu-fortalecedor-capilar-indio-con-vitaminas-500-ml-sin-sal\/\">Champ\u00fa indio con vitaminas para el cabello 250 ml<\/a><\/p>\n<p><a href=\"https:\/\/www.avani.pt\/es\/p\/champu-purificante-efecto-frio-250-ml-sin-sal\/\">Champ\u00fa Efecto Fr\u00edo 250ml<\/a><\/p>\n<p><a href=\"https:\/\/www.avani.pt\/es\/p\/indian-hair-rebuild-suero-sellador-de-puntas-100ml\/\">Suero Sellador de Puntas Hair Rebuild 100ml<\/a><\/p>\n<p><a href=\"https:\/\/www.avani.pt\/es\/p\/acondicionador-indian-hair-rebuild-250-ml-sin-sal\/\">Acondicionador Reconstructor Capilar 250ml<\/a><\/p>\n<p><a href=\"https:\/\/www.avani.pt\/es\/p\/mascarilla-reconstructiva-capilar-india-500-ml-reconstructiva\/\">Mascarilla Reconstructora Capilar 500ml<\/a><\/p>\n\n                        <\/div>\n                    \n                    \n                                    <\/div>\n            <\/div>\n        <\/div>\n    \n<\/div>\n<div class=\"tip-products margin-top-between-modules default\">\n    <div class=\"container\">\n                    <h2 class=\"title\">\n                Comprar individualmente\n            <\/h2>\n        \n        \n        <div class=\"products-container\">\n                            <div class=\"tip-products-wrapper\">\n                                                                                                                                                                                                                                                                <\/div>\n                    <\/div>\n\n    <\/div>\n<\/div>\n[\/vc_column][\/vc_row]<\/p>\n<\/div>","protected":false},"excerpt":{"rendered":"<p>Compuesto por cinco productos hidratantes, reconstructores y purificantes. Este tratamiento se basa en la gama Indian Hair Rebuild con una innovadora tecnolog\u00eda MoringaBond que hidroliza los distintos componentes de la moringa: la planta, las semillas y el aceite, lo que le confiere unas caracter\u00edsticas a\u00fan m\u00e1s potentes que la moringa en su estado natural. <\/p>\n","protected":false},"featured_media":76766,"comment_status":"open","ping_status":"closed","template":"","meta":{"_acf_changed":false},"product_brand":[],"product_cat":[465,471,472,436],"product_tag":[],"class_list":{"0":"post-78300","1":"product","2":"type-product","3":"status-publish","4":"has-post-thumbnail","6":"product_cat-atencion","7":"product_cat-avani-en-exclusiva","8":"product_cat-cabello-medio-grueso-avani-tratamientos-exclusivos","9":"product_cat-cabello-seco-nutricion","11":"first","12":"instock","13":"taxable","14":"shipping-taxable","15":"purchasable","16":"product-type-simple"},"acf":[],"wooqr_code":"","_links":{"self":[{"href":"https:\/\/www.avani.pt\/es\/wp-json\/wp\/v2\/product\/78300","targetHints":{"allow":["GET"]}}],"collection":[{"href":"https:\/\/www.avani.pt\/es\/wp-json\/wp\/v2\/product"}],"about":[{"href":"https:\/\/www.avani.pt\/es\/wp-json\/wp\/v2\/types\/product"}],"replies":[{"embeddable":true,"href":"https:\/\/www.avani.pt\/es\/wp-json\/wp\/v2\/comments?post=78300"}],"wp:featuredmedia":[{"embeddable":true,"href":"https:\/\/www.avani.pt\/es\/wp-json\/wp\/v2\/media\/76766"}],"wp:attachment":[{"href":"https:\/\/www.avani.pt\/es\/wp-json\/wp\/v2\/media?parent=78300"}],"wp:term":[{"taxonomy":"product_brand","embeddable":true,"href":"https:\/\/www.avani.pt\/es\/wp-json\/wp\/v2\/product_brand?post=78300"},{"taxonomy":"product_cat","embeddable":true,"href":"https:\/\/www.avani.pt\/es\/wp-json\/wp\/v2\/product_cat?post=78300"},{"taxonomy":"product_tag","embeddable":true,"href":"https:\/\/www.avani.pt\/es\/wp-json\/wp\/v2\/product_tag?post=78300"}],"curies":[{"name":"wp","href":"https:\/\/api.w.org\/{rel}","templated":true}]}}