{"id":78304,"date":"2022-10-10T12:43:20","date_gmt":"2022-10-10T11:43:20","guid":{"rendered":"https:\/\/www.avani.pt\/p\/exfoliante-facial-radiance-cellular-renovation-vegan-50ml\/"},"modified":"2025-10-21T12:03:29","modified_gmt":"2025-10-21T11:03:29","slug":"exfoliante-facial-radiance-cellular-renovation-vegan-50ml","status":"publish","type":"product","link":"https:\/\/www.avani.pt\/es\/p\/exfoliante-facial-radiance-cellular-renovation-vegan-50ml\/","title":{"rendered":"Exfoliante facial | Radiance Cellular Renovation Vegan 50ml"},"content":{"rendered":"<div class=\"wpb-content-wrapper\"><p>[vc_row full_width=&#8221;stretch_row_content_no_spaces&#8221; el_class=&#8221;text-align-center&#8221;][vc_column]<div class=\"stars-of-product-module-wrapper margin-top-between-modules\">\n    <img decoding=\"async\" class=\"stars-of-product-module-left-image-design\" src=\"\/dist\/images\/stars_product_module_design.png\">\n    <img decoding=\"async\" class=\"stars-of-product-module-right-image-design\" src=\"\/dist\/images\/stars_product_module_design.png\">\n\n    <div class=\"container\">\n\n        <div class=\"stars-of-product-module text-align-center  desktop--only--md\">\n\n            \n                            <div class=\"stars-of-product-module-titles\">\n                                            <h2 class=\"stars-of-product-module-title black uppercase back_color\">Las estrellas del producto<\/h2>\n                                    <\/div>\n            \n                            <div class=\"stars-of-product-module-content\">\n                    <p>Exfoliante con textura de sorbete que proporciona a la piel una sensaci\u00f3n de frescor, dej\u00e1ndola visiblemente suave y refinada. Composici\u00f3n lujosa con secretos indios como el azafr\u00e1n org\u00e1nico regenerador; el aceite de neem purificante; el aceite de s\u00e9samo nutritivo; el fruto de amla antioxidante; y muchos otros ingredientes como el extracto de bamb\u00fa desintoxicante; el aceite de lavanda calmante; el aceite esencial de menta que facilita la secreci\u00f3n de grasa; aceite de lim\u00f3n, considerado un exfoliante natural; \u00e1cido glic\u00f3lico, que deja la textura de la piel suave y refinada; betacaroteno, fuente de vitamina A, que ayuda a combatir el envejecimiento; y vitamina E, \u00a1que ayuda a retener la humedad para mantener la piel radiante y sana!<\/p>\n\n                <\/div>\n            \n        <\/div>\n\n\n                    <div class=\"accordion   accordion-successive-first js-accordion not-found mobile--only--md stars-of-product-module text-align-center margin-top-between-modules back_color\">\n                <div class=\"accordion-container\">\n                    <div class=\"accordion-question space-between\">\n                                                    <h3 class=\"accordion-question-title uppercase back_color\">\n                                Las estrellas del producto\n                            <\/h3>\n                                                <span class=\"accordion-arrow back_color\">&emsp;<\/span>\n                    <\/div>\n                    <div class=\"accordion-answer\">\n\n                        \n                                                    <div class=\"stars-of-product-module-content\">\n                                <p>Exfoliante con textura de sorbete que proporciona a la piel una sensaci\u00f3n de frescor, dej\u00e1ndola visiblemente suave y refinada. Composici\u00f3n lujosa con secretos indios como el azafr\u00e1n org\u00e1nico regenerador; el aceite de neem purificante; el aceite de s\u00e9samo nutritivo; el fruto de amla antioxidante; y muchos otros ingredientes como el extracto de bamb\u00fa desintoxicante; el aceite de lavanda calmante; el aceite esencial de menta que facilita la secreci\u00f3n de grasa; aceite de lim\u00f3n, considerado un exfoliante natural; \u00e1cido glic\u00f3lico, que deja la textura de la piel suave y refinada; betacaroteno, fuente de vitamina A, que ayuda a combatir el envejecimiento; y vitamina E, \u00a1que ayuda a retener la humedad para mantener la piel radiante y sana!<\/p>\n\n                            <\/div>\n                                            <\/div>\n                <\/div>\n            <\/div>\n        \n    <\/div>\n<\/div>\n[vc_video link=&#8221;https:%2F%2Fyoutu.be%2Fg87kLmyhOKM|&#8221; el_width=&#8221;70&#8243; align=&#8221;center&#8221; css=&#8221;&#8221;][\/vc_column][\/vc_row][vc_row full_width=&#8221;stretch_row_content_no_spaces&#8221; el_class=&#8221;text-align-center&#8221;][vc_column]<div class=\"container\">\n\t<div class=\"usability-tips-and-secrets-module desktop--only--md\">\n\n\t\t<div class=\"usability-tips-and-secrets-module-content-wrapper full-width-container\">\n\n\t\t\t\n\t\t\t\t\t\t\t<div class=\"usability-tips-and-secrets-module-content usability-tips-and-secrets-module-content--bordered margin-top-between-modules\">\n\t\t\t\t\t\t\t\t\t\t\t<h2 class=\"uppercase black\">C&oacute;mo utilizar<\/h2>\n\t\t\t\t\t\n\t\t\t\t\t\t\t\t\t\t\t<p>Recomendamos a sua aplica\u00e7\u00e3o uma vez por semana. Aplicar na pele limpa e h\u00famida. Deixar atuar um minuto, e em seguida esfoliar suavemente usando movimentos circulares. Dedique especial aten\u00e7\u00e3o \u00e0 zona T (testa, nariz e queixo). Assim que o a\u00e7\u00facar for absorvido pela pele, lavar com \u00e1gua morna e secar gentilmente com uma toalha macia.    <\/p>\n\n\t\t\t\t\t\t\t\t\t<\/div>\n\t\t\t\n\t\t\t\t\t<\/div>\n\t<\/div>\n\n\t\n\t\t\t<div class=\"accordion accordion-successive  js-accordion not-found mobile--only--md usability-tips-and-secrets-module text-align-center margin-top-between-modules back_color\">\n\t\t\t<div class=\"accordion-container\">\n\t\t\t\t<div class=\"accordion-question space-between\">\n\t\t\t\t\t\t\t\t\t\t\t<h3 class=\"accordion-question-title uppercase back_color\">\n\t\t\t\t\t\t\tC&oacute;mo utilizar\n\t\t\t\t\t\t<\/h3>\n\t\t\t\t\t\n\t\t\t\t\t<span class=\"accordion-arrow back_color\">&emsp;<\/span>\n\t\t\t\t<\/div>\n\t\t\t\t<div class=\"accordion-answer\">\n\t\t\t\t\t\t\t\t\t\t\t<div class=\"usability-tips-and-secrets-module-content\">\n\t\t\t\t\t\t\t<p>Recomendamos a sua aplica\u00e7\u00e3o uma vez por semana. Aplicar na pele limpa e h\u00famida. Deixar atuar um minuto, e em seguida esfoliar suavemente usando movimentos circulares. Dedique especial aten\u00e7\u00e3o \u00e0 zona T (testa, nariz e queixo). Assim que o a\u00e7\u00facar for absorvido pela pele, lavar com \u00e1gua morna e secar gentilmente com uma toalha macia.    <\/p>\n\n\t\t\t\t\t\t<\/div>\n\t\t\t\t\t\t\t\t\t<\/div>\n\t\t\t<\/div>\n\t\t<\/div>\n\t\n\t<\/div>\n[vc_empty_space]<div class=\"container \">\n\n    <div class=\"content-default-module text-align-center margin-top-between-modules\n        \n        \n        \n        \n        \n        \n        desktop--only--md\"\n        style=\"margin-bottom: 0px;\"\n    >\n\n                <div class=\"content-default-module-titles\">\n                            <h2 class=\"content-default-module-title uppercase black\">Consejos y secretos<\/h2>\n            \n                    <\/div>\n        \n        \n        \n        \n\n        \n\n\n    <\/div>\n\n\n            <div class=\"accordion accordion-successive   js-accordion not-found mobile--only--md content-default-module text-align-center margin-top-between-modules back_color\">\n            <div class=\"accordion-container\">\n                <div class=\"accordion-question space-between\">\n                                            <h3 class=\"accordion-question-title uppercase back_color\">\n                            Consejos y secretos\n                        <\/h3>\n                                        <span class=\"accordion-arrow back_color\">&emsp;<\/span>\n                <\/div>\n                <div class=\"accordion-answer\">\n                    \n                    \n                    \n                                    <\/div>\n            <\/div>\n        <\/div>\n    \n<\/div>\n[\/vc_column][\/vc_row][vc_row full_width=&#8221;stretch_row_content_no_spaces&#8221; el_class=&#8221;text-align-center&#8221;][vc_column]<div class=\"container \">\n\n    <div class=\"content-default-module text-align-center margin-top-between-modules\n        \n        \n        \n        \n        \n        \n        desktop--only--md\"\n        style=\"margin-bottom: 0px;\"\n    >\n\n                <div class=\"content-default-module-titles\">\n                            <h2 class=\"content-default-module-title uppercase black\">Composici&oacute;n<\/h2>\n            \n                    <\/div>\n        \n                    <div class=\"content-default-module-content\">\n                <\/p>\n<p style=\"text-align: left;\"><strong>Extracto de Bamb\u00fa | <\/strong>hidratante natural que calma y suaviza la piel. Regenera y ayuda a cicatrizar; rico en propiedades antibacterianas, limpia, purifica y desintoxica. Rico en s\u00edlice natural, ayuda a dar a la piel un brillo radiante.  <\/p>\n<p style=\"text-align: left;\"><strong>El Aloe Vera | <\/strong>rico en propiedades calmantes y regeneradoras hidrata e ilumina la piel.<\/p>\n<p style=\"text-align: left;\"><strong>El aceite de lavanda | <\/strong>rico en propiedades antibacterianas y calmantes ayuda a reducir la inflamaci\u00f3n del acn\u00e9; desobstruye los poros; ayuda a igualar el tono de la piel y a prevenir la aparici\u00f3n de manchas; suaviza la piel; reduce los efectos del enrojecimiento y combate el envejecimiento prematuro.<\/p>\n<p style=\"text-align: left;\"><strong>El Extracto de Azafr\u00e1n Ecol\u00f3gico | <\/strong>considerado el oro indio &#8211; procede de la agricultura ecol\u00f3gica y se considera una de las especias m\u00e1s caras del mundo, ya que se necesitan aproximadamente 150 flores para extraer un solo gramo de azafr\u00e1n. Es muy rico en potasio, calcio, magnesio y vitaminas A y C. Los \u00faltimos estudios demuestran que el extracto de azafr\u00e1n tiene propiedades antioxidantes, antienvejecimiento, calmantes, hidratantes, regeneradoras y despigmentantes de las manchas. <\/p>\n<p style=\"text-align: left;\"><strong>Aceite esencial de menta piperita |<\/strong> Destilado al vapor de las hojas verdes, vibrantes y ricamente arom\u00e1ticas de la hierba Mentha arvensis, que crece silvestre en los bosques de la India, tiene un fuerte aroma mentolado de gran cuerpo. Tiene propiedades que facilitan la secreci\u00f3n de grasa, por lo que es muy eficaz para combatir el acn\u00e9. Emocional y energ\u00e9ticamente, este aceite ayuda a transmitir calma mental y estabilidad emocional. El dulce aroma a menta refuerza y calma el estado de \u00e1nimo, al tiempo que equilibra los pensamientos y fomenta un esp\u00edritu positivo.   <\/p>\n<p style=\"text-align: left;\"><strong>El Aceite de Lim\u00f3n | <\/strong>rico en propiedades antibacterianas ayuda a combatir diversos problemas de la piel, como el acn\u00e9. Limpia la piel, exfolia y elimina suavemente las c\u00e9lulas muertas purificando los poros. El aceite de lim\u00f3n contiene limoneno, un exfoliante natural.  <\/p>\n<p style=\"text-align: left;\">El <strong>aceite de Neem |<\/strong> considerado el oro indio de los \u00e1rboles de Neem y descrito en los antiguos textos ayurv\u00e9dicos como &#8220;Sarva Roga Nivarini&#8221; (la cura para diversos problemas). El \u00e1rbol de Neem es sagrado y simboliza la salud y la protecci\u00f3n. Se le conoce como la &#8220;farmacia del pueblo&#8221; porque todos sus elementos se utilizan en los distintos \u00e1mbitos de la cosm\u00e9tica y la salud. Es muy rico en propiedades antis\u00e9pticas y antibacterianas y es adecuado para todo tipo de pieles, especialmente las que sufren acn\u00e9 y eczema. Rica en \u00e1cidos grasos, triglic\u00e9ridos y vitaminas, estimula la regeneraci\u00f3n cut\u00e1nea, purifica y ayuda a cerrar los poros.    <\/p>\n<p style=\"text-align: left;\">El <strong>aceite de s\u00e9samo | <\/strong>rico en vitamina E (antioxidante natural), vitamina B6, omega 6, zinc, magnesio, calcio y hierro, se extrae de las semillas de s\u00e9samo y se considera uno de los aceites m\u00e1s antiguos utilizados por la humanidad. \u00a1En la filosof\u00eda hind\u00fa se le conoce como el &#8220;s\u00edmbolo&#8221; de la inmortalidad!  El 90% de los tratamientos utilizados en la medicina ayurv\u00e9dica emplean aceite de s\u00e9samo por sus propiedades nutritivas y calmantes. Altamente hidratante, mantiene la piel flexible y suave. Rico en propiedades curativas y regeneradoras, ayuda a combatir las arrugas, las l\u00edneas de expresi\u00f3n y los poros dilatados.  <\/p>\n<p style=\"text-align: left;\"><strong>Amla | <\/strong>Una de las frutas m\u00e1s antiguas y ampliamente utilizada en la medicina ayurv\u00e9dica india, hoy se reconoce como una de las fuentes naturales m\u00e1s ricas en vitamina C. Una de las cualidades m\u00e1s notables y populares del amla es su efecto sobre la piel. Muy rico en antioxidantes, ayuda a regenerar y ralentizar el proceso de envejecimiento, dando a la piel una textura m\u00e1s suave. <\/p>\n<p style=\"text-align: left;\"><strong>El \u00c1cido Glic\u00f3lico |<\/strong> derivado de la ca\u00f1a de az\u00facar y otros vegetales dulces tiene un efecto exfoliante, hidratante, reavivante y regenerador. Ayuda a corregir los problemas de la piel, estimula la renovaci\u00f3n celular en sus capas superiores mediante la exfoliaci\u00f3n, dejando la textura de la piel suave y refinada. <\/p>\n<p style=\"text-align: left;\"><strong>El Extracto de Zanahoria |<\/strong> rico en nutrientes, vitaminas y antioxidantes proporciona a la piel un brillo natural y saludable. Ayuda a reducir las rojeces y a tratar las manchas oscuras. <\/p>\n<p style=\"text-align: left;\"><strong>Betacaroteno | <\/strong>fuente de vitamina A que ayuda a combatir el envejecimiento; estimula la regeneraci\u00f3n celular y la producci\u00f3n de col\u00e1geno; reduce las l\u00edneas finas y las arrugas y mejora la textura de la piel.<\/p>\n<p style=\"text-align: left;\"><strong>Tocoferol (Vitamina E) | <\/strong>la forma m\u00e1s activa de la vitamina E. Ayuda a retener la humedad para mantener la piel radiante y sana.<\/p>\n<p>\n\n            <\/div>\n        \n        \n        \n\n        \n\n\n    <\/div>\n\n\n            <div class=\"accordion accordion-successive   js-accordion not-found mobile--only--md content-default-module text-align-center margin-top-between-modules back_color\">\n            <div class=\"accordion-container\">\n                <div class=\"accordion-question space-between\">\n                                            <h3 class=\"accordion-question-title uppercase back_color\">\n                            Composici&oacute;n\n                        <\/h3>\n                                        <span class=\"accordion-arrow back_color\">&emsp;<\/span>\n                <\/div>\n                <div class=\"accordion-answer\">\n                    \n                                            <div class=\"content-default-module-content\">\n                            <\/p>\n<p style=\"text-align: left;\"><strong>Extracto de Bamb\u00fa | <\/strong>hidratante natural que calma y suaviza la piel. Regenera y ayuda a cicatrizar; rico en propiedades antibacterianas, limpia, purifica y desintoxica. Rico en s\u00edlice natural, ayuda a dar a la piel un brillo radiante.  <\/p>\n<p style=\"text-align: left;\"><strong>El Aloe Vera | <\/strong>rico en propiedades calmantes y regeneradoras hidrata e ilumina la piel.<\/p>\n<p style=\"text-align: left;\"><strong>El aceite de lavanda | <\/strong>rico en propiedades antibacterianas y calmantes ayuda a reducir la inflamaci\u00f3n del acn\u00e9; desobstruye los poros; ayuda a igualar el tono de la piel y a prevenir la aparici\u00f3n de manchas; suaviza la piel; reduce los efectos del enrojecimiento y combate el envejecimiento prematuro.<\/p>\n<p style=\"text-align: left;\"><strong>El Extracto de Azafr\u00e1n Ecol\u00f3gico | <\/strong>considerado el oro indio &#8211; procede de la agricultura ecol\u00f3gica y se considera una de las especias m\u00e1s caras del mundo, ya que se necesitan aproximadamente 150 flores para extraer un solo gramo de azafr\u00e1n. Es muy rico en potasio, calcio, magnesio y vitaminas A y C. Los \u00faltimos estudios demuestran que el extracto de azafr\u00e1n tiene propiedades antioxidantes, antienvejecimiento, calmantes, hidratantes, regeneradoras y despigmentantes de las manchas. <\/p>\n<p style=\"text-align: left;\"><strong>Aceite esencial de menta piperita |<\/strong> Destilado al vapor de las hojas verdes, vibrantes y ricamente arom\u00e1ticas de la hierba Mentha arvensis, que crece silvestre en los bosques de la India, tiene un fuerte aroma mentolado de gran cuerpo. Tiene propiedades que facilitan la secreci\u00f3n de grasa, por lo que es muy eficaz para combatir el acn\u00e9. Emocional y energ\u00e9ticamente, este aceite ayuda a transmitir calma mental y estabilidad emocional. El dulce aroma a menta refuerza y calma el estado de \u00e1nimo, al tiempo que equilibra los pensamientos y fomenta un esp\u00edritu positivo.   <\/p>\n<p style=\"text-align: left;\"><strong>El Aceite de Lim\u00f3n | <\/strong>rico en propiedades antibacterianas ayuda a combatir diversos problemas de la piel, como el acn\u00e9. Limpia la piel, exfolia y elimina suavemente las c\u00e9lulas muertas purificando los poros. El aceite de lim\u00f3n contiene limoneno, un exfoliante natural.  <\/p>\n<p style=\"text-align: left;\">El <strong>aceite de Neem |<\/strong> considerado el oro indio de los \u00e1rboles de Neem y descrito en los antiguos textos ayurv\u00e9dicos como &#8220;Sarva Roga Nivarini&#8221; (la cura para diversos problemas). El \u00e1rbol de Neem es sagrado y simboliza la salud y la protecci\u00f3n. Se le conoce como la &#8220;farmacia del pueblo&#8221; porque todos sus elementos se utilizan en los distintos \u00e1mbitos de la cosm\u00e9tica y la salud. Es muy rico en propiedades antis\u00e9pticas y antibacterianas y es adecuado para todo tipo de pieles, especialmente las que sufren acn\u00e9 y eczema. Rica en \u00e1cidos grasos, triglic\u00e9ridos y vitaminas, estimula la regeneraci\u00f3n cut\u00e1nea, purifica y ayuda a cerrar los poros.    <\/p>\n<p style=\"text-align: left;\">El <strong>aceite de s\u00e9samo | <\/strong>rico en vitamina E (antioxidante natural), vitamina B6, omega 6, zinc, magnesio, calcio y hierro, se extrae de las semillas de s\u00e9samo y se considera uno de los aceites m\u00e1s antiguos utilizados por la humanidad. \u00a1En la filosof\u00eda hind\u00fa se le conoce como el &#8220;s\u00edmbolo&#8221; de la inmortalidad!  El 90% de los tratamientos utilizados en la medicina ayurv\u00e9dica emplean aceite de s\u00e9samo por sus propiedades nutritivas y calmantes. Altamente hidratante, mantiene la piel flexible y suave. Rico en propiedades curativas y regeneradoras, ayuda a combatir las arrugas, las l\u00edneas de expresi\u00f3n y los poros dilatados.  <\/p>\n<p style=\"text-align: left;\"><strong>Amla | <\/strong>Una de las frutas m\u00e1s antiguas y ampliamente utilizada en la medicina ayurv\u00e9dica india, hoy se reconoce como una de las fuentes naturales m\u00e1s ricas en vitamina C. Una de las cualidades m\u00e1s notables y populares del amla es su efecto sobre la piel. Muy rico en antioxidantes, ayuda a regenerar y ralentizar el proceso de envejecimiento, dando a la piel una textura m\u00e1s suave. <\/p>\n<p style=\"text-align: left;\"><strong>El \u00c1cido Glic\u00f3lico |<\/strong> derivado de la ca\u00f1a de az\u00facar y otros vegetales dulces tiene un efecto exfoliante, hidratante, reavivante y regenerador. Ayuda a corregir los problemas de la piel, estimula la renovaci\u00f3n celular en sus capas superiores mediante la exfoliaci\u00f3n, dejando la textura de la piel suave y refinada. <\/p>\n<p style=\"text-align: left;\"><strong>El Extracto de Zanahoria |<\/strong> rico en nutrientes, vitaminas y antioxidantes proporciona a la piel un brillo natural y saludable. Ayuda a reducir las rojeces y a tratar las manchas oscuras. <\/p>\n<p style=\"text-align: left;\"><strong>Betacaroteno | <\/strong>fuente de vitamina A que ayuda a combatir el envejecimiento; estimula la regeneraci\u00f3n celular y la producci\u00f3n de col\u00e1geno; reduce las l\u00edneas finas y las arrugas y mejora la textura de la piel.<\/p>\n<p style=\"text-align: left;\"><strong>Tocoferol (Vitamina E) | <\/strong>la forma m\u00e1s activa de la vitamina E. Ayuda a retener la humedad para mantener la piel radiante y sana.<\/p>\n<p>\n\n                        <\/div>\n                    \n                    \n                                    <\/div>\n            <\/div>\n        <\/div>\n    \n<\/div>\n<div class=\"container \">\n\n    <div class=\"content-default-module text-align-center margin-top-between-modules\n        \n        \n        \n        \n        \n        \n        desktop--only--md\"\n        style=\"margin-bottom: 0px;\"\n    >\n\n                <div class=\"content-default-module-titles\">\n                            <h2 class=\"content-default-module-title uppercase black\">Ingredientes<\/h2>\n            \n                    <\/div>\n        \n                    <div class=\"content-default-module-content\">\n                <\/p>\n<p style=\"text-align: center;\">Agua, extracto de tallo de Bambusa arundinacea, glicerina, poligliceril-3 metilglucosa<br \/>\ndiestearato, beta\u00edna, alcohol cet\u00edlico, coco-gluc\u00f3sido, acrilatos\/C10-30 alquilacrilato crosspolymer,<br \/>\nlactato de mentilo, polvo de zumo de hoja de Aloe barbadensis, aceite de Lavandula angustifolia, extracto de flor de Crocus sativus<br \/>\n, aceite de hierba Mentha arvensis, aceite de c\u00e1scara de Citrus limon, aceite de semilla de Melia azadirachta, aceite de semilla de Sesamum Indicum<br \/>\n, polvo de fruto de Phyllanthus emblica, \u00e1cido glic\u00f3lico, extracto de ra\u00edz de Daucus carota sativa,<br \/>\nbetacaroteno, tocoferol, goma xantana, aceite de Glycine soja, goma esclerotium, lecitina, pullulan, alcohol<br \/>\ndenat., \u00e1cido s\u00f3rbico, fitato s\u00f3dico, s\u00edlice, \u00e1cido c\u00edtrico, alcohol benc\u00edlico, \u00e1cido benzoico, benzoato s\u00f3dico,<br \/>\nsorbato pot\u00e1sico, limoneno, linalool.<\/p>\n<p>\n\n            <\/div>\n        \n        \n        \n\n        \n\n\n    <\/div>\n\n\n            <div class=\"accordion accordion-successive   js-accordion not-found mobile--only--md content-default-module text-align-center margin-top-between-modules back_color\">\n            <div class=\"accordion-container\">\n                <div class=\"accordion-question space-between\">\n                                            <h3 class=\"accordion-question-title uppercase back_color\">\n                            Ingredientes\n                        <\/h3>\n                                        <span class=\"accordion-arrow back_color\">&emsp;<\/span>\n                <\/div>\n                <div class=\"accordion-answer\">\n                    \n                                            <div class=\"content-default-module-content\">\n                            <\/p>\n<p style=\"text-align: center;\">Agua, extracto de tallo de Bambusa arundinacea, glicerina, poligliceril-3 metilglucosa<br \/>\ndiestearato, beta\u00edna, alcohol cet\u00edlico, coco-gluc\u00f3sido, acrilatos\/C10-30 alquilacrilato crosspolymer,<br \/>\nlactato de mentilo, polvo de zumo de hoja de Aloe barbadensis, aceite de Lavandula angustifolia, extracto de flor de Crocus sativus<br \/>\n, aceite de hierba Mentha arvensis, aceite de c\u00e1scara de Citrus limon, aceite de semilla de Melia azadirachta, aceite de semilla de Sesamum Indicum<br \/>\n, polvo de fruto de Phyllanthus emblica, \u00e1cido glic\u00f3lico, extracto de ra\u00edz de Daucus carota sativa,<br \/>\nbetacaroteno, tocoferol, goma xantana, aceite de Glycine soja, goma esclerotium, lecitina, pullulan, alcohol<br \/>\ndenat., \u00e1cido s\u00f3rbico, fitato s\u00f3dico, s\u00edlice, \u00e1cido c\u00edtrico, alcohol benc\u00edlico, \u00e1cido benzoico, benzoato s\u00f3dico,<br \/>\nsorbato pot\u00e1sico, limoneno, linalool.<\/p>\n<p>\n\n                        <\/div>\n                    \n                    \n                                    <\/div>\n            <\/div>\n        <\/div>\n    \n<\/div>\n[\/vc_column][\/vc_row]<\/p>\n<\/div>","protected":false},"excerpt":{"rendered":"<p>Masajea la piel con este sorbete con finas part\u00edculas de bamb\u00fa para eliminar las impurezas y las c\u00e9lulas muertas. La textura de la piel queda visiblemente lisa y afinada. Piel resplandeciente: \u00a1parece nueva! Purifica y exfolia muy suavemente con la ayuda de ingredientes naturales derivados del coco y az\u00facares. Tambi\u00e9n contiene \u00e1cido glic\u00f3lico, secretos indios como aceite de neem, azafr\u00e1n y amla, aceites esenciales puros, extracto de aloe vera y mucho m\u00e1s.    <\/p>\n","protected":false},"featured_media":75852,"comment_status":"open","ping_status":"closed","template":"","meta":{"_acf_changed":false},"product_brand":[],"product_cat":[558,440,441,540,541,621,538,643,550,671,556,557,642,675,644,543,639,640,559,542],"product_tag":[],"class_list":{"0":"post-78304","1":"product","2":"type-product","3":"status-publish","4":"has-post-thumbnail","6":"product_cat-acne-antifacial","7":"product_cat-aloe-vera","8":"product_cat-amla","9":"product_cat-antiarrugas-y-reafirmante-facial","10":"product_cat-antimanchas-faciales","11":"product_cat-azafran","12":"product_cat-cara","13":"product_cat-cara-2","14":"product_cat-cuidado-facial","15":"product_cat-tematica-verano-rostro","16":"product_cat-facial-antiarrugas","17":"product_cat-facial-antimanchas","18":"product_cat-gel-facial","19":"product_cat-limpieza-facial","20":"product_cat-luminosidad-control-de-poros","21":"product_cat-piel-seca-y-deshidratada","22":"product_cat-pieles-grasas-y-mixtas","23":"product_cat-productos-faciales","24":"product_cat-rangos-cara","25":"product_cat-tratamiento-del-acne","27":"first","28":"instock","29":"taxable","30":"shipping-taxable","31":"purchasable","32":"product-type-simple"},"acf":[],"wooqr_code":"","_links":{"self":[{"href":"https:\/\/www.avani.pt\/es\/wp-json\/wp\/v2\/product\/78304","targetHints":{"allow":["GET"]}}],"collection":[{"href":"https:\/\/www.avani.pt\/es\/wp-json\/wp\/v2\/product"}],"about":[{"href":"https:\/\/www.avani.pt\/es\/wp-json\/wp\/v2\/types\/product"}],"replies":[{"embeddable":true,"href":"https:\/\/www.avani.pt\/es\/wp-json\/wp\/v2\/comments?post=78304"}],"wp:featuredmedia":[{"embeddable":true,"href":"https:\/\/www.avani.pt\/es\/wp-json\/wp\/v2\/media\/75852"}],"wp:attachment":[{"href":"https:\/\/www.avani.pt\/es\/wp-json\/wp\/v2\/media?parent=78304"}],"wp:term":[{"taxonomy":"product_brand","embeddable":true,"href":"https:\/\/www.avani.pt\/es\/wp-json\/wp\/v2\/product_brand?post=78304"},{"taxonomy":"product_cat","embeddable":true,"href":"https:\/\/www.avani.pt\/es\/wp-json\/wp\/v2\/product_cat?post=78304"},{"taxonomy":"product_tag","embeddable":true,"href":"https:\/\/www.avani.pt\/es\/wp-json\/wp\/v2\/product_tag?post=78304"}],"curies":[{"name":"wp","href":"https:\/\/api.w.org\/{rel}","templated":true}]}}