{"id":78313,"date":"2018-08-06T23:05:45","date_gmt":"2018-08-06T22:05:45","guid":{"rendered":"https:\/\/www.avani.pt\/p\/cabello-medio-grueso-natural-y-seco-secretos-de-la-india-cuidado-capilar-de-lujo\/"},"modified":"2025-10-21T12:04:25","modified_gmt":"2025-10-21T11:04:25","slug":"cabello-medio-grueso-natural-y-seco-secretos-de-la-india-cuidado-capilar-de-lujo","status":"publish","type":"product","link":"https:\/\/www.avani.pt\/es\/p\/cabello-medio-grueso-natural-y-seco-secretos-de-la-india-cuidado-capilar-de-lujo\/","title":{"rendered":"Cabello medio grueso, natural y seco | Secretos de la India | Cuidado capilar de lujo"},"content":{"rendered":"<div class=\"wpb-content-wrapper\"><p>[vc_row full_width=&#8221;stretch_row_content_no_spaces&#8221; el_class=&#8221;text-align-center&#8221;][vc_column]<div class=\"stars-of-product-module-wrapper margin-top-between-modules\">\n    <img decoding=\"async\" class=\"stars-of-product-module-left-image-design\" src=\"\/dist\/images\/stars_product_module_design.png\">\n    <img decoding=\"async\" class=\"stars-of-product-module-right-image-design\" src=\"\/dist\/images\/stars_product_module_design.png\">\n\n    <div class=\"container\">\n\n        <div class=\"stars-of-product-module text-align-center  desktop--only--md\">\n\n                            <div class=\"star-rating\">\n                                            <i class=\"fa fa-star\"><\/i>\n                                            <i class=\"fa fa-star\"><\/i>\n                                            <i class=\"fa fa-star\"><\/i>\n                                            <i class=\"fa fa-star\"><\/i>\n                                            <i class=\"fa fa-star\"><\/i>\n                                    <\/div>\n            \n                            <div class=\"stars-of-product-module-titles\">\n                                            <h2 class=\"stars-of-product-module-title black uppercase back_color\">Las estrellas del producto<\/h2>\n                                    <\/div>\n            \n                            <div class=\"stars-of-product-module-content\">\n                    <\/p>\n<p>Este tratamiento ha sido dise\u00f1ado para aportar una ligera hidrataci\u00f3n y nutrici\u00f3n al cabello seco.<\/p>\n<p>Tu cabello lucir\u00e1 radiante y nutrido, sin sensaci\u00f3n de pesadez.<\/p>\n<p>\n\n                <\/div>\n            \n        <\/div>\n\n\n                    <div class=\"accordion   accordion-successive-first js-accordion not-found mobile--only--md stars-of-product-module text-align-center margin-top-between-modules back_color\">\n                <div class=\"accordion-container\">\n                    <div class=\"accordion-question space-between\">\n                                                    <h3 class=\"accordion-question-title uppercase back_color\">\n                                Estrellas del producto\n                            <\/h3>\n                                                <span class=\"accordion-arrow back_color\">&emsp;<\/span>\n                    <\/div>\n                    <div class=\"accordion-answer\">\n\n                                                    <div class=\"star-rating\">\n                                                                    <i class=\"fa fa-star\"><\/i>\n                                                                    <i class=\"fa fa-star\"><\/i>\n                                                                    <i class=\"fa fa-star\"><\/i>\n                                                                    <i class=\"fa fa-star\"><\/i>\n                                                                    <i class=\"fa fa-star\"><\/i>\n                                                            <\/div>\n                        \n                                                    <div class=\"stars-of-product-module-content\">\n                                <\/p>\n<p>Este tratamiento ha sido dise\u00f1ado para aportar una ligera hidrataci\u00f3n y nutrici\u00f3n al cabello seco.<\/p>\n<p>Tu cabello lucir\u00e1 radiante y nutrido, sin sensaci\u00f3n de pesadez.<\/p>\n<p>\n\n                            <\/div>\n                                            <\/div>\n                <\/div>\n            <\/div>\n        \n    <\/div>\n<\/div>\n[\/vc_column][\/vc_row][vc_row full_width=&#8221;stretch_row_content_no_spaces&#8221; el_class=&#8221;text-align-center&#8221;][vc_column]<div class=\"container\">\n\t<div class=\"usability-tips-and-secrets-module desktop--only--md\">\n\n\t\t<div class=\"usability-tips-and-secrets-module-content-wrapper full-width-container\">\n\n\t\t\t\n\t\t\t\t\t\t\t<div class=\"usability-tips-and-secrets-module-content usability-tips-and-secrets-module-content--bordered margin-top-between-modules\">\n\t\t\t\t\t\t\t\t\t\t\t<h2 class=\"uppercase black\">C&oacute;mo utilizar<\/h2>\n\t\t\t\t\t\n\t\t\t\t\t\t\t\t\t\t\t<p>Mira nuestro v\u00eddeo Avani Profisisonal Consejos y Secretos para aplicar este tratamiento y obtener resultados perfectos.<\/p>\n\n\t\t\t\t\t\t\t\t\t<\/div>\n\t\t\t\n\t\t\t\t\t\t\t<div class=\"usability-tips-and-secrets-module-content margin-top-between-modules\">\n\t\t\t\t\t\t\t\t\t\t\t<h2 class=\"uppercase black\">Consejos y secretos<\/h2>\n\t\t\t\t\t\n\t\t\t\t\t\t\t\t\t\t\t<p>Aplica el acondicionador como paso 3 despu\u00e9s de la Mascarilla para un sellado perfecto de las cut\u00edculas<\/p>\n\n\t\t\t\t\t\t\t\t\t<\/div>\n\t\t\t\t\t<\/div>\n\t<\/div>\n\n\t\t\t<div class=\"mobile--only--md usability-tips-and-secrets-module text-align-center margin-top-between-modules usability-tips-and-secrets-module-video\">\n\t\t\t\t\t<\/div>\n\t\n\t\t\t<div class=\"accordion accordion-successive  js-accordion not-found mobile--only--md usability-tips-and-secrets-module text-align-center margin-top-between-modules back_color\">\n\t\t\t<div class=\"accordion-container\">\n\t\t\t\t<div class=\"accordion-question space-between\">\n\t\t\t\t\t\t\t\t\t\t\t<h3 class=\"accordion-question-title uppercase back_color\">\n\t\t\t\t\t\t\tC&oacute;mo utilizar\n\t\t\t\t\t\t<\/h3>\n\t\t\t\t\t\n\t\t\t\t\t<span class=\"accordion-arrow back_color\">&emsp;<\/span>\n\t\t\t\t<\/div>\n\t\t\t\t<div class=\"accordion-answer\">\n\t\t\t\t\t\t\t\t\t\t\t<div class=\"usability-tips-and-secrets-module-content\">\n\t\t\t\t\t\t\t<p>Mira nuestro v\u00eddeo Avani Profisisonal Consejos y Secretos para aplicar este tratamiento y obtener resultados perfectos.<\/p>\n\n\t\t\t\t\t\t<\/div>\n\t\t\t\t\t\t\t\t\t<\/div>\n\t\t\t<\/div>\n\t\t<\/div>\n\t\n\t\t\t<div class=\"accordion accordion-successive js-accordion not-found mobile--only--md usability-tips-and-secrets-module text-align-center margin-top-between-modules back_color\">\n\t\t\t<div class=\"accordion-container\">\n\t\t\t\t<div class=\"accordion-question space-between\">\n\t\t\t\t\t\t\t\t\t\t\t<h3 class=\"accordion-question-title uppercase back_color\">\n\t\t\t\t\t\t\tConsejos y secretos\n\t\t\t\t\t\t<\/h3>\n\t\t\t\t\t\n\t\t\t\t\t<span class=\"accordion-arrow back_color\">&emsp;<\/span>\n\t\t\t\t<\/div>\n\t\t\t\t<div class=\"accordion-answer\">\n\t\t\t\t\t\t\t\t\t\t\t<div class=\"usability-tips-and-secrets-module-content\">\n\t\t\t\t\t\t\t<p>Aplica el acondicionador como paso 3 despu\u00e9s de la Mascarilla para un sellado perfecto de las cut\u00edculas<\/p>\n\n\t\t\t\t\t\t<\/div>\n\t\t\t\t\t\t\t\t\t<\/div>\n\t\t\t<\/div>\n\t\t<\/div>\n\t<\/div>\n[\/vc_column][\/vc_row][vc_row full_width=&#8221;stretch_row_content_no_spaces&#8221; el_class=&#8221;text-align-center&#8221;][vc_column]<div class=\"container \">\n\n    <div class=\"content-default-module text-align-center margin-top-between-modules\n        \n        \n        \n        \n        \n        \n        desktop--only--md\"\n        style=\"margin-bottom: 0px;\"\n    >\n\n                <div class=\"content-default-module-titles\">\n                            <h2 class=\"content-default-module-title uppercase black\">Detalles<\/h2>\n            \n                    <\/div>\n        \n                    <div class=\"content-default-module-content\">\n                <\/p>\n<p><strong>Este tratamiento consiste en<\/strong><\/p>\n<p><a href=\"https:\/\/www.avani.pt\/es\/p\/champu-fortalecedor-capilar-indio-con-vitaminas-500-ml-sin-sal\/\">Champ\u00fa indio con vitaminas para el cabello 250 ml<\/a><\/p>\n<p><a href=\"https:\/\/www.avani.pt\/es\/p\/acondicionador-fortalecedor-indian-hair-vitaminado-250-ml-sin-sal\/\">Acondicionador vitam\u00ednico fortificante capilar indio 250 ml<\/a><\/p>\n<p><a href=\"https:\/\/www.avani.pt\/es\/p\/indian-hair-nutrition-mascarilla-telarana-500-ml-nutricion-ligera\/\">Mascarilla Super Nutritiva Telara\u00f1a 250 ml<\/a><\/p>\n<p><a href=\"https:\/\/www.avani.pt\/es\/p\/aceite-prana-aceite-fortificante-para-cabello-fino-y-medio-115ml\/\">Aceite capilar fortalecedor de ch\u00eda y amla para cabellos quebradizos 115 ml<\/a><\/p>\n<p>&nbsp;<\/p>\n<p><strong>Paso a paso:<\/strong><\/p>\n<p><a href=\"https:\/\/www.avani.pt\/es\/p\/champu-fortalecedor-capilar-indio-con-vitaminas-500-ml-sin-sal\/\"><u>Champ\u00fa indio con vitaminas para el cabello<\/u><\/a><\/p>\n<p>Champ\u00fa fortificante con propiedades hidratantes y antibacterianas, ideal para fortalecer y calmar el cuero cabelludo. Excelente para combatir la ca\u00edda del cabello y estimular su crecimiento. Recomendado para todo tipo de cabellos.  <\/p>\n<p><a href=\"https:\/\/www.avani.pt\/es\/p\/indian-hair-nutrition-mascarilla-telarana-500-ml-nutricion-ligera\/\"><u>M\u00e1scara de telara\u00f1a<\/u><\/a><\/p>\n<p>Mascarilla nutritiva ligera sin sal, colorantes ni parabenos. Con una textura \u00fanica de &#8220;tela de ara\u00f1a&#8221; dise\u00f1ada para penetrar eficazmente en el cabello. <\/p>\n<p><a href=\"https:\/\/www.avani.pt\/es\/p\/acondicionador-fortalecedor-indian-hair-vitaminado-250-ml-sin-sal\/\"><u>Acondicionador vitaminado Indian Hair<\/u><\/a><\/p>\n<p>Acondicionador fortificante, ideal para fortalecer e hidratar el cabello. Sin sal, colorantes ni parabenos. <\/p>\n<p><a href=\"https:\/\/www.avani.pt\/es\/p\/aceite-prana-aceite-fortificante-para-cabello-fino-y-medio-115ml\/\"><u>Aceite capilar fortalecedor de ch\u00eda y amla<\/u><\/a><\/p>\n<p>Aceite capilar multiusos con efecto antirrotura. Recomendado para cabellos muy da\u00f1ados o rotos. <\/p>\n<p>&nbsp;<\/p>\n<p><strong>C\u00f3mo utilizarlo:<\/strong><\/p>\n<p>1) Aplica el champ\u00fa sobre el cabello h\u00famedo, masajea suavemente con las yemas de los dedos, insistiendo en el cuero cabelludo y aclara abundantemente.<\/p>\n<p>2) Retira bien todo el exceso de agua despu\u00e9s del champ\u00fa. Aplica la mascarilla mech\u00f3n a mech\u00f3n y d\u00e9jala actuar durante al menos 4 minutos. Aclara bien despu\u00e9s del tiempo de permanencia.  <\/p>\n<p>3) Aplica el acondicionador sobre el cabello lavado, despu\u00e9s de la mascarilla, en medios y puntas. Deja actuar unos instantes y aclara abundantemente. <\/p>\n<p>4) El aceite capilar puede aplicarse sobre el cabello seco o h\u00famedo. Aplica medio guisante de producto en la palma de la mano, exti\u00e9ndelo como una crema de manos y apl\u00edcalo s\u00f3lo en las puntas del pelo.<\/p>\n<p>\n\n            <\/div>\n        \n        \n        \n\n        \n\n\n    <\/div>\n\n\n            <div class=\"accordion accordion-successive   js-accordion not-found mobile--only--md content-default-module text-align-center margin-top-between-modules back_color\">\n            <div class=\"accordion-container\">\n                <div class=\"accordion-question space-between\">\n                                            <h3 class=\"accordion-question-title uppercase back_color\">\n                            Detalles\n                        <\/h3>\n                                        <span class=\"accordion-arrow back_color\">&emsp;<\/span>\n                <\/div>\n                <div class=\"accordion-answer\">\n                    \n                                            <div class=\"content-default-module-content\">\n                            <\/p>\n<p><strong>Este tratamiento consiste en<\/strong><\/p>\n<p><a href=\"https:\/\/www.avani.pt\/es\/p\/champu-fortalecedor-capilar-indio-con-vitaminas-500-ml-sin-sal\/\">Champ\u00fa indio con vitaminas para el cabello 250 ml<\/a><\/p>\n<p><a href=\"https:\/\/www.avani.pt\/es\/p\/acondicionador-fortalecedor-indian-hair-vitaminado-250-ml-sin-sal\/\">Acondicionador vitam\u00ednico fortificante capilar indio 250 ml<\/a><\/p>\n<p><a href=\"https:\/\/www.avani.pt\/es\/p\/indian-hair-nutrition-mascarilla-telarana-500-ml-nutricion-ligera\/\">Mascarilla Super Nutritiva Telara\u00f1a 250 ml<\/a><\/p>\n<p><a href=\"https:\/\/www.avani.pt\/es\/p\/aceite-prana-aceite-fortificante-para-cabello-fino-y-medio-115ml\/\">Aceite capilar fortalecedor de ch\u00eda y amla para cabellos quebradizos 115 ml<\/a><\/p>\n<p>&nbsp;<\/p>\n<p><strong>Paso a paso:<\/strong><\/p>\n<p><a href=\"https:\/\/www.avani.pt\/es\/p\/champu-fortalecedor-capilar-indio-con-vitaminas-500-ml-sin-sal\/\"><u>Champ\u00fa indio con vitaminas para el cabello<\/u><\/a><\/p>\n<p>Champ\u00fa fortificante con propiedades hidratantes y antibacterianas, ideal para fortalecer y calmar el cuero cabelludo. Excelente para combatir la ca\u00edda del cabello y estimular su crecimiento. Recomendado para todo tipo de cabellos.  <\/p>\n<p><a href=\"https:\/\/www.avani.pt\/es\/p\/indian-hair-nutrition-mascarilla-telarana-500-ml-nutricion-ligera\/\"><u>M\u00e1scara de telara\u00f1a<\/u><\/a><\/p>\n<p>Mascarilla nutritiva ligera sin sal, colorantes ni parabenos. Con una textura \u00fanica de &#8220;tela de ara\u00f1a&#8221; dise\u00f1ada para penetrar eficazmente en el cabello. <\/p>\n<p><a href=\"https:\/\/www.avani.pt\/es\/p\/acondicionador-fortalecedor-indian-hair-vitaminado-250-ml-sin-sal\/\"><u>Acondicionador vitaminado Indian Hair<\/u><\/a><\/p>\n<p>Acondicionador fortificante, ideal para fortalecer e hidratar el cabello. Sin sal, colorantes ni parabenos. <\/p>\n<p><a href=\"https:\/\/www.avani.pt\/es\/p\/aceite-prana-aceite-fortificante-para-cabello-fino-y-medio-115ml\/\"><u>Aceite capilar fortalecedor de ch\u00eda y amla<\/u><\/a><\/p>\n<p>Aceite capilar multiusos con efecto antirrotura. Recomendado para cabellos muy da\u00f1ados o rotos. <\/p>\n<p>&nbsp;<\/p>\n<p><strong>C\u00f3mo utilizarlo:<\/strong><\/p>\n<p>1) Aplica el champ\u00fa sobre el cabello h\u00famedo, masajea suavemente con las yemas de los dedos, insistiendo en el cuero cabelludo y aclara abundantemente.<\/p>\n<p>2) Retira bien todo el exceso de agua despu\u00e9s del champ\u00fa. Aplica la mascarilla mech\u00f3n a mech\u00f3n y d\u00e9jala actuar durante al menos 4 minutos. Aclara bien despu\u00e9s del tiempo de permanencia.  <\/p>\n<p>3) Aplica el acondicionador sobre el cabello lavado, despu\u00e9s de la mascarilla, en medios y puntas. Deja actuar unos instantes y aclara abundantemente. <\/p>\n<p>4) El aceite capilar puede aplicarse sobre el cabello seco o h\u00famedo. Aplica medio guisante de producto en la palma de la mano, exti\u00e9ndelo como una crema de manos y apl\u00edcalo s\u00f3lo en las puntas del pelo.<\/p>\n<p>\n\n                        <\/div>\n                    \n                    \n                                    <\/div>\n            <\/div>\n        <\/div>\n    \n<\/div>\n<div class=\"tip-products margin-top-between-modules default\">\n    <div class=\"container\">\n                    <h2 class=\"title\">\n                COMPRAR INDIVIDUALMENTE\n            <\/h2>\n        \n        \n        <div class=\"products-container\">\n                    <\/div>\n\n    <\/div>\n<\/div>\n[\/vc_column][\/vc_row]<\/p>\n<\/div>","protected":false},"excerpt":{"rendered":"<p>Tratamiento exclusivo Avani Profesional, compuesto por cuatro productos, espec\u00edfico para cabellos medios-gruesos, naturales y secos.<\/p>\n","protected":false},"featured_media":74604,"comment_status":"open","ping_status":"closed","template":"","meta":{"_acf_changed":false},"product_brand":[],"product_cat":[465,471,472,436],"product_tag":[],"class_list":{"0":"post-78313","1":"product","2":"type-product","3":"status-publish","4":"has-post-thumbnail","6":"product_cat-atencion","7":"product_cat-avani-en-exclusiva","8":"product_cat-cabello-medio-grueso-avani-tratamientos-exclusivos","9":"product_cat-cabello-seco-nutricion","11":"first","12":"instock","13":"taxable","14":"shipping-taxable","15":"purchasable","16":"product-type-simple"},"acf":[],"wooqr_code":"","_links":{"self":[{"href":"https:\/\/www.avani.pt\/es\/wp-json\/wp\/v2\/product\/78313","targetHints":{"allow":["GET"]}}],"collection":[{"href":"https:\/\/www.avani.pt\/es\/wp-json\/wp\/v2\/product"}],"about":[{"href":"https:\/\/www.avani.pt\/es\/wp-json\/wp\/v2\/types\/product"}],"replies":[{"embeddable":true,"href":"https:\/\/www.avani.pt\/es\/wp-json\/wp\/v2\/comments?post=78313"}],"wp:featuredmedia":[{"embeddable":true,"href":"https:\/\/www.avani.pt\/es\/wp-json\/wp\/v2\/media\/74604"}],"wp:attachment":[{"href":"https:\/\/www.avani.pt\/es\/wp-json\/wp\/v2\/media?parent=78313"}],"wp:term":[{"taxonomy":"product_brand","embeddable":true,"href":"https:\/\/www.avani.pt\/es\/wp-json\/wp\/v2\/product_brand?post=78313"},{"taxonomy":"product_cat","embeddable":true,"href":"https:\/\/www.avani.pt\/es\/wp-json\/wp\/v2\/product_cat?post=78313"},{"taxonomy":"product_tag","embeddable":true,"href":"https:\/\/www.avani.pt\/es\/wp-json\/wp\/v2\/product_tag?post=78313"}],"curies":[{"name":"wp","href":"https:\/\/api.w.org\/{rel}","templated":true}]}}