{"id":78315,"date":"2018-08-06T22:43:22","date_gmt":"2018-08-06T21:43:22","guid":{"rendered":"https:\/\/www.avani.pt\/p\/cabello-fino-con-productos-quimicos-secretos-de-la-india-cuidado-capilar-de-lujo\/"},"modified":"2026-03-26T21:40:35","modified_gmt":"2026-03-26T21:40:35","slug":"cabello-fino-con-productos-quimicos-secretos-de-la-india-cuidado-capilar-de-lujo","status":"publish","type":"product","link":"https:\/\/www.avani.pt\/es\/p\/cabello-fino-con-productos-quimicos-secretos-de-la-india-cuidado-capilar-de-lujo\/","title":{"rendered":"Cabello fino con productos qu\u00edmicos | Secretos de la India | Cuidado capilar de lujo"},"content":{"rendered":"<div class=\"wpb-content-wrapper\"><p>[vc_row full_width=&#8221;stretch_row_content_no_spaces&#8221; el_class=&#8221;text-align-center&#8221;][vc_column]<div class=\"stars-of-product-module-wrapper margin-top-between-modules\">\n    <img decoding=\"async\" class=\"stars-of-product-module-left-image-design\" src=\"\/dist\/images\/stars_product_module_design.png\">\n    <img decoding=\"async\" class=\"stars-of-product-module-right-image-design\" src=\"\/dist\/images\/stars_product_module_design.png\">\n\n    <div class=\"container\">\n\n        <div class=\"stars-of-product-module text-align-center  desktop--only--md\">\n\n                            <div class=\"star-rating\">\n                                            <i class=\"fa fa-star\"><\/i>\n                                            <i class=\"fa fa-star\"><\/i>\n                                            <i class=\"fa fa-star\"><\/i>\n                                            <i class=\"fa fa-star\"><\/i>\n                                            <i class=\"fa fa-star\"><\/i>\n                                    <\/div>\n            \n                            <div class=\"stars-of-product-module-titles\">\n                                            <h2 class=\"stars-of-product-module-title black uppercase back_color\">Las estrellas del producto<\/h2>\n                                    <\/div>\n            \n                            <div class=\"stars-of-product-module-content\">\n                    <\/p>\n<div>Los cabellos finos son naturalmente m\u00e1s fr\u00e1giles y, por tanto, m\u00e1s propensos a la rotura. Debido a sus caracter\u00edsticas naturales, tienden a acumular un exceso de grasa en las ra\u00edces, que suele ser la causa principal de la ca\u00edda del cabello. Si se someten a tratamientos qu\u00edmicos (como alisado, desrizado, permanente o decoloraci\u00f3n) se vuelven a\u00fan m\u00e1s fr\u00e1giles y propensos a la rotura o ca\u00edda del cabello, porque este tipo de trabajo t\u00e9cnico puede afectar a las prote\u00ednas y l\u00edpidos presentes en el cabello, que contribuyen al equilibrio de la salud capilar. Por tanto, este tipo de alteraciones de la estructura interna y externa del tallo piloso pueden causar graves da\u00f1os al cabello.   <\/div>\n<div class=\"x_elementToProof\">Este tratamiento se ha investigado meticulosamente, y cada producto ayuda a reponer los elementos esenciales del cabello fino y tratado qu\u00edmicamente. Se utiliza regularmente en el Instituto Profesional Avani con excelentes resultados. <\/div>\n<div class=\"x_elementToProof\">El tratamiento incluye: <strong>Acondicionador Reconstructor Capilar Indio <\/strong>y <strong>Suero Reconstructor Capilar Indio<\/strong>, para ayudar a reconstruir la fibra capilar. El acondicionador sella la cut\u00edcula y el suero ayuda a tratar las puntas abiertas y el cabello quebradizo. Tambi\u00e9n incluye: <strong>Champ\u00fa <\/strong> <strong>Indian Hair Vitaminado<\/strong>, que ayuda a fortificar y reconstruir, <strong>Mascarilla<\/strong> <strong>Indian Hair Vitaminado<\/strong>, que hidratar\u00e1 y nutrir\u00e1 el cabello, y <strong>T\u00f3nico Capilar Indian Hair Vitaminado<\/strong>, indicado para el tratamiento intensivo del cuero cabelludo, que fortifica, ayuda a combatir la ca\u00edda del cabello y a controlar el exceso de grasa.  <\/div>\n<p>\n\n                <\/div>\n            \n        <\/div>\n\n\n                    <div class=\"accordion   accordion-successive-first js-accordion not-found mobile--only--md stars-of-product-module text-align-center margin-top-between-modules back_color\">\n                <div class=\"accordion-container\">\n                    <div class=\"accordion-question space-between\">\n                                                    <h3 class=\"accordion-question-title uppercase back_color\">\n                                As Estrelas do Produtos\n                            <\/h3>\n                                                <span class=\"accordion-arrow back_color\">&emsp;<\/span>\n                    <\/div>\n                    <div class=\"accordion-answer\">\n\n                                                    <div class=\"star-rating\">\n                                                                    <i class=\"fa fa-star\"><\/i>\n                                                                    <i class=\"fa fa-star\"><\/i>\n                                                                    <i class=\"fa fa-star\"><\/i>\n                                                                    <i class=\"fa fa-star\"><\/i>\n                                                                    <i class=\"fa fa-star\"><\/i>\n                                                            <\/div>\n                        \n                                                    <div class=\"stars-of-product-module-content\">\n                                <\/p>\n<div>Los cabellos finos son naturalmente m\u00e1s fr\u00e1giles y, por tanto, m\u00e1s propensos a la rotura. Debido a sus caracter\u00edsticas naturales, tienden a acumular un exceso de grasa en las ra\u00edces, que suele ser la causa principal de la ca\u00edda del cabello. Si se someten a tratamientos qu\u00edmicos (como alisado, desrizado, permanente o decoloraci\u00f3n) se vuelven a\u00fan m\u00e1s fr\u00e1giles y propensos a la rotura o ca\u00edda del cabello, porque este tipo de trabajo t\u00e9cnico puede afectar a las prote\u00ednas y l\u00edpidos presentes en el cabello, que contribuyen al equilibrio de la salud capilar. Por tanto, este tipo de alteraciones de la estructura interna y externa del tallo piloso pueden causar graves da\u00f1os al cabello.   <\/div>\n<div class=\"x_elementToProof\">Este tratamiento se ha investigado meticulosamente, y cada producto ayuda a reponer los elementos esenciales del cabello fino y tratado qu\u00edmicamente. Se utiliza regularmente en el Instituto Profesional Avani con excelentes resultados. <\/div>\n<div class=\"x_elementToProof\">El tratamiento incluye: <strong>Acondicionador Reconstructor Capilar Indio <\/strong>y <strong>Suero Reconstructor Capilar Indio<\/strong>, para ayudar a reconstruir la fibra capilar. El acondicionador sella la cut\u00edcula y el suero ayuda a tratar las puntas abiertas y el cabello quebradizo. Tambi\u00e9n incluye: <strong>Champ\u00fa <\/strong> <strong>Indian Hair Vitaminado<\/strong>, que ayuda a fortificar y reconstruir, <strong>Mascarilla<\/strong> <strong>Indian Hair Vitaminado<\/strong>, que hidratar\u00e1 y nutrir\u00e1 el cabello, y <strong>T\u00f3nico Capilar Indian Hair Vitaminado<\/strong>, indicado para el tratamiento intensivo del cuero cabelludo, que fortifica, ayuda a combatir la ca\u00edda del cabello y a controlar el exceso de grasa.  <\/div>\n<p>\n\n                            <\/div>\n                                            <\/div>\n                <\/div>\n            <\/div>\n        \n    <\/div>\n<\/div>\n[\/vc_column][\/vc_row][vc_row full_width=&#8221;stretch_row_content_no_spaces&#8221; el_class=&#8221;text-align-center&#8221;][vc_column]<div class=\"container\">\n\t<div class=\"usability-tips-and-secrets-module desktop--only--md\">\n\n\t\t<div class=\"usability-tips-and-secrets-module-content-wrapper full-width-container\">\n\n\t\t\t\n\t\t\t\t\t\t\t<div class=\"usability-tips-and-secrets-module-content usability-tips-and-secrets-module-content--bordered margin-top-between-modules\">\n\t\t\t\t\t\t\t\t\t\t\t<h2 class=\"uppercase black\">Como usar<\/h2>\n\t\t\t\t\t\n\t\t\t\t\t\t\t\t\t\t\t<p>1) Massajar continuamente o Shampoo no couro cabeludo com a ponta dos dedos at\u00e9 o sentir limpo; 2) Enxaguar bem; 3) Repita o procedimento; 4) Ap\u00f3s tirar o excesso de \u00e1gua, aplicar a m\u00e1scara madeixa a madeixa; 5) Deixar actuar pelo menos durante 4 minutos; 6) Aplicar o Condicionador nas pontas para uma selagem perfeita; 7) Deixar actuar um minuto; 8) Enxaguar bem; 9) Aplicar duas borrifadelas do T\u00f3nico e massajar bem com as pontas dos dedos por todo o couro cabeludo. Nota: Para tratamento intensivo antiqueda, usar diariamente em cabelos secos. Para tratamento de preven\u00e7\u00e3o, usar apenas ap\u00f3s a lavagem. 10) Aplicar meia ervilha do S\u00e9rum Indian Hair Rebuild na palma das m\u00e3os, espalhar bem e aplicar nas pontas. Aplicar diariamente de manh\u00e3 e \u00e0 noite.<\/p>\n\n\t\t\t\t\t\t\t\t\t<\/div>\n\t\t\t\n\t\t\t\t\t<\/div>\n\t<\/div>\n\n\t\t\t<div class=\"mobile--only--md usability-tips-and-secrets-module text-align-center margin-top-between-modules usability-tips-and-secrets-module-video\">\n\t\t\t\t\t<\/div>\n\t\n\t\t\t<div class=\"accordion accordion-successive  js-accordion not-found mobile--only--md usability-tips-and-secrets-module text-align-center margin-top-between-modules back_color\">\n\t\t\t<div class=\"accordion-container\">\n\t\t\t\t<div class=\"accordion-question space-between\">\n\t\t\t\t\t\t\t\t\t\t\t<h3 class=\"accordion-question-title uppercase back_color\">\n\t\t\t\t\t\t\tComo usar\n\t\t\t\t\t\t<\/h3>\n\t\t\t\t\t\n\t\t\t\t\t<span class=\"accordion-arrow back_color\">&emsp;<\/span>\n\t\t\t\t<\/div>\n\t\t\t\t<div class=\"accordion-answer\">\n\t\t\t\t\t\t\t\t\t\t\t<div class=\"usability-tips-and-secrets-module-content\">\n\t\t\t\t\t\t\t<p>1) Massajar continuamente o Shampoo no couro cabeludo com a ponta dos dedos at\u00e9 o sentir limpo; 2) Enxaguar bem; 3) Repita o procedimento; 4) Ap\u00f3s tirar o excesso de \u00e1gua, aplicar a m\u00e1scara madeixa a madeixa; 5) Deixar actuar pelo menos durante 4 minutos; 6) Aplicar o Condicionador nas pontas para uma selagem perfeita; 7) Deixar actuar um minuto; 8) Enxaguar bem; 9) Aplicar duas borrifadelas do T\u00f3nico e massajar bem com as pontas dos dedos por todo o couro cabeludo. Nota: Para tratamento intensivo antiqueda, usar diariamente em cabelos secos. Para tratamento de preven\u00e7\u00e3o, usar apenas ap\u00f3s a lavagem. 10) Aplicar meia ervilha do S\u00e9rum Indian Hair Rebuild na palma das m\u00e3os, espalhar bem e aplicar nas pontas. Aplicar diariamente de manh\u00e3 e \u00e0 noite.<\/p>\n\n\t\t\t\t\t\t<\/div>\n\t\t\t\t\t\t\t\t\t<\/div>\n\t\t\t<\/div>\n\t\t<\/div>\n\t\n\t<\/div>\n[\/vc_column][\/vc_row][vc_row full_width=&#8221;stretch_row_content_no_spaces&#8221; el_class=&#8221;text-align-center&#8221;][vc_column]<div class=\"container \">\n\n    <div class=\"content-default-module text-align-center margin-top-between-modules\n        \n        \n        \n        \n        \n        \n        desktop--only--md\"\n        style=\"margin-bottom: 0px;\"\n    >\n\n                <div class=\"content-default-module-titles\">\n                            <h2 class=\"content-default-module-title uppercase black\">Dicas &amp; Segredos<\/h2>\n            \n                    <\/div>\n        \n                    <div class=\"content-default-module-content\">\n                <p>Se usar ferramentas t\u00e9rmicas \u00e9 essencial a aplica\u00e7\u00e3o do leite <a href=\"https:\/\/www.avani.pt\/p\/spray-ganesh-protetor-termico-e-uv-250-ml\/\">Ganesh Thermic<\/a> ap\u00f3s a lavagem; deve colocar uma quantidade equivalente a uma ervilha do leite Ganesh Thermic na palma das m\u00e3os, espalhar bem como se fosse um creme de m\u00e3os e distribuir nos cabelos insistindo nos meios e pontas. Se o cabelo estiver muito danificado pode alternar nas lavagens a <a href=\"https:\/\/www.avani.pt\/p\/mascara-spider-web-super-mask-nutritiva\/\">m\u00e1scara Indian Hair Nutrition Spiderweb<\/a> para nutrir e a <a href=\"https:\/\/www.avani.pt\/p\/mascara-reconstrutura-cabelos-danificados-rebuilt-500ml\/\">M\u00e1scara Indian Hair Rebuild<\/a> para regenerar a fibra.<\/p>\n\n            <\/div>\n        \n        \n        \n\n        \n\n\n    <\/div>\n\n\n            <div class=\"accordion accordion-successive   js-accordion not-found mobile--only--md content-default-module text-align-center margin-top-between-modules back_color\">\n            <div class=\"accordion-container\">\n                <div class=\"accordion-question space-between\">\n                                                                        <h3 class=\"accordion-question-title uppercase back_color\">\n                                Dicas &amp; Segredos\n                            <\/h3>\n                                                                <span class=\"accordion-arrow back_color\">&emsp;<\/span>\n                <\/div>\n                <div class=\"accordion-answer\">\n                    \n                                            <div class=\"content-default-module-content\">\n                            <p>Se usar ferramentas t\u00e9rmicas \u00e9 essencial a aplica\u00e7\u00e3o do leite <a href=\"https:\/\/www.avani.pt\/p\/spray-ganesh-protetor-termico-e-uv-250-ml\/\">Ganesh Thermic<\/a> ap\u00f3s a lavagem; deve colocar uma quantidade equivalente a uma ervilha do leite Ganesh Thermic na palma das m\u00e3os, espalhar bem como se fosse um creme de m\u00e3os e distribuir nos cabelos insistindo nos meios e pontas. Se o cabelo estiver muito danificado pode alternar nas lavagens a <a href=\"https:\/\/www.avani.pt\/p\/mascara-spider-web-super-mask-nutritiva\/\">m\u00e1scara Indian Hair Nutrition Spiderweb<\/a> para nutrir e a <a href=\"https:\/\/www.avani.pt\/p\/mascara-reconstrutura-cabelos-danificados-rebuilt-500ml\/\">M\u00e1scara Indian Hair Rebuild<\/a> para regenerar a fibra.<\/p>\n\n                        <\/div>\n                    \n                    \n                                    <\/div>\n            <\/div>\n        <\/div>\n    \n<\/div>\n<div class=\"container \">\n\n    <div class=\"content-default-module text-align-center margin-top-between-modules\n        \n        \n        \n        \n        \n        \n        desktop--only--md\"\n        style=\"margin-bottom: 0px;\"\n    >\n\n                <div class=\"content-default-module-titles\">\n                            <h2 class=\"content-default-module-title uppercase black\">Detalhes<\/h2>\n            \n                    <\/div>\n        \n                    <div class=\"content-default-module-content\">\n                <p><strong>Este tratamento \u00e9 composto por:<\/strong><\/p>\n<p><a href=\"https:\/\/www.avani.pt\/p\/shampoo-vitaminado-fortificante-indian-hair-250ml\/\">Shampoo Indian Hair Vitaminado 250ml<\/a><\/p>\n<p><a href=\"https:\/\/www.avani.pt\/p\/condicionador-rebuild-cabelos-danificados-250ml\/\">Condicionador Indian Hair Rebuild para Cabelos Danificados 250ml<\/a><\/p>\n<p><a href=\"https:\/\/www.avani.pt\/p\/mascara-vitaminada-fortificante-indian-hair-500-ml-amla\/\">M\u00e1scara Indian Hair Vitaminada 500ml<\/a><\/p>\n<p><a href=\"https:\/\/www.avani.pt\/p\/tonico-capilar-vitaminado-fortificante-indian-hair-100ml\/\">T\u00f3nico Capilar Indian Hair Vitaminado 100ml<\/a><\/p>\n<p><a href=\"https:\/\/www.avani.pt\/p\/creme-selador-pontas-rebuilt-pontas-espigadas-e-abertas\/\">S\u00e9rum Selador de Pontas Indian Hair Rebuild 100ml<\/a><\/p>\n\n            <\/div>\n        \n        \n        \n\n        \n\n\n    <\/div>\n\n\n            <div class=\"accordion accordion-successive   js-accordion not-found mobile--only--md content-default-module text-align-center margin-top-between-modules back_color\">\n            <div class=\"accordion-container\">\n                <div class=\"accordion-question space-between\">\n                                            <h3 class=\"accordion-question-title uppercase back_color\">\n                            Detalhes\n                        <\/h3>\n                                        <span class=\"accordion-arrow back_color\">&emsp;<\/span>\n                <\/div>\n                <div class=\"accordion-answer\">\n                    \n                                            <div class=\"content-default-module-content\">\n                            <p><strong>Este tratamento \u00e9 composto por:<\/strong><\/p>\n<p><a href=\"https:\/\/www.avani.pt\/p\/shampoo-vitaminado-fortificante-indian-hair-250ml\/\">Shampoo Indian Hair Vitaminado 250ml<\/a><\/p>\n<p><a href=\"https:\/\/www.avani.pt\/p\/condicionador-rebuild-cabelos-danificados-250ml\/\">Condicionador Indian Hair Rebuild para Cabelos Danificados 250ml<\/a><\/p>\n<p><a href=\"https:\/\/www.avani.pt\/p\/mascara-vitaminada-fortificante-indian-hair-500-ml-amla\/\">M\u00e1scara Indian Hair Vitaminada 500ml<\/a><\/p>\n<p><a href=\"https:\/\/www.avani.pt\/p\/tonico-capilar-vitaminado-fortificante-indian-hair-100ml\/\">T\u00f3nico Capilar Indian Hair Vitaminado 100ml<\/a><\/p>\n<p><a href=\"https:\/\/www.avani.pt\/p\/creme-selador-pontas-rebuilt-pontas-espigadas-e-abertas\/\">S\u00e9rum Selador de Pontas Indian Hair Rebuild 100ml<\/a><\/p>\n\n                        <\/div>\n                    \n                    \n                                    <\/div>\n            <\/div>\n        <\/div>\n    \n<\/div>\n<div class=\"tip-products margin-top-between-modules default\">\n    <div class=\"container\">\n                    <h2 class=\"title\">\n                Comprar individualmente\n            <\/h2>\n        \n        \n        <div class=\"products-container\">\n                    <\/div>\n\n    <\/div>\n<\/div>\n[\/vc_column][\/vc_row]<\/p>\n<\/div>","protected":false},"excerpt":{"rendered":"<p>Compuesto por cinco productos. Combina la gama Cabello Indio Vitaminado con Cabello Indio Reconstruido, una armon\u00eda entre los ingredientes utilizados en la antigua cultura india y la innovadora tecnolog\u00eda MoringaBond, que se elabora hidrolizando los distintos componentes de la planta de moringa; la planta, las semillas y el aceite, lo que le confiere unas caracter\u00edsticas a\u00fan m\u00e1s potentes que <span class=\"il\">la moringa<\/span> en su estado natural. <\/p>\n","protected":false},"featured_media":76746,"comment_status":"open","ping_status":"closed","template":"","meta":{"_acf_changed":false},"product_brand":[],"product_cat":[471,475],"product_tag":[],"class_list":{"0":"post-78315","1":"product","2":"type-product","3":"status-publish","4":"has-post-thumbnail","6":"product_cat-avani-en-exclusiva","7":"product_cat-cabello-fino-tratamientos-exclusivos-avani","9":"first","10":"instock","11":"taxable","12":"shipping-taxable","13":"purchasable","14":"product-type-simple"},"acf":[],"wooqr_code":"","_links":{"self":[{"href":"https:\/\/www.avani.pt\/es\/wp-json\/wp\/v2\/product\/78315","targetHints":{"allow":["GET"]}}],"collection":[{"href":"https:\/\/www.avani.pt\/es\/wp-json\/wp\/v2\/product"}],"about":[{"href":"https:\/\/www.avani.pt\/es\/wp-json\/wp\/v2\/types\/product"}],"replies":[{"embeddable":true,"href":"https:\/\/www.avani.pt\/es\/wp-json\/wp\/v2\/comments?post=78315"}],"wp:featuredmedia":[{"embeddable":true,"href":"https:\/\/www.avani.pt\/es\/wp-json\/wp\/v2\/media\/76746"}],"wp:attachment":[{"href":"https:\/\/www.avani.pt\/es\/wp-json\/wp\/v2\/media?parent=78315"}],"wp:term":[{"taxonomy":"product_brand","embeddable":true,"href":"https:\/\/www.avani.pt\/es\/wp-json\/wp\/v2\/product_brand?post=78315"},{"taxonomy":"product_cat","embeddable":true,"href":"https:\/\/www.avani.pt\/es\/wp-json\/wp\/v2\/product_cat?post=78315"},{"taxonomy":"product_tag","embeddable":true,"href":"https:\/\/www.avani.pt\/es\/wp-json\/wp\/v2\/product_tag?post=78315"}],"curies":[{"name":"wp","href":"https:\/\/api.w.org\/{rel}","templated":true}]}}