{"id":78332,"date":"2018-03-28T11:43:17","date_gmt":"2018-03-28T10:43:17","guid":{"rendered":"https:\/\/www.avani.pt\/p\/champu-para-canalones-backline-5l-i-hidratacion-y-resistencia-i-estandar-pro\/"},"modified":"2025-10-21T12:04:26","modified_gmt":"2025-10-21T11:04:26","slug":"champu-para-canalones-backline-5l-i-hidratacion-y-resistencia-i-estandar-pro","status":"publish","type":"product","link":"https:\/\/www.avani.pt\/es\/p\/champu-para-canalones-backline-5l-i-hidratacion-y-resistencia-i-estandar-pro\/","title":{"rendered":"Champ\u00fa para canalones Backline 5L I Hidrataci\u00f3n y resistencia I Est\u00e1ndar Pro"},"content":{"rendered":"<div class=\"wpb-content-wrapper\"><p>[vc_row full_width=&#8221;stretch_row_content_no_spaces&#8221; el_class=&#8221;text-align-center&#8221;][vc_column]<div class=\"stars-of-product-module-wrapper margin-top-between-modules\">\n    <img decoding=\"async\" class=\"stars-of-product-module-left-image-design\" src=\"\/dist\/images\/stars_product_module_design.png\">\n    <img decoding=\"async\" class=\"stars-of-product-module-right-image-design\" src=\"\/dist\/images\/stars_product_module_design.png\">\n\n    <div class=\"container\">\n\n        <div class=\"stars-of-product-module text-align-center  desktop--only--md\">\n\n            \n                            <div class=\"stars-of-product-module-titles\">\n                                            <h2 class=\"stars-of-product-module-title black uppercase back_color\">Las estrellas del producto<\/h2>\n                                    <\/div>\n            \n                            <div class=\"stars-of-product-module-content\">\n                    <p>Es un producto muy apreciado por los profesionales por su excepcional relaci\u00f3n calidad-precio.<\/p>\n<p>Su f\u00f3rmula hidratante, rica en Pantenol y aloe vera, deja el pelo suave, brillante y extremadamente liso.<\/p>\n<p>\u00a1Su aroma es muy delicado y agradable, f\u00e1cilmente apreciado por todos!<\/p>\n\n                <\/div>\n            \n        <\/div>\n\n\n                    <div class=\"accordion   accordion-successive-first js-accordion not-found mobile--only--md stars-of-product-module text-align-center margin-top-between-modules back_color\">\n                <div class=\"accordion-container\">\n                    <div class=\"accordion-question space-between\">\n                                                    <h3 class=\"accordion-question-title uppercase back_color\">\n                                Estrellas del producto\n                            <\/h3>\n                                                <span class=\"accordion-arrow back_color\">&emsp;<\/span>\n                    <\/div>\n                    <div class=\"accordion-answer\">\n\n                        \n                                                    <div class=\"stars-of-product-module-content\">\n                                <p>Es un producto muy apreciado por los profesionales por su excepcional relaci\u00f3n calidad-precio.<\/p>\n<p>Su f\u00f3rmula hidratante, rica en Pantenol y aloe vera, deja el pelo suave, brillante y extremadamente liso.<\/p>\n<p>\u00a1Su aroma es muy delicado y agradable, f\u00e1cilmente apreciado por todos!<\/p>\n\n                            <\/div>\n                                            <\/div>\n                <\/div>\n            <\/div>\n        \n    <\/div>\n<\/div>\n[\/vc_column][\/vc_row][vc_row full_width=&#8221;stretch_row_content_no_spaces&#8221; el_class=&#8221;text-align-center&#8221;][vc_column]<div class=\"container\">\n\t<div class=\"usability-tips-and-secrets-module desktop--only--md\">\n\n\t\t<div class=\"usability-tips-and-secrets-module-content-wrapper full-width-container\">\n\n\t\t\t\n\t\t\t\t\t\t\t<div class=\"usability-tips-and-secrets-module-content usability-tips-and-secrets-module-content--bordered margin-top-between-modules\">\n\t\t\t\t\t\t\t\t\t\t\t<h2 class=\"uppercase black\">C&oacute;mo utilizar<\/h2>\n\t\t\t\t\t\n\t\t\t\t\t\t\t\t\t\t\t<p>Aplica el champ\u00fa sobre el cabello mojado y masajea suavemente con las yemas de los dedos, concentr\u00e1ndote en el cuero cabelludo. Aclara abundantemente.<br \/>\nConsejos y secretos<br \/>\nCombina su uso con una de nuestras mascarillas Avani para complementar la hidrataci\u00f3n de tu cabello. <\/p>\n\n\t\t\t\t\t\t\t\t\t<\/div>\n\t\t\t\n\t\t\t\t\t<\/div>\n\t<\/div>\n\n\t\t\t<div class=\"mobile--only--md usability-tips-and-secrets-module text-align-center margin-top-between-modules usability-tips-and-secrets-module-video\">\n\t\t\t\t\t<\/div>\n\t\n\t\t\t<div class=\"accordion accordion-successive  js-accordion not-found mobile--only--md usability-tips-and-secrets-module text-align-center margin-top-between-modules back_color\">\n\t\t\t<div class=\"accordion-container\">\n\t\t\t\t<div class=\"accordion-question space-between\">\n\t\t\t\t\t\t\t\t\t\t\t<h3 class=\"accordion-question-title uppercase back_color\">\n\t\t\t\t\t\t\tC&oacute;mo utilizar\n\t\t\t\t\t\t<\/h3>\n\t\t\t\t\t\n\t\t\t\t\t<span class=\"accordion-arrow back_color\">&emsp;<\/span>\n\t\t\t\t<\/div>\n\t\t\t\t<div class=\"accordion-answer\">\n\t\t\t\t\t\t\t\t\t\t\t<div class=\"usability-tips-and-secrets-module-content\">\n\t\t\t\t\t\t\t<p>Aplica el champ\u00fa sobre el cabello mojado y masajea suavemente con las yemas de los dedos, concentr\u00e1ndote en el cuero cabelludo. Aclara abundantemente.<br \/>\nConsejos y secretos<br \/>\nCombina su uso con una de nuestras mascarillas Avani para complementar la hidrataci\u00f3n de tu cabello. <\/p>\n\n\t\t\t\t\t\t<\/div>\n\t\t\t\t\t\t\t\t\t<\/div>\n\t\t\t<\/div>\n\t\t<\/div>\n\t\n\t<\/div>\n[\/vc_column][\/vc_row][vc_row full_width=&#8221;stretch_row_content_no_spaces&#8221; el_class=&#8221;text-align-center&#8221;][vc_column]<div class=\"container \">\n\n    <div class=\"content-default-module text-align-center margin-top-between-modules\n        \n        \n        \n        \n        \n        \n        desktop--only--md\"\n        style=\"margin-bottom: 0px;\"\n    >\n\n                <div class=\"content-default-module-titles\">\n                            <h2 class=\"content-default-module-title uppercase black\">Detalles<\/h2>\n            \n                    <\/div>\n        \n                    <div class=\"content-default-module-content\">\n                <p>El champ\u00fa de algas Gutter consigue hidratar el cabello en profundidad gracias a su composici\u00f3n rica en:<\/p>\n<p>Aloe Vera: act\u00faa como agente limpiador eliminando todas las impurezas y residuos del cuero cabelludo. Hidrata en profundidad y ayuda a tratar la caspa controlando la grasa del cuero cabelludo.<br \/>\nAceite de arg\u00e1n: el &#8220;oro marroqu\u00ed&#8221; compuesto por un conjunto de antioxidantes y vitaminas que hidrata en profundidad cada hebra de cabello, a la vez que repara y da nueva vida al cabello da\u00f1ado.<\/p>\n<p>D-Pantenol (provitamina B5): retiene la humedad y absorbe el agua del interior de la cut\u00edcula capilar.<br \/>\nExtracto de algas: rico en antioxidantes, polisac\u00e1ridos, amino\u00e1cidos, prote\u00ednas y p\u00e9ptidos, l\u00edpidos, minerales y vitaminas, es excelente para hidratar y nutrir el cabello.<\/p>\n\n            <\/div>\n        \n        \n        \n\n        \n\n\n    <\/div>\n\n\n            <div class=\"accordion accordion-successive   js-accordion not-found mobile--only--md content-default-module text-align-center margin-top-between-modules back_color\">\n            <div class=\"accordion-container\">\n                <div class=\"accordion-question space-between\">\n                                            <h3 class=\"accordion-question-title uppercase back_color\">\n                            Detalles\n                        <\/h3>\n                                        <span class=\"accordion-arrow back_color\">&emsp;<\/span>\n                <\/div>\n                <div class=\"accordion-answer\">\n                    \n                                            <div class=\"content-default-module-content\">\n                            <p>El champ\u00fa de algas Gutter consigue hidratar el cabello en profundidad gracias a su composici\u00f3n rica en:<\/p>\n<p>Aloe Vera: act\u00faa como agente limpiador eliminando todas las impurezas y residuos del cuero cabelludo. Hidrata en profundidad y ayuda a tratar la caspa controlando la grasa del cuero cabelludo.<br \/>\nAceite de arg\u00e1n: el &#8220;oro marroqu\u00ed&#8221; compuesto por un conjunto de antioxidantes y vitaminas que hidrata en profundidad cada hebra de cabello, a la vez que repara y da nueva vida al cabello da\u00f1ado.<\/p>\n<p>D-Pantenol (provitamina B5): retiene la humedad y absorbe el agua del interior de la cut\u00edcula capilar.<br \/>\nExtracto de algas: rico en antioxidantes, polisac\u00e1ridos, amino\u00e1cidos, prote\u00ednas y p\u00e9ptidos, l\u00edpidos, minerales y vitaminas, es excelente para hidratar y nutrir el cabello.<\/p>\n\n                        <\/div>\n                    \n                    \n                                    <\/div>\n            <\/div>\n        <\/div>\n    \n<\/div>\n[\/vc_column][\/vc_row]<\/p>\n<\/div>","protected":false},"excerpt":{"rendered":"<p>Champ\u00fa hidratante formulado con tensioactivos suaves. Recomendado para todo tipo de cabellos, incluidos los m\u00e1s sensibles. <\/p>\n","protected":false},"featured_media":75816,"comment_status":"open","ping_status":"closed","template":"","meta":{"_acf_changed":false},"product_brand":[],"product_cat":[433,502,483,501],"product_tag":[],"class_list":{"0":"post-78332","1":"product","2":"type-product","3":"status-publish","4":"has-post-thumbnail","6":"product_cat-champus","7":"product_cat-linea-spa-capilar","8":"product_cat-productos-cabello","9":"product_cat-profesional","11":"first","12":"outofstock","13":"taxable","14":"shipping-taxable","15":"purchasable","16":"product-type-simple"},"acf":[],"wooqr_code":"","_links":{"self":[{"href":"https:\/\/www.avani.pt\/es\/wp-json\/wp\/v2\/product\/78332","targetHints":{"allow":["GET"]}}],"collection":[{"href":"https:\/\/www.avani.pt\/es\/wp-json\/wp\/v2\/product"}],"about":[{"href":"https:\/\/www.avani.pt\/es\/wp-json\/wp\/v2\/types\/product"}],"replies":[{"embeddable":true,"href":"https:\/\/www.avani.pt\/es\/wp-json\/wp\/v2\/comments?post=78332"}],"wp:featuredmedia":[{"embeddable":true,"href":"https:\/\/www.avani.pt\/es\/wp-json\/wp\/v2\/media\/75816"}],"wp:attachment":[{"href":"https:\/\/www.avani.pt\/es\/wp-json\/wp\/v2\/media?parent=78332"}],"wp:term":[{"taxonomy":"product_brand","embeddable":true,"href":"https:\/\/www.avani.pt\/es\/wp-json\/wp\/v2\/product_brand?post=78332"},{"taxonomy":"product_cat","embeddable":true,"href":"https:\/\/www.avani.pt\/es\/wp-json\/wp\/v2\/product_cat?post=78332"},{"taxonomy":"product_tag","embeddable":true,"href":"https:\/\/www.avani.pt\/es\/wp-json\/wp\/v2\/product_tag?post=78332"}],"curies":[{"name":"wp","href":"https:\/\/api.w.org\/{rel}","templated":true}]}}