{"id":78339,"date":"2018-03-28T10:46:48","date_gmt":"2018-03-28T09:46:48","guid":{"rendered":"https:\/\/www.avani.pt\/p\/gel-exfoliante-corporal-500-ml-aloe-vera-coco-y-acido-glicolico\/"},"modified":"2025-10-21T12:05:05","modified_gmt":"2025-10-21T11:05:05","slug":"gel-exfoliante-corporal-500-ml-aloe-vera-coco-y-acido-glicolico","status":"publish","type":"product","link":"https:\/\/www.avani.pt\/es\/p\/gel-exfoliante-corporal-500-ml-aloe-vera-coco-y-acido-glicolico\/","title":{"rendered":"Gel Exfoliante Corporal 500 ml | Aloe Vera, Coco y \u00c1cido Glic\u00f3lico"},"content":{"rendered":"<div class=\"wpb-content-wrapper\"><p>[vc_row full_width=&#8221;stretch_row_content_no_spaces&#8221; el_class=&#8221;text-align-center&#8221;][vc_column]<div class=\"stars-of-product-module-wrapper margin-top-between-modules\">\n    <img decoding=\"async\" class=\"stars-of-product-module-left-image-design\" src=\"\/dist\/images\/stars_product_module_design.png\">\n    <img decoding=\"async\" class=\"stars-of-product-module-right-image-design\" src=\"\/dist\/images\/stars_product_module_design.png\">\n\n    <div class=\"container\">\n\n        <div class=\"stars-of-product-module text-align-center  desktop--only--md\">\n\n            \n                            <div class=\"stars-of-product-module-titles\">\n                                            <h2 class=\"stars-of-product-module-title black uppercase back_color\">Las estrellas del producto<\/h2>\n                                    <\/div>\n            \n                            <div class=\"stars-of-product-module-content\">\n                    <\/p>\n<div class=\"x_x_elementToProof\" style=\"text-align: center;\">El \u00e1cido glic\u00f3lico de este producto corrige los problemas de la piel favoreciendo la renovaci\u00f3n celular en sus capas superiores mediante la exfoliaci\u00f3n. Es un derivado de la ca\u00f1a de az\u00facar y otros vegetales dulces, cuyas propiedades tienen un efecto exfoliante, hidratante y rejuvenecedor. Adem\u00e1s de este ingrediente, tambi\u00e9n incluye Aloe vera altamente hidratante y Extracto de Coco con part\u00edculas exfoliantes nutritivas. La acertada combinaci\u00f3n de estos ingredientes hace de este exfoliante un producto utilizado y recomendado por los profesionales de la belleza para manicuras, pedicuras y tratamientos corporales. Tiene un aroma incre\u00edble y adictivo, \u00a1muy apreciado por los clientes!    <\/div>\n<p>\n\n                <\/div>\n            \n        <\/div>\n\n\n                    <div class=\"accordion   accordion-successive-first js-accordion not-found mobile--only--md stars-of-product-module text-align-center margin-top-between-modules back_color\">\n                <div class=\"accordion-container\">\n                    <div class=\"accordion-question space-between\">\n                                                    <h3 class=\"accordion-question-title uppercase back_color\">\n                                Las estrellas del producto\n                            <\/h3>\n                                                <span class=\"accordion-arrow back_color\">&emsp;<\/span>\n                    <\/div>\n                    <div class=\"accordion-answer\">\n\n                        \n                                                    <div class=\"stars-of-product-module-content\">\n                                <\/p>\n<div class=\"x_x_elementToProof\" style=\"text-align: center;\">El \u00e1cido glic\u00f3lico de este producto corrige los problemas de la piel favoreciendo la renovaci\u00f3n celular en sus capas superiores mediante la exfoliaci\u00f3n. Es un derivado de la ca\u00f1a de az\u00facar y otros vegetales dulces, cuyas propiedades tienen un efecto exfoliante, hidratante y rejuvenecedor. Adem\u00e1s de este ingrediente, tambi\u00e9n incluye Aloe vera altamente hidratante y Extracto de Coco con part\u00edculas exfoliantes nutritivas. La acertada combinaci\u00f3n de estos ingredientes hace de este exfoliante un producto utilizado y recomendado por los profesionales de la belleza para manicuras, pedicuras y tratamientos corporales. Tiene un aroma incre\u00edble y adictivo, \u00a1muy apreciado por los clientes!    <\/div>\n<p>\n\n                            <\/div>\n                                            <\/div>\n                <\/div>\n            <\/div>\n        \n    <\/div>\n<\/div>\n<div class=\"wp-block-embed wp-embed-width-desktop-70 wp-embed-width-mobile-90\">\n\t\t<figure class=\"wp-block-embed-video is-type-video is-provider-youtube wp-block-embed-youtube wp-embed-aspect-16-9 wp-has-aspect-ratio\">\n\t\t\t<div class=\"wp-block-embed__wrapper js-video-play\">\n\t\t\t\t<img decoding=\"async\" class=\"wp-block-embed__cover\" src=\"https:\/\/img.youtube.com\/vi\/4kBJ_2vfhjk\/maxresdefault.jpg\" \/>\n\t\t\t\t<i class=\"fa fa-play-circle\" aria-hidden=\"true\"><\/i>\n\t\t\t\t<iframe src=\"https:\/\/www.youtube.com\/embed\/4kBJ_2vfhjk?start=0&amp;showinfo=0&amp;controls=1&amp;rel=0\" frameborder=\"0\" allow=\"accelerometer; autoplay; clipboard-write; encrypted-media; gyroscope; picture-in-picture\" allowfullscreen=\"\"><\/iframe>\n\t\t\t<\/div>\n\t\t<\/figure>\n\t<\/div>\n\t<div class=\"av-social-share\"><p>Comparte<\/p> <div class=\"addtoany_shortcode\"><div class=\"a2a_kit a2a_kit_size_48 addtoany_list\" data-a2a-url=\"https:\/\/www.avani.pt\/es\/p\/gel-exfoliante-corporal-500-ml-aloe-vera-coco-y-acido-glicolico\/\" data-a2a-title=\"Gel Exfoliante Corporal 500 ml | Aloe Vera, Coco y \u00c1cido Glic\u00f3lico\"><a class=\"a2a_button_email\" href=\"https:\/\/www.addtoany.com\/add_to\/email?linkurl=https%3A%2F%2Fwww.avani.pt%2Fes%2Fp%2Fgel-exfoliante-corporal-500-ml-aloe-vera-coco-y-acido-glicolico%2F&amp;linkname=Gel%20Exfoliante%20Corporal%20500%20ml%20%7C%20Aloe%20Vera%2C%20Coco%20y%20%C3%81cido%20Glic%C3%B3lico\" title=\"Email\" rel=\"nofollow noopener\" target=\"_blank\"><img loading=\"lazy\" decoding=\"async\" src=\"\/wp-content\/themes\/slendertail-theme\/addtoany\/email.svg\" width=\"48\" height=\"48\" alt=\"Email\"><\/a><a class=\"a2a_button_facebook\" href=\"https:\/\/www.addtoany.com\/add_to\/facebook?linkurl=https%3A%2F%2Fwww.avani.pt%2Fes%2Fp%2Fgel-exfoliante-corporal-500-ml-aloe-vera-coco-y-acido-glicolico%2F&amp;linkname=Gel%20Exfoliante%20Corporal%20500%20ml%20%7C%20Aloe%20Vera%2C%20Coco%20y%20%C3%81cido%20Glic%C3%B3lico\" title=\"Facebook\" rel=\"nofollow noopener\" target=\"_blank\"><img loading=\"lazy\" decoding=\"async\" src=\"\/wp-content\/themes\/slendertail-theme\/addtoany\/facebook.svg\" width=\"48\" height=\"48\" alt=\"Facebook\"><\/a><a class=\"a2a_button_facebook_messenger\" href=\"https:\/\/www.addtoany.com\/add_to\/facebook_messenger?linkurl=https%3A%2F%2Fwww.avani.pt%2Fes%2Fp%2Fgel-exfoliante-corporal-500-ml-aloe-vera-coco-y-acido-glicolico%2F&amp;linkname=Gel%20Exfoliante%20Corporal%20500%20ml%20%7C%20Aloe%20Vera%2C%20Coco%20y%20%C3%81cido%20Glic%C3%B3lico\" title=\"Messenger\" rel=\"nofollow noopener\" target=\"_blank\"><img loading=\"lazy\" decoding=\"async\" src=\"\/wp-content\/themes\/slendertail-theme\/addtoany\/facebook_messenger.svg\" width=\"48\" height=\"48\" alt=\"Messenger\"><\/a><a class=\"a2a_button_whatsapp\" href=\"https:\/\/www.addtoany.com\/add_to\/whatsapp?linkurl=https%3A%2F%2Fwww.avani.pt%2Fes%2Fp%2Fgel-exfoliante-corporal-500-ml-aloe-vera-coco-y-acido-glicolico%2F&amp;linkname=Gel%20Exfoliante%20Corporal%20500%20ml%20%7C%20Aloe%20Vera%2C%20Coco%20y%20%C3%81cido%20Glic%C3%B3lico\" title=\"WhatsApp\" rel=\"nofollow noopener\" target=\"_blank\"><img loading=\"lazy\" decoding=\"async\" src=\"\/wp-content\/themes\/slendertail-theme\/addtoany\/whatsapp.svg\" width=\"48\" height=\"48\" alt=\"WhatsApp\"><\/a><\/div><\/div><\/div>[\/vc_column][\/vc_row][vc_row full_width=&#8221;stretch_row_content_no_spaces&#8221; el_class=&#8221;text-align-center&#8221;][vc_column]<div class=\"container\">\n\t<div class=\"usability-tips-and-secrets-module desktop--only--md\">\n\n\t\t<div class=\"usability-tips-and-secrets-module-content-wrapper full-width-container\">\n\n\t\t\t\n\t\t\t\t\t\t\t<div class=\"usability-tips-and-secrets-module-content usability-tips-and-secrets-module-content--bordered margin-top-between-modules\">\n\t\t\t\t\t\t\t\t\t\t\t<h2 class=\"uppercase black\">C&oacute;mo utilizar<\/h2>\n\t\t\t\t\t\n\t\t\t\t\t\t\t\t\t\t\t<p>Aplica el exfoliante sobre la piel limpia, masajeando suavemente. Deja actuar unos minutos y aclara con agua tibia. <\/p>\n\n\t\t\t\t\t\t\t\t\t<\/div>\n\t\t\t\n\t\t\t\t\t\t\t<div class=\"usability-tips-and-secrets-module-content margin-top-between-modules\">\n\t\t\t\t\t\t\t\t\t\t\t<h2 class=\"uppercase black\">Consejos y secretos<\/h2>\n\t\t\t\t\t\n\t\t\t\t\t\t\t\t\t\t\t<p>Para una piel m\u00e1s nutrida, puedes utilizar una crema hidratante Avani Professional justo despu\u00e9s de aplicar este producto.<\/p>\n\n\t\t\t\t\t\t\t\t\t<\/div>\n\t\t\t\t\t<\/div>\n\t<\/div>\n\n\t\n\t\t\t<div class=\"accordion accordion-successive  js-accordion not-found mobile--only--md usability-tips-and-secrets-module text-align-center margin-top-between-modules back_color\">\n\t\t\t<div class=\"accordion-container\">\n\t\t\t\t<div class=\"accordion-question space-between\">\n\t\t\t\t\t\t\t\t\t\t\t<h3 class=\"accordion-question-title uppercase back_color\">\n\t\t\t\t\t\t\tC&oacute;mo utilizar\n\t\t\t\t\t\t<\/h3>\n\t\t\t\t\t\n\t\t\t\t\t<span class=\"accordion-arrow back_color\">&emsp;<\/span>\n\t\t\t\t<\/div>\n\t\t\t\t<div class=\"accordion-answer\">\n\t\t\t\t\t\t\t\t\t\t\t<div class=\"usability-tips-and-secrets-module-content\">\n\t\t\t\t\t\t\t<p>Aplica el exfoliante sobre la piel limpia, masajeando suavemente. Deja actuar unos minutos y aclara con agua tibia. <\/p>\n\n\t\t\t\t\t\t<\/div>\n\t\t\t\t\t\t\t\t\t<\/div>\n\t\t\t<\/div>\n\t\t<\/div>\n\t\n\t\t\t<div class=\"accordion accordion-successive js-accordion not-found mobile--only--md usability-tips-and-secrets-module text-align-center margin-top-between-modules back_color\">\n\t\t\t<div class=\"accordion-container\">\n\t\t\t\t<div class=\"accordion-question space-between\">\n\t\t\t\t\t\t\t\t\t\t\t<h3 class=\"accordion-question-title uppercase back_color\">\n\t\t\t\t\t\t\tConsejos y secretos\n\t\t\t\t\t\t<\/h3>\n\t\t\t\t\t\n\t\t\t\t\t<span class=\"accordion-arrow back_color\">&emsp;<\/span>\n\t\t\t\t<\/div>\n\t\t\t\t<div class=\"accordion-answer\">\n\t\t\t\t\t\t\t\t\t\t\t<div class=\"usability-tips-and-secrets-module-content\">\n\t\t\t\t\t\t\t<p>Para una piel m\u00e1s nutrida, puedes utilizar una crema hidratante Avani Professional justo despu\u00e9s de aplicar este producto.<\/p>\n\n\t\t\t\t\t\t<\/div>\n\t\t\t\t\t\t\t\t\t<\/div>\n\t\t\t<\/div>\n\t\t<\/div>\n\t<\/div>\n[\/vc_column][\/vc_row][vc_row full_width=&#8221;stretch_row_content_no_spaces&#8221; el_class=&#8221;text-align-center&#8221;][vc_column]<div class=\"container \">\n\n    <div class=\"content-default-module text-align-center margin-top-between-modules\n        \n        \n        \n        \n        \n        \n        desktop--only--md\"\n        style=\"margin-bottom: 0px;\"\n    >\n\n                <div class=\"content-default-module-titles\">\n                            <h2 class=\"content-default-module-title uppercase black\">Composici&oacute;n<\/h2>\n            \n                    <\/div>\n        \n                    <div class=\"content-default-module-content\">\n                <p><strong>Aloe<\/strong> vera: conocida entre los egipcios como la planta de la inmortalidad, el aloe vera es una de las plantas medicinales m\u00e1s buscadas. Rica en componentes terap\u00e9uticos, proporciona vitalidad, salud y belleza a la piel. Rico en propiedades antiinflamatorias, antibacterianas, antis\u00e9pticas, antif\u00fangicas, antioxidantes y refrescantes, es excelente para prevenir los problemas de la piel. Regenera las c\u00e9lulas, rejuvenece e hidrata profundamente la dermis. Es rico en \u00e1cido salic\u00edlico, un compuesto con propiedades exfoliantes y seborreguladoras, que ayuda a combatir los problemas de la piel hidrat\u00e1ndola en profundidad.    <\/p>\n<p><strong>Extracto de coco<\/strong>: el coco se ha utilizado desde la antig\u00fcedad por sus numerosos beneficios. Curiosamente, su nombre procede de la palabra portuguesa y espa\u00f1ola del siglo XVI &#8220;Coco&#8221;, que significa cabeza. Fue descubierto por los portugueses en el viaje de Vasco da Gama a la India. Compuesto de c\u00e1scaras de coco finamente molidas, el extracto de coco es un exfoliante natural muy hidratante, excelente para eliminar suavemente las impurezas sin da\u00f1ar la piel, ya que es un abrasivo granular suave.   <\/p>\n<p><strong>\u00c1cido glic\u00f3lico<\/strong>: derivado de la ca\u00f1a de az\u00facar y otros vegetales dulces con propiedades exfoliantes, hidratantes y rejuvenecedoras. Corrige los problemas de la piel favoreciendo la renovaci\u00f3n celular en sus capas superiores mediante la exfoliaci\u00f3n, aumentando su capacidad de absorci\u00f3n para otros productos que pueden utilizarse para tratar la celulitis, la grasa localizada o hidratar.<\/p>\n\n            <\/div>\n        \n        \n        \n\n        \n\n\n    <\/div>\n\n\n            <div class=\"accordion accordion-successive   js-accordion not-found mobile--only--md content-default-module text-align-center margin-top-between-modules back_color\">\n            <div class=\"accordion-container\">\n                <div class=\"accordion-question space-between\">\n                                            <h3 class=\"accordion-question-title uppercase back_color\">\n                            Composici&oacute;n\n                        <\/h3>\n                                        <span class=\"accordion-arrow back_color\">&emsp;<\/span>\n                <\/div>\n                <div class=\"accordion-answer\">\n                    \n                                            <div class=\"content-default-module-content\">\n                            <p><strong>Aloe<\/strong> vera: conocida entre los egipcios como la planta de la inmortalidad, el aloe vera es una de las plantas medicinales m\u00e1s buscadas. Rica en componentes terap\u00e9uticos, proporciona vitalidad, salud y belleza a la piel. Rico en propiedades antiinflamatorias, antibacterianas, antis\u00e9pticas, antif\u00fangicas, antioxidantes y refrescantes, es excelente para prevenir los problemas de la piel. Regenera las c\u00e9lulas, rejuvenece e hidrata profundamente la dermis. Es rico en \u00e1cido salic\u00edlico, un compuesto con propiedades exfoliantes y seborreguladoras, que ayuda a combatir los problemas de la piel hidrat\u00e1ndola en profundidad.    <\/p>\n<p><strong>Extracto de coco<\/strong>: el coco se ha utilizado desde la antig\u00fcedad por sus numerosos beneficios. Curiosamente, su nombre procede de la palabra portuguesa y espa\u00f1ola del siglo XVI &#8220;Coco&#8221;, que significa cabeza. Fue descubierto por los portugueses en el viaje de Vasco da Gama a la India. Compuesto de c\u00e1scaras de coco finamente molidas, el extracto de coco es un exfoliante natural muy hidratante, excelente para eliminar suavemente las impurezas sin da\u00f1ar la piel, ya que es un abrasivo granular suave.   <\/p>\n<p><strong>\u00c1cido glic\u00f3lico<\/strong>: derivado de la ca\u00f1a de az\u00facar y otros vegetales dulces con propiedades exfoliantes, hidratantes y rejuvenecedoras. Corrige los problemas de la piel favoreciendo la renovaci\u00f3n celular en sus capas superiores mediante la exfoliaci\u00f3n, aumentando su capacidad de absorci\u00f3n para otros productos que pueden utilizarse para tratar la celulitis, la grasa localizada o hidratar.<\/p>\n\n                        <\/div>\n                    \n                    \n                                    <\/div>\n            <\/div>\n        <\/div>\n    \n<\/div>\n<div class=\"container \">\n\n    <div class=\"content-default-module text-align-center margin-top-between-modules\n        \n        \n        \n        \n        \n        \n        desktop--only--md\"\n        style=\"margin-bottom: 0px;\"\n    >\n\n                <div class=\"content-default-module-titles\">\n                            <h2 class=\"content-default-module-title uppercase black\">Ingredientes<\/h2>\n            \n                    <\/div>\n        \n                    <div class=\"content-default-module-content\">\n                <p>Agua, alcohol desnaturalizado, polvo de c\u00e1scara de Cocos nucifera, glicerina, laurilsulfato s\u00f3dico,<br \/>\ncarb\u00f3mero, ceteareth-20, trietanolamina, polvo de zumo de hoja de Aloe barbadensis, \u00e1cido glic\u00f3lico, parfum,<br \/>\nEDTA dis\u00f3dico, fenoxietanol, \u00e1cido benzoico, \u00e1cido dehidroac\u00e9tico.<\/p>\n\n            <\/div>\n        \n        \n        \n\n        \n\n\n    <\/div>\n\n\n            <div class=\"accordion accordion-successive   js-accordion not-found mobile--only--md content-default-module text-align-center margin-top-between-modules back_color\">\n            <div class=\"accordion-container\">\n                <div class=\"accordion-question space-between\">\n                                            <h3 class=\"accordion-question-title uppercase back_color\">\n                            Ingredientes\n                        <\/h3>\n                                        <span class=\"accordion-arrow back_color\">&emsp;<\/span>\n                <\/div>\n                <div class=\"accordion-answer\">\n                    \n                                            <div class=\"content-default-module-content\">\n                            <p>Agua, alcohol desnaturalizado, polvo de c\u00e1scara de Cocos nucifera, glicerina, laurilsulfato s\u00f3dico,<br \/>\ncarb\u00f3mero, ceteareth-20, trietanolamina, polvo de zumo de hoja de Aloe barbadensis, \u00e1cido glic\u00f3lico, parfum,<br \/>\nEDTA dis\u00f3dico, fenoxietanol, \u00e1cido benzoico, \u00e1cido dehidroac\u00e9tico.<\/p>\n\n                        <\/div>\n                    \n                    \n                                    <\/div>\n            <\/div>\n        <\/div>\n    \n<\/div>\n[\/vc_column][\/vc_row]<\/p>\n<\/div>","protected":false},"excerpt":{"rendered":"<div>Muy eficaz en la renovaci\u00f3n celular con \u00e1cido glic\u00f3lico, ayuda a rejuvenecer la piel y a eliminar las impurezas. Tambi\u00e9n contiene Aloe Vera y extracto de coco para hidratar. La piel est\u00e1 m\u00e1s suave y sana.  <\/div>\n<div class=\"x_x_elementToProof\" style=\"text-align: left;\"><\/div>\n","protected":false},"featured_media":73682,"comment_status":"open","ping_status":"closed","template":"","meta":{"_acf_changed":false},"product_brand":[],"product_cat":[440,491,612,597,697,551],"product_tag":[],"class_list":{"0":"post-78339","1":"product","2":"type-product","3":"status-publish","4":"has-post-thumbnail","6":"product_cat-aloe-vera","7":"product_cat-cuerpo","8":"product_cat-tematica-verano-cuerpo","9":"product_cat-exfoliante-corporal","10":"product_cat-gel-corporal","11":"product_cat-productos-cuerpo","13":"first","14":"instock","15":"taxable","16":"shipping-taxable","17":"purchasable","18":"product-type-simple"},"acf":[],"wooqr_code":"","_links":{"self":[{"href":"https:\/\/www.avani.pt\/es\/wp-json\/wp\/v2\/product\/78339","targetHints":{"allow":["GET"]}}],"collection":[{"href":"https:\/\/www.avani.pt\/es\/wp-json\/wp\/v2\/product"}],"about":[{"href":"https:\/\/www.avani.pt\/es\/wp-json\/wp\/v2\/types\/product"}],"replies":[{"embeddable":true,"href":"https:\/\/www.avani.pt\/es\/wp-json\/wp\/v2\/comments?post=78339"}],"wp:featuredmedia":[{"embeddable":true,"href":"https:\/\/www.avani.pt\/es\/wp-json\/wp\/v2\/media\/73682"}],"wp:attachment":[{"href":"https:\/\/www.avani.pt\/es\/wp-json\/wp\/v2\/media?parent=78339"}],"wp:term":[{"taxonomy":"product_brand","embeddable":true,"href":"https:\/\/www.avani.pt\/es\/wp-json\/wp\/v2\/product_brand?post=78339"},{"taxonomy":"product_cat","embeddable":true,"href":"https:\/\/www.avani.pt\/es\/wp-json\/wp\/v2\/product_cat?post=78339"},{"taxonomy":"product_tag","embeddable":true,"href":"https:\/\/www.avani.pt\/es\/wp-json\/wp\/v2\/product_tag?post=78339"}],"curies":[{"name":"wp","href":"https:\/\/api.w.org\/{rel}","templated":true}]}}