{"id":78343,"date":"2018-03-28T11:09:30","date_gmt":"2018-03-28T10:09:30","guid":{"rendered":"https:\/\/www.avani.pt\/p\/namaste-crema-de-manos-protectora-regeneradora-75-ml\/"},"modified":"2025-10-21T12:05:04","modified_gmt":"2025-10-21T11:05:04","slug":"namaste-crema-de-manos-protectora-regeneradora-75-ml","status":"publish","type":"product","link":"https:\/\/www.avani.pt\/es\/p\/namaste-crema-de-manos-protectora-regeneradora-75-ml\/","title":{"rendered":"Namast\u00e9 Crema de Manos Protectora Regeneradora | 75 ml"},"content":{"rendered":"<div class=\"wpb-content-wrapper\"><p>[vc_row full_width=&#8221;stretch_row_content_no_spaces&#8221; el_class=&#8221;text-align-center&#8221;][vc_column]<div class=\"stars-of-product-module-wrapper margin-top-between-modules\">\n    <img decoding=\"async\" class=\"stars-of-product-module-left-image-design\" src=\"\/dist\/images\/stars_product_module_design.png\">\n    <img decoding=\"async\" class=\"stars-of-product-module-right-image-design\" src=\"\/dist\/images\/stars_product_module_design.png\">\n\n    <div class=\"container\">\n\n        <div class=\"stars-of-product-module text-align-center  desktop--only--md\">\n\n            \n                            <div class=\"stars-of-product-module-titles\">\n                                            <h2 class=\"stars-of-product-module-title black uppercase back_color\">Las estrellas del producto<\/h2>\n                                    <\/div>\n            \n                            <div class=\"stars-of-product-module-content\">\n                    <p>Muy apreciada por los clientes que se la aplican por su efecto hidratante, nada pastoso, \u00a1y su maravilloso olor! Composici\u00f3n muy rica a base de manteca de karit\u00e9, un agente protector natural de la piel \u00e1spera y seca; la celestial fruta india Amla, que ayuda a ralentizar el proceso de envejecimiento proporcionando a la piel una textura m\u00e1s suave; aceite de jojoba, que deja la piel radiante, ayuda a difuminar las l\u00edneas finas y las arrugas; aceite de oliva protector, que ayuda a combatir cualquier da\u00f1o de los radicales libres que entran en contacto con nuestra piel a diario, como el clima, la exposici\u00f3n a los rayos UV y otras agresiones.<\/p>\n\n                <\/div>\n            \n        <\/div>\n\n\n                    <div class=\"accordion   accordion-successive-first js-accordion not-found mobile--only--md stars-of-product-module text-align-center margin-top-between-modules back_color\">\n                <div class=\"accordion-container\">\n                    <div class=\"accordion-question space-between\">\n                                                    <h3 class=\"accordion-question-title uppercase back_color\">\n                                Estrellas del producto\n                            <\/h3>\n                                                <span class=\"accordion-arrow back_color\">&emsp;<\/span>\n                    <\/div>\n                    <div class=\"accordion-answer\">\n\n                        \n                                                    <div class=\"stars-of-product-module-content\">\n                                <p>Muy apreciada por los clientes que se la aplican por su efecto hidratante, nada pastoso, \u00a1y su maravilloso olor! Composici\u00f3n muy rica a base de manteca de karit\u00e9, un agente protector natural de la piel \u00e1spera y seca; la celestial fruta india Amla, que ayuda a ralentizar el proceso de envejecimiento proporcionando a la piel una textura m\u00e1s suave; aceite de jojoba, que deja la piel radiante, ayuda a difuminar las l\u00edneas finas y las arrugas; aceite de oliva protector, que ayuda a combatir cualquier da\u00f1o de los radicales libres que entran en contacto con nuestra piel a diario, como el clima, la exposici\u00f3n a los rayos UV y otras agresiones.<\/p>\n\n                            <\/div>\n                                            <\/div>\n                <\/div>\n            <\/div>\n        \n    <\/div>\n<\/div>\n<div class=\"wp-block-embed wp-embed-width-desktop-70 wp-embed-width-mobile-90\">\n\t\t<figure class=\"wp-block-embed-video is-type-video is-provider-youtube wp-block-embed-youtube wp-embed-aspect-16-9 wp-has-aspect-ratio\">\n\t\t\t<div class=\"wp-block-embed__wrapper js-video-play\">\n\t\t\t\t<img decoding=\"async\" class=\"wp-block-embed__cover\" src=\"https:\/\/img.youtube.com\/vi\/ycmC8aFx7jQ\/maxresdefault.jpg\" \/>\n\t\t\t\t<i class=\"fa fa-play-circle\" aria-hidden=\"true\"><\/i>\n\t\t\t\t<iframe src=\"https:\/\/www.youtube.com\/embed\/ycmC8aFx7jQ?start=0&amp;showinfo=0&amp;controls=1&amp;rel=0\" frameborder=\"0\" allow=\"accelerometer; autoplay; clipboard-write; encrypted-media; gyroscope; picture-in-picture\" allowfullscreen=\"\"><\/iframe>\n\t\t\t<\/div>\n\t\t<\/figure>\n\t<\/div>\n\t<div class=\"av-social-share\"><p>Comparte<\/p> <div class=\"addtoany_shortcode\"><div class=\"a2a_kit a2a_kit_size_48 addtoany_list\" data-a2a-url=\"https:\/\/www.avani.pt\/es\/p\/namaste-crema-de-manos-protectora-regeneradora-75-ml\/\" data-a2a-title=\"Namast\u00e9 Crema de Manos Protectora Regeneradora | 75 ml\"><a class=\"a2a_button_email\" href=\"https:\/\/www.addtoany.com\/add_to\/email?linkurl=https%3A%2F%2Fwww.avani.pt%2Fes%2Fp%2Fnamaste-crema-de-manos-protectora-regeneradora-75-ml%2F&amp;linkname=Namast%C3%A9%20Crema%20de%20Manos%20Protectora%20Regeneradora%20%7C%2075%20ml\" title=\"Email\" rel=\"nofollow noopener\" target=\"_blank\"><img loading=\"lazy\" decoding=\"async\" src=\"\/wp-content\/themes\/slendertail-theme\/addtoany\/email.svg\" width=\"48\" height=\"48\" alt=\"Email\"><\/a><a class=\"a2a_button_facebook\" href=\"https:\/\/www.addtoany.com\/add_to\/facebook?linkurl=https%3A%2F%2Fwww.avani.pt%2Fes%2Fp%2Fnamaste-crema-de-manos-protectora-regeneradora-75-ml%2F&amp;linkname=Namast%C3%A9%20Crema%20de%20Manos%20Protectora%20Regeneradora%20%7C%2075%20ml\" title=\"Facebook\" rel=\"nofollow noopener\" target=\"_blank\"><img loading=\"lazy\" decoding=\"async\" src=\"\/wp-content\/themes\/slendertail-theme\/addtoany\/facebook.svg\" width=\"48\" height=\"48\" alt=\"Facebook\"><\/a><a class=\"a2a_button_facebook_messenger\" href=\"https:\/\/www.addtoany.com\/add_to\/facebook_messenger?linkurl=https%3A%2F%2Fwww.avani.pt%2Fes%2Fp%2Fnamaste-crema-de-manos-protectora-regeneradora-75-ml%2F&amp;linkname=Namast%C3%A9%20Crema%20de%20Manos%20Protectora%20Regeneradora%20%7C%2075%20ml\" title=\"Messenger\" rel=\"nofollow noopener\" target=\"_blank\"><img loading=\"lazy\" decoding=\"async\" src=\"\/wp-content\/themes\/slendertail-theme\/addtoany\/facebook_messenger.svg\" width=\"48\" height=\"48\" alt=\"Messenger\"><\/a><a class=\"a2a_button_whatsapp\" href=\"https:\/\/www.addtoany.com\/add_to\/whatsapp?linkurl=https%3A%2F%2Fwww.avani.pt%2Fes%2Fp%2Fnamaste-crema-de-manos-protectora-regeneradora-75-ml%2F&amp;linkname=Namast%C3%A9%20Crema%20de%20Manos%20Protectora%20Regeneradora%20%7C%2075%20ml\" title=\"WhatsApp\" rel=\"nofollow noopener\" target=\"_blank\"><img loading=\"lazy\" decoding=\"async\" src=\"\/wp-content\/themes\/slendertail-theme\/addtoany\/whatsapp.svg\" width=\"48\" height=\"48\" alt=\"WhatsApp\"><\/a><\/div><\/div><\/div>[\/vc_column][\/vc_row][vc_row full_width=&#8221;stretch_row_content_no_spaces&#8221; el_class=&#8221;text-align-center&#8221;][vc_column]<div class=\"container\">\n\t<div class=\"usability-tips-and-secrets-module desktop--only--md\">\n\n\t\t<div class=\"usability-tips-and-secrets-module-content-wrapper full-width-container\">\n\n\t\t\t\n\t\t\t\t\t\t\t<div class=\"usability-tips-and-secrets-module-content usability-tips-and-secrets-module-content--bordered margin-top-between-modules\">\n\t\t\t\t\t\t\t\t\t\t\t<h2 class=\"uppercase black\">C&oacute;mo utilizar<\/h2>\n\t\t\t\t\t\n\t\t\t\t\t\t\t\t\t\t\t<p>Apl\u00edcalo diariamente, varias veces al d\u00eda.<\/p>\n\n\t\t\t\t\t\t\t\t\t<\/div>\n\t\t\t\n\t\t\t\t\t<\/div>\n\t<\/div>\n\n\t\n\t\t\t<div class=\"accordion accordion-successive  js-accordion not-found mobile--only--md usability-tips-and-secrets-module text-align-center margin-top-between-modules back_color\">\n\t\t\t<div class=\"accordion-container\">\n\t\t\t\t<div class=\"accordion-question space-between\">\n\t\t\t\t\t\t\t\t\t\t\t<h3 class=\"accordion-question-title uppercase back_color\">\n\t\t\t\t\t\t\tC&oacute;mo utilizar\n\t\t\t\t\t\t<\/h3>\n\t\t\t\t\t\n\t\t\t\t\t<span class=\"accordion-arrow back_color\">&emsp;<\/span>\n\t\t\t\t<\/div>\n\t\t\t\t<div class=\"accordion-answer\">\n\t\t\t\t\t\t\t\t\t\t\t<div class=\"usability-tips-and-secrets-module-content\">\n\t\t\t\t\t\t\t<p>Apl\u00edcalo diariamente, varias veces al d\u00eda.<\/p>\n\n\t\t\t\t\t\t<\/div>\n\t\t\t\t\t\t\t\t\t<\/div>\n\t\t\t<\/div>\n\t\t<\/div>\n\t\n\t<\/div>\n[\/vc_column][\/vc_row][vc_row full_width=&#8221;stretch_row_content_no_spaces&#8221; el_class=&#8221;text-align-center&#8221;][vc_column]<div class=\"container \">\n\n    <div class=\"content-default-module text-align-center margin-top-between-modules\n        \n        \n        \n        \n        \n        \n        desktop--only--md\"\n        style=\"margin-bottom: 0px;\"\n    >\n\n                <div class=\"content-default-module-titles\">\n                            <h2 class=\"content-default-module-title uppercase black\">Composici&oacute;n<\/h2>\n            \n                    <\/div>\n        \n                    <div class=\"content-default-module-content\">\n                <\/p>\n<p style=\"text-align: left;\">Manteca <strong>de karit\u00e9 | <\/strong>El fruto del \u00e1rbol del karit\u00e9 contiene una pulpa muy nutritiva que envuelve una potente semilla que contiene el aceite del que se extrae la Manteca. La manteca tiene un color marfil blanquecino y una textura cremosa y aterciopelada. Enriquecida con vitamina F y \u00e1cidos grasos, protege la piel \u00e1spera y seca y act\u00faa contra el envejecimiento. La manteca de karit\u00e9 tambi\u00e9n tiene propiedades cicatrizantes y regeneradoras que ayudan a calmar las rojeces y la piel sensible.   <\/p>\n<p style=\"text-align: left;\"><strong>Amla | <\/strong>Una de las frutas m\u00e1s antiguas y ampliamente utilizada en la medicina ayurv\u00e9dica india, hoy se reconoce como una de las fuentes naturales m\u00e1s ricas en vitamina C. Una de las cualidades m\u00e1s notables y populares del amla es su efecto sobre la piel. Muy rico en antioxidantes, ayuda a regenerar y ralentizar el proceso de envejecimiento, dando a la piel una textura m\u00e1s suave. <\/p>\n<p style=\"text-align: left;\"><strong>Aceite de jojoba | <\/strong>Es el l\u00edquido producido a partir de las semillas de la planta Simmondsia chinensis (jojoba) y tiene un aspecto ceroso. Este aceite es fant\u00e1stico para la piel, ligero pero profundamente rico en vitaminas y minerales. Es muy potente y cuando entra en contacto con la piel tiene la capacidad de actuar como su propio aceite natural, consiguiendo as\u00ed el equilibrio en la dermis. La vitamina E es un potente antioxidante que ayuda a acelerar la regeneraci\u00f3n celular. Deja la piel luminosa y ayuda a difuminar las l\u00edneas finas y las arrugas.    <\/p>\n<p style=\"text-align: left;\"><strong>Aceite de oliva | <\/strong>Contiene muchos antioxidantes, vitaminas y \u00e1cidos grasos que lo hacen especialmente nutritivo e hidratante para la piel propensa a la deshidrataci\u00f3n. La piel se mantiene sana con una barrera protectora natural en pleno funcionamiento. Esta acci\u00f3n se refuerza con la ayuda de las propiedades antioxidantes que combaten cualquier da\u00f1o de los radicales libres que entran en contacto con nuestra piel a diario, como el clima, la exposici\u00f3n a los rayos UV y otras agresiones cut\u00e1neas.  <\/p>\n<p>\n\n            <\/div>\n        \n        \n        \n\n        \n\n\n    <\/div>\n\n\n            <div class=\"accordion accordion-successive   js-accordion not-found mobile--only--md content-default-module text-align-center margin-top-between-modules back_color\">\n            <div class=\"accordion-container\">\n                <div class=\"accordion-question space-between\">\n                                            <h3 class=\"accordion-question-title uppercase back_color\">\n                            Composici&oacute;n\n                        <\/h3>\n                                        <span class=\"accordion-arrow back_color\">&emsp;<\/span>\n                <\/div>\n                <div class=\"accordion-answer\">\n                    \n                                            <div class=\"content-default-module-content\">\n                            <\/p>\n<p style=\"text-align: left;\">Manteca <strong>de karit\u00e9 | <\/strong>El fruto del \u00e1rbol del karit\u00e9 contiene una pulpa muy nutritiva que envuelve una potente semilla que contiene el aceite del que se extrae la Manteca. La manteca tiene un color marfil blanquecino y una textura cremosa y aterciopelada. Enriquecida con vitamina F y \u00e1cidos grasos, protege la piel \u00e1spera y seca y act\u00faa contra el envejecimiento. La manteca de karit\u00e9 tambi\u00e9n tiene propiedades cicatrizantes y regeneradoras que ayudan a calmar las rojeces y la piel sensible.   <\/p>\n<p style=\"text-align: left;\"><strong>Amla | <\/strong>Una de las frutas m\u00e1s antiguas y ampliamente utilizada en la medicina ayurv\u00e9dica india, hoy se reconoce como una de las fuentes naturales m\u00e1s ricas en vitamina C. Una de las cualidades m\u00e1s notables y populares del amla es su efecto sobre la piel. Muy rico en antioxidantes, ayuda a regenerar y ralentizar el proceso de envejecimiento, dando a la piel una textura m\u00e1s suave. <\/p>\n<p style=\"text-align: left;\"><strong>Aceite de jojoba | <\/strong>Es el l\u00edquido producido a partir de las semillas de la planta Simmondsia chinensis (jojoba) y tiene un aspecto ceroso. Este aceite es fant\u00e1stico para la piel, ligero pero profundamente rico en vitaminas y minerales. Es muy potente y cuando entra en contacto con la piel tiene la capacidad de actuar como su propio aceite natural, consiguiendo as\u00ed el equilibrio en la dermis. La vitamina E es un potente antioxidante que ayuda a acelerar la regeneraci\u00f3n celular. Deja la piel luminosa y ayuda a difuminar las l\u00edneas finas y las arrugas.    <\/p>\n<p style=\"text-align: left;\"><strong>Aceite de oliva | <\/strong>Contiene muchos antioxidantes, vitaminas y \u00e1cidos grasos que lo hacen especialmente nutritivo e hidratante para la piel propensa a la deshidrataci\u00f3n. La piel se mantiene sana con una barrera protectora natural en pleno funcionamiento. Esta acci\u00f3n se refuerza con la ayuda de las propiedades antioxidantes que combaten cualquier da\u00f1o de los radicales libres que entran en contacto con nuestra piel a diario, como el clima, la exposici\u00f3n a los rayos UV y otras agresiones cut\u00e1neas.  <\/p>\n<p>\n\n                        <\/div>\n                    \n                    \n                                    <\/div>\n            <\/div>\n        <\/div>\n    \n<\/div>\n<div class=\"container \">\n\n    <div class=\"content-default-module text-align-center margin-top-between-modules\n        \n        \n        \n        \n        \n        \n        desktop--only--md\"\n        style=\"margin-bottom: 0px;\"\n    >\n\n                <div class=\"content-default-module-titles\">\n                            <h2 class=\"content-default-module-title uppercase black\">Ingredientes<\/h2>\n            \n                    <\/div>\n        \n                    <div class=\"content-default-module-content\">\n                <\/p>\n<p style=\"text-align: center;\">Agua, glicerina, alcohol cetear\u00edlico, olivato cetear\u00edlico, olivato sorbit\u00e1nico, alcohol cet\u00edlico, parfum, manteca de Butyrospermum parkii, aceite de semillas de Simmondsia chinensis, goma xantana, goma esclerotita, aceite de frutos de Olea europaea, polvo de frutos de Phyllanthus emblica, polvo de zumo de hojas de Aloe barbadensis, acetato de tocoferol, lecitina, pullulano, alcohol desnaturalizado.., s\u00edlice, \u00e1cido s\u00f3rbico, \u00e1cido benzoico, alcohol benc\u00edlico, salicilato benc\u00edlico, ionona alfa-isometil, hexil cinamal, linalol, citronelol, geraniol, limoneno, benzoato benc\u00edlico.<\/p>\n<p>\n\n            <\/div>\n        \n        \n        \n\n        \n\n\n    <\/div>\n\n\n            <div class=\"accordion accordion-successive   js-accordion not-found mobile--only--md content-default-module text-align-center margin-top-between-modules back_color\">\n            <div class=\"accordion-container\">\n                <div class=\"accordion-question space-between\">\n                                            <h3 class=\"accordion-question-title uppercase back_color\">\n                            Ingredientes\n                        <\/h3>\n                                        <span class=\"accordion-arrow back_color\">&emsp;<\/span>\n                <\/div>\n                <div class=\"accordion-answer\">\n                    \n                                            <div class=\"content-default-module-content\">\n                            <\/p>\n<p style=\"text-align: center;\">Agua, glicerina, alcohol cetear\u00edlico, olivato cetear\u00edlico, olivato sorbit\u00e1nico, alcohol cet\u00edlico, parfum, manteca de Butyrospermum parkii, aceite de semillas de Simmondsia chinensis, goma xantana, goma esclerotita, aceite de frutos de Olea europaea, polvo de frutos de Phyllanthus emblica, polvo de zumo de hojas de Aloe barbadensis, acetato de tocoferol, lecitina, pullulano, alcohol desnaturalizado.., s\u00edlice, \u00e1cido s\u00f3rbico, \u00e1cido benzoico, alcohol benc\u00edlico, salicilato benc\u00edlico, ionona alfa-isometil, hexil cinamal, linalol, citronelol, geraniol, limoneno, benzoato benc\u00edlico.<\/p>\n<p>\n\n                        <\/div>\n                    \n                    \n                                    <\/div>\n            <\/div>\n        <\/div>\n    \n<\/div>\n<div class=\"container \">\n\n    <div class=\"content-default-module text-align-center margin-top-between-modules\n        \n        \n        \n        \n        \n        \n        desktop--only--md\"\n        style=\"margin-bottom: 0px;\"\n    >\n\n                <div class=\"content-default-module-titles\">\n                            <h2 class=\"content-default-module-title uppercase black\">Curiosidades<\/h2>\n            \n                    <\/div>\n        \n                    <div class=\"content-default-module-content\">\n                <p>El nombre de esta crema, Namast\u00e9, tiene un significado muy especial y procede de la madre de todas las lenguas: \u00a1el s\u00e1nscrito! Es una forma de saludo que consiste en inclinarse ante el pr\u00f3jimo, mostrando humildad y respeto.  Seg\u00fan una fant\u00e1stica explicaci\u00f3n dada por nuestra gran inspiraci\u00f3n, el Maestro Espiritual Pujya Bhaishri, que tiene la fabulosa misi\u00f3n de ofrecer escolarizaci\u00f3n a los ni\u00f1os de la India, al inclinarnos ante nuestro pr\u00f3jimo, estamos dejando a un lado nuestro ego -el &#8220;yo&#8221; deja de existir para tener una visi\u00f3n m\u00e1s global de nuestra existencia- \u00a1viendo el Universo como una familia!<\/p>\n<p>\n\n            <\/div>\n        \n        \n        \n\n        \n\n\n    <\/div>\n\n\n            <div class=\"accordion accordion-successive   js-accordion not-found mobile--only--md content-default-module text-align-center margin-top-between-modules back_color\">\n            <div class=\"accordion-container\">\n                <div class=\"accordion-question space-between\">\n                                            <h3 class=\"accordion-question-title uppercase back_color\">\n                            Curiosidades\n                        <\/h3>\n                                        <span class=\"accordion-arrow back_color\">&emsp;<\/span>\n                <\/div>\n                <div class=\"accordion-answer\">\n                    \n                                            <div class=\"content-default-module-content\">\n                            <p>El nombre de esta crema, Namast\u00e9, tiene un significado muy especial y procede de la madre de todas las lenguas: \u00a1el s\u00e1nscrito! Es una forma de saludo que consiste en inclinarse ante el pr\u00f3jimo, mostrando humildad y respeto.  Seg\u00fan una fant\u00e1stica explicaci\u00f3n dada por nuestra gran inspiraci\u00f3n, el Maestro Espiritual Pujya Bhaishri, que tiene la fabulosa misi\u00f3n de ofrecer escolarizaci\u00f3n a los ni\u00f1os de la India, al inclinarnos ante nuestro pr\u00f3jimo, estamos dejando a un lado nuestro ego -el &#8220;yo&#8221; deja de existir para tener una visi\u00f3n m\u00e1s global de nuestra existencia- \u00a1viendo el Universo como una familia!<\/p>\n<p>\n\n                        <\/div>\n                    \n                    \n                                    <\/div>\n            <\/div>\n        <\/div>\n    \n<\/div>\n[\/vc_column][\/vc_row]<\/p>\n<\/div>","protected":false},"excerpt":{"rendered":"<p style=\"text-align: left;\">Crema de manos protectora y regeneradora Namast\u00e9, vegana, enriquecida con manteca de karit\u00e9, extracto de la fruta celestial india amla, aceite de jojoba y oliva, aloe vera y vitamina E. Tiene un olor adictivo, se absorbe r\u00e1pidamente y \u00a1no es pastosa!<\/p>\n","protected":false},"featured_media":76044,"comment_status":"open","ping_status":"closed","template":"","meta":{"_acf_changed":false},"product_brand":[],"product_cat":[441,492,693,553,526,484,689,687],"product_tag":[],"class_list":{"0":"post-78343","1":"product","2":"type-product","3":"status-publish","4":"has-post-thumbnail","6":"product_cat-amla","7":"product_cat-cuidado-de-las-manos","9":"product_cat-cuidado-de-manos-y-pies","10":"product_cat-ingredientes-2","11":"product_cat-ingredientes","12":"product_cat-manicura-y-pedicura","13":"product_cat-manos-y-pies","15":"first","16":"outofstock","17":"taxable","18":"shipping-taxable","19":"purchasable","20":"product-type-simple"},"acf":[],"wooqr_code":"","_links":{"self":[{"href":"https:\/\/www.avani.pt\/es\/wp-json\/wp\/v2\/product\/78343","targetHints":{"allow":["GET"]}}],"collection":[{"href":"https:\/\/www.avani.pt\/es\/wp-json\/wp\/v2\/product"}],"about":[{"href":"https:\/\/www.avani.pt\/es\/wp-json\/wp\/v2\/types\/product"}],"replies":[{"embeddable":true,"href":"https:\/\/www.avani.pt\/es\/wp-json\/wp\/v2\/comments?post=78343"}],"wp:featuredmedia":[{"embeddable":true,"href":"https:\/\/www.avani.pt\/es\/wp-json\/wp\/v2\/media\/76044"}],"wp:attachment":[{"href":"https:\/\/www.avani.pt\/es\/wp-json\/wp\/v2\/media?parent=78343"}],"wp:term":[{"taxonomy":"product_brand","embeddable":true,"href":"https:\/\/www.avani.pt\/es\/wp-json\/wp\/v2\/product_brand?post=78343"},{"taxonomy":"product_cat","embeddable":true,"href":"https:\/\/www.avani.pt\/es\/wp-json\/wp\/v2\/product_cat?post=78343"},{"taxonomy":"product_tag","embeddable":true,"href":"https:\/\/www.avani.pt\/es\/wp-json\/wp\/v2\/product_tag?post=78343"}],"curies":[{"name":"wp","href":"https:\/\/api.w.org\/{rel}","templated":true}]}}