{"id":78346,"date":"2018-03-28T10:33:44","date_gmt":"2018-03-28T09:33:44","guid":{"rendered":"https:\/\/www.avani.pt\/p\/piel-fria-gel-reductor-de-grasa-efecto-frio-500ml\/"},"modified":"2026-02-02T16:46:24","modified_gmt":"2026-02-02T16:46:24","slug":"piel-fria-gel-reductor-de-grasa-efecto-frio-500ml","status":"publish","type":"product","link":"https:\/\/www.avani.pt\/es\/p\/piel-fria-gel-reductor-de-grasa-efecto-frio-500ml\/","title":{"rendered":"Piel Fr\u00eda | Gel Reductor de Grasa | Efecto Fr\u00edo 500ml"},"content":{"rendered":"<div class=\"wpb-content-wrapper\"><p>[vc_row full_width=&#8221;stretch_row_content_no_spaces&#8221; el_class=&#8221;text-align-center&#8221;][vc_column]<div class=\"stars-of-product-module-wrapper margin-top-between-modules\">\n    <img decoding=\"async\" class=\"stars-of-product-module-left-image-design\" src=\"\/dist\/images\/stars_product_module_design.png\">\n    <img decoding=\"async\" class=\"stars-of-product-module-right-image-design\" src=\"\/dist\/images\/stars_product_module_design.png\">\n\n    <div class=\"container\">\n\n        <div class=\"stars-of-product-module text-align-center  desktop--only--md\">\n\n            \n                            <div class=\"stars-of-product-module-titles\">\n                                            <h2 class=\"stars-of-product-module-title black uppercase back_color\">Las estrellas del producto<\/h2>\n                                    <\/div>\n            \n                            <div class=\"stars-of-product-module-content\">\n                    <p>El gel Piel Fr\u00eda se compone de mentol y alcanfor, que producen un enfriamiento local, por lo que en algunos casos se utiliza como sustituto del gel caliente para las personas m\u00e1s sensibles al calor. Adem\u00e1s de estos ingredientes, tambi\u00e9n contiene yodo org\u00e1nico, que ayuda a reducir la grasa y reafirmar la piel. Tambi\u00e9n incluye el superingrediente cetona de frambuesa, con propiedades antioxidantes, que ayuda a retrasar el envejecimiento de la piel y a aumentar su elasticidad.<\/p>\n\n                <\/div>\n            \n        <\/div>\n\n\n                    <div class=\"accordion   accordion-successive-first js-accordion not-found mobile--only--md stars-of-product-module text-align-center margin-top-between-modules back_color\">\n                <div class=\"accordion-container\">\n                    <div class=\"accordion-question space-between\">\n                                                    <h3 class=\"accordion-question-title uppercase back_color\">\n                                Las estrellas del producto\n                            <\/h3>\n                                                <span class=\"accordion-arrow back_color\">&emsp;<\/span>\n                    <\/div>\n                    <div class=\"accordion-answer\">\n\n                        \n                                                    <div class=\"stars-of-product-module-content\">\n                                <p>El gel Piel Fr\u00eda se compone de mentol y alcanfor, que producen un enfriamiento local, por lo que en algunos casos se utiliza como sustituto del gel caliente para las personas m\u00e1s sensibles al calor. Adem\u00e1s de estos ingredientes, tambi\u00e9n contiene yodo org\u00e1nico, que ayuda a reducir la grasa y reafirmar la piel. Tambi\u00e9n incluye el superingrediente cetona de frambuesa, con propiedades antioxidantes, que ayuda a retrasar el envejecimiento de la piel y a aumentar su elasticidad.<\/p>\n\n                            <\/div>\n                                            <\/div>\n                <\/div>\n            <\/div>\n        \n    <\/div>\n<\/div>\n<div class=\"wp-block-embed wp-embed-width-desktop-70 wp-embed-width-mobile-90\">\n\t\t<figure class=\"wp-block-embed-video is-type-video is-provider-youtube wp-block-embed-youtube wp-embed-aspect-16-9 wp-has-aspect-ratio\">\n\t\t\t<div class=\"wp-block-embed__wrapper js-video-play\">\n\t\t\t\t<img decoding=\"async\" class=\"wp-block-embed__cover\" src=\"https:\/\/img.youtube.com\/vi\/4kBJ_2vfhjk\/maxresdefault.jpg\" \/>\n\t\t\t\t<i class=\"fa fa-play-circle\" aria-hidden=\"true\"><\/i>\n\t\t\t\t<iframe src=\"https:\/\/www.youtube.com\/embed\/4kBJ_2vfhjk?start=0&amp;showinfo=0&amp;controls=1&amp;rel=0\" frameborder=\"0\" allow=\"accelerometer; autoplay; clipboard-write; encrypted-media; gyroscope; picture-in-picture\" allowfullscreen=\"\"><\/iframe>\n\t\t\t<\/div>\n\t\t<\/figure>\n\t<\/div>\n\t<div class=\"av-social-share\"><p>Comparte<\/p> <div class=\"addtoany_shortcode\"><div class=\"a2a_kit a2a_kit_size_48 addtoany_list\" data-a2a-url=\"https:\/\/www.avani.pt\/es\/p\/piel-fria-gel-reductor-de-grasa-efecto-frio-500ml\/\" data-a2a-title=\"Piel Fr\u00eda | Gel Reductor de Grasa | Efecto Fr\u00edo 500ml\"><a class=\"a2a_button_email\" href=\"https:\/\/www.addtoany.com\/add_to\/email?linkurl=https%3A%2F%2Fwww.avani.pt%2Fes%2Fp%2Fpiel-fria-gel-reductor-de-grasa-efecto-frio-500ml%2F&amp;linkname=Piel%20Fr%C3%ADa%20%7C%20Gel%20Reductor%20de%20Grasa%20%7C%20Efecto%20Fr%C3%ADo%20500ml\" title=\"Email\" rel=\"nofollow noopener\" target=\"_blank\"><img loading=\"lazy\" decoding=\"async\" src=\"\/wp-content\/themes\/slendertail-theme\/addtoany\/email.svg\" width=\"48\" height=\"48\" alt=\"Email\"><\/a><a class=\"a2a_button_facebook\" href=\"https:\/\/www.addtoany.com\/add_to\/facebook?linkurl=https%3A%2F%2Fwww.avani.pt%2Fes%2Fp%2Fpiel-fria-gel-reductor-de-grasa-efecto-frio-500ml%2F&amp;linkname=Piel%20Fr%C3%ADa%20%7C%20Gel%20Reductor%20de%20Grasa%20%7C%20Efecto%20Fr%C3%ADo%20500ml\" title=\"Facebook\" rel=\"nofollow noopener\" target=\"_blank\"><img loading=\"lazy\" decoding=\"async\" src=\"\/wp-content\/themes\/slendertail-theme\/addtoany\/facebook.svg\" width=\"48\" height=\"48\" alt=\"Facebook\"><\/a><a class=\"a2a_button_facebook_messenger\" href=\"https:\/\/www.addtoany.com\/add_to\/facebook_messenger?linkurl=https%3A%2F%2Fwww.avani.pt%2Fes%2Fp%2Fpiel-fria-gel-reductor-de-grasa-efecto-frio-500ml%2F&amp;linkname=Piel%20Fr%C3%ADa%20%7C%20Gel%20Reductor%20de%20Grasa%20%7C%20Efecto%20Fr%C3%ADo%20500ml\" title=\"Messenger\" rel=\"nofollow noopener\" target=\"_blank\"><img loading=\"lazy\" decoding=\"async\" src=\"\/wp-content\/themes\/slendertail-theme\/addtoany\/facebook_messenger.svg\" width=\"48\" height=\"48\" alt=\"Messenger\"><\/a><a class=\"a2a_button_whatsapp\" href=\"https:\/\/www.addtoany.com\/add_to\/whatsapp?linkurl=https%3A%2F%2Fwww.avani.pt%2Fes%2Fp%2Fpiel-fria-gel-reductor-de-grasa-efecto-frio-500ml%2F&amp;linkname=Piel%20Fr%C3%ADa%20%7C%20Gel%20Reductor%20de%20Grasa%20%7C%20Efecto%20Fr%C3%ADo%20500ml\" title=\"WhatsApp\" rel=\"nofollow noopener\" target=\"_blank\"><img loading=\"lazy\" decoding=\"async\" src=\"\/wp-content\/themes\/slendertail-theme\/addtoany\/whatsapp.svg\" width=\"48\" height=\"48\" alt=\"WhatsApp\"><\/a><\/div><\/div><\/div>[\/vc_column][\/vc_row][vc_row full_width=&#8221;stretch_row_content_no_spaces&#8221; el_class=&#8221;text-align-center&#8221;][vc_column]<div class=\"container\">\n\t<div class=\"usability-tips-and-secrets-module desktop--only--md\">\n\n\t\t<div class=\"usability-tips-and-secrets-module-content-wrapper full-width-container\">\n\n\t\t\t\n\t\t\t\t\t\t\t<div class=\"usability-tips-and-secrets-module-content usability-tips-and-secrets-module-content--bordered margin-top-between-modules\">\n\t\t\t\t\t\t\t\t\t\t\t<h2 class=\"uppercase black\">C&oacute;mo utilizar<\/h2>\n\t\t\t\t\t\n\t\t\t\t\t\t\t\t\t\t\t<p>El Gel Piel Fr\u00eda debe utilizarse una vez al d\u00eda, masajeando bien hasta su completa absorci\u00f3n, despu\u00e9s del ejercicio. Para quienes no hacen ejercicio, debe aplicarse preferentemente al final del d\u00eda.<\/p>\n\n\t\t\t\t\t\t\t\t\t<\/div>\n\t\t\t\n\t\t\t\t\t<\/div>\n\t<\/div>\n\n\t\n\t\t\t<div class=\"accordion accordion-successive  js-accordion not-found mobile--only--md usability-tips-and-secrets-module text-align-center margin-top-between-modules back_color\">\n\t\t\t<div class=\"accordion-container\">\n\t\t\t\t<div class=\"accordion-question space-between\">\n\t\t\t\t\t\t\t\t\t\t\t<h3 class=\"accordion-question-title uppercase back_color\">\n\t\t\t\t\t\t\tC&oacute;mo utilizar\n\t\t\t\t\t\t<\/h3>\n\t\t\t\t\t\n\t\t\t\t\t<span class=\"accordion-arrow back_color\">&emsp;<\/span>\n\t\t\t\t<\/div>\n\t\t\t\t<div class=\"accordion-answer\">\n\t\t\t\t\t\t\t\t\t\t\t<div class=\"usability-tips-and-secrets-module-content\">\n\t\t\t\t\t\t\t<p>El Gel Piel Fr\u00eda debe utilizarse una vez al d\u00eda, masajeando bien hasta su completa absorci\u00f3n, despu\u00e9s del ejercicio. Para quienes no hacen ejercicio, debe aplicarse preferentemente al final del d\u00eda.<\/p>\n\n\t\t\t\t\t\t<\/div>\n\t\t\t\t\t\t\t\t\t<\/div>\n\t\t\t<\/div>\n\t\t<\/div>\n\t\n\t<\/div>\n<div class=\"container \">\n\n    <div class=\"content-default-module text-align-center margin-top-between-modules\n        \n        \n        \n        \n        \n        \n        desktop--only--md\"\n        style=\"margin-bottom: 0px;\"\n    >\n\n                <div class=\"content-default-module-titles\">\n                            <h2 class=\"content-default-module-title uppercase black\">Consejos y secretos<\/h2>\n            \n                    <\/div>\n        \n                    <div class=\"content-default-module-content\">\n                <\/p>\n<div class=\"x_x_elementToProof\">\n<p style=\"text-align: center;\">Su uso es eficaz tanto para quienes hacen ejercicio como para quienes no lo hacen. Para ver la recomendaci\u00f3n completa para ambas situaciones, echa un vistazo a los sets Avani Profesional completos: <a href=\"https:\/\/www.avani.pt\/es\/p\/set-reafirmante-reductor-de-grasa\/\">Set Reafirmante<\/a> <a href=\"https:\/\/www.avani.pt\/es\/p\/set-reafirmante-reductor-de-grasa-con-ejercicio\/\">Reductor<\/a> de G rasa con Ejercicio y Set Reafirmante Reductor de Grasa.<\/p>\n<p style=\"text-align: center;\">Para ayudar a aliviar el dolor muscular, recomendamos utilizarlo con <a href=\"https:\/\/www.avani.pt\/es\/p\/balsamo-de-masaje-aromatico-shakti-150ml\/\">el b\u00e1lsamo arom\u00e1tico de masaje Shakti<\/a>.<\/p>\n<p style=\"text-align: center;\">\n<\/div>\n<p>\n\n            <\/div>\n        \n        \n        \n\n        \n\n\n    <\/div>\n\n\n            <div class=\"accordion accordion-successive   js-accordion not-found mobile--only--md content-default-module text-align-center margin-top-between-modules back_color\">\n            <div class=\"accordion-container\">\n                <div class=\"accordion-question space-between\">\n                                            <h3 class=\"accordion-question-title uppercase back_color\">\n                            Consejos y secretos\n                        <\/h3>\n                                        <span class=\"accordion-arrow back_color\">&emsp;<\/span>\n                <\/div>\n                <div class=\"accordion-answer\">\n                    \n                                            <div class=\"content-default-module-content\">\n                            <\/p>\n<div class=\"x_x_elementToProof\">\n<p style=\"text-align: center;\">Su uso es eficaz tanto para quienes hacen ejercicio como para quienes no lo hacen. Para ver la recomendaci\u00f3n completa para ambas situaciones, echa un vistazo a los sets Avani Profesional completos: <a href=\"https:\/\/www.avani.pt\/es\/p\/set-reafirmante-reductor-de-grasa\/\">Set Reafirmante<\/a> <a href=\"https:\/\/www.avani.pt\/es\/p\/set-reafirmante-reductor-de-grasa-con-ejercicio\/\">Reductor<\/a> de G rasa con Ejercicio y Set Reafirmante Reductor de Grasa.<\/p>\n<p style=\"text-align: center;\">Para ayudar a aliviar el dolor muscular, recomendamos utilizarlo con <a href=\"https:\/\/www.avani.pt\/es\/p\/balsamo-de-masaje-aromatico-shakti-150ml\/\">el b\u00e1lsamo arom\u00e1tico de masaje Shakti<\/a>.<\/p>\n<p style=\"text-align: center;\">\n<\/div>\n<p>\n\n                        <\/div>\n                    \n                    \n                                    <\/div>\n            <\/div>\n        <\/div>\n    \n<\/div>\n[\/vc_column][\/vc_row][vc_row full_width=&#8221;stretch_row_content_no_spaces&#8221; el_class=&#8221;text-align-center&#8221;][vc_column]<div class=\"container \">\n\n    <div class=\"content-default-module text-align-center margin-top-between-modules\n        \n        \n        \n        \n        \n        \n        desktop--only--md\"\n        style=\"margin-bottom: 0px;\"\n    >\n\n                <div class=\"content-default-module-titles\">\n                            <h2 class=\"content-default-module-title uppercase black\">Composici&oacute;n<\/h2>\n            \n                    <\/div>\n        \n                    <div class=\"content-default-module-content\">\n                <\/p>\n<div style=\"text-align: left;\"><strong>El mentol<\/strong><b> | <\/b>proporciona una sensaci\u00f3n &#8220;helada&#8221; que, adem\u00e1s de confort, estimula el metabolismo celular, ayudando a reducir la grasa localizada.<\/div>\n<div style=\"text-align: left;\"><strong>El alcanfor<\/strong><b> | <\/b>proporciona un efecto &#8220;helado&#8221; junto con el mentol, estimulando la piel y reafirm\u00e1ndola al mismo tiempo.<\/div>\n<div style=\"text-align: left;\"><strong>Cetona de frambuesa<\/strong><b> |<\/b> un superingrediente con propiedades antioxidantes que promueve beneficios extraordinarios para ayudar a ralentizar el envejecimiento de la piel aumentando su elasticidad.<\/div>\n<div style=\"text-align: left;\"><strong>El aceite de naranja amarga<\/strong><b> -altamente<\/b> concentrado en limoneno- ayuda a tratar problemas como la celulitis y la grasa localizada.<\/div>\n<p>\n\n            <\/div>\n        \n        \n        \n\n        \n\n\n    <\/div>\n\n\n            <div class=\"accordion accordion-successive   js-accordion not-found mobile--only--md content-default-module text-align-center margin-top-between-modules back_color\">\n            <div class=\"accordion-container\">\n                <div class=\"accordion-question space-between\">\n                                            <h3 class=\"accordion-question-title uppercase back_color\">\n                            Composici&oacute;n\n                        <\/h3>\n                                        <span class=\"accordion-arrow back_color\">&emsp;<\/span>\n                <\/div>\n                <div class=\"accordion-answer\">\n                    \n                                            <div class=\"content-default-module-content\">\n                            <\/p>\n<div style=\"text-align: left;\"><strong>El mentol<\/strong><b> | <\/b>proporciona una sensaci\u00f3n &#8220;helada&#8221; que, adem\u00e1s de confort, estimula el metabolismo celular, ayudando a reducir la grasa localizada.<\/div>\n<div style=\"text-align: left;\"><strong>El alcanfor<\/strong><b> | <\/b>proporciona un efecto &#8220;helado&#8221; junto con el mentol, estimulando la piel y reafirm\u00e1ndola al mismo tiempo.<\/div>\n<div style=\"text-align: left;\"><strong>Cetona de frambuesa<\/strong><b> |<\/b> un superingrediente con propiedades antioxidantes que promueve beneficios extraordinarios para ayudar a ralentizar el envejecimiento de la piel aumentando su elasticidad.<\/div>\n<div style=\"text-align: left;\"><strong>El aceite de naranja amarga<\/strong><b> -altamente<\/b> concentrado en limoneno- ayuda a tratar problemas como la celulitis y la grasa localizada.<\/div>\n<p>\n\n                        <\/div>\n                    \n                    \n                                    <\/div>\n            <\/div>\n        <\/div>\n    \n<\/div>\n<div class=\"container \">\n\n    <div class=\"content-default-module text-align-center margin-top-between-modules\n        \n        \n        \n        \n        \n        \n        desktop--only--md\"\n        style=\"margin-bottom: 0px;\"\n    >\n\n                <div class=\"content-default-module-titles\">\n                            <h2 class=\"content-default-module-title uppercase black\">Ingredientes<\/h2>\n            \n                    <\/div>\n        \n                    <div class=\"content-default-module-content\">\n                <\/p>\n<p style=\"text-align: center;\">Agua, alcohol desnaturalizado, PEG-7 gliceril cocoato, cetona de frambuesa, mentol, alcanfor, trietanolamina, carb\u00f3mero, acetona, ceteareth-20, parfum, TEA-hidroyoduro, aceite de hojas de Citrus aurantium, etilhexilglicerina, fenoxietanol, limoneno, linalool, citral, geraniol, cumarina, CI 19140, CI 42051.<\/p>\n<p>\n\n            <\/div>\n        \n        \n        \n\n        \n\n\n    <\/div>\n\n\n            <div class=\"accordion accordion-successive   js-accordion not-found mobile--only--md content-default-module text-align-center margin-top-between-modules back_color\">\n            <div class=\"accordion-container\">\n                <div class=\"accordion-question space-between\">\n                                            <h3 class=\"accordion-question-title uppercase back_color\">\n                            Ingredientes\n                        <\/h3>\n                                        <span class=\"accordion-arrow back_color\">&emsp;<\/span>\n                <\/div>\n                <div class=\"accordion-answer\">\n                    \n                                            <div class=\"content-default-module-content\">\n                            <\/p>\n<p style=\"text-align: center;\">Agua, alcohol desnaturalizado, PEG-7 gliceril cocoato, cetona de frambuesa, mentol, alcanfor, trietanolamina, carb\u00f3mero, acetona, ceteareth-20, parfum, TEA-hidroyoduro, aceite de hojas de Citrus aurantium, etilhexilglicerina, fenoxietanol, limoneno, linalool, citral, geraniol, cumarina, CI 19140, CI 42051.<\/p>\n<p>\n\n                        <\/div>\n                    \n                    \n                                    <\/div>\n            <\/div>\n        <\/div>\n    \n<\/div>\n[\/vc_column][\/vc_row]<\/p>\n<\/div>","protected":false},"excerpt":{"rendered":"<div class=\"x_x_elementToProof\" style=\"text-align: left;\">\n<p>Gel corporal reafirmante y tonificante reductor de grasa con mentol y alcanfor que proporciona una sensaci\u00f3n refrescante. Tambi\u00e9n ayuda a aliviar el dolor muscular y otras molestias.<\/p>\n<\/div>\n<div class=\"x_x_elementToProof\"><\/div>\n","protected":false},"featured_media":74732,"comment_status":"open","ping_status":"closed","template":"","meta":{"_acf_changed":false},"product_brand":[],"product_cat":[474,491,552,545,697,599,526,484,656,551],"product_tag":[],"class_list":{"0":"post-78346","1":"product","2":"type-product","3":"status-publish","4":"has-post-thumbnail","6":"product_cat-alcanfor","7":"product_cat-cuerpo","8":"product_cat-cuidado-corporal","9":"product_cat-firmeza-y-elasticidad","10":"product_cat-gel-corporal","11":"product_cat-grasa-localizada","12":"product_cat-ingredientes-2","13":"product_cat-ingredientes","14":"product_cat-masaje-corporal","15":"product_cat-productos-cuerpo","17":"first","18":"instock","19":"taxable","20":"shipping-taxable","21":"purchasable","22":"product-type-simple"},"acf":[],"wooqr_code":"","_links":{"self":[{"href":"https:\/\/www.avani.pt\/es\/wp-json\/wp\/v2\/product\/78346","targetHints":{"allow":["GET"]}}],"collection":[{"href":"https:\/\/www.avani.pt\/es\/wp-json\/wp\/v2\/product"}],"about":[{"href":"https:\/\/www.avani.pt\/es\/wp-json\/wp\/v2\/types\/product"}],"replies":[{"embeddable":true,"href":"https:\/\/www.avani.pt\/es\/wp-json\/wp\/v2\/comments?post=78346"}],"wp:featuredmedia":[{"embeddable":true,"href":"https:\/\/www.avani.pt\/es\/wp-json\/wp\/v2\/media\/74732"}],"wp:attachment":[{"href":"https:\/\/www.avani.pt\/es\/wp-json\/wp\/v2\/media?parent=78346"}],"wp:term":[{"taxonomy":"product_brand","embeddable":true,"href":"https:\/\/www.avani.pt\/es\/wp-json\/wp\/v2\/product_brand?post=78346"},{"taxonomy":"product_cat","embeddable":true,"href":"https:\/\/www.avani.pt\/es\/wp-json\/wp\/v2\/product_cat?post=78346"},{"taxonomy":"product_tag","embeddable":true,"href":"https:\/\/www.avani.pt\/es\/wp-json\/wp\/v2\/product_tag?post=78346"}],"curies":[{"name":"wp","href":"https:\/\/api.w.org\/{rel}","templated":true}]}}