{"id":78350,"date":"2018-03-28T10:26:47","date_gmt":"2018-03-28T09:26:47","guid":{"rendered":"https:\/\/www.avani.pt\/p\/gel-vegano-de-aloe-vera-efecto-calmante-y-regenerador-500ml\/"},"modified":"2025-12-17T14:33:28","modified_gmt":"2025-12-17T14:33:28","slug":"gel-vegano-de-aloe-vera-efecto-calmante-y-regenerador-500ml","status":"publish","type":"product","link":"https:\/\/www.avani.pt\/es\/p\/gel-vegano-de-aloe-vera-efecto-calmante-y-regenerador-500ml\/","title":{"rendered":"Gel Vegano de Aloe Vera | Efecto Calmante y Regenerador 500ml"},"content":{"rendered":"<div class=\"wpb-content-wrapper\"><p>[vc_row full_width=&#8221;stretch_row_content_no_spaces&#8221; el_class=&#8221;text-align-center&#8221;][vc_column]<div class=\"stars-of-product-module-wrapper margin-top-between-modules\">\n    <img decoding=\"async\" class=\"stars-of-product-module-left-image-design\" src=\"\/dist\/images\/stars_product_module_design.png\">\n    <img decoding=\"async\" class=\"stars-of-product-module-right-image-design\" src=\"\/dist\/images\/stars_product_module_design.png\">\n\n    <div class=\"container\">\n\n        <div class=\"stars-of-product-module text-align-center  desktop--only--md\">\n\n            \n                            <div class=\"stars-of-product-module-titles\">\n                                            <h2 class=\"stars-of-product-module-title black uppercase back_color\">Las estrellas del producto<\/h2>\n                                    <\/div>\n            \n                            <div class=\"stars-of-product-module-content\">\n                    <p>El Gel de Aloe Vera Avani tiene una f\u00f3rmula ligera y vegana compuesta por: aloe vera naturalmente rico en vitaminas; amino\u00e1cidos vegetales que ayudan a reforzar las defensas de la piel, mantener la hidrataci\u00f3n, proteger contra los da\u00f1os causados por los radicales libres y prevenir los signos del envejecimiento; y vitamina E que retiene la humedad para mantener la piel radiante y sana. La aplicaci\u00f3n de este gel proporciona una sensaci\u00f3n inmediata de frescor e hidrataci\u00f3n. Tiene una fragancia calmante que proporciona una sensaci\u00f3n instant\u00e1nea de bienestar. Varios estudios han demostrado que el Aloe vera tiene propiedades antioxidantes, hidratantes, nutritivas, refrescantes y regeneradoras celulares que aportan numerosos beneficios a la piel. Los polisac\u00e1ridos presentes en el Aloe vera mejoran la reparaci\u00f3n celular y la actividad regeneradora de la piel tras la exposici\u00f3n al sol, adem\u00e1s de su efecto calmante, sobre todo en la piel quemada por el sol. Seg\u00fan la filosof\u00eda ayurv\u00e9dica, el Aloe vera est\u00e1 clasificado como planta &#8220;tridosha hara&#8221;, que ayuda a equilibrar las tres energ\u00edas presentes en nuestro interior: Vata, Pitta y Kapha. En la filosof\u00eda hind\u00fa, los doshas simbolizan la manifestaci\u00f3n f\u00edsica de los cinco elementos presentes en nuestro cuerpo: agua, fuego, tierra, aire y \u00e9ter. El equilibrio de los doshas es esencial para una piel sana.       <\/p>\n\n                <\/div>\n            \n        <\/div>\n\n\n                    <div class=\"accordion   accordion-successive-first js-accordion not-found mobile--only--md stars-of-product-module text-align-center margin-top-between-modules back_color\">\n                <div class=\"accordion-container\">\n                    <div class=\"accordion-question space-between\">\n                                                    <h3 class=\"accordion-question-title uppercase back_color\">\n                                As Estrelas do Produto\n                            <\/h3>\n                                                <span class=\"accordion-arrow back_color\">&emsp;<\/span>\n                    <\/div>\n                    <div class=\"accordion-answer\">\n\n                        \n                                                    <div class=\"stars-of-product-module-content\">\n                                <p>El Gel de Aloe Vera Avani tiene una f\u00f3rmula ligera y vegana compuesta por: aloe vera naturalmente rico en vitaminas; amino\u00e1cidos vegetales que ayudan a reforzar las defensas de la piel, mantener la hidrataci\u00f3n, proteger contra los da\u00f1os causados por los radicales libres y prevenir los signos del envejecimiento; y vitamina E que retiene la humedad para mantener la piel radiante y sana. La aplicaci\u00f3n de este gel proporciona una sensaci\u00f3n inmediata de frescor e hidrataci\u00f3n. Tiene una fragancia calmante que proporciona una sensaci\u00f3n instant\u00e1nea de bienestar. Varios estudios han demostrado que el Aloe vera tiene propiedades antioxidantes, hidratantes, nutritivas, refrescantes y regeneradoras celulares que aportan numerosos beneficios a la piel. Los polisac\u00e1ridos presentes en el Aloe vera mejoran la reparaci\u00f3n celular y la actividad regeneradora de la piel tras la exposici\u00f3n al sol, adem\u00e1s de su efecto calmante, sobre todo en la piel quemada por el sol. Seg\u00fan la filosof\u00eda ayurv\u00e9dica, el Aloe vera est\u00e1 clasificado como planta &#8220;tridosha hara&#8221;, que ayuda a equilibrar las tres energ\u00edas presentes en nuestro interior: Vata, Pitta y Kapha. En la filosof\u00eda hind\u00fa, los doshas simbolizan la manifestaci\u00f3n f\u00edsica de los cinco elementos presentes en nuestro cuerpo: agua, fuego, tierra, aire y \u00e9ter. El equilibrio de los doshas es esencial para una piel sana.       <\/p>\n\n                            <\/div>\n                                            <\/div>\n                <\/div>\n            <\/div>\n        \n    <\/div>\n<\/div>\n[\/vc_column][\/vc_row][vc_row full_width=&#8221;stretch_row_content_no_spaces&#8221; el_class=&#8221;text-align-center&#8221;][vc_column]<div class=\"container\">\n\t<div class=\"usability-tips-and-secrets-module desktop--only--md\">\n\n\t\t<div class=\"usability-tips-and-secrets-module-content-wrapper full-width-container\">\n\n\t\t\t\n\t\t\t\t\t\t\t<div class=\"usability-tips-and-secrets-module-content usability-tips-and-secrets-module-content--bordered margin-top-between-modules\">\n\t\t\t\t\t\t\t\t\t\t\t<h2 class=\"uppercase black\">Como usar<\/h2>\n\t\t\t\t\t\n\t\t\t\t\t\t\t\t\t\t\t<p>Coloque um pouco do Gel Aloe Vera Avani na palma m\u00e3o e aplique sobre a pele com movimentos circulares para uma aplica\u00e7\u00e3o otimizada e uniforme. Um produto vers\u00e1til que pode ser utilizado sobre todo o rosto, corpo ou em zonas espec\u00edficas.<\/p>\n\n\t\t\t\t\t\t\t\t\t<\/div>\n\t\t\t\n\t\t\t\t\t\t\t<div class=\"usability-tips-and-secrets-module-content margin-top-between-modules\">\n\t\t\t\t\t\t\t\t\t\t\t<h2 class=\"uppercase black\">Dicas &amp; Segredos<\/h2>\n\t\t\t\t\t\n\t\t\t\t\t\t\t\t\t\t\t<p>Este Gel de Aloe vera \u00e9 muito vers\u00e1til, e pode ser aplicado de v\u00e1rias formas: \u2013 Antes da hidrata\u00e7\u00e3o facial, como base; \u2013 Ap\u00f3s a praia ou depila\u00e7\u00e3o para um efeito calmante e regenerador; \u2013 No couro cabeludo para acalmar problemas de descama\u00e7\u00e3o e irrita\u00e7\u00e3o; \u2013 Segundo a sugest\u00e3o da Makeup Artist In\u00eas Franco, misturado com p\u00f3 iluminador para um efeito luminoso na pele!<\/p>\n\n\t\t\t\t\t\t\t\t\t<\/div>\n\t\t\t\t\t<\/div>\n\t<\/div>\n\n\t\n\t\t\t<div class=\"accordion accordion-successive  js-accordion not-found mobile--only--md usability-tips-and-secrets-module text-align-center margin-top-between-modules back_color\">\n\t\t\t<div class=\"accordion-container\">\n\t\t\t\t<div class=\"accordion-question space-between\">\n\t\t\t\t\t\t\t\t\t\t\t<h3 class=\"accordion-question-title uppercase back_color\">\n\t\t\t\t\t\t\tComo usar\n\t\t\t\t\t\t<\/h3>\n\t\t\t\t\t\n\t\t\t\t\t<span class=\"accordion-arrow back_color\">&emsp;<\/span>\n\t\t\t\t<\/div>\n\t\t\t\t<div class=\"accordion-answer\">\n\t\t\t\t\t\t\t\t\t\t\t<div class=\"usability-tips-and-secrets-module-content\">\n\t\t\t\t\t\t\t<p>Coloque um pouco do Gel Aloe Vera Avani na palma m\u00e3o e aplique sobre a pele com movimentos circulares para uma aplica\u00e7\u00e3o otimizada e uniforme. Um produto vers\u00e1til que pode ser utilizado sobre todo o rosto, corpo ou em zonas espec\u00edficas.<\/p>\n\n\t\t\t\t\t\t<\/div>\n\t\t\t\t\t\t\t\t\t<\/div>\n\t\t\t<\/div>\n\t\t<\/div>\n\t\n\t\t\t<div class=\"accordion accordion-successive js-accordion not-found mobile--only--md usability-tips-and-secrets-module text-align-center margin-top-between-modules back_color\">\n\t\t\t<div class=\"accordion-container\">\n\t\t\t\t<div class=\"accordion-question space-between\">\n\t\t\t\t\t\t\t\t\t\t\t<h3 class=\"accordion-question-title uppercase back_color\">\n\t\t\t\t\t\t\tDicas &amp; Segredos\n\t\t\t\t\t\t<\/h3>\n\t\t\t\t\t\n\t\t\t\t\t<span class=\"accordion-arrow back_color\">&emsp;<\/span>\n\t\t\t\t<\/div>\n\t\t\t\t<div class=\"accordion-answer\">\n\t\t\t\t\t\t\t\t\t\t\t<div class=\"usability-tips-and-secrets-module-content\">\n\t\t\t\t\t\t\t<p>Este Gel de Aloe vera \u00e9 muito vers\u00e1til, e pode ser aplicado de v\u00e1rias formas: \u2013 Antes da hidrata\u00e7\u00e3o facial, como base; \u2013 Ap\u00f3s a praia ou depila\u00e7\u00e3o para um efeito calmante e regenerador; \u2013 No couro cabeludo para acalmar problemas de descama\u00e7\u00e3o e irrita\u00e7\u00e3o; \u2013 Segundo a sugest\u00e3o da Makeup Artist In\u00eas Franco, misturado com p\u00f3 iluminador para um efeito luminoso na pele!<\/p>\n\n\t\t\t\t\t\t<\/div>\n\t\t\t\t\t\t\t\t\t<\/div>\n\t\t\t<\/div>\n\t\t<\/div>\n\t<\/div>\n[\/vc_column][\/vc_row][vc_row full_width=&#8221;stretch_row_content_no_spaces&#8221; el_class=&#8221;text-align-center&#8221;][vc_column]<div class=\"container \">\n\n    <div class=\"content-default-module text-align-center margin-top-between-modules\n        \n        \n        \n        \n        \n        \n        desktop--only--md\"\n        style=\"margin-bottom: 0px;\"\n    >\n\n                <div class=\"content-default-module-titles\">\n                            <h2 class=\"content-default-module-title uppercase black\">Composi&ccedil;&atilde;o<\/h2>\n            \n                    <\/div>\n        \n                    <div class=\"content-default-module-content\">\n                <\/p>\n<p style=\"text-align: left;\"><strong>Aloe Vera | <\/strong>muito\u00a0rico em vitaminas A, B12, C e E; composto por v\u00e1rias enzimas, minerais, \u00e1cidos salic\u00edlicos, saponinas e outros amino\u00e1cidos importantes que ajudam a melhorar muito a sa\u00fade da pele. V\u00e1rios estudos revelam que a bioqu\u00edmica do aloe vera tem propriedades antioxidantes, hidratantes, nutritivas, refrescantes e regeneradoras celulares extremamente ben\u00e9ficas para a pele.<\/p>\n<p style=\"text-align: left;\"><strong>Vitamina E |\u00a0<\/strong>atua como um antioxidante e agente protetor. A Vitamina E est\u00e1 presente no nosso sebo (oleosidade natural da pele), e os seus n\u00edveis v\u00e3o diminuindo naturalmente com a idade. Tem uma a\u00e7\u00e3o protetora \u2013 ajuda a evitar a perda da h\u00famidade, protege as c\u00e9lulas dos danos e suaviza a pele.<\/p>\n<p style=\"text-align: left;\"><strong>Amino\u00e1cidos Vegetais | <\/strong>ajudam a fortalecer as defesas da pele, mant\u00eam a hidrata\u00e7\u00e3o, t\u00eam uma a\u00e7\u00e3o protetora contra os danos causados pelos radicais livres e na preven\u00e7\u00e3o dos sinais de envelhecimento.<\/p>\n<p>\n\n            <\/div>\n        \n        \n        \n\n        \n\n\n    <\/div>\n\n\n            <div class=\"accordion accordion-successive   js-accordion not-found mobile--only--md content-default-module text-align-center margin-top-between-modules back_color\">\n            <div class=\"accordion-container\">\n                <div class=\"accordion-question space-between\">\n                                            <h3 class=\"accordion-question-title uppercase back_color\">\n                            Composi&ccedil;&atilde;o\n                        <\/h3>\n                                        <span class=\"accordion-arrow back_color\">&emsp;<\/span>\n                <\/div>\n                <div class=\"accordion-answer\">\n                    \n                                            <div class=\"content-default-module-content\">\n                            <\/p>\n<p style=\"text-align: left;\"><strong>Aloe Vera | <\/strong>muito\u00a0rico em vitaminas A, B12, C e E; composto por v\u00e1rias enzimas, minerais, \u00e1cidos salic\u00edlicos, saponinas e outros amino\u00e1cidos importantes que ajudam a melhorar muito a sa\u00fade da pele. V\u00e1rios estudos revelam que a bioqu\u00edmica do aloe vera tem propriedades antioxidantes, hidratantes, nutritivas, refrescantes e regeneradoras celulares extremamente ben\u00e9ficas para a pele.<\/p>\n<p style=\"text-align: left;\"><strong>Vitamina E |\u00a0<\/strong>atua como um antioxidante e agente protetor. A Vitamina E est\u00e1 presente no nosso sebo (oleosidade natural da pele), e os seus n\u00edveis v\u00e3o diminuindo naturalmente com a idade. Tem uma a\u00e7\u00e3o protetora \u2013 ajuda a evitar a perda da h\u00famidade, protege as c\u00e9lulas dos danos e suaviza a pele.<\/p>\n<p style=\"text-align: left;\"><strong>Amino\u00e1cidos Vegetais | <\/strong>ajudam a fortalecer as defesas da pele, mant\u00eam a hidrata\u00e7\u00e3o, t\u00eam uma a\u00e7\u00e3o protetora contra os danos causados pelos radicais livres e na preven\u00e7\u00e3o dos sinais de envelhecimento.<\/p>\n<p>\n\n                        <\/div>\n                    \n                    \n                                    <\/div>\n            <\/div>\n        <\/div>\n    \n<\/div>\n<div class=\"container \">\n\n    <div class=\"content-default-module text-align-center margin-top-between-modules\n        \n        \n        \n        \n        \n        \n        desktop--only--md\"\n        style=\"margin-bottom: 0px;\"\n    >\n\n                <div class=\"content-default-module-titles\">\n                            <h2 class=\"content-default-module-title uppercase black\">Ingredientes<\/h2>\n            \n                    <\/div>\n        \n                    <div class=\"content-default-module-content\">\n                <\/p>\n<p style=\"text-align: center;\">Aqua, glycerin, PPG-26-buteth-26, PEG-40 hydrogenated castor oil, carbomer,<br \/>\ntriethanolamine, Aloe barbadensis leaf juice powder, vegetable amino acids, tocopheryl acetate,<br \/>\nsodium phytate, parfum, benzoic acid, sorbic acid, benzyl alcohol, sodium benzoate,<br \/>\nphenoxyethanol, CI 19140, CI 42051.<\/p>\n<p>\n\n            <\/div>\n        \n        \n        \n\n        \n\n\n    <\/div>\n\n\n            <div class=\"accordion accordion-successive   js-accordion not-found mobile--only--md content-default-module text-align-center margin-top-between-modules back_color\">\n            <div class=\"accordion-container\">\n                <div class=\"accordion-question space-between\">\n                                            <h3 class=\"accordion-question-title uppercase back_color\">\n                            Ingredientes\n                        <\/h3>\n                                        <span class=\"accordion-arrow back_color\">&emsp;<\/span>\n                <\/div>\n                <div class=\"accordion-answer\">\n                    \n                                            <div class=\"content-default-module-content\">\n                            <\/p>\n<p style=\"text-align: center;\">Aqua, glycerin, PPG-26-buteth-26, PEG-40 hydrogenated castor oil, carbomer,<br \/>\ntriethanolamine, Aloe barbadensis leaf juice powder, vegetable amino acids, tocopheryl acetate,<br \/>\nsodium phytate, parfum, benzoic acid, sorbic acid, benzyl alcohol, sodium benzoate,<br \/>\nphenoxyethanol, CI 19140, CI 42051.<\/p>\n<p>\n\n                        <\/div>\n                    \n                    \n                                    <\/div>\n            <\/div>\n        <\/div>\n    \n<\/div>\n[\/vc_column][\/vc_row]<\/p>\n<\/div>","protected":false},"excerpt":{"rendered":"<p>Gel Vegano de Aloe Vera hidratante y refrescante al instante, con una f\u00f3rmula ultraligera compuesta por Aloe Vera 100%, Amino\u00e1cidos Vegetales y Vitamina E. Se funde con la piel y proporciona inmediatamente un cutis radiante, suave y terso. Se puede aplicar a todo tipo de pieles, rostro y cuerpo. Con una fragancia muy agradable, proporciona una sensaci\u00f3n instant\u00e1nea de bienestar.  <\/p>\n","protected":false},"featured_media":73986,"comment_status":"open","ping_status":"closed","template":"","meta":{"_acf_changed":false},"product_brand":[],"product_cat":[440,593,491,552,661,612,671,697,642,547,526,484,681,656,639,551,503,501,596,542,564],"product_tag":[],"class_list":{"0":"post-78350","1":"product","2":"type-product","3":"status-publish","4":"has-post-thumbnail","6":"product_cat-aloe-vera","7":"product_cat-conjuntos-de-verano","8":"product_cat-cuerpo","9":"product_cat-cuidado-corporal","10":"product_cat-despues-del-sol","11":"product_cat-tematica-verano-cuerpo","12":"product_cat-tematica-verano-rostro","13":"product_cat-gel-corporal","14":"product_cat-gel-facial","15":"product_cat-hidratante","16":"product_cat-ingredientes-2","17":"product_cat-ingredientes","18":"product_cat-linea-spa-para-el-cuerpo","19":"product_cat-masaje-corporal","20":"product_cat-pieles-grasas-y-mixtas","21":"product_cat-productos-cuerpo","22":"product_cat-productos-linea-spa","23":"product_cat-profesional","24":"product_cat-solares","25":"product_cat-tratamiento-del-acne","26":"product_cat-tematica-verano","28":"first","29":"instock","30":"taxable","31":"shipping-taxable","32":"purchasable","33":"product-type-simple"},"acf":[],"wooqr_code":"","_links":{"self":[{"href":"https:\/\/www.avani.pt\/es\/wp-json\/wp\/v2\/product\/78350","targetHints":{"allow":["GET"]}}],"collection":[{"href":"https:\/\/www.avani.pt\/es\/wp-json\/wp\/v2\/product"}],"about":[{"href":"https:\/\/www.avani.pt\/es\/wp-json\/wp\/v2\/types\/product"}],"replies":[{"embeddable":true,"href":"https:\/\/www.avani.pt\/es\/wp-json\/wp\/v2\/comments?post=78350"}],"wp:featuredmedia":[{"embeddable":true,"href":"https:\/\/www.avani.pt\/es\/wp-json\/wp\/v2\/media\/73986"}],"wp:attachment":[{"href":"https:\/\/www.avani.pt\/es\/wp-json\/wp\/v2\/media?parent=78350"}],"wp:term":[{"taxonomy":"product_brand","embeddable":true,"href":"https:\/\/www.avani.pt\/es\/wp-json\/wp\/v2\/product_brand?post=78350"},{"taxonomy":"product_cat","embeddable":true,"href":"https:\/\/www.avani.pt\/es\/wp-json\/wp\/v2\/product_cat?post=78350"},{"taxonomy":"product_tag","embeddable":true,"href":"https:\/\/www.avani.pt\/es\/wp-json\/wp\/v2\/product_tag?post=78350"}],"curies":[{"name":"wp","href":"https:\/\/api.w.org\/{rel}","templated":true}]}}