{"id":78356,"date":"2018-03-28T09:38:08","date_gmt":"2018-03-28T08:38:08","guid":{"rendered":"https:\/\/www.avani.pt\/p\/leche-limpiadora-facial-vegana-500ml-aceite-de-sesamo-y-amla\/"},"modified":"2025-11-05T13:46:29","modified_gmt":"2025-11-05T13:46:29","slug":"leche-limpiadora-facial-vegana-500ml-aceite-de-sesamo-y-amla","status":"publish","type":"product","link":"https:\/\/www.avani.pt\/es\/p\/leche-limpiadora-facial-vegana-500ml-aceite-de-sesamo-y-amla\/","title":{"rendered":"Leche Limpiadora Facial Vegana 500ml | Aceite de S\u00e9samo y Amla"},"content":{"rendered":"<div class=\"wpb-content-wrapper\"><p>[vc_row full_width=&#8221;stretch_row_content_no_spaces&#8221; el_class=&#8221;text-align-center&#8221;][vc_column]<div class=\"stars-of-product-module-wrapper margin-top-between-modules\">\n    <img decoding=\"async\" class=\"stars-of-product-module-left-image-design\" src=\"\/dist\/images\/stars_product_module_design.png\">\n    <img decoding=\"async\" class=\"stars-of-product-module-right-image-design\" src=\"\/dist\/images\/stars_product_module_design.png\">\n\n    <div class=\"container\">\n\n        <div class=\"stars-of-product-module text-align-center  desktop--only--md\">\n\n            \n                            <div class=\"stars-of-product-module-titles\">\n                                            <h2 class=\"stars-of-product-module-title black uppercase back_color\">Las estrellas del producto<\/h2>\n                                    <\/div>\n            \n                            <div class=\"stars-of-product-module-content\">\n                    <p>Es sumamente importante limpiar la piel a diario, por la ma\u00f1ana y por la noche, porque la acumulaci\u00f3n de part\u00edculas de contaminaci\u00f3n y metales pesados debilita su estructura, acelerando la oxidaci\u00f3n y, en consecuencia, el envejecimiento cut\u00e1neo. Estas agresiones debilitan la barrera cut\u00e1nea, por lo que, adem\u00e1s de eliminar las impurezas, es esencial reforzar y proteger su pH. Esta leche es muy suave y rica; ayuda a eliminar estas impurezas, desmaquilla y limpia la piel con suavidad y en profundidad. Tras su aplicaci\u00f3n, la textura de la piel parece m\u00e1s refinada. Combina la riqueza de una mezcla de aceites con la fluidez de una leche para desmaquillar con suavidad. Su f\u00f3rmula est\u00e1 enriquecida con aceite de s\u00e9samo, que mantiene la piel flexible y suave; aceite de arg\u00e1n, que hidrata y nutre la piel; aceite de almendras dulces, que refuerza la barrera natural de la piel; escualeno, que deja la piel m\u00e1s radiante, hidratada y con una textura m\u00e1s suave; amla, fruta india que ayuda a regenerar y ralentizar el proceso de envejecimiento, proporcionando a la piel una textura m\u00e1s suave; y extracto de camomila, calmante y regenerador. Con una composici\u00f3n muy rica y vegana, proporciona un desmaquillado suave y eficaz que refuerza la barrera cut\u00e1nea.<\/p>\n\n                <\/div>\n            \n        <\/div>\n\n\n                    <div class=\"accordion   accordion-successive-first js-accordion not-found mobile--only--md stars-of-product-module text-align-center margin-top-between-modules back_color\">\n                <div class=\"accordion-container\">\n                    <div class=\"accordion-question space-between\">\n                                                    <h3 class=\"accordion-question-title uppercase back_color\">\n                                Las estrellas del producto\n                            <\/h3>\n                                                <span class=\"accordion-arrow back_color\">&emsp;<\/span>\n                    <\/div>\n                    <div class=\"accordion-answer\">\n\n                        \n                                                    <div class=\"stars-of-product-module-content\">\n                                <p>Es sumamente importante limpiar la piel a diario, por la ma\u00f1ana y por la noche, porque la acumulaci\u00f3n de part\u00edculas de contaminaci\u00f3n y metales pesados debilita su estructura, acelerando la oxidaci\u00f3n y, en consecuencia, el envejecimiento cut\u00e1neo. Estas agresiones debilitan la barrera cut\u00e1nea, por lo que, adem\u00e1s de eliminar las impurezas, es esencial reforzar y proteger su pH. Esta leche es muy suave y rica; ayuda a eliminar estas impurezas, desmaquilla y limpia la piel con suavidad y en profundidad. Tras su aplicaci\u00f3n, la textura de la piel parece m\u00e1s refinada. Combina la riqueza de una mezcla de aceites con la fluidez de una leche para desmaquillar con suavidad. Su f\u00f3rmula est\u00e1 enriquecida con aceite de s\u00e9samo, que mantiene la piel flexible y suave; aceite de arg\u00e1n, que hidrata y nutre la piel; aceite de almendras dulces, que refuerza la barrera natural de la piel; escualeno, que deja la piel m\u00e1s radiante, hidratada y con una textura m\u00e1s suave; amla, fruta india que ayuda a regenerar y ralentizar el proceso de envejecimiento, proporcionando a la piel una textura m\u00e1s suave; y extracto de camomila, calmante y regenerador. Con una composici\u00f3n muy rica y vegana, proporciona un desmaquillado suave y eficaz que refuerza la barrera cut\u00e1nea.<\/p>\n\n                            <\/div>\n                                            <\/div>\n                <\/div>\n            <\/div>\n        \n    <\/div>\n<\/div>\n[\/vc_column][\/vc_row][vc_row full_width=&#8221;stretch_row_content_no_spaces&#8221; el_class=&#8221;text-align-center&#8221;][vc_column]<div class=\"container\">\n\t<div class=\"usability-tips-and-secrets-module desktop--only--md\">\n\n\t\t<div class=\"usability-tips-and-secrets-module-content-wrapper full-width-container\">\n\n\t\t\t\n\t\t\t\t\t\t\t<div class=\"usability-tips-and-secrets-module-content usability-tips-and-secrets-module-content--bordered margin-top-between-modules\">\n\t\t\t\t\t\t\t\t\t\t\t<h2 class=\"uppercase black\">C&oacute;mo utilizar<\/h2>\n\t\t\t\t\t\n\t\t\t\t\t\t\t\t\t\t\t<p>La textura de esta leche limpiadora facial es rica, pero refinada y refrescante: se funde y desliza sobre la piel. Debe utilizarse a diario. Masajea la piel con la leche por la ma\u00f1ana y por la noche. Puede aplicarse sobre la piel maquillada o sin maquillar. Despu\u00e9s del masaje, aclara con abundante agua.    <\/p>\n\n\t\t\t\t\t\t\t\t\t<\/div>\n\t\t\t\n\t\t\t\t\t<\/div>\n\t<\/div>\n\n\t\n\t\t\t<div class=\"accordion accordion-successive  js-accordion not-found mobile--only--md usability-tips-and-secrets-module text-align-center margin-top-between-modules back_color\">\n\t\t\t<div class=\"accordion-container\">\n\t\t\t\t<div class=\"accordion-question space-between\">\n\t\t\t\t\t\t\t\t\t\t\t<h3 class=\"accordion-question-title uppercase back_color\">\n\t\t\t\t\t\t\tC&oacute;mo utilizar\n\t\t\t\t\t\t<\/h3>\n\t\t\t\t\t\n\t\t\t\t\t<span class=\"accordion-arrow back_color\">&emsp;<\/span>\n\t\t\t\t<\/div>\n\t\t\t\t<div class=\"accordion-answer\">\n\t\t\t\t\t\t\t\t\t\t\t<div class=\"usability-tips-and-secrets-module-content\">\n\t\t\t\t\t\t\t<p>La textura de esta leche limpiadora facial es rica, pero refinada y refrescante: se funde y desliza sobre la piel. Debe utilizarse a diario. Masajea la piel con la leche por la ma\u00f1ana y por la noche. Puede aplicarse sobre la piel maquillada o sin maquillar. Despu\u00e9s del masaje, aclara con abundante agua.    <\/p>\n\n\t\t\t\t\t\t<\/div>\n\t\t\t\t\t\t\t\t\t<\/div>\n\t\t\t<\/div>\n\t\t<\/div>\n\t\n\t<\/div>\n[\/vc_column][\/vc_row][vc_row full_width=&#8221;stretch_row_content_no_spaces&#8221; el_class=&#8221;text-align-center&#8221;][vc_column]<div class=\"container \">\n\n    <div class=\"content-default-module text-align-center margin-top-between-modules\n        \n        \n        \n        \n        \n        \n        desktop--only--md\"\n        style=\"margin-bottom: 0px;\"\n    >\n\n                <div class=\"content-default-module-titles\">\n                            <h2 class=\"content-default-module-title uppercase black\">Consejos y secretos<\/h2>\n            \n                    <\/div>\n        \n                    <div class=\"content-default-module-content\">\n                <p>Recomendamos aplicar el t\u00f3nico facial despu\u00e9s de limpiar la piel y secarla con una toalla. Para pieles grasas o mixtas, recomendamos el <a href=\"https:\/\/www.avani.pt\/es\/p\/tonico-facial-con-manzana-y-aloe-vera-500ml-todo-tipo-de-pieles\/\">T\u00f3nico<\/a> <a href=\"https:\/\/www.avani.pt\/es\/p\/tonico-facial-pepino-y-te-verde-500ml-piel-grasa\/\">de Pepino y T\u00e9 Verde<\/a>; para pieles con falta de nutrici\u00f3n, el T\u00f3nico de Manzana y Aloe Vera. <\/p>\n<p>Para una limpieza en profundidad, recomendamos aplicar el<a href=\"https:\/\/www.avani.pt\/es\/p\/exfoliante-facial-radiance-cellular-renovation-vegan-50ml\/\"> exfoliante facial Renovaci\u00f3n Celular Radiante<\/a> una o dos veces por semana.<\/p>\n\n            <\/div>\n        \n        \n        \n\n        \n\n\n    <\/div>\n\n\n            <div class=\"accordion accordion-successive   js-accordion not-found mobile--only--md content-default-module text-align-center margin-top-between-modules back_color\">\n            <div class=\"accordion-container\">\n                <div class=\"accordion-question space-between\">\n                                            <h3 class=\"accordion-question-title uppercase back_color\">\n                            Consejos y secretos\n                        <\/h3>\n                                        <span class=\"accordion-arrow back_color\">&emsp;<\/span>\n                <\/div>\n                <div class=\"accordion-answer\">\n                    \n                                            <div class=\"content-default-module-content\">\n                            <p>Recomendamos aplicar el t\u00f3nico facial despu\u00e9s de limpiar la piel y secarla con una toalla. Para pieles grasas o mixtas, recomendamos el <a href=\"https:\/\/www.avani.pt\/es\/p\/tonico-facial-con-manzana-y-aloe-vera-500ml-todo-tipo-de-pieles\/\">T\u00f3nico<\/a> <a href=\"https:\/\/www.avani.pt\/es\/p\/tonico-facial-pepino-y-te-verde-500ml-piel-grasa\/\">de Pepino y T\u00e9 Verde<\/a>; para pieles con falta de nutrici\u00f3n, el T\u00f3nico de Manzana y Aloe Vera. <\/p>\n<p>Para una limpieza en profundidad, recomendamos aplicar el<a href=\"https:\/\/www.avani.pt\/es\/p\/exfoliante-facial-radiance-cellular-renovation-vegan-50ml\/\"> exfoliante facial Renovaci\u00f3n Celular Radiante<\/a> una o dos veces por semana.<\/p>\n\n                        <\/div>\n                    \n                    \n                                    <\/div>\n            <\/div>\n        <\/div>\n    \n<\/div>\n<div class=\"container \">\n\n    <div class=\"content-default-module text-align-center margin-top-between-modules\n        \n        \n        \n        \n        \n        \n        desktop--only--md\"\n        style=\"margin-bottom: 0px;\"\n    >\n\n                <div class=\"content-default-module-titles\">\n                            <h2 class=\"content-default-module-title uppercase black\">Composici&oacute;n<\/h2>\n            \n                    <\/div>\n        \n                    <div class=\"content-default-module-content\">\n                <\/p>\n<p style=\"text-align: left;\">El <strong>aceite de s\u00e9samo | <\/strong>rico en vitamina E (antioxidante natural), vitamina B6, omega 6, zinc, magnesio, calcio y hierro, se extrae de las semillas de s\u00e9samo y se considera uno de los aceites m\u00e1s antiguos utilizados por la humanidad. \u00a1En la filosof\u00eda hind\u00fa se le conoce como el &#8220;s\u00edmbolo&#8221; de la inmortalidad! El 90% de los tratamientos de la medicina ayurv\u00e9dica utilizan aceite de s\u00e9samo por sus propiedades nutritivas y calmantes. Altamente hidratante, mantiene la piel flexible y suave. Rico en propiedades curativas y regeneradoras, ayuda a combatir las arrugas, las l\u00edneas de expresi\u00f3n y los poros dilatados.    <\/p>\n<p style=\"text-align: left;\"><strong>Aceite de arg\u00e1n | <\/strong>&#8220;Que vivas 100 a\u00f1os con toda la riqueza y el bienestar&#8221; es la forma m\u00e1s tradicional de bendici\u00f3n en la India. Parece que el \u00e1rbol de Arg\u00e1n ha sido bendecido dos veces, ya que su esperanza de vida estimada es de m\u00e1s de 200 a\u00f1os. En Marruecos se conoce cari\u00f1osamente al arg\u00e1n como el &#8220;\u00c1rbol de la Vida&#8221;, e incluso se le ha otorgado el t\u00edtulo de &#8220;oro l\u00edquido&#8221; por sus numerosos beneficios. Rico en \u00e1cidos grasos, vitamina E y \u00e1cidos linoleicos, hidrata la piel y ayuda a mejorar el aspecto de las manchas. Es el superalimento protector y nutritivo de la naturaleza para la piel.    <\/p>\n<p style=\"text-align: left;\"><strong>Aceite de almendras dulces |<\/strong> aceite vegetal rico en omega 6, omega 9 y \u00e1cidos grasos que refuerzan la barrera natural de la piel.<\/p>\n<p style=\"text-align: left;\"><strong>El escualano |<\/strong> existe de forma natural en la piel humana y es esencial para hidratarla. Con los a\u00f1os, la capacidad de producci\u00f3n de escualano disminuye. Est\u00e1 reconocido como uno de los componentes hidratantes m\u00e1s potentes de la biolog\u00eda, y tiene una gran capacidad de absorci\u00f3n; la piel lo reconoce y lo absorbe al instante. No resulta graso al tacto y deja la piel m\u00e1s radiante, hidratada y con una textura m\u00e1s suave. Muy rico en antioxidantes, combate los da\u00f1os y los radicales libres que pueden acelerar el proceso de envejecimiento.    <\/p>\n<p style=\"text-align: left;\"><strong>Amla | <\/strong>Una de las frutas m\u00e1s antiguas y ampliamente utilizada en la medicina ayurv\u00e9dica india, hoy se reconoce como una de las fuentes naturales m\u00e1s ricas en vitamina C. Una de las cualidades m\u00e1s notables y populares del amla es su efecto sobre la piel. Muy rico en antioxidantes, ayuda a regenerar y ralentizar el proceso de envejecimiento, dando a la piel una textura m\u00e1s suave. <\/p>\n<p style=\"text-align: left;\"><strong>Extracto de manzanilla |<\/strong> reconocido por sus propiedades calmantes y regeneradoras, entre los principales constituyentes de sus flores se encuentran los compuestos fen\u00f3licos, principalmente los flavonoides apigenina, quercetina, patuletina, luteolina y sus gluc\u00f3sidos, todos los cuales funcionan como antioxidantes.<\/p>\n<p>\n\n            <\/div>\n        \n        \n        \n\n        \n\n\n    <\/div>\n\n\n            <div class=\"accordion accordion-successive   js-accordion not-found mobile--only--md content-default-module text-align-center margin-top-between-modules back_color\">\n            <div class=\"accordion-container\">\n                <div class=\"accordion-question space-between\">\n                                            <h3 class=\"accordion-question-title uppercase back_color\">\n                            Composici&oacute;n\n                        <\/h3>\n                                        <span class=\"accordion-arrow back_color\">&emsp;<\/span>\n                <\/div>\n                <div class=\"accordion-answer\">\n                    \n                                            <div class=\"content-default-module-content\">\n                            <\/p>\n<p style=\"text-align: left;\">El <strong>aceite de s\u00e9samo | <\/strong>rico en vitamina E (antioxidante natural), vitamina B6, omega 6, zinc, magnesio, calcio y hierro, se extrae de las semillas de s\u00e9samo y se considera uno de los aceites m\u00e1s antiguos utilizados por la humanidad. \u00a1En la filosof\u00eda hind\u00fa se le conoce como el &#8220;s\u00edmbolo&#8221; de la inmortalidad! El 90% de los tratamientos de la medicina ayurv\u00e9dica utilizan aceite de s\u00e9samo por sus propiedades nutritivas y calmantes. Altamente hidratante, mantiene la piel flexible y suave. Rico en propiedades curativas y regeneradoras, ayuda a combatir las arrugas, las l\u00edneas de expresi\u00f3n y los poros dilatados.    <\/p>\n<p style=\"text-align: left;\"><strong>Aceite de arg\u00e1n | <\/strong>&#8220;Que vivas 100 a\u00f1os con toda la riqueza y el bienestar&#8221; es la forma m\u00e1s tradicional de bendici\u00f3n en la India. Parece que el \u00e1rbol de Arg\u00e1n ha sido bendecido dos veces, ya que su esperanza de vida estimada es de m\u00e1s de 200 a\u00f1os. En Marruecos se conoce cari\u00f1osamente al arg\u00e1n como el &#8220;\u00c1rbol de la Vida&#8221;, e incluso se le ha otorgado el t\u00edtulo de &#8220;oro l\u00edquido&#8221; por sus numerosos beneficios. Rico en \u00e1cidos grasos, vitamina E y \u00e1cidos linoleicos, hidrata la piel y ayuda a mejorar el aspecto de las manchas. Es el superalimento protector y nutritivo de la naturaleza para la piel.    <\/p>\n<p style=\"text-align: left;\"><strong>Aceite de almendras dulces |<\/strong> aceite vegetal rico en omega 6, omega 9 y \u00e1cidos grasos que refuerzan la barrera natural de la piel.<\/p>\n<p style=\"text-align: left;\"><strong>El escualano |<\/strong> existe de forma natural en la piel humana y es esencial para hidratarla. Con los a\u00f1os, la capacidad de producci\u00f3n de escualano disminuye. Est\u00e1 reconocido como uno de los componentes hidratantes m\u00e1s potentes de la biolog\u00eda, y tiene una gran capacidad de absorci\u00f3n; la piel lo reconoce y lo absorbe al instante. No resulta graso al tacto y deja la piel m\u00e1s radiante, hidratada y con una textura m\u00e1s suave. Muy rico en antioxidantes, combate los da\u00f1os y los radicales libres que pueden acelerar el proceso de envejecimiento.    <\/p>\n<p style=\"text-align: left;\"><strong>Amla | <\/strong>Una de las frutas m\u00e1s antiguas y ampliamente utilizada en la medicina ayurv\u00e9dica india, hoy se reconoce como una de las fuentes naturales m\u00e1s ricas en vitamina C. Una de las cualidades m\u00e1s notables y populares del amla es su efecto sobre la piel. Muy rico en antioxidantes, ayuda a regenerar y ralentizar el proceso de envejecimiento, dando a la piel una textura m\u00e1s suave. <\/p>\n<p style=\"text-align: left;\"><strong>Extracto de manzanilla |<\/strong> reconocido por sus propiedades calmantes y regeneradoras, entre los principales constituyentes de sus flores se encuentran los compuestos fen\u00f3licos, principalmente los flavonoides apigenina, quercetina, patuletina, luteolina y sus gluc\u00f3sidos, todos los cuales funcionan como antioxidantes.<\/p>\n<p>\n\n                        <\/div>\n                    \n                    \n                                    <\/div>\n            <\/div>\n        <\/div>\n    \n<\/div>\n<div class=\"container \">\n\n    <div class=\"content-default-module text-align-center margin-top-between-modules\n        \n        \n        \n        \n        \n        \n        desktop--only--md\"\n        style=\"margin-bottom: 0px;\"\n    >\n\n                <div class=\"content-default-module-titles\">\n                            <h2 class=\"content-default-module-title uppercase black\">Ingredientes<\/h2>\n            \n                    <\/div>\n        \n                    <div class=\"content-default-module-content\">\n                <\/p>\n<p style=\"text-align: center;\"><span style=\"font-weight: 400;\">Aqua, paraffinum liquidum, glicerina, propilenglicol,  <\/span><i><span style=\"font-weight: 400;\">Sesamum indicum  <\/span><\/i><span style=\"font-weight: 400;\">aceite de semillas, estearato de etilhexilo, alcohol cetear\u00edlico, poligliceril-3 metilglucosa diestearato, goma xantana,  <\/span><i><span style=\"font-weight: 400;\">Argania spinosa  <\/span><\/i><span style=\"font-weight: 400;\">aceite de pepitas,  <\/span><i><span style=\"font-weight: 400;\">Prunus amygdalus dulcis  <\/span><\/i><span style=\"font-weight: 400;\">aceite, ceteareth-20, escualeno, etilhexilglicerina, bisabolol, fitato s\u00f3dico, parfum, \u00e1cido c\u00edtrico,  <\/span><i><span style=\"font-weight: 400;\">Phyllanthus emblica  <\/span><\/i><span style=\"font-weight: 400;\">fruta en polvo,  <\/span><i><span style=\"font-weight: 400;\">Chamomilla recutita  <\/span><\/i><span style=\"font-weight: 400;\">extracto, fenoxietanol, sorbato pot\u00e1sico, hexil cinamal.<\/span><\/p>\n<p>\n\n            <\/div>\n        \n        \n        \n\n        \n\n\n    <\/div>\n\n\n            <div class=\"accordion accordion-successive   js-accordion not-found mobile--only--md content-default-module text-align-center margin-top-between-modules back_color\">\n            <div class=\"accordion-container\">\n                <div class=\"accordion-question space-between\">\n                                            <h3 class=\"accordion-question-title uppercase back_color\">\n                            Ingredientes\n                        <\/h3>\n                                        <span class=\"accordion-arrow back_color\">&emsp;<\/span>\n                <\/div>\n                <div class=\"accordion-answer\">\n                    \n                                            <div class=\"content-default-module-content\">\n                            <\/p>\n<p style=\"text-align: center;\"><span style=\"font-weight: 400;\">Aqua, paraffinum liquidum, glicerina, propilenglicol,  <\/span><i><span style=\"font-weight: 400;\">Sesamum indicum  <\/span><\/i><span style=\"font-weight: 400;\">aceite de semillas, estearato de etilhexilo, alcohol cetear\u00edlico, poligliceril-3 metilglucosa diestearato, goma xantana,  <\/span><i><span style=\"font-weight: 400;\">Argania spinosa  <\/span><\/i><span style=\"font-weight: 400;\">aceite de pepitas,  <\/span><i><span style=\"font-weight: 400;\">Prunus amygdalus dulcis  <\/span><\/i><span style=\"font-weight: 400;\">aceite, ceteareth-20, escualeno, etilhexilglicerina, bisabolol, fitato s\u00f3dico, parfum, \u00e1cido c\u00edtrico,  <\/span><i><span style=\"font-weight: 400;\">Phyllanthus emblica  <\/span><\/i><span style=\"font-weight: 400;\">fruta en polvo,  <\/span><i><span style=\"font-weight: 400;\">Chamomilla recutita  <\/span><\/i><span style=\"font-weight: 400;\">extracto, fenoxietanol, sorbato pot\u00e1sico, hexil cinamal.<\/span><\/p>\n<p>\n\n                        <\/div>\n                    \n                    \n                                    <\/div>\n            <\/div>\n        <\/div>\n    \n<\/div>\n[\/vc_column][\/vc_row]<\/p>\n<\/div>","protected":false},"excerpt":{"rendered":"<p>Limpiador facial hidratante y calmante para todo tipo de pieles. Enriquecido con ingredientes naturales, desmaquilla con suavidad, elimina las impurezas y las part\u00edculas de contaminaci\u00f3n. Con la fruta india regeneradora Amla; el s\u00e9samo rico en vitaminas, el arg\u00e1n nutritivo, la almendra calmante y los aceites de manzanilla calmantes, esta suave leche hidrata, refuerza la barrera cut\u00e1nea y calma las sensaciones inc\u00f3modas de la piel.  <\/p>\n","protected":false},"featured_media":75296,"comment_status":"open","ping_status":"closed","template":"","meta":{"_acf_changed":false},"product_brand":[],"product_cat":[558,540,541,643,538,550,730,556,557,484,526,675,699,543,639,640,542],"product_tag":[],"class_list":{"0":"post-78356","1":"product","2":"type-product","3":"status-publish","4":"has-post-thumbnail","6":"product_cat-acne-antifacial","7":"product_cat-antiarrugas-y-reafirmante-facial","8":"product_cat-antimanchas-faciales","9":"product_cat-cara-2","10":"product_cat-cara","11":"product_cat-cuidado-facial","12":"product_cat-tematica-otono-rostro","13":"product_cat-facial-antiarrugas","14":"product_cat-facial-antimanchas","15":"product_cat-ingredientes","16":"product_cat-ingredientes-2","17":"product_cat-limpieza-facial","18":"product_cat-manzanilla","19":"product_cat-piel-seca-y-deshidratada","20":"product_cat-pieles-grasas-y-mixtas","21":"product_cat-productos-faciales","22":"product_cat-tratamiento-del-acne","24":"first","25":"instock","26":"taxable","27":"shipping-taxable","28":"purchasable","29":"product-type-simple"},"acf":[],"wooqr_code":"","_links":{"self":[{"href":"https:\/\/www.avani.pt\/es\/wp-json\/wp\/v2\/product\/78356","targetHints":{"allow":["GET"]}}],"collection":[{"href":"https:\/\/www.avani.pt\/es\/wp-json\/wp\/v2\/product"}],"about":[{"href":"https:\/\/www.avani.pt\/es\/wp-json\/wp\/v2\/types\/product"}],"replies":[{"embeddable":true,"href":"https:\/\/www.avani.pt\/es\/wp-json\/wp\/v2\/comments?post=78356"}],"wp:featuredmedia":[{"embeddable":true,"href":"https:\/\/www.avani.pt\/es\/wp-json\/wp\/v2\/media\/75296"}],"wp:attachment":[{"href":"https:\/\/www.avani.pt\/es\/wp-json\/wp\/v2\/media?parent=78356"}],"wp:term":[{"taxonomy":"product_brand","embeddable":true,"href":"https:\/\/www.avani.pt\/es\/wp-json\/wp\/v2\/product_brand?post=78356"},{"taxonomy":"product_cat","embeddable":true,"href":"https:\/\/www.avani.pt\/es\/wp-json\/wp\/v2\/product_cat?post=78356"},{"taxonomy":"product_tag","embeddable":true,"href":"https:\/\/www.avani.pt\/es\/wp-json\/wp\/v2\/product_tag?post=78356"}],"curies":[{"name":"wp","href":"https:\/\/api.w.org\/{rel}","templated":true}]}}