{"id":78358,"date":"2018-03-28T09:22:11","date_gmt":"2018-03-28T08:22:11","guid":{"rendered":"https:\/\/www.avani.pt\/p\/aceite-mudra-aceite-nutritivo-para-cabello-grueso-115ml\/"},"modified":"2026-03-12T20:25:22","modified_gmt":"2026-03-12T20:25:22","slug":"aceite-mudra-aceite-nutritivo-para-cabello-grueso-115ml","status":"publish","type":"product","link":"https:\/\/www.avani.pt\/es\/p\/aceite-mudra-aceite-nutritivo-para-cabello-grueso-115ml\/","title":{"rendered":"Aceite Mudra | Aceite nutritivo para cabello grueso | 115ml"},"content":{"rendered":"<div class=\"wpb-content-wrapper\"><p>[vc_row full_width=&#8221;stretch_row_content_no_spaces&#8221; el_class=&#8221;text-align-center&#8221;][vc_column]<div class=\"stars-of-product-module-wrapper margin-top-between-modules\">\n    <img decoding=\"async\" class=\"stars-of-product-module-left-image-design\" src=\"\/dist\/images\/stars_product_module_design.png\">\n    <img decoding=\"async\" class=\"stars-of-product-module-right-image-design\" src=\"\/dist\/images\/stars_product_module_design.png\">\n\n    <div class=\"container\">\n\n        <div class=\"stars-of-product-module text-align-center  desktop--only--md\">\n\n            \n                            <div class=\"stars-of-product-module-titles\">\n                                            <h2 class=\"stars-of-product-module-title black uppercase back_color\">Las estrellas del producto<\/h2>\n                                    <\/div>\n            \n                            <div class=\"stars-of-product-module-content\">\n                    <p>Rico en ingredientes que act\u00faan en los medios y puntas del cabello, este aceite vegano ayuda a nutrirlo en profundidad, d\u00e1ndole m\u00e1s brillo, protecci\u00f3n, fuerza y resistencia. Gracias a la amplitud de sus ingredientes, act\u00faa nutriendo, protegiendo y reparando la fibra capilar. Se recomienda para cabellos gruesos, tanto naturales como procesados. Con ingredientes estrella como el Extracto de Zanahoria reparador; aceites naturales como el de Macadamia, Arg\u00e1n y Aguacate, para una nutrici\u00f3n profunda; y muchos otros ingredientes que hacen que este aceite sea muy vers\u00e1til y apreciado por los clientes. La guinda del pastel es la ligereza cuando te lo aplicas en el pelo y un olor m\u00edstico imposible de explicar y a\u00fan m\u00e1s imposible no engancharse a \u00e9l.<\/p>\n\n                <\/div>\n            \n        <\/div>\n\n\n                    <div class=\"accordion   accordion-successive-first js-accordion not-found mobile--only--md stars-of-product-module text-align-center margin-top-between-modules back_color\">\n                <div class=\"accordion-container\">\n                    <div class=\"accordion-question space-between\">\n                                                    <h3 class=\"accordion-question-title uppercase back_color\">\n                                Las estrellas del producto\n                            <\/h3>\n                                                <span class=\"accordion-arrow back_color\">&emsp;<\/span>\n                    <\/div>\n                    <div class=\"accordion-answer\">\n\n                        \n                                                    <div class=\"stars-of-product-module-content\">\n                                <p>Rico en ingredientes que act\u00faan en los medios y puntas del cabello, este aceite vegano ayuda a nutrirlo en profundidad, d\u00e1ndole m\u00e1s brillo, protecci\u00f3n, fuerza y resistencia. Gracias a la amplitud de sus ingredientes, act\u00faa nutriendo, protegiendo y reparando la fibra capilar. Se recomienda para cabellos gruesos, tanto naturales como procesados. Con ingredientes estrella como el Extracto de Zanahoria reparador; aceites naturales como el de Macadamia, Arg\u00e1n y Aguacate, para una nutrici\u00f3n profunda; y muchos otros ingredientes que hacen que este aceite sea muy vers\u00e1til y apreciado por los clientes. La guinda del pastel es la ligereza cuando te lo aplicas en el pelo y un olor m\u00edstico imposible de explicar y a\u00fan m\u00e1s imposible no engancharse a \u00e9l.<\/p>\n\n                            <\/div>\n                                            <\/div>\n                <\/div>\n            <\/div>\n        \n    <\/div>\n<\/div>\n[\/vc_column][\/vc_row][vc_row full_width=&#8221;stretch_row_content_no_spaces&#8221; el_class=&#8221;text-align-center&#8221;][vc_column]<div class=\"container\">\n\t<div class=\"usability-tips-and-secrets-module desktop--only--md\">\n\n\t\t<div class=\"usability-tips-and-secrets-module-content-wrapper full-width-container\">\n\n\t\t\t\n\t\t\t\t\t\t\t<div class=\"usability-tips-and-secrets-module-content usability-tips-and-secrets-module-content--bordered margin-top-between-modules\">\n\t\t\t\t\t\t\t\t\t\t\t<h2 class=\"uppercase black\">C&oacute;mo utilizar<\/h2>\n\t\t\t\t\t\n\t\t\t\t\t\t\t\t\t\t\t<p>Pon una cantidad del tama\u00f1o de un guisante en la palma de las manos. Exti\u00e9ndela bien como una crema de manos. Distrib\u00fayela por el cabello, insistiendo en los medios y las puntas. Es preferible aplicarlo una vez al d\u00eda sobre el cabello seco. Si utilizas herramientas de calor, aplica el aceite al final del procedimiento.    <\/p>\n\n\t\t\t\t\t\t\t\t\t<\/div>\n\t\t\t\n\t\t\t\t\t<\/div>\n\t<\/div>\n\n\t\n\t\t\t<div class=\"accordion accordion-successive  js-accordion not-found mobile--only--md usability-tips-and-secrets-module text-align-center margin-top-between-modules back_color\">\n\t\t\t<div class=\"accordion-container\">\n\t\t\t\t<div class=\"accordion-question space-between\">\n\t\t\t\t\t\t\t\t\t\t\t<h3 class=\"accordion-question-title uppercase back_color\">\n\t\t\t\t\t\t\tC&oacute;mo utilizar\n\t\t\t\t\t\t<\/h3>\n\t\t\t\t\t\n\t\t\t\t\t<span class=\"accordion-arrow back_color\">&emsp;<\/span>\n\t\t\t\t<\/div>\n\t\t\t\t<div class=\"accordion-answer\">\n\t\t\t\t\t\t\t\t\t\t\t<div class=\"usability-tips-and-secrets-module-content\">\n\t\t\t\t\t\t\t<p>Pon una cantidad del tama\u00f1o de un guisante en la palma de las manos. Exti\u00e9ndela bien como una crema de manos. Distrib\u00fayela por el cabello, insistiendo en los medios y las puntas. Es preferible aplicarlo una vez al d\u00eda sobre el cabello seco. Si utilizas herramientas de calor, aplica el aceite al final del procedimiento.    <\/p>\n\n\t\t\t\t\t\t<\/div>\n\t\t\t\t\t\t\t\t\t<\/div>\n\t\t\t<\/div>\n\t\t<\/div>\n\t\n\t<\/div>\n<div class=\"container \">\n\n    <div class=\"content-default-module text-align-center margin-top-between-modules\n        \n        \n        \n        \n        \n        \n        desktop--only--md\"\n        style=\"margin-bottom: 0px;\"\n    >\n\n                <div class=\"content-default-module-titles\">\n                            <h2 class=\"content-default-module-title uppercase black\">Consejos y secretos<\/h2>\n            \n                    <\/div>\n        \n                    <div class=\"content-default-module-content\">\n                <p>Para el cabello da\u00f1ado por el trabajo t\u00e9cnico o el uso excesivo de herramientas t\u00e9rmicas, este aceite puede aplicarse junto con el Suero Sellador Reconstructor del Cabello. El Aceite Mudra debe aplicarse todas las ma\u00f1anas y el Suero Sellador Reconstructor todas las noches sobre el cabello seco antes de acostarse. <\/p>\n<p>Consulta el producto recomendado:<br \/>\n<a href=\"https:\/\/www.avani.pt\/es\/p\/indian-hair-rebuild-suero-sellador-de-puntas-100ml\/\">Suero Sellador Reconstructor Capilar 100ml<\/a><\/p>\n\n            <\/div>\n        \n        \n        \n\n        \n\n\n    <\/div>\n\n\n            <div class=\"accordion accordion-successive   js-accordion not-found mobile--only--md content-default-module text-align-center margin-top-between-modules back_color\">\n            <div class=\"accordion-container\">\n                <div class=\"accordion-question space-between\">\n                                            <h3 class=\"accordion-question-title uppercase back_color\">\n                            Consejos y secretos\n                        <\/h3>\n                                        <span class=\"accordion-arrow back_color\">&emsp;<\/span>\n                <\/div>\n                <div class=\"accordion-answer\">\n                    \n                                            <div class=\"content-default-module-content\">\n                            <p>Para el cabello da\u00f1ado por el trabajo t\u00e9cnico o el uso excesivo de herramientas t\u00e9rmicas, este aceite puede aplicarse junto con el Suero Sellador Reconstructor del Cabello. El Aceite Mudra debe aplicarse todas las ma\u00f1anas y el Suero Sellador Reconstructor todas las noches sobre el cabello seco antes de acostarse. <\/p>\n<p>Consulta el producto recomendado:<br \/>\n<a href=\"https:\/\/www.avani.pt\/es\/p\/indian-hair-rebuild-suero-sellador-de-puntas-100ml\/\">Suero Sellador Reconstructor Capilar 100ml<\/a><\/p>\n\n                        <\/div>\n                    \n                    \n                                    <\/div>\n            <\/div>\n        <\/div>\n    \n<\/div>\n[\/vc_column][\/vc_row][vc_row full_width=&#8221;stretch_row_content_no_spaces&#8221; el_class=&#8221;text-align-center&#8221;][vc_column]<div class=\"container \">\n\n    <div class=\"content-default-module text-align-center margin-top-between-modules\n        \n        \n        \n        \n        \n        \n        desktop--only--md\"\n        style=\"margin-bottom: 0px;\"\n    >\n\n                <div class=\"content-default-module-titles\">\n                            <h2 class=\"content-default-module-title uppercase black\">Composici&oacute;n<\/h2>\n            \n                    <\/div>\n        \n                    <div class=\"content-default-module-content\">\n                <p>El <strong>aceite de macadamia |<\/strong> rico en vitamina E, magnesio, omega 9, \u00e1cido palmitoleico y otros \u00e1cidos grasos insaturados nutre, repara y fortifica la fibra capilar.<\/p>\n<p><strong>El aceite de arg\u00e1n | <\/strong>rico en vitamina E y \u00e1cidos grasos, es muy nutritivo y penetrante, repara y preserva la capa protectora del cabello, invirtiendo los da\u00f1os de los tratamientos qu\u00edmicos y las herramientas t\u00e9rmicas.<\/p>\n<p><strong>El aceite de aguacate<\/strong> tiene un valor nutritivo \u00fanico. Su rica composici\u00f3n a base de diversas sustancias medicinales, entre las que enumeramos las m\u00e1s activas: lecitina, fitoesteroles (especialmente beta sitosterol), omega 9 (\u00e1cido oleico), vitamina A, D y una alta concentraci\u00f3n de vitamina E, ayuda a mantener la nutrici\u00f3n del cabello, favoreciendo su brillo y suavidad; todas ellas est\u00e1n dotadas de una fuerte actividad antioxidante que ayuda a conservar el color del cabello. El aceite de aguacate tambi\u00e9n es beneficioso para el cabello expuesto al sol, pues se utiliza a menudo en protectores solares, ya que absorbe los rayos UV.  <\/p>\n<p><strong>El Extracto de Zanahoria |<\/strong> rico en potasio, calcio, magnesio, vitamina A, B y C fortifica, suaviza y protege el cabello.<\/p>\n\n            <\/div>\n        \n        \n        \n\n        \n\n\n    <\/div>\n\n\n            <div class=\"accordion accordion-successive   js-accordion not-found mobile--only--md content-default-module text-align-center margin-top-between-modules back_color\">\n            <div class=\"accordion-container\">\n                <div class=\"accordion-question space-between\">\n                                            <h3 class=\"accordion-question-title uppercase back_color\">\n                            Composici&oacute;n\n                        <\/h3>\n                                        <span class=\"accordion-arrow back_color\">&emsp;<\/span>\n                <\/div>\n                <div class=\"accordion-answer\">\n                    \n                                            <div class=\"content-default-module-content\">\n                            <p>El <strong>aceite de macadamia |<\/strong> rico en vitamina E, magnesio, omega 9, \u00e1cido palmitoleico y otros \u00e1cidos grasos insaturados nutre, repara y fortifica la fibra capilar.<\/p>\n<p><strong>El aceite de arg\u00e1n | <\/strong>rico en vitamina E y \u00e1cidos grasos, es muy nutritivo y penetrante, repara y preserva la capa protectora del cabello, invirtiendo los da\u00f1os de los tratamientos qu\u00edmicos y las herramientas t\u00e9rmicas.<\/p>\n<p><strong>El aceite de aguacate<\/strong> tiene un valor nutritivo \u00fanico. Su rica composici\u00f3n a base de diversas sustancias medicinales, entre las que enumeramos las m\u00e1s activas: lecitina, fitoesteroles (especialmente beta sitosterol), omega 9 (\u00e1cido oleico), vitamina A, D y una alta concentraci\u00f3n de vitamina E, ayuda a mantener la nutrici\u00f3n del cabello, favoreciendo su brillo y suavidad; todas ellas est\u00e1n dotadas de una fuerte actividad antioxidante que ayuda a conservar el color del cabello. El aceite de aguacate tambi\u00e9n es beneficioso para el cabello expuesto al sol, pues se utiliza a menudo en protectores solares, ya que absorbe los rayos UV.  <\/p>\n<p><strong>El Extracto de Zanahoria |<\/strong> rico en potasio, calcio, magnesio, vitamina A, B y C fortifica, suaviza y protege el cabello.<\/p>\n\n                        <\/div>\n                    \n                    \n                                    <\/div>\n            <\/div>\n        <\/div>\n    \n<\/div>\n<div class=\"container \">\n\n    <div class=\"content-default-module text-align-center margin-top-between-modules\n        \n        \n        \n        \n        \n        \n        desktop--only--md\"\n        style=\"margin-bottom: 0px;\"\n    >\n\n                <div class=\"content-default-module-titles\">\n                            <h2 class=\"content-default-module-title uppercase black\">Ingredientes<\/h2>\n            \n                    <\/div>\n        \n                    <div class=\"content-default-module-content\">\n                <\/p>\n<p style=\"text-align: center;\">Ciclopentasiloxano, dimeticonol, parfum, aceite de semilla de Macadamia ternifolia, aceite de semilla de Argania<br \/>\nspinosa, aceite de Persea gratissima, aceite de glicina soja, extracto de ra\u00edz de Daucus carota sativa,<br \/>\nbetacaroteno, tocoferol.<\/p>\n<p>\n\n            <\/div>\n        \n        \n        \n\n        \n\n\n    <\/div>\n\n\n            <div class=\"accordion accordion-successive   js-accordion not-found mobile--only--md content-default-module text-align-center margin-top-between-modules back_color\">\n            <div class=\"accordion-container\">\n                <div class=\"accordion-question space-between\">\n                                            <h3 class=\"accordion-question-title uppercase back_color\">\n                            Ingredientes\n                        <\/h3>\n                                        <span class=\"accordion-arrow back_color\">&emsp;<\/span>\n                <\/div>\n                <div class=\"accordion-answer\">\n                    \n                                            <div class=\"content-default-module-content\">\n                            <\/p>\n<p style=\"text-align: center;\">Ciclopentasiloxano, dimeticonol, parfum, aceite de semilla de Macadamia ternifolia, aceite de semilla de Argania<br \/>\nspinosa, aceite de Persea gratissima, aceite de glicina soja, extracto de ra\u00edz de Daucus carota sativa,<br \/>\nbetacaroteno, tocoferol.<\/p>\n<p>\n\n                        <\/div>\n                    \n                    \n                                    <\/div>\n            <\/div>\n        <\/div>\n    \n<\/div>\n[\/vc_column][\/vc_row]<\/p>\n<\/div>","protected":false},"excerpt":{"rendered":"<p>Potente mezcla de aceites naturales: arg\u00e1n, macadamia y aguacate para nutrir en profundidad de forma natural, aportando brillo y protecci\u00f3n duradera al cabello. Tambi\u00e9n incluye extracto de zanahoria para una acci\u00f3n hidratante, fortalecedora y reparadora. <\/p>\n","protected":false},"featured_media":89283,"comment_status":"open","ping_status":"closed","template":"","meta":{"_acf_changed":false},"product_brand":[],"product_cat":[437,539,465,436,435,563,462,526,484,439,483,701,564,156],"product_tag":[],"class_list":{"0":"post-78358","1":"product","2":"type-product","3":"status-publish","4":"has-post-thumbnail","6":"product_cat-aceite-de-argan","7":"product_cat-aceites-capilares","8":"product_cat-atencion","9":"product_cat-cabello-seco-nutricion","10":"product_cat-caca-baja","11":"product_cat-finalizadores","13":"product_cat-ingredientes-2","14":"product_cat-ingredientes","15":"product_cat-macadamia","16":"product_cat-productos-cabello","17":"product_cat-puntas-quebradizas-y-danadas","18":"product_cat-tematica-verano","19":"product_cat-cabelo","21":"first","22":"instock","23":"taxable","24":"shipping-taxable","25":"purchasable","26":"product-type-simple"},"acf":[],"wooqr_code":"","_links":{"self":[{"href":"https:\/\/www.avani.pt\/es\/wp-json\/wp\/v2\/product\/78358","targetHints":{"allow":["GET"]}}],"collection":[{"href":"https:\/\/www.avani.pt\/es\/wp-json\/wp\/v2\/product"}],"about":[{"href":"https:\/\/www.avani.pt\/es\/wp-json\/wp\/v2\/types\/product"}],"replies":[{"embeddable":true,"href":"https:\/\/www.avani.pt\/es\/wp-json\/wp\/v2\/comments?post=78358"}],"wp:featuredmedia":[{"embeddable":true,"href":"https:\/\/www.avani.pt\/es\/wp-json\/wp\/v2\/media\/89283"}],"wp:attachment":[{"href":"https:\/\/www.avani.pt\/es\/wp-json\/wp\/v2\/media?parent=78358"}],"wp:term":[{"taxonomy":"product_brand","embeddable":true,"href":"https:\/\/www.avani.pt\/es\/wp-json\/wp\/v2\/product_brand?post=78358"},{"taxonomy":"product_cat","embeddable":true,"href":"https:\/\/www.avani.pt\/es\/wp-json\/wp\/v2\/product_cat?post=78358"},{"taxonomy":"product_tag","embeddable":true,"href":"https:\/\/www.avani.pt\/es\/wp-json\/wp\/v2\/product_tag?post=78358"}],"curies":[{"name":"wp","href":"https:\/\/api.w.org\/{rel}","templated":true}]}}