{"id":78360,"date":"2018-03-28T09:18:26","date_gmt":"2018-03-28T08:18:26","guid":{"rendered":"https:\/\/www.avani.pt\/p\/rizos-activos-styler-rizador-crema-de-acabado-500ml\/"},"modified":"2026-04-27T14:43:26","modified_gmt":"2026-04-27T13:43:26","slug":"rizos-activos-styler-rizador-crema-de-acabado-500ml","status":"publish","type":"product","link":"https:\/\/www.avani.pt\/es\/p\/rizos-activos-styler-rizador-crema-de-acabado-500ml\/","title":{"rendered":"Rizos Activos Styler rizador | Crema de acabado 500ml"},"content":{"rendered":"<div class=\"wpb-content-wrapper\"><p>[vc_row full_width=&#8221;stretch_row_content_no_spaces&#8221; el_class=&#8221;text-align-center&#8221;][vc_column]<div class=\"stars-of-product-module-wrapper margin-top-between-modules\">\n    <img decoding=\"async\" class=\"stars-of-product-module-left-image-design\" src=\"\/dist\/images\/stars_product_module_design.png\">\n    <img decoding=\"async\" class=\"stars-of-product-module-right-image-design\" src=\"\/dist\/images\/stars_product_module_design.png\">\n\n    <div class=\"container\">\n\n        <div class=\"stars-of-product-module text-align-center  desktop--only--md\">\n\n            \n                            <div class=\"stars-of-product-module-titles\">\n                                            <h2 class=\"stars-of-product-module-title black uppercase back_color\">Las estrellas del producto<\/h2>\n                                    <\/div>\n            \n                            <div class=\"stars-of-product-module-content\">\n                    <p>Crema de acabado altamente nutritiva que ayuda a recuperar la forma de los rizos. Combate el encrespamiento, protege el cabello y es muy apreciada por su efecto adictivo y su olor. Est\u00e1 especialmente indicada para cabellos que han perdido su forma y definici\u00f3n por falta de nutrici\u00f3n o procedimientos qu\u00edmicos agresivos. Enriquecido con la celestial fruta india amla, que tiene un efecto altamente hidratante sobre el cabello. Tambi\u00e9n incluye aceite de arg\u00e1n reparador protector y manteca de karit\u00e9, que devuelve la nutrici\u00f3n y la flexibilidad al cabello. La riqueza de los aceites incluidos en este producto es extremadamente importante para la salud capilar porque nutren en profundidad, ayudando a dejar el cabello brillante, sin encrespamiento, manejable y suave al tacto. Esta crema es muy adecuada para el cabello que ha perdido su nutrici\u00f3n debido a factores como: no utilizar mascarilla, demasiada decoloraci\u00f3n, uso excesivo de herramientas t\u00e9rmicas y, sobre todo, factores clim\u00e1ticos como el fr\u00edo, el viento y la humedad.<\/p>\n\n                <\/div>\n            \n        <\/div>\n\n\n                    <div class=\"accordion   accordion-successive-first js-accordion not-found mobile--only--md stars-of-product-module text-align-center margin-top-between-modules back_color\">\n                <div class=\"accordion-container\">\n                    <div class=\"accordion-question space-between\">\n                                                    <h3 class=\"accordion-question-title uppercase back_color\">\n                                Las estrellas del producto\n                            <\/h3>\n                                                <span class=\"accordion-arrow back_color\">&emsp;<\/span>\n                    <\/div>\n                    <div class=\"accordion-answer\">\n\n                        \n                                                    <div class=\"stars-of-product-module-content\">\n                                <p>Crema de acabado altamente nutritiva que ayuda a recuperar la forma de los rizos. Combate el encrespamiento, protege el cabello y es muy apreciada por su efecto adictivo y su olor. Est\u00e1 especialmente indicada para cabellos que han perdido su forma y definici\u00f3n por falta de nutrici\u00f3n o procedimientos qu\u00edmicos agresivos. Enriquecido con la celestial fruta india amla, que tiene un efecto altamente hidratante sobre el cabello. Tambi\u00e9n incluye aceite de arg\u00e1n reparador protector y manteca de karit\u00e9, que devuelve la nutrici\u00f3n y la flexibilidad al cabello. La riqueza de los aceites incluidos en este producto es extremadamente importante para la salud capilar porque nutren en profundidad, ayudando a dejar el cabello brillante, sin encrespamiento, manejable y suave al tacto. Esta crema es muy adecuada para el cabello que ha perdido su nutrici\u00f3n debido a factores como: no utilizar mascarilla, demasiada decoloraci\u00f3n, uso excesivo de herramientas t\u00e9rmicas y, sobre todo, factores clim\u00e1ticos como el fr\u00edo, el viento y la humedad.<\/p>\n\n                            <\/div>\n                                            <\/div>\n                <\/div>\n            <\/div>\n        \n    <\/div>\n<\/div>\n[\/vc_column][\/vc_row][vc_row full_width=&#8221;stretch_row_content_no_spaces&#8221; el_class=&#8221;text-align-center&#8221;][vc_column]<div class=\"container\">\n\t<div class=\"usability-tips-and-secrets-module desktop--only--md\">\n\n\t\t<div class=\"usability-tips-and-secrets-module-content-wrapper full-width-container\">\n\n\t\t\t\n\t\t\t\t\t\t\t<div class=\"usability-tips-and-secrets-module-content usability-tips-and-secrets-module-content--bordered margin-top-between-modules\">\n\t\t\t\t\t\t\t\t\t\t\t<h2 class=\"uppercase black\">C&oacute;mo utilizar<\/h2>\n\t\t\t\t\t\n\t\t\t\t\t\t\t\t\t\t\t<p>Aplica la Crema Activa para Rizos sobre el cabello secado con toalla, cuando ya no gotee (para una mejor adherencia), y da forma a cada mech\u00f3n con las manos para una definici\u00f3n y nutrici\u00f3n profundas.<\/p>\n\n\t\t\t\t\t\t\t\t\t<\/div>\n\t\t\t\n\t\t\t\t\t<\/div>\n\t<\/div>\n\n\t\n\t\t\t<div class=\"accordion accordion-successive  js-accordion not-found mobile--only--md usability-tips-and-secrets-module text-align-center margin-top-between-modules back_color\">\n\t\t\t<div class=\"accordion-container\">\n\t\t\t\t<div class=\"accordion-question space-between\">\n\t\t\t\t\t\t\t\t\t\t\t<h3 class=\"accordion-question-title uppercase back_color\">\n\t\t\t\t\t\t\tC&oacute;mo utilizar\n\t\t\t\t\t\t<\/h3>\n\t\t\t\t\t\n\t\t\t\t\t<span class=\"accordion-arrow back_color\">&emsp;<\/span>\n\t\t\t\t<\/div>\n\t\t\t\t<div class=\"accordion-answer\">\n\t\t\t\t\t\t\t\t\t\t\t<div class=\"usability-tips-and-secrets-module-content\">\n\t\t\t\t\t\t\t<p>Aplica la Crema Activa para Rizos sobre el cabello secado con toalla, cuando ya no gotee (para una mejor adherencia), y da forma a cada mech\u00f3n con las manos para una definici\u00f3n y nutrici\u00f3n profundas.<\/p>\n\n\t\t\t\t\t\t<\/div>\n\t\t\t\t\t\t\t\t\t<\/div>\n\t\t\t<\/div>\n\t\t<\/div>\n\t\n\t<\/div>\n[\/vc_column][\/vc_row][vc_row full_width=&#8221;stretch_row_content_no_spaces&#8221; el_class=&#8221;text-align-center&#8221;][vc_column]<div class=\"container \">\n\n    <div class=\"content-default-module text-align-center margin-top-between-modules\n        \n        \n        \n        \n        \n        \n        desktop--only--md\"\n        style=\"margin-bottom: 0px;\"\n    >\n\n                <div class=\"content-default-module-titles\">\n                            <h2 class=\"content-default-module-title uppercase black\">Consejos y secretos<\/h2>\n            \n                    <\/div>\n        \n                    <div class=\"content-default-module-content\">\n                <p>Para nutrir el cabello con rizos naturales, recomendamos aplicar <a href=\"https:\/\/www.avani.pt\/es\/p\/krishna-mascarilla-rizos-500-ml-nutricion-profunda\/\">la Mascarilla Krishna Rizos<\/a> cada vez que lo laves; la aplicaci\u00f3n de la mascarilla es esencial para combatir el encrespamiento.<\/p>\n<p>Para cabellos con efecto el\u00e1stico, quebradizos, con puntas abiertas o quemados (alto grado de erosi\u00f3n) debido a un trabajo t\u00e9cnico excesivo, recomendamos aplicar el <a href=\"https:\/\/www.avani.pt\/es\/p\/horario-de-cabello-muy-danado-con-rizos\/\">Programa especial para cabellos muy da\u00f1ados con rizos <\/a>, que incluye un programa de tratamientos capilares semanales con mascarillas para hidratar, nutrir y reconstruir el cabello.<\/p>\n<p>Al d\u00eda siguiente del lavado, se puede aplicar el finalizador bif\u00e1sico <a href=\"https:\/\/www.avani.pt\/es\/p\/hair-cocktail-styler-200-ml-acabado-bifasico-vegano\/\">Hair Cocktail<\/a> para ayudar a definir y reactivar la forma de los rizos.<\/p>\n<p>Recomendamos aplicar <a href=\"https:\/\/www.avani.pt\/es\/p\/aceite-mudra-aceite-nutritivo-para-cabello-grueso-115ml\/\">Aceite de Mudra<\/a> al final para una nutrici\u00f3n profunda y mucho brillo.<\/p>\n\n            <\/div>\n        \n        \n        \n\n        \n\n\n    <\/div>\n\n\n            <div class=\"accordion accordion-successive   js-accordion not-found mobile--only--md content-default-module text-align-center margin-top-between-modules back_color\">\n            <div class=\"accordion-container\">\n                <div class=\"accordion-question space-between\">\n                                            <h3 class=\"accordion-question-title uppercase back_color\">\n                            Consejos y secretos\n                        <\/h3>\n                                        <span class=\"accordion-arrow back_color\">&emsp;<\/span>\n                <\/div>\n                <div class=\"accordion-answer\">\n                    \n                                            <div class=\"content-default-module-content\">\n                            <p>Para nutrir el cabello con rizos naturales, recomendamos aplicar <a href=\"https:\/\/www.avani.pt\/es\/p\/krishna-mascarilla-rizos-500-ml-nutricion-profunda\/\">la Mascarilla Krishna Rizos<\/a> cada vez que lo laves; la aplicaci\u00f3n de la mascarilla es esencial para combatir el encrespamiento.<\/p>\n<p>Para cabellos con efecto el\u00e1stico, quebradizos, con puntas abiertas o quemados (alto grado de erosi\u00f3n) debido a un trabajo t\u00e9cnico excesivo, recomendamos aplicar el <a href=\"https:\/\/www.avani.pt\/es\/p\/horario-de-cabello-muy-danado-con-rizos\/\">Programa especial para cabellos muy da\u00f1ados con rizos <\/a>, que incluye un programa de tratamientos capilares semanales con mascarillas para hidratar, nutrir y reconstruir el cabello.<\/p>\n<p>Al d\u00eda siguiente del lavado, se puede aplicar el finalizador bif\u00e1sico <a href=\"https:\/\/www.avani.pt\/es\/p\/hair-cocktail-styler-200-ml-acabado-bifasico-vegano\/\">Hair Cocktail<\/a> para ayudar a definir y reactivar la forma de los rizos.<\/p>\n<p>Recomendamos aplicar <a href=\"https:\/\/www.avani.pt\/es\/p\/aceite-mudra-aceite-nutritivo-para-cabello-grueso-115ml\/\">Aceite de Mudra<\/a> al final para una nutrici\u00f3n profunda y mucho brillo.<\/p>\n\n                        <\/div>\n                    \n                    \n                                    <\/div>\n            <\/div>\n        <\/div>\n    \n<\/div>\n<div class=\"container \">\n\n    <div class=\"content-default-module text-align-center margin-top-between-modules\n        \n        \n        \n        \n        \n        \n        desktop--only--md\"\n        style=\"margin-bottom: 0px;\"\n    >\n\n                <div class=\"content-default-module-titles\">\n                            <h2 class=\"content-default-module-title uppercase black\">Composici&oacute;n<\/h2>\n            \n                    <\/div>\n        \n                    <div class=\"content-default-module-content\">\n                <\/p>\n<p style=\"text-align: left;\"><strong>Extracto de Amla |<\/strong> \u00a1El secreto indio para un pelo fuerte, brillante, largo y sano! El Amla, tambi\u00e9n conocido como grosella espinosa de la India, procede de la planta Amalaki y es un ingrediente esencial especialmente recomendado para los productos capilares por la medicina ayurv\u00e9dica, utilizado desde la antig\u00fcedad como elixir para el cabello porque es rico en antioxidantes, vitaminas, calcio, f\u00f3sforo y caroteno.  Ayuda a combatir la ca\u00edda del cabello, la caspa, la descamaci\u00f3n y estimula el crecimiento sano del cabello.<\/p>\n<p style=\"text-align: left;\"><strong>Aceite de Arg\u00e1n |<\/strong> Rico en vitamina E y \u00e1cidos grasos, es muy nutritivo y penetrante, repara y preserva la capa protectora del cabello, invirtiendo los da\u00f1os de los tratamientos qu\u00edmicos y las herramientas t\u00e9rmicas.<\/p>\n<p style=\"text-align: left;\"><strong>Manteca de karit\u00e9 |<\/strong> Rica en vitamina A y E, devuelve la nutrici\u00f3n y la flexibilidad al cabello.<\/p>\n<p>\n\n            <\/div>\n        \n        \n        \n\n        \n\n\n    <\/div>\n\n\n            <div class=\"accordion accordion-successive   js-accordion not-found mobile--only--md content-default-module text-align-center margin-top-between-modules back_color\">\n            <div class=\"accordion-container\">\n                <div class=\"accordion-question space-between\">\n                                            <h3 class=\"accordion-question-title uppercase back_color\">\n                            Composici&oacute;n\n                        <\/h3>\n                                        <span class=\"accordion-arrow back_color\">&emsp;<\/span>\n                <\/div>\n                <div class=\"accordion-answer\">\n                    \n                                            <div class=\"content-default-module-content\">\n                            <\/p>\n<p style=\"text-align: left;\"><strong>Extracto de Amla |<\/strong> \u00a1El secreto indio para un pelo fuerte, brillante, largo y sano! El Amla, tambi\u00e9n conocido como grosella espinosa de la India, procede de la planta Amalaki y es un ingrediente esencial especialmente recomendado para los productos capilares por la medicina ayurv\u00e9dica, utilizado desde la antig\u00fcedad como elixir para el cabello porque es rico en antioxidantes, vitaminas, calcio, f\u00f3sforo y caroteno.  Ayuda a combatir la ca\u00edda del cabello, la caspa, la descamaci\u00f3n y estimula el crecimiento sano del cabello.<\/p>\n<p style=\"text-align: left;\"><strong>Aceite de Arg\u00e1n |<\/strong> Rico en vitamina E y \u00e1cidos grasos, es muy nutritivo y penetrante, repara y preserva la capa protectora del cabello, invirtiendo los da\u00f1os de los tratamientos qu\u00edmicos y las herramientas t\u00e9rmicas.<\/p>\n<p style=\"text-align: left;\"><strong>Manteca de karit\u00e9 |<\/strong> Rica en vitamina A y E, devuelve la nutrici\u00f3n y la flexibilidad al cabello.<\/p>\n<p>\n\n                        <\/div>\n                    \n                    \n                                    <\/div>\n            <\/div>\n        <\/div>\n    \n<\/div>\n<div class=\"container \">\n\n    <div class=\"content-default-module text-align-center margin-top-between-modules\n        \n        \n        \n        \n        \n        \n        desktop--only--md\"\n        style=\"margin-bottom: 0px;\"\n    >\n\n                <div class=\"content-default-module-titles\">\n                            <h2 class=\"content-default-module-title uppercase black\">Ingredientes<\/h2>\n            \n                    <\/div>\n        \n                    <div class=\"content-default-module-content\">\n                <\/p>\n<p style=\"text-align: center;\">Agua, alcohol cetear\u00edlico, alcohol cet\u00edlico, olivato de etilhexilo hidrogenado, metosulfato de behentrimonio<br \/>\n, pantenol, aceite de Prunus amygdalus dulcis, aceite de nuez de Argania spinosa, lanolina, glicerina,<br \/>\npolvo de fruto de Phyllanthus emblica, insaponificables de aceite de oliva hidrogenado, EDTA dis\u00f3dico,<br \/>\nmanteca de Butyrospermum parkii, parfum, fenoxietanol, \u00e1cido benzoico, \u00e1cido deshidroac\u00e9tico,<br \/>\nhexametilindanopirano, vainillina.<\/p>\n<p style=\"text-align: center;\">Ph (intervalo de aprobaci\u00f3n): 3,2 &#8211; 4,2<\/p>\n<p>\n\n            <\/div>\n        \n        \n        \n\n        \n\n\n    <\/div>\n\n\n            <div class=\"accordion accordion-successive   js-accordion not-found mobile--only--md content-default-module text-align-center margin-top-between-modules back_color\">\n            <div class=\"accordion-container\">\n                <div class=\"accordion-question space-between\">\n                                            <h3 class=\"accordion-question-title uppercase back_color\">\n                            Ingredientes\n                        <\/h3>\n                                        <span class=\"accordion-arrow back_color\">&emsp;<\/span>\n                <\/div>\n                <div class=\"accordion-answer\">\n                    \n                                            <div class=\"content-default-module-content\">\n                            <\/p>\n<p style=\"text-align: center;\">Agua, alcohol cetear\u00edlico, alcohol cet\u00edlico, olivato de etilhexilo hidrogenado, metosulfato de behentrimonio<br \/>\n, pantenol, aceite de Prunus amygdalus dulcis, aceite de nuez de Argania spinosa, lanolina, glicerina,<br \/>\npolvo de fruto de Phyllanthus emblica, insaponificables de aceite de oliva hidrogenado, EDTA dis\u00f3dico,<br \/>\nmanteca de Butyrospermum parkii, parfum, fenoxietanol, \u00e1cido benzoico, \u00e1cido deshidroac\u00e9tico,<br \/>\nhexametilindanopirano, vainillina.<\/p>\n<p style=\"text-align: center;\">Ph (intervalo de aprobaci\u00f3n): 3,2 &#8211; 4,2<\/p>\n<p>\n\n                        <\/div>\n                    \n                    \n                                    <\/div>\n            <\/div>\n        <\/div>\n    \n<\/div>\n[\/vc_column][\/vc_row][vc_row][vc_column][vc_column_text]<\/p>\n<p>[\/vc_column_text][\/vc_column][\/vc_row]<\/p>\n<\/div>","protected":false},"excerpt":{"rendered":"<p>Define, activa y restaura la forma perdida de los rizos. Deja los rizos definidos incluso sin utilizar herramientas t\u00e9rmicas. Crema de acabado altamente nutritiva con la celestial fruta india Amla. No deja efecto pastoso y nutre en profundidad la fibra capilar. Muy reconocida por los clientes.    <\/p>\n","protected":false},"featured_media":75368,"comment_status":"open","ping_status":"closed","template":"","meta":{"_acf_changed":false},"product_brand":[],"product_cat":[441,465,435,461,563,462,526,464,483,463,564,156],"product_tag":[],"class_list":{"0":"post-78360","1":"product","2":"type-product","3":"status-publish","4":"has-post-thumbnail","6":"product_cat-amla","7":"product_cat-atencion","8":"product_cat-caca-baja","9":"product_cat-cremas-capilares","10":"product_cat-finalizadores","12":"product_cat-ingredientes-2","13":"product_cat-modelistas","14":"product_cat-productos-cabello","15":"product_cat-rizos-ondas-y-rizos","16":"product_cat-tematica-verano","17":"product_cat-cabelo","19":"first","20":"instock","21":"taxable","22":"shipping-taxable","23":"purchasable","24":"product-type-simple"},"acf":[],"wooqr_code":"","_links":{"self":[{"href":"https:\/\/www.avani.pt\/es\/wp-json\/wp\/v2\/product\/78360","targetHints":{"allow":["GET"]}}],"collection":[{"href":"https:\/\/www.avani.pt\/es\/wp-json\/wp\/v2\/product"}],"about":[{"href":"https:\/\/www.avani.pt\/es\/wp-json\/wp\/v2\/types\/product"}],"replies":[{"embeddable":true,"href":"https:\/\/www.avani.pt\/es\/wp-json\/wp\/v2\/comments?post=78360"}],"wp:featuredmedia":[{"embeddable":true,"href":"https:\/\/www.avani.pt\/es\/wp-json\/wp\/v2\/media\/75368"}],"wp:attachment":[{"href":"https:\/\/www.avani.pt\/es\/wp-json\/wp\/v2\/media?parent=78360"}],"wp:term":[{"taxonomy":"product_brand","embeddable":true,"href":"https:\/\/www.avani.pt\/es\/wp-json\/wp\/v2\/product_brand?post=78360"},{"taxonomy":"product_cat","embeddable":true,"href":"https:\/\/www.avani.pt\/es\/wp-json\/wp\/v2\/product_cat?post=78360"},{"taxonomy":"product_tag","embeddable":true,"href":"https:\/\/www.avani.pt\/es\/wp-json\/wp\/v2\/product_tag?post=78360"}],"curies":[{"name":"wp","href":"https:\/\/api.w.org\/{rel}","templated":true}]}}