{"id":78364,"date":"2018-03-28T08:51:51","date_gmt":"2018-03-28T07:51:51","guid":{"rendered":"https:\/\/www.avani.pt\/p\/cera-de-peinado-150-ml-fijacion-extra-fuerte\/"},"modified":"2025-11-05T08:50:01","modified_gmt":"2025-11-05T08:50:01","slug":"cera-de-peinado-150-ml-fijacion-extra-fuerte","status":"publish","type":"product","link":"https:\/\/www.avani.pt\/es\/p\/cera-de-peinado-150-ml-fijacion-extra-fuerte\/","title":{"rendered":"Cera de peinado Pro Everlasting | Fijaci\u00f3n Extra Fuerte 150g"},"content":{"rendered":"<div class=\"wpb-content-wrapper\"><p>[vc_row full_width=&#8221;stretch_row_content_no_spaces&#8221; el_class=&#8221;text-align-center&#8221;][vc_column]<div class=\"stars-of-product-module-wrapper margin-top-between-modules\">\n    <img decoding=\"async\" class=\"stars-of-product-module-left-image-design\" src=\"\/dist\/images\/stars_product_module_design.png\">\n    <img decoding=\"async\" class=\"stars-of-product-module-right-image-design\" src=\"\/dist\/images\/stars_product_module_design.png\">\n\n    <div class=\"container\">\n\n        <div class=\"stars-of-product-module text-align-center  desktop--only--md\">\n\n            \n                            <div class=\"stars-of-product-module-titles\">\n                                            <h2 class=\"stars-of-product-module-title black uppercase back_color\">Las estrellas del producto<\/h2>\n                                    <\/div>\n            \n                            <div class=\"stars-of-product-module-content\">\n                    <\/p>\n<p class=\"p1\"><span class=\"s1\">La Cera Capilar Avani combina una fijaci\u00f3n extrafuerte con el cuidado de los aceites naturales, ofreciendo una definici\u00f3n duradera sin comprometer la salud del cabello. Su textura moldeable te permite crear diferentes estilos con un acabado natural y un brillo sutil, sin dejar el pelo tieso ni con residuos.   <\/span><span class=\"s1\">Formulado para respetar la fibra capilar, se elimina f\u00e1cilmente con un simple lavado. Su aroma fresco y relajante hace que la experiencia de aplicaci\u00f3n sea a\u00fan m\u00e1s agradable. Adecuado para todo tipo de cabellos, es especialmente eficaz en mechones rebeldes o dif\u00edciles de domar, proporcionando control, estructura y un aspecto naturalmente cuidado.    <\/span><span class=\"s1\">Es uno de los productos favoritos de los hombres, ya que valoran la fijaci\u00f3n duradera combinada con una f\u00f3rmula ligera, pr\u00e1ctica y f\u00e1cil de quitar.<\/span><\/p>\n<p>\n\n                <\/div>\n            \n        <\/div>\n\n\n                    <div class=\"accordion   accordion-successive-first js-accordion not-found mobile--only--md stars-of-product-module text-align-center margin-top-between-modules back_color\">\n                <div class=\"accordion-container\">\n                    <div class=\"accordion-question space-between\">\n                                                    <h3 class=\"accordion-question-title uppercase back_color\">\n                                Las estrellas del producto\n                            <\/h3>\n                                                <span class=\"accordion-arrow back_color\">&emsp;<\/span>\n                    <\/div>\n                    <div class=\"accordion-answer\">\n\n                        \n                                                    <div class=\"stars-of-product-module-content\">\n                                <\/p>\n<p class=\"p1\"><span class=\"s1\">La Cera Capilar Avani combina una fijaci\u00f3n extrafuerte con el cuidado de los aceites naturales, ofreciendo una definici\u00f3n duradera sin comprometer la salud del cabello. Su textura moldeable te permite crear diferentes estilos con un acabado natural y un brillo sutil, sin dejar el pelo tieso ni con residuos.   <\/span><span class=\"s1\">Formulado para respetar la fibra capilar, se elimina f\u00e1cilmente con un simple lavado. Su aroma fresco y relajante hace que la experiencia de aplicaci\u00f3n sea a\u00fan m\u00e1s agradable. Adecuado para todo tipo de cabellos, es especialmente eficaz en mechones rebeldes o dif\u00edciles de domar, proporcionando control, estructura y un aspecto naturalmente cuidado.    <\/span><span class=\"s1\">Es uno de los productos favoritos de los hombres, ya que valoran la fijaci\u00f3n duradera combinada con una f\u00f3rmula ligera, pr\u00e1ctica y f\u00e1cil de quitar.<\/span><\/p>\n<p>\n\n                            <\/div>\n                                            <\/div>\n                <\/div>\n            <\/div>\n        \n    <\/div>\n<\/div>\n[\/vc_column][\/vc_row][vc_row full_width=&#8221;stretch_row_content_no_spaces&#8221; el_class=&#8221;text-align-center&#8221;][vc_column]<div class=\"container\">\n\t<div class=\"usability-tips-and-secrets-module desktop--only--md\">\n\n\t\t<div class=\"usability-tips-and-secrets-module-content-wrapper full-width-container\">\n\n\t\t\t\n\t\t\t\t\t\t\t<div class=\"usability-tips-and-secrets-module-content usability-tips-and-secrets-module-content--bordered margin-top-between-modules\">\n\t\t\t\t\t\t\t\t\t\t\t<h2 class=\"uppercase black\">C&oacute;mo utilizar<\/h2>\n\t\t\t\t\t\n\t\t\t\t\t\t\t\t\t\t\t<p>Aplica la cera sobre el cabello seco o h\u00famedo. Peina el cabello como desees. <\/p>\n\n\t\t\t\t\t\t\t\t\t<\/div>\n\t\t\t\n\t\t\t\t\t\t\t<div class=\"usability-tips-and-secrets-module-content margin-top-between-modules\">\n\t\t\t\t\t\t\t\t\t\t\t<h2 class=\"uppercase black\">Consejos y secretos<\/h2>\n\t\t\t\t\t\n\t\t\t\t\t\t\t\t\t\t\t<p>Para facilitar la aplicaci\u00f3n y garantizar un peinado m\u00e1s uniforme, se recomienda humedecer ligeramente el cabello antes de aplicar el producto.<\/p>\n\n\t\t\t\t\t\t\t\t\t<\/div>\n\t\t\t\t\t<\/div>\n\t<\/div>\n\n\t\n\t\t\t<div class=\"accordion accordion-successive  js-accordion not-found mobile--only--md usability-tips-and-secrets-module text-align-center margin-top-between-modules back_color\">\n\t\t\t<div class=\"accordion-container\">\n\t\t\t\t<div class=\"accordion-question space-between\">\n\t\t\t\t\t\t\t\t\t\t\t<h3 class=\"accordion-question-title uppercase back_color\">\n\t\t\t\t\t\t\tC&oacute;mo utilizar\n\t\t\t\t\t\t<\/h3>\n\t\t\t\t\t\n\t\t\t\t\t<span class=\"accordion-arrow back_color\">&emsp;<\/span>\n\t\t\t\t<\/div>\n\t\t\t\t<div class=\"accordion-answer\">\n\t\t\t\t\t\t\t\t\t\t\t<div class=\"usability-tips-and-secrets-module-content\">\n\t\t\t\t\t\t\t<p>Aplica la cera sobre el cabello seco o h\u00famedo. Peina el cabello como desees. <\/p>\n\n\t\t\t\t\t\t<\/div>\n\t\t\t\t\t\t\t\t\t<\/div>\n\t\t\t<\/div>\n\t\t<\/div>\n\t\n\t\t\t<div class=\"accordion accordion-successive js-accordion not-found mobile--only--md usability-tips-and-secrets-module text-align-center margin-top-between-modules back_color\">\n\t\t\t<div class=\"accordion-container\">\n\t\t\t\t<div class=\"accordion-question space-between\">\n\t\t\t\t\t\t\t\t\t\t\t<h3 class=\"accordion-question-title uppercase back_color\">\n\t\t\t\t\t\t\tConsejos y secretos\n\t\t\t\t\t\t<\/h3>\n\t\t\t\t\t\n\t\t\t\t\t<span class=\"accordion-arrow back_color\">&emsp;<\/span>\n\t\t\t\t<\/div>\n\t\t\t\t<div class=\"accordion-answer\">\n\t\t\t\t\t\t\t\t\t\t\t<div class=\"usability-tips-and-secrets-module-content\">\n\t\t\t\t\t\t\t<p>Para facilitar la aplicaci\u00f3n y garantizar un peinado m\u00e1s uniforme, se recomienda humedecer ligeramente el cabello antes de aplicar el producto.<\/p>\n\n\t\t\t\t\t\t<\/div>\n\t\t\t\t\t\t\t\t\t<\/div>\n\t\t\t<\/div>\n\t\t<\/div>\n\t<\/div>\n[\/vc_column][\/vc_row][vc_row full_width=&#8221;stretch_row_content_no_spaces&#8221; el_class=&#8221;text-align-center&#8221;][vc_column]<div class=\"container \">\n\n    <div class=\"content-default-module text-align-center margin-top-between-modules\n        \n        \n        \n        \n        \n        \n        desktop--only--md\"\n        style=\"margin-bottom: 0px;\"\n    >\n\n                <div class=\"content-default-module-titles\">\n                            <h2 class=\"content-default-module-title uppercase black\">Ingredientes<\/h2>\n            \n                    <\/div>\n        \n                    <div class=\"content-default-module-content\">\n                <p>aqua, ceteareth-20, polisorbato 20, parfum, fenoxietanol, \u00e1cido benzoico, \u00e1cido dehidroac\u00e9tico, aceite de c\u00e1scara de Citrus Aurantium bergamia, aceite de c\u00e1scara de Citrus Limon, tetrametilacetilacetyloctahydronaphthalenes, limoneno, acetato de linalilo, hexametilindanopirano, linalool, citral, mentol, pineno, carvona, CI 16255.<\/p>\n\n            <\/div>\n        \n        \n        \n\n        \n\n\n    <\/div>\n\n\n            <div class=\"accordion accordion-successive   js-accordion not-found mobile--only--md content-default-module text-align-center margin-top-between-modules back_color\">\n            <div class=\"accordion-container\">\n                <div class=\"accordion-question space-between\">\n                                            <h3 class=\"accordion-question-title uppercase back_color\">\n                            Ingredientes\n                        <\/h3>\n                                        <span class=\"accordion-arrow back_color\">&emsp;<\/span>\n                <\/div>\n                <div class=\"accordion-answer\">\n                    \n                                            <div class=\"content-default-module-content\">\n                            <p>aqua, ceteareth-20, polisorbato 20, parfum, fenoxietanol, \u00e1cido benzoico, \u00e1cido dehidroac\u00e9tico, aceite de c\u00e1scara de Citrus Aurantium bergamia, aceite de c\u00e1scara de Citrus Limon, tetrametilacetilacetyloctahydronaphthalenes, limoneno, acetato de linalilo, hexametilindanopirano, linalool, citral, mentol, pineno, carvona, CI 16255.<\/p>\n\n                        <\/div>\n                    \n                    \n                                    <\/div>\n            <\/div>\n        <\/div>\n    \n<\/div>\n[\/vc_column][\/vc_row]<\/p>\n<\/div>","protected":false},"excerpt":{"rendered":"<p>Cera capilar extrafuerte, duradera y moldeable con aceites naturales para peinar el cabello. Proporciona un brillo sutil y un acabado natural. Se elimina f\u00e1cilmente con un simple lavado: no deja residuos. Tiene una fragancia fresca y relajante.   <\/p>\n","protected":false},"featured_media":83890,"comment_status":"open","ping_status":"closed","template":"","meta":{"_acf_changed":false},"product_brand":[],"product_cat":[465,703,462,563,464,589,156],"product_tag":[],"class_list":{"0":"post-78364","1":"product","2":"type-product","3":"status-publish","4":"has-post-thumbnail","6":"product_cat-atencion","7":"product_cat-ceras-capilares","8":"product_cat-finalizadores","10":"product_cat-modelistas","11":"product_cat-promocion-de-cambio-de-etiqueta","12":"product_cat-cabelo","14":"first","15":"instock","16":"taxable","17":"shipping-taxable","18":"purchasable","19":"product-type-simple"},"acf":[],"wooqr_code":"","_links":{"self":[{"href":"https:\/\/www.avani.pt\/es\/wp-json\/wp\/v2\/product\/78364","targetHints":{"allow":["GET"]}}],"collection":[{"href":"https:\/\/www.avani.pt\/es\/wp-json\/wp\/v2\/product"}],"about":[{"href":"https:\/\/www.avani.pt\/es\/wp-json\/wp\/v2\/types\/product"}],"replies":[{"embeddable":true,"href":"https:\/\/www.avani.pt\/es\/wp-json\/wp\/v2\/comments?post=78364"}],"wp:featuredmedia":[{"embeddable":true,"href":"https:\/\/www.avani.pt\/es\/wp-json\/wp\/v2\/media\/83890"}],"wp:attachment":[{"href":"https:\/\/www.avani.pt\/es\/wp-json\/wp\/v2\/media?parent=78364"}],"wp:term":[{"taxonomy":"product_brand","embeddable":true,"href":"https:\/\/www.avani.pt\/es\/wp-json\/wp\/v2\/product_brand?post=78364"},{"taxonomy":"product_cat","embeddable":true,"href":"https:\/\/www.avani.pt\/es\/wp-json\/wp\/v2\/product_cat?post=78364"},{"taxonomy":"product_tag","embeddable":true,"href":"https:\/\/www.avani.pt\/es\/wp-json\/wp\/v2\/product_tag?post=78364"}],"curies":[{"name":"wp","href":"https:\/\/api.w.org\/{rel}","templated":true}]}}