{"id":78368,"date":"2019-11-13T03:00:09","date_gmt":"2019-11-13T03:00:09","guid":{"rendered":"https:\/\/www.avani.pt\/p\/indian-hair-rebuild-suero-sellador-de-puntas-100ml\/"},"modified":"2026-03-23T11:40:35","modified_gmt":"2026-03-23T11:40:35","slug":"indian-hair-rebuild-suero-sellador-de-puntas-100ml","status":"publish","type":"product","link":"https:\/\/www.avani.pt\/es\/p\/indian-hair-rebuild-suero-sellador-de-puntas-100ml\/","title":{"rendered":"Indian Hair Rebuild Suero Sellador de Puntas | 100ml"},"content":{"rendered":"","protected":false},"excerpt":{"rendered":"<p class=\"p1\" style=\"text-align: left;\">F\u00f3rmula enriquecida con la innovadora tecnolog\u00eda MoringaBond, realizada mediante el proceso de hidr\u00f3lisis de los diversos componentes de la planta de Moringa, que le confiere caracter\u00edsticas a\u00fan m\u00e1s potentes que en su estado natural. Contiene amino\u00e1cidos vegetales, bioceramidas, aceite de s\u00e9samo y arg\u00e1n. Textura de crema no desagradable para puntas abiertas y quebradizas.  <\/p>\n","protected":false},"featured_media":76954,"comment_status":"open","ping_status":"closed","template":"","meta":{"_acf_changed":false},"product_brand":[],"product_cat":[437,637,435,461,466,462,483,701,686,682,564,156],"product_tag":[],"class_list":{"0":"post-78368","1":"product","2":"type-product","3":"status-publish","4":"has-post-thumbnail","6":"product_cat-aceite-de-argan","7":"product_cat-cabello-danado-reparacion","8":"product_cat-caca-baja","9":"product_cat-cremas-capilares","10":"product_cat-tematica-verano-cabello","11":"product_cat-finalizadores","12":"product_cat-productos-cabello","13":"product_cat-puntas-quebradizas-y-danadas","14":"product_cat-reconstruccion-capilar-reconstruccion-del-cabello-danado","15":"product_cat-te-verde","16":"product_cat-tematica-verano","17":"product_cat-cabelo","19":"first","20":"instock","21":"taxable","22":"shipping-taxable","23":"purchasable","24":"product-type-simple"},"acf":[],"wooqr_code":"","_links":{"self":[{"href":"https:\/\/www.avani.pt\/es\/wp-json\/wp\/v2\/product\/78368","targetHints":{"allow":["GET"]}}],"collection":[{"href":"https:\/\/www.avani.pt\/es\/wp-json\/wp\/v2\/product"}],"about":[{"href":"https:\/\/www.avani.pt\/es\/wp-json\/wp\/v2\/types\/product"}],"replies":[{"embeddable":true,"href":"https:\/\/www.avani.pt\/es\/wp-json\/wp\/v2\/comments?post=78368"}],"wp:featuredmedia":[{"embeddable":true,"href":"https:\/\/www.avani.pt\/es\/wp-json\/wp\/v2\/media\/76954"}],"wp:attachment":[{"href":"https:\/\/www.avani.pt\/es\/wp-json\/wp\/v2\/media?parent=78368"}],"wp:term":[{"taxonomy":"product_brand","embeddable":true,"href":"https:\/\/www.avani.pt\/es\/wp-json\/wp\/v2\/product_brand?post=78368"},{"taxonomy":"product_cat","embeddable":true,"href":"https:\/\/www.avani.pt\/es\/wp-json\/wp\/v2\/product_cat?post=78368"},{"taxonomy":"product_tag","embeddable":true,"href":"https:\/\/www.avani.pt\/es\/wp-json\/wp\/v2\/product_tag?post=78368"}],"curies":[{"name":"wp","href":"https:\/\/api.w.org\/{rel}","templated":true}]}}