{"id":78372,"date":"2018-03-28T08:35:01","date_gmt":"2018-03-28T07:35:01","guid":{"rendered":"https:\/\/www.avani.pt\/p\/hair-cocktail-styler-200-ml-acabado-bifasico-vegano\/"},"modified":"2026-03-19T14:03:56","modified_gmt":"2026-03-19T14:03:56","slug":"hair-cocktail-styler-200-ml-acabado-bifasico-vegano","status":"publish","type":"product","link":"https:\/\/www.avani.pt\/es\/p\/hair-cocktail-styler-200-ml-acabado-bifasico-vegano\/","title":{"rendered":"Hair Cocktail Styler 200 ml | Acabado Bif\u00e1sico Vegano"},"content":{"rendered":"<div class=\"wpb-content-wrapper\"><p>[vc_row full_width=&#8221;stretch_row_content_no_spaces&#8221; el_class=&#8221;text-align-center&#8221;][vc_column]<div class=\"stars-of-product-module-wrapper margin-top-between-modules\">\n    <img decoding=\"async\" class=\"stars-of-product-module-left-image-design\" src=\"\/dist\/images\/stars_product_module_design.png\">\n    <img decoding=\"async\" class=\"stars-of-product-module-right-image-design\" src=\"\/dist\/images\/stars_product_module_design.png\">\n\n    <div class=\"container\">\n\n        <div class=\"stars-of-product-module text-align-center  desktop--only--md\">\n\n                            <div class=\"star-rating\">\n                                            <i class=\"fa fa-star\"><\/i>\n                                            <i class=\"fa fa-star\"><\/i>\n                                            <i class=\"fa fa-star\"><\/i>\n                                            <i class=\"fa fa-star\"><\/i>\n                                            <i class=\"fa fa-star\"><\/i>\n                                    <\/div>\n            \n                            <div class=\"stars-of-product-module-titles\">\n                                            <h2 class=\"stars-of-product-module-title black uppercase back_color\">Las estrellas del producto<\/h2>\n                                    <\/div>\n            \n                            <div class=\"stars-of-product-module-content\">\n                    <p>Adem\u00e1s de proporcionar un acabado perfecto, los productos de peinado Avani Professional tambi\u00e9n contienen un componente de tratamiento. Enriquecido con prote\u00edna vegetal hidrolizada y ceramidas, el C\u00f3ctel Capilar en Spray proporciona un efecto &#8220;aterciopelado&#8221; a la fibra capilar, lo que se traduce en un brillo y una densidad \u00fanicos, similares a los de un espejo. Este finalizador vegano es bif\u00e1sico: la fase superior es rica en prote\u00edna vegetal hidrolizada, responsable de hidratar y revitalizar la fibra; la fase inferior es rica en ceramidas, que proporcionan al cabello una capa protectora natural capaz de mantener la integridad de las cut\u00edculas y el c\u00f3rtex capilar. El resultado es instant\u00e1neo: un cabello definido, brillante, hidratado y sedoso. No deja el pelo con sensaci\u00f3n pastosa. Olor adictivo.<\/p>\n\n                <\/div>\n            \n        <\/div>\n\n\n                    <div class=\"accordion   accordion-successive-first js-accordion not-found mobile--only--md stars-of-product-module text-align-center margin-top-between-modules back_color\">\n                <div class=\"accordion-container\">\n                    <div class=\"accordion-question space-between\">\n                                                    <h3 class=\"accordion-question-title uppercase back_color\">\n                                Las estrellas del producto\n                            <\/h3>\n                                                <span class=\"accordion-arrow back_color\">&emsp;<\/span>\n                    <\/div>\n                    <div class=\"accordion-answer\">\n\n                                                    <div class=\"star-rating\">\n                                                                    <i class=\"fa fa-star\"><\/i>\n                                                                    <i class=\"fa fa-star\"><\/i>\n                                                                    <i class=\"fa fa-star\"><\/i>\n                                                                    <i class=\"fa fa-star\"><\/i>\n                                                                    <i class=\"fa fa-star\"><\/i>\n                                                            <\/div>\n                        \n                                                    <div class=\"stars-of-product-module-content\">\n                                <p>Adem\u00e1s de proporcionar un acabado perfecto, los productos de peinado Avani Professional tambi\u00e9n contienen un componente de tratamiento. Enriquecido con prote\u00edna vegetal hidrolizada y ceramidas, el C\u00f3ctel Capilar en Spray proporciona un efecto &#8220;aterciopelado&#8221; a la fibra capilar, lo que se traduce en un brillo y una densidad \u00fanicos, similares a los de un espejo. Este finalizador vegano es bif\u00e1sico: la fase superior es rica en prote\u00edna vegetal hidrolizada, responsable de hidratar y revitalizar la fibra; la fase inferior es rica en ceramidas, que proporcionan al cabello una capa protectora natural capaz de mantener la integridad de las cut\u00edculas y el c\u00f3rtex capilar. El resultado es instant\u00e1neo: un cabello definido, brillante, hidratado y sedoso. No deja el pelo con sensaci\u00f3n pastosa. Olor adictivo.<\/p>\n\n                            <\/div>\n                                            <\/div>\n                <\/div>\n            <\/div>\n        \n    <\/div>\n<\/div>\n[\/vc_column][\/vc_row][vc_row full_width=&#8221;stretch_row_content_no_spaces&#8221; el_class=&#8221;text-align-center&#8221;][vc_column]<div class=\"container\">\n\t<div class=\"usability-tips-and-secrets-module desktop--only--md\">\n\n\t\t<div class=\"usability-tips-and-secrets-module-content-wrapper full-width-container\">\n\n\t\t\t\n\t\t\t\t\t\t\t<div class=\"usability-tips-and-secrets-module-content usability-tips-and-secrets-module-content--bordered margin-top-between-modules\">\n\t\t\t\t\t\t\t\t\t\t\t<h2 class=\"uppercase black\">C&oacute;mo utilizar<\/h2>\n\t\t\t\t\t\n\t\t\t\t\t\t\t\t\t\t\t<p>Agita bien antes de usar hasta que se mezclen las dos partes. Apl\u00edcalo en los medios y las puntas del cabello. Estiliza con las manos. Se puede aplicar sobre el cabello seco o h\u00famedo.<br \/>\nEl finalizador Hair Cocktail se puede aplicar de varias formas:<br \/>\n-Despu\u00e9s del champ\u00fa para ayudar a desenredar y prevenir la rotura;<br \/>\n-El d\u00eda despu\u00e9s del champ\u00fa para dar forma y activar ondas y rizos;<br \/>\n-Despu\u00e9s del peinado para un brillo y acabado perfectos del cabello, sin dejar sensaci\u00f3n pastosa.   <\/p>\n\n\t\t\t\t\t\t\t\t\t<\/div>\n\t\t\t\n\t\t\t\t\t<\/div>\n\t<\/div>\n\n\t\n\t\t\t<div class=\"accordion accordion-successive  js-accordion not-found mobile--only--md usability-tips-and-secrets-module text-align-center margin-top-between-modules back_color\">\n\t\t\t<div class=\"accordion-container\">\n\t\t\t\t<div class=\"accordion-question space-between\">\n\t\t\t\t\t\t\t\t\t\t\t<h3 class=\"accordion-question-title uppercase back_color\">\n\t\t\t\t\t\t\tC&oacute;mo utilizar\n\t\t\t\t\t\t<\/h3>\n\t\t\t\t\t\n\t\t\t\t\t<span class=\"accordion-arrow back_color\">&emsp;<\/span>\n\t\t\t\t<\/div>\n\t\t\t\t<div class=\"accordion-answer\">\n\t\t\t\t\t\t\t\t\t\t\t<div class=\"usability-tips-and-secrets-module-content\">\n\t\t\t\t\t\t\t<p>Agita bien antes de usar hasta que se mezclen las dos partes. Apl\u00edcalo en los medios y las puntas del cabello. Estiliza con las manos. Se puede aplicar sobre el cabello seco o h\u00famedo.<br \/>\nEl finalizador Hair Cocktail se puede aplicar de varias formas:<br \/>\n-Despu\u00e9s del champ\u00fa para ayudar a desenredar y prevenir la rotura;<br \/>\n-El d\u00eda despu\u00e9s del champ\u00fa para dar forma y activar ondas y rizos;<br \/>\n-Despu\u00e9s del peinado para un brillo y acabado perfectos del cabello, sin dejar sensaci\u00f3n pastosa.   <\/p>\n\n\t\t\t\t\t\t<\/div>\n\t\t\t\t\t\t\t\t\t<\/div>\n\t\t\t<\/div>\n\t\t<\/div>\n\t\n\t<\/div>\n[\/vc_column][\/vc_row][vc_row full_width=&#8221;stretch_row_content_no_spaces&#8221; el_class=&#8221;text-align-center&#8221;][vc_column]<div class=\"container \">\n\n    <div class=\"content-default-module text-align-center margin-top-between-modules\n        \n        \n        \n        \n        \n        \n        desktop--only--md\"\n        style=\"margin-bottom: 0px;\"\n    >\n\n                <div class=\"content-default-module-titles\">\n                            <h2 class=\"content-default-module-title uppercase black\">Consejos y secretos<\/h2>\n            \n                    <\/div>\n        \n                    <div class=\"content-default-module-content\">\n                <p>Para una mayor fijaci\u00f3n y definici\u00f3n de los rizos, aplica la jalea <a href=\"https:\/\/www.avani.pt\/es\/p\/casual-waves-250ml-jalea-texturizante-sin-aclarado\/\">Ondas Casuales<\/a> antes del C\u00f3ctel Capilar.<\/p>\n<p>Para un acabado completo, aplica <a href=\"https:\/\/www.avani.pt\/es\/p\/aceite-prana-aceite-fortificante-para-cabello-fino-y-medio-115ml\/\">el Aceite Prana<\/a> al cabello fino\/medio despu\u00e9s del C\u00f3ctel Capilar, y <a href=\"https:\/\/www.avani.pt\/es\/p\/aceite-mudra-aceite-nutritivo-para-cabello-grueso-115ml\/\">el Aceite Mudra<\/a> al cabello grueso\/denso, en medios y puntas.<\/p>\n\n            <\/div>\n        \n        \n        \n\n        \n\n\n    <\/div>\n\n\n            <div class=\"accordion accordion-successive   js-accordion not-found mobile--only--md content-default-module text-align-center margin-top-between-modules back_color\">\n            <div class=\"accordion-container\">\n                <div class=\"accordion-question space-between\">\n                                            <h3 class=\"accordion-question-title uppercase back_color\">\n                            Consejos y secretos\n                        <\/h3>\n                                        <span class=\"accordion-arrow back_color\">&emsp;<\/span>\n                <\/div>\n                <div class=\"accordion-answer\">\n                    \n                                            <div class=\"content-default-module-content\">\n                            <p>Para una mayor fijaci\u00f3n y definici\u00f3n de los rizos, aplica la jalea <a href=\"https:\/\/www.avani.pt\/es\/p\/casual-waves-250ml-jalea-texturizante-sin-aclarado\/\">Ondas Casuales<\/a> antes del C\u00f3ctel Capilar.<\/p>\n<p>Para un acabado completo, aplica <a href=\"https:\/\/www.avani.pt\/es\/p\/aceite-prana-aceite-fortificante-para-cabello-fino-y-medio-115ml\/\">el Aceite Prana<\/a> al cabello fino\/medio despu\u00e9s del C\u00f3ctel Capilar, y <a href=\"https:\/\/www.avani.pt\/es\/p\/aceite-mudra-aceite-nutritivo-para-cabello-grueso-115ml\/\">el Aceite Mudra<\/a> al cabello grueso\/denso, en medios y puntas.<\/p>\n\n                        <\/div>\n                    \n                    \n                                    <\/div>\n            <\/div>\n        <\/div>\n    \n<\/div>\n<div class=\"container \">\n\n    <div class=\"content-default-module text-align-center margin-top-between-modules\n        \n        \n        \n        \n        \n        \n        desktop--only--md\"\n        style=\"margin-bottom: 0px;\"\n    >\n\n                <div class=\"content-default-module-titles\">\n                            <h2 class=\"content-default-module-title uppercase black\">Composici&oacute;n<\/h2>\n            \n                    <\/div>\n        \n                    <div class=\"content-default-module-content\">\n                <\/p>\n<p style=\"text-align: left;\"><strong>El aceite de semillas de Sacha Inchi |<\/strong> est\u00e1 compuesto por una potente combinaci\u00f3n de omega 3, 6 y 9 que tiene una incre\u00edble capacidad de penetraci\u00f3n, lo que provoca una reestructuraci\u00f3n intensiva del cabello.<\/p>\n<p style=\"text-align: left;\"><strong>El aceite de oliva |<\/strong> altamente nutritivo, fortalece y repara la fibra capilar.<\/p>\n<p style=\"text-align: left;\"><strong>Ceramidas |<\/strong> l\u00edpidos que proporcionan al cabello una capa protectora natural capaz de mantener la integridad de las cut\u00edculas y el c\u00f3rtex capilar.<\/p>\n<p>\n\n            <\/div>\n        \n        \n        \n\n        \n\n\n    <\/div>\n\n\n            <div class=\"accordion accordion-successive   js-accordion not-found mobile--only--md content-default-module text-align-center margin-top-between-modules back_color\">\n            <div class=\"accordion-container\">\n                <div class=\"accordion-question space-between\">\n                                            <h3 class=\"accordion-question-title uppercase back_color\">\n                            Composici&oacute;n\n                        <\/h3>\n                                        <span class=\"accordion-arrow back_color\">&emsp;<\/span>\n                <\/div>\n                <div class=\"accordion-answer\">\n                    \n                                            <div class=\"content-default-module-content\">\n                            <\/p>\n<p style=\"text-align: left;\"><strong>El aceite de semillas de Sacha Inchi |<\/strong> est\u00e1 compuesto por una potente combinaci\u00f3n de omega 3, 6 y 9 que tiene una incre\u00edble capacidad de penetraci\u00f3n, lo que provoca una reestructuraci\u00f3n intensiva del cabello.<\/p>\n<p style=\"text-align: left;\"><strong>El aceite de oliva |<\/strong> altamente nutritivo, fortalece y repara la fibra capilar.<\/p>\n<p style=\"text-align: left;\"><strong>Ceramidas |<\/strong> l\u00edpidos que proporcionan al cabello una capa protectora natural capaz de mantener la integridad de las cut\u00edculas y el c\u00f3rtex capilar.<\/p>\n<p>\n\n                        <\/div>\n                    \n                    \n                                    <\/div>\n            <\/div>\n        <\/div>\n    \n<\/div>\n<div class=\"container \">\n\n    <div class=\"content-default-module text-align-center margin-top-between-modules\n        \n        \n        \n        \n        \n        \n        desktop--only--md\"\n        style=\"margin-bottom: 0px;\"\n    >\n\n                <div class=\"content-default-module-titles\">\n                            <h2 class=\"content-default-module-title uppercase black\">Ingredientes<\/h2>\n            \n                    <\/div>\n        \n                    <div class=\"content-default-module-content\">\n                <\/p>\n<p style=\"text-align: center;\">Aqua, ciclopentasiloxano, ciclohexasiloxano, dimeticona, fenil trimeticona,<br \/>\nfitosteril\/octildodecil lauroil glutamato, aceite de semillas de Plukenetia volubilis, aceite de frutos de Olea europaea,<br \/>\ncloruro de cetrimonio, glicerina, ceramida NP, poligliceril-10 laurato, tocoferol, parfum, \u00e1cido c\u00edtrico,<br \/>\ncloruro s\u00f3dico, anetol, hexametilindanopirano, vainillina, CI 42051.<\/p>\n<p>\n\n            <\/div>\n        \n        \n        \n\n        \n\n\n    <\/div>\n\n\n            <div class=\"accordion accordion-successive   js-accordion not-found mobile--only--md content-default-module text-align-center margin-top-between-modules back_color\">\n            <div class=\"accordion-container\">\n                <div class=\"accordion-question space-between\">\n                                            <h3 class=\"accordion-question-title uppercase back_color\">\n                            Ingredientes\n                        <\/h3>\n                                        <span class=\"accordion-arrow back_color\">&emsp;<\/span>\n                <\/div>\n                <div class=\"accordion-answer\">\n                    \n                                            <div class=\"content-default-module-content\">\n                            <\/p>\n<p style=\"text-align: center;\">Aqua, ciclopentasiloxano, ciclohexasiloxano, dimeticona, fenil trimeticona,<br \/>\nfitosteril\/octildodecil lauroil glutamato, aceite de semillas de Plukenetia volubilis, aceite de frutos de Olea europaea,<br \/>\ncloruro de cetrimonio, glicerina, ceramida NP, poligliceril-10 laurato, tocoferol, parfum, \u00e1cido c\u00edtrico,<br \/>\ncloruro s\u00f3dico, anetol, hexametilindanopirano, vainillina, CI 42051.<\/p>\n<p>\n\n                        <\/div>\n                    \n                    \n                                    <\/div>\n            <\/div>\n        <\/div>\n    \n<\/div>\n[\/vc_column][\/vc_row][vc_row][vc_column][vc_column_text]<\/p>\n<p>[\/vc_column_text][\/vc_column][\/vc_row]<\/p>\n<\/div>","protected":false},"excerpt":{"rendered":"<p style=\"text-align: left;\">Reparador capilar sin aclarado adecuado para todo tipo de cabellos. Adem\u00e1s de peinar el cabello al instante y realzar su forma natural, hidrata, aporta brillo y suaviza la fibra, dejando el cabello con una fragancia adictiva. <\/p>\n","protected":false},"featured_media":75802,"comment_status":"open","ping_status":"closed","template":"","meta":{"_acf_changed":false},"product_brand":[],"product_cat":[465,435,563,462,464,463,564,156],"product_tag":[],"class_list":{"0":"post-78372","1":"product","2":"type-product","3":"status-publish","4":"has-post-thumbnail","6":"product_cat-atencion","7":"product_cat-caca-baja","8":"product_cat-finalizadores","10":"product_cat-modelistas","11":"product_cat-rizos-ondas-y-rizos","12":"product_cat-tematica-verano","13":"product_cat-cabelo","15":"first","16":"instock","17":"taxable","18":"shipping-taxable","19":"purchasable","20":"product-type-simple"},"acf":[],"wooqr_code":"","_links":{"self":[{"href":"https:\/\/www.avani.pt\/es\/wp-json\/wp\/v2\/product\/78372","targetHints":{"allow":["GET"]}}],"collection":[{"href":"https:\/\/www.avani.pt\/es\/wp-json\/wp\/v2\/product"}],"about":[{"href":"https:\/\/www.avani.pt\/es\/wp-json\/wp\/v2\/types\/product"}],"replies":[{"embeddable":true,"href":"https:\/\/www.avani.pt\/es\/wp-json\/wp\/v2\/comments?post=78372"}],"wp:featuredmedia":[{"embeddable":true,"href":"https:\/\/www.avani.pt\/es\/wp-json\/wp\/v2\/media\/75802"}],"wp:attachment":[{"href":"https:\/\/www.avani.pt\/es\/wp-json\/wp\/v2\/media?parent=78372"}],"wp:term":[{"taxonomy":"product_brand","embeddable":true,"href":"https:\/\/www.avani.pt\/es\/wp-json\/wp\/v2\/product_brand?post=78372"},{"taxonomy":"product_cat","embeddable":true,"href":"https:\/\/www.avani.pt\/es\/wp-json\/wp\/v2\/product_cat?post=78372"},{"taxonomy":"product_tag","embeddable":true,"href":"https:\/\/www.avani.pt\/es\/wp-json\/wp\/v2\/product_tag?post=78372"}],"curies":[{"name":"wp","href":"https:\/\/api.w.org\/{rel}","templated":true}]}}