{"id":78379,"date":"2018-03-27T15:39:04","date_gmt":"2018-03-27T14:39:04","guid":{"rendered":"https:\/\/www.avani.pt\/p\/champu-indian-hair-rebuild-250ml-sin-sal\/"},"modified":"2026-01-02T09:19:35","modified_gmt":"2026-01-02T09:19:35","slug":"champu-indian-hair-rebuild-250ml-sin-sal","status":"publish","type":"product","link":"https:\/\/www.avani.pt\/es\/p\/champu-indian-hair-rebuild-250ml-sin-sal\/","title":{"rendered":"Champ\u00fa Indian Hair Rebuild 250ml | Sin sal"},"content":{"rendered":"","protected":false},"excerpt":{"rendered":"<p class=\"p1\">Champ\u00fa reconstructor para cabellos muy da\u00f1ados por el trabajo t\u00e9cnico y el uso excesivo de herramientas t\u00e9rmicas. Con la innovadora tecnolog\u00eda MoringaBond, que hidroliza los distintos componentes de la planta de Moringa, confiri\u00e9ndole caracter\u00edsticas a\u00fan m\u00e1s potentes que en su estado natural. Enriquecido con amino\u00e1cidos vegetales y pantenol.  <\/p>\n","protected":false},"featured_media":76960,"comment_status":"open","ping_status":"closed","template":"","meta":{"_acf_changed":false},"product_brand":[],"product_cat":[465,637,433,526,483,686,682,564,156],"product_tag":[],"class_list":{"0":"post-78379","1":"product","2":"type-product","3":"status-publish","4":"has-post-thumbnail","6":"product_cat-atencion","7":"product_cat-cabello-danado-reparacion","8":"product_cat-champus","9":"product_cat-ingredientes-2","10":"product_cat-productos-cabello","11":"product_cat-reconstruccion-capilar-reconstruccion-del-cabello-danado","12":"product_cat-te-verde","13":"product_cat-tematica-verano","14":"product_cat-cabelo","16":"first","17":"instock","18":"taxable","19":"shipping-taxable","20":"purchasable","21":"product-type-simple"},"acf":[],"wooqr_code":"","_links":{"self":[{"href":"https:\/\/www.avani.pt\/es\/wp-json\/wp\/v2\/product\/78379","targetHints":{"allow":["GET"]}}],"collection":[{"href":"https:\/\/www.avani.pt\/es\/wp-json\/wp\/v2\/product"}],"about":[{"href":"https:\/\/www.avani.pt\/es\/wp-json\/wp\/v2\/types\/product"}],"replies":[{"embeddable":true,"href":"https:\/\/www.avani.pt\/es\/wp-json\/wp\/v2\/comments?post=78379"}],"wp:featuredmedia":[{"embeddable":true,"href":"https:\/\/www.avani.pt\/es\/wp-json\/wp\/v2\/media\/76960"}],"wp:attachment":[{"href":"https:\/\/www.avani.pt\/es\/wp-json\/wp\/v2\/media?parent=78379"}],"wp:term":[{"taxonomy":"product_brand","embeddable":true,"href":"https:\/\/www.avani.pt\/es\/wp-json\/wp\/v2\/product_brand?post=78379"},{"taxonomy":"product_cat","embeddable":true,"href":"https:\/\/www.avani.pt\/es\/wp-json\/wp\/v2\/product_cat?post=78379"},{"taxonomy":"product_tag","embeddable":true,"href":"https:\/\/www.avani.pt\/es\/wp-json\/wp\/v2\/product_tag?post=78379"}],"curies":[{"name":"wp","href":"https:\/\/api.w.org\/{rel}","templated":true}]}}