{"id":78381,"date":"2018-03-28T08:29:45","date_gmt":"2018-03-28T07:29:45","guid":{"rendered":"https:\/\/www.avani.pt\/p\/acondicionador-indian-hair-nutrition-250-ml-sin-sal\/"},"modified":"2026-02-17T12:32:22","modified_gmt":"2026-02-17T12:32:22","slug":"acondicionador-indian-hair-nutrition-250-ml-sin-sal","status":"publish","type":"product","link":"https:\/\/www.avani.pt\/es\/p\/acondicionador-indian-hair-nutrition-250-ml-sin-sal\/","title":{"rendered":"Acondicionador Indian Hair Nutrition 250 ml | Sin sal"},"content":{"rendered":"<div class=\"wpb-content-wrapper\"><p>[vc_row full_width=&#8221;stretch_row_content_no_spaces&#8221; el_class=&#8221;text-align-center&#8221;][vc_column]<div class=\"stars-of-product-module-wrapper margin-top-between-modules\">\n    <img decoding=\"async\" class=\"stars-of-product-module-left-image-design\" src=\"\/dist\/images\/stars_product_module_design.png\">\n    <img decoding=\"async\" class=\"stars-of-product-module-right-image-design\" src=\"\/dist\/images\/stars_product_module_design.png\">\n\n    <div class=\"container\">\n\n        <div class=\"stars-of-product-module text-align-center  desktop--only--md\">\n\n            \n                            <div class=\"stars-of-product-module-titles\">\n                                            <h2 class=\"stars-of-product-module-title black uppercase back_color\">Las estrellas del producto<\/h2>\n                                    <\/div>\n            \n                            <div class=\"stars-of-product-module-content\">\n                    <p>La nutrici\u00f3n o los aceites son extremadamente importantes para la salud del cabello, ya que ayudan a dejarlo brillante, sin encrespamiento, manejable y suave al tacto. Rico en ingredientes que act\u00faan de medios a puntas, este acondicionador ayuda a nutrir en profundidad la fibra capilar, haci\u00e9ndola m\u00e1s suave, brillante y manejable. Est\u00e1 recomendado para todo tipo de cabellos, tanto naturales como sometidos a trabajos t\u00e9cnicos. Con ingredientes estrella como el fruto del Amla, el secreto indio para un cabello fuerte y largo; aceites naturales como el de arg\u00e1n, semilla de uva, sacha inchi y oliva que nutren y reparan la fibra capilar; manteca de karit\u00e9 que devuelve la flexibilidad al cabello y ceramidas que proporcionan al cabello una capa protectora natural capaz de mantener la integridad de las cut\u00edculas y el c\u00f3rtex capilar; y muchos otros ingredientes que hacen que este acondicionador sea muy nutritivo y apreciado por los clientes. \u00a1Olor suave y adictivo!<\/p>\n\n                <\/div>\n            \n        <\/div>\n\n\n                    <div class=\"accordion   accordion-successive-first js-accordion not-found mobile--only--md stars-of-product-module text-align-center margin-top-between-modules back_color\">\n                <div class=\"accordion-container\">\n                    <div class=\"accordion-question space-between\">\n                                                    <h3 class=\"accordion-question-title uppercase back_color\">\n                                Las estrellas del producto\n                            <\/h3>\n                                                <span class=\"accordion-arrow back_color\">&emsp;<\/span>\n                    <\/div>\n                    <div class=\"accordion-answer\">\n\n                        \n                                                    <div class=\"stars-of-product-module-content\">\n                                <p>La nutrici\u00f3n o los aceites son extremadamente importantes para la salud del cabello, ya que ayudan a dejarlo brillante, sin encrespamiento, manejable y suave al tacto. Rico en ingredientes que act\u00faan de medios a puntas, este acondicionador ayuda a nutrir en profundidad la fibra capilar, haci\u00e9ndola m\u00e1s suave, brillante y manejable. Est\u00e1 recomendado para todo tipo de cabellos, tanto naturales como sometidos a trabajos t\u00e9cnicos. Con ingredientes estrella como el fruto del Amla, el secreto indio para un cabello fuerte y largo; aceites naturales como el de arg\u00e1n, semilla de uva, sacha inchi y oliva que nutren y reparan la fibra capilar; manteca de karit\u00e9 que devuelve la flexibilidad al cabello y ceramidas que proporcionan al cabello una capa protectora natural capaz de mantener la integridad de las cut\u00edculas y el c\u00f3rtex capilar; y muchos otros ingredientes que hacen que este acondicionador sea muy nutritivo y apreciado por los clientes. \u00a1Olor suave y adictivo!<\/p>\n\n                            <\/div>\n                                            <\/div>\n                <\/div>\n            <\/div>\n        \n    <\/div>\n<\/div>\n[\/vc_column][\/vc_row][vc_row full_width=&#8221;stretch_row_content_no_spaces&#8221; el_class=&#8221;text-align-center&#8221;][vc_column]<div class=\"container\">\n\t<div class=\"usability-tips-and-secrets-module desktop--only--md\">\n\n\t\t<div class=\"usability-tips-and-secrets-module-content-wrapper full-width-container\">\n\n\t\t\t\n\t\t\t\t\t\t\t<div class=\"usability-tips-and-secrets-module-content usability-tips-and-secrets-module-content--bordered margin-top-between-modules\">\n\t\t\t\t\t\t\t\t\t\t\t<h2 class=\"uppercase black\">C&oacute;mo utilizar<\/h2>\n\t\t\t\t\t\n\t\t\t\t\t\t\t\t\t\t\t<p>Aplicar despu\u00e9s del champ\u00fa o como paso 3, despu\u00e9s de la Mascarilla Capilar, aplicar en medios y puntas y dejar actuar durante 1 minuto. A continuaci\u00f3n, aclara. <\/p>\n\n\t\t\t\t\t\t\t\t\t<\/div>\n\t\t\t\n\t\t\t\t\t<\/div>\n\t<\/div>\n\n\t\n\t\t\t<div class=\"accordion accordion-successive  js-accordion not-found mobile--only--md usability-tips-and-secrets-module text-align-center margin-top-between-modules back_color\">\n\t\t\t<div class=\"accordion-container\">\n\t\t\t\t<div class=\"accordion-question space-between\">\n\t\t\t\t\t\t\t\t\t\t\t<h3 class=\"accordion-question-title uppercase back_color\">\n\t\t\t\t\t\t\tC&oacute;mo utilizar\n\t\t\t\t\t\t<\/h3>\n\t\t\t\t\t\n\t\t\t\t\t<span class=\"accordion-arrow back_color\">&emsp;<\/span>\n\t\t\t\t<\/div>\n\t\t\t\t<div class=\"accordion-answer\">\n\t\t\t\t\t\t\t\t\t\t\t<div class=\"usability-tips-and-secrets-module-content\">\n\t\t\t\t\t\t\t<p>Aplicar despu\u00e9s del champ\u00fa o como paso 3, despu\u00e9s de la Mascarilla Capilar, aplicar en medios y puntas y dejar actuar durante 1 minuto. A continuaci\u00f3n, aclara. <\/p>\n\n\t\t\t\t\t\t<\/div>\n\t\t\t\t\t\t\t\t\t<\/div>\n\t\t\t<\/div>\n\t\t<\/div>\n\t\n\t<\/div>\n[\/vc_column][\/vc_row][vc_row full_width=&#8221;stretch_row_content_no_spaces&#8221; el_class=&#8221;text-align-center&#8221;][vc_column]<div class=\"container \">\n\n    <div class=\"content-default-module text-align-center margin-top-between-modules\n        \n        \n        \n        \n        \n        \n        desktop--only--md\"\n        style=\"margin-bottom: 0px;\"\n    >\n\n                <div class=\"content-default-module-titles\">\n                            <h2 class=\"content-default-module-title uppercase black\">Composici&oacute;n<\/h2>\n            \n                    <\/div>\n        \n                    <div class=\"content-default-module-content\">\n                <\/p>\n<p style=\"text-align: left;\"><strong>Ginkgo Biloba |<\/strong> la primera planta medicinal que brot\u00f3 tras la destrucci\u00f3n causada por la bomba at\u00f3mica en la ciudad de Hiroshima, en Jap\u00f3n. Adem\u00e1s de esta impresionante haza\u00f1a, esta planta es conocida, y muy apreciada, por estimular la circulaci\u00f3n sangu\u00ednea en los fol\u00edculos pilosos y el nuevo crecimiento. <\/p>\n<p style=\"text-align: left;\"><strong>Amla |<\/strong> \u00a1el secreto indio para un pelo fuerte, brillante, largo y sano! El amla, tambi\u00e9n conocido como grosella espinosa de la India, procede de la planta Amalaki y es un ingrediente esencial especialmente recomendado para los productos capilares por la medicina ayurv\u00e9dica. Se utiliza desde la antig\u00fcedad como elixir para el cabello porque es rico en antioxidantes, vitaminas, calcio, f\u00f3sforo y caroteno.  Ayuda a combatir la ca\u00edda del cabello, la caspa, la descamaci\u00f3n y estimula el crecimiento sano del cabello.<\/p>\n<p style=\"text-align: left;\"><strong>El aceite de arg\u00e1n |<\/strong> rico en vitamina E y \u00e1cidos grasos, es muy nutritivo y penetrante, repara y preserva la capa protectora del cabello, invirtiendo los da\u00f1os de los tratamientos qu\u00edmicos y las herramientas t\u00e9rmicas.<\/p>\n<p style=\"text-align: left;\">La <strong>manteca de karit\u00e9 |<\/strong> rica en vitamina A y E, devuelve la nutrici\u00f3n y la flexibilidad al cabello.<\/p>\n<p style=\"text-align: left;\"><strong>El Aceite de Semillas de Uva |<\/strong> un potente antioxidante, previene las puntas abiertas, ayuda a combatir la ca\u00edda y la rotura del cabello y evita la caspa en el cuero cabelludo.<\/p>\n<p style=\"text-align: left;\"><strong>El aceite de semillas de Sacha Inchi |<\/strong> est\u00e1 compuesto por una potente combinaci\u00f3n de omega 3, 6 y 9 que tiene una incre\u00edble capacidad de penetraci\u00f3n, lo que provoca una reestructuraci\u00f3n intensiva del cabello.<\/p>\n<p style=\"text-align: left;\"><strong>El Aceite de Oliva |<\/strong> altamente nutritivo, fortalece, repara y ayuda a combatir la ca\u00edda y el fortalecimiento del cabello.<\/p>\n<p>\n\n            <\/div>\n        \n        \n        \n\n        \n\n\n    <\/div>\n\n\n            <div class=\"accordion accordion-successive   js-accordion not-found mobile--only--md content-default-module text-align-center margin-top-between-modules back_color\">\n            <div class=\"accordion-container\">\n                <div class=\"accordion-question space-between\">\n                                            <h3 class=\"accordion-question-title uppercase back_color\">\n                            Composici&oacute;n\n                        <\/h3>\n                                        <span class=\"accordion-arrow back_color\">&emsp;<\/span>\n                <\/div>\n                <div class=\"accordion-answer\">\n                    \n                                            <div class=\"content-default-module-content\">\n                            <\/p>\n<p style=\"text-align: left;\"><strong>Ginkgo Biloba |<\/strong> la primera planta medicinal que brot\u00f3 tras la destrucci\u00f3n causada por la bomba at\u00f3mica en la ciudad de Hiroshima, en Jap\u00f3n. Adem\u00e1s de esta impresionante haza\u00f1a, esta planta es conocida, y muy apreciada, por estimular la circulaci\u00f3n sangu\u00ednea en los fol\u00edculos pilosos y el nuevo crecimiento. <\/p>\n<p style=\"text-align: left;\"><strong>Amla |<\/strong> \u00a1el secreto indio para un pelo fuerte, brillante, largo y sano! El amla, tambi\u00e9n conocido como grosella espinosa de la India, procede de la planta Amalaki y es un ingrediente esencial especialmente recomendado para los productos capilares por la medicina ayurv\u00e9dica. Se utiliza desde la antig\u00fcedad como elixir para el cabello porque es rico en antioxidantes, vitaminas, calcio, f\u00f3sforo y caroteno.  Ayuda a combatir la ca\u00edda del cabello, la caspa, la descamaci\u00f3n y estimula el crecimiento sano del cabello.<\/p>\n<p style=\"text-align: left;\"><strong>El aceite de arg\u00e1n |<\/strong> rico en vitamina E y \u00e1cidos grasos, es muy nutritivo y penetrante, repara y preserva la capa protectora del cabello, invirtiendo los da\u00f1os de los tratamientos qu\u00edmicos y las herramientas t\u00e9rmicas.<\/p>\n<p style=\"text-align: left;\">La <strong>manteca de karit\u00e9 |<\/strong> rica en vitamina A y E, devuelve la nutrici\u00f3n y la flexibilidad al cabello.<\/p>\n<p style=\"text-align: left;\"><strong>El Aceite de Semillas de Uva |<\/strong> un potente antioxidante, previene las puntas abiertas, ayuda a combatir la ca\u00edda y la rotura del cabello y evita la caspa en el cuero cabelludo.<\/p>\n<p style=\"text-align: left;\"><strong>El aceite de semillas de Sacha Inchi |<\/strong> est\u00e1 compuesto por una potente combinaci\u00f3n de omega 3, 6 y 9 que tiene una incre\u00edble capacidad de penetraci\u00f3n, lo que provoca una reestructuraci\u00f3n intensiva del cabello.<\/p>\n<p style=\"text-align: left;\"><strong>El Aceite de Oliva |<\/strong> altamente nutritivo, fortalece, repara y ayuda a combatir la ca\u00edda y el fortalecimiento del cabello.<\/p>\n<p>\n\n                        <\/div>\n                    \n                    \n                                    <\/div>\n            <\/div>\n        <\/div>\n    \n<\/div>\n<div class=\"container \">\n\n    <div class=\"content-default-module text-align-center margin-top-between-modules\n        \n        \n        \n        \n        \n        \n        desktop--only--md\"\n        style=\"margin-bottom: 0px;\"\n    >\n\n                <div class=\"content-default-module-titles\">\n                            <h2 class=\"content-default-module-title uppercase black\">Ingredientes<\/h2>\n            \n                    <\/div>\n        \n                    <div class=\"content-default-module-content\">\n                <\/p>\n<p style=\"text-align: center;\">Agua, alcohol cetear\u00edlico, paraffinum liquidum, diestearato de PEG-8, propilenglicol, alcano C15-19<br \/>\n, cloruro de behentrimonio, dimeticona, cloruro de cetrimonio, aceite de pepitas de Argania spinosa,<br \/>\nparfum, glicerina, manteca de Butyrospermum parkii, aceite de semilla de Vitis vinifera, policuaternio-7, alcohol isoprop\u00edlico<br \/>\n, EDTA dis\u00f3dico, aceite de fruto de Olea europaea, aceite de semilla de Plukenetia volubilis, \u00e1cido c\u00edtrico, ceramida NP,<br \/>\nextracto de hoja de Ginkgo biloba, alcohol denat., poligliceril-10 laurato, tocoferol, Phyllanthus emblica<br \/>\npolvo de fruta, fenoxietanol, \u00e1cido benzoico, \u00e1cido dehidroac\u00e9tico, benzoato s\u00f3dico, sorbato pot\u00e1sico,<br \/>\nalfa-isometil ionona, salicilato benc\u00edlico, hexametilindanopirano, hexil cinamal, linalol, acetato de linalilo<br \/>\n, tetrametil acetiloctahidronaftalenos.<\/p>\n<p style=\"text-align: center;\">Ph (nota de aprobado): 3,0 &#8211; 4,0<\/p>\n<p>\n\n            <\/div>\n        \n        \n        \n\n        \n\n\n    <\/div>\n\n\n            <div class=\"accordion accordion-successive   js-accordion not-found mobile--only--md content-default-module text-align-center margin-top-between-modules back_color\">\n            <div class=\"accordion-container\">\n                <div class=\"accordion-question space-between\">\n                                            <h3 class=\"accordion-question-title uppercase back_color\">\n                            Ingredientes\n                        <\/h3>\n                                        <span class=\"accordion-arrow back_color\">&emsp;<\/span>\n                <\/div>\n                <div class=\"accordion-answer\">\n                    \n                                            <div class=\"content-default-module-content\">\n                            <\/p>\n<p style=\"text-align: center;\">Agua, alcohol cetear\u00edlico, paraffinum liquidum, diestearato de PEG-8, propilenglicol, alcano C15-19<br \/>\n, cloruro de behentrimonio, dimeticona, cloruro de cetrimonio, aceite de pepitas de Argania spinosa,<br \/>\nparfum, glicerina, manteca de Butyrospermum parkii, aceite de semilla de Vitis vinifera, policuaternio-7, alcohol isoprop\u00edlico<br \/>\n, EDTA dis\u00f3dico, aceite de fruto de Olea europaea, aceite de semilla de Plukenetia volubilis, \u00e1cido c\u00edtrico, ceramida NP,<br \/>\nextracto de hoja de Ginkgo biloba, alcohol denat., poligliceril-10 laurato, tocoferol, Phyllanthus emblica<br \/>\npolvo de fruta, fenoxietanol, \u00e1cido benzoico, \u00e1cido dehidroac\u00e9tico, benzoato s\u00f3dico, sorbato pot\u00e1sico,<br \/>\nalfa-isometil ionona, salicilato benc\u00edlico, hexametilindanopirano, hexil cinamal, linalol, acetato de linalilo<br \/>\n, tetrametil acetiloctahidronaftalenos.<\/p>\n<p style=\"text-align: center;\">Ph (nota de aprobado): 3,0 &#8211; 4,0<\/p>\n<p>\n\n                        <\/div>\n                    \n                    \n                                    <\/div>\n            <\/div>\n        <\/div>\n    \n<\/div>\n[\/vc_column][\/vc_row]<\/p>\n<\/div>","protected":false},"excerpt":{"rendered":"<p>Acondicionador nutritivo enriquecido con extracto de Ginkgo Biloba, Amla, ceramidas, aceite de arg\u00e1n, aceite de pepitas de uva, aceite de sacha inchi, aceite de oliva y manteca de karit\u00e9. Eficaz para todo tipo de cabellos, especialmente los que necesitan m\u00e1s nutrici\u00f3n. <\/p>\n","protected":false},"featured_media":76222,"comment_status":"open","ping_status":"closed","template":"","meta":{"_acf_changed":false},"product_brand":[],"product_cat":[437,534,465,436,526,484,445,483,156],"product_tag":[],"class_list":{"0":"post-78381","1":"product","2":"type-product","3":"status-publish","4":"has-post-thumbnail","6":"product_cat-aceite-de-argan","7":"product_cat-acondicionadores","8":"product_cat-atencion","9":"product_cat-cabello-seco-nutricion","10":"product_cat-ingredientes-2","11":"product_cat-ingredientes","12":"product_cat-nutricion-capilar-india-nutricion-versatil","13":"product_cat-productos-cabello","14":"product_cat-cabelo","16":"first","17":"instock","18":"taxable","19":"shipping-taxable","20":"purchasable","21":"product-type-simple"},"acf":[],"wooqr_code":"","_links":{"self":[{"href":"https:\/\/www.avani.pt\/es\/wp-json\/wp\/v2\/product\/78381","targetHints":{"allow":["GET"]}}],"collection":[{"href":"https:\/\/www.avani.pt\/es\/wp-json\/wp\/v2\/product"}],"about":[{"href":"https:\/\/www.avani.pt\/es\/wp-json\/wp\/v2\/types\/product"}],"replies":[{"embeddable":true,"href":"https:\/\/www.avani.pt\/es\/wp-json\/wp\/v2\/comments?post=78381"}],"wp:featuredmedia":[{"embeddable":true,"href":"https:\/\/www.avani.pt\/es\/wp-json\/wp\/v2\/media\/76222"}],"wp:attachment":[{"href":"https:\/\/www.avani.pt\/es\/wp-json\/wp\/v2\/media?parent=78381"}],"wp:term":[{"taxonomy":"product_brand","embeddable":true,"href":"https:\/\/www.avani.pt\/es\/wp-json\/wp\/v2\/product_brand?post=78381"},{"taxonomy":"product_cat","embeddable":true,"href":"https:\/\/www.avani.pt\/es\/wp-json\/wp\/v2\/product_cat?post=78381"},{"taxonomy":"product_tag","embeddable":true,"href":"https:\/\/www.avani.pt\/es\/wp-json\/wp\/v2\/product_tag?post=78381"}],"curies":[{"name":"wp","href":"https:\/\/api.w.org\/{rel}","templated":true}]}}