{"id":78383,"date":"2018-03-28T08:23:59","date_gmt":"2018-03-28T07:23:59","guid":{"rendered":"https:\/\/www.avani.pt\/p\/tonico-capilar-fortificante-vitaminado-cabello-indio-100-ml-amla\/"},"modified":"2026-04-21T15:02:09","modified_gmt":"2026-04-21T14:02:09","slug":"tonico-capilar-fortificante-vitaminado-cabello-indio-100-ml-amla","status":"publish","type":"product","link":"https:\/\/www.avani.pt\/es\/p\/tonico-capilar-fortificante-vitaminado-cabello-indio-100-ml-amla\/","title":{"rendered":"T\u00f3nico Capilar Fortificante Vitaminado Cabello Indio 100 ml | Amla"},"content":{"rendered":"<div class=\"wpb-content-wrapper\"><p>[vc_row full_width=&#8221;stretch_row_content_no_spaces&#8221; el_class=&#8221;text-align-center&#8221;][vc_column]<div class=\"stars-of-product-module-wrapper margin-top-between-modules\">\n    <img decoding=\"async\" class=\"stars-of-product-module-left-image-design\" src=\"\/dist\/images\/stars_product_module_design.png\">\n    <img decoding=\"async\" class=\"stars-of-product-module-right-image-design\" src=\"\/dist\/images\/stars_product_module_design.png\">\n\n    <div class=\"container\">\n\n        <div class=\"stars-of-product-module text-align-center  desktop--only--md\">\n\n            \n                            <div class=\"stars-of-product-module-titles\">\n                                            <h2 class=\"stars-of-product-module-title black uppercase back_color\">Las estrellas del producto<\/h2>\n                                    <\/div>\n            \n                            <div class=\"stars-of-product-module-content\">\n                    <\/p>\n<p style=\"text-align: center;\">T\u00f3nico capilar muy rico en ingredientes que act\u00faan en la ra\u00edz para ayudar a equilibrar la salud general del cabello, d\u00e1ndole m\u00e1s fuerza, densidad, brillo y vitalidad. Debido a la amplitud de sus ingredientes, act\u00faa estimulando la producci\u00f3n de materia capilar. Por eso se recomienda para todo tipo de cabellos, especialmente los que sufren problemas en el cuero cabelludo (sensibilidad, caspa, ca\u00edda del cabello y exceso de grasa). Con ingredientes estrella como el fruto del Amla, el secreto indio para un pelo fuerte y largo; hidrolizado de prote\u00edna de soja con gran capacidad de penetraci\u00f3n; zinc que controla el exceso de grasa; extracto de cebolla, el antis\u00e9ptico natural; biotina que aumenta el ritmo de crecimiento del fol\u00edculo; y muchos otros ingredientes que hacen que este t\u00f3nico sea muy vers\u00e1til y apreciado por los clientes. Resultados comunicados: m\u00e1s densidad, fuerza y mejoras en la ca\u00edda del cabello, \u00a1confirmados por los propios clientes (hombres y mujeres)!    <br aria-hidden=\"true\"><br aria-hidden=\"true\"><\/p>\n<p>\n\n                <\/div>\n            \n        <\/div>\n\n\n                    <div class=\"accordion   accordion-successive-first js-accordion not-found mobile--only--md stars-of-product-module text-align-center margin-top-between-modules back_color\">\n                <div class=\"accordion-container\">\n                    <div class=\"accordion-question space-between\">\n                                                    <h3 class=\"accordion-question-title uppercase back_color\">\n                                Las estrellas del producto\n                            <\/h3>\n                                                <span class=\"accordion-arrow back_color\">&emsp;<\/span>\n                    <\/div>\n                    <div class=\"accordion-answer\">\n\n                        \n                                                    <div class=\"stars-of-product-module-content\">\n                                <\/p>\n<p style=\"text-align: center;\">T\u00f3nico capilar muy rico en ingredientes que act\u00faan en la ra\u00edz para ayudar a equilibrar la salud general del cabello, d\u00e1ndole m\u00e1s fuerza, densidad, brillo y vitalidad. Debido a la amplitud de sus ingredientes, act\u00faa estimulando la producci\u00f3n de materia capilar. Por eso se recomienda para todo tipo de cabellos, especialmente los que sufren problemas en el cuero cabelludo (sensibilidad, caspa, ca\u00edda del cabello y exceso de grasa). Con ingredientes estrella como el fruto del Amla, el secreto indio para un pelo fuerte y largo; hidrolizado de prote\u00edna de soja con gran capacidad de penetraci\u00f3n; zinc que controla el exceso de grasa; extracto de cebolla, el antis\u00e9ptico natural; biotina que aumenta el ritmo de crecimiento del fol\u00edculo; y muchos otros ingredientes que hacen que este t\u00f3nico sea muy vers\u00e1til y apreciado por los clientes. Resultados comunicados: m\u00e1s densidad, fuerza y mejoras en la ca\u00edda del cabello, \u00a1confirmados por los propios clientes (hombres y mujeres)!    <br aria-hidden=\"true\"><br aria-hidden=\"true\"><\/p>\n<p>\n\n                            <\/div>\n                                            <\/div>\n                <\/div>\n            <\/div>\n        \n    <\/div>\n<\/div>\n<div class=\"stars-of-product-module-wrapper margin-top-between-modules\">\n    <img decoding=\"async\" class=\"stars-of-product-module-left-image-design\" src=\"\/dist\/images\/stars_product_module_design.png\">\n    <img decoding=\"async\" class=\"stars-of-product-module-right-image-design\" src=\"\/dist\/images\/stars_product_module_design.png\">\n\n    <div class=\"container\">\n\n        <div class=\"stars-of-product-module text-align-center  desktop--only--md\">\n\n            \n                            <div class=\"stars-of-product-module-titles\">\n                                            <h2 class=\"stars-of-product-module-title black uppercase golden_color\">LA GAMA INDIAN HAIR VITAMINADA GANA EL PREMIO TOP BEAUTY 2023<\/h2>\n                                    <\/div>\n            \n            \n        <\/div>\n\n\n                    <div class=\"accordion   accordion-successive-first js-accordion not-found mobile--only--md stars-of-product-module text-align-center margin-top-between-modules golden_color\">\n                <div class=\"accordion-container\">\n                    <div class=\"accordion-question space-between\">\n                                                    <h3 class=\"accordion-question-title uppercase golden_color\">\n                                LA GAMA INDIAN HAIR VITAMINADA GANA EL PREMIO TOP BEAUTY 2023\n                            <\/h3>\n                                                <span class=\"accordion-arrow golden_color\">&emsp;<\/span>\n                    <\/div>\n                    <div class=\"accordion-answer\">\n\n                        \n                                            <\/div>\n                <\/div>\n            <\/div>\n        \n    <\/div>\n<\/div>\n[\/vc_column][\/vc_row][vc_row full_width=&#8221;stretch_row_content_no_spaces&#8221; el_class=&#8221;text-align-center&#8221;][vc_column]<div class=\"container\">\n\t<div class=\"usability-tips-and-secrets-module desktop--only--md\">\n\n\t\t<div class=\"usability-tips-and-secrets-module-content-wrapper full-width-container\">\n\n\t\t\t\n\t\t\t\t\t\t\t<div class=\"usability-tips-and-secrets-module-content usability-tips-and-secrets-module-content--bordered margin-top-between-modules\">\n\t\t\t\t\t\t\t\t\t\t\t<h2 class=\"uppercase black\">C&oacute;mo utilizar<\/h2>\n\t\t\t\t\t\n\t\t\t\t\t\t\t\t\t\t\t<p>Aplica de dos a cuatro pulverizaciones del T\u00f3nico y masajea bien con las yemas de los dedos por todo el cuero cabelludo.<br \/>\nNota: Para un tratamiento intensivo antica\u00edda, \u00fasalo a diario sobre el cabello seco. Para un tratamiento preventivo, \u00fasalo s\u00f3lo despu\u00e9s del champ\u00fa. <\/p>\n\n\t\t\t\t\t\t\t\t\t<\/div>\n\t\t\t\n\t\t\t\t\t<\/div>\n\t<\/div>\n\n\t\t\t<div class=\"mobile--only--md usability-tips-and-secrets-module text-align-center margin-top-between-modules usability-tips-and-secrets-module-video\">\n\t\t\t\t\t<\/div>\n\t\n\t\t\t<div class=\"accordion accordion-successive  js-accordion not-found mobile--only--md usability-tips-and-secrets-module text-align-center margin-top-between-modules back_color\">\n\t\t\t<div class=\"accordion-container\">\n\t\t\t\t<div class=\"accordion-question space-between\">\n\t\t\t\t\t\t\t\t\t\t\t<h3 class=\"accordion-question-title uppercase back_color\">\n\t\t\t\t\t\t\tC&oacute;mo utilizar\n\t\t\t\t\t\t<\/h3>\n\t\t\t\t\t\n\t\t\t\t\t<span class=\"accordion-arrow back_color\">&emsp;<\/span>\n\t\t\t\t<\/div>\n\t\t\t\t<div class=\"accordion-answer\">\n\t\t\t\t\t\t\t\t\t\t\t<div class=\"usability-tips-and-secrets-module-content\">\n\t\t\t\t\t\t\t<p>Aplica de dos a cuatro pulverizaciones del T\u00f3nico y masajea bien con las yemas de los dedos por todo el cuero cabelludo.<br \/>\nNota: Para un tratamiento intensivo antica\u00edda, \u00fasalo a diario sobre el cabello seco. Para un tratamiento preventivo, \u00fasalo s\u00f3lo despu\u00e9s del champ\u00fa. <\/p>\n\n\t\t\t\t\t\t<\/div>\n\t\t\t\t\t\t\t\t\t<\/div>\n\t\t\t<\/div>\n\t\t<\/div>\n\t\n\t<\/div>\n<div class=\"container\">\n\t<div class=\"usability-tips-and-secrets-module desktop--only--md\">\n\n\t\t<div class=\"usability-tips-and-secrets-module-content-wrapper full-width-container\">\n\n\t\t\t\n\t\t\t\n\t\t\t\t\t\t\t<div class=\"usability-tips-and-secrets-module-content margin-top-between-modules\">\n\t\t\t\t\t\t\t\t\t\t\t<h2 class=\"uppercase black\">Consejos y secretos<\/h2>\n\t\t\t\t\t\n\t\t\t\t\t\t\t\t\t\t\t<p>Este t\u00f3nico debe aplicarse junto con un masaje del cuero cabelludo, para permitir que se absorban los principios activos del t\u00f3nico, que ayudan a estimular los vasos sangu\u00edneos y los linf\u00e1ticos, lo que se traduce en una reducci\u00f3n de la ca\u00edda del cabello, del exceso de grasa y en un aumento visible de la densidad capilar.<br \/>\nEste t\u00f3nico puede aplicarse en el cuero cabelludo y en toda la longitud del cabello cuando se est\u00e1 preparando para el cepillado, cuando se desea un resultado con m\u00e1s volumen y ligereza.<\/p>\n\n\t\t\t\t\t\t\t\t\t<\/div>\n\t\t\t\t\t<\/div>\n\t<\/div>\n\n\t\t\t<div class=\"mobile--only--md usability-tips-and-secrets-module text-align-center margin-top-between-modules usability-tips-and-secrets-module-video\">\n\t\t\t\t\t<\/div>\n\t\n\t\n\t\t\t<div class=\"accordion accordion-successive js-accordion not-found mobile--only--md usability-tips-and-secrets-module text-align-center margin-top-between-modules back_color\">\n\t\t\t<div class=\"accordion-container\">\n\t\t\t\t<div class=\"accordion-question space-between\">\n\t\t\t\t\t\t\t\t\t\t\t<h3 class=\"accordion-question-title uppercase back_color\">\n\t\t\t\t\t\t\tConsejos y secretos\n\t\t\t\t\t\t<\/h3>\n\t\t\t\t\t\n\t\t\t\t\t<span class=\"accordion-arrow back_color\">&emsp;<\/span>\n\t\t\t\t<\/div>\n\t\t\t\t<div class=\"accordion-answer\">\n\t\t\t\t\t\t\t\t\t\t\t<div class=\"usability-tips-and-secrets-module-content\">\n\t\t\t\t\t\t\t<p>Este t\u00f3nico debe aplicarse junto con un masaje del cuero cabelludo, para permitir que se absorban los principios activos del t\u00f3nico, que ayudan a estimular los vasos sangu\u00edneos y los linf\u00e1ticos, lo que se traduce en una reducci\u00f3n de la ca\u00edda del cabello, del exceso de grasa y en un aumento visible de la densidad capilar.<br \/>\nEste t\u00f3nico puede aplicarse en el cuero cabelludo y en toda la longitud del cabello cuando se est\u00e1 preparando para el cepillado, cuando se desea un resultado con m\u00e1s volumen y ligereza.<\/p>\n\n\t\t\t\t\t\t<\/div>\n\t\t\t\t\t\t\t\t\t<\/div>\n\t\t\t<\/div>\n\t\t<\/div>\n\t<\/div>\n[\/vc_column][\/vc_row][vc_row full_width=&#8221;stretch_row_content_no_spaces&#8221; el_class=&#8221;text-align-center&#8221;][vc_column]<div class=\"container \">\n\n    <div class=\"content-default-module text-align-center margin-top-between-modules\n        \n        \n        \n        \n        \n        \n        desktop--only--md\"\n        style=\"margin-bottom: 0px;\"\n    >\n\n                <div class=\"content-default-module-titles\">\n                            <h2 class=\"content-default-module-title uppercase black\">Composici&oacute;n<\/h2>\n            \n                    <\/div>\n        \n                    <div class=\"content-default-module-content\">\n                <\/p>\n<p style=\"text-align: left;\"><strong>El hidrolizado de prote\u00edna de soja |<\/strong> con gran capacidad de penetraci\u00f3n fortalece y repara las fibras capilares, aumenta la capacidad de retenci\u00f3n de humedad y aporta brillo y suavidad al mismo tiempo;<\/p>\n<p style=\"text-align: left;\"><strong>Pantenol | <\/strong>fuerte agente hidratante y rico en propiedades cicatrizantes y antiinflamatorias;<\/p>\n<p style=\"text-align: left;\"><strong>El zinc | <\/strong>controla el exceso de grasa combatiendo la descamaci\u00f3n del cuero cabelludo;<\/p>\n<p style=\"text-align: left;\"><strong>Extracto de amla <\/strong>: \u00a1el secreto indio para un pelo fuerte, brillante, largo y sano! El amla, tambi\u00e9n conocido como grosella espinosa india, procede de la planta amalaki y es un ingrediente esencial especialmente recomendado para los productos capilares por la medicina ayurv\u00e9dica, utilizado desde la antig\u00fcedad como elixir para el cabello porque es rico en antioxidantes, vitaminas, calcio, f\u00f3sforo y caroteno.  Ayuda a combatir la ca\u00edda del cabello, la caspa, la descamaci\u00f3n y estimula el crecimiento sano del cabello;<\/p>\n<p style=\"text-align: left;\"><strong>El extracto de cebolla | <\/strong>rico en propiedades antis\u00e9pticas y antibacterianas estimula el crecimiento sano y protege el color de las fibras;<\/p>\n<p style=\"text-align: left;\"><strong>Arginina HCl |<\/strong> un amino\u00e1cido que estimula el cuero cabelludo y el crecimiento sano del cabello. Repara la fibra capilar; <\/p>\n<p style=\"text-align: left;\"><strong>Citrulina |<\/strong> un amino\u00e1cido estimulante esencial para el crecimiento y la sostenibilidad del cabello;<\/p>\n<p style=\"text-align: left;\"><strong>Glucosamina HCI | <\/strong>un compuesto beneficioso para las c\u00e9lulas de la piel que hidrata y cura el cuero cabelludo;<\/p>\n<p style=\"text-align: left;\"><strong>La niacinamida |<\/strong> es una forma hidrosoluble de vitamina B3 con propiedades antioxidantes y antiinflamatorias que hidrata, calma y controla la descamaci\u00f3n y el exceso de grasa del cuero cabelludo. Desempe\u00f1a un papel vital en el crecimiento y la fortaleza del cabello, d\u00e1ndole fuerza, cuerpo y brillo. <\/p>\n<p style=\"text-align: left;\"><strong>HCl de <\/strong><strong>piridoxina<\/strong> <strong>| <\/strong>La vitamina B6 es la clave de un cabello fuerte y sano; controla el exceso de grasa y ayuda a equilibrar el cuero cabelludo, favoreciendo la salud de los fol\u00edculos y, en consecuencia, el crecimiento sano de la fibra capilar.<\/p>\n<p style=\"text-align: left;\"><strong>Extracto de ra\u00edz de ginseng:<\/strong> planta medicinal con propiedades estimulantes y revitalizantes que favorece el crecimiento sano del cabello y ayuda a combatir su ca\u00edda;<\/p>\n<p style=\"text-align: left;\"><strong>La biotina | <\/strong>conocida como vitamina B7 estimula la producci\u00f3n de queratina en el pelo y estimula el ritmo de crecimiento del fol\u00edculo.<\/p>\n<p>\n\n            <\/div>\n        \n        \n        \n\n        \n\n\n    <\/div>\n\n\n            <div class=\"accordion accordion-successive   js-accordion not-found mobile--only--md content-default-module text-align-center margin-top-between-modules back_color\">\n            <div class=\"accordion-container\">\n                <div class=\"accordion-question space-between\">\n                                            <h3 class=\"accordion-question-title uppercase back_color\">\n                            Composici&oacute;n\n                        <\/h3>\n                                        <span class=\"accordion-arrow back_color\">&emsp;<\/span>\n                <\/div>\n                <div class=\"accordion-answer\">\n                    \n                                            <div class=\"content-default-module-content\">\n                            <\/p>\n<p style=\"text-align: left;\"><strong>El hidrolizado de prote\u00edna de soja |<\/strong> con gran capacidad de penetraci\u00f3n fortalece y repara las fibras capilares, aumenta la capacidad de retenci\u00f3n de humedad y aporta brillo y suavidad al mismo tiempo;<\/p>\n<p style=\"text-align: left;\"><strong>Pantenol | <\/strong>fuerte agente hidratante y rico en propiedades cicatrizantes y antiinflamatorias;<\/p>\n<p style=\"text-align: left;\"><strong>El zinc | <\/strong>controla el exceso de grasa combatiendo la descamaci\u00f3n del cuero cabelludo;<\/p>\n<p style=\"text-align: left;\"><strong>Extracto de amla <\/strong>: \u00a1el secreto indio para un pelo fuerte, brillante, largo y sano! El amla, tambi\u00e9n conocido como grosella espinosa india, procede de la planta amalaki y es un ingrediente esencial especialmente recomendado para los productos capilares por la medicina ayurv\u00e9dica, utilizado desde la antig\u00fcedad como elixir para el cabello porque es rico en antioxidantes, vitaminas, calcio, f\u00f3sforo y caroteno.  Ayuda a combatir la ca\u00edda del cabello, la caspa, la descamaci\u00f3n y estimula el crecimiento sano del cabello;<\/p>\n<p style=\"text-align: left;\"><strong>El extracto de cebolla | <\/strong>rico en propiedades antis\u00e9pticas y antibacterianas estimula el crecimiento sano y protege el color de las fibras;<\/p>\n<p style=\"text-align: left;\"><strong>Arginina HCl |<\/strong> un amino\u00e1cido que estimula el cuero cabelludo y el crecimiento sano del cabello. Repara la fibra capilar; <\/p>\n<p style=\"text-align: left;\"><strong>Citrulina |<\/strong> un amino\u00e1cido estimulante esencial para el crecimiento y la sostenibilidad del cabello;<\/p>\n<p style=\"text-align: left;\"><strong>Glucosamina HCI | <\/strong>un compuesto beneficioso para las c\u00e9lulas de la piel que hidrata y cura el cuero cabelludo;<\/p>\n<p style=\"text-align: left;\"><strong>La niacinamida |<\/strong> es una forma hidrosoluble de vitamina B3 con propiedades antioxidantes y antiinflamatorias que hidrata, calma y controla la descamaci\u00f3n y el exceso de grasa del cuero cabelludo. Desempe\u00f1a un papel vital en el crecimiento y la fortaleza del cabello, d\u00e1ndole fuerza, cuerpo y brillo. <\/p>\n<p style=\"text-align: left;\"><strong>HCl de <\/strong><strong>piridoxina<\/strong> <strong>| <\/strong>La vitamina B6 es la clave de un cabello fuerte y sano; controla el exceso de grasa y ayuda a equilibrar el cuero cabelludo, favoreciendo la salud de los fol\u00edculos y, en consecuencia, el crecimiento sano de la fibra capilar.<\/p>\n<p style=\"text-align: left;\"><strong>Extracto de ra\u00edz de ginseng:<\/strong> planta medicinal con propiedades estimulantes y revitalizantes que favorece el crecimiento sano del cabello y ayuda a combatir su ca\u00edda;<\/p>\n<p style=\"text-align: left;\"><strong>La biotina | <\/strong>conocida como vitamina B7 estimula la producci\u00f3n de queratina en el pelo y estimula el ritmo de crecimiento del fol\u00edculo.<\/p>\n<p>\n\n                        <\/div>\n                    \n                    \n                                    <\/div>\n            <\/div>\n        <\/div>\n    \n<\/div>\n<div class=\"container \">\n\n    <div class=\"content-default-module text-align-center margin-top-between-modules\n        \n        \n        \n        \n        \n        \n        desktop--only--md\"\n        style=\"margin-bottom: 0px;\"\n    >\n\n                <div class=\"content-default-module-titles\">\n                            <h2 class=\"content-default-module-title uppercase black\">Ingredientes<\/h2>\n            \n                    <\/div>\n        \n                    <div class=\"content-default-module-content\">\n                <p>Agua, alcohol denat, prote\u00edna de soja hidrolizada, polisorbato 20, glicerina, propanediol, glucosa, pantenol, policuaternio-11, propilenglicol, zinc PCA, \u00f3xido de diaminopirimidina, polvo de fruto de Phyllanthus emblica, extracto de bulbo de Allium cepa, arginina HCl, citrulina, glucosamina HCl, niacinamida, ornitina HCl, extracto de ra\u00edz de Panax ginseng, piridoxina HCl, biotina, parfum, alcohol benc\u00edlico, fenoxietanol, \u00e1cido benzoico, \u00e1cido s\u00f3rbico, sorbato pot\u00e1sico, benzoato s\u00f3dico.<\/p>\n\n            <\/div>\n        \n        \n        \n\n        \n\n\n    <\/div>\n\n\n            <div class=\"accordion accordion-successive   js-accordion not-found mobile--only--md content-default-module text-align-center margin-top-between-modules back_color\">\n            <div class=\"accordion-container\">\n                <div class=\"accordion-question space-between\">\n                                            <h3 class=\"accordion-question-title uppercase back_color\">\n                            Ingredientes\n                        <\/h3>\n                                        <span class=\"accordion-arrow back_color\">&emsp;<\/span>\n                <\/div>\n                <div class=\"accordion-answer\">\n                    \n                                            <div class=\"content-default-module-content\">\n                            <p>Agua, alcohol denat, prote\u00edna de soja hidrolizada, polisorbato 20, glicerina, propanediol, glucosa, pantenol, policuaternio-11, propilenglicol, zinc PCA, \u00f3xido de diaminopirimidina, polvo de fruto de Phyllanthus emblica, extracto de bulbo de Allium cepa, arginina HCl, citrulina, glucosamina HCl, niacinamida, ornitina HCl, extracto de ra\u00edz de Panax ginseng, piridoxina HCl, biotina, parfum, alcohol benc\u00edlico, fenoxietanol, \u00e1cido benzoico, \u00e1cido s\u00f3rbico, sorbato pot\u00e1sico, benzoato s\u00f3dico.<\/p>\n\n                        <\/div>\n                    \n                    \n                                    <\/div>\n            <\/div>\n        <\/div>\n    \n<\/div>\n[\/vc_column][\/vc_row]<\/p>\n<\/div>","protected":false},"excerpt":{"rendered":"<div class=\"post-excerpt\">\n<p>Extremadamente rico en ingredientes excepcionales, este t\u00f3nico es adecuado para el tratamiento intensivo del cuero cabelludo -fortalece, combate la ca\u00edda del cabello y el exceso de grasa- y est\u00e1 recomendado para todo tipo de cabellos. Enriquecido con ingredientes como el fruto del Amla, el secreto indio, entre muchos otros, y con un aroma adictivo, no es casualidad que este t\u00f3nico vers\u00e1til sea un \u00e9xito de ventas para Avani Professional. <\/p>\n<\/div>\n<form class=\"cart\" action=\"https:\/\/www.avani.pt\/p\/shampoo-vitaminado-fortificante-indian-hair-250ml\/\" enctype=\"multipart\/form-data\" method=\"post\">\n<div class=\"shop-product js-shop-product instock\">\n<div class=\"product-quantity-wrapper\"><\/div>\n<\/div>\n<\/form>\n","protected":false},"featured_media":76352,"comment_status":"open","ping_status":"closed","template":"","meta":{"_acf_changed":false},"product_brand":[],"product_cat":[441,465,435,757,473,684,526,484,450,448,483,705,156],"product_tag":[],"class_list":{"0":"post-78383","1":"product","2":"type-product","3":"status-publish","4":"has-post-thumbnail","6":"product_cat-amla","7":"product_cat-atencion","8":"product_cat-caca-baja","9":"product_cat-tematica-otono-cabello","10":"product_cat-fortalecimiento-capilar-y-caida-del-cabello","11":"product_cat-gamas-cabello-indio-vitaminado-best-seller","12":"product_cat-ingredientes-2","13":"product_cat-ingredientes","14":"product_cat-no-caca","15":"product_cat-problemas-del-cuero-cabelludo","16":"product_cat-productos-cabello","17":"product_cat-tonicos-capilares","18":"product_cat-cabelo","20":"first","21":"instock","22":"taxable","23":"shipping-taxable","24":"purchasable","25":"product-type-simple"},"acf":[],"wooqr_code":"","_links":{"self":[{"href":"https:\/\/www.avani.pt\/es\/wp-json\/wp\/v2\/product\/78383","targetHints":{"allow":["GET"]}}],"collection":[{"href":"https:\/\/www.avani.pt\/es\/wp-json\/wp\/v2\/product"}],"about":[{"href":"https:\/\/www.avani.pt\/es\/wp-json\/wp\/v2\/types\/product"}],"replies":[{"embeddable":true,"href":"https:\/\/www.avani.pt\/es\/wp-json\/wp\/v2\/comments?post=78383"}],"wp:featuredmedia":[{"embeddable":true,"href":"https:\/\/www.avani.pt\/es\/wp-json\/wp\/v2\/media\/76352"}],"wp:attachment":[{"href":"https:\/\/www.avani.pt\/es\/wp-json\/wp\/v2\/media?parent=78383"}],"wp:term":[{"taxonomy":"product_brand","embeddable":true,"href":"https:\/\/www.avani.pt\/es\/wp-json\/wp\/v2\/product_brand?post=78383"},{"taxonomy":"product_cat","embeddable":true,"href":"https:\/\/www.avani.pt\/es\/wp-json\/wp\/v2\/product_cat?post=78383"},{"taxonomy":"product_tag","embeddable":true,"href":"https:\/\/www.avani.pt\/es\/wp-json\/wp\/v2\/product_tag?post=78383"}],"curies":[{"name":"wp","href":"https:\/\/api.w.org\/{rel}","templated":true}]}}