{"id":78385,"date":"2018-03-27T15:02:40","date_gmt":"2018-03-27T14:02:40","guid":{"rendered":"https:\/\/www.avani.pt\/p\/aceite-bronceador-con-semillas-de-urucum-y-coco-antioxidante-125ml\/"},"modified":"2026-03-27T12:29:55","modified_gmt":"2026-03-27T12:29:55","slug":"aceite-bronceador-con-semillas-de-urucum-y-coco-antioxidante-125ml","status":"publish","type":"product","link":"https:\/\/www.avani.pt\/es\/p\/aceite-bronceador-con-semillas-de-urucum-y-coco-antioxidante-125ml\/","title":{"rendered":"Aceite Bronceador con Semillas de Urucum y Coco | Antioxidante 125ml"},"content":{"rendered":"<div class=\"wpb-content-wrapper\"><p>[vc_row full_width=&#8221;stretch_row_content_no_spaces&#8221; el_class=&#8221;text-align-center&#8221;][vc_column]<div class=\"stars-of-product-module-wrapper margin-top-between-modules\">\n    <img decoding=\"async\" class=\"stars-of-product-module-left-image-design\" src=\"\/dist\/images\/stars_product_module_design.png\">\n    <img decoding=\"async\" class=\"stars-of-product-module-right-image-design\" src=\"\/dist\/images\/stars_product_module_design.png\">\n\n    <div class=\"container\">\n\n        <div class=\"stars-of-product-module text-align-center  desktop--only--md\">\n\n            \n                            <div class=\"stars-of-product-module-titles\">\n                                            <h2 class=\"stars-of-product-module-title black uppercase back_color\">Las estrellas del producto<\/h2>\n                                    <\/div>\n            \n                            <div class=\"stars-of-product-module-content\">\n                    <p>Su facilidad de aplicaci\u00f3n y su delicioso aroma a coco lo convierten en uno de los favoritos de nuestros clientes.<\/p>\n<p>De larga duraci\u00f3n, es el compa\u00f1ero perfecto para tus d\u00edas de playa o piscina.<\/p>\n\n                <\/div>\n            \n        <\/div>\n\n\n                    <div class=\"accordion   accordion-successive-first js-accordion not-found mobile--only--md stars-of-product-module text-align-center margin-top-between-modules back_color\">\n                <div class=\"accordion-container\">\n                    <div class=\"accordion-question space-between\">\n                                                    <h3 class=\"accordion-question-title uppercase back_color\">\n                                Estrellas del producto\n                            <\/h3>\n                                                <span class=\"accordion-arrow back_color\">&emsp;<\/span>\n                    <\/div>\n                    <div class=\"accordion-answer\">\n\n                        \n                                                    <div class=\"stars-of-product-module-content\">\n                                <p>Su facilidad de aplicaci\u00f3n y su delicioso aroma a coco lo convierten en uno de los favoritos de nuestros clientes.<\/p>\n<p>De larga duraci\u00f3n, es el compa\u00f1ero perfecto para tus d\u00edas de playa o piscina.<\/p>\n\n                            <\/div>\n                                            <\/div>\n                <\/div>\n            <\/div>\n        \n    <\/div>\n<\/div>\n[\/vc_column][\/vc_row][vc_row full_width=&#8221;stretch_row_content_no_spaces&#8221; el_class=&#8221;text-align-center&#8221;][vc_column]<div class=\"container\">\n\t<div class=\"usability-tips-and-secrets-module desktop--only--md\">\n\n\t\t<div class=\"usability-tips-and-secrets-module-content-wrapper full-width-container\">\n\n\t\t\t\n\t\t\t\t\t\t\t<div class=\"usability-tips-and-secrets-module-content usability-tips-and-secrets-module-content--bordered margin-top-between-modules\">\n\t\t\t\t\t\t\t\t\t\t\t<h2 class=\"uppercase black\">C&oacute;mo utilizar<\/h2>\n\t\t\t\t\t\n\t\t\t\t\t\t\t\t\t\t\t<p>Aplicar sobre la piel despu\u00e9s de la crema solar, masajeando suavemente.  <\/p>\n\n\t\t\t\t\t\t\t\t\t<\/div>\n\t\t\t\n\t\t\t\t\t<\/div>\n\t<\/div>\n\n\t\n\t\t\t<div class=\"accordion accordion-successive  js-accordion not-found mobile--only--md usability-tips-and-secrets-module text-align-center margin-top-between-modules back_color\">\n\t\t\t<div class=\"accordion-container\">\n\t\t\t\t<div class=\"accordion-question space-between\">\n\t\t\t\t\t\t\t\t\t\t\t<h3 class=\"accordion-question-title uppercase back_color\">\n\t\t\t\t\t\t\tC&oacute;mo utilizar\n\t\t\t\t\t\t<\/h3>\n\t\t\t\t\t\n\t\t\t\t\t<span class=\"accordion-arrow back_color\">&emsp;<\/span>\n\t\t\t\t<\/div>\n\t\t\t\t<div class=\"accordion-answer\">\n\t\t\t\t\t\t\t\t\t\t\t<div class=\"usability-tips-and-secrets-module-content\">\n\t\t\t\t\t\t\t<p>Aplicar sobre la piel despu\u00e9s de la crema solar, masajeando suavemente.  <\/p>\n\n\t\t\t\t\t\t<\/div>\n\t\t\t\t\t\t\t\t\t<\/div>\n\t\t\t<\/div>\n\t\t<\/div>\n\t\n\t<\/div>\n[\/vc_column][\/vc_row][vc_row full_width=&#8221;stretch_row_content_no_spaces&#8221; el_class=&#8221;text-align-center&#8221;][vc_column]<div class=\"container \">\n\n    <div class=\"content-default-module text-align-center margin-top-between-modules\n        \n        \n        \n        \n        \n        \n        desktop--only--md\"\n        style=\"margin-bottom: 0px;\"\n    >\n\n                <div class=\"content-default-module-titles\">\n                            <h2 class=\"content-default-module-title uppercase black\">Detalles<\/h2>\n            \n                    <\/div>\n        \n                    <div class=\"content-default-module-content\">\n                <p>El Aceite Bronceador de Urucum y Coco es el aliado perfecto para el verano. Contiene los siguientes ingredientes estrella:<br \/>\nVitamina E: reduce la sensaci\u00f3n de piel \u00e1spera y aumenta su flexibilidad. Ralentiza el envejecimiento cut\u00e1neo y protege contra los efectos de los agentes externos.<br \/>\nUrucum: con una alta concentraci\u00f3n de grasas insaturadas, beneficiosas para el organismo, ayuda a oxigenar y renovar las c\u00e9lulas.<br \/>\nCoco: una de las frutas tropicales m\u00e1s utilizadas en cosm\u00e9tica por sus propiedades nutritivas e hidratantes. Evita la eliminaci\u00f3n de humedad de la piel a trav\u00e9s de los poros, manteni\u00e9ndola hidratada durante m\u00e1s tiempo.<\/p>\n\n            <\/div>\n        \n        \n        \n\n        \n\n\n    <\/div>\n\n\n            <div class=\"accordion accordion-successive   js-accordion not-found mobile--only--md content-default-module text-align-center margin-top-between-modules back_color\">\n            <div class=\"accordion-container\">\n                <div class=\"accordion-question space-between\">\n                                            <h3 class=\"accordion-question-title uppercase back_color\">\n                            Detalles\n                        <\/h3>\n                                        <span class=\"accordion-arrow back_color\">&emsp;<\/span>\n                <\/div>\n                <div class=\"accordion-answer\">\n                    \n                                            <div class=\"content-default-module-content\">\n                            <p>El Aceite Bronceador de Urucum y Coco es el aliado perfecto para el verano. Contiene los siguientes ingredientes estrella:<br \/>\nVitamina E: reduce la sensaci\u00f3n de piel \u00e1spera y aumenta su flexibilidad. Ralentiza el envejecimiento cut\u00e1neo y protege contra los efectos de los agentes externos.<br \/>\nUrucum: con una alta concentraci\u00f3n de grasas insaturadas, beneficiosas para el organismo, ayuda a oxigenar y renovar las c\u00e9lulas.<br \/>\nCoco: una de las frutas tropicales m\u00e1s utilizadas en cosm\u00e9tica por sus propiedades nutritivas e hidratantes. Evita la eliminaci\u00f3n de humedad de la piel a trav\u00e9s de los poros, manteni\u00e9ndola hidratada durante m\u00e1s tiempo.<\/p>\n\n                        <\/div>\n                    \n                    \n                                    <\/div>\n            <\/div>\n        <\/div>\n    \n<\/div>\n[\/vc_column][\/vc_row]<\/p>\n<\/div>","protected":false},"excerpt":{"rendered":"<p>Aceite bronceador de zanahoria y achiote, enriquecido con vitamina E, para un bronceado bonito y uniforme.<\/p>\n","protected":false},"featured_media":73336,"comment_status":"open","ping_status":"closed","template":"","meta":{"_acf_changed":false},"product_brand":[],"product_cat":[544,611,593,491,612,526,484,551,596,588,610,564],"product_tag":[],"class_list":{"0":"post-78385","1":"product","2":"type-product","3":"status-publish","4":"has-post-thumbnail","6":"product_cat-aceite-corporal","7":"product_cat-bronceado-en-spray","8":"product_cat-conjuntos-de-verano","9":"product_cat-cuerpo","10":"product_cat-tematica-verano-cuerpo","11":"product_cat-ingredientes-2","12":"product_cat-ingredientes","13":"product_cat-productos-cuerpo","14":"product_cat-solares","15":"product_cat-tematica","16":"product_cat-urucum","17":"product_cat-tematica-verano","19":"first","20":"outofstock","21":"taxable","22":"shipping-taxable","23":"purchasable","24":"product-type-simple"},"acf":[],"wooqr_code":"","_links":{"self":[{"href":"https:\/\/www.avani.pt\/es\/wp-json\/wp\/v2\/product\/78385","targetHints":{"allow":["GET"]}}],"collection":[{"href":"https:\/\/www.avani.pt\/es\/wp-json\/wp\/v2\/product"}],"about":[{"href":"https:\/\/www.avani.pt\/es\/wp-json\/wp\/v2\/types\/product"}],"replies":[{"embeddable":true,"href":"https:\/\/www.avani.pt\/es\/wp-json\/wp\/v2\/comments?post=78385"}],"wp:featuredmedia":[{"embeddable":true,"href":"https:\/\/www.avani.pt\/es\/wp-json\/wp\/v2\/media\/73336"}],"wp:attachment":[{"href":"https:\/\/www.avani.pt\/es\/wp-json\/wp\/v2\/media?parent=78385"}],"wp:term":[{"taxonomy":"product_brand","embeddable":true,"href":"https:\/\/www.avani.pt\/es\/wp-json\/wp\/v2\/product_brand?post=78385"},{"taxonomy":"product_cat","embeddable":true,"href":"https:\/\/www.avani.pt\/es\/wp-json\/wp\/v2\/product_cat?post=78385"},{"taxonomy":"product_tag","embeddable":true,"href":"https:\/\/www.avani.pt\/es\/wp-json\/wp\/v2\/product_tag?post=78385"}],"curies":[{"name":"wp","href":"https:\/\/api.w.org\/{rel}","templated":true}]}}