{"id":78387,"date":"2018-03-27T14:02:53","date_gmt":"2018-03-27T13:02:53","guid":{"rendered":"https:\/\/www.avani.pt\/p\/champu-fortalecedor-capilar-indio-con-vitaminas-500-ml-sin-sal\/"},"modified":"2026-04-20T14:22:01","modified_gmt":"2026-04-20T13:22:01","slug":"champu-fortalecedor-capilar-indio-con-vitaminas-500-ml-sin-sal","status":"publish","type":"product","link":"https:\/\/www.avani.pt\/es\/p\/champu-fortalecedor-capilar-indio-con-vitaminas-500-ml-sin-sal\/","title":{"rendered":"Champ\u00fa fortalecedor capilar indio con vitaminas 500 ml | Sin sal"},"content":{"rendered":"","protected":false},"excerpt":{"rendered":"<p>Extremadamente rico en ingredientes excepcionales, este champ\u00fa ayuda a la salud general del cabello desde el cuero cabelludo hasta las puntas -fortalece, combate la ca\u00edda y reconstruye- y est\u00e1 recomendado para todo tipo de cabellos. Enriquecido con ingredientes como el fruto del Amla, el secreto indio, entre muchos otros, y con un aroma adictivo, no es casualidad que este champ\u00fa vers\u00e1til sea un \u00e9xito de ventas para Avani Professional. <\/p>\n","protected":false},"featured_media":75464,"comment_status":"open","ping_status":"closed","template":"","meta":{"_acf_changed":false},"product_brand":[],"product_cat":[440,441,465,433,473,526,483,156],"product_tag":[],"class_list":{"0":"post-78387","1":"product","2":"type-product","3":"status-publish","4":"has-post-thumbnail","6":"product_cat-aloe-vera","7":"product_cat-amla","8":"product_cat-atencion","9":"product_cat-champus","10":"product_cat-fortalecimiento-capilar-y-caida-del-cabello","11":"product_cat-ingredientes-2","12":"product_cat-productos-cabello","13":"product_cat-cabelo","15":"first","16":"instock","17":"taxable","18":"shipping-taxable","19":"purchasable","20":"product-type-simple"},"acf":[],"wooqr_code":"","_links":{"self":[{"href":"https:\/\/www.avani.pt\/es\/wp-json\/wp\/v2\/product\/78387","targetHints":{"allow":["GET"]}}],"collection":[{"href":"https:\/\/www.avani.pt\/es\/wp-json\/wp\/v2\/product"}],"about":[{"href":"https:\/\/www.avani.pt\/es\/wp-json\/wp\/v2\/types\/product"}],"replies":[{"embeddable":true,"href":"https:\/\/www.avani.pt\/es\/wp-json\/wp\/v2\/comments?post=78387"}],"wp:featuredmedia":[{"embeddable":true,"href":"https:\/\/www.avani.pt\/es\/wp-json\/wp\/v2\/media\/75464"}],"wp:attachment":[{"href":"https:\/\/www.avani.pt\/es\/wp-json\/wp\/v2\/media?parent=78387"}],"wp:term":[{"taxonomy":"product_brand","embeddable":true,"href":"https:\/\/www.avani.pt\/es\/wp-json\/wp\/v2\/product_brand?post=78387"},{"taxonomy":"product_cat","embeddable":true,"href":"https:\/\/www.avani.pt\/es\/wp-json\/wp\/v2\/product_cat?post=78387"},{"taxonomy":"product_tag","embeddable":true,"href":"https:\/\/www.avani.pt\/es\/wp-json\/wp\/v2\/product_tag?post=78387"}],"curies":[{"name":"wp","href":"https:\/\/api.w.org\/{rel}","templated":true}]}}