{"id":78389,"date":"2018-03-23T18:00:07","date_gmt":"2018-03-23T18:00:07","guid":{"rendered":"https:\/\/www.avani.pt\/p\/tonico-facial-con-manzana-y-aloe-vera-500ml-todo-tipo-de-pieles\/"},"modified":"2026-02-03T17:13:39","modified_gmt":"2026-02-03T17:13:39","slug":"tonico-facial-con-manzana-y-aloe-vera-500ml-todo-tipo-de-pieles","status":"publish","type":"product","link":"https:\/\/www.avani.pt\/es\/p\/tonico-facial-con-manzana-y-aloe-vera-500ml-todo-tipo-de-pieles\/","title":{"rendered":"T\u00f3nico Facial con Manzana y Aloe vera 500ml | Todo tipo de pieles"},"content":{"rendered":"<div class=\"wpb-content-wrapper\"><p>[vc_row full_width=&#8221;stretch_row_content_no_spaces&#8221; el_class=&#8221;text-align-center&#8221;][vc_column]<div class=\"stars-of-product-module-wrapper margin-top-between-modules\">\n    <img decoding=\"async\" class=\"stars-of-product-module-left-image-design\" src=\"\/dist\/images\/stars_product_module_design.png\">\n    <img decoding=\"async\" class=\"stars-of-product-module-right-image-design\" src=\"\/dist\/images\/stars_product_module_design.png\">\n\n    <div class=\"container\">\n\n        <div class=\"stars-of-product-module text-align-center  desktop--only--md\">\n\n            \n                            <div class=\"stars-of-product-module-titles\">\n                                            <h2 class=\"stars-of-product-module-title black uppercase back_color\">Las estrellas del producto<\/h2>\n                                    <\/div>\n            \n                            <div class=\"stars-of-product-module-content\">\n                    <p>La capa m\u00e1s externa de la piel humana se conoce como barrera cut\u00e1nea. El nivel de pH ideal para mantener sana la barrera cut\u00e1nea est\u00e1 entre 5 y 7; el mejor estado ser\u00e1 con un nivel de pH de 5,5, que es ligeramente \u00e1cido. Cuando se mantiene este nivel de pH, nos aseguramos de que la barrera cut\u00e1nea funcione lo mejor posible para combatir las bacterias nocivas, evitando as\u00ed la irritaci\u00f3n. Un nivel de pH equilibrado mejora la salud de la piel. Cuando se limpia la piel, acaba habiendo un desequilibrio, haci\u00e9ndola m\u00e1s alcalina. Por eso es importante utilizar regularmente un t\u00f3nico para reequilibrar la piel y restaurar su nivel de pH,       <span class=\"Apple-converted-space\">despu\u00e9s de la limpieza y antes de la hidrataci\u00f3n. Este t\u00f3nico tiene una textura fresca, calma la piel y posee una rica composici\u00f3n a base de extracto de manzana, que previene la formaci\u00f3n de radicales libres y el envejecimiento prematuro de la piel; aloe vera, que calma la sensaci\u00f3n de piel irritada y sensibilizada; \u00e1cido salic\u00edlico, que exfolia suavemente, evitando que los poros se obstruyan con c\u00e9lulas muertas, y alanto\u00edna, que ayuda a mantener la piel con un aspecto suave y bonito. Su f\u00f3rmula suave elimina las impurezas, la suciedad, el exceso de grasa y los restos de maquillaje, respetando la hidrataci\u00f3n de la piel. La piel queda limpia y perfectamente preparada para la aplicaci\u00f3n de otros productos de cuidado cut\u00e1neo.   <\/span><\/p>\n\n                <\/div>\n            \n        <\/div>\n\n\n                    <div class=\"accordion   accordion-successive-first js-accordion not-found mobile--only--md stars-of-product-module text-align-center margin-top-between-modules back_color\">\n                <div class=\"accordion-container\">\n                    <div class=\"accordion-question space-between\">\n                                                    <h3 class=\"accordion-question-title uppercase back_color\">\n                                Las estrellas del producto\n                            <\/h3>\n                                                <span class=\"accordion-arrow back_color\">&emsp;<\/span>\n                    <\/div>\n                    <div class=\"accordion-answer\">\n\n                        \n                                                    <div class=\"stars-of-product-module-content\">\n                                <p>La capa m\u00e1s externa de la piel humana se conoce como barrera cut\u00e1nea. El nivel de pH ideal para mantener sana la barrera cut\u00e1nea est\u00e1 entre 5 y 7; el mejor estado ser\u00e1 con un nivel de pH de 5,5, que es ligeramente \u00e1cido. Cuando se mantiene este nivel de pH, nos aseguramos de que la barrera cut\u00e1nea funcione lo mejor posible para combatir las bacterias nocivas, evitando as\u00ed la irritaci\u00f3n. Un nivel de pH equilibrado mejora la salud de la piel. Cuando se limpia la piel, acaba habiendo un desequilibrio, haci\u00e9ndola m\u00e1s alcalina. Por eso es importante utilizar regularmente un t\u00f3nico para reequilibrar la piel y restaurar su nivel de pH,       <span class=\"Apple-converted-space\">despu\u00e9s de la limpieza y antes de la hidrataci\u00f3n. Este t\u00f3nico tiene una textura fresca, calma la piel y posee una rica composici\u00f3n a base de extracto de manzana, que previene la formaci\u00f3n de radicales libres y el envejecimiento prematuro de la piel; aloe vera, que calma la sensaci\u00f3n de piel irritada y sensibilizada; \u00e1cido salic\u00edlico, que exfolia suavemente, evitando que los poros se obstruyan con c\u00e9lulas muertas, y alanto\u00edna, que ayuda a mantener la piel con un aspecto suave y bonito. Su f\u00f3rmula suave elimina las impurezas, la suciedad, el exceso de grasa y los restos de maquillaje, respetando la hidrataci\u00f3n de la piel. La piel queda limpia y perfectamente preparada para la aplicaci\u00f3n de otros productos de cuidado cut\u00e1neo.   <\/span><\/p>\n\n                            <\/div>\n                                            <\/div>\n                <\/div>\n            <\/div>\n        \n    <\/div>\n<\/div>\n[\/vc_column][\/vc_row][vc_row full_width=&#8221;stretch_row_content_no_spaces&#8221; el_class=&#8221;text-align-center&#8221;][vc_column]<div class=\"container\">\n\t<div class=\"usability-tips-and-secrets-module desktop--only--md\">\n\n\t\t<div class=\"usability-tips-and-secrets-module-content-wrapper full-width-container\">\n\n\t\t\t\n\t\t\t\t\t\t\t<div class=\"usability-tips-and-secrets-module-content usability-tips-and-secrets-module-content--bordered margin-top-between-modules\">\n\t\t\t\t\t\t\t\t\t\t\t<h2 class=\"uppercase black\">C&oacute;mo utilizar<\/h2>\n\t\t\t\t\t\n\t\t\t\t\t\t\t\t\t\t\t<p>Despu\u00e9s de limpiar la piel, empapa un disco de algod\u00f3n en este t\u00f3nico y apl\u00edcalo en la zona de la cara y el cuello.<\/p>\n\n\t\t\t\t\t\t\t\t\t<\/div>\n\t\t\t\n\t\t\t\t\t<\/div>\n\t<\/div>\n\n\t\n\t\t\t<div class=\"accordion accordion-successive  js-accordion not-found mobile--only--md usability-tips-and-secrets-module text-align-center margin-top-between-modules back_color\">\n\t\t\t<div class=\"accordion-container\">\n\t\t\t\t<div class=\"accordion-question space-between\">\n\t\t\t\t\t\t\t\t\t\t\t<h3 class=\"accordion-question-title uppercase back_color\">\n\t\t\t\t\t\t\tC&oacute;mo utilizar\n\t\t\t\t\t\t<\/h3>\n\t\t\t\t\t\n\t\t\t\t\t<span class=\"accordion-arrow back_color\">&emsp;<\/span>\n\t\t\t\t<\/div>\n\t\t\t\t<div class=\"accordion-answer\">\n\t\t\t\t\t\t\t\t\t\t\t<div class=\"usability-tips-and-secrets-module-content\">\n\t\t\t\t\t\t\t<p>Despu\u00e9s de limpiar la piel, empapa un disco de algod\u00f3n en este t\u00f3nico y apl\u00edcalo en la zona de la cara y el cuello.<\/p>\n\n\t\t\t\t\t\t<\/div>\n\t\t\t\t\t\t\t\t\t<\/div>\n\t\t\t<\/div>\n\t\t<\/div>\n\t\n\t<\/div>\n[\/vc_column][\/vc_row][vc_row full_width=&#8221;stretch_row_content_no_spaces&#8221; el_class=&#8221;text-align-center&#8221;][vc_column]<div class=\"container \">\n\n    <div class=\"content-default-module text-align-center margin-top-between-modules\n        \n        \n        \n        \n        \n        \n        desktop--only--md\"\n        style=\"margin-bottom: 0px;\"\n    >\n\n                <div class=\"content-default-module-titles\">\n                            <h2 class=\"content-default-module-title uppercase black\">Consejos y secretos<\/h2>\n            \n                    <\/div>\n        \n                    <div class=\"content-default-module-content\">\n                <p>Aplica este t\u00f3nico despu\u00e9s de la limpieza con <a href=\"https:\/\/www.avani.pt\/es\/p\/leche-limpiadora-facial-vegana-500ml-aceite-de-sesamo-y-amla\/\">la Leche Vegana Avani<\/a> para preparar la piel para recibir el ritual de cuidado facial Avani. A continuaci\u00f3n, aplica el <a href=\"https:\/\/www.avani.pt\/es\/p\/ultra-serum-concentrado-intensidad-antiedad-vegano-30ml\/\">Suero Ultra Concentrado Intensidad<\/a> para una transformaci\u00f3n inmediata y visible de la piel. Recomendamos aplicar <a href=\"https:\/\/www.avani.pt\/es\/p\/exfoliante-facial-radiance-cellular-renovation-vegan-50ml\/\">el Exfoliante Facial Renovador Celular Radiante<\/a> una vez a la semana.<\/p>\n\n            <\/div>\n        \n        \n        \n\n        \n\n\n    <\/div>\n\n\n            <div class=\"accordion accordion-successive   js-accordion not-found mobile--only--md content-default-module text-align-center margin-top-between-modules back_color\">\n            <div class=\"accordion-container\">\n                <div class=\"accordion-question space-between\">\n                                                                        <h3 class=\"accordion-question-title uppercase back_color\">\n                                Consejos y secretos\n                            <\/h3>\n                                                                <span class=\"accordion-arrow back_color\">&emsp;<\/span>\n                <\/div>\n                <div class=\"accordion-answer\">\n                    \n                                            <div class=\"content-default-module-content\">\n                            <p>Aplica este t\u00f3nico despu\u00e9s de la limpieza con <a href=\"https:\/\/www.avani.pt\/es\/p\/leche-limpiadora-facial-vegana-500ml-aceite-de-sesamo-y-amla\/\">la Leche Vegana Avani<\/a> para preparar la piel para recibir el ritual de cuidado facial Avani. A continuaci\u00f3n, aplica el <a href=\"https:\/\/www.avani.pt\/es\/p\/ultra-serum-concentrado-intensidad-antiedad-vegano-30ml\/\">Suero Ultra Concentrado Intensidad<\/a> para una transformaci\u00f3n inmediata y visible de la piel. Recomendamos aplicar <a href=\"https:\/\/www.avani.pt\/es\/p\/exfoliante-facial-radiance-cellular-renovation-vegan-50ml\/\">el Exfoliante Facial Renovador Celular Radiante<\/a> una vez a la semana.<\/p>\n\n                        <\/div>\n                    \n                    \n                                    <\/div>\n            <\/div>\n        <\/div>\n    \n<\/div>\n<div class=\"container \">\n\n    <div class=\"content-default-module text-align-center margin-top-between-modules\n        \n        \n        \n        \n        \n        \n        desktop--only--md\"\n        style=\"margin-bottom: 0px;\"\n    >\n\n                <div class=\"content-default-module-titles\">\n                            <h2 class=\"content-default-module-title uppercase black\">Composici&oacute;n<\/h2>\n            \n                    <\/div>\n        \n                    <div class=\"content-default-module-content\">\n                <\/p>\n<p style=\"text-align: left;\"><strong>Extracto de manzana |<\/strong> con un alto contenido en antioxidantes, previene la formaci\u00f3n de radicales libres y el envejecimiento prematuro de la piel. Contiene la fibra pectina que ayuda a reforzar y mejorar el funcionamiento de la barrera natural de la piel, evitando la p\u00e9rdida de humedad. Rico en propiedades astringentes que limpian la piel y ayudan a afinar su textura.  <\/p>\n<p style=\"text-align: left;\"><strong>\u00c1cido salic\u00edlico |<\/strong> Derivado originalmente de la corteza de las plantas, el \u00e1cido salic\u00edlico se ha utilizado siempre como remedio para diversos problemas de la piel. Es un \u00e1cido muy beneficioso para la piel seca, \u00e1spera y desigual, y tambi\u00e9n para la piel propensa a la psoriasis. El \u00e1cido salic\u00edlico ayuda a exfoliar suavemente la piel, favorece su descamaci\u00f3n natural y libera las c\u00e9lulas muertas para conseguir una piel fresca y sana. Esta ligera exfoliaci\u00f3n ayuda a evitar que los poros se obstruyan con c\u00e9lulas cut\u00e1neas muertas. A ciertos niveles, el \u00e1cido salic\u00edlico tambi\u00e9n ayuda a mejorar los s\u00edntomas de la psoriasis, reduciendo la descamaci\u00f3n y ayudando a prevenir su reaparici\u00f3n.    <\/p>\n<p style=\"text-align: left;\"><strong>La alanto\u00edna |<\/strong> es un compuesto natural que se encuentra en diversas plantas y tiene muchos beneficios para la piel. Es un agente queratol\u00edtico, lo que significa que ayuda a ablandar y separar el estrato c\u00f3rneo (la capa m\u00e1s externa y resistente de la epidermis) eliminando las c\u00e9lulas muertas. Mantiene la piel tersa, es un potente hidratante, calma y tambi\u00e9n ayuda a tratar afecciones como el eccema.  <\/p>\n<p style=\"text-align: left;\"><strong>El aloe vera<\/strong>, com\u00fanmente conocido como <strong>&#8220;s\u00e1bila<\/strong> &#8220;, es una planta suculenta originaria de climas tropicales y subtropicales secos. Es conocida por sus propiedades calmantes y se utiliza en el cuidado personal en todo el sur y sudeste de Asia desde hace m\u00e1s de dos milenios. Como la planta de Aloe vera crece en entornos con poca agua, tiene una capacidad \u00fanica para retener la humedad. Diversos estudios indican que la planta de Aloe vera contiene aproximadamente un 99% de agua. El 1% restante incluye materia vegetal s\u00f3lida, vitaminas, minerales y antioxidantes, con notables beneficios cuando se aplica sobre la piel. El aloe vera ayuda a calmar la sensaci\u00f3n de piel irritada y sensibilizada; reducir el aspecto de poros grandes y visibles, dando a la piel un aspecto m\u00e1s uniforme y suave; retener la humedad; mejorar la flexibilidad, las rojeces y reducir la descamaci\u00f3n.     <\/p>\n<p>\n\n            <\/div>\n        \n        \n        \n\n        \n\n\n    <\/div>\n\n\n            <div class=\"accordion accordion-successive   js-accordion not-found mobile--only--md content-default-module text-align-center margin-top-between-modules back_color\">\n            <div class=\"accordion-container\">\n                <div class=\"accordion-question space-between\">\n                                            <h3 class=\"accordion-question-title uppercase back_color\">\n                            Composici&oacute;n\n                        <\/h3>\n                                        <span class=\"accordion-arrow back_color\">&emsp;<\/span>\n                <\/div>\n                <div class=\"accordion-answer\">\n                    \n                                            <div class=\"content-default-module-content\">\n                            <\/p>\n<p style=\"text-align: left;\"><strong>Extracto de manzana |<\/strong> con un alto contenido en antioxidantes, previene la formaci\u00f3n de radicales libres y el envejecimiento prematuro de la piel. Contiene la fibra pectina que ayuda a reforzar y mejorar el funcionamiento de la barrera natural de la piel, evitando la p\u00e9rdida de humedad. Rico en propiedades astringentes que limpian la piel y ayudan a afinar su textura.  <\/p>\n<p style=\"text-align: left;\"><strong>\u00c1cido salic\u00edlico |<\/strong> Derivado originalmente de la corteza de las plantas, el \u00e1cido salic\u00edlico se ha utilizado siempre como remedio para diversos problemas de la piel. Es un \u00e1cido muy beneficioso para la piel seca, \u00e1spera y desigual, y tambi\u00e9n para la piel propensa a la psoriasis. El \u00e1cido salic\u00edlico ayuda a exfoliar suavemente la piel, favorece su descamaci\u00f3n natural y libera las c\u00e9lulas muertas para conseguir una piel fresca y sana. Esta ligera exfoliaci\u00f3n ayuda a evitar que los poros se obstruyan con c\u00e9lulas cut\u00e1neas muertas. A ciertos niveles, el \u00e1cido salic\u00edlico tambi\u00e9n ayuda a mejorar los s\u00edntomas de la psoriasis, reduciendo la descamaci\u00f3n y ayudando a prevenir su reaparici\u00f3n.    <\/p>\n<p style=\"text-align: left;\"><strong>La alanto\u00edna |<\/strong> es un compuesto natural que se encuentra en diversas plantas y tiene muchos beneficios para la piel. Es un agente queratol\u00edtico, lo que significa que ayuda a ablandar y separar el estrato c\u00f3rneo (la capa m\u00e1s externa y resistente de la epidermis) eliminando las c\u00e9lulas muertas. Mantiene la piel tersa, es un potente hidratante, calma y tambi\u00e9n ayuda a tratar afecciones como el eccema.  <\/p>\n<p style=\"text-align: left;\"><strong>El aloe vera<\/strong>, com\u00fanmente conocido como <strong>&#8220;s\u00e1bila<\/strong> &#8220;, es una planta suculenta originaria de climas tropicales y subtropicales secos. Es conocida por sus propiedades calmantes y se utiliza en el cuidado personal en todo el sur y sudeste de Asia desde hace m\u00e1s de dos milenios. Como la planta de Aloe vera crece en entornos con poca agua, tiene una capacidad \u00fanica para retener la humedad. Diversos estudios indican que la planta de Aloe vera contiene aproximadamente un 99% de agua. El 1% restante incluye materia vegetal s\u00f3lida, vitaminas, minerales y antioxidantes, con notables beneficios cuando se aplica sobre la piel. El aloe vera ayuda a calmar la sensaci\u00f3n de piel irritada y sensibilizada; reducir el aspecto de poros grandes y visibles, dando a la piel un aspecto m\u00e1s uniforme y suave; retener la humedad; mejorar la flexibilidad, las rojeces y reducir la descamaci\u00f3n.     <\/p>\n<p>\n\n                        <\/div>\n                    \n                    \n                                    <\/div>\n            <\/div>\n        <\/div>\n    \n<\/div>\n<div class=\"container \">\n\n    <div class=\"content-default-module text-align-center margin-top-between-modules\n        \n        \n        \n        \n        \n        \n        desktop--only--md\"\n        style=\"margin-bottom: 0px;\"\n    >\n\n                <div class=\"content-default-module-titles\">\n                            <h2 class=\"content-default-module-title uppercase black\">Ingredientes<\/h2>\n            \n                    <\/div>\n        \n                    <div class=\"content-default-module-content\">\n                <\/p>\n<div style=\"text-align: center;\">Agua, glicerina, polisorbato 20, olivamfoacetato s\u00f3dico, extracto de fruto de Pyrus malus, \u00e1cido salic\u00edlico, alanto\u00edna, polvo de zumo de hoja de Aloe barbadensis, parfum, \u00e1cido benzoico, \u00e1cido s\u00f3rbico, alcohol benc\u00edlico, sorbato pot\u00e1sico, geraniol, hexil cinamal, linalol.<\/div>\n<p>\n\n            <\/div>\n        \n        \n        \n\n        \n\n\n    <\/div>\n\n\n            <div class=\"accordion accordion-successive   js-accordion not-found mobile--only--md content-default-module text-align-center margin-top-between-modules back_color\">\n            <div class=\"accordion-container\">\n                <div class=\"accordion-question space-between\">\n                                            <h3 class=\"accordion-question-title uppercase back_color\">\n                            Ingredientes\n                        <\/h3>\n                                        <span class=\"accordion-arrow back_color\">&emsp;<\/span>\n                <\/div>\n                <div class=\"accordion-answer\">\n                    \n                                            <div class=\"content-default-module-content\">\n                            <\/p>\n<div style=\"text-align: center;\">Agua, glicerina, polisorbato 20, olivamfoacetato s\u00f3dico, extracto de fruto de Pyrus malus, \u00e1cido salic\u00edlico, alanto\u00edna, polvo de zumo de hoja de Aloe barbadensis, parfum, \u00e1cido benzoico, \u00e1cido s\u00f3rbico, alcohol benc\u00edlico, sorbato pot\u00e1sico, geraniol, hexil cinamal, linalol.<\/div>\n<p>\n\n                        <\/div>\n                    \n                    \n                                    <\/div>\n            <\/div>\n        <\/div>\n    \n<\/div>\n[\/vc_column][\/vc_row]<\/p>\n<\/div>","protected":false},"excerpt":{"rendered":"<p>T\u00f3nico facial limpiador con una textura l\u00edquida ultra fresca, muy penetrante y calmante. Ayuda a reforzar la barrera de la piel, iguala y afina su textura. Enriquecido con extracto de manzana rico en antioxidantes, \u00e1cido salic\u00edlico que mejora el aspecto de los poros, alanto\u00edna que ayuda a mantener la piel tersa y aloe vera calmante que da a la piel un aspecto m\u00e1s suave y uniforme.  <\/p>\n<p>&nbsp;<\/p>\n<p>&nbsp;<\/p>\n<p>&nbsp;<\/p>\n","protected":false},"featured_media":75300,"comment_status":"open","ping_status":"closed","template":"","meta":{"_acf_changed":false},"product_brand":[],"product_cat":[440,540,541,538,643,550,556,557,484,526,675,543,639,640,542],"product_tag":[],"class_list":{"0":"post-78389","1":"product","2":"type-product","3":"status-publish","4":"has-post-thumbnail","6":"product_cat-aloe-vera","7":"product_cat-antiarrugas-y-reafirmante-facial","8":"product_cat-antimanchas-faciales","9":"product_cat-cara","10":"product_cat-cara-2","11":"product_cat-cuidado-facial","12":"product_cat-facial-antiarrugas","13":"product_cat-facial-antimanchas","14":"product_cat-ingredientes","15":"product_cat-ingredientes-2","16":"product_cat-limpieza-facial","17":"product_cat-piel-seca-y-deshidratada","18":"product_cat-pieles-grasas-y-mixtas","19":"product_cat-productos-faciales","20":"product_cat-tratamiento-del-acne","22":"first","23":"instock","24":"taxable","25":"shipping-taxable","26":"purchasable","27":"product-type-simple"},"acf":[],"wooqr_code":"","_links":{"self":[{"href":"https:\/\/www.avani.pt\/es\/wp-json\/wp\/v2\/product\/78389","targetHints":{"allow":["GET"]}}],"collection":[{"href":"https:\/\/www.avani.pt\/es\/wp-json\/wp\/v2\/product"}],"about":[{"href":"https:\/\/www.avani.pt\/es\/wp-json\/wp\/v2\/types\/product"}],"replies":[{"embeddable":true,"href":"https:\/\/www.avani.pt\/es\/wp-json\/wp\/v2\/comments?post=78389"}],"wp:featuredmedia":[{"embeddable":true,"href":"https:\/\/www.avani.pt\/es\/wp-json\/wp\/v2\/media\/75300"}],"wp:attachment":[{"href":"https:\/\/www.avani.pt\/es\/wp-json\/wp\/v2\/media?parent=78389"}],"wp:term":[{"taxonomy":"product_brand","embeddable":true,"href":"https:\/\/www.avani.pt\/es\/wp-json\/wp\/v2\/product_brand?post=78389"},{"taxonomy":"product_cat","embeddable":true,"href":"https:\/\/www.avani.pt\/es\/wp-json\/wp\/v2\/product_cat?post=78389"},{"taxonomy":"product_tag","embeddable":true,"href":"https:\/\/www.avani.pt\/es\/wp-json\/wp\/v2\/product_tag?post=78389"}],"curies":[{"name":"wp","href":"https:\/\/api.w.org\/{rel}","templated":true}]}}