{"id":78391,"date":"2018-03-27T15:34:34","date_gmt":"2018-03-27T14:34:34","guid":{"rendered":"https:\/\/www.avani.pt\/p\/champu-nutritivo-capilar-indio-250-ml-sin-sal\/"},"modified":"2026-02-19T19:43:09","modified_gmt":"2026-02-19T19:43:09","slug":"champu-nutritivo-capilar-indio-250-ml-sin-sal","status":"publish","type":"product","link":"https:\/\/www.avani.pt\/es\/p\/champu-nutritivo-capilar-indio-250-ml-sin-sal\/","title":{"rendered":"Champ\u00fa nutritivo capilar indio 250 ml | Sin sal"},"content":{"rendered":"<div class=\"wpb-content-wrapper\"><p>[vc_row full_width=&#8221;stretch_row_content_no_spaces&#8221; el_class=&#8221;text-align-center&#8221;][vc_column]<div class=\"stars-of-product-module-wrapper margin-top-between-modules\">\n    <img decoding=\"async\" class=\"stars-of-product-module-left-image-design\" src=\"\/dist\/images\/stars_product_module_design.png\">\n    <img decoding=\"async\" class=\"stars-of-product-module-right-image-design\" src=\"\/dist\/images\/stars_product_module_design.png\">\n\n    <div class=\"container\">\n\n        <div class=\"stars-of-product-module text-align-center  desktop--only--md\">\n\n            \n                            <div class=\"stars-of-product-module-titles\">\n                                            <h2 class=\"stars-of-product-module-title black uppercase back_color\">Las estrellas del producto<\/h2>\n                                    <\/div>\n            \n                            <div class=\"stars-of-product-module-content\">\n                    <p>Adem\u00e1s de reponer las necesidades de l\u00edpidos del cabello sin dejarlo con aspecto pastoso, el Champ\u00fa Nutritivo Capilar Indio ayuda al crecimiento sano del cabello mediante el componente especial Ginko Biloba. El Ginko Biloba fue la primera planta medicinal que brot\u00f3 tras la destrucci\u00f3n causada por la bomba at\u00f3mica en la ciudad de Hiroshima, en Jap\u00f3n. Adem\u00e1s de esta impresionante haza\u00f1a, esta planta es conocida, y muy apreciada, por estimular la circulaci\u00f3n sangu\u00ednea a los fol\u00edculos pilosos y el nuevo crecimiento &#8211; hemos decidido a\u00f1adirla a este champ\u00fa porque estimular el crecimiento del cabello es una caracter\u00edstica com\u00fan de toda la familia de productos Indian Hair. Enriquecido con la celestial fruta india Amla, que ayuda a combatir la ca\u00edda del cabello, la caspa y la descamaci\u00f3n; aceite de arg\u00e1n, que lubrica la fibra capilar y le proporciona un efecto suavizante: repara, nutre el cuero cabelludo, sella las puntas abiertas y protege la longitud de la fibra; aceite de semillas de sacha inchi, que ayuda a la reestructuraci\u00f3n intensiva del cabello; aceite de oliva altamente nutritivo y reparador; aloe vera que calma el cuero cabelludo; ceramidas que ayudan a mantener la integridad de las cut\u00edculas y el c\u00f3rtex capilar y d-pantenol que ayuda a hidratar, regenerar la fibra, fortalecer, dar brillo y calmar el cuero cabelludo.<\/p>\n\n                <\/div>\n            \n        <\/div>\n\n\n                    <div class=\"accordion   accordion-successive-first js-accordion not-found mobile--only--md stars-of-product-module text-align-center margin-top-between-modules back_color\">\n                <div class=\"accordion-container\">\n                    <div class=\"accordion-question space-between\">\n                                                    <h3 class=\"accordion-question-title uppercase back_color\">\n                                Las estrellas del producto\n                            <\/h3>\n                                                <span class=\"accordion-arrow back_color\">&emsp;<\/span>\n                    <\/div>\n                    <div class=\"accordion-answer\">\n\n                        \n                                                    <div class=\"stars-of-product-module-content\">\n                                <p>Adem\u00e1s de reponer las necesidades de l\u00edpidos del cabello sin dejarlo con aspecto pastoso, el Champ\u00fa Nutritivo Capilar Indio ayuda al crecimiento sano del cabello mediante el componente especial Ginko Biloba. El Ginko Biloba fue la primera planta medicinal que brot\u00f3 tras la destrucci\u00f3n causada por la bomba at\u00f3mica en la ciudad de Hiroshima, en Jap\u00f3n. Adem\u00e1s de esta impresionante haza\u00f1a, esta planta es conocida, y muy apreciada, por estimular la circulaci\u00f3n sangu\u00ednea a los fol\u00edculos pilosos y el nuevo crecimiento &#8211; hemos decidido a\u00f1adirla a este champ\u00fa porque estimular el crecimiento del cabello es una caracter\u00edstica com\u00fan de toda la familia de productos Indian Hair. Enriquecido con la celestial fruta india Amla, que ayuda a combatir la ca\u00edda del cabello, la caspa y la descamaci\u00f3n; aceite de arg\u00e1n, que lubrica la fibra capilar y le proporciona un efecto suavizante: repara, nutre el cuero cabelludo, sella las puntas abiertas y protege la longitud de la fibra; aceite de semillas de sacha inchi, que ayuda a la reestructuraci\u00f3n intensiva del cabello; aceite de oliva altamente nutritivo y reparador; aloe vera que calma el cuero cabelludo; ceramidas que ayudan a mantener la integridad de las cut\u00edculas y el c\u00f3rtex capilar y d-pantenol que ayuda a hidratar, regenerar la fibra, fortalecer, dar brillo y calmar el cuero cabelludo.<\/p>\n\n                            <\/div>\n                                            <\/div>\n                <\/div>\n            <\/div>\n        \n    <\/div>\n<\/div>\n[\/vc_column][\/vc_row][vc_row full_width=&#8221;stretch_row_content_no_spaces&#8221; el_class=&#8221;text-align-center&#8221;][vc_column]<div class=\"container\">\n\t<div class=\"usability-tips-and-secrets-module desktop--only--md\">\n\n\t\t<div class=\"usability-tips-and-secrets-module-content-wrapper full-width-container\">\n\n\t\t\t\n\t\t\t\t\t\t\t<div class=\"usability-tips-and-secrets-module-content usability-tips-and-secrets-module-content--bordered margin-top-between-modules\">\n\t\t\t\t\t\t\t\t\t\t\t<h2 class=\"uppercase black\">C&oacute;mo utilizar<\/h2>\n\t\t\t\t\t\n\t\t\t\t\t\t\t\t\t\t\t<p>Tras un primer aclarado, masajea el cuero cabelludo con este champ\u00fa con las yemas de los dedos hasta que lo notes limpio. Aclara a fondo. Repite el procedimiento.  <\/p>\n\n\t\t\t\t\t\t\t\t\t<\/div>\n\t\t\t\n\t\t\t\t\t<\/div>\n\t<\/div>\n\n\t\n\t\t\t<div class=\"accordion accordion-successive  js-accordion not-found mobile--only--md usability-tips-and-secrets-module text-align-center margin-top-between-modules back_color\">\n\t\t\t<div class=\"accordion-container\">\n\t\t\t\t<div class=\"accordion-question space-between\">\n\t\t\t\t\t\t\t\t\t\t\t<h3 class=\"accordion-question-title uppercase back_color\">\n\t\t\t\t\t\t\tC&oacute;mo utilizar\n\t\t\t\t\t\t<\/h3>\n\t\t\t\t\t\n\t\t\t\t\t<span class=\"accordion-arrow back_color\">&emsp;<\/span>\n\t\t\t\t<\/div>\n\t\t\t\t<div class=\"accordion-answer\">\n\t\t\t\t\t\t\t\t\t\t\t<div class=\"usability-tips-and-secrets-module-content\">\n\t\t\t\t\t\t\t<p>Tras un primer aclarado, masajea el cuero cabelludo con este champ\u00fa con las yemas de los dedos hasta que lo notes limpio. Aclara a fondo. Repite el procedimiento.  <\/p>\n\n\t\t\t\t\t\t<\/div>\n\t\t\t\t\t\t\t\t\t<\/div>\n\t\t\t<\/div>\n\t\t<\/div>\n\t\n\t<\/div>\n<div class=\"container \">\n\n    <div class=\"content-default-module text-align-center margin-top-between-modules\n        \n        \n        \n        \n        \n        \n        desktop--only--md\"\n        style=\"margin-bottom: 0px;\"\n    >\n\n                <div class=\"content-default-module-titles\">\n                            <h2 class=\"content-default-module-title uppercase black\">Consejos y secretos<\/h2>\n            \n                    <\/div>\n        \n                    <div class=\"content-default-module-content\">\n                <\/p>\n<p class=\"p1\">Para cabelos com sensibilidade e descama\u00e7\u00e3o no couro cabeludo recomendamos o uso deste shampoo com o <a href=\"https:\/\/www.avani.pt\/es\/p\/crema-especial-purificante-para-el-cuero-cabelludo-500-ml-hamamelis\/\">creme purificante Cold effect<\/a> que deve ser aplicado no couro cabeludo uma vez por semana. O resultado ser\u00e1 o equil\u00edbrio na sa\u00fade do couro cabeludo que ir\u00e1 permitir a hidrata\u00e7\u00e3o, purifica\u00e7\u00e3o e cicatriza\u00e7\u00e3o de todos os fol\u00edculos.<\/p>\n<p class=\"p1\">Para la dermatitis del cuero cabelludo, el picor o la prevenci\u00f3n de piojos, puedes aplicar cinco o seis gotas de <a href=\"https:\/\/www.avani.pt\/es\/p\/aceite-de-arbol-del-te-y-melaleuca-15ml\/\">aceite de melaleuca Avani<\/a>, el antibacteriano natural, al champ\u00fa, agitando bien el recipiente antes de usarlo.<\/p>\n<p>\n\n            <\/div>\n        \n        \n        \n\n        \n\n\n    <\/div>\n\n\n            <div class=\"accordion accordion-successive   js-accordion not-found mobile--only--md content-default-module text-align-center margin-top-between-modules back_color\">\n            <div class=\"accordion-container\">\n                <div class=\"accordion-question space-between\">\n                                            <h3 class=\"accordion-question-title uppercase back_color\">\n                            Consejos y secretos\n                        <\/h3>\n                                        <span class=\"accordion-arrow back_color\">&emsp;<\/span>\n                <\/div>\n                <div class=\"accordion-answer\">\n                    \n                                            <div class=\"content-default-module-content\">\n                            <\/p>\n<p class=\"p1\">Para cabelos com sensibilidade e descama\u00e7\u00e3o no couro cabeludo recomendamos o uso deste shampoo com o <a href=\"https:\/\/www.avani.pt\/es\/p\/crema-especial-purificante-para-el-cuero-cabelludo-500-ml-hamamelis\/\">creme purificante Cold effect<\/a> que deve ser aplicado no couro cabeludo uma vez por semana. O resultado ser\u00e1 o equil\u00edbrio na sa\u00fade do couro cabeludo que ir\u00e1 permitir a hidrata\u00e7\u00e3o, purifica\u00e7\u00e3o e cicatriza\u00e7\u00e3o de todos os fol\u00edculos.<\/p>\n<p class=\"p1\">Para la dermatitis del cuero cabelludo, el picor o la prevenci\u00f3n de piojos, puedes aplicar cinco o seis gotas de <a href=\"https:\/\/www.avani.pt\/es\/p\/aceite-de-arbol-del-te-y-melaleuca-15ml\/\">aceite de melaleuca Avani<\/a>, el antibacteriano natural, al champ\u00fa, agitando bien el recipiente antes de usarlo.<\/p>\n<p>\n\n                        <\/div>\n                    \n                    \n                                    <\/div>\n            <\/div>\n        <\/div>\n    \n<\/div>\n<div class=\"container \">\n\n    <div class=\"content-default-module text-align-center margin-top-between-modules\n        \n        \n        \n        \n        \n        \n        desktop--only--md\"\n        style=\"margin-bottom: 0px;\"\n    >\n\n                <div class=\"content-default-module-titles\">\n                            <h2 class=\"content-default-module-title uppercase black\">Composici&oacute;n<\/h2>\n            \n                    <\/div>\n        \n                    <div class=\"content-default-module-content\">\n                <\/p>\n<p style=\"text-align: left;\"><strong>Ginkgo Biloba |<\/strong> la primera planta medicinal que brot\u00f3 tras la destrucci\u00f3n causada por la bomba at\u00f3mica en la ciudad de Hiroshima, en Jap\u00f3n. Adem\u00e1s de esta impresionante haza\u00f1a, esta planta es conocida, y muy apreciada, por estimular la circulaci\u00f3n sangu\u00ednea en los fol\u00edculos pilosos y el nuevo crecimiento. <\/p>\n<p style=\"text-align: left;\"><strong>Amla |<\/strong> \u00a1el secreto indio para un pelo fuerte, brillante, largo y sano! El amla, tambi\u00e9n conocido como grosella espinosa de la India, procede de la planta Amalaki y es un ingrediente esencial especialmente recomendado para los productos capilares por la medicina ayurv\u00e9dica. Se utiliza desde la antig\u00fcedad como elixir para el cabello porque es rico en antioxidantes, vitaminas, calcio, f\u00f3sforo y caroteno.  Ayuda a combatir la ca\u00edda del cabello, la caspa, la descamaci\u00f3n y estimula el crecimiento sano del cabello.<\/p>\n<p style=\"text-align: left;\"><strong>Aceite de Arg\u00e1n | <\/strong>Aceite hidratante rico en grasa que lubrica la fibra capilar para un efecto suavizante. Repara, nutre el cuero cabelludo, sella las puntas abiertas y protege la longitud de la fibra, proporcionando un crecimiento del cabello fuerte y sano. <\/p>\n<p style=\"text-align: left;\"><strong>El aceite de semillas de Sacha Inchi | <\/strong>est\u00e1 compuesto por una potente combinaci\u00f3n de omega 3, 6 y 9 que tiene una incre\u00edble capacidad de penetraci\u00f3n, lo que provoca una reestructuraci\u00f3n intensiva del cabello.<\/p>\n<p style=\"text-align: left;\"><strong>El aceite de oliva | <\/strong>altamente nutritivo, fortalece, repara y ayuda a combatir la ca\u00edda y el fortalecimiento del cabello.<\/p>\n<p style=\"text-align: left;\"><strong>Aloe vera |<\/strong> Hidratante y calmante, perfecto para cueros cabelludos sensibles.<\/p>\n<p style=\"text-align: left;\"><strong>Ceramidas |<\/strong> l\u00edpidos que proporcionan al cabello una capa protectora natural capaz de mantener la integridad de las cut\u00edculas y el c\u00f3rtex capilar.<\/p>\n<p style=\"text-align: left;\"><strong>D-pantenol |<\/strong> Pro-vitamina B5, ayuda a hidratar, regenera la fibra, fortalece, da brillo y calma el cuero cabelludo.<\/p>\n<p>\n\n            <\/div>\n        \n        \n        \n\n        \n\n\n    <\/div>\n\n\n            <div class=\"accordion accordion-successive   js-accordion not-found mobile--only--md content-default-module text-align-center margin-top-between-modules back_color\">\n            <div class=\"accordion-container\">\n                <div class=\"accordion-question space-between\">\n                                            <h3 class=\"accordion-question-title uppercase back_color\">\n                            Composici&oacute;n\n                        <\/h3>\n                                        <span class=\"accordion-arrow back_color\">&emsp;<\/span>\n                <\/div>\n                <div class=\"accordion-answer\">\n                    \n                                            <div class=\"content-default-module-content\">\n                            <\/p>\n<p style=\"text-align: left;\"><strong>Ginkgo Biloba |<\/strong> la primera planta medicinal que brot\u00f3 tras la destrucci\u00f3n causada por la bomba at\u00f3mica en la ciudad de Hiroshima, en Jap\u00f3n. Adem\u00e1s de esta impresionante haza\u00f1a, esta planta es conocida, y muy apreciada, por estimular la circulaci\u00f3n sangu\u00ednea en los fol\u00edculos pilosos y el nuevo crecimiento. <\/p>\n<p style=\"text-align: left;\"><strong>Amla |<\/strong> \u00a1el secreto indio para un pelo fuerte, brillante, largo y sano! El amla, tambi\u00e9n conocido como grosella espinosa de la India, procede de la planta Amalaki y es un ingrediente esencial especialmente recomendado para los productos capilares por la medicina ayurv\u00e9dica. Se utiliza desde la antig\u00fcedad como elixir para el cabello porque es rico en antioxidantes, vitaminas, calcio, f\u00f3sforo y caroteno.  Ayuda a combatir la ca\u00edda del cabello, la caspa, la descamaci\u00f3n y estimula el crecimiento sano del cabello.<\/p>\n<p style=\"text-align: left;\"><strong>Aceite de Arg\u00e1n | <\/strong>Aceite hidratante rico en grasa que lubrica la fibra capilar para un efecto suavizante. Repara, nutre el cuero cabelludo, sella las puntas abiertas y protege la longitud de la fibra, proporcionando un crecimiento del cabello fuerte y sano. <\/p>\n<p style=\"text-align: left;\"><strong>El aceite de semillas de Sacha Inchi | <\/strong>est\u00e1 compuesto por una potente combinaci\u00f3n de omega 3, 6 y 9 que tiene una incre\u00edble capacidad de penetraci\u00f3n, lo que provoca una reestructuraci\u00f3n intensiva del cabello.<\/p>\n<p style=\"text-align: left;\"><strong>El aceite de oliva | <\/strong>altamente nutritivo, fortalece, repara y ayuda a combatir la ca\u00edda y el fortalecimiento del cabello.<\/p>\n<p style=\"text-align: left;\"><strong>Aloe vera |<\/strong> Hidratante y calmante, perfecto para cueros cabelludos sensibles.<\/p>\n<p style=\"text-align: left;\"><strong>Ceramidas |<\/strong> l\u00edpidos que proporcionan al cabello una capa protectora natural capaz de mantener la integridad de las cut\u00edculas y el c\u00f3rtex capilar.<\/p>\n<p style=\"text-align: left;\"><strong>D-pantenol |<\/strong> Pro-vitamina B5, ayuda a hidratar, regenera la fibra, fortalece, da brillo y calma el cuero cabelludo.<\/p>\n<p>\n\n                        <\/div>\n                    \n                    \n                                    <\/div>\n            <\/div>\n        <\/div>\n    \n<\/div>\n[\/vc_column][\/vc_row][vc_row full_width=&#8221;stretch_row_content_no_spaces&#8221; el_class=&#8221;text-align-center&#8221;][vc_column]<div class=\"container \">\n\n    <div class=\"content-default-module text-align-center margin-top-between-modules\n        \n        \n        \n        \n        \n        \n        desktop--only--md\"\n        style=\"margin-bottom: 0px;\"\n    >\n\n                <div class=\"content-default-module-titles\">\n                            <h2 class=\"content-default-module-title uppercase black\">Ingredientes<\/h2>\n            \n                    <\/div>\n        \n                    <div class=\"content-default-module-content\">\n                <\/p>\n<p style=\"text-align: center;\">Agua, laurilsulfato s\u00f3dico, cocoato de glicerilo PEG-7, glicerina, cocamida DEA,<br \/>\ncocamidopropil beta\u00edna, polisorbato 20, diestearato de glicol, dioleato de metilglucosa PEG-120, goma xantana<br \/>\n, xilitol, cocamida MEA, laureth-10, pantenol, aceite de hueso de Argania spinosa, polyquaternium-7,<br \/>\n\u00e1cido c\u00edtrico, aceite de fruto de Olea europaea, aceite de semilla de Plukenetia volubilis, polvo de zumo de hoja de Aloe barbadensis,<br \/>\nceramida NP, alcohol denat., laurato de poliglicerilo-10, nitrato de magnesio, tocoferol, extracto de hoja de Ginkgo biloba<br \/>\n, cloruro de magnesio, polvo de fruto de Phyllanthus emblica, aceite de semilla de Helianthus annuus,<br \/>\nparfum, benzoato de sodio, metilcloroisotiazolinona y metilisotiazolinona, sorbato de potasio<br \/>\n, hexametilindanopirano, tetrametilacetilacetohidronaftalenos.<\/p>\n<p>\n\n            <\/div>\n        \n        \n        \n\n        \n\n\n    <\/div>\n\n\n            <div class=\"accordion accordion-successive   js-accordion not-found mobile--only--md content-default-module text-align-center margin-top-between-modules back_color\">\n            <div class=\"accordion-container\">\n                <div class=\"accordion-question space-between\">\n                                            <h3 class=\"accordion-question-title uppercase back_color\">\n                            Ingredientes\n                        <\/h3>\n                                        <span class=\"accordion-arrow back_color\">&emsp;<\/span>\n                <\/div>\n                <div class=\"accordion-answer\">\n                    \n                                            <div class=\"content-default-module-content\">\n                            <\/p>\n<p style=\"text-align: center;\">Agua, laurilsulfato s\u00f3dico, cocoato de glicerilo PEG-7, glicerina, cocamida DEA,<br \/>\ncocamidopropil beta\u00edna, polisorbato 20, diestearato de glicol, dioleato de metilglucosa PEG-120, goma xantana<br \/>\n, xilitol, cocamida MEA, laureth-10, pantenol, aceite de hueso de Argania spinosa, polyquaternium-7,<br \/>\n\u00e1cido c\u00edtrico, aceite de fruto de Olea europaea, aceite de semilla de Plukenetia volubilis, polvo de zumo de hoja de Aloe barbadensis,<br \/>\nceramida NP, alcohol denat., laurato de poliglicerilo-10, nitrato de magnesio, tocoferol, extracto de hoja de Ginkgo biloba<br \/>\n, cloruro de magnesio, polvo de fruto de Phyllanthus emblica, aceite de semilla de Helianthus annuus,<br \/>\nparfum, benzoato de sodio, metilcloroisotiazolinona y metilisotiazolinona, sorbato de potasio<br \/>\n, hexametilindanopirano, tetrametilacetilacetohidronaftalenos.<\/p>\n<p>\n\n                        <\/div>\n                    \n                    \n                                    <\/div>\n            <\/div>\n        <\/div>\n    \n<\/div>\n[\/vc_column][\/vc_row]<\/p>\n<\/div>","protected":false},"excerpt":{"rendered":"<p>Champ\u00fa nutritivo ligero con propiedades fortalecedoras, enriquecido con extracto de Ginkgo Biloba, Amla, aceite de Arg\u00e1n, Aloe vera, ceramidas y D-pantenol. Eficaz para todo tipo de cabellos, especialmente los m\u00e1s necesitados de nutrici\u00f3n. <\/p>\n","protected":false},"featured_media":76220,"comment_status":"open","ping_status":"closed","template":"","meta":{"_acf_changed":false},"product_brand":[],"product_cat":[437,465,436,433,526,445,483,156],"product_tag":[],"class_list":{"0":"post-78391","1":"product","2":"type-product","3":"status-publish","4":"has-post-thumbnail","6":"product_cat-aceite-de-argan","7":"product_cat-atencion","8":"product_cat-cabello-seco-nutricion","9":"product_cat-champus","10":"product_cat-ingredientes-2","11":"product_cat-nutricion-capilar-india-nutricion-versatil","12":"product_cat-productos-cabello","13":"product_cat-cabelo","15":"first","16":"instock","17":"taxable","18":"shipping-taxable","19":"purchasable","20":"product-type-simple"},"acf":[],"wooqr_code":"","_links":{"self":[{"href":"https:\/\/www.avani.pt\/es\/wp-json\/wp\/v2\/product\/78391","targetHints":{"allow":["GET"]}}],"collection":[{"href":"https:\/\/www.avani.pt\/es\/wp-json\/wp\/v2\/product"}],"about":[{"href":"https:\/\/www.avani.pt\/es\/wp-json\/wp\/v2\/types\/product"}],"replies":[{"embeddable":true,"href":"https:\/\/www.avani.pt\/es\/wp-json\/wp\/v2\/comments?post=78391"}],"wp:featuredmedia":[{"embeddable":true,"href":"https:\/\/www.avani.pt\/es\/wp-json\/wp\/v2\/media\/76220"}],"wp:attachment":[{"href":"https:\/\/www.avani.pt\/es\/wp-json\/wp\/v2\/media?parent=78391"}],"wp:term":[{"taxonomy":"product_brand","embeddable":true,"href":"https:\/\/www.avani.pt\/es\/wp-json\/wp\/v2\/product_brand?post=78391"},{"taxonomy":"product_cat","embeddable":true,"href":"https:\/\/www.avani.pt\/es\/wp-json\/wp\/v2\/product_cat?post=78391"},{"taxonomy":"product_tag","embeddable":true,"href":"https:\/\/www.avani.pt\/es\/wp-json\/wp\/v2\/product_tag?post=78391"}],"curies":[{"name":"wp","href":"https:\/\/api.w.org\/{rel}","templated":true}]}}