{"id":78397,"date":"2018-03-23T17:13:46","date_gmt":"2018-03-23T17:13:46","guid":{"rendered":"https:\/\/www.avani.pt\/p\/aceite-prana-aceite-fortificante-para-cabello-fino-y-medio-115ml\/"},"modified":"2026-04-02T21:17:01","modified_gmt":"2026-04-02T20:17:01","slug":"aceite-prana-aceite-fortificante-para-cabello-fino-y-medio-115ml","status":"publish","type":"product","link":"https:\/\/www.avani.pt\/es\/p\/aceite-prana-aceite-fortificante-para-cabello-fino-y-medio-115ml\/","title":{"rendered":"Aceite Prana | Aceite fortificante para cabello fino y medio | 115ml"},"content":{"rendered":"<div class=\"wpb-content-wrapper\"><p>[vc_row full_width=&#8221;stretch_row_content_no_spaces&#8221; el_class=&#8221;text-align-center&#8221;][vc_column]<div class=\"stars-of-product-module-wrapper margin-top-between-modules\">\n    <img decoding=\"async\" class=\"stars-of-product-module-left-image-design\" src=\"\/dist\/images\/stars_product_module_design.png\">\n    <img decoding=\"async\" class=\"stars-of-product-module-right-image-design\" src=\"\/dist\/images\/stars_product_module_design.png\">\n\n    <div class=\"container\">\n\n        <div class=\"stars-of-product-module text-align-center  desktop--only--md\">\n\n            \n                            <div class=\"stars-of-product-module-titles\">\n                                            <h2 class=\"stars-of-product-module-title black uppercase back_color\">Las estrellas del producto<\/h2>\n                                    <\/div>\n            \n                            <div class=\"stars-of-product-module-content\">\n                    <\/p>\n<div>Nutrir el cabello es esencial porque los l\u00edpidos ayudan a que el cabello sea m\u00e1s manejable y resistente, especialmente el cabello fino, que es por naturaleza m\u00e1s fr\u00e1gil y susceptible de romperse. <span class=\"il\">El Aceite<\/span> <span class=\"il\">Prana<\/span> se ha dise\u00f1ado con este fin porque es muy rico en ingredientes que no s\u00f3lo nutren sino que tambi\u00e9n fortalecen la fibra capilar, y su aplicaci\u00f3n no deja el pelo pastoso, que es uno de los temores de quienes tienen el pelo fino. Muy rico en ingredientes que act\u00faan sobre los medios y las puntas del cabello, este aceite ayuda a nutrir el pelo, d\u00e1ndole m\u00e1s brillo, protecci\u00f3n, fuerza y resistencia. Gracias a la amplitud de sus ingredientes, act\u00faa nutriendo, protegiendo y reparando la fibra capilar. Se recomienda para cabellos finos y de grosor medio, tanto naturales como sometidos a trabajos t\u00e9cnicos. Con ingredientes estrella como el fruto del Amla, el secreto indio para un pelo fuerte y largo; aceite de ch\u00eda protector y fortalecedor, aceite de sacha inchi rico en omega 3 6 y 9, y muchos otros ingredientes que hacen que este aceite sea muy vers\u00e1til y apreciado por los clientes. Tiene una f\u00f3rmula concentrada, por lo que s\u00f3lo necesitas aplicar una peque\u00f1a cantidad. Es ligero, da mucho brillo y \u00a1tiene un olor adictivo!       <\/div>\n<p>\n\n                <\/div>\n            \n        <\/div>\n\n\n                    <div class=\"accordion   accordion-successive-first js-accordion not-found mobile--only--md stars-of-product-module text-align-center margin-top-between-modules back_color\">\n                <div class=\"accordion-container\">\n                    <div class=\"accordion-question space-between\">\n                                                    <h3 class=\"accordion-question-title uppercase back_color\">\n                                Las estrellas del producto\n                            <\/h3>\n                                                <span class=\"accordion-arrow back_color\">&emsp;<\/span>\n                    <\/div>\n                    <div class=\"accordion-answer\">\n\n                        \n                                                    <div class=\"stars-of-product-module-content\">\n                                <\/p>\n<div>Nutrir el cabello es esencial porque los l\u00edpidos ayudan a que el cabello sea m\u00e1s manejable y resistente, especialmente el cabello fino, que es por naturaleza m\u00e1s fr\u00e1gil y susceptible de romperse. <span class=\"il\">El Aceite<\/span> <span class=\"il\">Prana<\/span> se ha dise\u00f1ado con este fin porque es muy rico en ingredientes que no s\u00f3lo nutren sino que tambi\u00e9n fortalecen la fibra capilar, y su aplicaci\u00f3n no deja el pelo pastoso, que es uno de los temores de quienes tienen el pelo fino. Muy rico en ingredientes que act\u00faan sobre los medios y las puntas del cabello, este aceite ayuda a nutrir el pelo, d\u00e1ndole m\u00e1s brillo, protecci\u00f3n, fuerza y resistencia. Gracias a la amplitud de sus ingredientes, act\u00faa nutriendo, protegiendo y reparando la fibra capilar. Se recomienda para cabellos finos y de grosor medio, tanto naturales como sometidos a trabajos t\u00e9cnicos. Con ingredientes estrella como el fruto del Amla, el secreto indio para un pelo fuerte y largo; aceite de ch\u00eda protector y fortalecedor, aceite de sacha inchi rico en omega 3 6 y 9, y muchos otros ingredientes que hacen que este aceite sea muy vers\u00e1til y apreciado por los clientes. Tiene una f\u00f3rmula concentrada, por lo que s\u00f3lo necesitas aplicar una peque\u00f1a cantidad. Es ligero, da mucho brillo y \u00a1tiene un olor adictivo!       <\/div>\n<p>\n\n                            <\/div>\n                                            <\/div>\n                <\/div>\n            <\/div>\n        \n    <\/div>\n<\/div>\n[\/vc_column][\/vc_row][vc_row full_width=&#8221;stretch_row_content_no_spaces&#8221; el_class=&#8221;text-align-center&#8221;][vc_column]<div class=\"container\">\n\t<div class=\"usability-tips-and-secrets-module desktop--only--md\">\n\n\t\t<div class=\"usability-tips-and-secrets-module-content-wrapper full-width-container\">\n\n\t\t\t\n\t\t\t\t\t\t\t<div class=\"usability-tips-and-secrets-module-content usability-tips-and-secrets-module-content--bordered margin-top-between-modules\">\n\t\t\t\t\t\t\t\t\t\t\t<h2 class=\"uppercase black\">C&oacute;mo utilizar<\/h2>\n\t\t\t\t\t\n\t\t\t\t\t\t\t\t\t\t\t<p>Pon una cantidad del tama\u00f1o de un guisante en la palma de las manos. Exti\u00e9ndela bien como una crema de manos. Distrib\u00fayela por el cabello, insistiendo en los medios y las puntas. Es preferible aplicarlo una vez al d\u00eda sobre el cabello seco. Si utilizas herramientas de calor, aplica el aceite al final del procedimiento.    <\/p>\n\n\t\t\t\t\t\t\t\t\t<\/div>\n\t\t\t\n\t\t\t\t\t<\/div>\n\t<\/div>\n\n\t\n\t\t\t<div class=\"accordion accordion-successive  js-accordion not-found mobile--only--md usability-tips-and-secrets-module text-align-center margin-top-between-modules back_color\">\n\t\t\t<div class=\"accordion-container\">\n\t\t\t\t<div class=\"accordion-question space-between\">\n\t\t\t\t\t\t\t\t\t\t\t<h3 class=\"accordion-question-title uppercase back_color\">\n\t\t\t\t\t\t\tC&oacute;mo utilizar\n\t\t\t\t\t\t<\/h3>\n\t\t\t\t\t\n\t\t\t\t\t<span class=\"accordion-arrow back_color\">&emsp;<\/span>\n\t\t\t\t<\/div>\n\t\t\t\t<div class=\"accordion-answer\">\n\t\t\t\t\t\t\t\t\t\t\t<div class=\"usability-tips-and-secrets-module-content\">\n\t\t\t\t\t\t\t<p>Pon una cantidad del tama\u00f1o de un guisante en la palma de las manos. Exti\u00e9ndela bien como una crema de manos. Distrib\u00fayela por el cabello, insistiendo en los medios y las puntas. Es preferible aplicarlo una vez al d\u00eda sobre el cabello seco. Si utilizas herramientas de calor, aplica el aceite al final del procedimiento.    <\/p>\n\n\t\t\t\t\t\t<\/div>\n\t\t\t\t\t\t\t\t\t<\/div>\n\t\t\t<\/div>\n\t\t<\/div>\n\t\n\t<\/div>\n[vc_empty_space]<div class=\"container \">\n\n    <div class=\"content-default-module text-align-center margin-top-between-modules\n        \n        \n        \n        \n        \n        \n        desktop--only--md\"\n        style=\"margin-bottom: 0px;\"\n    >\n\n                <div class=\"content-default-module-titles\">\n                            <h2 class=\"content-default-module-title uppercase black\">Consejos y secretos<\/h2>\n            \n                    <\/div>\n        \n                    <div class=\"content-default-module-content\">\n                <p>Para el cabello da\u00f1ado por el trabajo t\u00e9cnico o el uso excesivo de herramientas t\u00e9rmicas, este aceite puede aplicarse junto con el Suero Sellador Reconstructor del Cabello. El Aceite Prana debe aplicarse cada ma\u00f1ana y el <a href=\"https:\/\/www.avani.pt\/es\/p\/indian-hair-rebuild-suero-sellador-de-puntas-100ml\/\">Suero Sellador Rec<\/a> onstructor cada noche sobre el cabello seco antes de acostarse. <\/p>\n<p>El pelo fino es m\u00e1s fr\u00e1gil y, por tanto, naturalmente propenso a la rotura. Para desenredar m\u00e1s f\u00e1cilmente (evitando la rotura por la fricci\u00f3n del cepillo) y proteger el cabello de las herramientas t\u00e9rmicas, recomendamos aplicar <a href=\"https:\/\/www.avani.pt\/es\/p\/ganesh-thermic-protector-uv-y-termico-leche-reparadora-y-antiencrespamiento-240ml\/\">la Leche T\u00e9rmica Ganesh<\/a> en los medios y puntas del cabello despu\u00e9s del champ\u00fa. <\/p>\n<p>En el caso de cabellos con ondas, al d\u00eda siguiente del lavado, se puede aplicar el finalizador bif\u00e1sico <a href=\"https:\/\/www.avani.pt\/es\/p\/hair-cocktail-styler-200-ml-acabado-bifasico-vegano\/\">Hair Cocktail<\/a> para ayudar a definir y reactivar la forma de las ondas.<\/p>\n<p>El encrespamiento est\u00e1 estrechamente relacionado con la falta de nutrici\u00f3n, por lo que recomendamos aplicar la <a href=\"https:\/\/www.avani.pt\/es\/p\/indian-hair-nutrition-mascarilla-telarana-500-ml-nutricion-ligera\/\">Mascarilla Nutritiva Capilar India ligera<\/a> cada vez que te laves para obtener mejores resultados.<\/p>\n\n            <\/div>\n        \n        \n        \n\n        \n\n\n    <\/div>\n\n\n            <div class=\"accordion accordion-successive   js-accordion not-found mobile--only--md content-default-module text-align-center margin-top-between-modules back_color\">\n            <div class=\"accordion-container\">\n                <div class=\"accordion-question space-between\">\n                                            <h3 class=\"accordion-question-title uppercase back_color\">\n                            Consejos y secretos\n                        <\/h3>\n                                        <span class=\"accordion-arrow back_color\">&emsp;<\/span>\n                <\/div>\n                <div class=\"accordion-answer\">\n                    \n                                            <div class=\"content-default-module-content\">\n                            <p>Para el cabello da\u00f1ado por el trabajo t\u00e9cnico o el uso excesivo de herramientas t\u00e9rmicas, este aceite puede aplicarse junto con el Suero Sellador Reconstructor del Cabello. El Aceite Prana debe aplicarse cada ma\u00f1ana y el <a href=\"https:\/\/www.avani.pt\/es\/p\/indian-hair-rebuild-suero-sellador-de-puntas-100ml\/\">Suero Sellador Rec<\/a> onstructor cada noche sobre el cabello seco antes de acostarse. <\/p>\n<p>El pelo fino es m\u00e1s fr\u00e1gil y, por tanto, naturalmente propenso a la rotura. Para desenredar m\u00e1s f\u00e1cilmente (evitando la rotura por la fricci\u00f3n del cepillo) y proteger el cabello de las herramientas t\u00e9rmicas, recomendamos aplicar <a href=\"https:\/\/www.avani.pt\/es\/p\/ganesh-thermic-protector-uv-y-termico-leche-reparadora-y-antiencrespamiento-240ml\/\">la Leche T\u00e9rmica Ganesh<\/a> en los medios y puntas del cabello despu\u00e9s del champ\u00fa. <\/p>\n<p>En el caso de cabellos con ondas, al d\u00eda siguiente del lavado, se puede aplicar el finalizador bif\u00e1sico <a href=\"https:\/\/www.avani.pt\/es\/p\/hair-cocktail-styler-200-ml-acabado-bifasico-vegano\/\">Hair Cocktail<\/a> para ayudar a definir y reactivar la forma de las ondas.<\/p>\n<p>El encrespamiento est\u00e1 estrechamente relacionado con la falta de nutrici\u00f3n, por lo que recomendamos aplicar la <a href=\"https:\/\/www.avani.pt\/es\/p\/indian-hair-nutrition-mascarilla-telarana-500-ml-nutricion-ligera\/\">Mascarilla Nutritiva Capilar India ligera<\/a> cada vez que te laves para obtener mejores resultados.<\/p>\n\n                        <\/div>\n                    \n                    \n                                    <\/div>\n            <\/div>\n        <\/div>\n    \n<\/div>\n[\/vc_column][\/vc_row][vc_row full_width=&#8221;stretch_row_content_no_spaces&#8221; el_class=&#8221;text-align-center&#8221;][vc_column]<div class=\"container \">\n\n    <div class=\"content-default-module text-align-center margin-top-between-modules\n        \n        \n        \n        \n        \n        \n        desktop--only--md\"\n        style=\"margin-bottom: 0px;\"\n    >\n\n                <div class=\"content-default-module-titles\">\n                            <h2 class=\"content-default-module-title uppercase black\">Composici&oacute;n<\/h2>\n            \n                    <\/div>\n        \n                    <div class=\"content-default-module-content\">\n                <\/p>\n<p style=\"text-align: left;\"><strong>El aceite de semillas de Sacha Inchi | <\/strong>est\u00e1 compuesto por una potente combinaci\u00f3n de omega 3, 6 y 9 que tiene una incre\u00edble capacidad de penetraci\u00f3n, lo que provoca una reestructuraci\u00f3n intensiva del cabello;<\/p>\n<p style=\"text-align: left;\"><strong>El aceite de semillas de ch\u00eda | <\/strong>hidrata y da brillo al cabello. Tambi\u00e9n tiene una acci\u00f3n protectora contra los radicales libres, y se utiliza mucho en cosm\u00e9tica capilar para cabellos sometidos a tratamientos qu\u00edmicos. <\/p>\n<p style=\"text-align: left;\"><strong>Extracto de amla<\/strong>: \u00a1el secreto indio para un pelo fuerte, brillante, largo y sano! El amla, tambi\u00e9n conocido como grosella espinosa india, procede de la planta amalaki y es un ingrediente esencial especialmente recomendado para los productos capilares por la medicina ayurv\u00e9dica, utilizado desde la antig\u00fcedad como elixir para el cabello porque es rico en antioxidantes, vitaminas, calcio, f\u00f3sforo y caroteno. <\/p>\n<p style=\"text-align: left;\"><strong>El extracto de pimienta | <\/strong>rico en antioxidantes y agentes cicatrizantes protege y repara la fibra capilar.<\/p>\n<p style=\"text-align: left;\"><strong>El Aceite de Almendras | <\/strong>rico en antioxidantes, agentes emolientes y vitamina E hidrata, aporta brillo, flexibilidad, fortalece y repara la fibra capilar.<\/p>\n<p>\n\n            <\/div>\n        \n        \n        \n\n        \n\n\n    <\/div>\n\n\n            <div class=\"accordion accordion-successive   js-accordion not-found mobile--only--md content-default-module text-align-center margin-top-between-modules back_color\">\n            <div class=\"accordion-container\">\n                <div class=\"accordion-question space-between\">\n                                            <h3 class=\"accordion-question-title uppercase back_color\">\n                            Composici&oacute;n\n                        <\/h3>\n                                        <span class=\"accordion-arrow back_color\">&emsp;<\/span>\n                <\/div>\n                <div class=\"accordion-answer\">\n                    \n                                            <div class=\"content-default-module-content\">\n                            <\/p>\n<p style=\"text-align: left;\"><strong>El aceite de semillas de Sacha Inchi | <\/strong>est\u00e1 compuesto por una potente combinaci\u00f3n de omega 3, 6 y 9 que tiene una incre\u00edble capacidad de penetraci\u00f3n, lo que provoca una reestructuraci\u00f3n intensiva del cabello;<\/p>\n<p style=\"text-align: left;\"><strong>El aceite de semillas de ch\u00eda | <\/strong>hidrata y da brillo al cabello. Tambi\u00e9n tiene una acci\u00f3n protectora contra los radicales libres, y se utiliza mucho en cosm\u00e9tica capilar para cabellos sometidos a tratamientos qu\u00edmicos. <\/p>\n<p style=\"text-align: left;\"><strong>Extracto de amla<\/strong>: \u00a1el secreto indio para un pelo fuerte, brillante, largo y sano! El amla, tambi\u00e9n conocido como grosella espinosa india, procede de la planta amalaki y es un ingrediente esencial especialmente recomendado para los productos capilares por la medicina ayurv\u00e9dica, utilizado desde la antig\u00fcedad como elixir para el cabello porque es rico en antioxidantes, vitaminas, calcio, f\u00f3sforo y caroteno. <\/p>\n<p style=\"text-align: left;\"><strong>El extracto de pimienta | <\/strong>rico en antioxidantes y agentes cicatrizantes protege y repara la fibra capilar.<\/p>\n<p style=\"text-align: left;\"><strong>El Aceite de Almendras | <\/strong>rico en antioxidantes, agentes emolientes y vitamina E hidrata, aporta brillo, flexibilidad, fortalece y repara la fibra capilar.<\/p>\n<p>\n\n                        <\/div>\n                    \n                    \n                                    <\/div>\n            <\/div>\n        <\/div>\n    \n<\/div>\n<div class=\"container \">\n\n    <div class=\"content-default-module text-align-center margin-top-between-modules\n        \n        \n        \n        \n        \n        \n        desktop--only--md\"\n        style=\"margin-bottom: 0px;\"\n    >\n\n                <div class=\"content-default-module-titles\">\n                            <h2 class=\"content-default-module-title uppercase black\">Ingredientes<\/h2>\n            \n                    <\/div>\n        \n                    <div class=\"content-default-module-content\">\n                <p>Ciclopentasiloxano, dimeticonol, aceite de semilla de Plukenetia volubilis, parfum, aceite de semilla de Salvia hispanica, extracto de fruto de Phyllanthus emblica, extracto de Capsicum annuum, aceite de Prunus amygdalus dulcis, BHT, linalol, limoneno, hexil cinamal, salicilato de bencilo, cumarina, ionona alfa-isometil, citronelol, citral.<\/p>\n\n            <\/div>\n        \n        \n        \n\n        \n\n\n    <\/div>\n\n\n            <div class=\"accordion accordion-successive   js-accordion not-found mobile--only--md content-default-module text-align-center margin-top-between-modules back_color\">\n            <div class=\"accordion-container\">\n                <div class=\"accordion-question space-between\">\n                                            <h3 class=\"accordion-question-title uppercase back_color\">\n                            Ingredientes\n                        <\/h3>\n                                        <span class=\"accordion-arrow back_color\">&emsp;<\/span>\n                <\/div>\n                <div class=\"accordion-answer\">\n                    \n                                            <div class=\"content-default-module-content\">\n                            <p>Ciclopentasiloxano, dimeticonol, aceite de semilla de Plukenetia volubilis, parfum, aceite de semilla de Salvia hispanica, extracto de fruto de Phyllanthus emblica, extracto de Capsicum annuum, aceite de Prunus amygdalus dulcis, BHT, linalol, limoneno, hexil cinamal, salicilato de bencilo, cumarina, ionona alfa-isometil, citronelol, citral.<\/p>\n\n                        <\/div>\n                    \n                    \n                                    <\/div>\n            <\/div>\n        <\/div>\n    \n<\/div>\n[\/vc_column][\/vc_row][vc_row][vc_column][vc_column_text]<\/p>\n<p>[\/vc_column_text][\/vc_column][\/vc_row]<\/p>\n<\/div>","protected":false},"excerpt":{"rendered":"<p>Potente mezcla de aceites naturales: ch\u00eda, sacha inchi y almendra para nutrir en profundidad de forma natural, aportando brillo y protecci\u00f3n duradera al cabello. Tambi\u00e9n incluye extracto del fruto del Amla y chile para una acci\u00f3n fortificante. <\/p>\n","protected":false},"featured_media":88720,"comment_status":"open","ping_status":"closed","template":"","meta":{"_acf_changed":false},"product_brand":[],"product_cat":[539,441,465,637,436,435,462,563,526,484,483,701,564,156],"product_tag":[],"class_list":{"0":"post-78397","1":"product","2":"type-product","3":"status-publish","4":"has-post-thumbnail","6":"product_cat-aceites-capilares","7":"product_cat-amla","8":"product_cat-atencion","9":"product_cat-cabello-danado-reparacion","10":"product_cat-cabello-seco-nutricion","11":"product_cat-caca-baja","12":"product_cat-finalizadores","14":"product_cat-ingredientes-2","15":"product_cat-ingredientes","16":"product_cat-productos-cabello","17":"product_cat-puntas-quebradizas-y-danadas","18":"product_cat-tematica-verano","19":"product_cat-cabelo","21":"first","22":"instock","23":"taxable","24":"shipping-taxable","25":"purchasable","26":"product-type-simple"},"acf":[],"wooqr_code":"","_links":{"self":[{"href":"https:\/\/www.avani.pt\/es\/wp-json\/wp\/v2\/product\/78397","targetHints":{"allow":["GET"]}}],"collection":[{"href":"https:\/\/www.avani.pt\/es\/wp-json\/wp\/v2\/product"}],"about":[{"href":"https:\/\/www.avani.pt\/es\/wp-json\/wp\/v2\/types\/product"}],"replies":[{"embeddable":true,"href":"https:\/\/www.avani.pt\/es\/wp-json\/wp\/v2\/comments?post=78397"}],"wp:featuredmedia":[{"embeddable":true,"href":"https:\/\/www.avani.pt\/es\/wp-json\/wp\/v2\/media\/88720"}],"wp:attachment":[{"href":"https:\/\/www.avani.pt\/es\/wp-json\/wp\/v2\/media?parent=78397"}],"wp:term":[{"taxonomy":"product_brand","embeddable":true,"href":"https:\/\/www.avani.pt\/es\/wp-json\/wp\/v2\/product_brand?post=78397"},{"taxonomy":"product_cat","embeddable":true,"href":"https:\/\/www.avani.pt\/es\/wp-json\/wp\/v2\/product_cat?post=78397"},{"taxonomy":"product_tag","embeddable":true,"href":"https:\/\/www.avani.pt\/es\/wp-json\/wp\/v2\/product_tag?post=78397"}],"curies":[{"name":"wp","href":"https:\/\/api.w.org\/{rel}","templated":true}]}}