{"id":78403,"date":"2018-03-23T17:34:58","date_gmt":"2018-03-23T17:34:58","guid":{"rendered":"https:\/\/www.avani.pt\/p\/aceite-de-arbol-del-te-y-melaleuca-15ml\/"},"modified":"2026-02-18T11:39:30","modified_gmt":"2026-02-18T11:39:30","slug":"aceite-de-arbol-del-te-y-melaleuca-15ml","status":"publish","type":"product","link":"https:\/\/www.avani.pt\/es\/p\/aceite-de-arbol-del-te-y-melaleuca-15ml\/","title":{"rendered":"Aceite de \u00c1rbol del T\u00e9 y Melaleuca 15ml"},"content":{"rendered":"<div class=\"wpb-content-wrapper\"><p>[vc_row full_width=&#8221;stretch_row_content_no_spaces&#8221; el_class=&#8221;text-align-center&#8221;][vc_column]<div class=\"stars-of-product-module-wrapper margin-top-between-modules\">\n    <img decoding=\"async\" class=\"stars-of-product-module-left-image-design\" src=\"\/dist\/images\/stars_product_module_design.png\">\n    <img decoding=\"async\" class=\"stars-of-product-module-right-image-design\" src=\"\/dist\/images\/stars_product_module_design.png\">\n\n    <div class=\"container\">\n\n        <div class=\"stars-of-product-module text-align-center  desktop--only--md\">\n\n            \n                            <div class=\"stars-of-product-module-titles\">\n                                            <h2 class=\"stars-of-product-module-title black uppercase back_color\">Las estrellas del producto<\/h2>\n                                    <\/div>\n            \n                            <div class=\"stars-of-product-module-content\">\n                    <p>Su efecto purificador, gracias a sus propiedades antibacterianas y antiinflamatorias.<\/p>\n<p>Es perfecto para combatir las irritaciones del cuero cabelludo y reducir el acn\u00e9.<\/p>\n\n                <\/div>\n            \n        <\/div>\n\n\n                    <div class=\"accordion   accordion-successive-first js-accordion not-found mobile--only--md stars-of-product-module text-align-center margin-top-between-modules back_color\">\n                <div class=\"accordion-container\">\n                    <div class=\"accordion-question space-between\">\n                                                    <h3 class=\"accordion-question-title uppercase back_color\">\n                                Estrellas del producto\n                            <\/h3>\n                                                <span class=\"accordion-arrow back_color\">&emsp;<\/span>\n                    <\/div>\n                    <div class=\"accordion-answer\">\n\n                        \n                                                    <div class=\"stars-of-product-module-content\">\n                                <p>Su efecto purificador, gracias a sus propiedades antibacterianas y antiinflamatorias.<\/p>\n<p>Es perfecto para combatir las irritaciones del cuero cabelludo y reducir el acn\u00e9.<\/p>\n\n                            <\/div>\n                                            <\/div>\n                <\/div>\n            <\/div>\n        \n    <\/div>\n<\/div>\n[\/vc_column][\/vc_row][vc_row full_width=&#8221;stretch_row_content_no_spaces&#8221; el_class=&#8221;text-align-center&#8221;][vc_column]<div class=\"container\">\n\t<div class=\"usability-tips-and-secrets-module desktop--only--md\">\n\n\t\t<div class=\"usability-tips-and-secrets-module-content-wrapper full-width-container\">\n\n\t\t\t\n\t\t\t\t\t\t\t<div class=\"usability-tips-and-secrets-module-content usability-tips-and-secrets-module-content--bordered margin-top-between-modules\">\n\t\t\t\t\t\t\t\t\t\t\t<h2 class=\"uppercase black\">C&oacute;mo utilizar<\/h2>\n\t\t\t\t\t\n\t\t\t\t\t\t\t\t\t\t\t<p>Aplica dos o tres gotas de Aceite de Melaleuca a tus productos faciales o capilares.<\/p>\n\n\t\t\t\t\t\t\t\t\t<\/div>\n\t\t\t\n\t\t\t\t\t\t\t<div class=\"usability-tips-and-secrets-module-content margin-top-between-modules\">\n\t\t\t\t\t\t\t\t\t\t\t<h2 class=\"uppercase black\">Consejos y secretos<\/h2>\n\t\t\t\t\t\n\t\t\t\t\t\t\t\t\t\t\t<p>Para purificar el cuero cabelludo y ayudar a combatir la caspa, m\u00e9zclalo con tu champ\u00fa o mascarilla Efecto Fr\u00edo.<br \/>\nPara ayudar a combatir el acn\u00e9, ponte una gota de Aceite de Melaleuca con una medida de Aloe Vera en la cara, por la ma\u00f1ana y por la noche.<\/p>\n\n\t\t\t\t\t\t\t\t\t<\/div>\n\t\t\t\t\t<\/div>\n\t<\/div>\n\n\t\t\t<div class=\"mobile--only--md usability-tips-and-secrets-module text-align-center margin-top-between-modules usability-tips-and-secrets-module-video\">\n\t\t\t\t\t<\/div>\n\t\n\t\t\t<div class=\"accordion accordion-successive  js-accordion not-found mobile--only--md usability-tips-and-secrets-module text-align-center margin-top-between-modules back_color\">\n\t\t\t<div class=\"accordion-container\">\n\t\t\t\t<div class=\"accordion-question space-between\">\n\t\t\t\t\t\t\t\t\t\t\t<h3 class=\"accordion-question-title uppercase back_color\">\n\t\t\t\t\t\t\tC&oacute;mo utilizar\n\t\t\t\t\t\t<\/h3>\n\t\t\t\t\t\n\t\t\t\t\t<span class=\"accordion-arrow back_color\">&emsp;<\/span>\n\t\t\t\t<\/div>\n\t\t\t\t<div class=\"accordion-answer\">\n\t\t\t\t\t\t\t\t\t\t\t<div class=\"usability-tips-and-secrets-module-content\">\n\t\t\t\t\t\t\t<p>Aplica dos o tres gotas de Aceite de Melaleuca a tus productos faciales o capilares.<\/p>\n\n\t\t\t\t\t\t<\/div>\n\t\t\t\t\t\t\t\t\t<\/div>\n\t\t\t<\/div>\n\t\t<\/div>\n\t\n\t\t\t<div class=\"accordion accordion-successive js-accordion not-found mobile--only--md usability-tips-and-secrets-module text-align-center margin-top-between-modules back_color\">\n\t\t\t<div class=\"accordion-container\">\n\t\t\t\t<div class=\"accordion-question space-between\">\n\t\t\t\t\t\t\t\t\t\t\t<h3 class=\"accordion-question-title uppercase back_color\">\n\t\t\t\t\t\t\tConsejos y secretos\n\t\t\t\t\t\t<\/h3>\n\t\t\t\t\t\n\t\t\t\t\t<span class=\"accordion-arrow back_color\">&emsp;<\/span>\n\t\t\t\t<\/div>\n\t\t\t\t<div class=\"accordion-answer\">\n\t\t\t\t\t\t\t\t\t\t\t<div class=\"usability-tips-and-secrets-module-content\">\n\t\t\t\t\t\t\t<p>Para purificar el cuero cabelludo y ayudar a combatir la caspa, m\u00e9zclalo con tu champ\u00fa o mascarilla Efecto Fr\u00edo.<br \/>\nPara ayudar a combatir el acn\u00e9, ponte una gota de Aceite de Melaleuca con una medida de Aloe Vera en la cara, por la ma\u00f1ana y por la noche.<\/p>\n\n\t\t\t\t\t\t<\/div>\n\t\t\t\t\t\t\t\t\t<\/div>\n\t\t\t<\/div>\n\t\t<\/div>\n\t<\/div>\n[\/vc_column][\/vc_row][vc_row full_width=&#8221;stretch_row_content_no_spaces&#8221; el_class=&#8221;text-align-center&#8221;][vc_column]<div class=\"container \">\n\n    <div class=\"content-default-module text-align-center margin-top-between-modules\n        \n        \n        \n        \n        \n        \n        desktop--only--md\"\n        style=\"margin-bottom: 0px;\"\n    >\n\n                <div class=\"content-default-module-titles\">\n                            <h2 class=\"content-default-module-title uppercase black\">Detalles<\/h2>\n            \n                    <\/div>\n        \n                    <div class=\"content-default-module-content\">\n                <p>El aceite esencial puro de \u00e1rbol del t\u00e9, melaleuca es un aceite esencial multifuncional indicado para la caspa, la seborrea, el acn\u00e9 y otros problemas.<\/p>\n<p>Este producto s\u00f3lo debe ser utilizado por profesionales formados en aromaterapia, los aceites esenciales puros son irritantes y pueden provocar quemaduras.<\/p>\n<p>Diluye de 2 a 3 gotas en aceite base o crema corporal.<\/p>\n\n            <\/div>\n        \n        \n        \n\n        \n\n\n    <\/div>\n\n\n            <div class=\"accordion accordion-successive   js-accordion not-found mobile--only--md content-default-module text-align-center margin-top-between-modules back_color\">\n            <div class=\"accordion-container\">\n                <div class=\"accordion-question space-between\">\n                                            <h3 class=\"accordion-question-title uppercase back_color\">\n                            Detalles\n                        <\/h3>\n                                        <span class=\"accordion-arrow back_color\">&emsp;<\/span>\n                <\/div>\n                <div class=\"accordion-answer\">\n                    \n                                            <div class=\"content-default-module-content\">\n                            <p>El aceite esencial puro de \u00e1rbol del t\u00e9, melaleuca es un aceite esencial multifuncional indicado para la caspa, la seborrea, el acn\u00e9 y otros problemas.<\/p>\n<p>Este producto s\u00f3lo debe ser utilizado por profesionales formados en aromaterapia, los aceites esenciales puros son irritantes y pueden provocar quemaduras.<\/p>\n<p>Diluye de 2 a 3 gotas en aceite base o crema corporal.<\/p>\n\n                        <\/div>\n                    \n                    \n                                    <\/div>\n            <\/div>\n        <\/div>\n    \n<\/div>\n[\/vc_column][\/vc_row]<\/p>\n<\/div>","protected":false},"excerpt":{"rendered":"<p>Aceite esencial de \u00e1rbol del t\u00e9, con propiedades antiinflamatorias y antibacterianas.<\/p>\n<p>Puede utilizarse para combatir la caspa, la dermatitis seborreica y el acn\u00e9, entre otros.<\/p>\n","protected":false},"featured_media":74652,"comment_status":"open","ping_status":"closed","template":"","meta":{"_acf_changed":false},"product_brand":[],"product_cat":[539,554,465,435,538,707,492,693,694,688,553,495,526,484,493,687,527,452,450,639,448,483,551,503,640,501,542,156],"product_tag":[],"class_list":{"0":"post-78403","1":"product","2":"type-product","3":"status-publish","4":"has-post-thumbnail","6":"product_cat-aceites-capilares","7":"product_cat-aceites-puros","8":"product_cat-atencion","9":"product_cat-caca-baja","10":"product_cat-cara","11":"product_cat-complementos-capilares","12":"product_cat-cuidado-de-las-manos","14":"product_cat-cuidado-de-los-pies","16":"product_cat-cuidado-de-manos-y-pies","17":"product_cat-desinfectantes","18":"product_cat-ingredientes-2","19":"product_cat-ingredientes","20":"product_cat-linea-spa-de-manicura-y-pedicura","21":"product_cat-manos-y-pies","22":"product_cat-melaleuca","23":"product_cat-no-caca-baja","24":"product_cat-no-caca","25":"product_cat-pieles-grasas-y-mixtas","26":"product_cat-problemas-del-cuero-cabelludo","27":"product_cat-productos-cabello","28":"product_cat-productos-cuerpo","29":"product_cat-productos-linea-spa","30":"product_cat-productos-faciales","31":"product_cat-profesional","32":"product_cat-tratamiento-del-acne","33":"product_cat-cabelo","35":"first","36":"instock","37":"taxable","38":"shipping-taxable","39":"purchasable","40":"product-type-simple"},"acf":[],"wooqr_code":"","_links":{"self":[{"href":"https:\/\/www.avani.pt\/es\/wp-json\/wp\/v2\/product\/78403","targetHints":{"allow":["GET"]}}],"collection":[{"href":"https:\/\/www.avani.pt\/es\/wp-json\/wp\/v2\/product"}],"about":[{"href":"https:\/\/www.avani.pt\/es\/wp-json\/wp\/v2\/types\/product"}],"replies":[{"embeddable":true,"href":"https:\/\/www.avani.pt\/es\/wp-json\/wp\/v2\/comments?post=78403"}],"wp:featuredmedia":[{"embeddable":true,"href":"https:\/\/www.avani.pt\/es\/wp-json\/wp\/v2\/media\/74652"}],"wp:attachment":[{"href":"https:\/\/www.avani.pt\/es\/wp-json\/wp\/v2\/media?parent=78403"}],"wp:term":[{"taxonomy":"product_brand","embeddable":true,"href":"https:\/\/www.avani.pt\/es\/wp-json\/wp\/v2\/product_brand?post=78403"},{"taxonomy":"product_cat","embeddable":true,"href":"https:\/\/www.avani.pt\/es\/wp-json\/wp\/v2\/product_cat?post=78403"},{"taxonomy":"product_tag","embeddable":true,"href":"https:\/\/www.avani.pt\/es\/wp-json\/wp\/v2\/product_tag?post=78403"}],"curies":[{"name":"wp","href":"https:\/\/api.w.org\/{rel}","templated":true}]}}