{"id":80346,"date":"2019-05-01T11:03:52","date_gmt":"2019-05-01T10:03:52","guid":{"rendered":"https:\/\/www.avani.pt\/?post_type=product&#038;p=80346"},"modified":"2025-10-21T12:04:23","modified_gmt":"2025-10-21T11:04:23","slug":"tratamiento-reafirmante-reductor-de-grasa-con-ejercicio","status":"publish","type":"product","link":"https:\/\/www.avani.pt\/es\/p\/tratamiento-reafirmante-reductor-de-grasa-con-ejercicio\/","title":{"rendered":"Tratamiento reafirmante reductor de grasa con ejercicio"},"content":{"rendered":"<div class=\"wpb-content-wrapper\"><p>[vc_row full_width=&#8221;stretch_row_content_no_spaces&#8221; el_class=&#8221;text-align-center&#8221;][vc_column]<div class=\"stars-of-product-module-wrapper margin-top-between-modules\">\n    <img decoding=\"async\" class=\"stars-of-product-module-left-image-design\" src=\"\/dist\/images\/stars_product_module_design.png\">\n    <img decoding=\"async\" class=\"stars-of-product-module-right-image-design\" src=\"\/dist\/images\/stars_product_module_design.png\">\n\n    <div class=\"container\">\n\n        <div class=\"stars-of-product-module text-align-center  desktop--only--md\">\n\n            \n                            <div class=\"stars-of-product-module-titles\">\n                                            <h2 class=\"stars-of-product-module-title black uppercase back_color\">Las estrellas del producto<\/h2>\n                                    <\/div>\n            \n                            <div class=\"stars-of-product-module-content\">\n                    <p>Ayuda a: descomponer la grasa, eliminar los l\u00edquidos acumulados, reducir la flacidez y tonificar y alisar la piel. La aplicaci\u00f3n del producto calienta la piel, provocando hiperemia (enrojecimiento).<\/p>\n\n                <\/div>\n            \n        <\/div>\n\n\n                    <div class=\"accordion   accordion-successive-first js-accordion not-found mobile--only--md stars-of-product-module text-align-center margin-top-between-modules back_color\">\n                <div class=\"accordion-container\">\n                    <div class=\"accordion-question space-between\">\n                                                    <h3 class=\"accordion-question-title uppercase back_color\">\n                                Estrellas del producto\n                            <\/h3>\n                                                <span class=\"accordion-arrow back_color\">&emsp;<\/span>\n                    <\/div>\n                    <div class=\"accordion-answer\">\n\n                        \n                                                    <div class=\"stars-of-product-module-content\">\n                                <p>Ayuda a: descomponer la grasa, eliminar los l\u00edquidos acumulados, reducir la flacidez y tonificar y alisar la piel. La aplicaci\u00f3n del producto calienta la piel, provocando hiperemia (enrojecimiento).<\/p>\n\n                            <\/div>\n                                            <\/div>\n                <\/div>\n            <\/div>\n        \n    <\/div>\n<\/div>\n[\/vc_column][\/vc_row][vc_row full_width=&#8221;stretch_row_content_no_spaces&#8221; el_class=&#8221;text-align-center&#8221;][vc_column]<div class=\"container\">\n\t<div class=\"usability-tips-and-secrets-module desktop--only--md\">\n\n\t\t<div class=\"usability-tips-and-secrets-module-content-wrapper full-width-container\">\n\n\t\t\t\n\t\t\t\t\t\t\t<div class=\"usability-tips-and-secrets-module-content usability-tips-and-secrets-module-content--bordered margin-top-between-modules\">\n\t\t\t\t\t\t\t\t\t\t\t<h2 class=\"uppercase black\">C&oacute;mo utilizar<\/h2>\n\t\t\t\t\t\n\t\t\t\t\t\t\t\t\t\t\t<p>Exfoliante Suave Corporal Tropical<br \/>\nAplica el exfoliante sobre la piel h\u00fameda, masajeando suavemente con movimientos circulares. Aclara con abundante agua tibia y termina con una crema hidratante. <\/p>\n<p>Piel Fr\u00eda<br \/>\nAplicar dos veces al d\u00eda, por la ma\u00f1ana y por la noche, en las zonas a tratar. Realiza movimientos circulares y masajea hasta su completa absorci\u00f3n. <\/p>\n<p>Skin Cell<br \/>\nApl\u00edcalo en las zonas deseadas y masajea activamente con movimientos circulares ascendentes.<\/p>\n\n\t\t\t\t\t\t\t\t\t<\/div>\n\t\t\t\n\t\t\t\t\t\t\t<div class=\"usability-tips-and-secrets-module-content margin-top-between-modules\">\n\t\t\t\t\t\t\t\t\t\t\t<h2 class=\"uppercase black\">Consejos y secretos<\/h2>\n\t\t\t\t\t\n\t\t\t\t\t\t\t\t\t\t\t<p>Para obtener los mejores resultados, \u00a1compartimos contigo nuestro m\u00e9todo favorito para utilizar este kit!<br \/>\nPaso 1: Aplica el Exfoliante Tropical en la ducha, preferiblemente con agua tibia. Esto preparar\u00e1 tu piel para recibir los siguientes productos, maximizando sus efectos anticelul\u00edticos.<br \/>\nPaso 2: Aplica Skin Shape por la ma\u00f1ana. Su efecto calor, mientras haces tus tareas, te proporcionar\u00e1 efectos m\u00e1s r\u00e1pidos y eficaces.<br \/>\nPaso 3: Finaliza el tratamiento aplicando Piel Fr\u00eda por la noche. El choque t\u00e9rmico ayudar\u00e1 al cuerpo a quemar toxinas m\u00e1s r\u00e1pidamente y a &quot;deshincharse&quot;.   <\/p>\n\n\t\t\t\t\t\t\t\t\t<\/div>\n\t\t\t\t\t<\/div>\n\t<\/div>\n\n\t\n\t\t\t<div class=\"accordion accordion-successive  js-accordion not-found mobile--only--md usability-tips-and-secrets-module text-align-center margin-top-between-modules back_color\">\n\t\t\t<div class=\"accordion-container\">\n\t\t\t\t<div class=\"accordion-question space-between\">\n\t\t\t\t\t\t\t\t\t\t\t<h3 class=\"accordion-question-title uppercase back_color\">\n\t\t\t\t\t\t\tC&oacute;mo utilizar\n\t\t\t\t\t\t<\/h3>\n\t\t\t\t\t\n\t\t\t\t\t<span class=\"accordion-arrow back_color\">&emsp;<\/span>\n\t\t\t\t<\/div>\n\t\t\t\t<div class=\"accordion-answer\">\n\t\t\t\t\t\t\t\t\t\t\t<div class=\"usability-tips-and-secrets-module-content\">\n\t\t\t\t\t\t\t<p>Exfoliante Suave Corporal Tropical<br \/>\nAplica el exfoliante sobre la piel h\u00fameda, masajeando suavemente con movimientos circulares. Aclara con abundante agua tibia y termina con una crema hidratante. <\/p>\n<p>Piel Fr\u00eda<br \/>\nAplicar dos veces al d\u00eda, por la ma\u00f1ana y por la noche, en las zonas a tratar. Realiza movimientos circulares y masajea hasta su completa absorci\u00f3n. <\/p>\n<p>Skin Cell<br \/>\nApl\u00edcalo en las zonas deseadas y masajea activamente con movimientos circulares ascendentes.<\/p>\n\n\t\t\t\t\t\t<\/div>\n\t\t\t\t\t\t\t\t\t<\/div>\n\t\t\t<\/div>\n\t\t<\/div>\n\t\n\t\t\t<div class=\"accordion accordion-successive js-accordion not-found mobile--only--md usability-tips-and-secrets-module text-align-center margin-top-between-modules back_color\">\n\t\t\t<div class=\"accordion-container\">\n\t\t\t\t<div class=\"accordion-question space-between\">\n\t\t\t\t\t\t\t\t\t\t\t<h3 class=\"accordion-question-title uppercase back_color\">\n\t\t\t\t\t\t\tConsejos y secretos\n\t\t\t\t\t\t<\/h3>\n\t\t\t\t\t\n\t\t\t\t\t<span class=\"accordion-arrow back_color\">&emsp;<\/span>\n\t\t\t\t<\/div>\n\t\t\t\t<div class=\"accordion-answer\">\n\t\t\t\t\t\t\t\t\t\t\t<div class=\"usability-tips-and-secrets-module-content\">\n\t\t\t\t\t\t\t<p>Para obtener los mejores resultados, \u00a1compartimos contigo nuestro m\u00e9todo favorito para utilizar este kit!<br \/>\nPaso 1: Aplica el Exfoliante Tropical en la ducha, preferiblemente con agua tibia. Esto preparar\u00e1 tu piel para recibir los siguientes productos, maximizando sus efectos anticelul\u00edticos.<br \/>\nPaso 2: Aplica Skin Shape por la ma\u00f1ana. Su efecto calor, mientras haces tus tareas, te proporcionar\u00e1 efectos m\u00e1s r\u00e1pidos y eficaces.<br \/>\nPaso 3: Finaliza el tratamiento aplicando Piel Fr\u00eda por la noche. El choque t\u00e9rmico ayudar\u00e1 al cuerpo a quemar toxinas m\u00e1s r\u00e1pidamente y a &quot;deshincharse&quot;.   <\/p>\n\n\t\t\t\t\t\t<\/div>\n\t\t\t\t\t\t\t\t\t<\/div>\n\t\t\t<\/div>\n\t\t<\/div>\n\t<\/div>\n[\/vc_column][\/vc_row][vc_row full_width=&#8221;stretch_row_content_no_spaces&#8221; el_class=&#8221;text-align-center&#8221;][vc_column]<div class=\"container \">\n\n    <div class=\"content-default-module text-align-center margin-top-between-modules\n        \n        \n        \n        \n        \n        \n        desktop--only--md\"\n        style=\"margin-bottom: 0px;\"\n    >\n\n                <div class=\"content-default-module-titles\">\n                            <h2 class=\"content-default-module-title uppercase black\">Detalles<\/h2>\n            \n                    <\/div>\n        \n                    <div class=\"content-default-module-content\">\n                <p>El Kit Avani Summer Body se compone de:<\/p>\n<p><strong>Exfoliante<\/strong> Corporal <strong>Suave Tropical<\/strong><br \/>\nEl Exfoliante Corporal de Coco te ayudar\u00e1 a tener una piel m\u00e1s lisa, suave y uniforme. Su textura es perfecta para eliminar cualquier c\u00e9lula muerta, ayudar a corregir las imperfecciones y prevenir la aparici\u00f3n de comedones y vellos encarnados. <\/p>\n<p><strong>Piel Fr\u00eda<\/strong><br \/>\nCon efecto hielo, proporciona un choque t\u00e9rmico al cuerpo, estimulando la p\u00e9rdida de grasa localizada. Adem\u00e1s de combatir la celulitis, su efecto tambi\u00e9n es ideal para reconfortar las piernas cansadas y mejorar la circulaci\u00f3n sangu\u00ednea. <\/p>\n<p><strong>Skin Cell<\/strong><br \/>\nEl Gel T\u00e9rmico Anticelul\u00edtico Moldeador es excelente para combatir la grasa localizada, ya que su acci\u00f3n caliente proporciona un choque t\u00e9rmico al cuerpo que estimula la circulaci\u00f3n linf\u00e1tica y el drenaje de los tejidos grasos.<\/p>\n\n            <\/div>\n        \n        \n        \n\n        \n\n\n    <\/div>\n\n\n            <div class=\"accordion accordion-successive   js-accordion not-found mobile--only--md content-default-module text-align-center margin-top-between-modules back_color\">\n            <div class=\"accordion-container\">\n                <div class=\"accordion-question space-between\">\n                                            <h3 class=\"accordion-question-title uppercase back_color\">\n                            Detalles\n                        <\/h3>\n                                        <span class=\"accordion-arrow back_color\">&emsp;<\/span>\n                <\/div>\n                <div class=\"accordion-answer\">\n                    \n                                            <div class=\"content-default-module-content\">\n                            <p>El Kit Avani Summer Body se compone de:<\/p>\n<p><strong>Exfoliante<\/strong> Corporal <strong>Suave Tropical<\/strong><br \/>\nEl Exfoliante Corporal de Coco te ayudar\u00e1 a tener una piel m\u00e1s lisa, suave y uniforme. Su textura es perfecta para eliminar cualquier c\u00e9lula muerta, ayudar a corregir las imperfecciones y prevenir la aparici\u00f3n de comedones y vellos encarnados. <\/p>\n<p><strong>Piel Fr\u00eda<\/strong><br \/>\nCon efecto hielo, proporciona un choque t\u00e9rmico al cuerpo, estimulando la p\u00e9rdida de grasa localizada. Adem\u00e1s de combatir la celulitis, su efecto tambi\u00e9n es ideal para reconfortar las piernas cansadas y mejorar la circulaci\u00f3n sangu\u00ednea. <\/p>\n<p><strong>Skin Cell<\/strong><br \/>\nEl Gel T\u00e9rmico Anticelul\u00edtico Moldeador es excelente para combatir la grasa localizada, ya que su acci\u00f3n caliente proporciona un choque t\u00e9rmico al cuerpo que estimula la circulaci\u00f3n linf\u00e1tica y el drenaje de los tejidos grasos.<\/p>\n\n                        <\/div>\n                    \n                    \n                                    <\/div>\n            <\/div>\n        <\/div>\n    \n<\/div>\n[\/vc_column][\/vc_row]<\/p>\n<\/div>","protected":false},"excerpt":{"rendered":"<p>Contiene mol\u00e9culas de YODO ORG\u00c1NICO estabilizadas y altamente purificadas: act\u00faan activando el metabolismo celular, ayudando a reducir la CELULITIS. Este proceso se acelera con la actividad f\u00edsica. <\/p>\n","protected":false},"featured_media":73662,"comment_status":"open","ping_status":"closed","template":"","meta":{"_acf_changed":false},"product_brand":[],"product_cat":[474,440,598,600,593,601,491,552,597,545,599,602,596],"product_tag":[],"class_list":{"0":"post-80346","1":"product","2":"type-product","3":"status-publish","4":"has-post-thumbnail","6":"product_cat-alcanfor","7":"product_cat-aloe-vera","8":"product_cat-anticelulitico","9":"product_cat-cafe","10":"product_cat-conjuntos-de-verano","11":"product_cat-cuerpo-2","12":"product_cat-cuerpo","13":"product_cat-cuidado-corporal","14":"product_cat-exfoliante-corporal","15":"product_cat-firmeza-y-elasticidad","16":"product_cat-grasa-localizada","17":"product_cat-reafirmante-y-reductor-de-grasa","18":"product_cat-solares","20":"first","21":"instock","22":"taxable","23":"shipping-taxable","24":"purchasable","25":"product-type-simple"},"acf":[],"wooqr_code":"","_links":{"self":[{"href":"https:\/\/www.avani.pt\/es\/wp-json\/wp\/v2\/product\/80346","targetHints":{"allow":["GET"]}}],"collection":[{"href":"https:\/\/www.avani.pt\/es\/wp-json\/wp\/v2\/product"}],"about":[{"href":"https:\/\/www.avani.pt\/es\/wp-json\/wp\/v2\/types\/product"}],"replies":[{"embeddable":true,"href":"https:\/\/www.avani.pt\/es\/wp-json\/wp\/v2\/comments?post=80346"}],"wp:featuredmedia":[{"embeddable":true,"href":"https:\/\/www.avani.pt\/es\/wp-json\/wp\/v2\/media\/73662"}],"wp:attachment":[{"href":"https:\/\/www.avani.pt\/es\/wp-json\/wp\/v2\/media?parent=80346"}],"wp:term":[{"taxonomy":"product_brand","embeddable":true,"href":"https:\/\/www.avani.pt\/es\/wp-json\/wp\/v2\/product_brand?post=80346"},{"taxonomy":"product_cat","embeddable":true,"href":"https:\/\/www.avani.pt\/es\/wp-json\/wp\/v2\/product_cat?post=80346"},{"taxonomy":"product_tag","embeddable":true,"href":"https:\/\/www.avani.pt\/es\/wp-json\/wp\/v2\/product_tag?post=80346"}],"curies":[{"name":"wp","href":"https:\/\/api.w.org\/{rel}","templated":true}]}}