{"id":80405,"date":"2023-11-07T16:07:49","date_gmt":"2023-11-07T16:07:49","guid":{"rendered":"https:\/\/www.avani.pt\/p\/regalo-especial-i-ritual-de-bano\/"},"modified":"2025-12-17T14:33:18","modified_gmt":"2025-12-17T14:33:18","slug":"regalo-especial-i-ritual-de-bano","status":"publish","type":"product","link":"https:\/\/www.avani.pt\/es\/p\/regalo-especial-i-ritual-de-bano\/","title":{"rendered":"Regalo especial I Ritual de ba\u00f1o"},"content":{"rendered":"<div class=\"wpb-content-wrapper\"><p>[vc_row full_width=&#8221;stretch_row_content_no_spaces&#8221; el_class=&#8221;text-align-center&#8221;][vc_column]<div class=\"stars-of-product-module-wrapper margin-top-between-modules\">\n    <img decoding=\"async\" class=\"stars-of-product-module-left-image-design\" src=\"\/dist\/images\/stars_product_module_design.png\">\n    <img decoding=\"async\" class=\"stars-of-product-module-right-image-design\" src=\"\/dist\/images\/stars_product_module_design.png\">\n\n    <div class=\"container\">\n\n        <div class=\"stars-of-product-module text-align-center  desktop--only--md\">\n\n                            <div class=\"star-rating\">\n                                            <i class=\"fa fa-star\"><\/i>\n                                            <i class=\"fa fa-star\"><\/i>\n                                            <i class=\"fa fa-star\"><\/i>\n                                            <i class=\"fa fa-star\"><\/i>\n                                            <i class=\"fa fa-star\"><\/i>\n                                    <\/div>\n            \n                            <div class=\"stars-of-product-module-titles\">\n                                            <h2 class=\"stars-of-product-module-title black uppercase back_color\">Las estrellas del producto<\/h2>\n                                    <\/div>\n            \n                            <div class=\"stars-of-product-module-content\">\n                    <p>El ritual de masajear el cuerpo con aceite es una pr\u00e1ctica muy recomendada por la Filosof\u00eda Ayurv\u00e9dica porque su aplicaci\u00f3n regular proporciona una profunda sensaci\u00f3n de estabilidad, fuerza y bienestar. Su significado es tan literal que la propia palabra &#8220;Sneha&#8221;, en lengua s\u00e1nscrita, significa &#8220;aceite&#8221; y\/o &#8220;amor&#8221;, por lo que el Ritual Sneha &#8211; &#8220;aceitarnos a nosotros mismos&#8221;- tambi\u00e9n significa &#8220;amarnos a nosotros mismos&#8221;. La pr\u00e1ctica diaria del automasaje ayuda a: reequilibrar los tres Doshas; eliminar toxinas; mejorar la circulaci\u00f3n; tonificar; aumentar la resistencia de la piel; retrasar los efectos del envejecimiento; calmar los sentidos y, sobre todo, \u00a1cultivar el amor propio! Inspirada en el Ayurveda, es una mezcla de aceites con un aroma adictivo, altamente nutritiva, sin colorantes artificiales, vegana y 99% vegetal. A base de Aceite de S\u00e9samo regenerador que ayuda a combatir la flacidez de la piel; Girasol nutritivo que ayuda a reparar la barrera cut\u00e1nea, Arg\u00e1n protector, Jojoba altamente potente que equilibra la dermis, Oliva que combate los radicales libres y otras agresiones; extracto de la fruta celestial india Amla que calma, entre otros ingredientes altamente ricos en propiedades nutritivas y antioxidantes. La piel queda sedosa y suave, con un sutil y cautivador aroma a s\u00e1ndalo.      Gel de ducha hidratante, 97% natural, con un aroma adictivo igual que la Gama Cabello Indio Vitaminado, nuestro Top Ventas. El ba\u00f1o es un ritual, un momento \u00fanico y relajante; ayuda a eliminar las energ\u00edas negativas y a cultivar el amor propio. En la antigua lengua s\u00e1nscrita india, &#8220;Snana&#8221; es el nombre que se da al ritual del ba\u00f1o, considerado un acto sagrado seg\u00fan la antigua filosof\u00eda hind\u00fa: \u00a1un momento de purificaci\u00f3n y rejuvenecimiento! Perfecto para elevar tu ba\u00f1o a un ritual de los sentidos con este gel compuesto de Aloe vera refrescante y la fruta celestial Amla, muy rica en antioxidantes.<\/p>\n\n                <\/div>\n            \n        <\/div>\n\n\n                    <div class=\"accordion   accordion-successive-first js-accordion not-found mobile--only--md stars-of-product-module text-align-center margin-top-between-modules back_color\">\n                <div class=\"accordion-container\">\n                    <div class=\"accordion-question space-between\">\n                                                    <h3 class=\"accordion-question-title uppercase back_color\">\n                                Las estrellas del producto\n                            <\/h3>\n                                                <span class=\"accordion-arrow back_color\">&emsp;<\/span>\n                    <\/div>\n                    <div class=\"accordion-answer\">\n\n                                                    <div class=\"star-rating\">\n                                                                    <i class=\"fa fa-star\"><\/i>\n                                                                    <i class=\"fa fa-star\"><\/i>\n                                                                    <i class=\"fa fa-star\"><\/i>\n                                                                    <i class=\"fa fa-star\"><\/i>\n                                                                    <i class=\"fa fa-star\"><\/i>\n                                                            <\/div>\n                        \n                                                    <div class=\"stars-of-product-module-content\">\n                                <p>El ritual de masajear el cuerpo con aceite es una pr\u00e1ctica muy recomendada por la Filosof\u00eda Ayurv\u00e9dica porque su aplicaci\u00f3n regular proporciona una profunda sensaci\u00f3n de estabilidad, fuerza y bienestar. Su significado es tan literal que la propia palabra &#8220;Sneha&#8221;, en lengua s\u00e1nscrita, significa &#8220;aceite&#8221; y\/o &#8220;amor&#8221;, por lo que el Ritual Sneha &#8211; &#8220;aceitarnos a nosotros mismos&#8221;- tambi\u00e9n significa &#8220;amarnos a nosotros mismos&#8221;. La pr\u00e1ctica diaria del automasaje ayuda a: reequilibrar los tres Doshas; eliminar toxinas; mejorar la circulaci\u00f3n; tonificar; aumentar la resistencia de la piel; retrasar los efectos del envejecimiento; calmar los sentidos y, sobre todo, \u00a1cultivar el amor propio! Inspirada en el Ayurveda, es una mezcla de aceites con un aroma adictivo, altamente nutritiva, sin colorantes artificiales, vegana y 99% vegetal. A base de Aceite de S\u00e9samo regenerador que ayuda a combatir la flacidez de la piel; Girasol nutritivo que ayuda a reparar la barrera cut\u00e1nea, Arg\u00e1n protector, Jojoba altamente potente que equilibra la dermis, Oliva que combate los radicales libres y otras agresiones; extracto de la fruta celestial india Amla que calma, entre otros ingredientes altamente ricos en propiedades nutritivas y antioxidantes. La piel queda sedosa y suave, con un sutil y cautivador aroma a s\u00e1ndalo.      Gel de ducha hidratante, 97% natural, con un aroma adictivo igual que la Gama Cabello Indio Vitaminado, nuestro Top Ventas. El ba\u00f1o es un ritual, un momento \u00fanico y relajante; ayuda a eliminar las energ\u00edas negativas y a cultivar el amor propio. En la antigua lengua s\u00e1nscrita india, &#8220;Snana&#8221; es el nombre que se da al ritual del ba\u00f1o, considerado un acto sagrado seg\u00fan la antigua filosof\u00eda hind\u00fa: \u00a1un momento de purificaci\u00f3n y rejuvenecimiento! Perfecto para elevar tu ba\u00f1o a un ritual de los sentidos con este gel compuesto de Aloe vera refrescante y la fruta celestial Amla, muy rica en antioxidantes.<\/p>\n\n                            <\/div>\n                                            <\/div>\n                <\/div>\n            <\/div>\n        \n    <\/div>\n<\/div>\n[\/vc_column][\/vc_row][vc_row full_width=&#8221;stretch_row_content_no_spaces&#8221; el_class=&#8221;text-align-center&#8221;][vc_column]<div class=\"container\">\n\t<div class=\"usability-tips-and-secrets-module desktop--only--md\">\n\n\t\t<div class=\"usability-tips-and-secrets-module-content-wrapper full-width-container\">\n\n\t\t\t\n\t\t\t\t\t\t\t<div class=\"usability-tips-and-secrets-module-content usability-tips-and-secrets-module-content--bordered margin-top-between-modules\">\n\t\t\t\t\t\t\t\t\t\t\t<h2 class=\"uppercase black\">C&oacute;mo utilizar<\/h2>\n\t\t\t\t\t\n\t\t\t\t\t\t\t\t\t\t\t<p>Aplica el aceite Ritual Senha despu\u00e9s de la ducha, masajeando suavemente la piel con movimientos circulares para disfrutar de un momento de spa \u00fanico que nutre y nutre la piel con esta mezcla de aceites naturales. Ritual Sneha tambi\u00e9n puede aplicarse sobre la piel seca. <\/p>\n\n\t\t\t\t\t\t\t\t\t<\/div>\n\t\t\t\n\t\t\t\t\t<\/div>\n\t<\/div>\n\n\t\t\t<div class=\"mobile--only--md usability-tips-and-secrets-module text-align-center margin-top-between-modules usability-tips-and-secrets-module-video\">\n\t\t\t\t\t<\/div>\n\t\n\t\t\t<div class=\"accordion accordion-successive  js-accordion not-found mobile--only--md usability-tips-and-secrets-module text-align-center margin-top-between-modules back_color\">\n\t\t\t<div class=\"accordion-container\">\n\t\t\t\t<div class=\"accordion-question space-between\">\n\t\t\t\t\t\t\t\t\t\t\t<h3 class=\"accordion-question-title uppercase back_color\">\n\t\t\t\t\t\t\tC&oacute;mo utilizar\n\t\t\t\t\t\t<\/h3>\n\t\t\t\t\t\n\t\t\t\t\t<span class=\"accordion-arrow back_color\">&emsp;<\/span>\n\t\t\t\t<\/div>\n\t\t\t\t<div class=\"accordion-answer\">\n\t\t\t\t\t\t\t\t\t\t\t<div class=\"usability-tips-and-secrets-module-content\">\n\t\t\t\t\t\t\t<p>Aplica el aceite Ritual Senha despu\u00e9s de la ducha, masajeando suavemente la piel con movimientos circulares para disfrutar de un momento de spa \u00fanico que nutre y nutre la piel con esta mezcla de aceites naturales. Ritual Sneha tambi\u00e9n puede aplicarse sobre la piel seca. <\/p>\n\n\t\t\t\t\t\t<\/div>\n\t\t\t\t\t\t\t\t\t<\/div>\n\t\t\t<\/div>\n\t\t<\/div>\n\t\n\t<\/div>\n[\/vc_column][\/vc_row][vc_row full_width=&#8221;stretch_row_content_no_spaces&#8221; el_class=&#8221;text-align-center&#8221;][vc_column]<div class=\"container \">\n\n    <div class=\"content-default-module text-align-center margin-top-between-modules\n        \n        \n        \n        \n        \n        \n        desktop--only--md\"\n        style=\"margin-bottom: 0px;\"\n    >\n\n                <div class=\"content-default-module-titles\">\n                            <h2 class=\"content-default-module-title uppercase black\">Composici&oacute;n<\/h2>\n            \n                    <\/div>\n        \n                    <div class=\"content-default-module-content\">\n                <\/p>\n<p style=\"text-align: left;\"><strong>El aceite de s\u00e9samo | <\/strong>rico en vitamina E (antioxidante natural), vitamina B6, omega 6, zinc, magnesio, calcio y hierro, se extrae de las semillas de s\u00e9samo y se considera uno de los aceites m\u00e1s antiguos utilizados por la humanidad. \u00a1En la filosof\u00eda hind\u00fa se le conoce como el &#8220;s\u00edmbolo&#8221; de la inmortalidad! El 90% de los tratamientos de la medicina ayurv\u00e9dica utilizan aceite de s\u00e9samo por sus propiedades nutritivas y calmantes. Altamente hidratante, mantiene la piel flexible y suave. Rico en propiedades curativas y regeneradoras, ayuda a combatir las estr\u00edas y la flacidez de la piel.    <\/p>\n<p style=\"text-align: left;\"><strong>Aceite de girasol | <\/strong>beneficioso para la piel muy seca y deshidratada. Contiene \u00e1cido linoleico que ayuda a la piel a sintetizar sus propios l\u00edpidos (grasas), incluidas las ceramidas, reparando visiblemente su barrera. La piel est\u00e1 m\u00e1s suave y tiene un aspecto m\u00e1s sano.  <\/p>\n<p style=\"text-align: left;\"><strong>Aceite de arg\u00e1n | <\/strong>&#8220;Que vivas 100 a\u00f1os con toda la riqueza y el bienestar&#8221; es la forma m\u00e1s tradicional de bendici\u00f3n en la India. Parece que el \u00e1rbol de Arg\u00e1n ha sido bendecido dos veces, ya que su esperanza de vida estimada es de m\u00e1s de 200 a\u00f1os. En Marruecos se conoce cari\u00f1osamente al arg\u00e1n como el &#8220;\u00c1rbol de la Vida&#8221;, e incluso se le ha otorgado el t\u00edtulo de &#8220;oro l\u00edquido&#8221; por sus numerosos beneficios. Rico en \u00e1cidos grasos, vitamina E y \u00e1cidos linoleicos, hidrata la piel y ayuda a mejorar el aspecto de las manchas. Es el superalimento protector y nutritivo de la naturaleza para la piel.    <\/p>\n<p style=\"text-align: left;\"><strong>Aceite de jojoba | <\/strong>Es el l\u00edquido producido a partir de las semillas de la planta Simmondsia chinensis (jojoba) y tiene un aspecto ceroso. Este aceite es fant\u00e1stico para la piel, ligero pero profundamente rico en vitaminas y minerales. Es muy potente y cuando entra en contacto con la piel tiene la capacidad de actuar como su propio aceite natural, consiguiendo as\u00ed el equilibrio de la dermis. Rico en vitamina E, es un potente antioxidante que ayuda a acelerar la regeneraci\u00f3n celular, \u00a1dejando la piel con un aspecto radiante!   <\/p>\n<p style=\"text-align: left;\"><strong>Aceite de oliva | <\/strong>Contiene muchos antioxidantes, vitaminas y \u00e1cidos grasos que lo hacen especialmente nutritivo e hidratante para la piel propensa a la deshidrataci\u00f3n. La piel se mantiene sana con una barrera protectora natural en pleno funcionamiento. Esta acci\u00f3n se refuerza con la ayuda de las propiedades antioxidantes que combaten cualquier da\u00f1o de los radicales libres que entran en contacto con nuestra piel a diario, como el clima, la exposici\u00f3n a los rayos UV y otras agresiones cut\u00e1neas.  <\/p>\n<p style=\"text-align: left;\"><strong>Aceite de almendras dulces |<\/strong> aceite vegetal rico en omega 6, omega 9 y \u00e1cidos grasos que refuerzan la barrera natural de la piel.<\/p>\n<p style=\"text-align: left;\"><strong>El aceite de soja | <\/strong>tiene propiedades emolientes y suavizantes de la piel: es una fuente de antioxidantes y \u00e1cidos grasos reponedores. Varios estudios han demostrado que los compuestos de la soja, como las isoflavonas, ayudan a reducir la decoloraci\u00f3n persistente causada por la exposici\u00f3n al sol y otras agresiones. <\/p>\n<p style=\"text-align: left;\"><strong>Amla | <\/strong>Una de las frutas m\u00e1s antiguas y ampliamente utilizada en la medicina ayurv\u00e9dica india, hoy se reconoce como una de las fuentes naturales m\u00e1s ricas en vitamina C. Una de las cualidades m\u00e1s notables y populares del amla es su efecto sobre la piel. Muy rico en antioxidantes, ayuda a regenerar y ralentizar el proceso de envejecimiento, dando a la piel una textura m\u00e1s suave. <\/p>\n<p style=\"text-align: left;\"><strong>El Extracto de Zanahoria |<\/strong> rico en nutrientes, vitaminas y antioxidantes proporciona a la piel un brillo natural y saludable. Ayuda a reducir las rojeces y a tratar las manchas oscuras. <\/p>\n<p>\n\n            <\/div>\n        \n        \n        \n\n        \n\n\n    <\/div>\n\n\n            <div class=\"accordion accordion-successive   js-accordion not-found mobile--only--md content-default-module text-align-center margin-top-between-modules back_color\">\n            <div class=\"accordion-container\">\n                <div class=\"accordion-question space-between\">\n                                            <h3 class=\"accordion-question-title uppercase back_color\">\n                            Composici&oacute;n\n                        <\/h3>\n                                        <span class=\"accordion-arrow back_color\">&emsp;<\/span>\n                <\/div>\n                <div class=\"accordion-answer\">\n                    \n                                            <div class=\"content-default-module-content\">\n                            <\/p>\n<p style=\"text-align: left;\"><strong>El aceite de s\u00e9samo | <\/strong>rico en vitamina E (antioxidante natural), vitamina B6, omega 6, zinc, magnesio, calcio y hierro, se extrae de las semillas de s\u00e9samo y se considera uno de los aceites m\u00e1s antiguos utilizados por la humanidad. \u00a1En la filosof\u00eda hind\u00fa se le conoce como el &#8220;s\u00edmbolo&#8221; de la inmortalidad! El 90% de los tratamientos de la medicina ayurv\u00e9dica utilizan aceite de s\u00e9samo por sus propiedades nutritivas y calmantes. Altamente hidratante, mantiene la piel flexible y suave. Rico en propiedades curativas y regeneradoras, ayuda a combatir las estr\u00edas y la flacidez de la piel.    <\/p>\n<p style=\"text-align: left;\"><strong>Aceite de girasol | <\/strong>beneficioso para la piel muy seca y deshidratada. Contiene \u00e1cido linoleico que ayuda a la piel a sintetizar sus propios l\u00edpidos (grasas), incluidas las ceramidas, reparando visiblemente su barrera. La piel est\u00e1 m\u00e1s suave y tiene un aspecto m\u00e1s sano.  <\/p>\n<p style=\"text-align: left;\"><strong>Aceite de arg\u00e1n | <\/strong>&#8220;Que vivas 100 a\u00f1os con toda la riqueza y el bienestar&#8221; es la forma m\u00e1s tradicional de bendici\u00f3n en la India. Parece que el \u00e1rbol de Arg\u00e1n ha sido bendecido dos veces, ya que su esperanza de vida estimada es de m\u00e1s de 200 a\u00f1os. En Marruecos se conoce cari\u00f1osamente al arg\u00e1n como el &#8220;\u00c1rbol de la Vida&#8221;, e incluso se le ha otorgado el t\u00edtulo de &#8220;oro l\u00edquido&#8221; por sus numerosos beneficios. Rico en \u00e1cidos grasos, vitamina E y \u00e1cidos linoleicos, hidrata la piel y ayuda a mejorar el aspecto de las manchas. Es el superalimento protector y nutritivo de la naturaleza para la piel.    <\/p>\n<p style=\"text-align: left;\"><strong>Aceite de jojoba | <\/strong>Es el l\u00edquido producido a partir de las semillas de la planta Simmondsia chinensis (jojoba) y tiene un aspecto ceroso. Este aceite es fant\u00e1stico para la piel, ligero pero profundamente rico en vitaminas y minerales. Es muy potente y cuando entra en contacto con la piel tiene la capacidad de actuar como su propio aceite natural, consiguiendo as\u00ed el equilibrio de la dermis. Rico en vitamina E, es un potente antioxidante que ayuda a acelerar la regeneraci\u00f3n celular, \u00a1dejando la piel con un aspecto radiante!   <\/p>\n<p style=\"text-align: left;\"><strong>Aceite de oliva | <\/strong>Contiene muchos antioxidantes, vitaminas y \u00e1cidos grasos que lo hacen especialmente nutritivo e hidratante para la piel propensa a la deshidrataci\u00f3n. La piel se mantiene sana con una barrera protectora natural en pleno funcionamiento. Esta acci\u00f3n se refuerza con la ayuda de las propiedades antioxidantes que combaten cualquier da\u00f1o de los radicales libres que entran en contacto con nuestra piel a diario, como el clima, la exposici\u00f3n a los rayos UV y otras agresiones cut\u00e1neas.  <\/p>\n<p style=\"text-align: left;\"><strong>Aceite de almendras dulces |<\/strong> aceite vegetal rico en omega 6, omega 9 y \u00e1cidos grasos que refuerzan la barrera natural de la piel.<\/p>\n<p style=\"text-align: left;\"><strong>El aceite de soja | <\/strong>tiene propiedades emolientes y suavizantes de la piel: es una fuente de antioxidantes y \u00e1cidos grasos reponedores. Varios estudios han demostrado que los compuestos de la soja, como las isoflavonas, ayudan a reducir la decoloraci\u00f3n persistente causada por la exposici\u00f3n al sol y otras agresiones. <\/p>\n<p style=\"text-align: left;\"><strong>Amla | <\/strong>Una de las frutas m\u00e1s antiguas y ampliamente utilizada en la medicina ayurv\u00e9dica india, hoy se reconoce como una de las fuentes naturales m\u00e1s ricas en vitamina C. Una de las cualidades m\u00e1s notables y populares del amla es su efecto sobre la piel. Muy rico en antioxidantes, ayuda a regenerar y ralentizar el proceso de envejecimiento, dando a la piel una textura m\u00e1s suave. <\/p>\n<p style=\"text-align: left;\"><strong>El Extracto de Zanahoria |<\/strong> rico en nutrientes, vitaminas y antioxidantes proporciona a la piel un brillo natural y saludable. Ayuda a reducir las rojeces y a tratar las manchas oscuras. <\/p>\n<p>\n\n                        <\/div>\n                    \n                    \n                                    <\/div>\n            <\/div>\n        <\/div>\n    \n<\/div>\n<div class=\"container \">\n\n    <div class=\"content-default-module text-align-center margin-top-between-modules\n        \n        \n        \n        \n        \n        \n        desktop--only--md\"\n        style=\"margin-bottom: 0px;\"\n    >\n\n                <div class=\"content-default-module-titles\">\n                            <h2 class=\"content-default-module-title uppercase black\">Ingredientes<\/h2>\n            \n                    <\/div>\n        \n                    <div class=\"content-default-module-content\">\n                <p>Aceite de semilla de Helianthus annuus, parfum, aceite de semilla de Sesamum Indicum, aceite de fruto de Olea europaea, aceite de semilla de Simmondsia chinensis, tocoferol, aceite de semilla de Argania spinosa, aceite de glicina soja, aceite de Prunus amygdalus dulcis, poder del fruto de Phyllanthus emblica, extracto de ra\u00edz de Daucus carota sativa, betacaroteno, citronelol, cumarina, hidroxicitronelal, geraniol, linalol, limoneno, alfa isometil ionona.<\/p>\n\n            <\/div>\n        \n        \n        \n\n        \n\n\n    <\/div>\n\n\n            <div class=\"accordion accordion-successive   js-accordion not-found mobile--only--md content-default-module text-align-center margin-top-between-modules back_color\">\n            <div class=\"accordion-container\">\n                <div class=\"accordion-question space-between\">\n                                            <h3 class=\"accordion-question-title uppercase back_color\">\n                            Ingredientes\n                        <\/h3>\n                                        <span class=\"accordion-arrow back_color\">&emsp;<\/span>\n                <\/div>\n                <div class=\"accordion-answer\">\n                    \n                                            <div class=\"content-default-module-content\">\n                            <p>Aceite de semilla de Helianthus annuus, parfum, aceite de semilla de Sesamum Indicum, aceite de fruto de Olea europaea, aceite de semilla de Simmondsia chinensis, tocoferol, aceite de semilla de Argania spinosa, aceite de glicina soja, aceite de Prunus amygdalus dulcis, poder del fruto de Phyllanthus emblica, extracto de ra\u00edz de Daucus carota sativa, betacaroteno, citronelol, cumarina, hidroxicitronelal, geraniol, linalol, limoneno, alfa isometil ionona.<\/p>\n\n                        <\/div>\n                    \n                    \n                                    <\/div>\n            <\/div>\n        <\/div>\n    \n<\/div>\n[\/vc_column][\/vc_row]<\/p>\n<\/div>","protected":false},"excerpt":{"rendered":"<div dir=\"ltr\">\n<p dir=\"ltr\">Set de gel de ducha y aceite corporal. F\u00f3rmulas ricas en antiguos secretos indios, \u00a1que dejan la piel suave y nutrida! Con aromas indios y de s\u00e1ndalo. Un regalo especial, inspirado en la antigua India y fabricado en Portugal.   <\/p>\n<\/div>\n<div><\/div>\n","protected":false},"featured_media":76586,"comment_status":"open","ping_status":"closed","template":"","meta":{"_acf_changed":false},"product_brand":[],"product_cat":[634,633],"product_tag":[],"class_list":{"0":"post-80405","1":"product","2":"type-product","3":"status-publish","4":"has-post-thumbnail","6":"product_cat-navidad","7":"product_cat-un-regalo-especial","9":"first","10":"instock","11":"taxable","12":"shipping-taxable","13":"purchasable","14":"product-type-simple"},"acf":[],"wooqr_code":"","_links":{"self":[{"href":"https:\/\/www.avani.pt\/es\/wp-json\/wp\/v2\/product\/80405","targetHints":{"allow":["GET"]}}],"collection":[{"href":"https:\/\/www.avani.pt\/es\/wp-json\/wp\/v2\/product"}],"about":[{"href":"https:\/\/www.avani.pt\/es\/wp-json\/wp\/v2\/types\/product"}],"replies":[{"embeddable":true,"href":"https:\/\/www.avani.pt\/es\/wp-json\/wp\/v2\/comments?post=80405"}],"wp:featuredmedia":[{"embeddable":true,"href":"https:\/\/www.avani.pt\/es\/wp-json\/wp\/v2\/media\/76586"}],"wp:attachment":[{"href":"https:\/\/www.avani.pt\/es\/wp-json\/wp\/v2\/media?parent=80405"}],"wp:term":[{"taxonomy":"product_brand","embeddable":true,"href":"https:\/\/www.avani.pt\/es\/wp-json\/wp\/v2\/product_brand?post=80405"},{"taxonomy":"product_cat","embeddable":true,"href":"https:\/\/www.avani.pt\/es\/wp-json\/wp\/v2\/product_cat?post=80405"},{"taxonomy":"product_tag","embeddable":true,"href":"https:\/\/www.avani.pt\/es\/wp-json\/wp\/v2\/product_tag?post=80405"}],"curies":[{"name":"wp","href":"https:\/\/api.w.org\/{rel}","templated":true}]}}