{"id":81353,"date":"2024-11-04T13:05:45","date_gmt":"2024-11-04T13:05:45","guid":{"rendered":"https:\/\/www.avani.pt\/p\/regalo-especial-mascarilla-capilar-india\/"},"modified":"2025-11-19T12:52:53","modified_gmt":"2025-11-19T12:52:53","slug":"regalo-especial-mascarilla-capilar-india","status":"publish","type":"product","link":"https:\/\/www.avani.pt\/es\/p\/regalo-especial-mascarilla-capilar-india\/","title":{"rendered":"Regalo especial | Mascarilla capilar india"},"content":{"rendered":"<div class=\"wpb-content-wrapper\"><p>[vc_row full_width=&#8221;stretch_row_content_no_spaces&#8221; el_class=&#8221;text-align-center&#8221;][vc_column]<div class=\"stars-of-product-module-wrapper margin-top-between-modules\">\n    <img decoding=\"async\" class=\"stars-of-product-module-left-image-design\" src=\"\/dist\/images\/stars_product_module_design.png\">\n    <img decoding=\"async\" class=\"stars-of-product-module-right-image-design\" src=\"\/dist\/images\/stars_product_module_design.png\">\n\n    <div class=\"container\">\n\n        <div class=\"stars-of-product-module text-align-center  desktop--only--md\">\n\n                            <div class=\"star-rating\">\n                                            <i class=\"fa fa-star\"><\/i>\n                                            <i class=\"fa fa-star\"><\/i>\n                                            <i class=\"fa fa-star\"><\/i>\n                                            <i class=\"fa fa-star\"><\/i>\n                                            <i class=\"fa fa-star\"><\/i>\n                                    <\/div>\n            \n                            <div class=\"stars-of-product-module-titles\">\n                                            <h2 class=\"stars-of-product-module-title black uppercase back_color\">Las estrellas del producto<\/h2>\n                                    <\/div>\n            \n                            <div class=\"stars-of-product-module-content\">\n                    <p>Rica en ingredientes que act\u00faan de medios a puntas, esta mascarilla ayuda a hidratar y reconstruir la fibra capilar, aport\u00e1ndole m\u00e1s fuerza, densidad, brillo y vitalidad. Gracias a la amplitud de sus ingredientes, act\u00faa hidratando, nutriendo y reconstruyendo la fibra capilar. Por eso se recomienda para todo tipo de cabellos, tanto naturales como sometidos a trabajos t\u00e9cnicos. Con ingredientes estrella como el fruto del Amla, el secreto indio para un cabello fuerte y largo; aceites naturales para una nutrici\u00f3n perfecta; prote\u00edna de soja que act\u00faa reconstruyendo, fortaleciendo y elastificando el cabello; y muchos otros ingredientes que hacen que esta mascarilla sea muy vers\u00e1til y apreciada por los clientes. La guinda del pastel es un aroma m\u00edstico imposible de explicar y al que es a\u00fan m\u00e1s imposible no engancharse.<\/p>\n\n                <\/div>\n            \n        <\/div>\n\n\n                    <div class=\"accordion   accordion-successive-first js-accordion not-found mobile--only--md stars-of-product-module text-align-center margin-top-between-modules back_color\">\n                <div class=\"accordion-container\">\n                    <div class=\"accordion-question space-between\">\n                                                    <h3 class=\"accordion-question-title uppercase back_color\">\n                                Estrellas del producto\n                            <\/h3>\n                                                <span class=\"accordion-arrow back_color\">&emsp;<\/span>\n                    <\/div>\n                    <div class=\"accordion-answer\">\n\n                                                    <div class=\"star-rating\">\n                                                                    <i class=\"fa fa-star\"><\/i>\n                                                                    <i class=\"fa fa-star\"><\/i>\n                                                                    <i class=\"fa fa-star\"><\/i>\n                                                                    <i class=\"fa fa-star\"><\/i>\n                                                                    <i class=\"fa fa-star\"><\/i>\n                                                            <\/div>\n                        \n                                                    <div class=\"stars-of-product-module-content\">\n                                <p>Rica en ingredientes que act\u00faan de medios a puntas, esta mascarilla ayuda a hidratar y reconstruir la fibra capilar, aport\u00e1ndole m\u00e1s fuerza, densidad, brillo y vitalidad. Gracias a la amplitud de sus ingredientes, act\u00faa hidratando, nutriendo y reconstruyendo la fibra capilar. Por eso se recomienda para todo tipo de cabellos, tanto naturales como sometidos a trabajos t\u00e9cnicos. Con ingredientes estrella como el fruto del Amla, el secreto indio para un cabello fuerte y largo; aceites naturales para una nutrici\u00f3n perfecta; prote\u00edna de soja que act\u00faa reconstruyendo, fortaleciendo y elastificando el cabello; y muchos otros ingredientes que hacen que esta mascarilla sea muy vers\u00e1til y apreciada por los clientes. La guinda del pastel es un aroma m\u00edstico imposible de explicar y al que es a\u00fan m\u00e1s imposible no engancharse.<\/p>\n\n                            <\/div>\n                                            <\/div>\n                <\/div>\n            <\/div>\n        \n    <\/div>\n<\/div>\n<div class=\"stars-of-product-module-wrapper margin-top-between-modules\">\n    <img decoding=\"async\" class=\"stars-of-product-module-left-image-design\" src=\"\/dist\/images\/stars_product_module_design.png\">\n    <img decoding=\"async\" class=\"stars-of-product-module-right-image-design\" src=\"\/dist\/images\/stars_product_module_design.png\">\n\n    <div class=\"container\">\n\n        <div class=\"stars-of-product-module text-align-center  desktop--only--md\">\n\n            \n                            <div class=\"stars-of-product-module-titles\">\n                                            <h2 class=\"stars-of-product-module-title black uppercase golden_color\">LA GAMA INDIAN HAIR VITAMINADA GANA EL PREMIO TOP BEAUTY 2023<\/h2>\n                                    <\/div>\n            \n            \n        <\/div>\n\n\n                    <div class=\"accordion   accordion-successive-first js-accordion not-found mobile--only--md stars-of-product-module text-align-center margin-top-between-modules golden_color\">\n                <div class=\"accordion-container\">\n                    <div class=\"accordion-question space-between\">\n                                                    <h3 class=\"accordion-question-title uppercase golden_color\">\n                                LA GAMA INDIAN HAIR VITAMINADA GANA EL PREMIO TOP BEAUTY 2023\n                            <\/h3>\n                                                <span class=\"accordion-arrow golden_color\">&emsp;<\/span>\n                    <\/div>\n                    <div class=\"accordion-answer\">\n\n                        \n                                            <\/div>\n                <\/div>\n            <\/div>\n        \n    <\/div>\n<\/div>\n[\/vc_column][\/vc_row][vc_row full_width=&#8221;stretch_row_content_no_spaces&#8221; el_class=&#8221;text-align-center&#8221;][vc_column]<div class=\"container\">\n\t<div class=\"usability-tips-and-secrets-module desktop--only--md\">\n\n\t\t<div class=\"usability-tips-and-secrets-module-content-wrapper full-width-container\">\n\n\t\t\t\n\t\t\t\t\t\t\t<div class=\"usability-tips-and-secrets-module-content usability-tips-and-secrets-module-content--bordered margin-top-between-modules\">\n\t\t\t\t\t\t\t\t\t\t\t<h2 class=\"uppercase black\">C&oacute;mo utilizar<\/h2>\n\t\t\t\t\t\n\t\t\t\t\t\t\t\t\t\t\t<p>Despu\u00e9s de lavarte con el champ\u00fa, elimina el exceso de agua; aplica la mascarilla mech\u00f3n a mech\u00f3n dej\u00e1ndola actuar durante al menos 4 minutos y aclara.<br \/>\nPara obtener los mejores resultados, recomendamos utilizar la gama completa.<\/p>\n\n\t\t\t\t\t\t\t\t\t<\/div>\n\t\t\t\n\t\t\t\t\t<\/div>\n\t<\/div>\n\n\t\n\t\t\t<div class=\"accordion accordion-successive  js-accordion not-found mobile--only--md usability-tips-and-secrets-module text-align-center margin-top-between-modules back_color\">\n\t\t\t<div class=\"accordion-container\">\n\t\t\t\t<div class=\"accordion-question space-between\">\n\t\t\t\t\t\t\t\t\t\t\t<h3 class=\"accordion-question-title uppercase back_color\">\n\t\t\t\t\t\t\tC&oacute;mo utilizar\n\t\t\t\t\t\t<\/h3>\n\t\t\t\t\t\n\t\t\t\t\t<span class=\"accordion-arrow back_color\">&emsp;<\/span>\n\t\t\t\t<\/div>\n\t\t\t\t<div class=\"accordion-answer\">\n\t\t\t\t\t\t\t\t\t\t\t<div class=\"usability-tips-and-secrets-module-content\">\n\t\t\t\t\t\t\t<p>Despu\u00e9s de lavarte con el champ\u00fa, elimina el exceso de agua; aplica la mascarilla mech\u00f3n a mech\u00f3n dej\u00e1ndola actuar durante al menos 4 minutos y aclara.<br \/>\nPara obtener los mejores resultados, recomendamos utilizar la gama completa.<\/p>\n\n\t\t\t\t\t\t<\/div>\n\t\t\t\t\t\t\t\t\t<\/div>\n\t\t\t<\/div>\n\t\t<\/div>\n\t\n\t<\/div>\n<div class=\"container \">\n\n    <div class=\"content-default-module text-align-center margin-top-between-modules\n        \n        \n        \n        \n        \n        \n        desktop--only--md\"\n        style=\"margin-bottom: 0px;\"\n    >\n\n                <div class=\"content-default-module-titles\">\n                            <h2 class=\"content-default-module-title uppercase black\">Consejos y secretos<\/h2>\n            \n                    <\/div>\n        \n                    <div class=\"content-default-module-content\">\n                <p>Para una hidrataci\u00f3n completa, sella la cut\u00edcula aplicando el Acondicionador Vitaminado Pelo de la India despu\u00e9s de aclarar la mascarilla, en medios y puntas, aclarando de nuevo al final del lavado.<\/p>\n<p>Esta mascarilla puede utilizarse con frecuencia o intercalarse con otras; si tu cabello est\u00e1 muy expuesto a herramientas t\u00e9rmicas o qu\u00edmicas, debes alternarla con la mascarilla Reconstrucci\u00f3n Capilar; para una nutrici\u00f3n profunda, esta mascarilla puede alternarse con la mascarilla Nutrici\u00f3n Capilar India. Para m\u00e1s informaci\u00f3n sobre c\u00f3mo alternar las mascarillas, visita nuestra p\u00e1gina Programa Capilar. <\/p>\n<p>Consulta los productos recomendados:<br \/>\n<a href=\"https:\/\/www.avani.pt\/es\/p\/mascarilla-reconstructiva-capilar-india-500-ml-reconstructiva\/\">Mascarilla Reconstructora Capilar 500 ml<\/a><br \/>\n<a href=\"https:\/\/www.avani.pt\/es\/p\/mascarilla-nutritiva-capilar-india-500-ml-nutritiva\/\">Mascarilla Nutritiva Capilar India 500 ml<\/a><br \/>\n<a href=\"https:\/\/www.avani.pt\/es\/?post_type=product&#038;p=80354\">Programa Capilar | Todos los tipos de cabello | Agenda de cuidados<\/a><\/p>\n\n            <\/div>\n        \n        \n        \n\n        \n\n\n    <\/div>\n\n\n            <div class=\"accordion accordion-successive   js-accordion not-found mobile--only--md content-default-module text-align-center margin-top-between-modules back_color\">\n            <div class=\"accordion-container\">\n                <div class=\"accordion-question space-between\">\n                                            <h3 class=\"accordion-question-title uppercase back_color\">\n                            Consejos y secretos\n                        <\/h3>\n                                        <span class=\"accordion-arrow back_color\">&emsp;<\/span>\n                <\/div>\n                <div class=\"accordion-answer\">\n                    \n                                            <div class=\"content-default-module-content\">\n                            <p>Para una hidrataci\u00f3n completa, sella la cut\u00edcula aplicando el Acondicionador Vitaminado Pelo de la India despu\u00e9s de aclarar la mascarilla, en medios y puntas, aclarando de nuevo al final del lavado.<\/p>\n<p>Esta mascarilla puede utilizarse con frecuencia o intercalarse con otras; si tu cabello est\u00e1 muy expuesto a herramientas t\u00e9rmicas o qu\u00edmicas, debes alternarla con la mascarilla Reconstrucci\u00f3n Capilar; para una nutrici\u00f3n profunda, esta mascarilla puede alternarse con la mascarilla Nutrici\u00f3n Capilar India. Para m\u00e1s informaci\u00f3n sobre c\u00f3mo alternar las mascarillas, visita nuestra p\u00e1gina Programa Capilar. <\/p>\n<p>Consulta los productos recomendados:<br \/>\n<a href=\"https:\/\/www.avani.pt\/es\/p\/mascarilla-reconstructiva-capilar-india-500-ml-reconstructiva\/\">Mascarilla Reconstructora Capilar 500 ml<\/a><br \/>\n<a href=\"https:\/\/www.avani.pt\/es\/p\/mascarilla-nutritiva-capilar-india-500-ml-nutritiva\/\">Mascarilla Nutritiva Capilar India 500 ml<\/a><br \/>\n<a href=\"https:\/\/www.avani.pt\/es\/?post_type=product&#038;p=80354\">Programa Capilar | Todos los tipos de cabello | Agenda de cuidados<\/a><\/p>\n\n                        <\/div>\n                    \n                    \n                                    <\/div>\n            <\/div>\n        <\/div>\n    \n<\/div>\n[\/vc_column][\/vc_row][vc_row full_width=&#8221;stretch_row_content_no_spaces&#8221; el_class=&#8221;text-align-center&#8221;][vc_column]<div class=\"container \">\n\n    <div class=\"content-default-module text-align-center margin-top-between-modules\n        \n        \n        \n        \n        \n        \n        desktop--only--md\"\n        style=\"margin-bottom: 0px;\"\n    >\n\n                <div class=\"content-default-module-titles\">\n                            <h2 class=\"content-default-module-title uppercase black\">Composici&oacute;n<\/h2>\n            \n                    <\/div>\n        \n                    <div class=\"content-default-module-content\">\n                <\/p>\n<p style=\"text-align: left;\"><strong>El hidrolizado de prote\u00edna de soja | <\/strong>con gran capacidad de penetraci\u00f3n fortalece y repara las fibras capilares, aumenta la capacidad de retenci\u00f3n de humedad y aporta brillo y suavidad al mismo tiempo.<\/p>\n<p style=\"text-align: left;\"><strong>El pantenol |<\/strong> hidrata en profundidad la fibra capilar;<\/p>\n<p style=\"text-align: left;\"><strong>Extracto de amla <\/strong>: \u00a1el secreto indio para un pelo fuerte, brillante, largo y sano! El amla, tambi\u00e9n conocido como grosella espinosa india, procede de la planta amalaki y es un ingrediente esencial especialmente recomendado para los productos capilares por la medicina ayurv\u00e9dica, utilizado desde la antig\u00fcedad como elixir para el cabello porque es rico en antioxidantes, vitaminas, calcio, f\u00f3sforo y caroteno. <\/p>\n<p style=\"text-align: left;\"><strong>El extracto de cebolla |<\/strong> estimula el crecimiento sano y protege el color del cabello.<\/p>\n<p style=\"text-align: left;\"><strong>Arginina HCl |<\/strong> amino\u00e1cido que estimula el crecimiento sano del cabello y repara la fibra capilar.<\/p>\n<p style=\"text-align: left;\"><strong>Citrulina |<\/strong> amino\u00e1cido estimulante esencial para el crecimiento y la sostenibilidad del cabello.<\/p>\n<p style=\"text-align: left;\"><strong>Niacinamida |<\/strong> forma hidrosoluble de la vitamina B3 con propiedades antioxidantes que desempe\u00f1a un papel vital en el crecimiento y la fortaleza del cabello, d\u00e1ndole fuerza, cuerpo y brillo.<\/p>\n<p style=\"text-align: left;\"><strong>El aceite de semillas de Sacha Inchi | <\/strong>est\u00e1 compuesto por una potente combinaci\u00f3n de omega 3, 6 y 9 que tiene una incre\u00edble capacidad de penetraci\u00f3n, lo que provoca una reestructuraci\u00f3n intensiva del cabello.<\/p>\n<p class=\"p1\" style=\"text-align: left;\"><strong>El aceite de oliva | <\/strong>altamente nutritivo, fortalece, repara y ayuda al crecimiento sano del cabello.<\/p>\n<p style=\"text-align: left;\"><strong>Aceite de macadamia |<\/strong> Rico en vitamina E, magnesio, omega 9, \u00e1cido palmitoleico y otros \u00e1cidos grasos insaturados nutre, repara y fortifica la fibra capilar.<\/p>\n<p style=\"text-align: left;\"><strong>Ceramidas | <\/strong>l\u00edpidos que proporcionan al cabello una capa protectora natural capaz de mantener la integridad de las cut\u00edculas y el c\u00f3rtex capilar.<\/p>\n<p style=\"text-align: left;\"><strong>Piridoxina<\/strong> <strong>HCL | <\/strong>La vitamina B6 es la clave de un cabello fuerte y sano. Favorece el crecimiento sano de la fibra capilar. <\/p>\n<p style=\"text-align: left;\"><strong>Extracto de ra\u00edz de ginseng: <\/strong>planta medicinal con propiedades estimulantes y revitalizantes que favorece el crecimiento sano del cabello.<\/p>\n<p style=\"text-align: left;\"><strong>La biotina |<\/strong> conocida como vitamina B7 estimula la producci\u00f3n de queratina en el cabello.<\/p>\n<p>\n\n            <\/div>\n        \n        \n        \n\n        \n\n\n    <\/div>\n\n\n            <div class=\"accordion accordion-successive   js-accordion not-found mobile--only--md content-default-module text-align-center margin-top-between-modules back_color\">\n            <div class=\"accordion-container\">\n                <div class=\"accordion-question space-between\">\n                                            <h3 class=\"accordion-question-title uppercase back_color\">\n                            Composici&oacute;n\n                        <\/h3>\n                                        <span class=\"accordion-arrow back_color\">&emsp;<\/span>\n                <\/div>\n                <div class=\"accordion-answer\">\n                    \n                                            <div class=\"content-default-module-content\">\n                            <\/p>\n<p style=\"text-align: left;\"><strong>El hidrolizado de prote\u00edna de soja | <\/strong>con gran capacidad de penetraci\u00f3n fortalece y repara las fibras capilares, aumenta la capacidad de retenci\u00f3n de humedad y aporta brillo y suavidad al mismo tiempo.<\/p>\n<p style=\"text-align: left;\"><strong>El pantenol |<\/strong> hidrata en profundidad la fibra capilar;<\/p>\n<p style=\"text-align: left;\"><strong>Extracto de amla <\/strong>: \u00a1el secreto indio para un pelo fuerte, brillante, largo y sano! El amla, tambi\u00e9n conocido como grosella espinosa india, procede de la planta amalaki y es un ingrediente esencial especialmente recomendado para los productos capilares por la medicina ayurv\u00e9dica, utilizado desde la antig\u00fcedad como elixir para el cabello porque es rico en antioxidantes, vitaminas, calcio, f\u00f3sforo y caroteno. <\/p>\n<p style=\"text-align: left;\"><strong>El extracto de cebolla |<\/strong> estimula el crecimiento sano y protege el color del cabello.<\/p>\n<p style=\"text-align: left;\"><strong>Arginina HCl |<\/strong> amino\u00e1cido que estimula el crecimiento sano del cabello y repara la fibra capilar.<\/p>\n<p style=\"text-align: left;\"><strong>Citrulina |<\/strong> amino\u00e1cido estimulante esencial para el crecimiento y la sostenibilidad del cabello.<\/p>\n<p style=\"text-align: left;\"><strong>Niacinamida |<\/strong> forma hidrosoluble de la vitamina B3 con propiedades antioxidantes que desempe\u00f1a un papel vital en el crecimiento y la fortaleza del cabello, d\u00e1ndole fuerza, cuerpo y brillo.<\/p>\n<p style=\"text-align: left;\"><strong>El aceite de semillas de Sacha Inchi | <\/strong>est\u00e1 compuesto por una potente combinaci\u00f3n de omega 3, 6 y 9 que tiene una incre\u00edble capacidad de penetraci\u00f3n, lo que provoca una reestructuraci\u00f3n intensiva del cabello.<\/p>\n<p class=\"p1\" style=\"text-align: left;\"><strong>El aceite de oliva | <\/strong>altamente nutritivo, fortalece, repara y ayuda al crecimiento sano del cabello.<\/p>\n<p style=\"text-align: left;\"><strong>Aceite de macadamia |<\/strong> Rico en vitamina E, magnesio, omega 9, \u00e1cido palmitoleico y otros \u00e1cidos grasos insaturados nutre, repara y fortifica la fibra capilar.<\/p>\n<p style=\"text-align: left;\"><strong>Ceramidas | <\/strong>l\u00edpidos que proporcionan al cabello una capa protectora natural capaz de mantener la integridad de las cut\u00edculas y el c\u00f3rtex capilar.<\/p>\n<p style=\"text-align: left;\"><strong>Piridoxina<\/strong> <strong>HCL | <\/strong>La vitamina B6 es la clave de un cabello fuerte y sano. Favorece el crecimiento sano de la fibra capilar. <\/p>\n<p style=\"text-align: left;\"><strong>Extracto de ra\u00edz de ginseng: <\/strong>planta medicinal con propiedades estimulantes y revitalizantes que favorece el crecimiento sano del cabello.<\/p>\n<p style=\"text-align: left;\"><strong>La biotina |<\/strong> conocida como vitamina B7 estimula la producci\u00f3n de queratina en el cabello.<\/p>\n<p>\n\n                        <\/div>\n                    \n                    \n                                    <\/div>\n            <\/div>\n        <\/div>\n    \n<\/div>\n<div class=\"container \">\n\n    <div class=\"content-default-module text-align-center margin-top-between-modules\n        \n        \n        \n        \n        \n        \n        desktop--only--md\"\n        style=\"margin-bottom: 0px;\"\n    >\n\n                <div class=\"content-default-module-titles\">\n                            <h2 class=\"content-default-module-title uppercase black\">Ingredientes<\/h2>\n            \n                    <\/div>\n        \n                    <div class=\"content-default-module-content\">\n                <\/p>\n<p style=\"text-align: center;\">Agua, alcohol cetear\u00edlico, cloruro de behentrimonio, fenil trimeticona, parfum,<br \/>\npropilenglicol, glicerina, aceite de semillas de Macadamia ternifolia, alcohol denat.., bisabolol, acetato de tocoferil<br \/>\n, PEG-90M, aceite de frutos de Olea europaea, aceite de semillas de Plukenetia volubilis, polvo de frutos de Phyllanthus emblica<br \/>\n, prote\u00edna de soja hidrolizada, propanediol, ceramida NP, glucosa, alcohol isoprop\u00edlico, pantenol, zinc<br \/>\nPCA, laurato de poligliceril-10, extracto de bulbo de Allium cepa, arginina HCl, citrulina, glucosamina HCl,<br \/>\nniacinamida, ornitina HCl, extracto de ra\u00edz de Panax ginseng, piridoxina HCl, \u00e1cido c\u00edtrico, tocoferol, biotina,<br \/>\nfenoxietanol, \u00e1cido benzoico, \u00e1cido deshidroac\u00e9tico, sorbato pot\u00e1sico, benzoato s\u00f3dico, \u00e1cido s\u00f3rbico,<br \/>\nhexametilindanopirano, vainillina.<\/p>\n<p>\n\n            <\/div>\n        \n        \n        \n\n        \n\n\n    <\/div>\n\n\n            <div class=\"accordion accordion-successive   js-accordion not-found mobile--only--md content-default-module text-align-center margin-top-between-modules back_color\">\n            <div class=\"accordion-container\">\n                <div class=\"accordion-question space-between\">\n                                            <h3 class=\"accordion-question-title uppercase back_color\">\n                            Ingredientes\n                        <\/h3>\n                                        <span class=\"accordion-arrow back_color\">&emsp;<\/span>\n                <\/div>\n                <div class=\"accordion-answer\">\n                    \n                                            <div class=\"content-default-module-content\">\n                            <\/p>\n<p style=\"text-align: center;\">Agua, alcohol cetear\u00edlico, cloruro de behentrimonio, fenil trimeticona, parfum,<br \/>\npropilenglicol, glicerina, aceite de semillas de Macadamia ternifolia, alcohol denat.., bisabolol, acetato de tocoferil<br \/>\n, PEG-90M, aceite de frutos de Olea europaea, aceite de semillas de Plukenetia volubilis, polvo de frutos de Phyllanthus emblica<br \/>\n, prote\u00edna de soja hidrolizada, propanediol, ceramida NP, glucosa, alcohol isoprop\u00edlico, pantenol, zinc<br \/>\nPCA, laurato de poligliceril-10, extracto de bulbo de Allium cepa, arginina HCl, citrulina, glucosamina HCl,<br \/>\nniacinamida, ornitina HCl, extracto de ra\u00edz de Panax ginseng, piridoxina HCl, \u00e1cido c\u00edtrico, tocoferol, biotina,<br \/>\nfenoxietanol, \u00e1cido benzoico, \u00e1cido deshidroac\u00e9tico, sorbato pot\u00e1sico, benzoato s\u00f3dico, \u00e1cido s\u00f3rbico,<br \/>\nhexametilindanopirano, vainillina.<\/p>\n<p>\n\n                        <\/div>\n                    \n                    \n                                    <\/div>\n            <\/div>\n        <\/div>\n    \n<\/div>\n[\/vc_column][\/vc_row]<\/p>\n<\/div>","protected":false},"excerpt":{"rendered":"<p>Un regalo especial inspirado en la antigua India y fabricado en Portugal. Extremadamente rica en ingredientes excepcionales, esta mascarilla ayuda a la salud general del cabello -fortific\u00e1ndolo, hidrat\u00e1ndolo y reconstruy\u00e9ndolo- y est\u00e1 recomendada para todo tipo de cabellos. Enriquecida con la celestial fruta india Amla.  <\/p>\n","protected":false},"featured_media":84908,"comment_status":"open","ping_status":"closed","template":"","meta":{"_acf_changed":false},"product_brand":[],"product_cat":[634,633],"product_tag":[],"class_list":{"0":"post-81353","1":"product","2":"type-product","3":"status-publish","4":"has-post-thumbnail","6":"product_cat-navidad","7":"product_cat-un-regalo-especial","9":"first","10":"instock","11":"taxable","12":"shipping-taxable","13":"purchasable","14":"product-type-simple"},"acf":[],"wooqr_code":"","_links":{"self":[{"href":"https:\/\/www.avani.pt\/es\/wp-json\/wp\/v2\/product\/81353","targetHints":{"allow":["GET"]}}],"collection":[{"href":"https:\/\/www.avani.pt\/es\/wp-json\/wp\/v2\/product"}],"about":[{"href":"https:\/\/www.avani.pt\/es\/wp-json\/wp\/v2\/types\/product"}],"replies":[{"embeddable":true,"href":"https:\/\/www.avani.pt\/es\/wp-json\/wp\/v2\/comments?post=81353"}],"wp:featuredmedia":[{"embeddable":true,"href":"https:\/\/www.avani.pt\/es\/wp-json\/wp\/v2\/media\/84908"}],"wp:attachment":[{"href":"https:\/\/www.avani.pt\/es\/wp-json\/wp\/v2\/media?parent=81353"}],"wp:term":[{"taxonomy":"product_brand","embeddable":true,"href":"https:\/\/www.avani.pt\/es\/wp-json\/wp\/v2\/product_brand?post=81353"},{"taxonomy":"product_cat","embeddable":true,"href":"https:\/\/www.avani.pt\/es\/wp-json\/wp\/v2\/product_cat?post=81353"},{"taxonomy":"product_tag","embeddable":true,"href":"https:\/\/www.avani.pt\/es\/wp-json\/wp\/v2\/product_tag?post=81353"}],"curies":[{"name":"wp","href":"https:\/\/api.w.org\/{rel}","templated":true}]}}