{"id":81355,"date":"2024-11-04T12:53:19","date_gmt":"2024-11-04T12:53:19","guid":{"rendered":"https:\/\/www.avani.pt\/p\/regalo-especial-champu-indio-para-el-pelo\/"},"modified":"2025-11-19T10:27:57","modified_gmt":"2025-11-19T10:27:57","slug":"regalo-especial-champu-indio-para-el-pelo","status":"publish","type":"product","link":"https:\/\/www.avani.pt\/es\/p\/regalo-especial-champu-indio-para-el-pelo\/","title":{"rendered":"Regalo especial | Champ\u00fa indio para el pelo"},"content":{"rendered":"<div class=\"wpb-content-wrapper\"><p>[vc_row full_width=&#8221;stretch_row_content_no_spaces&#8221; el_class=&#8221;text-align-center&#8221;][vc_column]<div class=\"stars-of-product-module-wrapper margin-top-between-modules\">\n    <img decoding=\"async\" class=\"stars-of-product-module-left-image-design\" src=\"\/dist\/images\/stars_product_module_design.png\">\n    <img decoding=\"async\" class=\"stars-of-product-module-right-image-design\" src=\"\/dist\/images\/stars_product_module_design.png\">\n\n    <div class=\"container\">\n\n        <div class=\"stars-of-product-module text-align-center  desktop--only--md\">\n\n                            <div class=\"star-rating\">\n                                            <i class=\"fa fa-star\"><\/i>\n                                            <i class=\"fa fa-star\"><\/i>\n                                            <i class=\"fa fa-star\"><\/i>\n                                            <i class=\"fa fa-star\"><\/i>\n                                            <i class=\"fa fa-star\"><\/i>\n                                    <\/div>\n            \n                            <div class=\"stars-of-product-module-titles\">\n                                            <h2 class=\"stars-of-product-module-title black uppercase back_color\">Las estrellas del producto<\/h2>\n                                    <\/div>\n            \n                            <div class=\"stars-of-product-module-content\">\n                    <p>Rico en ingredientes que act\u00faan de la ra\u00edz a las puntas, este champ\u00fa ayuda a equilibrar la salud general del cabello, contribuyendo a fortificarlo, reconstruirlo y prevenir su ca\u00edda. Est\u00e1 recomendado para todo tipo de cabellos, tanto los naturales como los sometidos a trabajos t\u00e9cnicos. Con ingredientes estrella como el fruto del Amla, el secreto indio para un cabello fuerte y largo; aceites naturales para una nutrici\u00f3n perfecta; prote\u00edna de soja que contribuye a la reconstrucci\u00f3n, resistencia y elasticidad del cabello; y muchos otros ingredientes que hacen que este champ\u00fa sea muy vers\u00e1til y apreciado por los clientes. La guinda del pastel es un aroma m\u00edstico imposible de explicar y al que es a\u00fan m\u00e1s imposible no engancharse.<\/p>\n\n                <\/div>\n            \n        <\/div>\n\n\n                    <div class=\"accordion   accordion-successive-first js-accordion not-found mobile--only--md stars-of-product-module text-align-center margin-top-between-modules back_color\">\n                <div class=\"accordion-container\">\n                    <div class=\"accordion-question space-between\">\n                                                    <h3 class=\"accordion-question-title uppercase back_color\">\n                                Estrellas del producto\n                            <\/h3>\n                                                <span class=\"accordion-arrow back_color\">&emsp;<\/span>\n                    <\/div>\n                    <div class=\"accordion-answer\">\n\n                                                    <div class=\"star-rating\">\n                                                            <\/div>\n                        \n                                                    <div class=\"stars-of-product-module-content\">\n                                <p>Rico en ingredientes que act\u00faan de la ra\u00edz a las puntas, este champ\u00fa ayuda a equilibrar la salud general del cabello, contribuyendo a fortificarlo, reconstruirlo y prevenir su ca\u00edda. Est\u00e1 recomendado para todo tipo de cabellos, tanto los naturales como los sometidos a trabajos t\u00e9cnicos. Con ingredientes estrella como el fruto del Amla, el secreto indio para un cabello fuerte y largo; aceites naturales para una nutrici\u00f3n perfecta; prote\u00edna de soja que contribuye a la reconstrucci\u00f3n, resistencia y elasticidad del cabello; y muchos otros ingredientes que hacen que este champ\u00fa sea muy vers\u00e1til y apreciado por los clientes. La guinda del pastel es un aroma m\u00edstico imposible de explicar y al que es a\u00fan m\u00e1s imposible no engancharse.<\/p>\n\n                            <\/div>\n                                            <\/div>\n                <\/div>\n            <\/div>\n        \n    <\/div>\n<\/div>\n<div class=\"stars-of-product-module-wrapper margin-top-between-modules\">\n    <img decoding=\"async\" class=\"stars-of-product-module-left-image-design\" src=\"\/dist\/images\/stars_product_module_design.png\">\n    <img decoding=\"async\" class=\"stars-of-product-module-right-image-design\" src=\"\/dist\/images\/stars_product_module_design.png\">\n\n    <div class=\"container\">\n\n        <div class=\"stars-of-product-module text-align-center  desktop--only--md\">\n\n            \n                            <div class=\"stars-of-product-module-titles\">\n                                            <h2 class=\"stars-of-product-module-title black uppercase golden_color\">LA GAMA INDIAN HAIR VITAMINADA GANA EL PREMIO TOP BEAUTY 2023<\/h2>\n                                    <\/div>\n            \n            \n        <\/div>\n\n\n                    <div class=\"accordion   accordion-successive-first js-accordion not-found mobile--only--md stars-of-product-module text-align-center margin-top-between-modules golden_color\">\n                <div class=\"accordion-container\">\n                    <div class=\"accordion-question space-between\">\n                                                    <h3 class=\"accordion-question-title uppercase golden_color\">\n                                LA GAMA INDIAN HAIR VITAMINADA GANA EL PREMIO TOP BEAUTY 2023\n                            <\/h3>\n                                                <span class=\"accordion-arrow golden_color\">&emsp;<\/span>\n                    <\/div>\n                    <div class=\"accordion-answer\">\n\n                        \n                                            <\/div>\n                <\/div>\n            <\/div>\n        \n    <\/div>\n<\/div>\n[\/vc_column][\/vc_row][vc_row full_width=&#8221;stretch_row_content_no_spaces&#8221; el_class=&#8221;text-align-center&#8221;][vc_column]<div class=\"container\">\n\t<div class=\"usability-tips-and-secrets-module desktop--only--md\">\n\n\t\t<div class=\"usability-tips-and-secrets-module-content-wrapper full-width-container\">\n\n\t\t\t\n\t\t\t\t\t\t\t<div class=\"usability-tips-and-secrets-module-content usability-tips-and-secrets-module-content--bordered margin-top-between-modules\">\n\t\t\t\t\t\t\t\t\t\t\t<h2 class=\"uppercase black\">C&oacute;mo utilizar<\/h2>\n\t\t\t\t\t\n\t\t\t\t\t\t\t\t\t\t\t<p>Tras un primer aclarado, masajea el cuero cabelludo con este champ\u00fa con las yemas de los dedos hasta que lo notes limpio. Aclara a fondo. Repite el procedimiento.  <\/p>\n\n\t\t\t\t\t\t\t\t\t<\/div>\n\t\t\t\n\t\t\t\t\t<\/div>\n\t<\/div>\n\n\t\t\t<div class=\"mobile--only--md usability-tips-and-secrets-module text-align-center margin-top-between-modules usability-tips-and-secrets-module-video\">\n\t\t\t\t\t<\/div>\n\t\n\t\t\t<div class=\"accordion accordion-successive  js-accordion not-found mobile--only--md usability-tips-and-secrets-module text-align-center margin-top-between-modules back_color\">\n\t\t\t<div class=\"accordion-container\">\n\t\t\t\t<div class=\"accordion-question space-between\">\n\t\t\t\t\t\t\t\t\t\t\t<h3 class=\"accordion-question-title uppercase back_color\">\n\t\t\t\t\t\t\tC&oacute;mo utilizar\n\t\t\t\t\t\t<\/h3>\n\t\t\t\t\t\n\t\t\t\t\t<span class=\"accordion-arrow back_color\">&emsp;<\/span>\n\t\t\t\t<\/div>\n\t\t\t\t<div class=\"accordion-answer\">\n\t\t\t\t\t\t\t\t\t\t\t<div class=\"usability-tips-and-secrets-module-content\">\n\t\t\t\t\t\t\t<p>Tras un primer aclarado, masajea el cuero cabelludo con este champ\u00fa con las yemas de los dedos hasta que lo notes limpio. Aclara a fondo. Repite el procedimiento.  <\/p>\n\n\t\t\t\t\t\t<\/div>\n\t\t\t\t\t\t\t\t\t<\/div>\n\t\t\t<\/div>\n\t\t<\/div>\n\t\n\t<\/div>\n<div class=\"container \">\n\n    <div class=\"content-default-module text-align-center margin-top-between-modules\n        \n        \n        \n        \n        \n        \n        desktop--only--md\"\n        style=\"margin-bottom: 0px;\"\n    >\n\n                <div class=\"content-default-module-titles\">\n                            <h2 class=\"content-default-module-title uppercase black\">Consejos y secretos<\/h2>\n            \n                    <\/div>\n        \n                    <div class=\"content-default-module-content\">\n                <\/p>\n<p class=\"p1\">Para el cabello con sensibilidad y descamaci\u00f3n del cuero cabelludo, recomendamos utilizar este champ\u00fa con la crema purificante Efecto Fr\u00edo, que debe aplicarse en el cuero cabelludo una vez a la semana. El resultado ser\u00e1 un equilibrio en la salud del cuero cabelludo que permitir\u00e1 hidratar, purificar y sanear todos los fol\u00edculos. <\/p>\n<p class=\"p1\">Para cabellos con exceso de grasa en el cuero cabelludo, recomendamos alternar el uso de este champ\u00fa con el champ\u00fa Efecto Fr\u00edo, y aplicar la crema purificante Efecto Fr\u00edo una vez a la semana en el cuero cabelludo. El resultado ser\u00e1 un equilibrio en el pH de la piel del cuero cabelludo, evitando as\u00ed que las gl\u00e1ndulas seb\u00e1ceas trabajen en exceso para producir un exceso de grasa. <\/p>\n<p class=\"p1\">Para las dos situaciones anteriores o para prevenir los piojos, puedes aplicar cinco o seis gotas de aceite de melaleuca Avani, el antibacteriano natural, al champ\u00fa, agitando bien el recipiente antes de usarlo.<\/p>\n<p class=\"p1\">Ver productos recomendados:<br \/>\n<a href=\"https:\/\/www.avani.pt\/es\/p\/champu-purificante-efecto-frio-250-ml-sin-sal\/\">Champ\u00fa Anticaspa y Purificante Efecto Fr\u00edo 250 ml | Sin sal<\/a><br \/>\n Mascarilla<a href=\"https:\/\/www.avani.pt\/es\/p\/crema-especial-purificante-para-el-cuero-cabelludo-500-ml-hamamelis\/\">Anticaspa Cabello Indio Efecto Fr\u00edo 500 ml |<\/a><a href=\"https:\/\/www.avani.pt\/es\/p\/aceite-de-arbol-del-te-y-melaleuca-15ml\/\">Aceite deAloe Vera<br \/>\n\u00c1rbol del T\u00e9 Melaleuca 15ml<\/a><\/p>\n<p>\n\n            <\/div>\n        \n        \n        \n\n        \n\n\n    <\/div>\n\n\n            <div class=\"accordion accordion-successive   js-accordion not-found mobile--only--md content-default-module text-align-center margin-top-between-modules back_color\">\n            <div class=\"accordion-container\">\n                <div class=\"accordion-question space-between\">\n                                            <h3 class=\"accordion-question-title uppercase back_color\">\n                            Consejos y secretos\n                        <\/h3>\n                                        <span class=\"accordion-arrow back_color\">&emsp;<\/span>\n                <\/div>\n                <div class=\"accordion-answer\">\n                    \n                                            <div class=\"content-default-module-content\">\n                            <\/p>\n<p class=\"p1\">Para el cabello con sensibilidad y descamaci\u00f3n del cuero cabelludo, recomendamos utilizar este champ\u00fa con la crema purificante Efecto Fr\u00edo, que debe aplicarse en el cuero cabelludo una vez a la semana. El resultado ser\u00e1 un equilibrio en la salud del cuero cabelludo que permitir\u00e1 hidratar, purificar y sanear todos los fol\u00edculos. <\/p>\n<p class=\"p1\">Para cabellos con exceso de grasa en el cuero cabelludo, recomendamos alternar el uso de este champ\u00fa con el champ\u00fa Efecto Fr\u00edo, y aplicar la crema purificante Efecto Fr\u00edo una vez a la semana en el cuero cabelludo. El resultado ser\u00e1 un equilibrio en el pH de la piel del cuero cabelludo, evitando as\u00ed que las gl\u00e1ndulas seb\u00e1ceas trabajen en exceso para producir un exceso de grasa. <\/p>\n<p class=\"p1\">Para las dos situaciones anteriores o para prevenir los piojos, puedes aplicar cinco o seis gotas de aceite de melaleuca Avani, el antibacteriano natural, al champ\u00fa, agitando bien el recipiente antes de usarlo.<\/p>\n<p class=\"p1\">Ver productos recomendados:<br \/>\n<a href=\"https:\/\/www.avani.pt\/es\/p\/champu-purificante-efecto-frio-250-ml-sin-sal\/\">Champ\u00fa Anticaspa y Purificante Efecto Fr\u00edo 250 ml | Sin sal<\/a><br \/>\n Mascarilla<a href=\"https:\/\/www.avani.pt\/es\/p\/crema-especial-purificante-para-el-cuero-cabelludo-500-ml-hamamelis\/\">Anticaspa Cabello Indio Efecto Fr\u00edo 500 ml |<\/a><a href=\"https:\/\/www.avani.pt\/es\/p\/aceite-de-arbol-del-te-y-melaleuca-15ml\/\">Aceite deAloe Vera<br \/>\n\u00c1rbol del T\u00e9 Melaleuca 15ml<\/a><\/p>\n<p>\n\n                        <\/div>\n                    \n                    \n                                    <\/div>\n            <\/div>\n        <\/div>\n    \n<\/div>\n[\/vc_column][\/vc_row][vc_row full_width=&#8221;stretch_row_content_no_spaces&#8221; el_class=&#8221;text-align-center&#8221;][vc_column]<div class=\"container \">\n\n    <div class=\"content-default-module text-align-center margin-top-between-modules\n        \n        \n        \n        \n        \n        \n        desktop--only--md\"\n        style=\"margin-bottom: 0px;\"\n    >\n\n                <div class=\"content-default-module-titles\">\n                            <h2 class=\"content-default-module-title uppercase black\">Composici&oacute;n<\/h2>\n            \n                    <\/div>\n        \n                    <div class=\"content-default-module-content\">\n                <\/p>\n<p class=\"p1\" style=\"text-align: left;\"><strong>El aloe vera<\/strong> fortalece, hidrata y calma el cuero cabelludo;<\/p>\n<p class=\"p1\" style=\"text-align: left;\"><strong>El aceite de semillas de Sacha Inchi | <\/strong>est\u00e1 compuesto por una potente combinaci\u00f3n de omega 3, 6 y 9 que tiene una incre\u00edble capacidad de penetraci\u00f3n, lo que provoca una reestructuraci\u00f3n intensiva del cabello;<\/p>\n<p class=\"p1\" style=\"text-align: left;\"><strong>El aceite de oliva | <\/strong>altamente nutritivo, fortalece, repara y ayuda a combatir la ca\u00edda y el fortalecimiento del cabello;<\/p>\n<p class=\"p1\" style=\"text-align: left;\"><strong>El hidrolizado de prote\u00edna de soja | <\/strong>con gran capacidad de penetraci\u00f3n fortalece y repara las fibras capilares, aumenta la capacidad de retenci\u00f3n de humedad y aporta brillo y suavidad al mismo tiempo;<\/p>\n<p class=\"p1\" style=\"text-align: left;\"><strong>Extracto de amla<\/strong>: \u00a1el secreto indio para un pelo fuerte, brillante, largo y sano! El amla, tambi\u00e9n conocido como grosella espinosa india, procede de la planta amalaki y es un ingrediente esencial especialmente recomendado para los productos capilares por la medicina ayurv\u00e9dica, utilizado desde la antig\u00fcedad como elixir para el cabello porque es rico en antioxidantes, vitaminas, calcio, f\u00f3sforo y caroteno.  Ayuda a combatir la ca\u00edda del cabello, la caspa, la descamaci\u00f3n y estimula el crecimiento sano del cabello;<\/p>\n<p class=\"p1\" style=\"text-align: left;\"><strong>Extracto de ra\u00edz de ginseng:<\/strong> planta medicinal con propiedades estimulantes y revitalizantes que favorece el crecimiento sano del cabello y ayuda a combatir su ca\u00edda;<\/p>\n<p class=\"p1\" style=\"text-align: left;\"><strong>El extracto de cebolla |<\/strong> rico en propiedades antis\u00e9pticas y antibacterianas estimula el crecimiento sano y protege el color de las fibras;<\/p>\n<p class=\"p1\" style=\"text-align: left;\"><strong>Pantenol |<\/strong> fuerte agente hidratante y rico en propiedades cicatrizantes y antiinflamatorias;<\/p>\n<p class=\"p1\" style=\"text-align: left;\"><strong>El zinc | <\/strong>controla el exceso de grasa combatiendo la descamaci\u00f3n del cuero cabelludo;<\/p>\n<p class=\"p1\" style=\"text-align: left;\"><strong>Arginina Hci | <\/strong>un amino\u00e1cido que estimula el cuero cabelludo y el crecimiento sano del cabello. Repara la fibra capilar. <\/p>\n<p class=\"p1\" style=\"text-align: left;\"><strong>La biotina | <\/strong>conocida como vitamina B7 estimula la producci\u00f3n de queratina en el pelo y estimula el ritmo de crecimiento del fol\u00edculo.<\/p>\n<p style=\"text-align: left;\">(Las declaraciones de los productos se atribuyen en funci\u00f3n de los resultados de eficacia obtenidos con algunas de las potentes materias primas utilizadas en su formulaci\u00f3n).<\/p>\n<p>\n\n            <\/div>\n        \n        \n        \n\n        \n\n\n    <\/div>\n\n\n            <div class=\"accordion accordion-successive   js-accordion not-found mobile--only--md content-default-module text-align-center margin-top-between-modules back_color\">\n            <div class=\"accordion-container\">\n                <div class=\"accordion-question space-between\">\n                                            <h3 class=\"accordion-question-title uppercase back_color\">\n                            Composici&oacute;n\n                        <\/h3>\n                                        <span class=\"accordion-arrow back_color\">&emsp;<\/span>\n                <\/div>\n                <div class=\"accordion-answer\">\n                    \n                                            <div class=\"content-default-module-content\">\n                            <\/p>\n<p class=\"p1\" style=\"text-align: left;\"><strong>El aloe vera<\/strong> fortalece, hidrata y calma el cuero cabelludo;<\/p>\n<p class=\"p1\" style=\"text-align: left;\"><strong>El aceite de semillas de Sacha Inchi | <\/strong>est\u00e1 compuesto por una potente combinaci\u00f3n de omega 3, 6 y 9 que tiene una incre\u00edble capacidad de penetraci\u00f3n, lo que provoca una reestructuraci\u00f3n intensiva del cabello;<\/p>\n<p class=\"p1\" style=\"text-align: left;\"><strong>El aceite de oliva | <\/strong>altamente nutritivo, fortalece, repara y ayuda a combatir la ca\u00edda y el fortalecimiento del cabello;<\/p>\n<p class=\"p1\" style=\"text-align: left;\"><strong>El hidrolizado de prote\u00edna de soja | <\/strong>con gran capacidad de penetraci\u00f3n fortalece y repara las fibras capilares, aumenta la capacidad de retenci\u00f3n de humedad y aporta brillo y suavidad al mismo tiempo;<\/p>\n<p class=\"p1\" style=\"text-align: left;\"><strong>Extracto de amla<\/strong>: \u00a1el secreto indio para un pelo fuerte, brillante, largo y sano! El amla, tambi\u00e9n conocido como grosella espinosa india, procede de la planta amalaki y es un ingrediente esencial especialmente recomendado para los productos capilares por la medicina ayurv\u00e9dica, utilizado desde la antig\u00fcedad como elixir para el cabello porque es rico en antioxidantes, vitaminas, calcio, f\u00f3sforo y caroteno.  Ayuda a combatir la ca\u00edda del cabello, la caspa, la descamaci\u00f3n y estimula el crecimiento sano del cabello;<\/p>\n<p class=\"p1\" style=\"text-align: left;\"><strong>Extracto de ra\u00edz de ginseng:<\/strong> planta medicinal con propiedades estimulantes y revitalizantes que favorece el crecimiento sano del cabello y ayuda a combatir su ca\u00edda;<\/p>\n<p class=\"p1\" style=\"text-align: left;\"><strong>El extracto de cebolla |<\/strong> rico en propiedades antis\u00e9pticas y antibacterianas estimula el crecimiento sano y protege el color de las fibras;<\/p>\n<p class=\"p1\" style=\"text-align: left;\"><strong>Pantenol |<\/strong> fuerte agente hidratante y rico en propiedades cicatrizantes y antiinflamatorias;<\/p>\n<p class=\"p1\" style=\"text-align: left;\"><strong>El zinc | <\/strong>controla el exceso de grasa combatiendo la descamaci\u00f3n del cuero cabelludo;<\/p>\n<p class=\"p1\" style=\"text-align: left;\"><strong>Arginina Hci | <\/strong>un amino\u00e1cido que estimula el cuero cabelludo y el crecimiento sano del cabello. Repara la fibra capilar. <\/p>\n<p class=\"p1\" style=\"text-align: left;\"><strong>La biotina | <\/strong>conocida como vitamina B7 estimula la producci\u00f3n de queratina en el pelo y estimula el ritmo de crecimiento del fol\u00edculo.<\/p>\n<p style=\"text-align: left;\">(Las declaraciones de los productos se atribuyen en funci\u00f3n de los resultados de eficacia obtenidos con algunas de las potentes materias primas utilizadas en su formulaci\u00f3n).<\/p>\n<p>\n\n                        <\/div>\n                    \n                    \n                                    <\/div>\n            <\/div>\n        <\/div>\n    \n<\/div>\n<div class=\"container \">\n\n    <div class=\"content-default-module text-align-center margin-top-between-modules\n        \n        \n        \n        \n        \n        \n        desktop--only--md\"\n        style=\"margin-bottom: 0px;\"\n    >\n\n                <div class=\"content-default-module-titles\">\n                            <h2 class=\"content-default-module-title uppercase black\">Ingredientes<\/h2>\n            \n                    <\/div>\n        \n                    <div class=\"content-default-module-content\">\n                <\/p>\n<p style=\"text-align: center;\">Agua, lauril sulfato s\u00f3dico, cocamidopropil beta\u00edna, lauril sulfosuccinato dis\u00f3dico,<br \/>\ndiestearato de glicol, cocamida DEA, parfum, cocamida MEA, PEG-90M, lauril-10, \u00e1cido c\u00edtrico, aceite de frutos de Olea europaea,<br \/>\naceite de semillas de Plukenetia volubilis, zumo de hojas de Aloe barbadensis en polvo, glicerina, ceramida NP, alcohol denat..,<br \/>\npoligliceril-10 laurato, prote\u00edna de soja hidrolizada, propanediol, tocoferol, polvo de fruto de Phyllanthus emblica,<br \/>\npantenol, zinc PCA, glucosa, extracto de bulbo de Allium cepa, arginina HCL, citrulina, glucosamina HCL, ornitina<br \/>\nHCL, extracto de ra\u00edz de Panax giseng, piridoxina HCL, niacinamida, biotina, fenoxietanol, caprilil glicol, benzoato s\u00f3dico<br \/>\n, sorbato pot\u00e1sico, metilcloroisotiazolinona y metilisotiazolinona, \u00e1cido benzoico, \u00e1cido s\u00f3rbico<br \/>\n, hexametilindanopirano, vainillina.<\/p>\n<p>\n\n            <\/div>\n        \n        \n        \n\n        \n\n\n    <\/div>\n\n\n            <div class=\"accordion accordion-successive   js-accordion not-found mobile--only--md content-default-module text-align-center margin-top-between-modules back_color\">\n            <div class=\"accordion-container\">\n                <div class=\"accordion-question space-between\">\n                                            <h3 class=\"accordion-question-title uppercase back_color\">\n                            Ingredientes\n                        <\/h3>\n                                        <span class=\"accordion-arrow back_color\">&emsp;<\/span>\n                <\/div>\n                <div class=\"accordion-answer\">\n                    \n                                            <div class=\"content-default-module-content\">\n                            <\/p>\n<p style=\"text-align: center;\">Agua, lauril sulfato s\u00f3dico, cocamidopropil beta\u00edna, lauril sulfosuccinato dis\u00f3dico,<br \/>\ndiestearato de glicol, cocamida DEA, parfum, cocamida MEA, PEG-90M, lauril-10, \u00e1cido c\u00edtrico, aceite de frutos de Olea europaea,<br \/>\naceite de semillas de Plukenetia volubilis, zumo de hojas de Aloe barbadensis en polvo, glicerina, ceramida NP, alcohol denat..,<br \/>\npoligliceril-10 laurato, prote\u00edna de soja hidrolizada, propanediol, tocoferol, polvo de fruto de Phyllanthus emblica,<br \/>\npantenol, zinc PCA, glucosa, extracto de bulbo de Allium cepa, arginina HCL, citrulina, glucosamina HCL, ornitina<br \/>\nHCL, extracto de ra\u00edz de Panax giseng, piridoxina HCL, niacinamida, biotina, fenoxietanol, caprilil glicol, benzoato s\u00f3dico<br \/>\n, sorbato pot\u00e1sico, metilcloroisotiazolinona y metilisotiazolinona, \u00e1cido benzoico, \u00e1cido s\u00f3rbico<br \/>\n, hexametilindanopirano, vainillina.<\/p>\n<p>\n\n                        <\/div>\n                    \n                    \n                                    <\/div>\n            <\/div>\n        <\/div>\n    \n<\/div>\n[\/vc_column][\/vc_row]<\/p>\n<\/div>","protected":false},"excerpt":{"rendered":"<p style=\"text-align: left;\">Un regalo especial inspirado en la antigua India y fabricado en Portugal. El champ\u00fa m\u00e1s vendido para todo tipo de cabellos. Contribuye a la salud general del cabello, desde el cuero cabelludo hasta las puntas: ayuda a fortalecerlo, reconstruirlo y evitar su ca\u00edda. Enriquecido con la celestial fruta india Amla.   <\/p>\n","protected":false},"featured_media":84902,"comment_status":"open","ping_status":"closed","template":"","meta":{"_acf_changed":false},"product_brand":[],"product_cat":[634,633,156],"product_tag":[],"class_list":{"0":"post-81355","1":"product","2":"type-product","3":"status-publish","4":"has-post-thumbnail","6":"product_cat-navidad","7":"product_cat-un-regalo-especial","8":"product_cat-cabelo","10":"first","11":"instock","12":"taxable","13":"shipping-taxable","14":"purchasable","15":"product-type-simple"},"acf":[],"wooqr_code":"","_links":{"self":[{"href":"https:\/\/www.avani.pt\/es\/wp-json\/wp\/v2\/product\/81355","targetHints":{"allow":["GET"]}}],"collection":[{"href":"https:\/\/www.avani.pt\/es\/wp-json\/wp\/v2\/product"}],"about":[{"href":"https:\/\/www.avani.pt\/es\/wp-json\/wp\/v2\/types\/product"}],"replies":[{"embeddable":true,"href":"https:\/\/www.avani.pt\/es\/wp-json\/wp\/v2\/comments?post=81355"}],"wp:featuredmedia":[{"embeddable":true,"href":"https:\/\/www.avani.pt\/es\/wp-json\/wp\/v2\/media\/84902"}],"wp:attachment":[{"href":"https:\/\/www.avani.pt\/es\/wp-json\/wp\/v2\/media?parent=81355"}],"wp:term":[{"taxonomy":"product_brand","embeddable":true,"href":"https:\/\/www.avani.pt\/es\/wp-json\/wp\/v2\/product_brand?post=81355"},{"taxonomy":"product_cat","embeddable":true,"href":"https:\/\/www.avani.pt\/es\/wp-json\/wp\/v2\/product_cat?post=81355"},{"taxonomy":"product_tag","embeddable":true,"href":"https:\/\/www.avani.pt\/es\/wp-json\/wp\/v2\/product_tag?post=81355"}],"curies":[{"name":"wp","href":"https:\/\/api.w.org\/{rel}","templated":true}]}}